{"id":138487,"date":"2026-04-28T11:26:25","date_gmt":"2026-04-28T09:26:25","guid":{"rendered":"https:\/\/webshopdistricoscom.webhosting.be\/product\/ella-chariot-de-pedicure-ref-8429-09\/"},"modified":"2026-04-28T11:26:37","modified_gmt":"2026-04-28T09:26:37","slug":"ella-chariot-de-pedicure-ref-8429-09","status":"publish","type":"product","link":"https:\/\/districos.standingout.be\/fr\/product\/ella-chariot-de-pedicure-ref-8429-09\/","title":{"rendered":"Ella Chariot de P\u00e9dicure"},"content":{"rendered":"<p >\n<p dir=\"ltr\">Chariot de p\u00e9dicure pratique et stable sur roulettes. Dites adieu au manque de place ! Gr\u00e2ce au plateau coulissant pour votre fraiseuse, vous pouvez r\u00e9server tout votre espace de travail pour vos instruments de p\u00e9dicure. En plus, ce chariot de p\u00e9dicure dispose de 2 tiroirs pratiques pour votre mat\u00e9riel de r\u00e9serve.<\/p>\n<ul>\n<li> Dimensions : 51 x 37 x 82 cm (L x l x h)<\/li>\n<li> Couleur : blanc<\/li>\n<\/ul>\n<p><b> Option :&nbsp;<\/b><\/p>\n<p dir=\"ltr\">\n<ul>\n<li>support pour lampe loupe (r\u00e9f. 8360.93) <\/li>\n<\/ul>\n<p><b>ATTENTION !<\/b><span>&nbsp;Cet article est livr\u00e9 par nos propres services apr\u00e8s que nous vous ayons appel\u00e9 pour prendre rendez-vous. Vous devez donc tenir compte que le d\u00e9lai de livraison peut atteindre jusqu\u2019\u00e0 7-10 jours ouvrables, selon la disponibilit\u00e9 et la route de notre chauffeur. Lorsque vous passez une commande, veuillez toujours donner une indication de l\u2019urgence dans la case&nbsp;<\/span><b>remarques<\/b><span>, afin de garantir un traitement rapide de votre commande. Dans le cas o\u00f9 vous n\u2019avez pas re\u00e7u d\u2019appel de notre part, n\u2019h\u00e9sitez pas \u00e0 nous contacter. Pour plus d\u2019informations, nous vous renvoyons vers nos conditions g\u00e9n\u00e9rales.<\/span> <\/p><\/p>\n","protected":false},"excerpt":{"rendered":"<p>Chariot de p\u00e9dicure pratique et stable sur roulettes. Dites adieu au manque de place ! Gr\u00e2ce au plateau coulissant pour votre fraiseuse, vous pouvez r\u00e9server tout votre espace de travail pour vos instruments de p\u00e9dicure. En plus, ce chariot de p\u00e9dicure dispose de 2 tiroirs pratiques pour votre mat\u00e9riel de r\u00e9serve. Dimensions : 51 x [&hellip;]<\/p>\n","protected":false},"featured_media":81527,"comment_status":"open","ping_status":"closed","template":"","meta":{"_acf_changed":false},"product_brand":[10612],"product_cat":[9960,10110,10233,10072],"product_tag":[],"class_list":{"0":"post-138487","1":"product","2":"type-product","3":"status-publish","4":"has-post-thumbnail","6":"product_brand-zenna-fr","7":"product_cat-beaute-pedicure-amenagement-du-cabinet","8":"product_cat-amenagement-amenagement-gueridons","9":"product_cat-amenagement-fauteuils-de-traitement-pedicure","10":"product_cat-soins-des-pieds-podologie-amenagement-du-cabinet-tables-de-travail","12":"first","13":"instock","14":"taxable","15":"shipping-taxable","16":"product-type-simple"},"acf":[],"yoast_head":"<!-- This site is optimized with the Yoast SEO plugin v27.3 - https:\/\/yoast.com\/product\/yoast-seo-wordpress\/ -->\n<title>Ella Chariot de P\u00e9dicure - Districos Webshop<\/title>\n<meta name=\"robots\" content=\"noindex, follow, max-snippet:-1, max-image-preview:large, max-video-preview:-1\" \/>\n<meta property=\"og:locale\" content=\"fr_FR\" \/>\n<meta property=\"og:type\" content=\"article\" \/>\n<meta property=\"og:title\" content=\"Ella Chariot de P\u00e9dicure - Districos Webshop\" \/>\n<meta property=\"og:description\" content=\"Chariot de p\u00e9dicure pratique et stable sur roulettes. Dites adieu au manque de place ! Gr\u00e2ce au plateau coulissant pour votre fraiseuse, vous pouvez r\u00e9server tout votre espace de travail pour vos instruments de p\u00e9dicure. En plus, ce chariot de p\u00e9dicure dispose de 2 tiroirs pratiques pour votre mat\u00e9riel de r\u00e9serve. Dimensions : 51 x [&hellip;]\" \/>\n<meta property=\"og:url\" content=\"https:\/\/districos.standingout.be\/fr\/product\/ella-chariot-de-pedicure-ref-8429-09\/\" \/>\n<meta property=\"og:site_name\" content=\"Districos Webshop\" \/>\n<meta property=\"article:modified_time\" content=\"2026-04-28T09:26:37+00:00\" \/>\n<meta name=\"twitter:card\" content=\"summary_large_image\" \/>\n<meta name=\"twitter:label1\" content=\"Dur\u00e9e de lecture estim\u00e9e\" \/>\n\t<meta name=\"twitter:data1\" content=\"1 minute\" \/>\n<script type=\"application\/ld+json\" class=\"yoast-schema-graph\">{\"@context\":\"https:\\\/\\\/schema.org\",\"@graph\":[{\"@type\":\"WebPage\",\"@id\":\"https:\\\/\\\/districos.standingout.be\\\/fr\\\/product\\\/ella-chariot-de-pedicure-ref-8429-09\\\/\",\"url\":\"https:\\\/\\\/districos.standingout.be\\\/fr\\\/product\\\/ella-chariot-de-pedicure-ref-8429-09\\\/\",\"name\":\"Ella Chariot de P\u00e9dicure - Districos Webshop\",\"isPartOf\":{\"@id\":\"https:\\\/\\\/districos.standingout.be\\\/fr\\\/#website\"},\"primaryImageOfPage\":{\"@id\":\"https:\\\/\\\/districos.standingout.be\\\/fr\\\/product\\\/ella-chariot-de-pedicure-ref-8429-09\\\/#primaryimage\"},\"image\":{\"@id\":\"https:\\\/\\\/districos.standingout.be\\\/fr\\\/product\\\/ella-chariot-de-pedicure-ref-8429-09\\\/#primaryimage\"},\"thumbnailUrl\":\"https:\\\/\\\/districos.standingout.be\\\/wp-content\\\/uploads\\\/2025\\\/07\\\/8429.09@LowRes_1.png\",\"datePublished\":\"2026-04-28T09:26:25+00:00\",\"dateModified\":\"2026-04-28T09:26:37+00:00\",\"breadcrumb\":{\"@id\":\"https:\\\/\\\/districos.standingout.be\\\/fr\\\/product\\\/ella-chariot-de-pedicure-ref-8429-09\\\/#breadcrumb\"},\"inLanguage\":\"fr-FR\",\"potentialAction\":[{\"@type\":\"ReadAction\",\"target\":[\"https:\\\/\\\/districos.standingout.be\\\/fr\\\/product\\\/ella-chariot-de-pedicure-ref-8429-09\\\/\"]}]},{\"@type\":\"ImageObject\",\"inLanguage\":\"fr-FR\",\"@id\":\"https:\\\/\\\/districos.standingout.be\\\/fr\\\/product\\\/ella-chariot-de-pedicure-ref-8429-09\\\/#primaryimage\",\"url\":\"https:\\\/\\\/districos.standingout.be\\\/wp-content\\\/uploads\\\/2025\\\/07\\\/8429.09@LowRes_1.png\",\"contentUrl\":\"https:\\\/\\\/districos.standingout.be\\\/wp-content\\\/uploads\\\/2025\\\/07\\\/8429.09@LowRes_1.png\",\"width\":600,\"height\":600},{\"@type\":\"BreadcrumbList\",\"@id\":\"https:\\\/\\\/districos.standingout.be\\\/fr\\\/product\\\/ella-chariot-de-pedicure-ref-8429-09\\\/#breadcrumb\",\"itemListElement\":[{\"@type\":\"ListItem\",\"position\":1,\"name\":\"Home\",\"item\":\"https:\\\/\\\/districos.standingout.be\\\/fr\\\/bienvenue-chez-districos\\\/\"},{\"@type\":\"ListItem\",\"position\":2,\"name\":\"Boutique\",\"item\":\"https:\\\/\\\/districos.standingout.be\\\/fr\\\/boutique\\\/\"},{\"@type\":\"ListItem\",\"position\":3,\"name\":\"Ella Chariot de P\u00e9dicure\"}]},{\"@type\":\"WebSite\",\"@id\":\"https:\\\/\\\/districos.standingout.be\\\/fr\\\/#website\",\"url\":\"https:\\\/\\\/districos.standingout.be\\\/fr\\\/\",\"name\":\"Districos Webshop\",\"description\":\"\",\"publisher\":{\"@id\":\"https:\\\/\\\/districos.standingout.be\\\/fr\\\/#organization\"},\"potentialAction\":[{\"@type\":\"SearchAction\",\"target\":{\"@type\":\"EntryPoint\",\"urlTemplate\":\"https:\\\/\\\/districos.standingout.be\\\/fr\\\/?s={search_term_string}\"},\"query-input\":{\"@type\":\"PropertyValueSpecification\",\"valueRequired\":true,\"valueName\":\"search_term_string\"}}],\"inLanguage\":\"fr-FR\"},{\"@type\":\"Organization\",\"@id\":\"https:\\\/\\\/districos.standingout.be\\\/fr\\\/#organization\",\"name\":\"Districos Webshop\",\"url\":\"https:\\\/\\\/districos.standingout.be\\\/fr\\\/\",\"logo\":{\"@type\":\"ImageObject\",\"inLanguage\":\"fr-FR\",\"@id\":\"https:\\\/\\\/districos.standingout.be\\\/fr\\\/#\\\/schema\\\/logo\\\/image\\\/\",\"url\":\"https:\\\/\\\/districos.standingout.be\\\/wp-content\\\/uploads\\\/2022\\\/09\\\/Districos_Logo_Webshop.svg\",\"contentUrl\":\"https:\\\/\\\/districos.standingout.be\\\/wp-content\\\/uploads\\\/2022\\\/09\\\/Districos_Logo_Webshop.svg\",\"caption\":\"Districos Webshop\"},\"image\":{\"@id\":\"https:\\\/\\\/districos.standingout.be\\\/fr\\\/#\\\/schema\\\/logo\\\/image\\\/\"}}]}<\/script>\n<!-- \/ Yoast SEO plugin. -->","yoast_head_json":{"title":"Ella Chariot de P\u00e9dicure - Districos Webshop","robots":{"index":"noindex","follow":"follow","max-snippet":"max-snippet:-1","max-image-preview":"max-image-preview:large","max-video-preview":"max-video-preview:-1"},"og_locale":"fr_FR","og_type":"article","og_title":"Ella Chariot de P\u00e9dicure - Districos Webshop","og_description":"Chariot de p\u00e9dicure pratique et stable sur roulettes. Dites adieu au manque de place ! Gr\u00e2ce au plateau coulissant pour votre fraiseuse, vous pouvez r\u00e9server tout votre espace de travail pour vos instruments de p\u00e9dicure. En plus, ce chariot de p\u00e9dicure dispose de 2 tiroirs pratiques pour votre mat\u00e9riel de r\u00e9serve. Dimensions : 51 x [&hellip;]","og_url":"https:\/\/districos.standingout.be\/fr\/product\/ella-chariot-de-pedicure-ref-8429-09\/","og_site_name":"Districos Webshop","article_modified_time":"2026-04-28T09:26:37+00:00","twitter_card":"summary_large_image","twitter_misc":{"Dur\u00e9e de lecture estim\u00e9e":"1 minute"},"schema":{"@context":"https:\/\/schema.org","@graph":[{"@type":"WebPage","@id":"https:\/\/districos.standingout.be\/fr\/product\/ella-chariot-de-pedicure-ref-8429-09\/","url":"https:\/\/districos.standingout.be\/fr\/product\/ella-chariot-de-pedicure-ref-8429-09\/","name":"Ella Chariot de P\u00e9dicure - Districos Webshop","isPartOf":{"@id":"https:\/\/districos.standingout.be\/fr\/#website"},"primaryImageOfPage":{"@id":"https:\/\/districos.standingout.be\/fr\/product\/ella-chariot-de-pedicure-ref-8429-09\/#primaryimage"},"image":{"@id":"https:\/\/districos.standingout.be\/fr\/product\/ella-chariot-de-pedicure-ref-8429-09\/#primaryimage"},"thumbnailUrl":"https:\/\/districos.standingout.be\/wp-content\/uploads\/2025\/07\/8429.09@LowRes_1.png","datePublished":"2026-04-28T09:26:25+00:00","dateModified":"2026-04-28T09:26:37+00:00","breadcrumb":{"@id":"https:\/\/districos.standingout.be\/fr\/product\/ella-chariot-de-pedicure-ref-8429-09\/#breadcrumb"},"inLanguage":"fr-FR","potentialAction":[{"@type":"ReadAction","target":["https:\/\/districos.standingout.be\/fr\/product\/ella-chariot-de-pedicure-ref-8429-09\/"]}]},{"@type":"ImageObject","inLanguage":"fr-FR","@id":"https:\/\/districos.standingout.be\/fr\/product\/ella-chariot-de-pedicure-ref-8429-09\/#primaryimage","url":"https:\/\/districos.standingout.be\/wp-content\/uploads\/2025\/07\/8429.09@LowRes_1.png","contentUrl":"https:\/\/districos.standingout.be\/wp-content\/uploads\/2025\/07\/8429.09@LowRes_1.png","width":600,"height":600},{"@type":"BreadcrumbList","@id":"https:\/\/districos.standingout.be\/fr\/product\/ella-chariot-de-pedicure-ref-8429-09\/#breadcrumb","itemListElement":[{"@type":"ListItem","position":1,"name":"Home","item":"https:\/\/districos.standingout.be\/fr\/bienvenue-chez-districos\/"},{"@type":"ListItem","position":2,"name":"Boutique","item":"https:\/\/districos.standingout.be\/fr\/boutique\/"},{"@type":"ListItem","position":3,"name":"Ella Chariot de P\u00e9dicure"}]},{"@type":"WebSite","@id":"https:\/\/districos.standingout.be\/fr\/#website","url":"https:\/\/districos.standingout.be\/fr\/","name":"Districos Webshop","description":"","publisher":{"@id":"https:\/\/districos.standingout.be\/fr\/#organization"},"potentialAction":[{"@type":"SearchAction","target":{"@type":"EntryPoint","urlTemplate":"https:\/\/districos.standingout.be\/fr\/?s={search_term_string}"},"query-input":{"@type":"PropertyValueSpecification","valueRequired":true,"valueName":"search_term_string"}}],"inLanguage":"fr-FR"},{"@type":"Organization","@id":"https:\/\/districos.standingout.be\/fr\/#organization","name":"Districos Webshop","url":"https:\/\/districos.standingout.be\/fr\/","logo":{"@type":"ImageObject","inLanguage":"fr-FR","@id":"https:\/\/districos.standingout.be\/fr\/#\/schema\/logo\/image\/","url":"https:\/\/districos.standingout.be\/wp-content\/uploads\/2022\/09\/Districos_Logo_Webshop.svg","contentUrl":"https:\/\/districos.standingout.be\/wp-content\/uploads\/2022\/09\/Districos_Logo_Webshop.svg","caption":"Districos Webshop"},"image":{"@id":"https:\/\/districos.standingout.be\/fr\/#\/schema\/logo\/image\/"}}]}},"_links":{"self":[{"href":"https:\/\/districos.standingout.be\/fr\/wp-json\/wp\/v2\/product\/138487","targetHints":{"allow":["GET"]}}],"collection":[{"href":"https:\/\/districos.standingout.be\/fr\/wp-json\/wp\/v2\/product"}],"about":[{"href":"https:\/\/districos.standingout.be\/fr\/wp-json\/wp\/v2\/types\/product"}],"replies":[{"embeddable":true,"href":"https:\/\/districos.standingout.be\/fr\/wp-json\/wp\/v2\/comments?post=138487"}],"wp:featuredmedia":[{"embeddable":true,"href":"https:\/\/districos.standingout.be\/fr\/wp-json\/wp\/v2\/media\/81527"}],"wp:attachment":[{"href":"https:\/\/districos.standingout.be\/fr\/wp-json\/wp\/v2\/media?parent=138487"}],"wp:term":[{"taxonomy":"product_brand","embeddable":true,"href":"https:\/\/districos.standingout.be\/fr\/wp-json\/wp\/v2\/product_brand?post=138487"},{"taxonomy":"product_cat","embeddable":true,"href":"https:\/\/districos.standingout.be\/fr\/wp-json\/wp\/v2\/product_cat?post=138487"},{"taxonomy":"product_tag","embeddable":true,"href":"https:\/\/districos.standingout.be\/fr\/wp-json\/wp\/v2\/product_tag?post=138487"}],"curies":[{"name":"wp","href":"https:\/\/api.w.org\/{rel}","templated":true}]}}