{"id":138489,"date":"2026-04-28T11:26:37","date_gmt":"2026-04-28T09:26:37","guid":{"rendered":"https:\/\/webshopdistricoscom.webhosting.be\/product\/mila-chariot-de-pedicure-ref-8429-10\/"},"modified":"2026-04-28T11:26:46","modified_gmt":"2026-04-28T09:26:46","slug":"mila-chariot-de-pedicure-ref-8429-10","status":"publish","type":"product","link":"https:\/\/districos.standingout.be\/fr\/product\/mila-chariot-de-pedicure-ref-8429-10\/","title":{"rendered":"Mila Chariot de P\u00e9dicure"},"content":{"rendered":"<p >\n<\/p>\n<\/p>\n<\/p>\n<p><span lang=\"FR\">Chariot de p\u00e9dicure pratique et stable sur roulettes, avec lampe UV pour le rangement hygi\u00e9nique des pinces et accessoires. Gr\u00e2ce au plateau coulissant pour votre fraiseuse, vous pouvez r\u00e9server tout votre espace de travail pour vos instruments de p\u00e9dicure. En plus, ce chariot de p\u00e9dicure dispose de 3 tiroirs pratiques pour tous vos accessoires.<o:p><\/o:p><\/span><\/p>\n<\/p>\n<ul>\n<li><span lang=\"FR\">Le premi\u00e8re tiroir contient une lampe UV qui s\u2019allume lorsque le tiroir est ferm\u00e9. Dans ce tiroir, vous pouvez ranger vos instruments d\u00e9sinfect\u00e9s pour emp\u00eacher davantage la croissance des micro-organismes. Lorsque le tiroir est ouvert, la lampe s\u2019\u00e9teint.<\/span><\/li>\n<li><span lang=\"FR\">Avec fixation pour lampe loupe (peut \u00eatre mont\u00e9e \u00e0 l\u2019arri\u00e8re \u00e0 gauche ou \u00e0 droite).<\/span><\/li>\n<li><span lang=\"FR\">Avec 2 prises \u00e9lectriques suppl\u00e9mentaires \u00e0 l\u2019arri\u00e8re pour d\u2019autres appareils.<\/span><\/li>\n<li><span lang=\"FR\">Avec 2 prises USB \u00e0 l\u2019arri\u00e8re.<\/span><\/li>\n<li><span lang=\"FR\">Couleur&nbsp;: blanc.<\/span><\/li>\n<li><span lang=\"FR\">Mati\u00e8re&nbsp;: panneau contreplaqu\u00e9 (bois).<\/span><\/li>\n<li><span lang=\"FR\">Dimensions&nbsp;: 45 x 46 x 80 cm (L x l x h).<\/span><\/li>\n<\/ul>\n<div><font face=\"Verdana, sans-serif\"><br \/><\/font><\/div>\n<\/p>\n<p dir=\"ltr\"> <b>ATTENTION !<\/b><span>&nbsp;Cet article est livr\u00e9 par nos propres services apr\u00e8s que nous vous ayons appel\u00e9 pour prendre rendez-vous. Vous devez donc tenir compte que le d\u00e9lai de livraison peut atteindre jusqu\u2019\u00e0 7-10 jours ouvrables, selon la disponibilit\u00e9 et la route de notre chauffeur. Lorsque vous passez une commande, veuillez toujours donner une indication de l\u2019urgence dans la case&nbsp;<\/span><b>remarques<\/b><span>, afin de garantir un traitement rapide de votre commande. Dans le cas o\u00f9 vous n\u2019avez pas re\u00e7u d\u2019appel de notre part, n\u2019h\u00e9sitez pas \u00e0 nous contacter. Pour plus d\u2019informations, nous vous renvoyons vers nos conditions g\u00e9n\u00e9rales.<\/span> <\/p><\/p>\n","protected":false},"excerpt":{"rendered":"<p>Chariot de p\u00e9dicure pratique et stable sur roulettes, avec lampe UV pour le rangement hygi\u00e9nique des pinces et accessoires. Gr\u00e2ce au plateau coulissant pour votre fraiseuse, vous pouvez r\u00e9server tout votre espace de travail pour vos instruments de p\u00e9dicure. En plus, ce chariot de p\u00e9dicure dispose de 3 tiroirs pratiques pour tous vos accessoires. Le [&hellip;]<\/p>\n","protected":false},"featured_media":147986,"comment_status":"open","ping_status":"closed","template":"","meta":{"_acf_changed":false},"product_brand":[10612],"product_cat":[9960,10110,10233,10072],"product_tag":[],"class_list":{"0":"post-138489","1":"product","2":"type-product","3":"status-publish","4":"has-post-thumbnail","6":"product_brand-zenna-fr","7":"product_cat-beaute-pedicure-amenagement-du-cabinet","8":"product_cat-amenagement-amenagement-gueridons","9":"product_cat-amenagement-fauteuils-de-traitement-pedicure","10":"product_cat-soins-des-pieds-podologie-amenagement-du-cabinet-tables-de-travail","12":"first","13":"instock","14":"taxable","15":"shipping-taxable","16":"product-type-simple"},"acf":[],"yoast_head":"<!-- This site is optimized with the Yoast SEO plugin v27.3 - https:\/\/yoast.com\/product\/yoast-seo-wordpress\/ -->\n<title>Mila Chariot de P\u00e9dicure - Districos Webshop<\/title>\n<meta name=\"robots\" content=\"noindex, follow, max-snippet:-1, max-image-preview:large, max-video-preview:-1\" \/>\n<meta property=\"og:locale\" content=\"fr_FR\" \/>\n<meta property=\"og:type\" content=\"article\" \/>\n<meta property=\"og:title\" content=\"Mila Chariot de P\u00e9dicure - Districos Webshop\" \/>\n<meta property=\"og:description\" content=\"Chariot de p\u00e9dicure pratique et stable sur roulettes, avec lampe UV pour le rangement hygi\u00e9nique des pinces et accessoires. Gr\u00e2ce au plateau coulissant pour votre fraiseuse, vous pouvez r\u00e9server tout votre espace de travail pour vos instruments de p\u00e9dicure. En plus, ce chariot de p\u00e9dicure dispose de 3 tiroirs pratiques pour tous vos accessoires. Le [&hellip;]\" \/>\n<meta property=\"og:url\" content=\"https:\/\/districos.standingout.be\/fr\/product\/mila-chariot-de-pedicure-ref-8429-10\/\" \/>\n<meta property=\"og:site_name\" content=\"Districos Webshop\" \/>\n<meta property=\"article:modified_time\" content=\"2026-04-28T09:26:46+00:00\" \/>\n<meta name=\"twitter:card\" content=\"summary_large_image\" \/>\n<meta name=\"twitter:label1\" content=\"Dur\u00e9e de lecture estim\u00e9e\" \/>\n\t<meta name=\"twitter:data1\" content=\"1 minute\" \/>\n<script type=\"application\/ld+json\" class=\"yoast-schema-graph\">{\"@context\":\"https:\\\/\\\/schema.org\",\"@graph\":[{\"@type\":\"WebPage\",\"@id\":\"https:\\\/\\\/districos.standingout.be\\\/fr\\\/product\\\/mila-chariot-de-pedicure-ref-8429-10\\\/\",\"url\":\"https:\\\/\\\/districos.standingout.be\\\/fr\\\/product\\\/mila-chariot-de-pedicure-ref-8429-10\\\/\",\"name\":\"Mila Chariot de P\u00e9dicure - Districos Webshop\",\"isPartOf\":{\"@id\":\"https:\\\/\\\/districos.standingout.be\\\/fr\\\/#website\"},\"primaryImageOfPage\":{\"@id\":\"https:\\\/\\\/districos.standingout.be\\\/fr\\\/product\\\/mila-chariot-de-pedicure-ref-8429-10\\\/#primaryimage\"},\"image\":{\"@id\":\"https:\\\/\\\/districos.standingout.be\\\/fr\\\/product\\\/mila-chariot-de-pedicure-ref-8429-10\\\/#primaryimage\"},\"thumbnailUrl\":\"https:\\\/\\\/districos.standingout.be\\\/wp-content\\\/uploads\\\/2026\\\/04\\\/8429.10@Mila-Pedicurekar_1-1.png\",\"datePublished\":\"2026-04-28T09:26:37+00:00\",\"dateModified\":\"2026-04-28T09:26:46+00:00\",\"breadcrumb\":{\"@id\":\"https:\\\/\\\/districos.standingout.be\\\/fr\\\/product\\\/mila-chariot-de-pedicure-ref-8429-10\\\/#breadcrumb\"},\"inLanguage\":\"fr-FR\",\"potentialAction\":[{\"@type\":\"ReadAction\",\"target\":[\"https:\\\/\\\/districos.standingout.be\\\/fr\\\/product\\\/mila-chariot-de-pedicure-ref-8429-10\\\/\"]}]},{\"@type\":\"ImageObject\",\"inLanguage\":\"fr-FR\",\"@id\":\"https:\\\/\\\/districos.standingout.be\\\/fr\\\/product\\\/mila-chariot-de-pedicure-ref-8429-10\\\/#primaryimage\",\"url\":\"https:\\\/\\\/districos.standingout.be\\\/wp-content\\\/uploads\\\/2026\\\/04\\\/8429.10@Mila-Pedicurekar_1-1.png\",\"contentUrl\":\"https:\\\/\\\/districos.standingout.be\\\/wp-content\\\/uploads\\\/2026\\\/04\\\/8429.10@Mila-Pedicurekar_1-1.png\",\"width\":600,\"height\":600},{\"@type\":\"BreadcrumbList\",\"@id\":\"https:\\\/\\\/districos.standingout.be\\\/fr\\\/product\\\/mila-chariot-de-pedicure-ref-8429-10\\\/#breadcrumb\",\"itemListElement\":[{\"@type\":\"ListItem\",\"position\":1,\"name\":\"Home\",\"item\":\"https:\\\/\\\/districos.standingout.be\\\/fr\\\/bienvenue-chez-districos\\\/\"},{\"@type\":\"ListItem\",\"position\":2,\"name\":\"Boutique\",\"item\":\"https:\\\/\\\/districos.standingout.be\\\/fr\\\/boutique\\\/\"},{\"@type\":\"ListItem\",\"position\":3,\"name\":\"Mila Chariot de P\u00e9dicure\"}]},{\"@type\":\"WebSite\",\"@id\":\"https:\\\/\\\/districos.standingout.be\\\/fr\\\/#website\",\"url\":\"https:\\\/\\\/districos.standingout.be\\\/fr\\\/\",\"name\":\"Districos Webshop\",\"description\":\"\",\"publisher\":{\"@id\":\"https:\\\/\\\/districos.standingout.be\\\/fr\\\/#organization\"},\"potentialAction\":[{\"@type\":\"SearchAction\",\"target\":{\"@type\":\"EntryPoint\",\"urlTemplate\":\"https:\\\/\\\/districos.standingout.be\\\/fr\\\/?s={search_term_string}\"},\"query-input\":{\"@type\":\"PropertyValueSpecification\",\"valueRequired\":true,\"valueName\":\"search_term_string\"}}],\"inLanguage\":\"fr-FR\"},{\"@type\":\"Organization\",\"@id\":\"https:\\\/\\\/districos.standingout.be\\\/fr\\\/#organization\",\"name\":\"Districos Webshop\",\"url\":\"https:\\\/\\\/districos.standingout.be\\\/fr\\\/\",\"logo\":{\"@type\":\"ImageObject\",\"inLanguage\":\"fr-FR\",\"@id\":\"https:\\\/\\\/districos.standingout.be\\\/fr\\\/#\\\/schema\\\/logo\\\/image\\\/\",\"url\":\"https:\\\/\\\/districos.standingout.be\\\/wp-content\\\/uploads\\\/2022\\\/09\\\/Districos_Logo_Webshop.svg\",\"contentUrl\":\"https:\\\/\\\/districos.standingout.be\\\/wp-content\\\/uploads\\\/2022\\\/09\\\/Districos_Logo_Webshop.svg\",\"caption\":\"Districos Webshop\"},\"image\":{\"@id\":\"https:\\\/\\\/districos.standingout.be\\\/fr\\\/#\\\/schema\\\/logo\\\/image\\\/\"}}]}<\/script>\n<!-- \/ Yoast SEO plugin. -->","yoast_head_json":{"title":"Mila Chariot de P\u00e9dicure - Districos Webshop","robots":{"index":"noindex","follow":"follow","max-snippet":"max-snippet:-1","max-image-preview":"max-image-preview:large","max-video-preview":"max-video-preview:-1"},"og_locale":"fr_FR","og_type":"article","og_title":"Mila Chariot de P\u00e9dicure - Districos Webshop","og_description":"Chariot de p\u00e9dicure pratique et stable sur roulettes, avec lampe UV pour le rangement hygi\u00e9nique des pinces et accessoires. Gr\u00e2ce au plateau coulissant pour votre fraiseuse, vous pouvez r\u00e9server tout votre espace de travail pour vos instruments de p\u00e9dicure. En plus, ce chariot de p\u00e9dicure dispose de 3 tiroirs pratiques pour tous vos accessoires. Le [&hellip;]","og_url":"https:\/\/districos.standingout.be\/fr\/product\/mila-chariot-de-pedicure-ref-8429-10\/","og_site_name":"Districos Webshop","article_modified_time":"2026-04-28T09:26:46+00:00","twitter_card":"summary_large_image","twitter_misc":{"Dur\u00e9e de lecture estim\u00e9e":"1 minute"},"schema":{"@context":"https:\/\/schema.org","@graph":[{"@type":"WebPage","@id":"https:\/\/districos.standingout.be\/fr\/product\/mila-chariot-de-pedicure-ref-8429-10\/","url":"https:\/\/districos.standingout.be\/fr\/product\/mila-chariot-de-pedicure-ref-8429-10\/","name":"Mila Chariot de P\u00e9dicure - Districos Webshop","isPartOf":{"@id":"https:\/\/districos.standingout.be\/fr\/#website"},"primaryImageOfPage":{"@id":"https:\/\/districos.standingout.be\/fr\/product\/mila-chariot-de-pedicure-ref-8429-10\/#primaryimage"},"image":{"@id":"https:\/\/districos.standingout.be\/fr\/product\/mila-chariot-de-pedicure-ref-8429-10\/#primaryimage"},"thumbnailUrl":"https:\/\/districos.standingout.be\/wp-content\/uploads\/2026\/04\/8429.10@Mila-Pedicurekar_1-1.png","datePublished":"2026-04-28T09:26:37+00:00","dateModified":"2026-04-28T09:26:46+00:00","breadcrumb":{"@id":"https:\/\/districos.standingout.be\/fr\/product\/mila-chariot-de-pedicure-ref-8429-10\/#breadcrumb"},"inLanguage":"fr-FR","potentialAction":[{"@type":"ReadAction","target":["https:\/\/districos.standingout.be\/fr\/product\/mila-chariot-de-pedicure-ref-8429-10\/"]}]},{"@type":"ImageObject","inLanguage":"fr-FR","@id":"https:\/\/districos.standingout.be\/fr\/product\/mila-chariot-de-pedicure-ref-8429-10\/#primaryimage","url":"https:\/\/districos.standingout.be\/wp-content\/uploads\/2026\/04\/8429.10@Mila-Pedicurekar_1-1.png","contentUrl":"https:\/\/districos.standingout.be\/wp-content\/uploads\/2026\/04\/8429.10@Mila-Pedicurekar_1-1.png","width":600,"height":600},{"@type":"BreadcrumbList","@id":"https:\/\/districos.standingout.be\/fr\/product\/mila-chariot-de-pedicure-ref-8429-10\/#breadcrumb","itemListElement":[{"@type":"ListItem","position":1,"name":"Home","item":"https:\/\/districos.standingout.be\/fr\/bienvenue-chez-districos\/"},{"@type":"ListItem","position":2,"name":"Boutique","item":"https:\/\/districos.standingout.be\/fr\/boutique\/"},{"@type":"ListItem","position":3,"name":"Mila Chariot de P\u00e9dicure"}]},{"@type":"WebSite","@id":"https:\/\/districos.standingout.be\/fr\/#website","url":"https:\/\/districos.standingout.be\/fr\/","name":"Districos Webshop","description":"","publisher":{"@id":"https:\/\/districos.standingout.be\/fr\/#organization"},"potentialAction":[{"@type":"SearchAction","target":{"@type":"EntryPoint","urlTemplate":"https:\/\/districos.standingout.be\/fr\/?s={search_term_string}"},"query-input":{"@type":"PropertyValueSpecification","valueRequired":true,"valueName":"search_term_string"}}],"inLanguage":"fr-FR"},{"@type":"Organization","@id":"https:\/\/districos.standingout.be\/fr\/#organization","name":"Districos Webshop","url":"https:\/\/districos.standingout.be\/fr\/","logo":{"@type":"ImageObject","inLanguage":"fr-FR","@id":"https:\/\/districos.standingout.be\/fr\/#\/schema\/logo\/image\/","url":"https:\/\/districos.standingout.be\/wp-content\/uploads\/2022\/09\/Districos_Logo_Webshop.svg","contentUrl":"https:\/\/districos.standingout.be\/wp-content\/uploads\/2022\/09\/Districos_Logo_Webshop.svg","caption":"Districos Webshop"},"image":{"@id":"https:\/\/districos.standingout.be\/fr\/#\/schema\/logo\/image\/"}}]}},"_links":{"self":[{"href":"https:\/\/districos.standingout.be\/fr\/wp-json\/wp\/v2\/product\/138489","targetHints":{"allow":["GET"]}}],"collection":[{"href":"https:\/\/districos.standingout.be\/fr\/wp-json\/wp\/v2\/product"}],"about":[{"href":"https:\/\/districos.standingout.be\/fr\/wp-json\/wp\/v2\/types\/product"}],"replies":[{"embeddable":true,"href":"https:\/\/districos.standingout.be\/fr\/wp-json\/wp\/v2\/comments?post=138489"}],"wp:featuredmedia":[{"embeddable":true,"href":"https:\/\/districos.standingout.be\/fr\/wp-json\/wp\/v2\/media\/147986"}],"wp:attachment":[{"href":"https:\/\/districos.standingout.be\/fr\/wp-json\/wp\/v2\/media?parent=138489"}],"wp:term":[{"taxonomy":"product_brand","embeddable":true,"href":"https:\/\/districos.standingout.be\/fr\/wp-json\/wp\/v2\/product_brand?post=138489"},{"taxonomy":"product_cat","embeddable":true,"href":"https:\/\/districos.standingout.be\/fr\/wp-json\/wp\/v2\/product_cat?post=138489"},{"taxonomy":"product_tag","embeddable":true,"href":"https:\/\/districos.standingout.be\/fr\/wp-json\/wp\/v2\/product_tag?post=138489"}],"curies":[{"name":"wp","href":"https:\/\/api.w.org\/{rel}","templated":true}]}}