{"id":138491,"date":"2026-04-28T11:26:47","date_gmt":"2026-04-28T09:26:47","guid":{"rendered":"https:\/\/webshopdistricoscom.webhosting.be\/product\/basic-wm-table-manucure-bois-blanc-ref-8430-03\/"},"modified":"2026-04-28T11:26:51","modified_gmt":"2026-04-28T09:26:51","slug":"basic-wm-table-manucure-bois-blanc-ref-8430-03","status":"publish","type":"product","link":"https:\/\/districos.standingout.be\/fr\/product\/basic-wm-table-manucure-bois-blanc-ref-8430-03\/","title":{"rendered":"Basic WM Table Manucure Bois Blanc"},"content":{"rendered":"<p >\n<\/p>\n<\/p>\n<\/p>\n<\/p>\n<p dir=\"ltr\">Meubles europ\u00e9ens avec finition de haute qualit\u00e9 !<\/p>\n<ul>\n<li>Fabriqu\u00e9 en panneaux contreplaqu\u00e9s tr\u00e8s solides !<\/li>\n<li>Pourvue de 4 grands tiroirs pratiques<\/li>\n<li>Facile \u00e0 d\u00e9placer gr\u00e2ce aux roulettes<\/li>\n<li>Livr\u00e9e sans aspiration<\/li>\n<li>Livr\u00e9e avec lampe Neon Style (r\u00e9f. 8430.162), coussin de manucure (r\u00e9f. 8430.21) et pr\u00e9sentoir pour vernis \u00e0 ongles (r\u00e9f. 8430.22)<\/li>\n<li>Couleur : blanc-gris<\/li>\n<li>Dimensions : 98 x 48 x 74 cm (L x l x h)<\/li>\n<\/ul>\n<div><b>Mat\u00e9riau :<\/b><\/div>\n<ul>\n<li>Panneaux agglom\u00e9r\u00e9s lamin\u00e9s<\/li>\n<li>Roulettes autobloquantes : plastiques<\/li>\n<\/ul>\n<div><b>\u00c9galement disponible :<\/b><\/div>\n<ul>\n<li>Basic WM Table Manucure Bois Blanc avec Aspiration Superturbo (r\u00e9f. 8430.032)<\/li>\n<\/ul>\n<p> <\/p><\/p>\n","protected":false},"excerpt":{"rendered":"<p>Meubles europ\u00e9ens avec finition de haute qualit\u00e9 ! Fabriqu\u00e9 en panneaux contreplaqu\u00e9s tr\u00e8s solides ! Pourvue de 4 grands tiroirs pratiques Facile \u00e0 d\u00e9placer gr\u00e2ce aux roulettes Livr\u00e9e sans aspiration Livr\u00e9e avec lampe Neon Style (r\u00e9f. 8430.162), coussin de manucure (r\u00e9f. 8430.21) et pr\u00e9sentoir pour vernis \u00e0 ongles (r\u00e9f. 8430.22) Couleur : blanc-gris Dimensions : [&hellip;]<\/p>\n","protected":false},"featured_media":81548,"comment_status":"open","ping_status":"closed","template":"","meta":{"_acf_changed":false},"product_brand":[10380],"product_cat":[10114],"product_tag":[],"class_list":{"0":"post-138491","1":"product","2":"type-product","3":"status-publish","4":"has-post-thumbnail","6":"product_brand-districos-fr","7":"product_cat-amenagement-amenagement-tables-de-manucure","9":"first","10":"instock","11":"taxable","12":"shipping-taxable","13":"product-type-simple"},"acf":[],"yoast_head":"<!-- This site is optimized with the Yoast SEO plugin v27.3 - https:\/\/yoast.com\/product\/yoast-seo-wordpress\/ -->\n<title>Basic WM Table Manucure Bois Blanc - Districos Webshop<\/title>\n<meta name=\"robots\" content=\"noindex, follow, max-snippet:-1, max-image-preview:large, max-video-preview:-1\" \/>\n<meta property=\"og:locale\" content=\"fr_FR\" \/>\n<meta property=\"og:type\" content=\"article\" \/>\n<meta property=\"og:title\" content=\"Basic WM Table Manucure Bois Blanc - Districos Webshop\" \/>\n<meta property=\"og:description\" content=\"Meubles europ\u00e9ens avec finition de haute qualit\u00e9 ! Fabriqu\u00e9 en panneaux contreplaqu\u00e9s tr\u00e8s solides ! Pourvue de 4 grands tiroirs pratiques Facile \u00e0 d\u00e9placer gr\u00e2ce aux roulettes Livr\u00e9e sans aspiration Livr\u00e9e avec lampe Neon Style (r\u00e9f. 8430.162), coussin de manucure (r\u00e9f. 8430.21) et pr\u00e9sentoir pour vernis \u00e0 ongles (r\u00e9f. 8430.22) Couleur : blanc-gris Dimensions : [&hellip;]\" \/>\n<meta property=\"og:url\" content=\"https:\/\/districos.standingout.be\/fr\/product\/basic-wm-table-manucure-bois-blanc-ref-8430-03\/\" \/>\n<meta property=\"og:site_name\" content=\"Districos Webshop\" \/>\n<meta property=\"article:modified_time\" content=\"2026-04-28T09:26:51+00:00\" \/>\n<meta name=\"twitter:card\" content=\"summary_large_image\" \/>\n<script type=\"application\/ld+json\" class=\"yoast-schema-graph\">{\"@context\":\"https:\\\/\\\/schema.org\",\"@graph\":[{\"@type\":\"WebPage\",\"@id\":\"https:\\\/\\\/districos.standingout.be\\\/fr\\\/product\\\/basic-wm-table-manucure-bois-blanc-ref-8430-03\\\/\",\"url\":\"https:\\\/\\\/districos.standingout.be\\\/fr\\\/product\\\/basic-wm-table-manucure-bois-blanc-ref-8430-03\\\/\",\"name\":\"Basic WM Table Manucure Bois Blanc - Districos Webshop\",\"isPartOf\":{\"@id\":\"https:\\\/\\\/districos.standingout.be\\\/fr\\\/#website\"},\"primaryImageOfPage\":{\"@id\":\"https:\\\/\\\/districos.standingout.be\\\/fr\\\/product\\\/basic-wm-table-manucure-bois-blanc-ref-8430-03\\\/#primaryimage\"},\"image\":{\"@id\":\"https:\\\/\\\/districos.standingout.be\\\/fr\\\/product\\\/basic-wm-table-manucure-bois-blanc-ref-8430-03\\\/#primaryimage\"},\"thumbnailUrl\":\"https:\\\/\\\/districos.standingout.be\\\/wp-content\\\/uploads\\\/2025\\\/07\\\/8430.03@LowRes_1.png\",\"datePublished\":\"2026-04-28T09:26:47+00:00\",\"dateModified\":\"2026-04-28T09:26:51+00:00\",\"breadcrumb\":{\"@id\":\"https:\\\/\\\/districos.standingout.be\\\/fr\\\/product\\\/basic-wm-table-manucure-bois-blanc-ref-8430-03\\\/#breadcrumb\"},\"inLanguage\":\"fr-FR\",\"potentialAction\":[{\"@type\":\"ReadAction\",\"target\":[\"https:\\\/\\\/districos.standingout.be\\\/fr\\\/product\\\/basic-wm-table-manucure-bois-blanc-ref-8430-03\\\/\"]}]},{\"@type\":\"ImageObject\",\"inLanguage\":\"fr-FR\",\"@id\":\"https:\\\/\\\/districos.standingout.be\\\/fr\\\/product\\\/basic-wm-table-manucure-bois-blanc-ref-8430-03\\\/#primaryimage\",\"url\":\"https:\\\/\\\/districos.standingout.be\\\/wp-content\\\/uploads\\\/2025\\\/07\\\/8430.03@LowRes_1.png\",\"contentUrl\":\"https:\\\/\\\/districos.standingout.be\\\/wp-content\\\/uploads\\\/2025\\\/07\\\/8430.03@LowRes_1.png\",\"width\":600,\"height\":600},{\"@type\":\"BreadcrumbList\",\"@id\":\"https:\\\/\\\/districos.standingout.be\\\/fr\\\/product\\\/basic-wm-table-manucure-bois-blanc-ref-8430-03\\\/#breadcrumb\",\"itemListElement\":[{\"@type\":\"ListItem\",\"position\":1,\"name\":\"Home\",\"item\":\"https:\\\/\\\/districos.standingout.be\\\/fr\\\/bienvenue-chez-districos\\\/\"},{\"@type\":\"ListItem\",\"position\":2,\"name\":\"Boutique\",\"item\":\"https:\\\/\\\/districos.standingout.be\\\/fr\\\/boutique\\\/\"},{\"@type\":\"ListItem\",\"position\":3,\"name\":\"Basic WM Table Manucure Bois Blanc\"}]},{\"@type\":\"WebSite\",\"@id\":\"https:\\\/\\\/districos.standingout.be\\\/fr\\\/#website\",\"url\":\"https:\\\/\\\/districos.standingout.be\\\/fr\\\/\",\"name\":\"Districos Webshop\",\"description\":\"\",\"publisher\":{\"@id\":\"https:\\\/\\\/districos.standingout.be\\\/fr\\\/#organization\"},\"potentialAction\":[{\"@type\":\"SearchAction\",\"target\":{\"@type\":\"EntryPoint\",\"urlTemplate\":\"https:\\\/\\\/districos.standingout.be\\\/fr\\\/?s={search_term_string}\"},\"query-input\":{\"@type\":\"PropertyValueSpecification\",\"valueRequired\":true,\"valueName\":\"search_term_string\"}}],\"inLanguage\":\"fr-FR\"},{\"@type\":\"Organization\",\"@id\":\"https:\\\/\\\/districos.standingout.be\\\/fr\\\/#organization\",\"name\":\"Districos Webshop\",\"url\":\"https:\\\/\\\/districos.standingout.be\\\/fr\\\/\",\"logo\":{\"@type\":\"ImageObject\",\"inLanguage\":\"fr-FR\",\"@id\":\"https:\\\/\\\/districos.standingout.be\\\/fr\\\/#\\\/schema\\\/logo\\\/image\\\/\",\"url\":\"https:\\\/\\\/districos.standingout.be\\\/wp-content\\\/uploads\\\/2022\\\/09\\\/Districos_Logo_Webshop.svg\",\"contentUrl\":\"https:\\\/\\\/districos.standingout.be\\\/wp-content\\\/uploads\\\/2022\\\/09\\\/Districos_Logo_Webshop.svg\",\"caption\":\"Districos Webshop\"},\"image\":{\"@id\":\"https:\\\/\\\/districos.standingout.be\\\/fr\\\/#\\\/schema\\\/logo\\\/image\\\/\"}}]}<\/script>\n<!-- \/ Yoast SEO plugin. -->","yoast_head_json":{"title":"Basic WM Table Manucure Bois Blanc - Districos Webshop","robots":{"index":"noindex","follow":"follow","max-snippet":"max-snippet:-1","max-image-preview":"max-image-preview:large","max-video-preview":"max-video-preview:-1"},"og_locale":"fr_FR","og_type":"article","og_title":"Basic WM Table Manucure Bois Blanc - Districos Webshop","og_description":"Meubles europ\u00e9ens avec finition de haute qualit\u00e9 ! Fabriqu\u00e9 en panneaux contreplaqu\u00e9s tr\u00e8s solides ! Pourvue de 4 grands tiroirs pratiques Facile \u00e0 d\u00e9placer gr\u00e2ce aux roulettes Livr\u00e9e sans aspiration Livr\u00e9e avec lampe Neon Style (r\u00e9f. 8430.162), coussin de manucure (r\u00e9f. 8430.21) et pr\u00e9sentoir pour vernis \u00e0 ongles (r\u00e9f. 8430.22) Couleur : blanc-gris Dimensions : [&hellip;]","og_url":"https:\/\/districos.standingout.be\/fr\/product\/basic-wm-table-manucure-bois-blanc-ref-8430-03\/","og_site_name":"Districos Webshop","article_modified_time":"2026-04-28T09:26:51+00:00","twitter_card":"summary_large_image","schema":{"@context":"https:\/\/schema.org","@graph":[{"@type":"WebPage","@id":"https:\/\/districos.standingout.be\/fr\/product\/basic-wm-table-manucure-bois-blanc-ref-8430-03\/","url":"https:\/\/districos.standingout.be\/fr\/product\/basic-wm-table-manucure-bois-blanc-ref-8430-03\/","name":"Basic WM Table Manucure Bois Blanc - Districos Webshop","isPartOf":{"@id":"https:\/\/districos.standingout.be\/fr\/#website"},"primaryImageOfPage":{"@id":"https:\/\/districos.standingout.be\/fr\/product\/basic-wm-table-manucure-bois-blanc-ref-8430-03\/#primaryimage"},"image":{"@id":"https:\/\/districos.standingout.be\/fr\/product\/basic-wm-table-manucure-bois-blanc-ref-8430-03\/#primaryimage"},"thumbnailUrl":"https:\/\/districos.standingout.be\/wp-content\/uploads\/2025\/07\/8430.03@LowRes_1.png","datePublished":"2026-04-28T09:26:47+00:00","dateModified":"2026-04-28T09:26:51+00:00","breadcrumb":{"@id":"https:\/\/districos.standingout.be\/fr\/product\/basic-wm-table-manucure-bois-blanc-ref-8430-03\/#breadcrumb"},"inLanguage":"fr-FR","potentialAction":[{"@type":"ReadAction","target":["https:\/\/districos.standingout.be\/fr\/product\/basic-wm-table-manucure-bois-blanc-ref-8430-03\/"]}]},{"@type":"ImageObject","inLanguage":"fr-FR","@id":"https:\/\/districos.standingout.be\/fr\/product\/basic-wm-table-manucure-bois-blanc-ref-8430-03\/#primaryimage","url":"https:\/\/districos.standingout.be\/wp-content\/uploads\/2025\/07\/8430.03@LowRes_1.png","contentUrl":"https:\/\/districos.standingout.be\/wp-content\/uploads\/2025\/07\/8430.03@LowRes_1.png","width":600,"height":600},{"@type":"BreadcrumbList","@id":"https:\/\/districos.standingout.be\/fr\/product\/basic-wm-table-manucure-bois-blanc-ref-8430-03\/#breadcrumb","itemListElement":[{"@type":"ListItem","position":1,"name":"Home","item":"https:\/\/districos.standingout.be\/fr\/bienvenue-chez-districos\/"},{"@type":"ListItem","position":2,"name":"Boutique","item":"https:\/\/districos.standingout.be\/fr\/boutique\/"},{"@type":"ListItem","position":3,"name":"Basic WM Table Manucure Bois Blanc"}]},{"@type":"WebSite","@id":"https:\/\/districos.standingout.be\/fr\/#website","url":"https:\/\/districos.standingout.be\/fr\/","name":"Districos Webshop","description":"","publisher":{"@id":"https:\/\/districos.standingout.be\/fr\/#organization"},"potentialAction":[{"@type":"SearchAction","target":{"@type":"EntryPoint","urlTemplate":"https:\/\/districos.standingout.be\/fr\/?s={search_term_string}"},"query-input":{"@type":"PropertyValueSpecification","valueRequired":true,"valueName":"search_term_string"}}],"inLanguage":"fr-FR"},{"@type":"Organization","@id":"https:\/\/districos.standingout.be\/fr\/#organization","name":"Districos Webshop","url":"https:\/\/districos.standingout.be\/fr\/","logo":{"@type":"ImageObject","inLanguage":"fr-FR","@id":"https:\/\/districos.standingout.be\/fr\/#\/schema\/logo\/image\/","url":"https:\/\/districos.standingout.be\/wp-content\/uploads\/2022\/09\/Districos_Logo_Webshop.svg","contentUrl":"https:\/\/districos.standingout.be\/wp-content\/uploads\/2022\/09\/Districos_Logo_Webshop.svg","caption":"Districos Webshop"},"image":{"@id":"https:\/\/districos.standingout.be\/fr\/#\/schema\/logo\/image\/"}}]}},"_links":{"self":[{"href":"https:\/\/districos.standingout.be\/fr\/wp-json\/wp\/v2\/product\/138491","targetHints":{"allow":["GET"]}}],"collection":[{"href":"https:\/\/districos.standingout.be\/fr\/wp-json\/wp\/v2\/product"}],"about":[{"href":"https:\/\/districos.standingout.be\/fr\/wp-json\/wp\/v2\/types\/product"}],"replies":[{"embeddable":true,"href":"https:\/\/districos.standingout.be\/fr\/wp-json\/wp\/v2\/comments?post=138491"}],"wp:featuredmedia":[{"embeddable":true,"href":"https:\/\/districos.standingout.be\/fr\/wp-json\/wp\/v2\/media\/81548"}],"wp:attachment":[{"href":"https:\/\/districos.standingout.be\/fr\/wp-json\/wp\/v2\/media?parent=138491"}],"wp:term":[{"taxonomy":"product_brand","embeddable":true,"href":"https:\/\/districos.standingout.be\/fr\/wp-json\/wp\/v2\/product_brand?post=138491"},{"taxonomy":"product_cat","embeddable":true,"href":"https:\/\/districos.standingout.be\/fr\/wp-json\/wp\/v2\/product_cat?post=138491"},{"taxonomy":"product_tag","embeddable":true,"href":"https:\/\/districos.standingout.be\/fr\/wp-json\/wp\/v2\/product_tag?post=138491"}],"curies":[{"name":"wp","href":"https:\/\/api.w.org\/{rel}","templated":true}]}}