{"id":138499,"date":"2026-04-28T11:27:31","date_gmt":"2026-04-28T09:27:31","guid":{"rendered":"https:\/\/webshopdistricoscom.webhosting.be\/product\/comfortable-manucure-blanc-bois-natural-80-cm-superturbo-ref-8430-062\/"},"modified":"2026-04-28T11:27:34","modified_gmt":"2026-04-28T09:27:34","slug":"comfortable-manucure-blanc-bois-natural-80-cm-superturbo-ref-8430-062","status":"publish","type":"product","link":"https:\/\/districos.standingout.be\/fr\/product\/comfortable-manucure-blanc-bois-natural-80-cm-superturbo-ref-8430-062\/","title":{"rendered":"ComforTable Manucure Blanc Bois Natural 80 cm + Superturbo"},"content":{"rendered":"<p >\n<\/p>\n<\/p>\n<\/p>\n<\/p>\n<\/p>\n<p dir=\"ltr\">Table de Manucure ComforTable &#8211; <b>Qualit\u00e9 Europ\u00e9enne Sup\u00e9rieure<\/b> au Design \u00c9l\u00e9gant et Moderne<\/p>\n<p>Vous recherchez une table de manucure professionnelle alliant confort, fonctionnalit\u00e9 et esth\u00e9tisme ? La<strong data-start=\"105\" data-end=\"135\">Table de Manucure<\/strong><span>&nbsp;<\/span><strong data-start=\"105\" data-end=\"135\">ComforTable<\/strong><span>&nbsp;est sp\u00e9cialement con\u00e7ue pour r\u00e9pondre aux exigences les plus \u00e9lev\u00e9es des stylistes ongulaires. Dot\u00e9e d&rsquo;une hauteur standard de <\/span><strong data-start=\"32\" data-end=\"41\">80 cm<\/strong><span>, la ComforTable est \u00e9galement disponible sur commande avec une hauteur de <\/span><strong data-start=\"116\" data-end=\"125\">91 cm<\/strong><span>, id\u00e9ale pour les stylistes de grande taille. Cette conception ergonomique favorise une posture saine, r\u00e9duisant les tensions dorsales et cervicales lors de longues sessions de travail.Le plateau en bois laqu\u00e9 blanc, associ\u00e9 \u00e0 des \u00e9l\u00e9ments en bois naturel avec un effet \u00ab\u00a0toucher\u00a0\u00bb, conf\u00e8re \u00e0 la table une allure moderne et chaleureuse. La couche de protection r\u00e9sistante permet un nettoyage facile des r\u00e9sidus de vernis \u00e0 ongles ou de gel sans endommager la surface.&nbsp;<\/span><\/p>\n<p dir=\"ltr\">\u00c9quip\u00e9e d&rsquo;un syst\u00e8me d&rsquo;aspiration <strong data-start=\"34\" data-end=\"55\">Superturbo de 60W<\/strong> fabriqu\u00e9 en Italie, la ComforTable assure un environnement de travail propre en \u00e9liminant efficacement les poussi\u00e8res et vapeurs g\u00e9n\u00e9r\u00e9es lors des soins ongulaires.<\/p>\n<p dir=\"ltr\">La ComforTable offre:<\/p>\n<ul><\/p>\n<li><strong data-start=\"0\" data-end=\"22\" data-is-only-node=\"\">4 prises int\u00e9gr\u00e9es<\/strong> pour vos \u00e9quipements (ponceuse, lampe UV\/LED, lampe de table, etc.)<\/li>\n<li>Aspiration Superturbo 60W&nbsp;<\/li>\n<li><strong data-start=\"0\" data-end=\"23\" data-is-only-node=\"\">Plateforme abaiss\u00e9e<\/strong> pour placer vos lampes UV\/LED, lib\u00e9rant ainsi l&rsquo;espace de travail<\/li>\n<li data-start=\"741\" data-end=\"821\">\n<p data-start=\"743\" data-end=\"821\"><span><strong data-start=\"0\" data-end=\"27\" data-is-only-node=\"\">Crochet pour sac \u00e0 main<\/strong> de la cliente<\/span><\/p>\n<\/li>\n<li><span data-start=\"0\" data-end=\"31\" data-is-only-node=\"\">Lampe de travail Neon Style<\/span>, <span data-start=\"33\" data-end=\"56\">coussin de manucure<\/span> et <span data-start=\"60\" data-end=\"83\">pr\u00e9sentoir \u00e0 vernis<\/span> inclus (R\u00e9f. : <a href=\"https:\/\/webshop.districos.com\/ProductDetail\/8430.162\" target=\"_blank\" rel=\"noopener noreferrer nofollow\"> 8430.162<\/a>\/<a href=\"https:\/\/webshop.districos.com\/ProductDetail\/8430.21\" target=\"_blank\" rel=\"noopener noreferrer nofollow\">21<\/a>\/<a href=\"https:\/\/webshop.districos.com\/ProductDetail\/8430.22\" target=\"_blank\" rel=\"noopener noreferrer nofollow\"> 22<\/a>)<\/li>\n<p><\/ul>\n<p dir=\"ltr\"><span data-start=\"0\" data-end=\"60\" data-is-only-node=\"\">Am\u00e9liorez votre salon avec la Table de Manucure ComforTable <\/span>et offrez \u00e0 vos clients et \u00e0 vous-m\u00eame une exp\u00e9rience de manucure exceptionnelle. Commandez d\u00e8s aujourd&rsquo;hui et d\u00e9couvrez la diff\u00e9rence en mati\u00e8re de confort et de professionnalisme<\/p>\n<p><span><b>Dimensions:<\/b> 115 x 50 x 80 cm (L x l x h) (<\/span>\u00e9galement disponible avec une hauteur de travail de <strong data-start=\"87\" data-end=\"96\">91 cm<\/strong> sur demande&nbsp;<a href=\"https:\/\/webshop.districos.com\/ProductDetail\/8430.072\"style=\"font-family: Arial; font-size: 10pt;\" target=\"_blank\" rel=\"noopener noreferrer nofollow\">r\u00e9f. 8430.072<\/a><span>)<\/span><\/p>\n<div><span><br \/><\/span><\/div><\/p>\n","protected":false},"excerpt":{"rendered":"<p>Table de Manucure ComforTable &#8211; Qualit\u00e9 Europ\u00e9enne Sup\u00e9rieure au Design \u00c9l\u00e9gant et Moderne Vous recherchez une table de manucure professionnelle alliant confort, fonctionnalit\u00e9 et esth\u00e9tisme ? LaTable de Manucure&nbsp;ComforTable&nbsp;est sp\u00e9cialement con\u00e7ue pour r\u00e9pondre aux exigences les plus \u00e9lev\u00e9es des stylistes ongulaires. Dot\u00e9e d&rsquo;une hauteur standard de 80 cm, la ComforTable est \u00e9galement disponible sur commande [&hellip;]<\/p>\n","protected":false},"featured_media":147998,"comment_status":"open","ping_status":"closed","template":"","meta":{"_acf_changed":false},"product_brand":[10380],"product_cat":[10114],"product_tag":[],"class_list":{"0":"post-138499","1":"product","2":"type-product","3":"status-publish","4":"has-post-thumbnail","6":"product_brand-districos-fr","7":"product_cat-amenagement-amenagement-tables-de-manucure","9":"first","10":"instock","11":"taxable","12":"shipping-taxable","13":"product-type-simple"},"acf":[],"yoast_head":"<!-- This site is optimized with the Yoast SEO plugin v27.3 - https:\/\/yoast.com\/product\/yoast-seo-wordpress\/ -->\n<title>ComforTable Manucure Blanc Bois Natural 80 cm + Superturbo - Districos Webshop<\/title>\n<meta name=\"robots\" content=\"noindex, follow, max-snippet:-1, max-image-preview:large, max-video-preview:-1\" \/>\n<meta property=\"og:locale\" content=\"fr_FR\" \/>\n<meta property=\"og:type\" content=\"article\" \/>\n<meta property=\"og:title\" content=\"ComforTable Manucure Blanc Bois Natural 80 cm + Superturbo - Districos Webshop\" \/>\n<meta property=\"og:description\" content=\"Table de Manucure ComforTable &#8211; Qualit\u00e9 Europ\u00e9enne Sup\u00e9rieure au Design \u00c9l\u00e9gant et Moderne Vous recherchez une table de manucure professionnelle alliant confort, fonctionnalit\u00e9 et esth\u00e9tisme ? LaTable de Manucure&nbsp;ComforTable&nbsp;est sp\u00e9cialement con\u00e7ue pour r\u00e9pondre aux exigences les plus \u00e9lev\u00e9es des stylistes ongulaires. Dot\u00e9e d&rsquo;une hauteur standard de 80 cm, la ComforTable est \u00e9galement disponible sur commande [&hellip;]\" \/>\n<meta property=\"og:url\" content=\"https:\/\/districos.standingout.be\/fr\/product\/comfortable-manucure-blanc-bois-natural-80-cm-superturbo-ref-8430-062\/\" \/>\n<meta property=\"og:site_name\" content=\"Districos Webshop\" \/>\n<meta property=\"article:modified_time\" content=\"2026-04-28T09:27:34+00:00\" \/>\n<meta name=\"twitter:card\" content=\"summary_large_image\" \/>\n<meta name=\"twitter:label1\" content=\"Dur\u00e9e de lecture estim\u00e9e\" \/>\n\t<meta name=\"twitter:data1\" content=\"2 minutes\" \/>\n<script type=\"application\/ld+json\" class=\"yoast-schema-graph\">{\"@context\":\"https:\\\/\\\/schema.org\",\"@graph\":[{\"@type\":\"WebPage\",\"@id\":\"https:\\\/\\\/districos.standingout.be\\\/fr\\\/product\\\/comfortable-manucure-blanc-bois-natural-80-cm-superturbo-ref-8430-062\\\/\",\"url\":\"https:\\\/\\\/districos.standingout.be\\\/fr\\\/product\\\/comfortable-manucure-blanc-bois-natural-80-cm-superturbo-ref-8430-062\\\/\",\"name\":\"ComforTable Manucure Blanc Bois Natural 80 cm + Superturbo - Districos Webshop\",\"isPartOf\":{\"@id\":\"https:\\\/\\\/districos.standingout.be\\\/fr\\\/#website\"},\"primaryImageOfPage\":{\"@id\":\"https:\\\/\\\/districos.standingout.be\\\/fr\\\/product\\\/comfortable-manucure-blanc-bois-natural-80-cm-superturbo-ref-8430-062\\\/#primaryimage\"},\"image\":{\"@id\":\"https:\\\/\\\/districos.standingout.be\\\/fr\\\/product\\\/comfortable-manucure-blanc-bois-natural-80-cm-superturbo-ref-8430-062\\\/#primaryimage\"},\"thumbnailUrl\":\"https:\\\/\\\/districos.standingout.be\\\/wp-content\\\/uploads\\\/2026\\\/04\\\/8430.062@ComforTable-Nageltafel-Wit-en-Natural-Wood-Superturbo_1-1.png\",\"datePublished\":\"2026-04-28T09:27:31+00:00\",\"dateModified\":\"2026-04-28T09:27:34+00:00\",\"breadcrumb\":{\"@id\":\"https:\\\/\\\/districos.standingout.be\\\/fr\\\/product\\\/comfortable-manucure-blanc-bois-natural-80-cm-superturbo-ref-8430-062\\\/#breadcrumb\"},\"inLanguage\":\"fr-FR\",\"potentialAction\":[{\"@type\":\"ReadAction\",\"target\":[\"https:\\\/\\\/districos.standingout.be\\\/fr\\\/product\\\/comfortable-manucure-blanc-bois-natural-80-cm-superturbo-ref-8430-062\\\/\"]}]},{\"@type\":\"ImageObject\",\"inLanguage\":\"fr-FR\",\"@id\":\"https:\\\/\\\/districos.standingout.be\\\/fr\\\/product\\\/comfortable-manucure-blanc-bois-natural-80-cm-superturbo-ref-8430-062\\\/#primaryimage\",\"url\":\"https:\\\/\\\/districos.standingout.be\\\/wp-content\\\/uploads\\\/2026\\\/04\\\/8430.062@ComforTable-Nageltafel-Wit-en-Natural-Wood-Superturbo_1-1.png\",\"contentUrl\":\"https:\\\/\\\/districos.standingout.be\\\/wp-content\\\/uploads\\\/2026\\\/04\\\/8430.062@ComforTable-Nageltafel-Wit-en-Natural-Wood-Superturbo_1-1.png\",\"width\":600,\"height\":600},{\"@type\":\"BreadcrumbList\",\"@id\":\"https:\\\/\\\/districos.standingout.be\\\/fr\\\/product\\\/comfortable-manucure-blanc-bois-natural-80-cm-superturbo-ref-8430-062\\\/#breadcrumb\",\"itemListElement\":[{\"@type\":\"ListItem\",\"position\":1,\"name\":\"Home\",\"item\":\"https:\\\/\\\/districos.standingout.be\\\/fr\\\/bienvenue-chez-districos\\\/\"},{\"@type\":\"ListItem\",\"position\":2,\"name\":\"Boutique\",\"item\":\"https:\\\/\\\/districos.standingout.be\\\/fr\\\/boutique\\\/\"},{\"@type\":\"ListItem\",\"position\":3,\"name\":\"ComforTable Manucure Blanc Bois Natural 80 cm + Superturbo\"}]},{\"@type\":\"WebSite\",\"@id\":\"https:\\\/\\\/districos.standingout.be\\\/fr\\\/#website\",\"url\":\"https:\\\/\\\/districos.standingout.be\\\/fr\\\/\",\"name\":\"Districos Webshop\",\"description\":\"\",\"publisher\":{\"@id\":\"https:\\\/\\\/districos.standingout.be\\\/fr\\\/#organization\"},\"potentialAction\":[{\"@type\":\"SearchAction\",\"target\":{\"@type\":\"EntryPoint\",\"urlTemplate\":\"https:\\\/\\\/districos.standingout.be\\\/fr\\\/?s={search_term_string}\"},\"query-input\":{\"@type\":\"PropertyValueSpecification\",\"valueRequired\":true,\"valueName\":\"search_term_string\"}}],\"inLanguage\":\"fr-FR\"},{\"@type\":\"Organization\",\"@id\":\"https:\\\/\\\/districos.standingout.be\\\/fr\\\/#organization\",\"name\":\"Districos Webshop\",\"url\":\"https:\\\/\\\/districos.standingout.be\\\/fr\\\/\",\"logo\":{\"@type\":\"ImageObject\",\"inLanguage\":\"fr-FR\",\"@id\":\"https:\\\/\\\/districos.standingout.be\\\/fr\\\/#\\\/schema\\\/logo\\\/image\\\/\",\"url\":\"https:\\\/\\\/districos.standingout.be\\\/wp-content\\\/uploads\\\/2022\\\/09\\\/Districos_Logo_Webshop.svg\",\"contentUrl\":\"https:\\\/\\\/districos.standingout.be\\\/wp-content\\\/uploads\\\/2022\\\/09\\\/Districos_Logo_Webshop.svg\",\"caption\":\"Districos Webshop\"},\"image\":{\"@id\":\"https:\\\/\\\/districos.standingout.be\\\/fr\\\/#\\\/schema\\\/logo\\\/image\\\/\"}}]}<\/script>\n<!-- \/ Yoast SEO plugin. -->","yoast_head_json":{"title":"ComforTable Manucure Blanc Bois Natural 80 cm + Superturbo - Districos Webshop","robots":{"index":"noindex","follow":"follow","max-snippet":"max-snippet:-1","max-image-preview":"max-image-preview:large","max-video-preview":"max-video-preview:-1"},"og_locale":"fr_FR","og_type":"article","og_title":"ComforTable Manucure Blanc Bois Natural 80 cm + Superturbo - Districos Webshop","og_description":"Table de Manucure ComforTable &#8211; Qualit\u00e9 Europ\u00e9enne Sup\u00e9rieure au Design \u00c9l\u00e9gant et Moderne Vous recherchez une table de manucure professionnelle alliant confort, fonctionnalit\u00e9 et esth\u00e9tisme ? LaTable de Manucure&nbsp;ComforTable&nbsp;est sp\u00e9cialement con\u00e7ue pour r\u00e9pondre aux exigences les plus \u00e9lev\u00e9es des stylistes ongulaires. Dot\u00e9e d&rsquo;une hauteur standard de 80 cm, la ComforTable est \u00e9galement disponible sur commande [&hellip;]","og_url":"https:\/\/districos.standingout.be\/fr\/product\/comfortable-manucure-blanc-bois-natural-80-cm-superturbo-ref-8430-062\/","og_site_name":"Districos Webshop","article_modified_time":"2026-04-28T09:27:34+00:00","twitter_card":"summary_large_image","twitter_misc":{"Dur\u00e9e de lecture estim\u00e9e":"2 minutes"},"schema":{"@context":"https:\/\/schema.org","@graph":[{"@type":"WebPage","@id":"https:\/\/districos.standingout.be\/fr\/product\/comfortable-manucure-blanc-bois-natural-80-cm-superturbo-ref-8430-062\/","url":"https:\/\/districos.standingout.be\/fr\/product\/comfortable-manucure-blanc-bois-natural-80-cm-superturbo-ref-8430-062\/","name":"ComforTable Manucure Blanc Bois Natural 80 cm + Superturbo - Districos Webshop","isPartOf":{"@id":"https:\/\/districos.standingout.be\/fr\/#website"},"primaryImageOfPage":{"@id":"https:\/\/districos.standingout.be\/fr\/product\/comfortable-manucure-blanc-bois-natural-80-cm-superturbo-ref-8430-062\/#primaryimage"},"image":{"@id":"https:\/\/districos.standingout.be\/fr\/product\/comfortable-manucure-blanc-bois-natural-80-cm-superturbo-ref-8430-062\/#primaryimage"},"thumbnailUrl":"https:\/\/districos.standingout.be\/wp-content\/uploads\/2026\/04\/8430.062@ComforTable-Nageltafel-Wit-en-Natural-Wood-Superturbo_1-1.png","datePublished":"2026-04-28T09:27:31+00:00","dateModified":"2026-04-28T09:27:34+00:00","breadcrumb":{"@id":"https:\/\/districos.standingout.be\/fr\/product\/comfortable-manucure-blanc-bois-natural-80-cm-superturbo-ref-8430-062\/#breadcrumb"},"inLanguage":"fr-FR","potentialAction":[{"@type":"ReadAction","target":["https:\/\/districos.standingout.be\/fr\/product\/comfortable-manucure-blanc-bois-natural-80-cm-superturbo-ref-8430-062\/"]}]},{"@type":"ImageObject","inLanguage":"fr-FR","@id":"https:\/\/districos.standingout.be\/fr\/product\/comfortable-manucure-blanc-bois-natural-80-cm-superturbo-ref-8430-062\/#primaryimage","url":"https:\/\/districos.standingout.be\/wp-content\/uploads\/2026\/04\/8430.062@ComforTable-Nageltafel-Wit-en-Natural-Wood-Superturbo_1-1.png","contentUrl":"https:\/\/districos.standingout.be\/wp-content\/uploads\/2026\/04\/8430.062@ComforTable-Nageltafel-Wit-en-Natural-Wood-Superturbo_1-1.png","width":600,"height":600},{"@type":"BreadcrumbList","@id":"https:\/\/districos.standingout.be\/fr\/product\/comfortable-manucure-blanc-bois-natural-80-cm-superturbo-ref-8430-062\/#breadcrumb","itemListElement":[{"@type":"ListItem","position":1,"name":"Home","item":"https:\/\/districos.standingout.be\/fr\/bienvenue-chez-districos\/"},{"@type":"ListItem","position":2,"name":"Boutique","item":"https:\/\/districos.standingout.be\/fr\/boutique\/"},{"@type":"ListItem","position":3,"name":"ComforTable Manucure Blanc Bois Natural 80 cm + Superturbo"}]},{"@type":"WebSite","@id":"https:\/\/districos.standingout.be\/fr\/#website","url":"https:\/\/districos.standingout.be\/fr\/","name":"Districos Webshop","description":"","publisher":{"@id":"https:\/\/districos.standingout.be\/fr\/#organization"},"potentialAction":[{"@type":"SearchAction","target":{"@type":"EntryPoint","urlTemplate":"https:\/\/districos.standingout.be\/fr\/?s={search_term_string}"},"query-input":{"@type":"PropertyValueSpecification","valueRequired":true,"valueName":"search_term_string"}}],"inLanguage":"fr-FR"},{"@type":"Organization","@id":"https:\/\/districos.standingout.be\/fr\/#organization","name":"Districos Webshop","url":"https:\/\/districos.standingout.be\/fr\/","logo":{"@type":"ImageObject","inLanguage":"fr-FR","@id":"https:\/\/districos.standingout.be\/fr\/#\/schema\/logo\/image\/","url":"https:\/\/districos.standingout.be\/wp-content\/uploads\/2022\/09\/Districos_Logo_Webshop.svg","contentUrl":"https:\/\/districos.standingout.be\/wp-content\/uploads\/2022\/09\/Districos_Logo_Webshop.svg","caption":"Districos Webshop"},"image":{"@id":"https:\/\/districos.standingout.be\/fr\/#\/schema\/logo\/image\/"}}]}},"_links":{"self":[{"href":"https:\/\/districos.standingout.be\/fr\/wp-json\/wp\/v2\/product\/138499","targetHints":{"allow":["GET"]}}],"collection":[{"href":"https:\/\/districos.standingout.be\/fr\/wp-json\/wp\/v2\/product"}],"about":[{"href":"https:\/\/districos.standingout.be\/fr\/wp-json\/wp\/v2\/types\/product"}],"replies":[{"embeddable":true,"href":"https:\/\/districos.standingout.be\/fr\/wp-json\/wp\/v2\/comments?post=138499"}],"wp:featuredmedia":[{"embeddable":true,"href":"https:\/\/districos.standingout.be\/fr\/wp-json\/wp\/v2\/media\/147998"}],"wp:attachment":[{"href":"https:\/\/districos.standingout.be\/fr\/wp-json\/wp\/v2\/media?parent=138499"}],"wp:term":[{"taxonomy":"product_brand","embeddable":true,"href":"https:\/\/districos.standingout.be\/fr\/wp-json\/wp\/v2\/product_brand?post=138499"},{"taxonomy":"product_cat","embeddable":true,"href":"https:\/\/districos.standingout.be\/fr\/wp-json\/wp\/v2\/product_cat?post=138499"},{"taxonomy":"product_tag","embeddable":true,"href":"https:\/\/districos.standingout.be\/fr\/wp-json\/wp\/v2\/product_tag?post=138499"}],"curies":[{"name":"wp","href":"https:\/\/api.w.org\/{rel}","templated":true}]}}