{"id":138503,"date":"2026-04-28T11:27:38","date_gmt":"2026-04-28T09:27:38","guid":{"rendered":"https:\/\/webshopdistricoscom.webhosting.be\/product\/extend-square-table-manucure-blanc-aspiration-ref-8430-084\/"},"modified":"2026-04-28T11:27:43","modified_gmt":"2026-04-28T09:27:43","slug":"extend-square-table-manucure-blanc-aspiration-ref-8430-084","status":"publish","type":"product","link":"https:\/\/districos.standingout.be\/fr\/product\/extend-square-table-manucure-blanc-aspiration-ref-8430-084\/","title":{"rendered":"Extend Square Table Manucure Blanc + Aspiration"},"content":{"rendered":"<p >\n<\/p>\n<p dir=\"ltr\">Moderne &amp; pratique avec finition de haute qualit\u00e9 ! <\/p>\n<ul> <\/p>\n<li>Table de manucure solide et de haute qualit\u00e9<\/li>\n<p> <\/p>\n<li>\u00c0 gauche, pourvue d\u2019une armoire de rangement pratique<\/li>\n<p> <\/p>\n<li>\u00c0 droite, pourvue d\u2019une armoire \u00e0 3 tiroirs faciles \u00e0 ouvrir<\/li>\n<p> <\/p>\n<li>Facile \u00e0 d\u00e9placer gr\u00e2ce aux roulettes<\/li>\n<p> <\/p>\n<li>\u00c9quip\u00e9e, de base, avec un aspirateur (30 W)<\/li>\n<p> <\/p>\n<li>Livr\u00e9e avec lampe Neon Style, coussin de manucure et pr\u00e9sentoir pour vernis \u00e0 ongles (comme sur la photo, R\u00e9f. resp. 8430.162\/21\/22)<\/li>\n<p> <\/ul>\n<p> Couleur : blancMat\u00e9riau : <\/p>\n<ul> <\/p>\n<li>Panneaux agglom\u00e9r\u00e9s lamin\u00e9s<\/li>\n<p> <\/p>\n<li>Roulettes : plastiques<\/li>\n<p> <\/ul>\n<p> Dimensions : 148 x 50 x 79 cm (L x l x h)Disponible en 2 couleurs : <\/p>\n<ul>Blanc (R\u00e9f. 8430.084)Weng\u00e9 (R\u00e9f. 8430.085)<\/ul>\n<p> <\/p>\n<ul> <\/ul>\n<p> <\/p>\n<ul> <\/ul><\/p>\n","protected":false},"excerpt":{"rendered":"<p>Moderne &amp; pratique avec finition de haute qualit\u00e9 ! Table de manucure solide et de haute qualit\u00e9 \u00c0 gauche, pourvue d\u2019une armoire de rangement pratique \u00c0 droite, pourvue d\u2019une armoire \u00e0 3 tiroirs faciles \u00e0 ouvrir Facile \u00e0 d\u00e9placer gr\u00e2ce aux roulettes \u00c9quip\u00e9e, de base, avec un aspirateur (30 W) Livr\u00e9e avec lampe Neon Style, [&hellip;]<\/p>\n","protected":false},"featured_media":81563,"comment_status":"open","ping_status":"closed","template":"","meta":{"_acf_changed":false},"product_brand":[10380],"product_cat":[10114],"product_tag":[],"class_list":{"0":"post-138503","1":"product","2":"type-product","3":"status-publish","4":"has-post-thumbnail","6":"product_brand-districos-fr","7":"product_cat-amenagement-amenagement-tables-de-manucure","9":"first","10":"outofstock","11":"taxable","12":"shipping-taxable","13":"product-type-simple"},"acf":[],"yoast_head":"<!-- This site is optimized with the Yoast SEO plugin v27.3 - https:\/\/yoast.com\/product\/yoast-seo-wordpress\/ -->\n<title>Extend Square Table Manucure Blanc + Aspiration - Districos Webshop<\/title>\n<meta name=\"robots\" content=\"noindex, follow, max-snippet:-1, max-image-preview:large, max-video-preview:-1\" \/>\n<meta property=\"og:locale\" content=\"fr_FR\" \/>\n<meta property=\"og:type\" content=\"article\" \/>\n<meta property=\"og:title\" content=\"Extend Square Table Manucure Blanc + Aspiration - Districos Webshop\" \/>\n<meta property=\"og:description\" content=\"Moderne &amp; pratique avec finition de haute qualit\u00e9 ! Table de manucure solide et de haute qualit\u00e9 \u00c0 gauche, pourvue d\u2019une armoire de rangement pratique \u00c0 droite, pourvue d\u2019une armoire \u00e0 3 tiroirs faciles \u00e0 ouvrir Facile \u00e0 d\u00e9placer gr\u00e2ce aux roulettes \u00c9quip\u00e9e, de base, avec un aspirateur (30 W) Livr\u00e9e avec lampe Neon Style, [&hellip;]\" \/>\n<meta property=\"og:url\" content=\"https:\/\/districos.standingout.be\/fr\/product\/extend-square-table-manucure-blanc-aspiration-ref-8430-084\/\" \/>\n<meta property=\"og:site_name\" content=\"Districos Webshop\" \/>\n<meta property=\"article:modified_time\" content=\"2026-04-28T09:27:43+00:00\" \/>\n<meta name=\"twitter:card\" content=\"summary_large_image\" \/>\n<script type=\"application\/ld+json\" class=\"yoast-schema-graph\">{\"@context\":\"https:\\\/\\\/schema.org\",\"@graph\":[{\"@type\":\"WebPage\",\"@id\":\"https:\\\/\\\/districos.standingout.be\\\/fr\\\/product\\\/extend-square-table-manucure-blanc-aspiration-ref-8430-084\\\/\",\"url\":\"https:\\\/\\\/districos.standingout.be\\\/fr\\\/product\\\/extend-square-table-manucure-blanc-aspiration-ref-8430-084\\\/\",\"name\":\"Extend Square Table Manucure Blanc + Aspiration - Districos Webshop\",\"isPartOf\":{\"@id\":\"https:\\\/\\\/districos.standingout.be\\\/fr\\\/#website\"},\"primaryImageOfPage\":{\"@id\":\"https:\\\/\\\/districos.standingout.be\\\/fr\\\/product\\\/extend-square-table-manucure-blanc-aspiration-ref-8430-084\\\/#primaryimage\"},\"image\":{\"@id\":\"https:\\\/\\\/districos.standingout.be\\\/fr\\\/product\\\/extend-square-table-manucure-blanc-aspiration-ref-8430-084\\\/#primaryimage\"},\"thumbnailUrl\":\"https:\\\/\\\/districos.standingout.be\\\/wp-content\\\/uploads\\\/2025\\\/07\\\/8430.084@LowRes_1.png\",\"datePublished\":\"2026-04-28T09:27:38+00:00\",\"dateModified\":\"2026-04-28T09:27:43+00:00\",\"breadcrumb\":{\"@id\":\"https:\\\/\\\/districos.standingout.be\\\/fr\\\/product\\\/extend-square-table-manucure-blanc-aspiration-ref-8430-084\\\/#breadcrumb\"},\"inLanguage\":\"fr-FR\",\"potentialAction\":[{\"@type\":\"ReadAction\",\"target\":[\"https:\\\/\\\/districos.standingout.be\\\/fr\\\/product\\\/extend-square-table-manucure-blanc-aspiration-ref-8430-084\\\/\"]}]},{\"@type\":\"ImageObject\",\"inLanguage\":\"fr-FR\",\"@id\":\"https:\\\/\\\/districos.standingout.be\\\/fr\\\/product\\\/extend-square-table-manucure-blanc-aspiration-ref-8430-084\\\/#primaryimage\",\"url\":\"https:\\\/\\\/districos.standingout.be\\\/wp-content\\\/uploads\\\/2025\\\/07\\\/8430.084@LowRes_1.png\",\"contentUrl\":\"https:\\\/\\\/districos.standingout.be\\\/wp-content\\\/uploads\\\/2025\\\/07\\\/8430.084@LowRes_1.png\",\"width\":600,\"height\":600},{\"@type\":\"BreadcrumbList\",\"@id\":\"https:\\\/\\\/districos.standingout.be\\\/fr\\\/product\\\/extend-square-table-manucure-blanc-aspiration-ref-8430-084\\\/#breadcrumb\",\"itemListElement\":[{\"@type\":\"ListItem\",\"position\":1,\"name\":\"Home\",\"item\":\"https:\\\/\\\/districos.standingout.be\\\/fr\\\/bienvenue-chez-districos\\\/\"},{\"@type\":\"ListItem\",\"position\":2,\"name\":\"Boutique\",\"item\":\"https:\\\/\\\/districos.standingout.be\\\/fr\\\/boutique\\\/\"},{\"@type\":\"ListItem\",\"position\":3,\"name\":\"Extend Square Table Manucure Blanc + Aspiration\"}]},{\"@type\":\"WebSite\",\"@id\":\"https:\\\/\\\/districos.standingout.be\\\/fr\\\/#website\",\"url\":\"https:\\\/\\\/districos.standingout.be\\\/fr\\\/\",\"name\":\"Districos Webshop\",\"description\":\"\",\"publisher\":{\"@id\":\"https:\\\/\\\/districos.standingout.be\\\/fr\\\/#organization\"},\"potentialAction\":[{\"@type\":\"SearchAction\",\"target\":{\"@type\":\"EntryPoint\",\"urlTemplate\":\"https:\\\/\\\/districos.standingout.be\\\/fr\\\/?s={search_term_string}\"},\"query-input\":{\"@type\":\"PropertyValueSpecification\",\"valueRequired\":true,\"valueName\":\"search_term_string\"}}],\"inLanguage\":\"fr-FR\"},{\"@type\":\"Organization\",\"@id\":\"https:\\\/\\\/districos.standingout.be\\\/fr\\\/#organization\",\"name\":\"Districos Webshop\",\"url\":\"https:\\\/\\\/districos.standingout.be\\\/fr\\\/\",\"logo\":{\"@type\":\"ImageObject\",\"inLanguage\":\"fr-FR\",\"@id\":\"https:\\\/\\\/districos.standingout.be\\\/fr\\\/#\\\/schema\\\/logo\\\/image\\\/\",\"url\":\"https:\\\/\\\/districos.standingout.be\\\/wp-content\\\/uploads\\\/2022\\\/09\\\/Districos_Logo_Webshop.svg\",\"contentUrl\":\"https:\\\/\\\/districos.standingout.be\\\/wp-content\\\/uploads\\\/2022\\\/09\\\/Districos_Logo_Webshop.svg\",\"caption\":\"Districos Webshop\"},\"image\":{\"@id\":\"https:\\\/\\\/districos.standingout.be\\\/fr\\\/#\\\/schema\\\/logo\\\/image\\\/\"}}]}<\/script>\n<!-- \/ Yoast SEO plugin. -->","yoast_head_json":{"title":"Extend Square Table Manucure Blanc + Aspiration - Districos Webshop","robots":{"index":"noindex","follow":"follow","max-snippet":"max-snippet:-1","max-image-preview":"max-image-preview:large","max-video-preview":"max-video-preview:-1"},"og_locale":"fr_FR","og_type":"article","og_title":"Extend Square Table Manucure Blanc + Aspiration - Districos Webshop","og_description":"Moderne &amp; pratique avec finition de haute qualit\u00e9 ! Table de manucure solide et de haute qualit\u00e9 \u00c0 gauche, pourvue d\u2019une armoire de rangement pratique \u00c0 droite, pourvue d\u2019une armoire \u00e0 3 tiroirs faciles \u00e0 ouvrir Facile \u00e0 d\u00e9placer gr\u00e2ce aux roulettes \u00c9quip\u00e9e, de base, avec un aspirateur (30 W) Livr\u00e9e avec lampe Neon Style, [&hellip;]","og_url":"https:\/\/districos.standingout.be\/fr\/product\/extend-square-table-manucure-blanc-aspiration-ref-8430-084\/","og_site_name":"Districos Webshop","article_modified_time":"2026-04-28T09:27:43+00:00","twitter_card":"summary_large_image","schema":{"@context":"https:\/\/schema.org","@graph":[{"@type":"WebPage","@id":"https:\/\/districos.standingout.be\/fr\/product\/extend-square-table-manucure-blanc-aspiration-ref-8430-084\/","url":"https:\/\/districos.standingout.be\/fr\/product\/extend-square-table-manucure-blanc-aspiration-ref-8430-084\/","name":"Extend Square Table Manucure Blanc + Aspiration - Districos Webshop","isPartOf":{"@id":"https:\/\/districos.standingout.be\/fr\/#website"},"primaryImageOfPage":{"@id":"https:\/\/districos.standingout.be\/fr\/product\/extend-square-table-manucure-blanc-aspiration-ref-8430-084\/#primaryimage"},"image":{"@id":"https:\/\/districos.standingout.be\/fr\/product\/extend-square-table-manucure-blanc-aspiration-ref-8430-084\/#primaryimage"},"thumbnailUrl":"https:\/\/districos.standingout.be\/wp-content\/uploads\/2025\/07\/8430.084@LowRes_1.png","datePublished":"2026-04-28T09:27:38+00:00","dateModified":"2026-04-28T09:27:43+00:00","breadcrumb":{"@id":"https:\/\/districos.standingout.be\/fr\/product\/extend-square-table-manucure-blanc-aspiration-ref-8430-084\/#breadcrumb"},"inLanguage":"fr-FR","potentialAction":[{"@type":"ReadAction","target":["https:\/\/districos.standingout.be\/fr\/product\/extend-square-table-manucure-blanc-aspiration-ref-8430-084\/"]}]},{"@type":"ImageObject","inLanguage":"fr-FR","@id":"https:\/\/districos.standingout.be\/fr\/product\/extend-square-table-manucure-blanc-aspiration-ref-8430-084\/#primaryimage","url":"https:\/\/districos.standingout.be\/wp-content\/uploads\/2025\/07\/8430.084@LowRes_1.png","contentUrl":"https:\/\/districos.standingout.be\/wp-content\/uploads\/2025\/07\/8430.084@LowRes_1.png","width":600,"height":600},{"@type":"BreadcrumbList","@id":"https:\/\/districos.standingout.be\/fr\/product\/extend-square-table-manucure-blanc-aspiration-ref-8430-084\/#breadcrumb","itemListElement":[{"@type":"ListItem","position":1,"name":"Home","item":"https:\/\/districos.standingout.be\/fr\/bienvenue-chez-districos\/"},{"@type":"ListItem","position":2,"name":"Boutique","item":"https:\/\/districos.standingout.be\/fr\/boutique\/"},{"@type":"ListItem","position":3,"name":"Extend Square Table Manucure Blanc + Aspiration"}]},{"@type":"WebSite","@id":"https:\/\/districos.standingout.be\/fr\/#website","url":"https:\/\/districos.standingout.be\/fr\/","name":"Districos Webshop","description":"","publisher":{"@id":"https:\/\/districos.standingout.be\/fr\/#organization"},"potentialAction":[{"@type":"SearchAction","target":{"@type":"EntryPoint","urlTemplate":"https:\/\/districos.standingout.be\/fr\/?s={search_term_string}"},"query-input":{"@type":"PropertyValueSpecification","valueRequired":true,"valueName":"search_term_string"}}],"inLanguage":"fr-FR"},{"@type":"Organization","@id":"https:\/\/districos.standingout.be\/fr\/#organization","name":"Districos Webshop","url":"https:\/\/districos.standingout.be\/fr\/","logo":{"@type":"ImageObject","inLanguage":"fr-FR","@id":"https:\/\/districos.standingout.be\/fr\/#\/schema\/logo\/image\/","url":"https:\/\/districos.standingout.be\/wp-content\/uploads\/2022\/09\/Districos_Logo_Webshop.svg","contentUrl":"https:\/\/districos.standingout.be\/wp-content\/uploads\/2022\/09\/Districos_Logo_Webshop.svg","caption":"Districos Webshop"},"image":{"@id":"https:\/\/districos.standingout.be\/fr\/#\/schema\/logo\/image\/"}}]}},"_links":{"self":[{"href":"https:\/\/districos.standingout.be\/fr\/wp-json\/wp\/v2\/product\/138503","targetHints":{"allow":["GET"]}}],"collection":[{"href":"https:\/\/districos.standingout.be\/fr\/wp-json\/wp\/v2\/product"}],"about":[{"href":"https:\/\/districos.standingout.be\/fr\/wp-json\/wp\/v2\/types\/product"}],"replies":[{"embeddable":true,"href":"https:\/\/districos.standingout.be\/fr\/wp-json\/wp\/v2\/comments?post=138503"}],"wp:featuredmedia":[{"embeddable":true,"href":"https:\/\/districos.standingout.be\/fr\/wp-json\/wp\/v2\/media\/81563"}],"wp:attachment":[{"href":"https:\/\/districos.standingout.be\/fr\/wp-json\/wp\/v2\/media?parent=138503"}],"wp:term":[{"taxonomy":"product_brand","embeddable":true,"href":"https:\/\/districos.standingout.be\/fr\/wp-json\/wp\/v2\/product_brand?post=138503"},{"taxonomy":"product_cat","embeddable":true,"href":"https:\/\/districos.standingout.be\/fr\/wp-json\/wp\/v2\/product_cat?post=138503"},{"taxonomy":"product_tag","embeddable":true,"href":"https:\/\/districos.standingout.be\/fr\/wp-json\/wp\/v2\/product_tag?post=138503"}],"curies":[{"name":"wp","href":"https:\/\/api.w.org\/{rel}","templated":true}]}}