{"id":138515,"date":"2026-04-28T11:29:12","date_gmt":"2026-04-28T09:29:12","guid":{"rendered":"https:\/\/webshopdistricoscom.webhosting.be\/product\/stiled-basic-lampe-blanc-ref-8430-172\/"},"modified":"2026-04-28T11:29:19","modified_gmt":"2026-04-28T09:29:19","slug":"stiled-basic-lampe-blanc-ref-8430-172","status":"publish","type":"product","link":"https:\/\/districos.standingout.be\/fr\/product\/stiled-basic-lampe-blanc-ref-8430-172\/","title":{"rendered":"StiLED Basic Lampe Blanc"},"content":{"rendered":"<p >\n<\/p>\n<\/p>\n<p><span>Lampe de travail tr\u00e8s pratique et styl\u00e9e \u00e0 lumi\u00e8re LED pour un \u00e9clairage optimal de votre poste de travail, pendant vos manucures, par exemple.<o:p><\/o:p><\/span><\/p>\n<\/p>\n<ul>\n<li><span>R\u00e9gulateur avec 5 positions afin d&rsquo;ajuster l&rsquo;intensit\u00e9.<\/span><\/li>\n<li><span>3 couleurs d&rsquo;\u00e9clairage r\u00e9glables (chaude, froide, naturelle).<\/span><\/li>\n<li><span>Bras flexible pour un \u00e9clairage pr\u00e9cis des surfaces de travail.<\/span><\/li>\n<li><span>Touches num\u00e9riques pour une commande facile.<\/span><\/li>\n<li><span>Il est possible de tourner le bras \u00e0 80\u00b0vers la gauche ou la droite pour un angle de rotation maximale de 160\u00b0.<\/span><\/li>\n<\/ul>\n<p><span>Disponible en 2 couleurs :<o:p><\/o:p><\/span><\/p>\n<\/p>\n<ul>\n<li><span>Blanc (<a href=\"https:\/\/webshop.districos.com\/search?SearchText=8430.172\" target=\"_blank\" rel=\"noopener noreferrer nofollow\">r\u00e9f. 8430.172<\/a>)<\/span><\/li>\n<li><span>Noir (<a href=\"https:\/\/webshop.districos.com\/search?SearchText=8430.171\" target=\"_blank\" rel=\"noopener noreferrer nofollow\">r\u00e9f. 8430.171<\/a>)<\/span><\/li>\n<\/ul>\n<p><span>Option :&nbsp;<\/span><\/p>\n<ul>\n<li><span>Pince de table noire (<a href=\"https:\/\/webshop.districos.com\/search?SearchText=8430.174\" target=\"_blank\" rel=\"noopener noreferrer nofollow\">r\u00e9f. 8430.174<\/a>)<\/span><\/li>\n<\/ul>\n","protected":false},"excerpt":{"rendered":"<p>Lampe de travail tr\u00e8s pratique et styl\u00e9e \u00e0 lumi\u00e8re LED pour un \u00e9clairage optimal de votre poste de travail, pendant vos manucures, par exemple. R\u00e9gulateur avec 5 positions afin d&rsquo;ajuster l&rsquo;intensit\u00e9. 3 couleurs d&rsquo;\u00e9clairage r\u00e9glables (chaude, froide, naturelle). Bras flexible pour un \u00e9clairage pr\u00e9cis des surfaces de travail. Touches num\u00e9riques pour une commande facile. Il [&hellip;]<\/p>\n","protected":false},"featured_media":81581,"comment_status":"open","ping_status":"closed","template":"","meta":{"_acf_changed":false},"product_brand":[10380],"product_cat":[9862],"product_tag":[],"class_list":{"0":"post-138515","1":"product","2":"type-product","3":"status-publish","4":"has-post-thumbnail","6":"product_brand-districos-fr","7":"product_cat-beaute-visage-equipement","9":"first","10":"instock","11":"taxable","12":"shipping-taxable","13":"product-type-simple"},"acf":[],"yoast_head":"<!-- This site is optimized with the Yoast SEO plugin v27.3 - https:\/\/yoast.com\/product\/yoast-seo-wordpress\/ -->\n<title>StiLED Basic Lampe Blanc - Districos Webshop<\/title>\n<meta name=\"robots\" content=\"noindex, follow, max-snippet:-1, max-image-preview:large, max-video-preview:-1\" \/>\n<meta property=\"og:locale\" content=\"fr_FR\" \/>\n<meta property=\"og:type\" content=\"article\" \/>\n<meta property=\"og:title\" content=\"StiLED Basic Lampe Blanc - Districos Webshop\" \/>\n<meta property=\"og:description\" content=\"Lampe de travail tr\u00e8s pratique et styl\u00e9e \u00e0 lumi\u00e8re LED pour un \u00e9clairage optimal de votre poste de travail, pendant vos manucures, par exemple. R\u00e9gulateur avec 5 positions afin d&rsquo;ajuster l&rsquo;intensit\u00e9. 3 couleurs d&rsquo;\u00e9clairage r\u00e9glables (chaude, froide, naturelle). Bras flexible pour un \u00e9clairage pr\u00e9cis des surfaces de travail. Touches num\u00e9riques pour une commande facile. Il [&hellip;]\" \/>\n<meta property=\"og:url\" content=\"https:\/\/districos.standingout.be\/fr\/product\/stiled-basic-lampe-blanc-ref-8430-172\/\" \/>\n<meta property=\"og:site_name\" content=\"Districos Webshop\" \/>\n<meta property=\"article:modified_time\" content=\"2026-04-28T09:29:19+00:00\" \/>\n<meta name=\"twitter:card\" content=\"summary_large_image\" \/>\n<script type=\"application\/ld+json\" class=\"yoast-schema-graph\">{\"@context\":\"https:\\\/\\\/schema.org\",\"@graph\":[{\"@type\":\"WebPage\",\"@id\":\"https:\\\/\\\/districos.standingout.be\\\/fr\\\/product\\\/stiled-basic-lampe-blanc-ref-8430-172\\\/\",\"url\":\"https:\\\/\\\/districos.standingout.be\\\/fr\\\/product\\\/stiled-basic-lampe-blanc-ref-8430-172\\\/\",\"name\":\"StiLED Basic Lampe Blanc - Districos Webshop\",\"isPartOf\":{\"@id\":\"https:\\\/\\\/districos.standingout.be\\\/fr\\\/#website\"},\"primaryImageOfPage\":{\"@id\":\"https:\\\/\\\/districos.standingout.be\\\/fr\\\/product\\\/stiled-basic-lampe-blanc-ref-8430-172\\\/#primaryimage\"},\"image\":{\"@id\":\"https:\\\/\\\/districos.standingout.be\\\/fr\\\/product\\\/stiled-basic-lampe-blanc-ref-8430-172\\\/#primaryimage\"},\"thumbnailUrl\":\"https:\\\/\\\/districos.standingout.be\\\/wp-content\\\/uploads\\\/2025\\\/07\\\/8430.172@LowRes_1.png\",\"datePublished\":\"2026-04-28T09:29:12+00:00\",\"dateModified\":\"2026-04-28T09:29:19+00:00\",\"breadcrumb\":{\"@id\":\"https:\\\/\\\/districos.standingout.be\\\/fr\\\/product\\\/stiled-basic-lampe-blanc-ref-8430-172\\\/#breadcrumb\"},\"inLanguage\":\"fr-FR\",\"potentialAction\":[{\"@type\":\"ReadAction\",\"target\":[\"https:\\\/\\\/districos.standingout.be\\\/fr\\\/product\\\/stiled-basic-lampe-blanc-ref-8430-172\\\/\"]}]},{\"@type\":\"ImageObject\",\"inLanguage\":\"fr-FR\",\"@id\":\"https:\\\/\\\/districos.standingout.be\\\/fr\\\/product\\\/stiled-basic-lampe-blanc-ref-8430-172\\\/#primaryimage\",\"url\":\"https:\\\/\\\/districos.standingout.be\\\/wp-content\\\/uploads\\\/2025\\\/07\\\/8430.172@LowRes_1.png\",\"contentUrl\":\"https:\\\/\\\/districos.standingout.be\\\/wp-content\\\/uploads\\\/2025\\\/07\\\/8430.172@LowRes_1.png\",\"width\":600,\"height\":600},{\"@type\":\"BreadcrumbList\",\"@id\":\"https:\\\/\\\/districos.standingout.be\\\/fr\\\/product\\\/stiled-basic-lampe-blanc-ref-8430-172\\\/#breadcrumb\",\"itemListElement\":[{\"@type\":\"ListItem\",\"position\":1,\"name\":\"Home\",\"item\":\"https:\\\/\\\/districos.standingout.be\\\/fr\\\/bienvenue-chez-districos\\\/\"},{\"@type\":\"ListItem\",\"position\":2,\"name\":\"Boutique\",\"item\":\"https:\\\/\\\/districos.standingout.be\\\/fr\\\/boutique\\\/\"},{\"@type\":\"ListItem\",\"position\":3,\"name\":\"StiLED Basic Lampe Blanc\"}]},{\"@type\":\"WebSite\",\"@id\":\"https:\\\/\\\/districos.standingout.be\\\/fr\\\/#website\",\"url\":\"https:\\\/\\\/districos.standingout.be\\\/fr\\\/\",\"name\":\"Districos Webshop\",\"description\":\"\",\"publisher\":{\"@id\":\"https:\\\/\\\/districos.standingout.be\\\/fr\\\/#organization\"},\"potentialAction\":[{\"@type\":\"SearchAction\",\"target\":{\"@type\":\"EntryPoint\",\"urlTemplate\":\"https:\\\/\\\/districos.standingout.be\\\/fr\\\/?s={search_term_string}\"},\"query-input\":{\"@type\":\"PropertyValueSpecification\",\"valueRequired\":true,\"valueName\":\"search_term_string\"}}],\"inLanguage\":\"fr-FR\"},{\"@type\":\"Organization\",\"@id\":\"https:\\\/\\\/districos.standingout.be\\\/fr\\\/#organization\",\"name\":\"Districos Webshop\",\"url\":\"https:\\\/\\\/districos.standingout.be\\\/fr\\\/\",\"logo\":{\"@type\":\"ImageObject\",\"inLanguage\":\"fr-FR\",\"@id\":\"https:\\\/\\\/districos.standingout.be\\\/fr\\\/#\\\/schema\\\/logo\\\/image\\\/\",\"url\":\"https:\\\/\\\/districos.standingout.be\\\/wp-content\\\/uploads\\\/2022\\\/09\\\/Districos_Logo_Webshop.svg\",\"contentUrl\":\"https:\\\/\\\/districos.standingout.be\\\/wp-content\\\/uploads\\\/2022\\\/09\\\/Districos_Logo_Webshop.svg\",\"caption\":\"Districos Webshop\"},\"image\":{\"@id\":\"https:\\\/\\\/districos.standingout.be\\\/fr\\\/#\\\/schema\\\/logo\\\/image\\\/\"}}]}<\/script>\n<!-- \/ Yoast SEO plugin. -->","yoast_head_json":{"title":"StiLED Basic Lampe Blanc - Districos Webshop","robots":{"index":"noindex","follow":"follow","max-snippet":"max-snippet:-1","max-image-preview":"max-image-preview:large","max-video-preview":"max-video-preview:-1"},"og_locale":"fr_FR","og_type":"article","og_title":"StiLED Basic Lampe Blanc - Districos Webshop","og_description":"Lampe de travail tr\u00e8s pratique et styl\u00e9e \u00e0 lumi\u00e8re LED pour un \u00e9clairage optimal de votre poste de travail, pendant vos manucures, par exemple. R\u00e9gulateur avec 5 positions afin d&rsquo;ajuster l&rsquo;intensit\u00e9. 3 couleurs d&rsquo;\u00e9clairage r\u00e9glables (chaude, froide, naturelle). Bras flexible pour un \u00e9clairage pr\u00e9cis des surfaces de travail. Touches num\u00e9riques pour une commande facile. Il [&hellip;]","og_url":"https:\/\/districos.standingout.be\/fr\/product\/stiled-basic-lampe-blanc-ref-8430-172\/","og_site_name":"Districos Webshop","article_modified_time":"2026-04-28T09:29:19+00:00","twitter_card":"summary_large_image","schema":{"@context":"https:\/\/schema.org","@graph":[{"@type":"WebPage","@id":"https:\/\/districos.standingout.be\/fr\/product\/stiled-basic-lampe-blanc-ref-8430-172\/","url":"https:\/\/districos.standingout.be\/fr\/product\/stiled-basic-lampe-blanc-ref-8430-172\/","name":"StiLED Basic Lampe Blanc - Districos Webshop","isPartOf":{"@id":"https:\/\/districos.standingout.be\/fr\/#website"},"primaryImageOfPage":{"@id":"https:\/\/districos.standingout.be\/fr\/product\/stiled-basic-lampe-blanc-ref-8430-172\/#primaryimage"},"image":{"@id":"https:\/\/districos.standingout.be\/fr\/product\/stiled-basic-lampe-blanc-ref-8430-172\/#primaryimage"},"thumbnailUrl":"https:\/\/districos.standingout.be\/wp-content\/uploads\/2025\/07\/8430.172@LowRes_1.png","datePublished":"2026-04-28T09:29:12+00:00","dateModified":"2026-04-28T09:29:19+00:00","breadcrumb":{"@id":"https:\/\/districos.standingout.be\/fr\/product\/stiled-basic-lampe-blanc-ref-8430-172\/#breadcrumb"},"inLanguage":"fr-FR","potentialAction":[{"@type":"ReadAction","target":["https:\/\/districos.standingout.be\/fr\/product\/stiled-basic-lampe-blanc-ref-8430-172\/"]}]},{"@type":"ImageObject","inLanguage":"fr-FR","@id":"https:\/\/districos.standingout.be\/fr\/product\/stiled-basic-lampe-blanc-ref-8430-172\/#primaryimage","url":"https:\/\/districos.standingout.be\/wp-content\/uploads\/2025\/07\/8430.172@LowRes_1.png","contentUrl":"https:\/\/districos.standingout.be\/wp-content\/uploads\/2025\/07\/8430.172@LowRes_1.png","width":600,"height":600},{"@type":"BreadcrumbList","@id":"https:\/\/districos.standingout.be\/fr\/product\/stiled-basic-lampe-blanc-ref-8430-172\/#breadcrumb","itemListElement":[{"@type":"ListItem","position":1,"name":"Home","item":"https:\/\/districos.standingout.be\/fr\/bienvenue-chez-districos\/"},{"@type":"ListItem","position":2,"name":"Boutique","item":"https:\/\/districos.standingout.be\/fr\/boutique\/"},{"@type":"ListItem","position":3,"name":"StiLED Basic Lampe Blanc"}]},{"@type":"WebSite","@id":"https:\/\/districos.standingout.be\/fr\/#website","url":"https:\/\/districos.standingout.be\/fr\/","name":"Districos Webshop","description":"","publisher":{"@id":"https:\/\/districos.standingout.be\/fr\/#organization"},"potentialAction":[{"@type":"SearchAction","target":{"@type":"EntryPoint","urlTemplate":"https:\/\/districos.standingout.be\/fr\/?s={search_term_string}"},"query-input":{"@type":"PropertyValueSpecification","valueRequired":true,"valueName":"search_term_string"}}],"inLanguage":"fr-FR"},{"@type":"Organization","@id":"https:\/\/districos.standingout.be\/fr\/#organization","name":"Districos Webshop","url":"https:\/\/districos.standingout.be\/fr\/","logo":{"@type":"ImageObject","inLanguage":"fr-FR","@id":"https:\/\/districos.standingout.be\/fr\/#\/schema\/logo\/image\/","url":"https:\/\/districos.standingout.be\/wp-content\/uploads\/2022\/09\/Districos_Logo_Webshop.svg","contentUrl":"https:\/\/districos.standingout.be\/wp-content\/uploads\/2022\/09\/Districos_Logo_Webshop.svg","caption":"Districos Webshop"},"image":{"@id":"https:\/\/districos.standingout.be\/fr\/#\/schema\/logo\/image\/"}}]}},"_links":{"self":[{"href":"https:\/\/districos.standingout.be\/fr\/wp-json\/wp\/v2\/product\/138515","targetHints":{"allow":["GET"]}}],"collection":[{"href":"https:\/\/districos.standingout.be\/fr\/wp-json\/wp\/v2\/product"}],"about":[{"href":"https:\/\/districos.standingout.be\/fr\/wp-json\/wp\/v2\/types\/product"}],"replies":[{"embeddable":true,"href":"https:\/\/districos.standingout.be\/fr\/wp-json\/wp\/v2\/comments?post=138515"}],"wp:featuredmedia":[{"embeddable":true,"href":"https:\/\/districos.standingout.be\/fr\/wp-json\/wp\/v2\/media\/81581"}],"wp:attachment":[{"href":"https:\/\/districos.standingout.be\/fr\/wp-json\/wp\/v2\/media?parent=138515"}],"wp:term":[{"taxonomy":"product_brand","embeddable":true,"href":"https:\/\/districos.standingout.be\/fr\/wp-json\/wp\/v2\/product_brand?post=138515"},{"taxonomy":"product_cat","embeddable":true,"href":"https:\/\/districos.standingout.be\/fr\/wp-json\/wp\/v2\/product_cat?post=138515"},{"taxonomy":"product_tag","embeddable":true,"href":"https:\/\/districos.standingout.be\/fr\/wp-json\/wp\/v2\/product_tag?post=138515"}],"curies":[{"name":"wp","href":"https:\/\/api.w.org\/{rel}","templated":true}]}}