{"id":138541,"date":"2026-04-28T11:30:22","date_gmt":"2026-04-28T09:30:22","guid":{"rendered":"https:\/\/webshopdistricoscom.webhosting.be\/product\/valentino-generation-iii-s-set-de-6-filtres-165x135-cm-ref-8430-251\/"},"modified":"2026-04-28T11:30:32","modified_gmt":"2026-04-28T09:30:32","slug":"valentino-generation-iii-s-set-de-6-filtres-165x135-cm-ref-8430-251","status":"publish","type":"product","link":"https:\/\/districos.standingout.be\/fr\/product\/valentino-generation-iii-s-set-de-6-filtres-165x135-cm-ref-8430-251\/","title":{"rendered":"Valentino Generation III S Set de 6 Filtres 16,5&#215;13,5 cm"},"content":{"rendered":"<p >\n<p dir=ltr>Set de 6 filtres pour le Valentino G\u00e9n\u00e9ration III S.<\/p>\n<p> Il est conseill\u00e9 de remplacer les filtres toutes les 2 semaines (selon l\u2019usage). <\/p>\n<p> <b> Attention :<\/b> Il y a diff\u00e9rentes tailles de filtres selon les mod\u00e8les. Mesurez votre filtre afin de commander le bon. <\/p>\n<p> Dimensions : 16,5 x 13,5 cm (L x l)<br \/> Emballage : 6 pi\u00e8ces<\/p><\/p>\n","protected":false},"excerpt":{"rendered":"<p>Set de 6 filtres pour le Valentino G\u00e9n\u00e9ration III S. Il est conseill\u00e9 de remplacer les filtres toutes les 2 semaines (selon l\u2019usage). Attention : Il y a diff\u00e9rentes tailles de filtres selon les mod\u00e8les. Mesurez votre filtre afin de commander le bon. Dimensions : 16,5 x 13,5 cm (L x l) Emballage : 6 [&hellip;]<\/p>\n","protected":false},"featured_media":81635,"comment_status":"open","ping_status":"closed","template":"","meta":{"_acf_changed":false},"product_brand":[10596],"product_cat":[10271,10092],"product_tag":[],"class_list":{"0":"post-138541","1":"product","2":"type-product","3":"status-publish","4":"has-post-thumbnail","6":"product_brand-valentino-fr","7":"product_cat-beaute-manucure-ongles-equipement","8":"product_cat-amenagement-equipement-manucure","10":"first","11":"instock","12":"taxable","13":"shipping-taxable","14":"product-type-simple"},"acf":[],"yoast_head":"<!-- This site is optimized with the Yoast SEO plugin v27.3 - https:\/\/yoast.com\/product\/yoast-seo-wordpress\/ -->\n<title>Valentino Generation III S Set de 6 Filtres 16,5x13,5 cm - Districos Webshop<\/title>\n<meta name=\"robots\" content=\"noindex, follow, max-snippet:-1, max-image-preview:large, max-video-preview:-1\" \/>\n<meta property=\"og:locale\" content=\"fr_FR\" \/>\n<meta property=\"og:type\" content=\"article\" \/>\n<meta property=\"og:title\" content=\"Valentino Generation III S Set de 6 Filtres 16,5x13,5 cm - Districos Webshop\" \/>\n<meta property=\"og:description\" content=\"Set de 6 filtres pour le Valentino G\u00e9n\u00e9ration III S. Il est conseill\u00e9 de remplacer les filtres toutes les 2 semaines (selon l\u2019usage). Attention : Il y a diff\u00e9rentes tailles de filtres selon les mod\u00e8les. Mesurez votre filtre afin de commander le bon. Dimensions : 16,5 x 13,5 cm (L x l) Emballage : 6 [&hellip;]\" \/>\n<meta property=\"og:url\" content=\"https:\/\/districos.standingout.be\/fr\/product\/valentino-generation-iii-s-set-de-6-filtres-165x135-cm-ref-8430-251\/\" \/>\n<meta property=\"og:site_name\" content=\"Districos Webshop\" \/>\n<meta property=\"article:modified_time\" content=\"2026-04-28T09:30:32+00:00\" \/>\n<meta name=\"twitter:card\" content=\"summary_large_image\" \/>\n<script type=\"application\/ld+json\" class=\"yoast-schema-graph\">{\"@context\":\"https:\\\/\\\/schema.org\",\"@graph\":[{\"@type\":\"WebPage\",\"@id\":\"https:\\\/\\\/districos.standingout.be\\\/fr\\\/product\\\/valentino-generation-iii-s-set-de-6-filtres-165x135-cm-ref-8430-251\\\/\",\"url\":\"https:\\\/\\\/districos.standingout.be\\\/fr\\\/product\\\/valentino-generation-iii-s-set-de-6-filtres-165x135-cm-ref-8430-251\\\/\",\"name\":\"Valentino Generation III S Set de 6 Filtres 16,5x13,5 cm - Districos Webshop\",\"isPartOf\":{\"@id\":\"https:\\\/\\\/districos.standingout.be\\\/fr\\\/#website\"},\"primaryImageOfPage\":{\"@id\":\"https:\\\/\\\/districos.standingout.be\\\/fr\\\/product\\\/valentino-generation-iii-s-set-de-6-filtres-165x135-cm-ref-8430-251\\\/#primaryimage\"},\"image\":{\"@id\":\"https:\\\/\\\/districos.standingout.be\\\/fr\\\/product\\\/valentino-generation-iii-s-set-de-6-filtres-165x135-cm-ref-8430-251\\\/#primaryimage\"},\"thumbnailUrl\":\"https:\\\/\\\/districos.standingout.be\\\/wp-content\\\/uploads\\\/2025\\\/07\\\/8430.251@HighRes_0_99.png\",\"datePublished\":\"2026-04-28T09:30:22+00:00\",\"dateModified\":\"2026-04-28T09:30:32+00:00\",\"breadcrumb\":{\"@id\":\"https:\\\/\\\/districos.standingout.be\\\/fr\\\/product\\\/valentino-generation-iii-s-set-de-6-filtres-165x135-cm-ref-8430-251\\\/#breadcrumb\"},\"inLanguage\":\"fr-FR\",\"potentialAction\":[{\"@type\":\"ReadAction\",\"target\":[\"https:\\\/\\\/districos.standingout.be\\\/fr\\\/product\\\/valentino-generation-iii-s-set-de-6-filtres-165x135-cm-ref-8430-251\\\/\"]}]},{\"@type\":\"ImageObject\",\"inLanguage\":\"fr-FR\",\"@id\":\"https:\\\/\\\/districos.standingout.be\\\/fr\\\/product\\\/valentino-generation-iii-s-set-de-6-filtres-165x135-cm-ref-8430-251\\\/#primaryimage\",\"url\":\"https:\\\/\\\/districos.standingout.be\\\/wp-content\\\/uploads\\\/2025\\\/07\\\/8430.251@HighRes_0_99.png\",\"contentUrl\":\"https:\\\/\\\/districos.standingout.be\\\/wp-content\\\/uploads\\\/2025\\\/07\\\/8430.251@HighRes_0_99.png\",\"width\":600,\"height\":600},{\"@type\":\"BreadcrumbList\",\"@id\":\"https:\\\/\\\/districos.standingout.be\\\/fr\\\/product\\\/valentino-generation-iii-s-set-de-6-filtres-165x135-cm-ref-8430-251\\\/#breadcrumb\",\"itemListElement\":[{\"@type\":\"ListItem\",\"position\":1,\"name\":\"Home\",\"item\":\"https:\\\/\\\/districos.standingout.be\\\/fr\\\/bienvenue-chez-districos\\\/\"},{\"@type\":\"ListItem\",\"position\":2,\"name\":\"Boutique\",\"item\":\"https:\\\/\\\/districos.standingout.be\\\/fr\\\/boutique\\\/\"},{\"@type\":\"ListItem\",\"position\":3,\"name\":\"Valentino Generation III S Set de 6 Filtres 16,5&#215;13,5 cm\"}]},{\"@type\":\"WebSite\",\"@id\":\"https:\\\/\\\/districos.standingout.be\\\/fr\\\/#website\",\"url\":\"https:\\\/\\\/districos.standingout.be\\\/fr\\\/\",\"name\":\"Districos Webshop\",\"description\":\"\",\"publisher\":{\"@id\":\"https:\\\/\\\/districos.standingout.be\\\/fr\\\/#organization\"},\"potentialAction\":[{\"@type\":\"SearchAction\",\"target\":{\"@type\":\"EntryPoint\",\"urlTemplate\":\"https:\\\/\\\/districos.standingout.be\\\/fr\\\/?s={search_term_string}\"},\"query-input\":{\"@type\":\"PropertyValueSpecification\",\"valueRequired\":true,\"valueName\":\"search_term_string\"}}],\"inLanguage\":\"fr-FR\"},{\"@type\":\"Organization\",\"@id\":\"https:\\\/\\\/districos.standingout.be\\\/fr\\\/#organization\",\"name\":\"Districos Webshop\",\"url\":\"https:\\\/\\\/districos.standingout.be\\\/fr\\\/\",\"logo\":{\"@type\":\"ImageObject\",\"inLanguage\":\"fr-FR\",\"@id\":\"https:\\\/\\\/districos.standingout.be\\\/fr\\\/#\\\/schema\\\/logo\\\/image\\\/\",\"url\":\"https:\\\/\\\/districos.standingout.be\\\/wp-content\\\/uploads\\\/2022\\\/09\\\/Districos_Logo_Webshop.svg\",\"contentUrl\":\"https:\\\/\\\/districos.standingout.be\\\/wp-content\\\/uploads\\\/2022\\\/09\\\/Districos_Logo_Webshop.svg\",\"caption\":\"Districos Webshop\"},\"image\":{\"@id\":\"https:\\\/\\\/districos.standingout.be\\\/fr\\\/#\\\/schema\\\/logo\\\/image\\\/\"}}]}<\/script>\n<!-- \/ Yoast SEO plugin. -->","yoast_head_json":{"title":"Valentino Generation III S Set de 6 Filtres 16,5x13,5 cm - Districos Webshop","robots":{"index":"noindex","follow":"follow","max-snippet":"max-snippet:-1","max-image-preview":"max-image-preview:large","max-video-preview":"max-video-preview:-1"},"og_locale":"fr_FR","og_type":"article","og_title":"Valentino Generation III S Set de 6 Filtres 16,5x13,5 cm - Districos Webshop","og_description":"Set de 6 filtres pour le Valentino G\u00e9n\u00e9ration III S. Il est conseill\u00e9 de remplacer les filtres toutes les 2 semaines (selon l\u2019usage). Attention : Il y a diff\u00e9rentes tailles de filtres selon les mod\u00e8les. Mesurez votre filtre afin de commander le bon. Dimensions : 16,5 x 13,5 cm (L x l) Emballage : 6 [&hellip;]","og_url":"https:\/\/districos.standingout.be\/fr\/product\/valentino-generation-iii-s-set-de-6-filtres-165x135-cm-ref-8430-251\/","og_site_name":"Districos Webshop","article_modified_time":"2026-04-28T09:30:32+00:00","twitter_card":"summary_large_image","schema":{"@context":"https:\/\/schema.org","@graph":[{"@type":"WebPage","@id":"https:\/\/districos.standingout.be\/fr\/product\/valentino-generation-iii-s-set-de-6-filtres-165x135-cm-ref-8430-251\/","url":"https:\/\/districos.standingout.be\/fr\/product\/valentino-generation-iii-s-set-de-6-filtres-165x135-cm-ref-8430-251\/","name":"Valentino Generation III S Set de 6 Filtres 16,5x13,5 cm - Districos Webshop","isPartOf":{"@id":"https:\/\/districos.standingout.be\/fr\/#website"},"primaryImageOfPage":{"@id":"https:\/\/districos.standingout.be\/fr\/product\/valentino-generation-iii-s-set-de-6-filtres-165x135-cm-ref-8430-251\/#primaryimage"},"image":{"@id":"https:\/\/districos.standingout.be\/fr\/product\/valentino-generation-iii-s-set-de-6-filtres-165x135-cm-ref-8430-251\/#primaryimage"},"thumbnailUrl":"https:\/\/districos.standingout.be\/wp-content\/uploads\/2025\/07\/8430.251@HighRes_0_99.png","datePublished":"2026-04-28T09:30:22+00:00","dateModified":"2026-04-28T09:30:32+00:00","breadcrumb":{"@id":"https:\/\/districos.standingout.be\/fr\/product\/valentino-generation-iii-s-set-de-6-filtres-165x135-cm-ref-8430-251\/#breadcrumb"},"inLanguage":"fr-FR","potentialAction":[{"@type":"ReadAction","target":["https:\/\/districos.standingout.be\/fr\/product\/valentino-generation-iii-s-set-de-6-filtres-165x135-cm-ref-8430-251\/"]}]},{"@type":"ImageObject","inLanguage":"fr-FR","@id":"https:\/\/districos.standingout.be\/fr\/product\/valentino-generation-iii-s-set-de-6-filtres-165x135-cm-ref-8430-251\/#primaryimage","url":"https:\/\/districos.standingout.be\/wp-content\/uploads\/2025\/07\/8430.251@HighRes_0_99.png","contentUrl":"https:\/\/districos.standingout.be\/wp-content\/uploads\/2025\/07\/8430.251@HighRes_0_99.png","width":600,"height":600},{"@type":"BreadcrumbList","@id":"https:\/\/districos.standingout.be\/fr\/product\/valentino-generation-iii-s-set-de-6-filtres-165x135-cm-ref-8430-251\/#breadcrumb","itemListElement":[{"@type":"ListItem","position":1,"name":"Home","item":"https:\/\/districos.standingout.be\/fr\/bienvenue-chez-districos\/"},{"@type":"ListItem","position":2,"name":"Boutique","item":"https:\/\/districos.standingout.be\/fr\/boutique\/"},{"@type":"ListItem","position":3,"name":"Valentino Generation III S Set de 6 Filtres 16,5&#215;13,5 cm"}]},{"@type":"WebSite","@id":"https:\/\/districos.standingout.be\/fr\/#website","url":"https:\/\/districos.standingout.be\/fr\/","name":"Districos Webshop","description":"","publisher":{"@id":"https:\/\/districos.standingout.be\/fr\/#organization"},"potentialAction":[{"@type":"SearchAction","target":{"@type":"EntryPoint","urlTemplate":"https:\/\/districos.standingout.be\/fr\/?s={search_term_string}"},"query-input":{"@type":"PropertyValueSpecification","valueRequired":true,"valueName":"search_term_string"}}],"inLanguage":"fr-FR"},{"@type":"Organization","@id":"https:\/\/districos.standingout.be\/fr\/#organization","name":"Districos Webshop","url":"https:\/\/districos.standingout.be\/fr\/","logo":{"@type":"ImageObject","inLanguage":"fr-FR","@id":"https:\/\/districos.standingout.be\/fr\/#\/schema\/logo\/image\/","url":"https:\/\/districos.standingout.be\/wp-content\/uploads\/2022\/09\/Districos_Logo_Webshop.svg","contentUrl":"https:\/\/districos.standingout.be\/wp-content\/uploads\/2022\/09\/Districos_Logo_Webshop.svg","caption":"Districos Webshop"},"image":{"@id":"https:\/\/districos.standingout.be\/fr\/#\/schema\/logo\/image\/"}}]}},"_links":{"self":[{"href":"https:\/\/districos.standingout.be\/fr\/wp-json\/wp\/v2\/product\/138541","targetHints":{"allow":["GET"]}}],"collection":[{"href":"https:\/\/districos.standingout.be\/fr\/wp-json\/wp\/v2\/product"}],"about":[{"href":"https:\/\/districos.standingout.be\/fr\/wp-json\/wp\/v2\/types\/product"}],"replies":[{"embeddable":true,"href":"https:\/\/districos.standingout.be\/fr\/wp-json\/wp\/v2\/comments?post=138541"}],"wp:featuredmedia":[{"embeddable":true,"href":"https:\/\/districos.standingout.be\/fr\/wp-json\/wp\/v2\/media\/81635"}],"wp:attachment":[{"href":"https:\/\/districos.standingout.be\/fr\/wp-json\/wp\/v2\/media?parent=138541"}],"wp:term":[{"taxonomy":"product_brand","embeddable":true,"href":"https:\/\/districos.standingout.be\/fr\/wp-json\/wp\/v2\/product_brand?post=138541"},{"taxonomy":"product_cat","embeddable":true,"href":"https:\/\/districos.standingout.be\/fr\/wp-json\/wp\/v2\/product_cat?post=138541"},{"taxonomy":"product_tag","embeddable":true,"href":"https:\/\/districos.standingout.be\/fr\/wp-json\/wp\/v2\/product_tag?post=138541"}],"curies":[{"name":"wp","href":"https:\/\/api.w.org\/{rel}","templated":true}]}}