{"id":138547,"date":"2026-04-28T11:31:29","date_gmt":"2026-04-28T09:31:29","guid":{"rendered":"https:\/\/webshopdistricoscom.webhosting.be\/product\/gvs-table-manucure-rectangulaire-blanc-1-m-ref-8430-900\/"},"modified":"2026-04-28T11:31:37","modified_gmt":"2026-04-28T09:31:37","slug":"gvs-table-manucure-rectangulaire-blanc-1-m-ref-8430-900","status":"publish","type":"product","link":"https:\/\/districos.standingout.be\/fr\/product\/gvs-table-manucure-rectangulaire-blanc-1-m-ref-8430-900\/","title":{"rendered":"GVS Table Manucure Rectangulaire Blanc 1 m"},"content":{"rendered":"<p >\n<p dir=\"ltr\">Une table de manucure de GVS vous prot\u00e8ge contre les effet n\u00e9fastes d\u2019une exposition de longue dur\u00e9e \u00e0 des substances nocives et \u00e0 des particules fines. Les gaz, les micro-organismes et les particles de poussi\u00e8re jusqu\u2019\u00e0 0,3 \u00b5m sont filtr\u00e9s.<\/p>\n<p> <b>Extraction de la poussi\u00e8re et des odeurs \u00e0 4 diff\u00e9rents endroits!<\/b> <\/p>\n<ul> <\/p>\n<li>Tuyau extracteur (lampe inclus)<\/li>\n<p> <\/p>\n<li>Grille d\u2019a\u00e9ration<\/li>\n<p> <\/p>\n<li>D\u00f4me de pl\u00e9num<\/li>\n<p> <\/p>\n<li>Tiroir ventil\u00e9<\/li>\n<p> <\/ul>\n<p> <b>\u00e9galement disponible:<\/b> <\/p>\n<ul> <\/p>\n<li>Table Manucure rectang. 1,2m blanche GVS (<a href=\"&quot;https:\/\/districos.com\/index.php\/fr\/artikel\/nageltafel-rechthoekig-12-m-wit-gvs&quot;\" target=\"&quot;_blank&quot;\" target=\"_blank\" rel=\"noopener noreferrer nofollow\">r\u00e9f.: 8430.910<\/a>)<\/li>\n<p> <\/p>\n<li>Table manucure rectang. 1,4m blanche GVS (<a href=\"&quot;https:\/\/districos.com\/index.php\/fr\/artikel\/manicuretafel-rechthoekig-14-m&quot;\" target=\"&quot;_blank&quot;\" target=\"_blank\" rel=\"noopener noreferrer nofollow\">r\u00e9f.: 8430.920<\/a>)<\/li>\n<p> <\/p>\n<li> Table manucure ovale 1,4 blanche GVS (<a href=\"&quot;https:\/\/districos.com\/index.php\/fr\/artikel\/manicuretafel-ovaal-12-m-wit-gvs&quot;\" target=\"&quot;_blank&quot;\" target=\"_blank\" rel=\"noopener noreferrer nofollow\">r\u00e9f.: 8430.940<\/a>)<\/li>\n<p> <\/p>\n<li>Table manucure ovale 1,4 blanche GVS(<a href=\"&quot;https:\/\/districos.com\/index.php\/fr\/artikel\/manicuretafel-ovaal-14m-wit-gvs&quot;\" target=\"&quot;_blank&quot;\" target=\"_blank\" rel=\"noopener noreferrer nofollow\">r\u00e9f.: 8430.950<\/a>)<\/li>\n<p> <\/p>\n<li>Table rect. 2 tiroirs 1,5mn blanche GVS (<a href=\"&quot;https:\/\/districos.com\/index.php\/fr\/artikel\/manicuretafel-2-ladenb-recht-15m-wit-gvs&quot;\" target=\"&quot;_blank&quot;\" target=\"_blank\" rel=\"noopener noreferrer nofollow\">r\u00e9f. 8930.960<\/a>)<\/li>\n<p> <\/ul>\n<p> <b>Filters:<\/b> <\/p>\n<ul> <\/p>\n<li>Pr\u00e9-filtre GVS 4pcs.(<a href=\"&quot;https:\/\/districos.com\/index.php\/fr\/artikel\/pre-filter-gvs-4st&quot;\" target=\"&quot;_blank&quot;\" target=\"_blank\" rel=\"noopener noreferrer nofollow\">r\u00e9f. 8430.991<\/a>)<\/li>\n<p> <\/p>\n<li>Filtre \u00e0 charbon GVS 1 pc.(<a href=\"&quot;https:\/\/districos.com\/index.php\/fr\/artikel\/koolstoffilter-gvs-1-st&quot;\" target=\"&quot;_blank&quot;\" target=\"_blank\" rel=\"noopener noreferrer nofollow\">r\u00e9f. 8430.992<\/a>)<\/li>\n<\/ul>\n<p><span><b><br \/><\/b><\/span><b>ATTENTION :<\/b><span>&nbsp;Cet article est que livr\u00e9 en Belgique (pas de livraison possible pour le Luxembourgh et les Pays Bas) par nos propres services apr\u00e8s que nous vous ayons appel\u00e9 pour prendre rendez-vous. Vous devez donc tenir compte que le d\u00e9lai de livraison peut atteindre jusqu\u2019\u00e0 7 \u00e0 10 jours ouvrables, selon la disponibilit\u00e9 et la route de notre chauffeur. Lorsque vous passez une commande, veuillez toujours \u00e0 donner une indication de l\u2019urgence dans la case&nbsp;<\/span><i>remarques<\/i><span>, afin de garantir un traitement rapide de votre commande. Dans le cas o\u00f9 vous n\u2019avez pas re\u00e7u d\u2019appel de notre part, n\u2019h\u00e9sitez pas \u00e0 nous contacter. Pour plus d\u2019informations, nous vous renvoyons vers nos&nbsp;<\/span><i>conditions&nbsp;<\/i><i>g\u00e9n\u00e9rales<\/i><span>.<\/span><\/p>\n<ul> <\/ul><\/p>\n","protected":false},"excerpt":{"rendered":"<p>Une table de manucure de GVS vous prot\u00e8ge contre les effet n\u00e9fastes d\u2019une exposition de longue dur\u00e9e \u00e0 des substances nocives et \u00e0 des particules fines. Les gaz, les micro-organismes et les particles de poussi\u00e8re jusqu\u2019\u00e0 0,3 \u00b5m sont filtr\u00e9s. Extraction de la poussi\u00e8re et des odeurs \u00e0 4 diff\u00e9rents endroits! Tuyau extracteur (lampe inclus) [&hellip;]<\/p>\n","protected":false},"featured_media":81641,"comment_status":"open","ping_status":"closed","template":"","meta":{"_acf_changed":false},"product_brand":[10420],"product_cat":[10114],"product_tag":[],"class_list":{"0":"post-138547","1":"product","2":"type-product","3":"status-publish","4":"has-post-thumbnail","6":"product_brand-gvs-fr","7":"product_cat-amenagement-amenagement-tables-de-manucure","9":"first","10":"instock","11":"taxable","12":"shipping-taxable","13":"product-type-simple"},"acf":[],"yoast_head":"<!-- This site is optimized with the Yoast SEO plugin v27.3 - https:\/\/yoast.com\/product\/yoast-seo-wordpress\/ -->\n<title>GVS Table Manucure Rectangulaire Blanc 1 m - Districos Webshop<\/title>\n<meta name=\"robots\" content=\"noindex, follow, max-snippet:-1, max-image-preview:large, max-video-preview:-1\" \/>\n<meta property=\"og:locale\" content=\"fr_FR\" \/>\n<meta property=\"og:type\" content=\"article\" \/>\n<meta property=\"og:title\" content=\"GVS Table Manucure Rectangulaire Blanc 1 m - Districos Webshop\" \/>\n<meta property=\"og:description\" content=\"Une table de manucure de GVS vous prot\u00e8ge contre les effet n\u00e9fastes d\u2019une exposition de longue dur\u00e9e \u00e0 des substances nocives et \u00e0 des particules fines. Les gaz, les micro-organismes et les particles de poussi\u00e8re jusqu\u2019\u00e0 0,3 \u00b5m sont filtr\u00e9s. Extraction de la poussi\u00e8re et des odeurs \u00e0 4 diff\u00e9rents endroits! Tuyau extracteur (lampe inclus) [&hellip;]\" \/>\n<meta property=\"og:url\" content=\"https:\/\/districos.standingout.be\/fr\/product\/gvs-table-manucure-rectangulaire-blanc-1-m-ref-8430-900\/\" \/>\n<meta property=\"og:site_name\" content=\"Districos Webshop\" \/>\n<meta property=\"article:modified_time\" content=\"2026-04-28T09:31:37+00:00\" \/>\n<meta name=\"twitter:card\" content=\"summary_large_image\" \/>\n<meta name=\"twitter:label1\" content=\"Dur\u00e9e de lecture estim\u00e9e\" \/>\n\t<meta name=\"twitter:data1\" content=\"1 minute\" \/>\n<script type=\"application\/ld+json\" class=\"yoast-schema-graph\">{\"@context\":\"https:\\\/\\\/schema.org\",\"@graph\":[{\"@type\":\"WebPage\",\"@id\":\"https:\\\/\\\/districos.standingout.be\\\/fr\\\/product\\\/gvs-table-manucure-rectangulaire-blanc-1-m-ref-8430-900\\\/\",\"url\":\"https:\\\/\\\/districos.standingout.be\\\/fr\\\/product\\\/gvs-table-manucure-rectangulaire-blanc-1-m-ref-8430-900\\\/\",\"name\":\"GVS Table Manucure Rectangulaire Blanc 1 m - Districos Webshop\",\"isPartOf\":{\"@id\":\"https:\\\/\\\/districos.standingout.be\\\/fr\\\/#website\"},\"primaryImageOfPage\":{\"@id\":\"https:\\\/\\\/districos.standingout.be\\\/fr\\\/product\\\/gvs-table-manucure-rectangulaire-blanc-1-m-ref-8430-900\\\/#primaryimage\"},\"image\":{\"@id\":\"https:\\\/\\\/districos.standingout.be\\\/fr\\\/product\\\/gvs-table-manucure-rectangulaire-blanc-1-m-ref-8430-900\\\/#primaryimage\"},\"thumbnailUrl\":\"https:\\\/\\\/districos.standingout.be\\\/wp-content\\\/uploads\\\/2025\\\/07\\\/8430.900@LowRes_1.png\",\"datePublished\":\"2026-04-28T09:31:29+00:00\",\"dateModified\":\"2026-04-28T09:31:37+00:00\",\"breadcrumb\":{\"@id\":\"https:\\\/\\\/districos.standingout.be\\\/fr\\\/product\\\/gvs-table-manucure-rectangulaire-blanc-1-m-ref-8430-900\\\/#breadcrumb\"},\"inLanguage\":\"fr-FR\",\"potentialAction\":[{\"@type\":\"ReadAction\",\"target\":[\"https:\\\/\\\/districos.standingout.be\\\/fr\\\/product\\\/gvs-table-manucure-rectangulaire-blanc-1-m-ref-8430-900\\\/\"]}]},{\"@type\":\"ImageObject\",\"inLanguage\":\"fr-FR\",\"@id\":\"https:\\\/\\\/districos.standingout.be\\\/fr\\\/product\\\/gvs-table-manucure-rectangulaire-blanc-1-m-ref-8430-900\\\/#primaryimage\",\"url\":\"https:\\\/\\\/districos.standingout.be\\\/wp-content\\\/uploads\\\/2025\\\/07\\\/8430.900@LowRes_1.png\",\"contentUrl\":\"https:\\\/\\\/districos.standingout.be\\\/wp-content\\\/uploads\\\/2025\\\/07\\\/8430.900@LowRes_1.png\",\"width\":600,\"height\":600},{\"@type\":\"BreadcrumbList\",\"@id\":\"https:\\\/\\\/districos.standingout.be\\\/fr\\\/product\\\/gvs-table-manucure-rectangulaire-blanc-1-m-ref-8430-900\\\/#breadcrumb\",\"itemListElement\":[{\"@type\":\"ListItem\",\"position\":1,\"name\":\"Home\",\"item\":\"https:\\\/\\\/districos.standingout.be\\\/fr\\\/bienvenue-chez-districos\\\/\"},{\"@type\":\"ListItem\",\"position\":2,\"name\":\"Boutique\",\"item\":\"https:\\\/\\\/districos.standingout.be\\\/fr\\\/boutique\\\/\"},{\"@type\":\"ListItem\",\"position\":3,\"name\":\"GVS Table Manucure Rectangulaire Blanc 1 m\"}]},{\"@type\":\"WebSite\",\"@id\":\"https:\\\/\\\/districos.standingout.be\\\/fr\\\/#website\",\"url\":\"https:\\\/\\\/districos.standingout.be\\\/fr\\\/\",\"name\":\"Districos Webshop\",\"description\":\"\",\"publisher\":{\"@id\":\"https:\\\/\\\/districos.standingout.be\\\/fr\\\/#organization\"},\"potentialAction\":[{\"@type\":\"SearchAction\",\"target\":{\"@type\":\"EntryPoint\",\"urlTemplate\":\"https:\\\/\\\/districos.standingout.be\\\/fr\\\/?s={search_term_string}\"},\"query-input\":{\"@type\":\"PropertyValueSpecification\",\"valueRequired\":true,\"valueName\":\"search_term_string\"}}],\"inLanguage\":\"fr-FR\"},{\"@type\":\"Organization\",\"@id\":\"https:\\\/\\\/districos.standingout.be\\\/fr\\\/#organization\",\"name\":\"Districos Webshop\",\"url\":\"https:\\\/\\\/districos.standingout.be\\\/fr\\\/\",\"logo\":{\"@type\":\"ImageObject\",\"inLanguage\":\"fr-FR\",\"@id\":\"https:\\\/\\\/districos.standingout.be\\\/fr\\\/#\\\/schema\\\/logo\\\/image\\\/\",\"url\":\"https:\\\/\\\/districos.standingout.be\\\/wp-content\\\/uploads\\\/2022\\\/09\\\/Districos_Logo_Webshop.svg\",\"contentUrl\":\"https:\\\/\\\/districos.standingout.be\\\/wp-content\\\/uploads\\\/2022\\\/09\\\/Districos_Logo_Webshop.svg\",\"caption\":\"Districos Webshop\"},\"image\":{\"@id\":\"https:\\\/\\\/districos.standingout.be\\\/fr\\\/#\\\/schema\\\/logo\\\/image\\\/\"}}]}<\/script>\n<!-- \/ Yoast SEO plugin. -->","yoast_head_json":{"title":"GVS Table Manucure Rectangulaire Blanc 1 m - Districos Webshop","robots":{"index":"noindex","follow":"follow","max-snippet":"max-snippet:-1","max-image-preview":"max-image-preview:large","max-video-preview":"max-video-preview:-1"},"og_locale":"fr_FR","og_type":"article","og_title":"GVS Table Manucure Rectangulaire Blanc 1 m - Districos Webshop","og_description":"Une table de manucure de GVS vous prot\u00e8ge contre les effet n\u00e9fastes d\u2019une exposition de longue dur\u00e9e \u00e0 des substances nocives et \u00e0 des particules fines. Les gaz, les micro-organismes et les particles de poussi\u00e8re jusqu\u2019\u00e0 0,3 \u00b5m sont filtr\u00e9s. Extraction de la poussi\u00e8re et des odeurs \u00e0 4 diff\u00e9rents endroits! Tuyau extracteur (lampe inclus) [&hellip;]","og_url":"https:\/\/districos.standingout.be\/fr\/product\/gvs-table-manucure-rectangulaire-blanc-1-m-ref-8430-900\/","og_site_name":"Districos Webshop","article_modified_time":"2026-04-28T09:31:37+00:00","twitter_card":"summary_large_image","twitter_misc":{"Dur\u00e9e de lecture estim\u00e9e":"1 minute"},"schema":{"@context":"https:\/\/schema.org","@graph":[{"@type":"WebPage","@id":"https:\/\/districos.standingout.be\/fr\/product\/gvs-table-manucure-rectangulaire-blanc-1-m-ref-8430-900\/","url":"https:\/\/districos.standingout.be\/fr\/product\/gvs-table-manucure-rectangulaire-blanc-1-m-ref-8430-900\/","name":"GVS Table Manucure Rectangulaire Blanc 1 m - Districos Webshop","isPartOf":{"@id":"https:\/\/districos.standingout.be\/fr\/#website"},"primaryImageOfPage":{"@id":"https:\/\/districos.standingout.be\/fr\/product\/gvs-table-manucure-rectangulaire-blanc-1-m-ref-8430-900\/#primaryimage"},"image":{"@id":"https:\/\/districos.standingout.be\/fr\/product\/gvs-table-manucure-rectangulaire-blanc-1-m-ref-8430-900\/#primaryimage"},"thumbnailUrl":"https:\/\/districos.standingout.be\/wp-content\/uploads\/2025\/07\/8430.900@LowRes_1.png","datePublished":"2026-04-28T09:31:29+00:00","dateModified":"2026-04-28T09:31:37+00:00","breadcrumb":{"@id":"https:\/\/districos.standingout.be\/fr\/product\/gvs-table-manucure-rectangulaire-blanc-1-m-ref-8430-900\/#breadcrumb"},"inLanguage":"fr-FR","potentialAction":[{"@type":"ReadAction","target":["https:\/\/districos.standingout.be\/fr\/product\/gvs-table-manucure-rectangulaire-blanc-1-m-ref-8430-900\/"]}]},{"@type":"ImageObject","inLanguage":"fr-FR","@id":"https:\/\/districos.standingout.be\/fr\/product\/gvs-table-manucure-rectangulaire-blanc-1-m-ref-8430-900\/#primaryimage","url":"https:\/\/districos.standingout.be\/wp-content\/uploads\/2025\/07\/8430.900@LowRes_1.png","contentUrl":"https:\/\/districos.standingout.be\/wp-content\/uploads\/2025\/07\/8430.900@LowRes_1.png","width":600,"height":600},{"@type":"BreadcrumbList","@id":"https:\/\/districos.standingout.be\/fr\/product\/gvs-table-manucure-rectangulaire-blanc-1-m-ref-8430-900\/#breadcrumb","itemListElement":[{"@type":"ListItem","position":1,"name":"Home","item":"https:\/\/districos.standingout.be\/fr\/bienvenue-chez-districos\/"},{"@type":"ListItem","position":2,"name":"Boutique","item":"https:\/\/districos.standingout.be\/fr\/boutique\/"},{"@type":"ListItem","position":3,"name":"GVS Table Manucure Rectangulaire Blanc 1 m"}]},{"@type":"WebSite","@id":"https:\/\/districos.standingout.be\/fr\/#website","url":"https:\/\/districos.standingout.be\/fr\/","name":"Districos Webshop","description":"","publisher":{"@id":"https:\/\/districos.standingout.be\/fr\/#organization"},"potentialAction":[{"@type":"SearchAction","target":{"@type":"EntryPoint","urlTemplate":"https:\/\/districos.standingout.be\/fr\/?s={search_term_string}"},"query-input":{"@type":"PropertyValueSpecification","valueRequired":true,"valueName":"search_term_string"}}],"inLanguage":"fr-FR"},{"@type":"Organization","@id":"https:\/\/districos.standingout.be\/fr\/#organization","name":"Districos Webshop","url":"https:\/\/districos.standingout.be\/fr\/","logo":{"@type":"ImageObject","inLanguage":"fr-FR","@id":"https:\/\/districos.standingout.be\/fr\/#\/schema\/logo\/image\/","url":"https:\/\/districos.standingout.be\/wp-content\/uploads\/2022\/09\/Districos_Logo_Webshop.svg","contentUrl":"https:\/\/districos.standingout.be\/wp-content\/uploads\/2022\/09\/Districos_Logo_Webshop.svg","caption":"Districos Webshop"},"image":{"@id":"https:\/\/districos.standingout.be\/fr\/#\/schema\/logo\/image\/"}}]}},"_links":{"self":[{"href":"https:\/\/districos.standingout.be\/fr\/wp-json\/wp\/v2\/product\/138547","targetHints":{"allow":["GET"]}}],"collection":[{"href":"https:\/\/districos.standingout.be\/fr\/wp-json\/wp\/v2\/product"}],"about":[{"href":"https:\/\/districos.standingout.be\/fr\/wp-json\/wp\/v2\/types\/product"}],"replies":[{"embeddable":true,"href":"https:\/\/districos.standingout.be\/fr\/wp-json\/wp\/v2\/comments?post=138547"}],"wp:featuredmedia":[{"embeddable":true,"href":"https:\/\/districos.standingout.be\/fr\/wp-json\/wp\/v2\/media\/81641"}],"wp:attachment":[{"href":"https:\/\/districos.standingout.be\/fr\/wp-json\/wp\/v2\/media?parent=138547"}],"wp:term":[{"taxonomy":"product_brand","embeddable":true,"href":"https:\/\/districos.standingout.be\/fr\/wp-json\/wp\/v2\/product_brand?post=138547"},{"taxonomy":"product_cat","embeddable":true,"href":"https:\/\/districos.standingout.be\/fr\/wp-json\/wp\/v2\/product_cat?post=138547"},{"taxonomy":"product_tag","embeddable":true,"href":"https:\/\/districos.standingout.be\/fr\/wp-json\/wp\/v2\/product_tag?post=138547"}],"curies":[{"name":"wp","href":"https:\/\/api.w.org\/{rel}","templated":true}]}}