{"id":138553,"date":"2026-04-28T11:31:49","date_gmt":"2026-04-28T09:31:49","guid":{"rendered":"https:\/\/webshopdistricoscom.webhosting.be\/product\/eco-2030-table-manucure-noir-g4-ref-8431-02\/"},"modified":"2026-04-28T11:31:54","modified_gmt":"2026-04-28T09:31:54","slug":"eco-2030-table-manucure-noir-g4-ref-8431-02","status":"publish","type":"product","link":"https:\/\/districos.standingout.be\/fr\/product\/eco-2030-table-manucure-noir-g4-ref-8431-02\/","title":{"rendered":"Eco 2030 Table Manucure Noir G4"},"content":{"rendered":"<p >\n<\/p>\n<p dir=\"ltr\">Table de manucure tr\u00e8s int\u00e9ressante pour les d\u00e9butant(e)s ! <\/p>\n<ul> <\/p>\n<li>Fabriqu\u00e9e en panneaux contreplaqu\u00e9s solides<\/li>\n<p> <\/p>\n<li>\u00c0 gauche : grand espace de rangement et \u00e0 droite : 4 tiroirs pratiques<\/li>\n<p> <\/p>\n<li>Facile \u00e0 d\u00e9placer gr\u00e2ce aux roulettes<\/li>\n<p> <\/p>\n<li>Sans aspirateur<\/li>\n<p> <\/p>\n<li>Livr\u00e9e avec un coussin de manucure et un petit bac de rangement pour les accessoires<\/li>\n<p> <\/ul>\n<p> Couleur : noir<\/p>\n<p> Mat\u00e9riau : <\/p>\n<ul> <\/p>\n<li>Panneaux de fibres lamin\u00e9s<\/li>\n<p> <\/p>\n<li>Roulettes : caoutchouc<\/li>\n<p> <\/ul>\n<p> Dimensions : 120 x 45,5 x 80 cm (L x l x h) Option : lampe de travail Neon Style (R\u00e9f. 8430.162)<\/p>\n<p> Disponible en 2 couleurs : <\/p>\n<ul> <\/p>\n<li>Blanc (R\u00e9f. 8431.01)<\/li>\n<p> <\/p>\n<li>Noir (R\u00e9f. 8431.02)<\/li>\n<p> <\/ul>\n<p> <\/p>\n<ul> <\/ul><\/p>\n","protected":false},"excerpt":{"rendered":"<p>Table de manucure tr\u00e8s int\u00e9ressante pour les d\u00e9butant(e)s ! Fabriqu\u00e9e en panneaux contreplaqu\u00e9s solides \u00c0 gauche : grand espace de rangement et \u00e0 droite : 4 tiroirs pratiques Facile \u00e0 d\u00e9placer gr\u00e2ce aux roulettes Sans aspirateur Livr\u00e9e avec un coussin de manucure et un petit bac de rangement pour les accessoires Couleur : noir Mat\u00e9riau [&hellip;]<\/p>\n","protected":false},"featured_media":81650,"comment_status":"open","ping_status":"closed","template":"","meta":{"_acf_changed":false},"product_brand":[10380],"product_cat":[10114],"product_tag":[],"class_list":{"0":"post-138553","1":"product","2":"type-product","3":"status-publish","4":"has-post-thumbnail","6":"product_brand-districos-fr","7":"product_cat-amenagement-amenagement-tables-de-manucure","9":"first","10":"instock","11":"taxable","12":"shipping-taxable","13":"product-type-simple"},"acf":[],"yoast_head":"<!-- This site is optimized with the Yoast SEO plugin v27.3 - https:\/\/yoast.com\/product\/yoast-seo-wordpress\/ -->\n<title>Eco 2030 Table Manucure Noir G4 - Districos Webshop<\/title>\n<meta name=\"robots\" content=\"noindex, follow, max-snippet:-1, max-image-preview:large, max-video-preview:-1\" \/>\n<meta property=\"og:locale\" content=\"fr_FR\" \/>\n<meta property=\"og:type\" content=\"article\" \/>\n<meta property=\"og:title\" content=\"Eco 2030 Table Manucure Noir G4 - Districos Webshop\" \/>\n<meta property=\"og:description\" content=\"Table de manucure tr\u00e8s int\u00e9ressante pour les d\u00e9butant(e)s ! Fabriqu\u00e9e en panneaux contreplaqu\u00e9s solides \u00c0 gauche : grand espace de rangement et \u00e0 droite : 4 tiroirs pratiques Facile \u00e0 d\u00e9placer gr\u00e2ce aux roulettes Sans aspirateur Livr\u00e9e avec un coussin de manucure et un petit bac de rangement pour les accessoires Couleur : noir Mat\u00e9riau [&hellip;]\" \/>\n<meta property=\"og:url\" content=\"https:\/\/districos.standingout.be\/fr\/product\/eco-2030-table-manucure-noir-g4-ref-8431-02\/\" \/>\n<meta property=\"og:site_name\" content=\"Districos Webshop\" \/>\n<meta property=\"article:modified_time\" content=\"2026-04-28T09:31:54+00:00\" \/>\n<meta name=\"twitter:card\" content=\"summary_large_image\" \/>\n<script type=\"application\/ld+json\" class=\"yoast-schema-graph\">{\"@context\":\"https:\\\/\\\/schema.org\",\"@graph\":[{\"@type\":\"WebPage\",\"@id\":\"https:\\\/\\\/districos.standingout.be\\\/fr\\\/product\\\/eco-2030-table-manucure-noir-g4-ref-8431-02\\\/\",\"url\":\"https:\\\/\\\/districos.standingout.be\\\/fr\\\/product\\\/eco-2030-table-manucure-noir-g4-ref-8431-02\\\/\",\"name\":\"Eco 2030 Table Manucure Noir G4 - Districos Webshop\",\"isPartOf\":{\"@id\":\"https:\\\/\\\/districos.standingout.be\\\/fr\\\/#website\"},\"primaryImageOfPage\":{\"@id\":\"https:\\\/\\\/districos.standingout.be\\\/fr\\\/product\\\/eco-2030-table-manucure-noir-g4-ref-8431-02\\\/#primaryimage\"},\"image\":{\"@id\":\"https:\\\/\\\/districos.standingout.be\\\/fr\\\/product\\\/eco-2030-table-manucure-noir-g4-ref-8431-02\\\/#primaryimage\"},\"thumbnailUrl\":\"https:\\\/\\\/districos.standingout.be\\\/wp-content\\\/uploads\\\/2025\\\/07\\\/8431.02@LowRes_1.png\",\"datePublished\":\"2026-04-28T09:31:49+00:00\",\"dateModified\":\"2026-04-28T09:31:54+00:00\",\"breadcrumb\":{\"@id\":\"https:\\\/\\\/districos.standingout.be\\\/fr\\\/product\\\/eco-2030-table-manucure-noir-g4-ref-8431-02\\\/#breadcrumb\"},\"inLanguage\":\"fr-FR\",\"potentialAction\":[{\"@type\":\"ReadAction\",\"target\":[\"https:\\\/\\\/districos.standingout.be\\\/fr\\\/product\\\/eco-2030-table-manucure-noir-g4-ref-8431-02\\\/\"]}]},{\"@type\":\"ImageObject\",\"inLanguage\":\"fr-FR\",\"@id\":\"https:\\\/\\\/districos.standingout.be\\\/fr\\\/product\\\/eco-2030-table-manucure-noir-g4-ref-8431-02\\\/#primaryimage\",\"url\":\"https:\\\/\\\/districos.standingout.be\\\/wp-content\\\/uploads\\\/2025\\\/07\\\/8431.02@LowRes_1.png\",\"contentUrl\":\"https:\\\/\\\/districos.standingout.be\\\/wp-content\\\/uploads\\\/2025\\\/07\\\/8431.02@LowRes_1.png\",\"width\":600,\"height\":600},{\"@type\":\"BreadcrumbList\",\"@id\":\"https:\\\/\\\/districos.standingout.be\\\/fr\\\/product\\\/eco-2030-table-manucure-noir-g4-ref-8431-02\\\/#breadcrumb\",\"itemListElement\":[{\"@type\":\"ListItem\",\"position\":1,\"name\":\"Home\",\"item\":\"https:\\\/\\\/districos.standingout.be\\\/fr\\\/bienvenue-chez-districos\\\/\"},{\"@type\":\"ListItem\",\"position\":2,\"name\":\"Boutique\",\"item\":\"https:\\\/\\\/districos.standingout.be\\\/fr\\\/boutique\\\/\"},{\"@type\":\"ListItem\",\"position\":3,\"name\":\"Eco 2030 Table Manucure Noir G4\"}]},{\"@type\":\"WebSite\",\"@id\":\"https:\\\/\\\/districos.standingout.be\\\/fr\\\/#website\",\"url\":\"https:\\\/\\\/districos.standingout.be\\\/fr\\\/\",\"name\":\"Districos Webshop\",\"description\":\"\",\"publisher\":{\"@id\":\"https:\\\/\\\/districos.standingout.be\\\/fr\\\/#organization\"},\"potentialAction\":[{\"@type\":\"SearchAction\",\"target\":{\"@type\":\"EntryPoint\",\"urlTemplate\":\"https:\\\/\\\/districos.standingout.be\\\/fr\\\/?s={search_term_string}\"},\"query-input\":{\"@type\":\"PropertyValueSpecification\",\"valueRequired\":true,\"valueName\":\"search_term_string\"}}],\"inLanguage\":\"fr-FR\"},{\"@type\":\"Organization\",\"@id\":\"https:\\\/\\\/districos.standingout.be\\\/fr\\\/#organization\",\"name\":\"Districos Webshop\",\"url\":\"https:\\\/\\\/districos.standingout.be\\\/fr\\\/\",\"logo\":{\"@type\":\"ImageObject\",\"inLanguage\":\"fr-FR\",\"@id\":\"https:\\\/\\\/districos.standingout.be\\\/fr\\\/#\\\/schema\\\/logo\\\/image\\\/\",\"url\":\"https:\\\/\\\/districos.standingout.be\\\/wp-content\\\/uploads\\\/2022\\\/09\\\/Districos_Logo_Webshop.svg\",\"contentUrl\":\"https:\\\/\\\/districos.standingout.be\\\/wp-content\\\/uploads\\\/2022\\\/09\\\/Districos_Logo_Webshop.svg\",\"caption\":\"Districos Webshop\"},\"image\":{\"@id\":\"https:\\\/\\\/districos.standingout.be\\\/fr\\\/#\\\/schema\\\/logo\\\/image\\\/\"}}]}<\/script>\n<!-- \/ Yoast SEO plugin. -->","yoast_head_json":{"title":"Eco 2030 Table Manucure Noir G4 - Districos Webshop","robots":{"index":"noindex","follow":"follow","max-snippet":"max-snippet:-1","max-image-preview":"max-image-preview:large","max-video-preview":"max-video-preview:-1"},"og_locale":"fr_FR","og_type":"article","og_title":"Eco 2030 Table Manucure Noir G4 - Districos Webshop","og_description":"Table de manucure tr\u00e8s int\u00e9ressante pour les d\u00e9butant(e)s ! Fabriqu\u00e9e en panneaux contreplaqu\u00e9s solides \u00c0 gauche : grand espace de rangement et \u00e0 droite : 4 tiroirs pratiques Facile \u00e0 d\u00e9placer gr\u00e2ce aux roulettes Sans aspirateur Livr\u00e9e avec un coussin de manucure et un petit bac de rangement pour les accessoires Couleur : noir Mat\u00e9riau [&hellip;]","og_url":"https:\/\/districos.standingout.be\/fr\/product\/eco-2030-table-manucure-noir-g4-ref-8431-02\/","og_site_name":"Districos Webshop","article_modified_time":"2026-04-28T09:31:54+00:00","twitter_card":"summary_large_image","schema":{"@context":"https:\/\/schema.org","@graph":[{"@type":"WebPage","@id":"https:\/\/districos.standingout.be\/fr\/product\/eco-2030-table-manucure-noir-g4-ref-8431-02\/","url":"https:\/\/districos.standingout.be\/fr\/product\/eco-2030-table-manucure-noir-g4-ref-8431-02\/","name":"Eco 2030 Table Manucure Noir G4 - Districos Webshop","isPartOf":{"@id":"https:\/\/districos.standingout.be\/fr\/#website"},"primaryImageOfPage":{"@id":"https:\/\/districos.standingout.be\/fr\/product\/eco-2030-table-manucure-noir-g4-ref-8431-02\/#primaryimage"},"image":{"@id":"https:\/\/districos.standingout.be\/fr\/product\/eco-2030-table-manucure-noir-g4-ref-8431-02\/#primaryimage"},"thumbnailUrl":"https:\/\/districos.standingout.be\/wp-content\/uploads\/2025\/07\/8431.02@LowRes_1.png","datePublished":"2026-04-28T09:31:49+00:00","dateModified":"2026-04-28T09:31:54+00:00","breadcrumb":{"@id":"https:\/\/districos.standingout.be\/fr\/product\/eco-2030-table-manucure-noir-g4-ref-8431-02\/#breadcrumb"},"inLanguage":"fr-FR","potentialAction":[{"@type":"ReadAction","target":["https:\/\/districos.standingout.be\/fr\/product\/eco-2030-table-manucure-noir-g4-ref-8431-02\/"]}]},{"@type":"ImageObject","inLanguage":"fr-FR","@id":"https:\/\/districos.standingout.be\/fr\/product\/eco-2030-table-manucure-noir-g4-ref-8431-02\/#primaryimage","url":"https:\/\/districos.standingout.be\/wp-content\/uploads\/2025\/07\/8431.02@LowRes_1.png","contentUrl":"https:\/\/districos.standingout.be\/wp-content\/uploads\/2025\/07\/8431.02@LowRes_1.png","width":600,"height":600},{"@type":"BreadcrumbList","@id":"https:\/\/districos.standingout.be\/fr\/product\/eco-2030-table-manucure-noir-g4-ref-8431-02\/#breadcrumb","itemListElement":[{"@type":"ListItem","position":1,"name":"Home","item":"https:\/\/districos.standingout.be\/fr\/bienvenue-chez-districos\/"},{"@type":"ListItem","position":2,"name":"Boutique","item":"https:\/\/districos.standingout.be\/fr\/boutique\/"},{"@type":"ListItem","position":3,"name":"Eco 2030 Table Manucure Noir G4"}]},{"@type":"WebSite","@id":"https:\/\/districos.standingout.be\/fr\/#website","url":"https:\/\/districos.standingout.be\/fr\/","name":"Districos Webshop","description":"","publisher":{"@id":"https:\/\/districos.standingout.be\/fr\/#organization"},"potentialAction":[{"@type":"SearchAction","target":{"@type":"EntryPoint","urlTemplate":"https:\/\/districos.standingout.be\/fr\/?s={search_term_string}"},"query-input":{"@type":"PropertyValueSpecification","valueRequired":true,"valueName":"search_term_string"}}],"inLanguage":"fr-FR"},{"@type":"Organization","@id":"https:\/\/districos.standingout.be\/fr\/#organization","name":"Districos Webshop","url":"https:\/\/districos.standingout.be\/fr\/","logo":{"@type":"ImageObject","inLanguage":"fr-FR","@id":"https:\/\/districos.standingout.be\/fr\/#\/schema\/logo\/image\/","url":"https:\/\/districos.standingout.be\/wp-content\/uploads\/2022\/09\/Districos_Logo_Webshop.svg","contentUrl":"https:\/\/districos.standingout.be\/wp-content\/uploads\/2022\/09\/Districos_Logo_Webshop.svg","caption":"Districos Webshop"},"image":{"@id":"https:\/\/districos.standingout.be\/fr\/#\/schema\/logo\/image\/"}}]}},"_links":{"self":[{"href":"https:\/\/districos.standingout.be\/fr\/wp-json\/wp\/v2\/product\/138553","targetHints":{"allow":["GET"]}}],"collection":[{"href":"https:\/\/districos.standingout.be\/fr\/wp-json\/wp\/v2\/product"}],"about":[{"href":"https:\/\/districos.standingout.be\/fr\/wp-json\/wp\/v2\/types\/product"}],"replies":[{"embeddable":true,"href":"https:\/\/districos.standingout.be\/fr\/wp-json\/wp\/v2\/comments?post=138553"}],"wp:featuredmedia":[{"embeddable":true,"href":"https:\/\/districos.standingout.be\/fr\/wp-json\/wp\/v2\/media\/81650"}],"wp:attachment":[{"href":"https:\/\/districos.standingout.be\/fr\/wp-json\/wp\/v2\/media?parent=138553"}],"wp:term":[{"taxonomy":"product_brand","embeddable":true,"href":"https:\/\/districos.standingout.be\/fr\/wp-json\/wp\/v2\/product_brand?post=138553"},{"taxonomy":"product_cat","embeddable":true,"href":"https:\/\/districos.standingout.be\/fr\/wp-json\/wp\/v2\/product_cat?post=138553"},{"taxonomy":"product_tag","embeddable":true,"href":"https:\/\/districos.standingout.be\/fr\/wp-json\/wp\/v2\/product_tag?post=138553"}],"curies":[{"name":"wp","href":"https:\/\/api.w.org\/{rel}","templated":true}]}}