{"id":138555,"date":"2026-04-28T11:32:19","date_gmt":"2026-04-28T09:32:19","guid":{"rendered":"https:\/\/webshopdistricoscom.webhosting.be\/product\/table-manucure-compacte-pliable-pour-etudiants-ref-8431-04\/"},"modified":"2026-04-28T11:32:25","modified_gmt":"2026-04-28T09:32:25","slug":"table-manucure-compacte-pliable-pour-etudiants-ref-8431-04","status":"publish","type":"product","link":"https:\/\/districos.standingout.be\/fr\/product\/table-manucure-compacte-pliable-pour-etudiants-ref-8431-04\/","title":{"rendered":"Table Manucure Compacte Pliable pour \u00c9tudiants"},"content":{"rendered":"<p >\n<\/p>\n<p dir=\"ltr\">Table de manucure tr\u00e8s avantageuse qui est tr\u00e8s pratique dans de petits espaces et id\u00e9ale pour les d\u00e9butant(e)s<\/p>\n<ul>\n<li>Fabriqu\u00e9e en panneaux de fibres lamin\u00e9s solides<\/li>\n<li>2 grands tiroirs de rangement<\/li>\n<li>1 tiroir amovible qu\u2019on peut fixer sur la table<\/li>\n<li>Facile \u00e0 d\u00e9placer gr\u00e2ce aux roulettes<\/li>\n<li>Sans aspirateur<\/li>\n<li>Couleur : blanc\u200b<\/li>\n<li>Dimensions : 104 x 38 x 74,5 cm (L x l x h)<\/li>\n<li>Dimensions table repli\u00e9e : 38 x 38 x 74,5 cm (L x l x h)&nbsp;<\/li>\n<\/ul>\n<p><font face=\"Verdana\"><b>Mat\u00e9riau :<\/b><br \/><\/font><\/p>\n<ul>\n<li>Panneaux de fibres lamin\u00e9s<\/li>\n<li>Roulettes : plastiques<\/li>\n<\/ul>\n<div><b>Option :&nbsp;<\/b><\/div>\n<div>\n<ul>\n<li>Coussin de manucure (<a href=\"https:\/\/webshop.districos.com\/ProductDetail\/8430.21\" target=\"_blank\" rel=\"noopener noreferrer nofollow\">r\u00e9f. 8430.21<\/a> ou r\u00e9f. <a href=\"https:\/\/webshop.districos.com\/ProductDetail\/8430.21J\" target=\"_blank\" rel=\"noopener noreferrer nofollow\"> 8430.21J<\/a>)<\/li>\n<li>Accoudoir (<a href=\"https:\/\/webshop.districos.com\/ProductDetail\/8430.20\" target=\"_blank\" rel=\"noopener noreferrer nofollow\">r\u00e9f. 8430.20<\/a>)<\/li>\n<\/ul>\n<\/p><\/div>\n<div><\/div>\n","protected":false},"excerpt":{"rendered":"<p>Table de manucure tr\u00e8s avantageuse qui est tr\u00e8s pratique dans de petits espaces et id\u00e9ale pour les d\u00e9butant(e)s Fabriqu\u00e9e en panneaux de fibres lamin\u00e9s solides 2 grands tiroirs de rangement 1 tiroir amovible qu\u2019on peut fixer sur la table Facile \u00e0 d\u00e9placer gr\u00e2ce aux roulettes Sans aspirateur Couleur : blanc\u200b Dimensions : 104 x 38 [&hellip;]<\/p>\n","protected":false},"featured_media":81653,"comment_status":"open","ping_status":"closed","template":"","meta":{"_acf_changed":false},"product_brand":[10380],"product_cat":[10114],"product_tag":[],"class_list":{"0":"post-138555","1":"product","2":"type-product","3":"status-publish","4":"has-post-thumbnail","6":"product_brand-districos-fr","7":"product_cat-amenagement-amenagement-tables-de-manucure","9":"first","10":"instock","11":"taxable","12":"shipping-taxable","13":"product-type-simple"},"acf":[],"yoast_head":"<!-- This site is optimized with the Yoast SEO plugin v27.3 - https:\/\/yoast.com\/product\/yoast-seo-wordpress\/ -->\n<title>Table Manucure Compacte Pliable pour \u00c9tudiants - Districos Webshop<\/title>\n<meta name=\"robots\" content=\"noindex, follow, max-snippet:-1, max-image-preview:large, max-video-preview:-1\" \/>\n<meta property=\"og:locale\" content=\"fr_FR\" \/>\n<meta property=\"og:type\" content=\"article\" \/>\n<meta property=\"og:title\" content=\"Table Manucure Compacte Pliable pour \u00c9tudiants - Districos Webshop\" \/>\n<meta property=\"og:description\" content=\"Table de manucure tr\u00e8s avantageuse qui est tr\u00e8s pratique dans de petits espaces et id\u00e9ale pour les d\u00e9butant(e)s Fabriqu\u00e9e en panneaux de fibres lamin\u00e9s solides 2 grands tiroirs de rangement 1 tiroir amovible qu\u2019on peut fixer sur la table Facile \u00e0 d\u00e9placer gr\u00e2ce aux roulettes Sans aspirateur Couleur : blanc\u200b Dimensions : 104 x 38 [&hellip;]\" \/>\n<meta property=\"og:url\" content=\"https:\/\/districos.standingout.be\/fr\/product\/table-manucure-compacte-pliable-pour-etudiants-ref-8431-04\/\" \/>\n<meta property=\"og:site_name\" content=\"Districos Webshop\" \/>\n<meta property=\"article:modified_time\" content=\"2026-04-28T09:32:25+00:00\" \/>\n<meta name=\"twitter:card\" content=\"summary_large_image\" \/>\n<meta name=\"twitter:label1\" content=\"Dur\u00e9e de lecture estim\u00e9e\" \/>\n\t<meta name=\"twitter:data1\" content=\"1 minute\" \/>\n<script type=\"application\/ld+json\" class=\"yoast-schema-graph\">{\"@context\":\"https:\\\/\\\/schema.org\",\"@graph\":[{\"@type\":\"WebPage\",\"@id\":\"https:\\\/\\\/districos.standingout.be\\\/fr\\\/product\\\/table-manucure-compacte-pliable-pour-etudiants-ref-8431-04\\\/\",\"url\":\"https:\\\/\\\/districos.standingout.be\\\/fr\\\/product\\\/table-manucure-compacte-pliable-pour-etudiants-ref-8431-04\\\/\",\"name\":\"Table Manucure Compacte Pliable pour \u00c9tudiants - Districos Webshop\",\"isPartOf\":{\"@id\":\"https:\\\/\\\/districos.standingout.be\\\/fr\\\/#website\"},\"primaryImageOfPage\":{\"@id\":\"https:\\\/\\\/districos.standingout.be\\\/fr\\\/product\\\/table-manucure-compacte-pliable-pour-etudiants-ref-8431-04\\\/#primaryimage\"},\"image\":{\"@id\":\"https:\\\/\\\/districos.standingout.be\\\/fr\\\/product\\\/table-manucure-compacte-pliable-pour-etudiants-ref-8431-04\\\/#primaryimage\"},\"thumbnailUrl\":\"https:\\\/\\\/districos.standingout.be\\\/wp-content\\\/uploads\\\/2025\\\/07\\\/8431.04@LowRes_1.png\",\"datePublished\":\"2026-04-28T09:32:19+00:00\",\"dateModified\":\"2026-04-28T09:32:25+00:00\",\"breadcrumb\":{\"@id\":\"https:\\\/\\\/districos.standingout.be\\\/fr\\\/product\\\/table-manucure-compacte-pliable-pour-etudiants-ref-8431-04\\\/#breadcrumb\"},\"inLanguage\":\"fr-FR\",\"potentialAction\":[{\"@type\":\"ReadAction\",\"target\":[\"https:\\\/\\\/districos.standingout.be\\\/fr\\\/product\\\/table-manucure-compacte-pliable-pour-etudiants-ref-8431-04\\\/\"]}]},{\"@type\":\"ImageObject\",\"inLanguage\":\"fr-FR\",\"@id\":\"https:\\\/\\\/districos.standingout.be\\\/fr\\\/product\\\/table-manucure-compacte-pliable-pour-etudiants-ref-8431-04\\\/#primaryimage\",\"url\":\"https:\\\/\\\/districos.standingout.be\\\/wp-content\\\/uploads\\\/2025\\\/07\\\/8431.04@LowRes_1.png\",\"contentUrl\":\"https:\\\/\\\/districos.standingout.be\\\/wp-content\\\/uploads\\\/2025\\\/07\\\/8431.04@LowRes_1.png\",\"width\":600,\"height\":600},{\"@type\":\"BreadcrumbList\",\"@id\":\"https:\\\/\\\/districos.standingout.be\\\/fr\\\/product\\\/table-manucure-compacte-pliable-pour-etudiants-ref-8431-04\\\/#breadcrumb\",\"itemListElement\":[{\"@type\":\"ListItem\",\"position\":1,\"name\":\"Home\",\"item\":\"https:\\\/\\\/districos.standingout.be\\\/fr\\\/bienvenue-chez-districos\\\/\"},{\"@type\":\"ListItem\",\"position\":2,\"name\":\"Boutique\",\"item\":\"https:\\\/\\\/districos.standingout.be\\\/fr\\\/boutique\\\/\"},{\"@type\":\"ListItem\",\"position\":3,\"name\":\"Table Manucure Compacte Pliable pour \u00c9tudiants\"}]},{\"@type\":\"WebSite\",\"@id\":\"https:\\\/\\\/districos.standingout.be\\\/fr\\\/#website\",\"url\":\"https:\\\/\\\/districos.standingout.be\\\/fr\\\/\",\"name\":\"Districos Webshop\",\"description\":\"\",\"publisher\":{\"@id\":\"https:\\\/\\\/districos.standingout.be\\\/fr\\\/#organization\"},\"potentialAction\":[{\"@type\":\"SearchAction\",\"target\":{\"@type\":\"EntryPoint\",\"urlTemplate\":\"https:\\\/\\\/districos.standingout.be\\\/fr\\\/?s={search_term_string}\"},\"query-input\":{\"@type\":\"PropertyValueSpecification\",\"valueRequired\":true,\"valueName\":\"search_term_string\"}}],\"inLanguage\":\"fr-FR\"},{\"@type\":\"Organization\",\"@id\":\"https:\\\/\\\/districos.standingout.be\\\/fr\\\/#organization\",\"name\":\"Districos Webshop\",\"url\":\"https:\\\/\\\/districos.standingout.be\\\/fr\\\/\",\"logo\":{\"@type\":\"ImageObject\",\"inLanguage\":\"fr-FR\",\"@id\":\"https:\\\/\\\/districos.standingout.be\\\/fr\\\/#\\\/schema\\\/logo\\\/image\\\/\",\"url\":\"https:\\\/\\\/districos.standingout.be\\\/wp-content\\\/uploads\\\/2022\\\/09\\\/Districos_Logo_Webshop.svg\",\"contentUrl\":\"https:\\\/\\\/districos.standingout.be\\\/wp-content\\\/uploads\\\/2022\\\/09\\\/Districos_Logo_Webshop.svg\",\"caption\":\"Districos Webshop\"},\"image\":{\"@id\":\"https:\\\/\\\/districos.standingout.be\\\/fr\\\/#\\\/schema\\\/logo\\\/image\\\/\"}}]}<\/script>\n<!-- \/ Yoast SEO plugin. -->","yoast_head_json":{"title":"Table Manucure Compacte Pliable pour \u00c9tudiants - Districos Webshop","robots":{"index":"noindex","follow":"follow","max-snippet":"max-snippet:-1","max-image-preview":"max-image-preview:large","max-video-preview":"max-video-preview:-1"},"og_locale":"fr_FR","og_type":"article","og_title":"Table Manucure Compacte Pliable pour \u00c9tudiants - Districos Webshop","og_description":"Table de manucure tr\u00e8s avantageuse qui est tr\u00e8s pratique dans de petits espaces et id\u00e9ale pour les d\u00e9butant(e)s Fabriqu\u00e9e en panneaux de fibres lamin\u00e9s solides 2 grands tiroirs de rangement 1 tiroir amovible qu\u2019on peut fixer sur la table Facile \u00e0 d\u00e9placer gr\u00e2ce aux roulettes Sans aspirateur Couleur : blanc\u200b Dimensions : 104 x 38 [&hellip;]","og_url":"https:\/\/districos.standingout.be\/fr\/product\/table-manucure-compacte-pliable-pour-etudiants-ref-8431-04\/","og_site_name":"Districos Webshop","article_modified_time":"2026-04-28T09:32:25+00:00","twitter_card":"summary_large_image","twitter_misc":{"Dur\u00e9e de lecture estim\u00e9e":"1 minute"},"schema":{"@context":"https:\/\/schema.org","@graph":[{"@type":"WebPage","@id":"https:\/\/districos.standingout.be\/fr\/product\/table-manucure-compacte-pliable-pour-etudiants-ref-8431-04\/","url":"https:\/\/districos.standingout.be\/fr\/product\/table-manucure-compacte-pliable-pour-etudiants-ref-8431-04\/","name":"Table Manucure Compacte Pliable pour \u00c9tudiants - Districos Webshop","isPartOf":{"@id":"https:\/\/districos.standingout.be\/fr\/#website"},"primaryImageOfPage":{"@id":"https:\/\/districos.standingout.be\/fr\/product\/table-manucure-compacte-pliable-pour-etudiants-ref-8431-04\/#primaryimage"},"image":{"@id":"https:\/\/districos.standingout.be\/fr\/product\/table-manucure-compacte-pliable-pour-etudiants-ref-8431-04\/#primaryimage"},"thumbnailUrl":"https:\/\/districos.standingout.be\/wp-content\/uploads\/2025\/07\/8431.04@LowRes_1.png","datePublished":"2026-04-28T09:32:19+00:00","dateModified":"2026-04-28T09:32:25+00:00","breadcrumb":{"@id":"https:\/\/districos.standingout.be\/fr\/product\/table-manucure-compacte-pliable-pour-etudiants-ref-8431-04\/#breadcrumb"},"inLanguage":"fr-FR","potentialAction":[{"@type":"ReadAction","target":["https:\/\/districos.standingout.be\/fr\/product\/table-manucure-compacte-pliable-pour-etudiants-ref-8431-04\/"]}]},{"@type":"ImageObject","inLanguage":"fr-FR","@id":"https:\/\/districos.standingout.be\/fr\/product\/table-manucure-compacte-pliable-pour-etudiants-ref-8431-04\/#primaryimage","url":"https:\/\/districos.standingout.be\/wp-content\/uploads\/2025\/07\/8431.04@LowRes_1.png","contentUrl":"https:\/\/districos.standingout.be\/wp-content\/uploads\/2025\/07\/8431.04@LowRes_1.png","width":600,"height":600},{"@type":"BreadcrumbList","@id":"https:\/\/districos.standingout.be\/fr\/product\/table-manucure-compacte-pliable-pour-etudiants-ref-8431-04\/#breadcrumb","itemListElement":[{"@type":"ListItem","position":1,"name":"Home","item":"https:\/\/districos.standingout.be\/fr\/bienvenue-chez-districos\/"},{"@type":"ListItem","position":2,"name":"Boutique","item":"https:\/\/districos.standingout.be\/fr\/boutique\/"},{"@type":"ListItem","position":3,"name":"Table Manucure Compacte Pliable pour \u00c9tudiants"}]},{"@type":"WebSite","@id":"https:\/\/districos.standingout.be\/fr\/#website","url":"https:\/\/districos.standingout.be\/fr\/","name":"Districos Webshop","description":"","publisher":{"@id":"https:\/\/districos.standingout.be\/fr\/#organization"},"potentialAction":[{"@type":"SearchAction","target":{"@type":"EntryPoint","urlTemplate":"https:\/\/districos.standingout.be\/fr\/?s={search_term_string}"},"query-input":{"@type":"PropertyValueSpecification","valueRequired":true,"valueName":"search_term_string"}}],"inLanguage":"fr-FR"},{"@type":"Organization","@id":"https:\/\/districos.standingout.be\/fr\/#organization","name":"Districos Webshop","url":"https:\/\/districos.standingout.be\/fr\/","logo":{"@type":"ImageObject","inLanguage":"fr-FR","@id":"https:\/\/districos.standingout.be\/fr\/#\/schema\/logo\/image\/","url":"https:\/\/districos.standingout.be\/wp-content\/uploads\/2022\/09\/Districos_Logo_Webshop.svg","contentUrl":"https:\/\/districos.standingout.be\/wp-content\/uploads\/2022\/09\/Districos_Logo_Webshop.svg","caption":"Districos Webshop"},"image":{"@id":"https:\/\/districos.standingout.be\/fr\/#\/schema\/logo\/image\/"}}]}},"_links":{"self":[{"href":"https:\/\/districos.standingout.be\/fr\/wp-json\/wp\/v2\/product\/138555","targetHints":{"allow":["GET"]}}],"collection":[{"href":"https:\/\/districos.standingout.be\/fr\/wp-json\/wp\/v2\/product"}],"about":[{"href":"https:\/\/districos.standingout.be\/fr\/wp-json\/wp\/v2\/types\/product"}],"replies":[{"embeddable":true,"href":"https:\/\/districos.standingout.be\/fr\/wp-json\/wp\/v2\/comments?post=138555"}],"wp:featuredmedia":[{"embeddable":true,"href":"https:\/\/districos.standingout.be\/fr\/wp-json\/wp\/v2\/media\/81653"}],"wp:attachment":[{"href":"https:\/\/districos.standingout.be\/fr\/wp-json\/wp\/v2\/media?parent=138555"}],"wp:term":[{"taxonomy":"product_brand","embeddable":true,"href":"https:\/\/districos.standingout.be\/fr\/wp-json\/wp\/v2\/product_brand?post=138555"},{"taxonomy":"product_cat","embeddable":true,"href":"https:\/\/districos.standingout.be\/fr\/wp-json\/wp\/v2\/product_cat?post=138555"},{"taxonomy":"product_tag","embeddable":true,"href":"https:\/\/districos.standingout.be\/fr\/wp-json\/wp\/v2\/product_tag?post=138555"}],"curies":[{"name":"wp","href":"https:\/\/api.w.org\/{rel}","templated":true}]}}