{"id":138569,"date":"2026-04-28T11:33:52","date_gmt":"2026-04-28T09:33:52","guid":{"rendered":"https:\/\/webshopdistricoscom.webhosting.be\/product\/nwt-galaxy-contra-angle-g95ls-ref-8440-534-2\/"},"modified":"2026-04-28T11:33:56","modified_gmt":"2026-04-28T09:33:56","slug":"nwt-galaxy-contra-angle-g95ls-ref-8440-534","status":"publish","type":"product","link":"https:\/\/districos.standingout.be\/fr\/product\/nwt-galaxy-contra-angle-g95ls-ref-8440-534\/","title":{"rendered":"NWT Galaxy Contra Angle G95LS"},"content":{"rendered":"<p >\n<p dir=\"ltr\">Id\u00e9al pour enlever les cors (neurovasculaires). Gr\u00e2ce \u00e0 la grande vitesse, il est possible de les enlever plus rapidement qu\u2019avec un bistouri. En plus, c\u2019est moins douloureux pour votre client(e). Le Contra Angle s\u2019utilise \u00e9galement afin de percer plus facilement \u00e0 travers la tablette ungu\u00e9ale.<\/p>\n<p> R\u00e9gime : 200.000 tpm. <\/p>\n<ul> <\/ul><\/p>\n","protected":false},"excerpt":{"rendered":"<p>Id\u00e9al pour enlever les cors (neurovasculaires). Gr\u00e2ce \u00e0 la grande vitesse, il est possible de les enlever plus rapidement qu\u2019avec un bistouri. En plus, c\u2019est moins douloureux pour votre client(e). Le Contra Angle s\u2019utilise \u00e9galement afin de percer plus facilement \u00e0 travers la tablette ungu\u00e9ale. R\u00e9gime : 200.000 tpm.<\/p>\n","protected":false},"featured_media":81698,"comment_status":"open","ping_status":"closed","template":"","meta":{"_acf_changed":false},"product_brand":[10316],"product_cat":[9940,10096,10038],"product_tag":[],"class_list":{"0":"post-138569","1":"product","2":"type-product","3":"status-publish","4":"has-post-thumbnail","6":"product_brand-bentlon-fr","7":"product_cat-beaute-pedicure-fraiseuses","8":"product_cat-amenagement-equipement-pedicure","9":"product_cat-soins-des-pieds-podologie-fraiseuses-technique-a-spray","11":"first","12":"outofstock","13":"taxable","14":"shipping-taxable","15":"product-type-simple"},"acf":[],"yoast_head":"<!-- This site is optimized with the Yoast SEO plugin v27.3 - https:\/\/yoast.com\/product\/yoast-seo-wordpress\/ -->\n<title>NWT Galaxy Contra Angle G95LS - Districos Webshop<\/title>\n<meta name=\"robots\" content=\"noindex, follow, max-snippet:-1, max-image-preview:large, max-video-preview:-1\" \/>\n<meta property=\"og:locale\" content=\"fr_FR\" \/>\n<meta property=\"og:type\" content=\"article\" \/>\n<meta property=\"og:title\" content=\"NWT Galaxy Contra Angle G95LS - Districos Webshop\" \/>\n<meta property=\"og:description\" content=\"Id\u00e9al pour enlever les cors (neurovasculaires). Gr\u00e2ce \u00e0 la grande vitesse, il est possible de les enlever plus rapidement qu\u2019avec un bistouri. En plus, c\u2019est moins douloureux pour votre client(e). Le Contra Angle s\u2019utilise \u00e9galement afin de percer plus facilement \u00e0 travers la tablette ungu\u00e9ale. R\u00e9gime : 200.000 tpm.\" \/>\n<meta property=\"og:url\" content=\"https:\/\/districos.standingout.be\/fr\/product\/nwt-galaxy-contra-angle-g95ls-ref-8440-534\/\" \/>\n<meta property=\"og:site_name\" content=\"Districos Webshop\" \/>\n<meta property=\"article:modified_time\" content=\"2026-04-28T09:33:56+00:00\" \/>\n<meta name=\"twitter:card\" content=\"summary_large_image\" \/>\n<script type=\"application\/ld+json\" class=\"yoast-schema-graph\">{\"@context\":\"https:\\\/\\\/schema.org\",\"@graph\":[{\"@type\":\"WebPage\",\"@id\":\"https:\\\/\\\/districos.standingout.be\\\/fr\\\/product\\\/nwt-galaxy-contra-angle-g95ls-ref-8440-534\\\/\",\"url\":\"https:\\\/\\\/districos.standingout.be\\\/fr\\\/product\\\/nwt-galaxy-contra-angle-g95ls-ref-8440-534\\\/\",\"name\":\"NWT Galaxy Contra Angle G95LS - Districos Webshop\",\"isPartOf\":{\"@id\":\"https:\\\/\\\/districos.standingout.be\\\/fr\\\/#website\"},\"primaryImageOfPage\":{\"@id\":\"https:\\\/\\\/districos.standingout.be\\\/fr\\\/product\\\/nwt-galaxy-contra-angle-g95ls-ref-8440-534\\\/#primaryimage\"},\"image\":{\"@id\":\"https:\\\/\\\/districos.standingout.be\\\/fr\\\/product\\\/nwt-galaxy-contra-angle-g95ls-ref-8440-534\\\/#primaryimage\"},\"thumbnailUrl\":\"https:\\\/\\\/districos.standingout.be\\\/wp-content\\\/uploads\\\/2025\\\/07\\\/8440.534@HighRes_0_99.png\",\"datePublished\":\"2026-04-28T09:33:52+00:00\",\"dateModified\":\"2026-04-28T09:33:56+00:00\",\"breadcrumb\":{\"@id\":\"https:\\\/\\\/districos.standingout.be\\\/fr\\\/product\\\/nwt-galaxy-contra-angle-g95ls-ref-8440-534\\\/#breadcrumb\"},\"inLanguage\":\"fr-FR\",\"potentialAction\":[{\"@type\":\"ReadAction\",\"target\":[\"https:\\\/\\\/districos.standingout.be\\\/fr\\\/product\\\/nwt-galaxy-contra-angle-g95ls-ref-8440-534\\\/\"]}]},{\"@type\":\"ImageObject\",\"inLanguage\":\"fr-FR\",\"@id\":\"https:\\\/\\\/districos.standingout.be\\\/fr\\\/product\\\/nwt-galaxy-contra-angle-g95ls-ref-8440-534\\\/#primaryimage\",\"url\":\"https:\\\/\\\/districos.standingout.be\\\/wp-content\\\/uploads\\\/2025\\\/07\\\/8440.534@HighRes_0_99.png\",\"contentUrl\":\"https:\\\/\\\/districos.standingout.be\\\/wp-content\\\/uploads\\\/2025\\\/07\\\/8440.534@HighRes_0_99.png\",\"width\":600,\"height\":600},{\"@type\":\"BreadcrumbList\",\"@id\":\"https:\\\/\\\/districos.standingout.be\\\/fr\\\/product\\\/nwt-galaxy-contra-angle-g95ls-ref-8440-534\\\/#breadcrumb\",\"itemListElement\":[{\"@type\":\"ListItem\",\"position\":1,\"name\":\"Home\",\"item\":\"https:\\\/\\\/districos.standingout.be\\\/fr\\\/bienvenue-chez-districos\\\/\"},{\"@type\":\"ListItem\",\"position\":2,\"name\":\"Boutique\",\"item\":\"https:\\\/\\\/districos.standingout.be\\\/fr\\\/boutique\\\/\"},{\"@type\":\"ListItem\",\"position\":3,\"name\":\"NWT Galaxy Contra Angle G95LS\"}]},{\"@type\":\"WebSite\",\"@id\":\"https:\\\/\\\/districos.standingout.be\\\/fr\\\/#website\",\"url\":\"https:\\\/\\\/districos.standingout.be\\\/fr\\\/\",\"name\":\"Districos Webshop\",\"description\":\"\",\"publisher\":{\"@id\":\"https:\\\/\\\/districos.standingout.be\\\/fr\\\/#organization\"},\"potentialAction\":[{\"@type\":\"SearchAction\",\"target\":{\"@type\":\"EntryPoint\",\"urlTemplate\":\"https:\\\/\\\/districos.standingout.be\\\/fr\\\/?s={search_term_string}\"},\"query-input\":{\"@type\":\"PropertyValueSpecification\",\"valueRequired\":true,\"valueName\":\"search_term_string\"}}],\"inLanguage\":\"fr-FR\"},{\"@type\":\"Organization\",\"@id\":\"https:\\\/\\\/districos.standingout.be\\\/fr\\\/#organization\",\"name\":\"Districos Webshop\",\"url\":\"https:\\\/\\\/districos.standingout.be\\\/fr\\\/\",\"logo\":{\"@type\":\"ImageObject\",\"inLanguage\":\"fr-FR\",\"@id\":\"https:\\\/\\\/districos.standingout.be\\\/fr\\\/#\\\/schema\\\/logo\\\/image\\\/\",\"url\":\"https:\\\/\\\/districos.standingout.be\\\/wp-content\\\/uploads\\\/2022\\\/09\\\/Districos_Logo_Webshop.svg\",\"contentUrl\":\"https:\\\/\\\/districos.standingout.be\\\/wp-content\\\/uploads\\\/2022\\\/09\\\/Districos_Logo_Webshop.svg\",\"caption\":\"Districos Webshop\"},\"image\":{\"@id\":\"https:\\\/\\\/districos.standingout.be\\\/fr\\\/#\\\/schema\\\/logo\\\/image\\\/\"}}]}<\/script>\n<!-- \/ Yoast SEO plugin. -->","yoast_head_json":{"title":"NWT Galaxy Contra Angle G95LS - Districos Webshop","robots":{"index":"noindex","follow":"follow","max-snippet":"max-snippet:-1","max-image-preview":"max-image-preview:large","max-video-preview":"max-video-preview:-1"},"og_locale":"fr_FR","og_type":"article","og_title":"NWT Galaxy Contra Angle G95LS - Districos Webshop","og_description":"Id\u00e9al pour enlever les cors (neurovasculaires). Gr\u00e2ce \u00e0 la grande vitesse, il est possible de les enlever plus rapidement qu\u2019avec un bistouri. En plus, c\u2019est moins douloureux pour votre client(e). Le Contra Angle s\u2019utilise \u00e9galement afin de percer plus facilement \u00e0 travers la tablette ungu\u00e9ale. R\u00e9gime : 200.000 tpm.","og_url":"https:\/\/districos.standingout.be\/fr\/product\/nwt-galaxy-contra-angle-g95ls-ref-8440-534\/","og_site_name":"Districos Webshop","article_modified_time":"2026-04-28T09:33:56+00:00","twitter_card":"summary_large_image","schema":{"@context":"https:\/\/schema.org","@graph":[{"@type":"WebPage","@id":"https:\/\/districos.standingout.be\/fr\/product\/nwt-galaxy-contra-angle-g95ls-ref-8440-534\/","url":"https:\/\/districos.standingout.be\/fr\/product\/nwt-galaxy-contra-angle-g95ls-ref-8440-534\/","name":"NWT Galaxy Contra Angle G95LS - Districos Webshop","isPartOf":{"@id":"https:\/\/districos.standingout.be\/fr\/#website"},"primaryImageOfPage":{"@id":"https:\/\/districos.standingout.be\/fr\/product\/nwt-galaxy-contra-angle-g95ls-ref-8440-534\/#primaryimage"},"image":{"@id":"https:\/\/districos.standingout.be\/fr\/product\/nwt-galaxy-contra-angle-g95ls-ref-8440-534\/#primaryimage"},"thumbnailUrl":"https:\/\/districos.standingout.be\/wp-content\/uploads\/2025\/07\/8440.534@HighRes_0_99.png","datePublished":"2026-04-28T09:33:52+00:00","dateModified":"2026-04-28T09:33:56+00:00","breadcrumb":{"@id":"https:\/\/districos.standingout.be\/fr\/product\/nwt-galaxy-contra-angle-g95ls-ref-8440-534\/#breadcrumb"},"inLanguage":"fr-FR","potentialAction":[{"@type":"ReadAction","target":["https:\/\/districos.standingout.be\/fr\/product\/nwt-galaxy-contra-angle-g95ls-ref-8440-534\/"]}]},{"@type":"ImageObject","inLanguage":"fr-FR","@id":"https:\/\/districos.standingout.be\/fr\/product\/nwt-galaxy-contra-angle-g95ls-ref-8440-534\/#primaryimage","url":"https:\/\/districos.standingout.be\/wp-content\/uploads\/2025\/07\/8440.534@HighRes_0_99.png","contentUrl":"https:\/\/districos.standingout.be\/wp-content\/uploads\/2025\/07\/8440.534@HighRes_0_99.png","width":600,"height":600},{"@type":"BreadcrumbList","@id":"https:\/\/districos.standingout.be\/fr\/product\/nwt-galaxy-contra-angle-g95ls-ref-8440-534\/#breadcrumb","itemListElement":[{"@type":"ListItem","position":1,"name":"Home","item":"https:\/\/districos.standingout.be\/fr\/bienvenue-chez-districos\/"},{"@type":"ListItem","position":2,"name":"Boutique","item":"https:\/\/districos.standingout.be\/fr\/boutique\/"},{"@type":"ListItem","position":3,"name":"NWT Galaxy Contra Angle G95LS"}]},{"@type":"WebSite","@id":"https:\/\/districos.standingout.be\/fr\/#website","url":"https:\/\/districos.standingout.be\/fr\/","name":"Districos Webshop","description":"","publisher":{"@id":"https:\/\/districos.standingout.be\/fr\/#organization"},"potentialAction":[{"@type":"SearchAction","target":{"@type":"EntryPoint","urlTemplate":"https:\/\/districos.standingout.be\/fr\/?s={search_term_string}"},"query-input":{"@type":"PropertyValueSpecification","valueRequired":true,"valueName":"search_term_string"}}],"inLanguage":"fr-FR"},{"@type":"Organization","@id":"https:\/\/districos.standingout.be\/fr\/#organization","name":"Districos Webshop","url":"https:\/\/districos.standingout.be\/fr\/","logo":{"@type":"ImageObject","inLanguage":"fr-FR","@id":"https:\/\/districos.standingout.be\/fr\/#\/schema\/logo\/image\/","url":"https:\/\/districos.standingout.be\/wp-content\/uploads\/2022\/09\/Districos_Logo_Webshop.svg","contentUrl":"https:\/\/districos.standingout.be\/wp-content\/uploads\/2022\/09\/Districos_Logo_Webshop.svg","caption":"Districos Webshop"},"image":{"@id":"https:\/\/districos.standingout.be\/fr\/#\/schema\/logo\/image\/"}}]}},"_links":{"self":[{"href":"https:\/\/districos.standingout.be\/fr\/wp-json\/wp\/v2\/product\/138569","targetHints":{"allow":["GET"]}}],"collection":[{"href":"https:\/\/districos.standingout.be\/fr\/wp-json\/wp\/v2\/product"}],"about":[{"href":"https:\/\/districos.standingout.be\/fr\/wp-json\/wp\/v2\/types\/product"}],"replies":[{"embeddable":true,"href":"https:\/\/districos.standingout.be\/fr\/wp-json\/wp\/v2\/comments?post=138569"}],"wp:featuredmedia":[{"embeddable":true,"href":"https:\/\/districos.standingout.be\/fr\/wp-json\/wp\/v2\/media\/81698"}],"wp:attachment":[{"href":"https:\/\/districos.standingout.be\/fr\/wp-json\/wp\/v2\/media?parent=138569"}],"wp:term":[{"taxonomy":"product_brand","embeddable":true,"href":"https:\/\/districos.standingout.be\/fr\/wp-json\/wp\/v2\/product_brand?post=138569"},{"taxonomy":"product_cat","embeddable":true,"href":"https:\/\/districos.standingout.be\/fr\/wp-json\/wp\/v2\/product_cat?post=138569"},{"taxonomy":"product_tag","embeddable":true,"href":"https:\/\/districos.standingout.be\/fr\/wp-json\/wp\/v2\/product_tag?post=138569"}],"curies":[{"name":"wp","href":"https:\/\/api.w.org\/{rel}","templated":true}]}}