{"id":138583,"date":"2026-04-28T11:35:26","date_gmt":"2026-04-28T09:35:26","guid":{"rendered":"https:\/\/webshopdistricoscom.webhosting.be\/product\/podispray-lavande-5-l-ref-8440-66\/"},"modified":"2026-04-28T11:35:31","modified_gmt":"2026-04-28T09:35:31","slug":"podispray-lavande-5-l-ref-8440-66","status":"publish","type":"product","link":"https:\/\/districos.standingout.be\/fr\/product\/podispray-lavande-5-l-ref-8440-66\/","title":{"rendered":"Podispray Lavande 5 l"},"content":{"rendered":"<p >\n<\/p>\n<\/p>\n<p><span>Liquide rafra\u00eechissant et anti-poussi\u00e8re au parfum agr\u00e9able de lavande pour les fraiseuses \u00e0 technologie au spray. Formule stable pour une longue dur\u00e9e de vie de votre appareil. Contient des composants d\u00e9sinfectants pour \u00e9viter la formation des bact\u00e9ries dans votre appareil. \u00c0 ne pas utiliser dans les fraiseuses d\u2019Aqua Tech!<\/span><\/p>\n<p><span>Emballage : bidon de 5 l<\/span> <\/p>\n<div>\n<div><span><b>Egalement disponible:<\/b><\/span><\/div>\n<div>\n<ul>\n<li><span>Podispray sans Parfum 5 l (<a href=\"https:\/\/www.districos.com\/ProductDetail\/8440.64\" target=\"_blank\" rel=\"noopener noreferrer nofollow\"><font color=\"#0004ff\">r\u00e9f. 8440.64<\/font><\/a>)<\/span><\/li>\n<li><span>Podispray Citron 5 l (<a href=\"https:\/\/www.districos.com\/ProductDetail\/8440.65\" target=\"_blank\" rel=\"noopener noreferrer nofollow\"><font color=\"#0004ff\">r\u00e9f. 8440.65<\/font><\/a>)<\/span><\/li>\n<\/ul>\n<div><\/div>\n<div>\n<p data-start=\"76\" data-end=\"116\"><font size=\"1\"><strong data-start=\"76\" data-end=\"116\">ATTENTION \u2013 SUPPL\u00c9MENT POUR LIQUIDES<\/strong><\/font><\/p>\n<p dir=\"ltr\"><font size=\"1\"><\/font><\/p>\n<p data-start=\"76\" data-end=\"116\"><font size=\"1\"><\/font><\/p>\n<p data-start=\"118\" data-end=\"392\"><font size=\"1\">Pour les commandes livr\u00e9es contenant plus de&nbsp;<strong data-start=\"155\" data-end=\"180\">15 litres de liquides<\/strong>, un suppl\u00e9ment de&nbsp;<strong data-start=\"199\" data-end=\"245\">0,50 \u20ac (hors TVA) par litre suppl\u00e9mentaire<\/strong>&nbsp;sera appliqu\u00e9 au-del\u00e0 de ce volume.<br data-start=\"281\" data-end=\"284\">Ce suppl\u00e9ment couvre les co\u00fbts additionnels li\u00e9s \u00e0 l\u2019emballage, la manutention et le transport des liquides.<\/font><\/p>\n<\/div>\n<\/div>\n<\/div>\n<div><\/div>\n","protected":false},"excerpt":{"rendered":"<p>Liquide rafra\u00eechissant et anti-poussi\u00e8re au parfum agr\u00e9able de lavande pour les fraiseuses \u00e0 technologie au spray. Formule stable pour une longue dur\u00e9e de vie de votre appareil. Contient des composants d\u00e9sinfectants pour \u00e9viter la formation des bact\u00e9ries dans votre appareil. \u00c0 ne pas utiliser dans les fraiseuses d\u2019Aqua Tech! Emballage : bidon de 5 l [&hellip;]<\/p>\n","protected":false},"featured_media":81722,"comment_status":"open","ping_status":"closed","template":"","meta":{"_acf_changed":false},"product_brand":[10530],"product_cat":[9940,10096],"product_tag":[],"class_list":{"0":"post-138583","1":"product","2":"type-product","3":"status-publish","4":"has-post-thumbnail","6":"product_brand-reymerink-fr","7":"product_cat-beaute-pedicure-fraiseuses","8":"product_cat-amenagement-equipement-pedicure","10":"first","11":"instock","12":"taxable","13":"shipping-taxable","14":"product-type-simple"},"acf":[],"yoast_head":"<!-- This site is optimized with the Yoast SEO plugin v27.3 - https:\/\/yoast.com\/product\/yoast-seo-wordpress\/ -->\n<title>Podispray Lavande 5 l - Districos Webshop<\/title>\n<meta name=\"robots\" content=\"noindex, follow, max-snippet:-1, max-image-preview:large, max-video-preview:-1\" \/>\n<meta property=\"og:locale\" content=\"fr_FR\" \/>\n<meta property=\"og:type\" content=\"article\" \/>\n<meta property=\"og:title\" content=\"Podispray Lavande 5 l - Districos Webshop\" \/>\n<meta property=\"og:description\" content=\"Liquide rafra\u00eechissant et anti-poussi\u00e8re au parfum agr\u00e9able de lavande pour les fraiseuses \u00e0 technologie au spray. Formule stable pour une longue dur\u00e9e de vie de votre appareil. Contient des composants d\u00e9sinfectants pour \u00e9viter la formation des bact\u00e9ries dans votre appareil. \u00c0 ne pas utiliser dans les fraiseuses d\u2019Aqua Tech! Emballage : bidon de 5 l [&hellip;]\" \/>\n<meta property=\"og:url\" content=\"https:\/\/districos.standingout.be\/fr\/product\/podispray-lavande-5-l-ref-8440-66\/\" \/>\n<meta property=\"og:site_name\" content=\"Districos Webshop\" \/>\n<meta property=\"article:modified_time\" content=\"2026-04-28T09:35:31+00:00\" \/>\n<meta name=\"twitter:card\" content=\"summary_large_image\" \/>\n<meta name=\"twitter:label1\" content=\"Dur\u00e9e de lecture estim\u00e9e\" \/>\n\t<meta name=\"twitter:data1\" content=\"1 minute\" \/>\n<script type=\"application\/ld+json\" class=\"yoast-schema-graph\">{\"@context\":\"https:\\\/\\\/schema.org\",\"@graph\":[{\"@type\":\"WebPage\",\"@id\":\"https:\\\/\\\/districos.standingout.be\\\/fr\\\/product\\\/podispray-lavande-5-l-ref-8440-66\\\/\",\"url\":\"https:\\\/\\\/districos.standingout.be\\\/fr\\\/product\\\/podispray-lavande-5-l-ref-8440-66\\\/\",\"name\":\"Podispray Lavande 5 l - Districos Webshop\",\"isPartOf\":{\"@id\":\"https:\\\/\\\/districos.standingout.be\\\/fr\\\/#website\"},\"primaryImageOfPage\":{\"@id\":\"https:\\\/\\\/districos.standingout.be\\\/fr\\\/product\\\/podispray-lavande-5-l-ref-8440-66\\\/#primaryimage\"},\"image\":{\"@id\":\"https:\\\/\\\/districos.standingout.be\\\/fr\\\/product\\\/podispray-lavande-5-l-ref-8440-66\\\/#primaryimage\"},\"thumbnailUrl\":\"https:\\\/\\\/districos.standingout.be\\\/wp-content\\\/uploads\\\/2025\\\/07\\\/8440.66@LowRes_1.png\",\"datePublished\":\"2026-04-28T09:35:26+00:00\",\"dateModified\":\"2026-04-28T09:35:31+00:00\",\"breadcrumb\":{\"@id\":\"https:\\\/\\\/districos.standingout.be\\\/fr\\\/product\\\/podispray-lavande-5-l-ref-8440-66\\\/#breadcrumb\"},\"inLanguage\":\"fr-FR\",\"potentialAction\":[{\"@type\":\"ReadAction\",\"target\":[\"https:\\\/\\\/districos.standingout.be\\\/fr\\\/product\\\/podispray-lavande-5-l-ref-8440-66\\\/\"]}]},{\"@type\":\"ImageObject\",\"inLanguage\":\"fr-FR\",\"@id\":\"https:\\\/\\\/districos.standingout.be\\\/fr\\\/product\\\/podispray-lavande-5-l-ref-8440-66\\\/#primaryimage\",\"url\":\"https:\\\/\\\/districos.standingout.be\\\/wp-content\\\/uploads\\\/2025\\\/07\\\/8440.66@LowRes_1.png\",\"contentUrl\":\"https:\\\/\\\/districos.standingout.be\\\/wp-content\\\/uploads\\\/2025\\\/07\\\/8440.66@LowRes_1.png\",\"width\":600,\"height\":600},{\"@type\":\"BreadcrumbList\",\"@id\":\"https:\\\/\\\/districos.standingout.be\\\/fr\\\/product\\\/podispray-lavande-5-l-ref-8440-66\\\/#breadcrumb\",\"itemListElement\":[{\"@type\":\"ListItem\",\"position\":1,\"name\":\"Home\",\"item\":\"https:\\\/\\\/districos.standingout.be\\\/fr\\\/bienvenue-chez-districos\\\/\"},{\"@type\":\"ListItem\",\"position\":2,\"name\":\"Boutique\",\"item\":\"https:\\\/\\\/districos.standingout.be\\\/fr\\\/boutique\\\/\"},{\"@type\":\"ListItem\",\"position\":3,\"name\":\"Podispray Lavande 5 l\"}]},{\"@type\":\"WebSite\",\"@id\":\"https:\\\/\\\/districos.standingout.be\\\/fr\\\/#website\",\"url\":\"https:\\\/\\\/districos.standingout.be\\\/fr\\\/\",\"name\":\"Districos Webshop\",\"description\":\"\",\"publisher\":{\"@id\":\"https:\\\/\\\/districos.standingout.be\\\/fr\\\/#organization\"},\"potentialAction\":[{\"@type\":\"SearchAction\",\"target\":{\"@type\":\"EntryPoint\",\"urlTemplate\":\"https:\\\/\\\/districos.standingout.be\\\/fr\\\/?s={search_term_string}\"},\"query-input\":{\"@type\":\"PropertyValueSpecification\",\"valueRequired\":true,\"valueName\":\"search_term_string\"}}],\"inLanguage\":\"fr-FR\"},{\"@type\":\"Organization\",\"@id\":\"https:\\\/\\\/districos.standingout.be\\\/fr\\\/#organization\",\"name\":\"Districos Webshop\",\"url\":\"https:\\\/\\\/districos.standingout.be\\\/fr\\\/\",\"logo\":{\"@type\":\"ImageObject\",\"inLanguage\":\"fr-FR\",\"@id\":\"https:\\\/\\\/districos.standingout.be\\\/fr\\\/#\\\/schema\\\/logo\\\/image\\\/\",\"url\":\"https:\\\/\\\/districos.standingout.be\\\/wp-content\\\/uploads\\\/2022\\\/09\\\/Districos_Logo_Webshop.svg\",\"contentUrl\":\"https:\\\/\\\/districos.standingout.be\\\/wp-content\\\/uploads\\\/2022\\\/09\\\/Districos_Logo_Webshop.svg\",\"caption\":\"Districos Webshop\"},\"image\":{\"@id\":\"https:\\\/\\\/districos.standingout.be\\\/fr\\\/#\\\/schema\\\/logo\\\/image\\\/\"}}]}<\/script>\n<!-- \/ Yoast SEO plugin. -->","yoast_head_json":{"title":"Podispray Lavande 5 l - Districos Webshop","robots":{"index":"noindex","follow":"follow","max-snippet":"max-snippet:-1","max-image-preview":"max-image-preview:large","max-video-preview":"max-video-preview:-1"},"og_locale":"fr_FR","og_type":"article","og_title":"Podispray Lavande 5 l - Districos Webshop","og_description":"Liquide rafra\u00eechissant et anti-poussi\u00e8re au parfum agr\u00e9able de lavande pour les fraiseuses \u00e0 technologie au spray. Formule stable pour une longue dur\u00e9e de vie de votre appareil. Contient des composants d\u00e9sinfectants pour \u00e9viter la formation des bact\u00e9ries dans votre appareil. \u00c0 ne pas utiliser dans les fraiseuses d\u2019Aqua Tech! Emballage : bidon de 5 l [&hellip;]","og_url":"https:\/\/districos.standingout.be\/fr\/product\/podispray-lavande-5-l-ref-8440-66\/","og_site_name":"Districos Webshop","article_modified_time":"2026-04-28T09:35:31+00:00","twitter_card":"summary_large_image","twitter_misc":{"Dur\u00e9e de lecture estim\u00e9e":"1 minute"},"schema":{"@context":"https:\/\/schema.org","@graph":[{"@type":"WebPage","@id":"https:\/\/districos.standingout.be\/fr\/product\/podispray-lavande-5-l-ref-8440-66\/","url":"https:\/\/districos.standingout.be\/fr\/product\/podispray-lavande-5-l-ref-8440-66\/","name":"Podispray Lavande 5 l - Districos Webshop","isPartOf":{"@id":"https:\/\/districos.standingout.be\/fr\/#website"},"primaryImageOfPage":{"@id":"https:\/\/districos.standingout.be\/fr\/product\/podispray-lavande-5-l-ref-8440-66\/#primaryimage"},"image":{"@id":"https:\/\/districos.standingout.be\/fr\/product\/podispray-lavande-5-l-ref-8440-66\/#primaryimage"},"thumbnailUrl":"https:\/\/districos.standingout.be\/wp-content\/uploads\/2025\/07\/8440.66@LowRes_1.png","datePublished":"2026-04-28T09:35:26+00:00","dateModified":"2026-04-28T09:35:31+00:00","breadcrumb":{"@id":"https:\/\/districos.standingout.be\/fr\/product\/podispray-lavande-5-l-ref-8440-66\/#breadcrumb"},"inLanguage":"fr-FR","potentialAction":[{"@type":"ReadAction","target":["https:\/\/districos.standingout.be\/fr\/product\/podispray-lavande-5-l-ref-8440-66\/"]}]},{"@type":"ImageObject","inLanguage":"fr-FR","@id":"https:\/\/districos.standingout.be\/fr\/product\/podispray-lavande-5-l-ref-8440-66\/#primaryimage","url":"https:\/\/districos.standingout.be\/wp-content\/uploads\/2025\/07\/8440.66@LowRes_1.png","contentUrl":"https:\/\/districos.standingout.be\/wp-content\/uploads\/2025\/07\/8440.66@LowRes_1.png","width":600,"height":600},{"@type":"BreadcrumbList","@id":"https:\/\/districos.standingout.be\/fr\/product\/podispray-lavande-5-l-ref-8440-66\/#breadcrumb","itemListElement":[{"@type":"ListItem","position":1,"name":"Home","item":"https:\/\/districos.standingout.be\/fr\/bienvenue-chez-districos\/"},{"@type":"ListItem","position":2,"name":"Boutique","item":"https:\/\/districos.standingout.be\/fr\/boutique\/"},{"@type":"ListItem","position":3,"name":"Podispray Lavande 5 l"}]},{"@type":"WebSite","@id":"https:\/\/districos.standingout.be\/fr\/#website","url":"https:\/\/districos.standingout.be\/fr\/","name":"Districos Webshop","description":"","publisher":{"@id":"https:\/\/districos.standingout.be\/fr\/#organization"},"potentialAction":[{"@type":"SearchAction","target":{"@type":"EntryPoint","urlTemplate":"https:\/\/districos.standingout.be\/fr\/?s={search_term_string}"},"query-input":{"@type":"PropertyValueSpecification","valueRequired":true,"valueName":"search_term_string"}}],"inLanguage":"fr-FR"},{"@type":"Organization","@id":"https:\/\/districos.standingout.be\/fr\/#organization","name":"Districos Webshop","url":"https:\/\/districos.standingout.be\/fr\/","logo":{"@type":"ImageObject","inLanguage":"fr-FR","@id":"https:\/\/districos.standingout.be\/fr\/#\/schema\/logo\/image\/","url":"https:\/\/districos.standingout.be\/wp-content\/uploads\/2022\/09\/Districos_Logo_Webshop.svg","contentUrl":"https:\/\/districos.standingout.be\/wp-content\/uploads\/2022\/09\/Districos_Logo_Webshop.svg","caption":"Districos Webshop"},"image":{"@id":"https:\/\/districos.standingout.be\/fr\/#\/schema\/logo\/image\/"}}]}},"_links":{"self":[{"href":"https:\/\/districos.standingout.be\/fr\/wp-json\/wp\/v2\/product\/138583","targetHints":{"allow":["GET"]}}],"collection":[{"href":"https:\/\/districos.standingout.be\/fr\/wp-json\/wp\/v2\/product"}],"about":[{"href":"https:\/\/districos.standingout.be\/fr\/wp-json\/wp\/v2\/types\/product"}],"replies":[{"embeddable":true,"href":"https:\/\/districos.standingout.be\/fr\/wp-json\/wp\/v2\/comments?post=138583"}],"wp:featuredmedia":[{"embeddable":true,"href":"https:\/\/districos.standingout.be\/fr\/wp-json\/wp\/v2\/media\/81722"}],"wp:attachment":[{"href":"https:\/\/districos.standingout.be\/fr\/wp-json\/wp\/v2\/media?parent=138583"}],"wp:term":[{"taxonomy":"product_brand","embeddable":true,"href":"https:\/\/districos.standingout.be\/fr\/wp-json\/wp\/v2\/product_brand?post=138583"},{"taxonomy":"product_cat","embeddable":true,"href":"https:\/\/districos.standingout.be\/fr\/wp-json\/wp\/v2\/product_cat?post=138583"},{"taxonomy":"product_tag","embeddable":true,"href":"https:\/\/districos.standingout.be\/fr\/wp-json\/wp\/v2\/product_tag?post=138583"}],"curies":[{"name":"wp","href":"https:\/\/api.w.org\/{rel}","templated":true}]}}