{"id":138585,"date":"2026-04-28T11:35:52","date_gmt":"2026-04-28T09:35:52","guid":{"rendered":"https:\/\/webshopdistricoscom.webhosting.be\/product\/alicia-gueridon-3-niveaux-blanc-base-ref-8440-82\/"},"modified":"2026-04-28T11:35:59","modified_gmt":"2026-04-28T09:35:59","slug":"alicia-gueridon-3-niveaux-blanc-base-ref-8440-82","status":"publish","type":"product","link":"https:\/\/districos.standingout.be\/fr\/product\/alicia-gueridon-3-niveaux-blanc-base-ref-8440-82\/","title":{"rendered":"Alicia Gu\u00e9ridon 3 Niveaux Blanc Base"},"content":{"rendered":"<p >\n<p dir=ltr>Chariot \u00e0 la finition \u00e9l\u00e9gante \u00e0 trois niveaux. Pourvu de base d\u2019un porte-rouleau et d\u2019un porte-spatules. Mortaises pour fixation d\u2019une lampe loupe et d\u2019un porte-r\u00e9cipient pour r\u00e9cipient d\u2019eau en plastique Easybowl. <\/p>\n<ul> <\/p>\n<li>Dimensions : 60 x 42 x 93 cm (L x l x h)<\/li>\n<p> <\/p>\n<li>Couleur : blanc<\/li>\n<p> <\/ul>\n<p> Mat\u00e9riau : <\/p>\n<ul> <\/p>\n<li>Cadre : tige m\u00e9tallique entour\u00e9e d\u2019un tube en plastique chrom\u00e9 d\u00e9coratif<\/li>\n<p> <\/p>\n<li>Tablettes : plaques de MDF de rev\u00eatement en poudre<\/li>\n<p> <\/p>\n<li>Roulettes : plastiques avec rev\u00eatement en caoutchouc<\/li>\n<p> <\/ul>\n<p> Disponible en 2 couleurs : <\/p>\n<ul> <\/p>\n<li>Blanc (R\u00e9f. 8440.82)<\/li>\n<p> <\/p>\n<li>Weng\u00e9 (R\u00e9f. 8440.82W)<\/li>\n<p> <\/ul>\n<p> Options :<\/p>\n<p> <\/p>\n<ul> <\/p>\n<li>Tiroir automatique blanc : tiroir pratique \u00e0 fermeture automatique (R\u00e9f. 8440.83)<\/li>\n<p> <\/p>\n<li>Plateau coulissant blanc (R\u00e9f. 8440.84)<\/li>\n<p> <\/p>\n<li>Clip sac poubelle Hostesse avec sacs poubelle 100 pcs. (R\u00e9f. resp. 8451.55 et 8323.04)<\/li>\n<p> <\/p>\n<li>Porte-r\u00e9cipient avec r\u00e9cipient d\u2019eau Easybowl blanc (R\u00e9f. resp. 8451.21\/01)<\/li>\n<p> <\/p>\n<li>Lampe loupe G3 avec pince de table (R\u00e9f. 8404.41)<\/li>\n<p> <\/p>\n<li>SET COMPLET : Chariot Alicia 3 niveaux complet blanc (R\u00e9f. 8440.85)<\/li>\n<p> <\/ul>\n<p> Chariot Alicia 3 Niveaux Base Blanc , 8440.82 <\/p>\n<ul> <\/ul>\n<p> <\/p>\n<ul> <\/ul>\n<p> <\/p>\n<ul> <\/ul><\/p>\n","protected":false},"excerpt":{"rendered":"<p>Chariot \u00e0 la finition \u00e9l\u00e9gante \u00e0 trois niveaux. Pourvu de base d\u2019un porte-rouleau et d\u2019un porte-spatules. Mortaises pour fixation d\u2019une lampe loupe et d\u2019un porte-r\u00e9cipient pour r\u00e9cipient d\u2019eau en plastique Easybowl. Dimensions : 60 x 42 x 93 cm (L x l x h) Couleur : blanc Mat\u00e9riau : Cadre : tige m\u00e9tallique entour\u00e9e d\u2019un [&hellip;]<\/p>\n","protected":false},"featured_media":81725,"comment_status":"open","ping_status":"closed","template":"","meta":{"_acf_changed":false},"product_brand":[10612],"product_cat":[9960,10110,10233,10072],"product_tag":[],"class_list":{"0":"post-138585","1":"product","2":"type-product","3":"status-publish","4":"has-post-thumbnail","6":"product_brand-zenna-fr","7":"product_cat-beaute-pedicure-amenagement-du-cabinet","8":"product_cat-amenagement-amenagement-gueridons","9":"product_cat-amenagement-fauteuils-de-traitement-pedicure","10":"product_cat-soins-des-pieds-podologie-amenagement-du-cabinet-tables-de-travail","12":"first","13":"instock","14":"taxable","15":"shipping-taxable","16":"product-type-simple"},"acf":[],"yoast_head":"<!-- This site is optimized with the Yoast SEO plugin v27.3 - https:\/\/yoast.com\/product\/yoast-seo-wordpress\/ -->\n<title>Alicia Gu\u00e9ridon 3 Niveaux Blanc Base - Districos Webshop<\/title>\n<meta name=\"robots\" content=\"noindex, follow, max-snippet:-1, max-image-preview:large, max-video-preview:-1\" \/>\n<meta property=\"og:locale\" content=\"fr_FR\" \/>\n<meta property=\"og:type\" content=\"article\" \/>\n<meta property=\"og:title\" content=\"Alicia Gu\u00e9ridon 3 Niveaux Blanc Base - Districos Webshop\" \/>\n<meta property=\"og:description\" content=\"Chariot \u00e0 la finition \u00e9l\u00e9gante \u00e0 trois niveaux. Pourvu de base d\u2019un porte-rouleau et d\u2019un porte-spatules. Mortaises pour fixation d\u2019une lampe loupe et d\u2019un porte-r\u00e9cipient pour r\u00e9cipient d\u2019eau en plastique Easybowl. Dimensions : 60 x 42 x 93 cm (L x l x h) Couleur : blanc Mat\u00e9riau : Cadre : tige m\u00e9tallique entour\u00e9e d\u2019un [&hellip;]\" \/>\n<meta property=\"og:url\" content=\"https:\/\/districos.standingout.be\/fr\/product\/alicia-gueridon-3-niveaux-blanc-base-ref-8440-82\/\" \/>\n<meta property=\"og:site_name\" content=\"Districos Webshop\" \/>\n<meta property=\"article:modified_time\" content=\"2026-04-28T09:35:59+00:00\" \/>\n<meta name=\"twitter:card\" content=\"summary_large_image\" \/>\n<meta name=\"twitter:label1\" content=\"Dur\u00e9e de lecture estim\u00e9e\" \/>\n\t<meta name=\"twitter:data1\" content=\"1 minute\" \/>\n<script type=\"application\/ld+json\" class=\"yoast-schema-graph\">{\"@context\":\"https:\\\/\\\/schema.org\",\"@graph\":[{\"@type\":\"WebPage\",\"@id\":\"https:\\\/\\\/districos.standingout.be\\\/fr\\\/product\\\/alicia-gueridon-3-niveaux-blanc-base-ref-8440-82\\\/\",\"url\":\"https:\\\/\\\/districos.standingout.be\\\/fr\\\/product\\\/alicia-gueridon-3-niveaux-blanc-base-ref-8440-82\\\/\",\"name\":\"Alicia Gu\u00e9ridon 3 Niveaux Blanc Base - Districos Webshop\",\"isPartOf\":{\"@id\":\"https:\\\/\\\/districos.standingout.be\\\/fr\\\/#website\"},\"primaryImageOfPage\":{\"@id\":\"https:\\\/\\\/districos.standingout.be\\\/fr\\\/product\\\/alicia-gueridon-3-niveaux-blanc-base-ref-8440-82\\\/#primaryimage\"},\"image\":{\"@id\":\"https:\\\/\\\/districos.standingout.be\\\/fr\\\/product\\\/alicia-gueridon-3-niveaux-blanc-base-ref-8440-82\\\/#primaryimage\"},\"thumbnailUrl\":\"https:\\\/\\\/districos.standingout.be\\\/wp-content\\\/uploads\\\/2025\\\/07\\\/8440.82@LowRes_1.png\",\"datePublished\":\"2026-04-28T09:35:52+00:00\",\"dateModified\":\"2026-04-28T09:35:59+00:00\",\"breadcrumb\":{\"@id\":\"https:\\\/\\\/districos.standingout.be\\\/fr\\\/product\\\/alicia-gueridon-3-niveaux-blanc-base-ref-8440-82\\\/#breadcrumb\"},\"inLanguage\":\"fr-FR\",\"potentialAction\":[{\"@type\":\"ReadAction\",\"target\":[\"https:\\\/\\\/districos.standingout.be\\\/fr\\\/product\\\/alicia-gueridon-3-niveaux-blanc-base-ref-8440-82\\\/\"]}]},{\"@type\":\"ImageObject\",\"inLanguage\":\"fr-FR\",\"@id\":\"https:\\\/\\\/districos.standingout.be\\\/fr\\\/product\\\/alicia-gueridon-3-niveaux-blanc-base-ref-8440-82\\\/#primaryimage\",\"url\":\"https:\\\/\\\/districos.standingout.be\\\/wp-content\\\/uploads\\\/2025\\\/07\\\/8440.82@LowRes_1.png\",\"contentUrl\":\"https:\\\/\\\/districos.standingout.be\\\/wp-content\\\/uploads\\\/2025\\\/07\\\/8440.82@LowRes_1.png\",\"width\":600,\"height\":600},{\"@type\":\"BreadcrumbList\",\"@id\":\"https:\\\/\\\/districos.standingout.be\\\/fr\\\/product\\\/alicia-gueridon-3-niveaux-blanc-base-ref-8440-82\\\/#breadcrumb\",\"itemListElement\":[{\"@type\":\"ListItem\",\"position\":1,\"name\":\"Home\",\"item\":\"https:\\\/\\\/districos.standingout.be\\\/fr\\\/bienvenue-chez-districos\\\/\"},{\"@type\":\"ListItem\",\"position\":2,\"name\":\"Boutique\",\"item\":\"https:\\\/\\\/districos.standingout.be\\\/fr\\\/boutique\\\/\"},{\"@type\":\"ListItem\",\"position\":3,\"name\":\"Alicia Gu\u00e9ridon 3 Niveaux Blanc Base\"}]},{\"@type\":\"WebSite\",\"@id\":\"https:\\\/\\\/districos.standingout.be\\\/fr\\\/#website\",\"url\":\"https:\\\/\\\/districos.standingout.be\\\/fr\\\/\",\"name\":\"Districos Webshop\",\"description\":\"\",\"publisher\":{\"@id\":\"https:\\\/\\\/districos.standingout.be\\\/fr\\\/#organization\"},\"potentialAction\":[{\"@type\":\"SearchAction\",\"target\":{\"@type\":\"EntryPoint\",\"urlTemplate\":\"https:\\\/\\\/districos.standingout.be\\\/fr\\\/?s={search_term_string}\"},\"query-input\":{\"@type\":\"PropertyValueSpecification\",\"valueRequired\":true,\"valueName\":\"search_term_string\"}}],\"inLanguage\":\"fr-FR\"},{\"@type\":\"Organization\",\"@id\":\"https:\\\/\\\/districos.standingout.be\\\/fr\\\/#organization\",\"name\":\"Districos Webshop\",\"url\":\"https:\\\/\\\/districos.standingout.be\\\/fr\\\/\",\"logo\":{\"@type\":\"ImageObject\",\"inLanguage\":\"fr-FR\",\"@id\":\"https:\\\/\\\/districos.standingout.be\\\/fr\\\/#\\\/schema\\\/logo\\\/image\\\/\",\"url\":\"https:\\\/\\\/districos.standingout.be\\\/wp-content\\\/uploads\\\/2022\\\/09\\\/Districos_Logo_Webshop.svg\",\"contentUrl\":\"https:\\\/\\\/districos.standingout.be\\\/wp-content\\\/uploads\\\/2022\\\/09\\\/Districos_Logo_Webshop.svg\",\"caption\":\"Districos Webshop\"},\"image\":{\"@id\":\"https:\\\/\\\/districos.standingout.be\\\/fr\\\/#\\\/schema\\\/logo\\\/image\\\/\"}}]}<\/script>\n<!-- \/ Yoast SEO plugin. -->","yoast_head_json":{"title":"Alicia Gu\u00e9ridon 3 Niveaux Blanc Base - Districos Webshop","robots":{"index":"noindex","follow":"follow","max-snippet":"max-snippet:-1","max-image-preview":"max-image-preview:large","max-video-preview":"max-video-preview:-1"},"og_locale":"fr_FR","og_type":"article","og_title":"Alicia Gu\u00e9ridon 3 Niveaux Blanc Base - Districos Webshop","og_description":"Chariot \u00e0 la finition \u00e9l\u00e9gante \u00e0 trois niveaux. Pourvu de base d\u2019un porte-rouleau et d\u2019un porte-spatules. Mortaises pour fixation d\u2019une lampe loupe et d\u2019un porte-r\u00e9cipient pour r\u00e9cipient d\u2019eau en plastique Easybowl. Dimensions : 60 x 42 x 93 cm (L x l x h) Couleur : blanc Mat\u00e9riau : Cadre : tige m\u00e9tallique entour\u00e9e d\u2019un [&hellip;]","og_url":"https:\/\/districos.standingout.be\/fr\/product\/alicia-gueridon-3-niveaux-blanc-base-ref-8440-82\/","og_site_name":"Districos Webshop","article_modified_time":"2026-04-28T09:35:59+00:00","twitter_card":"summary_large_image","twitter_misc":{"Dur\u00e9e de lecture estim\u00e9e":"1 minute"},"schema":{"@context":"https:\/\/schema.org","@graph":[{"@type":"WebPage","@id":"https:\/\/districos.standingout.be\/fr\/product\/alicia-gueridon-3-niveaux-blanc-base-ref-8440-82\/","url":"https:\/\/districos.standingout.be\/fr\/product\/alicia-gueridon-3-niveaux-blanc-base-ref-8440-82\/","name":"Alicia Gu\u00e9ridon 3 Niveaux Blanc Base - Districos Webshop","isPartOf":{"@id":"https:\/\/districos.standingout.be\/fr\/#website"},"primaryImageOfPage":{"@id":"https:\/\/districos.standingout.be\/fr\/product\/alicia-gueridon-3-niveaux-blanc-base-ref-8440-82\/#primaryimage"},"image":{"@id":"https:\/\/districos.standingout.be\/fr\/product\/alicia-gueridon-3-niveaux-blanc-base-ref-8440-82\/#primaryimage"},"thumbnailUrl":"https:\/\/districos.standingout.be\/wp-content\/uploads\/2025\/07\/8440.82@LowRes_1.png","datePublished":"2026-04-28T09:35:52+00:00","dateModified":"2026-04-28T09:35:59+00:00","breadcrumb":{"@id":"https:\/\/districos.standingout.be\/fr\/product\/alicia-gueridon-3-niveaux-blanc-base-ref-8440-82\/#breadcrumb"},"inLanguage":"fr-FR","potentialAction":[{"@type":"ReadAction","target":["https:\/\/districos.standingout.be\/fr\/product\/alicia-gueridon-3-niveaux-blanc-base-ref-8440-82\/"]}]},{"@type":"ImageObject","inLanguage":"fr-FR","@id":"https:\/\/districos.standingout.be\/fr\/product\/alicia-gueridon-3-niveaux-blanc-base-ref-8440-82\/#primaryimage","url":"https:\/\/districos.standingout.be\/wp-content\/uploads\/2025\/07\/8440.82@LowRes_1.png","contentUrl":"https:\/\/districos.standingout.be\/wp-content\/uploads\/2025\/07\/8440.82@LowRes_1.png","width":600,"height":600},{"@type":"BreadcrumbList","@id":"https:\/\/districos.standingout.be\/fr\/product\/alicia-gueridon-3-niveaux-blanc-base-ref-8440-82\/#breadcrumb","itemListElement":[{"@type":"ListItem","position":1,"name":"Home","item":"https:\/\/districos.standingout.be\/fr\/bienvenue-chez-districos\/"},{"@type":"ListItem","position":2,"name":"Boutique","item":"https:\/\/districos.standingout.be\/fr\/boutique\/"},{"@type":"ListItem","position":3,"name":"Alicia Gu\u00e9ridon 3 Niveaux Blanc Base"}]},{"@type":"WebSite","@id":"https:\/\/districos.standingout.be\/fr\/#website","url":"https:\/\/districos.standingout.be\/fr\/","name":"Districos Webshop","description":"","publisher":{"@id":"https:\/\/districos.standingout.be\/fr\/#organization"},"potentialAction":[{"@type":"SearchAction","target":{"@type":"EntryPoint","urlTemplate":"https:\/\/districos.standingout.be\/fr\/?s={search_term_string}"},"query-input":{"@type":"PropertyValueSpecification","valueRequired":true,"valueName":"search_term_string"}}],"inLanguage":"fr-FR"},{"@type":"Organization","@id":"https:\/\/districos.standingout.be\/fr\/#organization","name":"Districos Webshop","url":"https:\/\/districos.standingout.be\/fr\/","logo":{"@type":"ImageObject","inLanguage":"fr-FR","@id":"https:\/\/districos.standingout.be\/fr\/#\/schema\/logo\/image\/","url":"https:\/\/districos.standingout.be\/wp-content\/uploads\/2022\/09\/Districos_Logo_Webshop.svg","contentUrl":"https:\/\/districos.standingout.be\/wp-content\/uploads\/2022\/09\/Districos_Logo_Webshop.svg","caption":"Districos Webshop"},"image":{"@id":"https:\/\/districos.standingout.be\/fr\/#\/schema\/logo\/image\/"}}]}},"_links":{"self":[{"href":"https:\/\/districos.standingout.be\/fr\/wp-json\/wp\/v2\/product\/138585","targetHints":{"allow":["GET"]}}],"collection":[{"href":"https:\/\/districos.standingout.be\/fr\/wp-json\/wp\/v2\/product"}],"about":[{"href":"https:\/\/districos.standingout.be\/fr\/wp-json\/wp\/v2\/types\/product"}],"replies":[{"embeddable":true,"href":"https:\/\/districos.standingout.be\/fr\/wp-json\/wp\/v2\/comments?post=138585"}],"wp:featuredmedia":[{"embeddable":true,"href":"https:\/\/districos.standingout.be\/fr\/wp-json\/wp\/v2\/media\/81725"}],"wp:attachment":[{"href":"https:\/\/districos.standingout.be\/fr\/wp-json\/wp\/v2\/media?parent=138585"}],"wp:term":[{"taxonomy":"product_brand","embeddable":true,"href":"https:\/\/districos.standingout.be\/fr\/wp-json\/wp\/v2\/product_brand?post=138585"},{"taxonomy":"product_cat","embeddable":true,"href":"https:\/\/districos.standingout.be\/fr\/wp-json\/wp\/v2\/product_cat?post=138585"},{"taxonomy":"product_tag","embeddable":true,"href":"https:\/\/districos.standingout.be\/fr\/wp-json\/wp\/v2\/product_tag?post=138585"}],"curies":[{"name":"wp","href":"https:\/\/api.w.org\/{rel}","templated":true}]}}