{"id":138595,"date":"2026-04-28T11:36:26","date_gmt":"2026-04-28T09:36:26","guid":{"rendered":"https:\/\/webshopdistricoscom.webhosting.be\/product\/alicia-gueridon-3-niveaux-blanc-complet-ref-8440-85\/"},"modified":"2026-04-28T11:36:32","modified_gmt":"2026-04-28T09:36:32","slug":"alicia-gueridon-3-niveaux-blanc-complet-ref-8440-85","status":"publish","type":"product","link":"https:\/\/districos.standingout.be\/fr\/product\/alicia-gueridon-3-niveaux-blanc-complet-ref-8440-85\/","title":{"rendered":"Alicia Gu\u00e9ridon 3 Niveaux Blanc Complet"},"content":{"rendered":"<p >\n<\/p>\n<p dir=\"ltr\">Chariot \u00e0 la finition \u00e9l\u00e9gante \u00e0 trois niveaux. Mortaises pour fixation d\u2019une lampe loupe et d\u2019un porte-r\u00e9cipient pour r\u00e9cipient d\u2019eau en plastique Easybowl. Set complet avec de nombreux accessoires pratiques ! <\/p>\n<ul> <\/p>\n<li>Dimensions : 60 x 42 x 93 cm (L x l x h)<\/li>\n<p> <\/p>\n<li>Couleur : blanc<\/li>\n<p> <\/ul>\n<p> Mat\u00e9riau :<\/p>\n<div><font face=\"Arial\"><br \/><\/font><\/p>\n<ul>\n<li>Cadre : rev\u00eatement en acier thermolaqu\u00e9<\/li>\n<p> <\/p>\n<li>Tablettes : plaques de MDF de rev\u00eatement en poudre<\/li>\n<p> <\/p>\n<li>Roulettes : plastiques avec rev\u00eatement en caoutchouc<\/li>\n<p> <\/ul>\n<p> Contenu set complet : <\/p>\n<ul> <\/p>\n<li>1 x Chariot Alicia 3 niveaux base blanc (porte-rouleau et porte-spatules inclus) (R\u00e9f. 8440.82)<\/li>\n<p> <\/p>\n<li>1 x Tiroir automatique blanc : tiroir pratique \u00e0 fermeture automatique (R\u00e9f. 8440.83)<\/li>\n<p> <\/p>\n<li>1 x Plateau coulissant blanc (R\u00e9f. 8440.84)<\/li>\n<p> <\/p>\n<li>1 x Clip sac poubelle Hostesse avec sacs poubelle 100 pcs. (R\u00e9f. resp. 8451.55 et 8323.04)<\/li>\n<p> <\/p>\n<li>1 x Porte-r\u00e9cipient avec r\u00e9cipient d\u2019eau Easybowl blanc (R\u00e9f. resp. 8451.21\/01)<\/li>\n<p> <\/p>\n<li>1 x Lampe loupe Clearview led <b>SANS<\/b>&nbsp;pince de table (R\u00e9f. 8404.48L)<\/li>\n<p> <\/ul>\n<p> Disponible en 2 couleurs : <\/p>\n<ul> <\/p>\n<li>Blanc (R\u00e9f. 8440.85)<\/li>\n<p> <\/p>\n<li>Weng\u00e9 (R\u00e9f. 8440.58W)<\/li>\n<p> <\/ul>\n<p> Chariot Alicia 3 Niveaux Complet Blanc, 8440.85 <\/p>\n<ul> <\/ul>\n<p> <\/p>\n<ul> <\/ul>\n<\/p>\n<\/p><\/div>\n","protected":false},"excerpt":{"rendered":"<p>Chariot \u00e0 la finition \u00e9l\u00e9gante \u00e0 trois niveaux. Mortaises pour fixation d\u2019une lampe loupe et d\u2019un porte-r\u00e9cipient pour r\u00e9cipient d\u2019eau en plastique Easybowl. Set complet avec de nombreux accessoires pratiques ! Dimensions : 60 x 42 x 93 cm (L x l x h) Couleur : blanc Mat\u00e9riau : Cadre : rev\u00eatement en acier thermolaqu\u00e9 [&hellip;]<\/p>\n","protected":false},"featured_media":81740,"comment_status":"open","ping_status":"closed","template":"","meta":{"_acf_changed":false},"product_brand":[10380],"product_cat":[9960,10110,10233,10072],"product_tag":[],"class_list":{"0":"post-138595","1":"product","2":"type-product","3":"status-publish","4":"has-post-thumbnail","6":"product_brand-districos-fr","7":"product_cat-beaute-pedicure-amenagement-du-cabinet","8":"product_cat-amenagement-amenagement-gueridons","9":"product_cat-amenagement-fauteuils-de-traitement-pedicure","10":"product_cat-soins-des-pieds-podologie-amenagement-du-cabinet-tables-de-travail","12":"first","13":"instock","14":"taxable","15":"shipping-taxable","16":"product-type-simple"},"acf":[],"yoast_head":"<!-- This site is optimized with the Yoast SEO plugin v27.3 - https:\/\/yoast.com\/product\/yoast-seo-wordpress\/ -->\n<title>Alicia Gu\u00e9ridon 3 Niveaux Blanc Complet - Districos Webshop<\/title>\n<meta name=\"robots\" content=\"noindex, follow, max-snippet:-1, max-image-preview:large, max-video-preview:-1\" \/>\n<meta property=\"og:locale\" content=\"fr_FR\" \/>\n<meta property=\"og:type\" content=\"article\" \/>\n<meta property=\"og:title\" content=\"Alicia Gu\u00e9ridon 3 Niveaux Blanc Complet - Districos Webshop\" \/>\n<meta property=\"og:description\" content=\"Chariot \u00e0 la finition \u00e9l\u00e9gante \u00e0 trois niveaux. Mortaises pour fixation d\u2019une lampe loupe et d\u2019un porte-r\u00e9cipient pour r\u00e9cipient d\u2019eau en plastique Easybowl. Set complet avec de nombreux accessoires pratiques ! Dimensions : 60 x 42 x 93 cm (L x l x h) Couleur : blanc Mat\u00e9riau : Cadre : rev\u00eatement en acier thermolaqu\u00e9 [&hellip;]\" \/>\n<meta property=\"og:url\" content=\"https:\/\/districos.standingout.be\/fr\/product\/alicia-gueridon-3-niveaux-blanc-complet-ref-8440-85\/\" \/>\n<meta property=\"og:site_name\" content=\"Districos Webshop\" \/>\n<meta property=\"article:modified_time\" content=\"2026-04-28T09:36:32+00:00\" \/>\n<meta name=\"twitter:card\" content=\"summary_large_image\" \/>\n<meta name=\"twitter:label1\" content=\"Dur\u00e9e de lecture estim\u00e9e\" \/>\n\t<meta name=\"twitter:data1\" content=\"1 minute\" \/>\n<script type=\"application\/ld+json\" class=\"yoast-schema-graph\">{\"@context\":\"https:\\\/\\\/schema.org\",\"@graph\":[{\"@type\":\"WebPage\",\"@id\":\"https:\\\/\\\/districos.standingout.be\\\/fr\\\/product\\\/alicia-gueridon-3-niveaux-blanc-complet-ref-8440-85\\\/\",\"url\":\"https:\\\/\\\/districos.standingout.be\\\/fr\\\/product\\\/alicia-gueridon-3-niveaux-blanc-complet-ref-8440-85\\\/\",\"name\":\"Alicia Gu\u00e9ridon 3 Niveaux Blanc Complet - Districos Webshop\",\"isPartOf\":{\"@id\":\"https:\\\/\\\/districos.standingout.be\\\/fr\\\/#website\"},\"primaryImageOfPage\":{\"@id\":\"https:\\\/\\\/districos.standingout.be\\\/fr\\\/product\\\/alicia-gueridon-3-niveaux-blanc-complet-ref-8440-85\\\/#primaryimage\"},\"image\":{\"@id\":\"https:\\\/\\\/districos.standingout.be\\\/fr\\\/product\\\/alicia-gueridon-3-niveaux-blanc-complet-ref-8440-85\\\/#primaryimage\"},\"thumbnailUrl\":\"https:\\\/\\\/districos.standingout.be\\\/wp-content\\\/uploads\\\/2025\\\/07\\\/8440.85@LowRes_1.png\",\"datePublished\":\"2026-04-28T09:36:26+00:00\",\"dateModified\":\"2026-04-28T09:36:32+00:00\",\"breadcrumb\":{\"@id\":\"https:\\\/\\\/districos.standingout.be\\\/fr\\\/product\\\/alicia-gueridon-3-niveaux-blanc-complet-ref-8440-85\\\/#breadcrumb\"},\"inLanguage\":\"fr-FR\",\"potentialAction\":[{\"@type\":\"ReadAction\",\"target\":[\"https:\\\/\\\/districos.standingout.be\\\/fr\\\/product\\\/alicia-gueridon-3-niveaux-blanc-complet-ref-8440-85\\\/\"]}]},{\"@type\":\"ImageObject\",\"inLanguage\":\"fr-FR\",\"@id\":\"https:\\\/\\\/districos.standingout.be\\\/fr\\\/product\\\/alicia-gueridon-3-niveaux-blanc-complet-ref-8440-85\\\/#primaryimage\",\"url\":\"https:\\\/\\\/districos.standingout.be\\\/wp-content\\\/uploads\\\/2025\\\/07\\\/8440.85@LowRes_1.png\",\"contentUrl\":\"https:\\\/\\\/districos.standingout.be\\\/wp-content\\\/uploads\\\/2025\\\/07\\\/8440.85@LowRes_1.png\",\"width\":600,\"height\":600},{\"@type\":\"BreadcrumbList\",\"@id\":\"https:\\\/\\\/districos.standingout.be\\\/fr\\\/product\\\/alicia-gueridon-3-niveaux-blanc-complet-ref-8440-85\\\/#breadcrumb\",\"itemListElement\":[{\"@type\":\"ListItem\",\"position\":1,\"name\":\"Home\",\"item\":\"https:\\\/\\\/districos.standingout.be\\\/fr\\\/bienvenue-chez-districos\\\/\"},{\"@type\":\"ListItem\",\"position\":2,\"name\":\"Boutique\",\"item\":\"https:\\\/\\\/districos.standingout.be\\\/fr\\\/boutique\\\/\"},{\"@type\":\"ListItem\",\"position\":3,\"name\":\"Alicia Gu\u00e9ridon 3 Niveaux Blanc Complet\"}]},{\"@type\":\"WebSite\",\"@id\":\"https:\\\/\\\/districos.standingout.be\\\/fr\\\/#website\",\"url\":\"https:\\\/\\\/districos.standingout.be\\\/fr\\\/\",\"name\":\"Districos Webshop\",\"description\":\"\",\"publisher\":{\"@id\":\"https:\\\/\\\/districos.standingout.be\\\/fr\\\/#organization\"},\"potentialAction\":[{\"@type\":\"SearchAction\",\"target\":{\"@type\":\"EntryPoint\",\"urlTemplate\":\"https:\\\/\\\/districos.standingout.be\\\/fr\\\/?s={search_term_string}\"},\"query-input\":{\"@type\":\"PropertyValueSpecification\",\"valueRequired\":true,\"valueName\":\"search_term_string\"}}],\"inLanguage\":\"fr-FR\"},{\"@type\":\"Organization\",\"@id\":\"https:\\\/\\\/districos.standingout.be\\\/fr\\\/#organization\",\"name\":\"Districos Webshop\",\"url\":\"https:\\\/\\\/districos.standingout.be\\\/fr\\\/\",\"logo\":{\"@type\":\"ImageObject\",\"inLanguage\":\"fr-FR\",\"@id\":\"https:\\\/\\\/districos.standingout.be\\\/fr\\\/#\\\/schema\\\/logo\\\/image\\\/\",\"url\":\"https:\\\/\\\/districos.standingout.be\\\/wp-content\\\/uploads\\\/2022\\\/09\\\/Districos_Logo_Webshop.svg\",\"contentUrl\":\"https:\\\/\\\/districos.standingout.be\\\/wp-content\\\/uploads\\\/2022\\\/09\\\/Districos_Logo_Webshop.svg\",\"caption\":\"Districos Webshop\"},\"image\":{\"@id\":\"https:\\\/\\\/districos.standingout.be\\\/fr\\\/#\\\/schema\\\/logo\\\/image\\\/\"}}]}<\/script>\n<!-- \/ Yoast SEO plugin. -->","yoast_head_json":{"title":"Alicia Gu\u00e9ridon 3 Niveaux Blanc Complet - Districos Webshop","robots":{"index":"noindex","follow":"follow","max-snippet":"max-snippet:-1","max-image-preview":"max-image-preview:large","max-video-preview":"max-video-preview:-1"},"og_locale":"fr_FR","og_type":"article","og_title":"Alicia Gu\u00e9ridon 3 Niveaux Blanc Complet - Districos Webshop","og_description":"Chariot \u00e0 la finition \u00e9l\u00e9gante \u00e0 trois niveaux. Mortaises pour fixation d\u2019une lampe loupe et d\u2019un porte-r\u00e9cipient pour r\u00e9cipient d\u2019eau en plastique Easybowl. Set complet avec de nombreux accessoires pratiques ! Dimensions : 60 x 42 x 93 cm (L x l x h) Couleur : blanc Mat\u00e9riau : Cadre : rev\u00eatement en acier thermolaqu\u00e9 [&hellip;]","og_url":"https:\/\/districos.standingout.be\/fr\/product\/alicia-gueridon-3-niveaux-blanc-complet-ref-8440-85\/","og_site_name":"Districos Webshop","article_modified_time":"2026-04-28T09:36:32+00:00","twitter_card":"summary_large_image","twitter_misc":{"Dur\u00e9e de lecture estim\u00e9e":"1 minute"},"schema":{"@context":"https:\/\/schema.org","@graph":[{"@type":"WebPage","@id":"https:\/\/districos.standingout.be\/fr\/product\/alicia-gueridon-3-niveaux-blanc-complet-ref-8440-85\/","url":"https:\/\/districos.standingout.be\/fr\/product\/alicia-gueridon-3-niveaux-blanc-complet-ref-8440-85\/","name":"Alicia Gu\u00e9ridon 3 Niveaux Blanc Complet - Districos Webshop","isPartOf":{"@id":"https:\/\/districos.standingout.be\/fr\/#website"},"primaryImageOfPage":{"@id":"https:\/\/districos.standingout.be\/fr\/product\/alicia-gueridon-3-niveaux-blanc-complet-ref-8440-85\/#primaryimage"},"image":{"@id":"https:\/\/districos.standingout.be\/fr\/product\/alicia-gueridon-3-niveaux-blanc-complet-ref-8440-85\/#primaryimage"},"thumbnailUrl":"https:\/\/districos.standingout.be\/wp-content\/uploads\/2025\/07\/8440.85@LowRes_1.png","datePublished":"2026-04-28T09:36:26+00:00","dateModified":"2026-04-28T09:36:32+00:00","breadcrumb":{"@id":"https:\/\/districos.standingout.be\/fr\/product\/alicia-gueridon-3-niveaux-blanc-complet-ref-8440-85\/#breadcrumb"},"inLanguage":"fr-FR","potentialAction":[{"@type":"ReadAction","target":["https:\/\/districos.standingout.be\/fr\/product\/alicia-gueridon-3-niveaux-blanc-complet-ref-8440-85\/"]}]},{"@type":"ImageObject","inLanguage":"fr-FR","@id":"https:\/\/districos.standingout.be\/fr\/product\/alicia-gueridon-3-niveaux-blanc-complet-ref-8440-85\/#primaryimage","url":"https:\/\/districos.standingout.be\/wp-content\/uploads\/2025\/07\/8440.85@LowRes_1.png","contentUrl":"https:\/\/districos.standingout.be\/wp-content\/uploads\/2025\/07\/8440.85@LowRes_1.png","width":600,"height":600},{"@type":"BreadcrumbList","@id":"https:\/\/districos.standingout.be\/fr\/product\/alicia-gueridon-3-niveaux-blanc-complet-ref-8440-85\/#breadcrumb","itemListElement":[{"@type":"ListItem","position":1,"name":"Home","item":"https:\/\/districos.standingout.be\/fr\/bienvenue-chez-districos\/"},{"@type":"ListItem","position":2,"name":"Boutique","item":"https:\/\/districos.standingout.be\/fr\/boutique\/"},{"@type":"ListItem","position":3,"name":"Alicia Gu\u00e9ridon 3 Niveaux Blanc Complet"}]},{"@type":"WebSite","@id":"https:\/\/districos.standingout.be\/fr\/#website","url":"https:\/\/districos.standingout.be\/fr\/","name":"Districos Webshop","description":"","publisher":{"@id":"https:\/\/districos.standingout.be\/fr\/#organization"},"potentialAction":[{"@type":"SearchAction","target":{"@type":"EntryPoint","urlTemplate":"https:\/\/districos.standingout.be\/fr\/?s={search_term_string}"},"query-input":{"@type":"PropertyValueSpecification","valueRequired":true,"valueName":"search_term_string"}}],"inLanguage":"fr-FR"},{"@type":"Organization","@id":"https:\/\/districos.standingout.be\/fr\/#organization","name":"Districos Webshop","url":"https:\/\/districos.standingout.be\/fr\/","logo":{"@type":"ImageObject","inLanguage":"fr-FR","@id":"https:\/\/districos.standingout.be\/fr\/#\/schema\/logo\/image\/","url":"https:\/\/districos.standingout.be\/wp-content\/uploads\/2022\/09\/Districos_Logo_Webshop.svg","contentUrl":"https:\/\/districos.standingout.be\/wp-content\/uploads\/2022\/09\/Districos_Logo_Webshop.svg","caption":"Districos Webshop"},"image":{"@id":"https:\/\/districos.standingout.be\/fr\/#\/schema\/logo\/image\/"}}]}},"_links":{"self":[{"href":"https:\/\/districos.standingout.be\/fr\/wp-json\/wp\/v2\/product\/138595","targetHints":{"allow":["GET"]}}],"collection":[{"href":"https:\/\/districos.standingout.be\/fr\/wp-json\/wp\/v2\/product"}],"about":[{"href":"https:\/\/districos.standingout.be\/fr\/wp-json\/wp\/v2\/types\/product"}],"replies":[{"embeddable":true,"href":"https:\/\/districos.standingout.be\/fr\/wp-json\/wp\/v2\/comments?post=138595"}],"wp:featuredmedia":[{"embeddable":true,"href":"https:\/\/districos.standingout.be\/fr\/wp-json\/wp\/v2\/media\/81740"}],"wp:attachment":[{"href":"https:\/\/districos.standingout.be\/fr\/wp-json\/wp\/v2\/media?parent=138595"}],"wp:term":[{"taxonomy":"product_brand","embeddable":true,"href":"https:\/\/districos.standingout.be\/fr\/wp-json\/wp\/v2\/product_brand?post=138595"},{"taxonomy":"product_cat","embeddable":true,"href":"https:\/\/districos.standingout.be\/fr\/wp-json\/wp\/v2\/product_cat?post=138595"},{"taxonomy":"product_tag","embeddable":true,"href":"https:\/\/districos.standingout.be\/fr\/wp-json\/wp\/v2\/product_tag?post=138595"}],"curies":[{"name":"wp","href":"https:\/\/api.w.org\/{rel}","templated":true}]}}