{"id":138601,"date":"2026-04-28T11:39:41","date_gmt":"2026-04-28T09:39:41","guid":{"rendered":"https:\/\/webshopdistricoscom.webhosting.be\/product\/nwt-podiaspray-evo-avec-led-ref-8444-02\/"},"modified":"2026-04-28T11:39:47","modified_gmt":"2026-04-28T09:39:47","slug":"nwt-podiaspray-evo-avec-led-ref-8444-02","status":"publish","type":"product","link":"https:\/\/districos.standingout.be\/fr\/product\/nwt-podiaspray-evo-avec-led-ref-8444-02\/","title":{"rendered":"NWT PodiaSpray EVO avec LED"},"content":{"rendered":"<p >\n<\/p>\n<\/p>\n<\/p>\n<\/p>\n<\/p>\n<p><b><span lang=\"FR\">UN CONCENTR\u00c9 DE PULSSANCE COMPACT<\/span><\/b><\/p>\n<p><b><span lang=\"FR\">Fraisage avec technique au spray<\/span><\/b><span lang=\"FR\"><o:p><\/o:p><\/span><\/p>\n<p><b><span lang=\"FR\"><br \/><\/span><\/b><\/p>\n<p><font face=\"Verdana, sans-serif\">Bien que le design de l&rsquo;appareil PodiaSpray EVO soit minimaliste et compact, il s&rsquo;agit d&rsquo;une v\u00e9ritable puissance stable capable de surmonter de nombreuses r\u00e9sistances (amincissement des ongles, fraisage des callosit\u00e9s). Cet appareil de fraisage avec technique au spray convient parfaitement \u00e0 une utilisation quotidienne et peut \u00eatre utilis\u00e9 de mani\u00e8re extr\u00eamement flexible.<\/font><\/p>\n<p><font face=\"Verdana, sans-serif\">Non seulement vous disposez d&rsquo;un affichage simple et clair, mais l&rsquo;\u00e9cran est \u00e9galement facile \u00e0 nettoyer. Cependant, la v\u00e9ritable force de PodiaSpray EVO se trouve sous le capot.<\/font><\/p>\n<p><font face=\"Verdana, sans-serif\">Cet appareil est \u00e9quip\u00e9 d&rsquo;une pi\u00e8ce \u00e0 main de pr\u00e9cision qui r\u00e9duit la fatigue des mains, et d\u2019un moteur incroyablement puissant et pratiquement silencieux. Le syst\u00e8me de serrage extr\u00eamement solide, qui offre 30 % de force de serrage suppl\u00e9mentaire, entra\u00eene moins d&rsquo;usure et r\u00e9duit \u00e9galement les vibrations au minimum. En bref, travailler avec PodiaSpray EVO est un plaisir.<\/font><\/p>\n<p><font face=\"Verdana, sans-serif\">Ajoutez \u00e0 cela le large choix des fraises et l&rsquo;am\u00e9lioration de la n\u00e9bulisation, et vous saurez que vous avez affaire \u00e0 un appareil exceptionnel. Si vous optez pour la version avec \u00e9clairage LED, vous travaillerez \u00e9galement sans ombre et avec une lumi\u00e8re moins intense, ce qui aidera \u00e0 r\u00e9duire la fatigue oculaire.<\/font><\/p>\n<div><\/div>\n<p><b><span lang=\"FR\">Sp\u00e9cifications :<\/span><\/b><\/p>\n<\/p>\n<ul>\n<li><span>Dimensions : 20,5 x 16 x 22 cm<\/span><\/li>\n<li><span>Poids : 2,7 kg<\/span><\/li>\n<li><span>Niveau sonore bas : max 48 dB<\/span><\/li>\n<li><span>Puissance : 120 W<\/span><\/li>\n<li><span>Pi\u00e8ce \u00e0 main technique au spray : Pi\u00e8ce \u00e0 main non autoclavable Pododent EVO avec \u00e9clairage LED<\/span><\/li>\n<li><span>Plage tr\/min<\/span>&nbsp;: 5 000 &#8211; 40 000 tr\/min<\/li>\n<li><span>Moteur sans brosses : oui<\/span><\/li>\n<li><span>LED : oui<\/span><\/li>\n<li><span>Forte traction de 3,4 Ncm<\/span><\/li>\n<li><span>Fonction m\u00e9moire : oui, 3 modes pr\u00e9f\u00e9rentiels programmables<\/span><\/li>\n<li><span>R\u00e9cipient de pulv\u00e9risation : amovible, capacit\u00e9 : 110 ml<\/span><\/li>\n<li><span>Fonctionnement : quantit\u00e9 de pulv\u00e9risation r\u00e9glable manuellement \u00e0 l&rsquo;aide d&rsquo;un bouton rotatif et vitesse r\u00e9glable num\u00e9riquement \u00e0 l&rsquo;aide de touches<\/span><b> <\/b><span>d&rsquo;affichage<\/span><\/li>\n<\/ul>\n<p><b><span lang=\"FR\">Options :<\/span><\/b><\/p>\n<\/p>\n<ul>\n<li><span>Commande au pied : choix d&rsquo;une commande au pied marche\/arr\u00eat (r\u00e9f. 8444.92) ou d&rsquo;une commande au pied progressive permettant de contr\u00f4ler la vitesse (r\u00e9f. 8444.91)<\/span><\/li>\n<li><span>Sac de transport robuste et pratique pour un d\u00e9placement facile (r\u00e9f. 8444.84)<\/span><\/li>\n<\/ul>\n<p><b><span lang=\"FR\">\u00c9galement disponible :<\/span><\/b><\/p>\n<\/p>\n<ul>\n<li><span lang=\"FR\">NWT PodiaSpray EVO sans \u00e9clairage LED (r\u00e9f. 8444.01)<\/span><\/li>\n<li><span lang=\"FR\">NWT PodiaSpray PLUS avec pi\u00e8ce \u00e0 main autoclavable sans \u00e9clairage LED (r\u00e9f. 8444.03)<\/span><\/li>\n<li><span lang=\"FR\">NWT PodiaSpray PLUS avec pi\u00e8ce \u00e0 main autoclavable avec \u00e9clairage LED (r\u00e9f. 8444.04)<\/span><span>&nbsp;<\/span><\/li>\n<\/ul>\n","protected":false},"excerpt":{"rendered":"<p>UN CONCENTR\u00c9 DE PULSSANCE COMPACT Fraisage avec technique au spray Bien que le design de l&rsquo;appareil PodiaSpray EVO soit minimaliste et compact, il s&rsquo;agit d&rsquo;une v\u00e9ritable puissance stable capable de surmonter de nombreuses r\u00e9sistances (amincissement des ongles, fraisage des callosit\u00e9s). Cet appareil de fraisage avec technique au spray convient parfaitement \u00e0 une utilisation quotidienne et [&hellip;]<\/p>\n","protected":false},"featured_media":81764,"comment_status":"open","ping_status":"closed","template":"","meta":{"_acf_changed":false},"product_brand":[10498],"product_cat":[9940,10096,10038],"product_tag":[],"class_list":{"0":"post-138601","1":"product","2":"type-product","3":"status-publish","4":"has-post-thumbnail","6":"product_brand-nwt-fr","7":"product_cat-beaute-pedicure-fraiseuses","8":"product_cat-amenagement-equipement-pedicure","9":"product_cat-soins-des-pieds-podologie-fraiseuses-technique-a-spray","11":"first","12":"outofstock","13":"taxable","14":"shipping-taxable","15":"product-type-simple"},"acf":[],"yoast_head":"<!-- This site is optimized with the Yoast SEO plugin v27.3 - https:\/\/yoast.com\/product\/yoast-seo-wordpress\/ -->\n<title>NWT PodiaSpray EVO avec LED - Districos Webshop<\/title>\n<meta name=\"robots\" content=\"noindex, follow, max-snippet:-1, max-image-preview:large, max-video-preview:-1\" \/>\n<meta property=\"og:locale\" content=\"fr_FR\" \/>\n<meta property=\"og:type\" content=\"article\" \/>\n<meta property=\"og:title\" content=\"NWT PodiaSpray EVO avec LED - Districos Webshop\" \/>\n<meta property=\"og:description\" content=\"UN CONCENTR\u00c9 DE PULSSANCE COMPACT Fraisage avec technique au spray Bien que le design de l&rsquo;appareil PodiaSpray EVO soit minimaliste et compact, il s&rsquo;agit d&rsquo;une v\u00e9ritable puissance stable capable de surmonter de nombreuses r\u00e9sistances (amincissement des ongles, fraisage des callosit\u00e9s). Cet appareil de fraisage avec technique au spray convient parfaitement \u00e0 une utilisation quotidienne et [&hellip;]\" \/>\n<meta property=\"og:url\" content=\"https:\/\/districos.standingout.be\/fr\/product\/nwt-podiaspray-evo-avec-led-ref-8444-02\/\" \/>\n<meta property=\"og:site_name\" content=\"Districos Webshop\" \/>\n<meta property=\"article:modified_time\" content=\"2026-04-28T09:39:47+00:00\" \/>\n<meta name=\"twitter:card\" content=\"summary_large_image\" \/>\n<meta name=\"twitter:label1\" content=\"Dur\u00e9e de lecture estim\u00e9e\" \/>\n\t<meta name=\"twitter:data1\" content=\"2 minutes\" \/>\n<script type=\"application\/ld+json\" class=\"yoast-schema-graph\">{\"@context\":\"https:\\\/\\\/schema.org\",\"@graph\":[{\"@type\":\"WebPage\",\"@id\":\"https:\\\/\\\/districos.standingout.be\\\/fr\\\/product\\\/nwt-podiaspray-evo-avec-led-ref-8444-02\\\/\",\"url\":\"https:\\\/\\\/districos.standingout.be\\\/fr\\\/product\\\/nwt-podiaspray-evo-avec-led-ref-8444-02\\\/\",\"name\":\"NWT PodiaSpray EVO avec LED - Districos Webshop\",\"isPartOf\":{\"@id\":\"https:\\\/\\\/districos.standingout.be\\\/fr\\\/#website\"},\"primaryImageOfPage\":{\"@id\":\"https:\\\/\\\/districos.standingout.be\\\/fr\\\/product\\\/nwt-podiaspray-evo-avec-led-ref-8444-02\\\/#primaryimage\"},\"image\":{\"@id\":\"https:\\\/\\\/districos.standingout.be\\\/fr\\\/product\\\/nwt-podiaspray-evo-avec-led-ref-8444-02\\\/#primaryimage\"},\"thumbnailUrl\":\"https:\\\/\\\/districos.standingout.be\\\/wp-content\\\/uploads\\\/2025\\\/07\\\/8444.02@LowRes_1.png\",\"datePublished\":\"2026-04-28T09:39:41+00:00\",\"dateModified\":\"2026-04-28T09:39:47+00:00\",\"breadcrumb\":{\"@id\":\"https:\\\/\\\/districos.standingout.be\\\/fr\\\/product\\\/nwt-podiaspray-evo-avec-led-ref-8444-02\\\/#breadcrumb\"},\"inLanguage\":\"fr-FR\",\"potentialAction\":[{\"@type\":\"ReadAction\",\"target\":[\"https:\\\/\\\/districos.standingout.be\\\/fr\\\/product\\\/nwt-podiaspray-evo-avec-led-ref-8444-02\\\/\"]}]},{\"@type\":\"ImageObject\",\"inLanguage\":\"fr-FR\",\"@id\":\"https:\\\/\\\/districos.standingout.be\\\/fr\\\/product\\\/nwt-podiaspray-evo-avec-led-ref-8444-02\\\/#primaryimage\",\"url\":\"https:\\\/\\\/districos.standingout.be\\\/wp-content\\\/uploads\\\/2025\\\/07\\\/8444.02@LowRes_1.png\",\"contentUrl\":\"https:\\\/\\\/districos.standingout.be\\\/wp-content\\\/uploads\\\/2025\\\/07\\\/8444.02@LowRes_1.png\",\"width\":600,\"height\":600},{\"@type\":\"BreadcrumbList\",\"@id\":\"https:\\\/\\\/districos.standingout.be\\\/fr\\\/product\\\/nwt-podiaspray-evo-avec-led-ref-8444-02\\\/#breadcrumb\",\"itemListElement\":[{\"@type\":\"ListItem\",\"position\":1,\"name\":\"Home\",\"item\":\"https:\\\/\\\/districos.standingout.be\\\/fr\\\/bienvenue-chez-districos\\\/\"},{\"@type\":\"ListItem\",\"position\":2,\"name\":\"Boutique\",\"item\":\"https:\\\/\\\/districos.standingout.be\\\/fr\\\/boutique\\\/\"},{\"@type\":\"ListItem\",\"position\":3,\"name\":\"NWT PodiaSpray EVO avec LED\"}]},{\"@type\":\"WebSite\",\"@id\":\"https:\\\/\\\/districos.standingout.be\\\/fr\\\/#website\",\"url\":\"https:\\\/\\\/districos.standingout.be\\\/fr\\\/\",\"name\":\"Districos Webshop\",\"description\":\"\",\"publisher\":{\"@id\":\"https:\\\/\\\/districos.standingout.be\\\/fr\\\/#organization\"},\"potentialAction\":[{\"@type\":\"SearchAction\",\"target\":{\"@type\":\"EntryPoint\",\"urlTemplate\":\"https:\\\/\\\/districos.standingout.be\\\/fr\\\/?s={search_term_string}\"},\"query-input\":{\"@type\":\"PropertyValueSpecification\",\"valueRequired\":true,\"valueName\":\"search_term_string\"}}],\"inLanguage\":\"fr-FR\"},{\"@type\":\"Organization\",\"@id\":\"https:\\\/\\\/districos.standingout.be\\\/fr\\\/#organization\",\"name\":\"Districos Webshop\",\"url\":\"https:\\\/\\\/districos.standingout.be\\\/fr\\\/\",\"logo\":{\"@type\":\"ImageObject\",\"inLanguage\":\"fr-FR\",\"@id\":\"https:\\\/\\\/districos.standingout.be\\\/fr\\\/#\\\/schema\\\/logo\\\/image\\\/\",\"url\":\"https:\\\/\\\/districos.standingout.be\\\/wp-content\\\/uploads\\\/2022\\\/09\\\/Districos_Logo_Webshop.svg\",\"contentUrl\":\"https:\\\/\\\/districos.standingout.be\\\/wp-content\\\/uploads\\\/2022\\\/09\\\/Districos_Logo_Webshop.svg\",\"caption\":\"Districos Webshop\"},\"image\":{\"@id\":\"https:\\\/\\\/districos.standingout.be\\\/fr\\\/#\\\/schema\\\/logo\\\/image\\\/\"}}]}<\/script>\n<!-- \/ Yoast SEO plugin. -->","yoast_head_json":{"title":"NWT PodiaSpray EVO avec LED - Districos Webshop","robots":{"index":"noindex","follow":"follow","max-snippet":"max-snippet:-1","max-image-preview":"max-image-preview:large","max-video-preview":"max-video-preview:-1"},"og_locale":"fr_FR","og_type":"article","og_title":"NWT PodiaSpray EVO avec LED - Districos Webshop","og_description":"UN CONCENTR\u00c9 DE PULSSANCE COMPACT Fraisage avec technique au spray Bien que le design de l&rsquo;appareil PodiaSpray EVO soit minimaliste et compact, il s&rsquo;agit d&rsquo;une v\u00e9ritable puissance stable capable de surmonter de nombreuses r\u00e9sistances (amincissement des ongles, fraisage des callosit\u00e9s). Cet appareil de fraisage avec technique au spray convient parfaitement \u00e0 une utilisation quotidienne et [&hellip;]","og_url":"https:\/\/districos.standingout.be\/fr\/product\/nwt-podiaspray-evo-avec-led-ref-8444-02\/","og_site_name":"Districos Webshop","article_modified_time":"2026-04-28T09:39:47+00:00","twitter_card":"summary_large_image","twitter_misc":{"Dur\u00e9e de lecture estim\u00e9e":"2 minutes"},"schema":{"@context":"https:\/\/schema.org","@graph":[{"@type":"WebPage","@id":"https:\/\/districos.standingout.be\/fr\/product\/nwt-podiaspray-evo-avec-led-ref-8444-02\/","url":"https:\/\/districos.standingout.be\/fr\/product\/nwt-podiaspray-evo-avec-led-ref-8444-02\/","name":"NWT PodiaSpray EVO avec LED - Districos Webshop","isPartOf":{"@id":"https:\/\/districos.standingout.be\/fr\/#website"},"primaryImageOfPage":{"@id":"https:\/\/districos.standingout.be\/fr\/product\/nwt-podiaspray-evo-avec-led-ref-8444-02\/#primaryimage"},"image":{"@id":"https:\/\/districos.standingout.be\/fr\/product\/nwt-podiaspray-evo-avec-led-ref-8444-02\/#primaryimage"},"thumbnailUrl":"https:\/\/districos.standingout.be\/wp-content\/uploads\/2025\/07\/8444.02@LowRes_1.png","datePublished":"2026-04-28T09:39:41+00:00","dateModified":"2026-04-28T09:39:47+00:00","breadcrumb":{"@id":"https:\/\/districos.standingout.be\/fr\/product\/nwt-podiaspray-evo-avec-led-ref-8444-02\/#breadcrumb"},"inLanguage":"fr-FR","potentialAction":[{"@type":"ReadAction","target":["https:\/\/districos.standingout.be\/fr\/product\/nwt-podiaspray-evo-avec-led-ref-8444-02\/"]}]},{"@type":"ImageObject","inLanguage":"fr-FR","@id":"https:\/\/districos.standingout.be\/fr\/product\/nwt-podiaspray-evo-avec-led-ref-8444-02\/#primaryimage","url":"https:\/\/districos.standingout.be\/wp-content\/uploads\/2025\/07\/8444.02@LowRes_1.png","contentUrl":"https:\/\/districos.standingout.be\/wp-content\/uploads\/2025\/07\/8444.02@LowRes_1.png","width":600,"height":600},{"@type":"BreadcrumbList","@id":"https:\/\/districos.standingout.be\/fr\/product\/nwt-podiaspray-evo-avec-led-ref-8444-02\/#breadcrumb","itemListElement":[{"@type":"ListItem","position":1,"name":"Home","item":"https:\/\/districos.standingout.be\/fr\/bienvenue-chez-districos\/"},{"@type":"ListItem","position":2,"name":"Boutique","item":"https:\/\/districos.standingout.be\/fr\/boutique\/"},{"@type":"ListItem","position":3,"name":"NWT PodiaSpray EVO avec LED"}]},{"@type":"WebSite","@id":"https:\/\/districos.standingout.be\/fr\/#website","url":"https:\/\/districos.standingout.be\/fr\/","name":"Districos Webshop","description":"","publisher":{"@id":"https:\/\/districos.standingout.be\/fr\/#organization"},"potentialAction":[{"@type":"SearchAction","target":{"@type":"EntryPoint","urlTemplate":"https:\/\/districos.standingout.be\/fr\/?s={search_term_string}"},"query-input":{"@type":"PropertyValueSpecification","valueRequired":true,"valueName":"search_term_string"}}],"inLanguage":"fr-FR"},{"@type":"Organization","@id":"https:\/\/districos.standingout.be\/fr\/#organization","name":"Districos Webshop","url":"https:\/\/districos.standingout.be\/fr\/","logo":{"@type":"ImageObject","inLanguage":"fr-FR","@id":"https:\/\/districos.standingout.be\/fr\/#\/schema\/logo\/image\/","url":"https:\/\/districos.standingout.be\/wp-content\/uploads\/2022\/09\/Districos_Logo_Webshop.svg","contentUrl":"https:\/\/districos.standingout.be\/wp-content\/uploads\/2022\/09\/Districos_Logo_Webshop.svg","caption":"Districos Webshop"},"image":{"@id":"https:\/\/districos.standingout.be\/fr\/#\/schema\/logo\/image\/"}}]}},"_links":{"self":[{"href":"https:\/\/districos.standingout.be\/fr\/wp-json\/wp\/v2\/product\/138601","targetHints":{"allow":["GET"]}}],"collection":[{"href":"https:\/\/districos.standingout.be\/fr\/wp-json\/wp\/v2\/product"}],"about":[{"href":"https:\/\/districos.standingout.be\/fr\/wp-json\/wp\/v2\/types\/product"}],"replies":[{"embeddable":true,"href":"https:\/\/districos.standingout.be\/fr\/wp-json\/wp\/v2\/comments?post=138601"}],"wp:featuredmedia":[{"embeddable":true,"href":"https:\/\/districos.standingout.be\/fr\/wp-json\/wp\/v2\/media\/81764"}],"wp:attachment":[{"href":"https:\/\/districos.standingout.be\/fr\/wp-json\/wp\/v2\/media?parent=138601"}],"wp:term":[{"taxonomy":"product_brand","embeddable":true,"href":"https:\/\/districos.standingout.be\/fr\/wp-json\/wp\/v2\/product_brand?post=138601"},{"taxonomy":"product_cat","embeddable":true,"href":"https:\/\/districos.standingout.be\/fr\/wp-json\/wp\/v2\/product_cat?post=138601"},{"taxonomy":"product_tag","embeddable":true,"href":"https:\/\/districos.standingout.be\/fr\/wp-json\/wp\/v2\/product_tag?post=138601"}],"curies":[{"name":"wp","href":"https:\/\/api.w.org\/{rel}","templated":true}]}}