{"id":138605,"date":"2026-04-28T11:39:53","date_gmt":"2026-04-28T09:39:53","guid":{"rendered":"https:\/\/webshopdistricoscom.webhosting.be\/product\/nwt-podiaspray-plus-avec-led-ref-8444-04\/"},"modified":"2026-04-28T11:39:58","modified_gmt":"2026-04-28T09:39:58","slug":"nwt-podiaspray-plus-avec-led-ref-8444-04","status":"publish","type":"product","link":"https:\/\/districos.standingout.be\/fr\/product\/nwt-podiaspray-plus-avec-led-ref-8444-04\/","title":{"rendered":"NWT PodiaSpray PLUS avec LED"},"content":{"rendered":"<p >\n<\/p>\n<\/p>\n<p><b><span lang=\"FR\">COMPACTE ET EFFICICACE<\/span><\/b><span lang=\"FR\"><o:p><\/o:p><\/span><\/p>\n<p><b><span lang=\"FR\">Technique au spray<\/span><\/b><span lang=\"FR\"><o:p><\/o:p><\/span><\/p>\n<p><span lang=\"FR\">La conception minimaliste et compacte du PodiaSpray fait de cet appareil de fraisage dot\u00e9 de la technologie \u00e0 spray un outil l\u00e9ger, flexible et adapt\u00e9 \u00e0 une utilisation quotidienne. Des composants modernes et de haute qualit\u00e9 contribuent \u00e0 sa conception compacte et \u00e0 son poids minimal, sans limiter les fonctionnalit\u00e9s et les exigences. Il est \u00e9quip\u00e9 d&rsquo;un \u00e9cran clair et facile \u00e0 manipuler, qui se nettoie ais\u00e9ment \u00e0 l&rsquo;aide d&rsquo;une lingette d\u00e9sinfectante pour un environnement de travail propre et hygi\u00e9nique. <o:p><\/o:p><\/span><\/p>\n<p><span lang=\"FR\">La nouvelle pi\u00e8ce \u00e0 main Pododent PLUS, issue de l&rsquo;exp\u00e9rience acquise dans le domaine de la technologie dentaire, est&nbsp;<span>une pi\u00e8ce \u00e0 main de pr\u00e9cision dot\u00e9e&nbsp;<\/span><span>d&rsquo;un couple fort et&nbsp;<\/span><span>puissant<\/span><span>&nbsp;sur toute la plage de vitesse pour la technique au spray<\/span>. Elle est \u00e9quip\u00e9e d&rsquo;un micromoteur puissant, (quasi) silencieux et sans brosse. Le syst\u00e8me de serrage durable, avec une force de serrage accrue de 30 %, simplifie le travail quotidien et permet un plus grand choix de fraises. Gr\u00e2ce \u00e0 une technologie avanc\u00e9e, le syst\u00e8me de serrage int\u00e9gr\u00e9 permet des rotations douces et, par cons\u00e9quent, de faibles vibrations. Cette pi\u00e8ce \u00e0 main parfaitement \u00e9quilibr\u00e9e et l\u00e9g\u00e8re r\u00e9duit \u00e9galement la fatigue des mains et am\u00e9liore l&rsquo;\u00e9quilibre. Apr\u00e8s utilisation, la pi\u00e8ce \u00e0 main peut \u00eatre plac\u00e9e dans le support pratique. Gr\u00e2ce \u00e0 une technologie avanc\u00e9e et brevet\u00e9e, la pi\u00e8ce \u00e0 main Pododent PLUS peut \u00eatre compl\u00e8tement d\u00e9tach\u00e9e du moteur d&rsquo;un simple mouvement. Gr\u00e2ce \u00e0 cette nouvelle technologie, la pi\u00e8ce \u00e0 main peut enfin \u00eatre nettoy\u00e9e, d\u00e9sinfect\u00e9e et autoclav\u00e9e de mani\u00e8re optimale, tant \u00e0 l&rsquo;int\u00e9rieur qu&rsquo;\u00e0 l&rsquo;ext\u00e9rieur. Vous b\u00e9n\u00e9ficiez ainsi d&rsquo;une meilleure hygi\u00e8ne pour vous et vos clients.<o:p><\/o:p><\/span><\/p>\n<p><b><span lang=\"FR\">Sp\u00e9cifications :<\/span><\/b><\/p>\n<\/p>\n<ul>\n<li><span>Dimensions : 20,5 x 16 x 22 cm<\/span><\/li>\n<li><span>Poids : 2,7 kg<\/span><\/li>\n<li><span>Niveau sonore bas : max 48 dB<\/span><\/li>\n<li><span lang=\"FR\">Puissance : 120 W<\/span><\/li>\n<li><span>Pi\u00e8ce \u00e0 main technique au spray : Pi\u00e8ce \u00e0 main autoclavable Pododent PLUS avec \u00e9clairage LED<\/span><\/li>\n<li><span>Plage tr\/min&nbsp;: 5 000 &#8211; 40 000 tr\/min<\/span><\/li>\n<li><span>Moteur sans brosses : oui<\/span><\/li>\n<li><span>LED : oui<\/span><\/li>\n<li><span>Forte traction de 3,4 Ncm<\/span><\/li>\n<li><span>Fonction m\u00e9moire : oui, 3 modes pr\u00e9f\u00e9rentiels programmables<\/span><\/li>\n<li><span>R\u00e9cipient de pulv\u00e9risation : amovible, capacit\u00e9 : 110 ml<\/span><\/li>\n<li><span>Fonctionnement : quantit\u00e9 de pulv\u00e9risation r\u00e9glable manuellement \u00e0 l&rsquo;aide d&rsquo;un bouton rotatif et vitesse r\u00e9glable num\u00e9riquement \u00e0 l&rsquo;aide de touches<\/span><b> <\/b><span>d&rsquo;affichage<\/span><\/li>\n<\/ul>\n<p><b><span lang=\"FR\">Options :<\/span><\/b><\/p>\n<\/p>\n<ul>\n<li><span>Commande au pied : choix d&rsquo;une commande au pied marche\/arr\u00eat (r\u00e9f. 8444.92) ou d&rsquo;une commande au pied progressive permettant de contr\u00f4ler la vitesse (r\u00e9f. 8444.91)<\/span><\/li>\n<li><span lang=\"FR\">Sac de transport robuste et pratique pour un d\u00e9placement facile (r\u00e9f. 8444.84)<\/span><\/li>\n<\/ul>\n<p><b><span lang=\"FR\">\u00c9galement disponible :<\/span><\/b><\/p>\n<\/p>\n<ul>\n<li><span>NWT PodiaSpray EVO sans \u00e9clairage LED (r\u00e9f. 8444.01)<\/span><\/li>\n<li><span>NWT PodiaSpray EVO avec \u00e9clairage LED (r\u00e9f. 8444.02)<\/span><\/li>\n<li><span lang=\"FR\">NWT PodiaSpray PLUS avec pi\u00e8ce \u00e0 main autoclavable sans \u00e9clairage LED (r\u00e9f. 8444.03)<\/span><span>&nbsp;<\/span><\/li>\n<\/ul>\n","protected":false},"excerpt":{"rendered":"<p>COMPACTE ET EFFICICACE Technique au spray La conception minimaliste et compacte du PodiaSpray fait de cet appareil de fraisage dot\u00e9 de la technologie \u00e0 spray un outil l\u00e9ger, flexible et adapt\u00e9 \u00e0 une utilisation quotidienne. Des composants modernes et de haute qualit\u00e9 contribuent \u00e0 sa conception compacte et \u00e0 son poids minimal, sans limiter les [&hellip;]<\/p>\n","protected":false},"featured_media":148016,"comment_status":"open","ping_status":"closed","template":"","meta":{"_acf_changed":false},"product_brand":[10498],"product_cat":[9940,10096,10038],"product_tag":[],"class_list":{"0":"post-138605","1":"product","2":"type-product","3":"status-publish","4":"has-post-thumbnail","6":"product_brand-nwt-fr","7":"product_cat-beaute-pedicure-fraiseuses","8":"product_cat-amenagement-equipement-pedicure","9":"product_cat-soins-des-pieds-podologie-fraiseuses-technique-a-spray","11":"first","12":"instock","13":"taxable","14":"shipping-taxable","15":"product-type-simple"},"acf":[],"yoast_head":"<!-- This site is optimized with the Yoast SEO plugin v27.3 - https:\/\/yoast.com\/product\/yoast-seo-wordpress\/ -->\n<title>NWT PodiaSpray PLUS avec LED - Districos Webshop<\/title>\n<meta name=\"robots\" content=\"noindex, follow, max-snippet:-1, max-image-preview:large, max-video-preview:-1\" \/>\n<meta property=\"og:locale\" content=\"fr_FR\" \/>\n<meta property=\"og:type\" content=\"article\" \/>\n<meta property=\"og:title\" content=\"NWT PodiaSpray PLUS avec LED - Districos Webshop\" \/>\n<meta property=\"og:description\" content=\"COMPACTE ET EFFICICACE Technique au spray La conception minimaliste et compacte du PodiaSpray fait de cet appareil de fraisage dot\u00e9 de la technologie \u00e0 spray un outil l\u00e9ger, flexible et adapt\u00e9 \u00e0 une utilisation quotidienne. Des composants modernes et de haute qualit\u00e9 contribuent \u00e0 sa conception compacte et \u00e0 son poids minimal, sans limiter les [&hellip;]\" \/>\n<meta property=\"og:url\" content=\"https:\/\/districos.standingout.be\/fr\/product\/nwt-podiaspray-plus-avec-led-ref-8444-04\/\" \/>\n<meta property=\"og:site_name\" content=\"Districos Webshop\" \/>\n<meta property=\"article:modified_time\" content=\"2026-04-28T09:39:58+00:00\" \/>\n<meta name=\"twitter:card\" content=\"summary_large_image\" \/>\n<meta name=\"twitter:label1\" content=\"Dur\u00e9e de lecture estim\u00e9e\" \/>\n\t<meta name=\"twitter:data1\" content=\"2 minutes\" \/>\n<script type=\"application\/ld+json\" class=\"yoast-schema-graph\">{\"@context\":\"https:\\\/\\\/schema.org\",\"@graph\":[{\"@type\":\"WebPage\",\"@id\":\"https:\\\/\\\/districos.standingout.be\\\/fr\\\/product\\\/nwt-podiaspray-plus-avec-led-ref-8444-04\\\/\",\"url\":\"https:\\\/\\\/districos.standingout.be\\\/fr\\\/product\\\/nwt-podiaspray-plus-avec-led-ref-8444-04\\\/\",\"name\":\"NWT PodiaSpray PLUS avec LED - Districos Webshop\",\"isPartOf\":{\"@id\":\"https:\\\/\\\/districos.standingout.be\\\/fr\\\/#website\"},\"primaryImageOfPage\":{\"@id\":\"https:\\\/\\\/districos.standingout.be\\\/fr\\\/product\\\/nwt-podiaspray-plus-avec-led-ref-8444-04\\\/#primaryimage\"},\"image\":{\"@id\":\"https:\\\/\\\/districos.standingout.be\\\/fr\\\/product\\\/nwt-podiaspray-plus-avec-led-ref-8444-04\\\/#primaryimage\"},\"thumbnailUrl\":\"https:\\\/\\\/districos.standingout.be\\\/wp-content\\\/uploads\\\/2026\\\/04\\\/8444.04@NWT-PodiaSpray-PLUS-met-LED_1-1.png\",\"datePublished\":\"2026-04-28T09:39:53+00:00\",\"dateModified\":\"2026-04-28T09:39:58+00:00\",\"breadcrumb\":{\"@id\":\"https:\\\/\\\/districos.standingout.be\\\/fr\\\/product\\\/nwt-podiaspray-plus-avec-led-ref-8444-04\\\/#breadcrumb\"},\"inLanguage\":\"fr-FR\",\"potentialAction\":[{\"@type\":\"ReadAction\",\"target\":[\"https:\\\/\\\/districos.standingout.be\\\/fr\\\/product\\\/nwt-podiaspray-plus-avec-led-ref-8444-04\\\/\"]}]},{\"@type\":\"ImageObject\",\"inLanguage\":\"fr-FR\",\"@id\":\"https:\\\/\\\/districos.standingout.be\\\/fr\\\/product\\\/nwt-podiaspray-plus-avec-led-ref-8444-04\\\/#primaryimage\",\"url\":\"https:\\\/\\\/districos.standingout.be\\\/wp-content\\\/uploads\\\/2026\\\/04\\\/8444.04@NWT-PodiaSpray-PLUS-met-LED_1-1.png\",\"contentUrl\":\"https:\\\/\\\/districos.standingout.be\\\/wp-content\\\/uploads\\\/2026\\\/04\\\/8444.04@NWT-PodiaSpray-PLUS-met-LED_1-1.png\",\"width\":600,\"height\":600},{\"@type\":\"BreadcrumbList\",\"@id\":\"https:\\\/\\\/districos.standingout.be\\\/fr\\\/product\\\/nwt-podiaspray-plus-avec-led-ref-8444-04\\\/#breadcrumb\",\"itemListElement\":[{\"@type\":\"ListItem\",\"position\":1,\"name\":\"Home\",\"item\":\"https:\\\/\\\/districos.standingout.be\\\/fr\\\/bienvenue-chez-districos\\\/\"},{\"@type\":\"ListItem\",\"position\":2,\"name\":\"Boutique\",\"item\":\"https:\\\/\\\/districos.standingout.be\\\/fr\\\/boutique\\\/\"},{\"@type\":\"ListItem\",\"position\":3,\"name\":\"NWT PodiaSpray PLUS avec LED\"}]},{\"@type\":\"WebSite\",\"@id\":\"https:\\\/\\\/districos.standingout.be\\\/fr\\\/#website\",\"url\":\"https:\\\/\\\/districos.standingout.be\\\/fr\\\/\",\"name\":\"Districos Webshop\",\"description\":\"\",\"publisher\":{\"@id\":\"https:\\\/\\\/districos.standingout.be\\\/fr\\\/#organization\"},\"potentialAction\":[{\"@type\":\"SearchAction\",\"target\":{\"@type\":\"EntryPoint\",\"urlTemplate\":\"https:\\\/\\\/districos.standingout.be\\\/fr\\\/?s={search_term_string}\"},\"query-input\":{\"@type\":\"PropertyValueSpecification\",\"valueRequired\":true,\"valueName\":\"search_term_string\"}}],\"inLanguage\":\"fr-FR\"},{\"@type\":\"Organization\",\"@id\":\"https:\\\/\\\/districos.standingout.be\\\/fr\\\/#organization\",\"name\":\"Districos Webshop\",\"url\":\"https:\\\/\\\/districos.standingout.be\\\/fr\\\/\",\"logo\":{\"@type\":\"ImageObject\",\"inLanguage\":\"fr-FR\",\"@id\":\"https:\\\/\\\/districos.standingout.be\\\/fr\\\/#\\\/schema\\\/logo\\\/image\\\/\",\"url\":\"https:\\\/\\\/districos.standingout.be\\\/wp-content\\\/uploads\\\/2022\\\/09\\\/Districos_Logo_Webshop.svg\",\"contentUrl\":\"https:\\\/\\\/districos.standingout.be\\\/wp-content\\\/uploads\\\/2022\\\/09\\\/Districos_Logo_Webshop.svg\",\"caption\":\"Districos Webshop\"},\"image\":{\"@id\":\"https:\\\/\\\/districos.standingout.be\\\/fr\\\/#\\\/schema\\\/logo\\\/image\\\/\"}}]}<\/script>\n<!-- \/ Yoast SEO plugin. -->","yoast_head_json":{"title":"NWT PodiaSpray PLUS avec LED - Districos Webshop","robots":{"index":"noindex","follow":"follow","max-snippet":"max-snippet:-1","max-image-preview":"max-image-preview:large","max-video-preview":"max-video-preview:-1"},"og_locale":"fr_FR","og_type":"article","og_title":"NWT PodiaSpray PLUS avec LED - Districos Webshop","og_description":"COMPACTE ET EFFICICACE Technique au spray La conception minimaliste et compacte du PodiaSpray fait de cet appareil de fraisage dot\u00e9 de la technologie \u00e0 spray un outil l\u00e9ger, flexible et adapt\u00e9 \u00e0 une utilisation quotidienne. Des composants modernes et de haute qualit\u00e9 contribuent \u00e0 sa conception compacte et \u00e0 son poids minimal, sans limiter les [&hellip;]","og_url":"https:\/\/districos.standingout.be\/fr\/product\/nwt-podiaspray-plus-avec-led-ref-8444-04\/","og_site_name":"Districos Webshop","article_modified_time":"2026-04-28T09:39:58+00:00","twitter_card":"summary_large_image","twitter_misc":{"Dur\u00e9e de lecture estim\u00e9e":"2 minutes"},"schema":{"@context":"https:\/\/schema.org","@graph":[{"@type":"WebPage","@id":"https:\/\/districos.standingout.be\/fr\/product\/nwt-podiaspray-plus-avec-led-ref-8444-04\/","url":"https:\/\/districos.standingout.be\/fr\/product\/nwt-podiaspray-plus-avec-led-ref-8444-04\/","name":"NWT PodiaSpray PLUS avec LED - Districos Webshop","isPartOf":{"@id":"https:\/\/districos.standingout.be\/fr\/#website"},"primaryImageOfPage":{"@id":"https:\/\/districos.standingout.be\/fr\/product\/nwt-podiaspray-plus-avec-led-ref-8444-04\/#primaryimage"},"image":{"@id":"https:\/\/districos.standingout.be\/fr\/product\/nwt-podiaspray-plus-avec-led-ref-8444-04\/#primaryimage"},"thumbnailUrl":"https:\/\/districos.standingout.be\/wp-content\/uploads\/2026\/04\/8444.04@NWT-PodiaSpray-PLUS-met-LED_1-1.png","datePublished":"2026-04-28T09:39:53+00:00","dateModified":"2026-04-28T09:39:58+00:00","breadcrumb":{"@id":"https:\/\/districos.standingout.be\/fr\/product\/nwt-podiaspray-plus-avec-led-ref-8444-04\/#breadcrumb"},"inLanguage":"fr-FR","potentialAction":[{"@type":"ReadAction","target":["https:\/\/districos.standingout.be\/fr\/product\/nwt-podiaspray-plus-avec-led-ref-8444-04\/"]}]},{"@type":"ImageObject","inLanguage":"fr-FR","@id":"https:\/\/districos.standingout.be\/fr\/product\/nwt-podiaspray-plus-avec-led-ref-8444-04\/#primaryimage","url":"https:\/\/districos.standingout.be\/wp-content\/uploads\/2026\/04\/8444.04@NWT-PodiaSpray-PLUS-met-LED_1-1.png","contentUrl":"https:\/\/districos.standingout.be\/wp-content\/uploads\/2026\/04\/8444.04@NWT-PodiaSpray-PLUS-met-LED_1-1.png","width":600,"height":600},{"@type":"BreadcrumbList","@id":"https:\/\/districos.standingout.be\/fr\/product\/nwt-podiaspray-plus-avec-led-ref-8444-04\/#breadcrumb","itemListElement":[{"@type":"ListItem","position":1,"name":"Home","item":"https:\/\/districos.standingout.be\/fr\/bienvenue-chez-districos\/"},{"@type":"ListItem","position":2,"name":"Boutique","item":"https:\/\/districos.standingout.be\/fr\/boutique\/"},{"@type":"ListItem","position":3,"name":"NWT PodiaSpray PLUS avec LED"}]},{"@type":"WebSite","@id":"https:\/\/districos.standingout.be\/fr\/#website","url":"https:\/\/districos.standingout.be\/fr\/","name":"Districos Webshop","description":"","publisher":{"@id":"https:\/\/districos.standingout.be\/fr\/#organization"},"potentialAction":[{"@type":"SearchAction","target":{"@type":"EntryPoint","urlTemplate":"https:\/\/districos.standingout.be\/fr\/?s={search_term_string}"},"query-input":{"@type":"PropertyValueSpecification","valueRequired":true,"valueName":"search_term_string"}}],"inLanguage":"fr-FR"},{"@type":"Organization","@id":"https:\/\/districos.standingout.be\/fr\/#organization","name":"Districos Webshop","url":"https:\/\/districos.standingout.be\/fr\/","logo":{"@type":"ImageObject","inLanguage":"fr-FR","@id":"https:\/\/districos.standingout.be\/fr\/#\/schema\/logo\/image\/","url":"https:\/\/districos.standingout.be\/wp-content\/uploads\/2022\/09\/Districos_Logo_Webshop.svg","contentUrl":"https:\/\/districos.standingout.be\/wp-content\/uploads\/2022\/09\/Districos_Logo_Webshop.svg","caption":"Districos Webshop"},"image":{"@id":"https:\/\/districos.standingout.be\/fr\/#\/schema\/logo\/image\/"}}]}},"_links":{"self":[{"href":"https:\/\/districos.standingout.be\/fr\/wp-json\/wp\/v2\/product\/138605","targetHints":{"allow":["GET"]}}],"collection":[{"href":"https:\/\/districos.standingout.be\/fr\/wp-json\/wp\/v2\/product"}],"about":[{"href":"https:\/\/districos.standingout.be\/fr\/wp-json\/wp\/v2\/types\/product"}],"replies":[{"embeddable":true,"href":"https:\/\/districos.standingout.be\/fr\/wp-json\/wp\/v2\/comments?post=138605"}],"wp:featuredmedia":[{"embeddable":true,"href":"https:\/\/districos.standingout.be\/fr\/wp-json\/wp\/v2\/media\/148016"}],"wp:attachment":[{"href":"https:\/\/districos.standingout.be\/fr\/wp-json\/wp\/v2\/media?parent=138605"}],"wp:term":[{"taxonomy":"product_brand","embeddable":true,"href":"https:\/\/districos.standingout.be\/fr\/wp-json\/wp\/v2\/product_brand?post=138605"},{"taxonomy":"product_cat","embeddable":true,"href":"https:\/\/districos.standingout.be\/fr\/wp-json\/wp\/v2\/product_cat?post=138605"},{"taxonomy":"product_tag","embeddable":true,"href":"https:\/\/districos.standingout.be\/fr\/wp-json\/wp\/v2\/product_tag?post=138605"}],"curies":[{"name":"wp","href":"https:\/\/api.w.org\/{rel}","templated":true}]}}