{"id":138613,"date":"2026-04-28T11:41:00","date_gmt":"2026-04-28T09:41:00","guid":{"rendered":"https:\/\/webshopdistricoscom.webhosting.be\/product\/nwt-podiavac-plus-ref-8444-11-2\/"},"modified":"2026-04-28T11:41:07","modified_gmt":"2026-04-28T09:41:07","slug":"nwt-podiavac-plus-ref-8444-11","status":"publish","type":"product","link":"https:\/\/districos.standingout.be\/fr\/product\/nwt-podiavac-plus-ref-8444-11\/","title":{"rendered":"NWT PodiaVac PLUS"},"content":{"rendered":"<p >\n<\/p>\n<p><span lang=\"FR\"><b>COMPACTE ET EFFICACE<\/b><o:p><\/o:p><\/span><\/p>\n<p><span lang=\"FR\"><b>Technologie \u00e0 sec avec aspiration<\/b><br \/> La conception minimaliste et compacte du PodiaVac fait de cette fraiseuse pour la technologie \u00e0 sec avec aspiration une machine l\u00e9g\u00e8re, flexible et adapt\u00e9e \u00e0 une utilisation quotidienne. Des composants modernes et de haute qualit\u00e9 contribuent \u00e0 sa conception compacte et \u00e0 son poids minimal, sans limiter les fonctionnalit\u00e9s et les exigences. Elle est \u00e9quip\u00e9e d&rsquo;un \u00e9cran clair et facile \u00e0 manipuler, qui se nettoie ais\u00e9ment \u00e0 l&rsquo;aide d&rsquo;une lingette d\u00e9sinfectante pour un environnement de travail propre et hygi\u00e9nique.&nbsp;Le sac \u00e0 poussi\u00e8re est facilement accessible et interchangeable \u00e0 l&rsquo;avant de l&rsquo;appareil.<br \/> La pi\u00e8ce \u00e0 main PDV 40 PLUS est une pi\u00e8ce \u00e0 main de pr\u00e9cision issue de l&rsquo;exp\u00e9rience acquise dans le domaine de la technologie dentaire. Malgr\u00e9 sa puissance d&rsquo;aspiration \u00e9lev\u00e9e, cette pi\u00e8ce \u00e0 main est tr\u00e8s silencieuse. Elle est \u00e9quip\u00e9e d&rsquo;un micro-moteur puissant, (pratiquement) silencieux et sans balais. Le syst\u00e8me de serrage durable, avec une force de serrage accrue de 30 %, simplifie le travail quotidien et permet un plus grand choix de t\u00eates de fraisage. Gr\u00e2ce \u00e0 une technologie avanc\u00e9e, le syst\u00e8me de serrage int\u00e9gr\u00e9 permet des rotations douces et, par cons\u00e9quent, de faibles vibrations. Cette pi\u00e8ce \u00e0 main parfaitement \u00e9quilibr\u00e9e et l\u00e9g\u00e8re r\u00e9duit \u00e9galement la fatigue des mains et am\u00e9liore l&rsquo;\u00e9quilibre. Apr\u00e8s utilisation, la pi\u00e8ce \u00e0 main peut \u00eatre plac\u00e9e dans le support pratique.&nbsp;Gr\u00e2ce \u00e0 une technologie avanc\u00e9e et brevet\u00e9e, la pi\u00e8ce \u00e0 main PDV 40 PLUS peut \u00eatre compl\u00e8tement d\u00e9tach\u00e9e du moteur d&rsquo;un simple mouvement. Gr\u00e2ce \u00e0 cette nouvelle technologie, la pi\u00e8ce \u00e0 main peut enfin \u00eatre nettoy\u00e9e, d\u00e9sinfect\u00e9e et autoclav\u00e9e de mani\u00e8re optimale, tant \u00e0 l&rsquo;int\u00e9rieur qu&rsquo;\u00e0 l&rsquo;ext\u00e9rieur. Vous b\u00e9n\u00e9ficiez ainsi d&rsquo;une meilleure hygi\u00e8ne pour vous et vos clients.<br \/><b> Sp\u00e9cifications techniques&nbsp;<\/b>:<o:p><\/o:p><\/span><\/p>\n<ul type=\"disc\">\n<li><span lang=\"FR\">Dimensions : 28,8 x 12,4 x 24,1 cm<o:p><\/o:p><\/span><\/li>\n<li><span lang=\"FR\">Poids : 2,5 kg<o:p><\/o:p><\/span><\/li>\n<li><span lang=\"FR\">Niveau sonore : max. 48 dB<o:p><\/o:p><\/span><\/li>\n<li><span lang=\"FR\">Puissance : 120 W<o:p><\/o:p><\/span><\/li>\n<li><span lang=\"FR\">Technologie de s\u00e9chage de la pi\u00e8ce \u00e0 main avec aspiration : pi\u00e8ce \u00e0 main autoclavable PDV 40 PLUS<o:p><\/o:p><\/span><\/li>\n<li><span lang=\"FR\">Plage tr\/min&nbsp;: 5 000 &#8211; 40 000 tr\/min<o:p><\/o:p><\/span><\/li>\n<li><span lang=\"FR\">Moteur sans balais : oui<o:p><\/o:p><\/span><\/li>\n<li><span lang=\"FR\">Forte traction de 3,4 Ncm<o:p><\/o:p><\/span><\/li>\n<li><span lang=\"FR\">Fonction m\u00e9moire : oui, 3 modes pr\u00e9f\u00e9r\u00e9s programmables<o:p><\/o:p><\/span><\/li>\n<li><span lang=\"FR\">Fonctionnement : capacit\u00e9 d&rsquo;aspiration r\u00e9glable<o:p><\/o:p><\/span><\/li>\n<\/ul>\n<p><span lang=\"FR\"><b>Options :<\/b><br \/> <o:p><\/o:p><\/span><\/p>\n<ul type=\"disc\">\n<li><span>Commande au pied : choix d&rsquo;une commande au pied marche\/arr\u00eat (<a href=\"https:\/\/districos.com\/ProductDetail\/8444.92\" target=\"_blank\" rel=\"noopener noreferrer nofollow\"><font color=\"#0004ff\">r\u00e9f. 8444.92<\/font><\/a>) ou d&rsquo;une commande au pied progressive permettant de contr\u00f4ler la vitesse (<a href=\"https:\/\/districos.com\/ProductDetail\/8444.91\" target=\"_blank\" rel=\"noopener noreferrer nofollow\"><font color=\"#0004ff\">r\u00e9f. 8444.91<\/font><\/a>)<\/span><\/li>\n<li>NWT Sacs \u00e0 poussi\u00e8re pour PodiaVac et Master Combi Pro 5 pcs. (<a href=\"https:\/\/webshop.districos.com\/ProductDetail\/8444.87\" target=\"_blank\" rel=\"noopener noreferrer nofollow\"><font color=\"#0004ff\">r\u00e9f. 8444.87<\/font><\/a>)<\/li>\n<li><span>Sac de transport robuste et pratique pour un d\u00e9placement facile (<a href=\"https:\/\/districos.com\/ProductDetail\/8444.84\" target=\"_blank\" rel=\"noopener noreferrer nofollow\"><font color=\"#0004ff\">r\u00e9f. 8444.84<\/font><\/a>)<\/span><\/li>\n<\/ul>\n<p><span lang=\"FR\"><b>\u00c9galement disponible&nbsp;:<\/b><br \/> <o:p><\/o:p><\/span><\/p>\n<ul type=\"disc\">\n<li><span lang=\"FR\">NWT PodiaVac PLUS avec pi\u00e8ce \u00e0 main non-autoclavable (<a href=\"https:\/\/webshop.districos.com\/ProductDetail\/8444.10\"style=\"\" target=\"_blank\" rel=\"noopener noreferrer nofollow\"><font color=\"#0004ff\">r\u00e9f. 8444.10<\/font><\/a>)<o:p><\/o:p><\/span><\/li>\n<\/ul>\n<p> &nbsp; <\/p>\n","protected":false},"excerpt":{"rendered":"<p>COMPACTE ET EFFICACE Technologie \u00e0 sec avec aspiration La conception minimaliste et compacte du PodiaVac fait de cette fraiseuse pour la technologie \u00e0 sec avec aspiration une machine l\u00e9g\u00e8re, flexible et adapt\u00e9e \u00e0 une utilisation quotidienne. Des composants modernes et de haute qualit\u00e9 contribuent \u00e0 sa conception compacte et \u00e0 son poids minimal, sans limiter [&hellip;]<\/p>\n","protected":false},"featured_media":91079,"comment_status":"open","ping_status":"closed","template":"","meta":{"_acf_changed":false},"product_brand":[10498],"product_cat":[10271,9940,10096,10036],"product_tag":[],"class_list":{"0":"post-138613","1":"product","2":"type-product","3":"status-publish","4":"has-post-thumbnail","6":"product_brand-nwt-fr","7":"product_cat-beaute-manucure-ongles-equipement","8":"product_cat-beaute-pedicure-fraiseuses","9":"product_cat-amenagement-equipement-pedicure","10":"product_cat-soins-des-pieds-podologie-fraiseuses-technique-a-sec","12":"first","13":"instock","14":"taxable","15":"shipping-taxable","16":"product-type-simple"},"acf":[],"yoast_head":"<!-- This site is optimized with the Yoast SEO plugin v27.3 - https:\/\/yoast.com\/product\/yoast-seo-wordpress\/ -->\n<title>NWT PodiaVac PLUS - Districos Webshop<\/title>\n<meta name=\"robots\" content=\"noindex, follow, max-snippet:-1, max-image-preview:large, max-video-preview:-1\" \/>\n<meta property=\"og:locale\" content=\"fr_FR\" \/>\n<meta property=\"og:type\" content=\"article\" \/>\n<meta property=\"og:title\" content=\"NWT PodiaVac PLUS - Districos Webshop\" \/>\n<meta property=\"og:description\" content=\"COMPACTE ET EFFICACE Technologie \u00e0 sec avec aspiration La conception minimaliste et compacte du PodiaVac fait de cette fraiseuse pour la technologie \u00e0 sec avec aspiration une machine l\u00e9g\u00e8re, flexible et adapt\u00e9e \u00e0 une utilisation quotidienne. Des composants modernes et de haute qualit\u00e9 contribuent \u00e0 sa conception compacte et \u00e0 son poids minimal, sans limiter [&hellip;]\" \/>\n<meta property=\"og:url\" content=\"https:\/\/districos.standingout.be\/fr\/product\/nwt-podiavac-plus-ref-8444-11\/\" \/>\n<meta property=\"og:site_name\" content=\"Districos Webshop\" \/>\n<meta property=\"article:modified_time\" content=\"2026-04-28T09:41:07+00:00\" \/>\n<meta name=\"twitter:card\" content=\"summary_large_image\" \/>\n<meta name=\"twitter:label1\" content=\"Dur\u00e9e de lecture estim\u00e9e\" \/>\n\t<meta name=\"twitter:data1\" content=\"2 minutes\" \/>\n<script type=\"application\/ld+json\" class=\"yoast-schema-graph\">{\"@context\":\"https:\\\/\\\/schema.org\",\"@graph\":[{\"@type\":\"WebPage\",\"@id\":\"https:\\\/\\\/districos.standingout.be\\\/fr\\\/product\\\/nwt-podiavac-plus-ref-8444-11\\\/\",\"url\":\"https:\\\/\\\/districos.standingout.be\\\/fr\\\/product\\\/nwt-podiavac-plus-ref-8444-11\\\/\",\"name\":\"NWT PodiaVac PLUS - Districos Webshop\",\"isPartOf\":{\"@id\":\"https:\\\/\\\/districos.standingout.be\\\/fr\\\/#website\"},\"primaryImageOfPage\":{\"@id\":\"https:\\\/\\\/districos.standingout.be\\\/fr\\\/product\\\/nwt-podiavac-plus-ref-8444-11\\\/#primaryimage\"},\"image\":{\"@id\":\"https:\\\/\\\/districos.standingout.be\\\/fr\\\/product\\\/nwt-podiavac-plus-ref-8444-11\\\/#primaryimage\"},\"thumbnailUrl\":\"https:\\\/\\\/districos.standingout.be\\\/wp-content\\\/uploads\\\/2026\\\/01\\\/8444.11@LowRes_1.png\",\"datePublished\":\"2026-04-28T09:41:00+00:00\",\"dateModified\":\"2026-04-28T09:41:07+00:00\",\"breadcrumb\":{\"@id\":\"https:\\\/\\\/districos.standingout.be\\\/fr\\\/product\\\/nwt-podiavac-plus-ref-8444-11\\\/#breadcrumb\"},\"inLanguage\":\"fr-FR\",\"potentialAction\":[{\"@type\":\"ReadAction\",\"target\":[\"https:\\\/\\\/districos.standingout.be\\\/fr\\\/product\\\/nwt-podiavac-plus-ref-8444-11\\\/\"]}]},{\"@type\":\"ImageObject\",\"inLanguage\":\"fr-FR\",\"@id\":\"https:\\\/\\\/districos.standingout.be\\\/fr\\\/product\\\/nwt-podiavac-plus-ref-8444-11\\\/#primaryimage\",\"url\":\"https:\\\/\\\/districos.standingout.be\\\/wp-content\\\/uploads\\\/2026\\\/01\\\/8444.11@LowRes_1.png\",\"contentUrl\":\"https:\\\/\\\/districos.standingout.be\\\/wp-content\\\/uploads\\\/2026\\\/01\\\/8444.11@LowRes_1.png\",\"width\":600,\"height\":600},{\"@type\":\"BreadcrumbList\",\"@id\":\"https:\\\/\\\/districos.standingout.be\\\/fr\\\/product\\\/nwt-podiavac-plus-ref-8444-11\\\/#breadcrumb\",\"itemListElement\":[{\"@type\":\"ListItem\",\"position\":1,\"name\":\"Home\",\"item\":\"https:\\\/\\\/districos.standingout.be\\\/fr\\\/bienvenue-chez-districos\\\/\"},{\"@type\":\"ListItem\",\"position\":2,\"name\":\"Boutique\",\"item\":\"https:\\\/\\\/districos.standingout.be\\\/fr\\\/boutique\\\/\"},{\"@type\":\"ListItem\",\"position\":3,\"name\":\"NWT PodiaVac PLUS\"}]},{\"@type\":\"WebSite\",\"@id\":\"https:\\\/\\\/districos.standingout.be\\\/fr\\\/#website\",\"url\":\"https:\\\/\\\/districos.standingout.be\\\/fr\\\/\",\"name\":\"Districos Webshop\",\"description\":\"\",\"publisher\":{\"@id\":\"https:\\\/\\\/districos.standingout.be\\\/fr\\\/#organization\"},\"potentialAction\":[{\"@type\":\"SearchAction\",\"target\":{\"@type\":\"EntryPoint\",\"urlTemplate\":\"https:\\\/\\\/districos.standingout.be\\\/fr\\\/?s={search_term_string}\"},\"query-input\":{\"@type\":\"PropertyValueSpecification\",\"valueRequired\":true,\"valueName\":\"search_term_string\"}}],\"inLanguage\":\"fr-FR\"},{\"@type\":\"Organization\",\"@id\":\"https:\\\/\\\/districos.standingout.be\\\/fr\\\/#organization\",\"name\":\"Districos Webshop\",\"url\":\"https:\\\/\\\/districos.standingout.be\\\/fr\\\/\",\"logo\":{\"@type\":\"ImageObject\",\"inLanguage\":\"fr-FR\",\"@id\":\"https:\\\/\\\/districos.standingout.be\\\/fr\\\/#\\\/schema\\\/logo\\\/image\\\/\",\"url\":\"https:\\\/\\\/districos.standingout.be\\\/wp-content\\\/uploads\\\/2022\\\/09\\\/Districos_Logo_Webshop.svg\",\"contentUrl\":\"https:\\\/\\\/districos.standingout.be\\\/wp-content\\\/uploads\\\/2022\\\/09\\\/Districos_Logo_Webshop.svg\",\"caption\":\"Districos Webshop\"},\"image\":{\"@id\":\"https:\\\/\\\/districos.standingout.be\\\/fr\\\/#\\\/schema\\\/logo\\\/image\\\/\"}}]}<\/script>\n<!-- \/ Yoast SEO plugin. -->","yoast_head_json":{"title":"NWT PodiaVac PLUS - Districos Webshop","robots":{"index":"noindex","follow":"follow","max-snippet":"max-snippet:-1","max-image-preview":"max-image-preview:large","max-video-preview":"max-video-preview:-1"},"og_locale":"fr_FR","og_type":"article","og_title":"NWT PodiaVac PLUS - Districos Webshop","og_description":"COMPACTE ET EFFICACE Technologie \u00e0 sec avec aspiration La conception minimaliste et compacte du PodiaVac fait de cette fraiseuse pour la technologie \u00e0 sec avec aspiration une machine l\u00e9g\u00e8re, flexible et adapt\u00e9e \u00e0 une utilisation quotidienne. Des composants modernes et de haute qualit\u00e9 contribuent \u00e0 sa conception compacte et \u00e0 son poids minimal, sans limiter [&hellip;]","og_url":"https:\/\/districos.standingout.be\/fr\/product\/nwt-podiavac-plus-ref-8444-11\/","og_site_name":"Districos Webshop","article_modified_time":"2026-04-28T09:41:07+00:00","twitter_card":"summary_large_image","twitter_misc":{"Dur\u00e9e de lecture estim\u00e9e":"2 minutes"},"schema":{"@context":"https:\/\/schema.org","@graph":[{"@type":"WebPage","@id":"https:\/\/districos.standingout.be\/fr\/product\/nwt-podiavac-plus-ref-8444-11\/","url":"https:\/\/districos.standingout.be\/fr\/product\/nwt-podiavac-plus-ref-8444-11\/","name":"NWT PodiaVac PLUS - Districos Webshop","isPartOf":{"@id":"https:\/\/districos.standingout.be\/fr\/#website"},"primaryImageOfPage":{"@id":"https:\/\/districos.standingout.be\/fr\/product\/nwt-podiavac-plus-ref-8444-11\/#primaryimage"},"image":{"@id":"https:\/\/districos.standingout.be\/fr\/product\/nwt-podiavac-plus-ref-8444-11\/#primaryimage"},"thumbnailUrl":"https:\/\/districos.standingout.be\/wp-content\/uploads\/2026\/01\/8444.11@LowRes_1.png","datePublished":"2026-04-28T09:41:00+00:00","dateModified":"2026-04-28T09:41:07+00:00","breadcrumb":{"@id":"https:\/\/districos.standingout.be\/fr\/product\/nwt-podiavac-plus-ref-8444-11\/#breadcrumb"},"inLanguage":"fr-FR","potentialAction":[{"@type":"ReadAction","target":["https:\/\/districos.standingout.be\/fr\/product\/nwt-podiavac-plus-ref-8444-11\/"]}]},{"@type":"ImageObject","inLanguage":"fr-FR","@id":"https:\/\/districos.standingout.be\/fr\/product\/nwt-podiavac-plus-ref-8444-11\/#primaryimage","url":"https:\/\/districos.standingout.be\/wp-content\/uploads\/2026\/01\/8444.11@LowRes_1.png","contentUrl":"https:\/\/districos.standingout.be\/wp-content\/uploads\/2026\/01\/8444.11@LowRes_1.png","width":600,"height":600},{"@type":"BreadcrumbList","@id":"https:\/\/districos.standingout.be\/fr\/product\/nwt-podiavac-plus-ref-8444-11\/#breadcrumb","itemListElement":[{"@type":"ListItem","position":1,"name":"Home","item":"https:\/\/districos.standingout.be\/fr\/bienvenue-chez-districos\/"},{"@type":"ListItem","position":2,"name":"Boutique","item":"https:\/\/districos.standingout.be\/fr\/boutique\/"},{"@type":"ListItem","position":3,"name":"NWT PodiaVac PLUS"}]},{"@type":"WebSite","@id":"https:\/\/districos.standingout.be\/fr\/#website","url":"https:\/\/districos.standingout.be\/fr\/","name":"Districos Webshop","description":"","publisher":{"@id":"https:\/\/districos.standingout.be\/fr\/#organization"},"potentialAction":[{"@type":"SearchAction","target":{"@type":"EntryPoint","urlTemplate":"https:\/\/districos.standingout.be\/fr\/?s={search_term_string}"},"query-input":{"@type":"PropertyValueSpecification","valueRequired":true,"valueName":"search_term_string"}}],"inLanguage":"fr-FR"},{"@type":"Organization","@id":"https:\/\/districos.standingout.be\/fr\/#organization","name":"Districos Webshop","url":"https:\/\/districos.standingout.be\/fr\/","logo":{"@type":"ImageObject","inLanguage":"fr-FR","@id":"https:\/\/districos.standingout.be\/fr\/#\/schema\/logo\/image\/","url":"https:\/\/districos.standingout.be\/wp-content\/uploads\/2022\/09\/Districos_Logo_Webshop.svg","contentUrl":"https:\/\/districos.standingout.be\/wp-content\/uploads\/2022\/09\/Districos_Logo_Webshop.svg","caption":"Districos Webshop"},"image":{"@id":"https:\/\/districos.standingout.be\/fr\/#\/schema\/logo\/image\/"}}]}},"_links":{"self":[{"href":"https:\/\/districos.standingout.be\/fr\/wp-json\/wp\/v2\/product\/138613","targetHints":{"allow":["GET"]}}],"collection":[{"href":"https:\/\/districos.standingout.be\/fr\/wp-json\/wp\/v2\/product"}],"about":[{"href":"https:\/\/districos.standingout.be\/fr\/wp-json\/wp\/v2\/types\/product"}],"replies":[{"embeddable":true,"href":"https:\/\/districos.standingout.be\/fr\/wp-json\/wp\/v2\/comments?post=138613"}],"wp:featuredmedia":[{"embeddable":true,"href":"https:\/\/districos.standingout.be\/fr\/wp-json\/wp\/v2\/media\/91079"}],"wp:attachment":[{"href":"https:\/\/districos.standingout.be\/fr\/wp-json\/wp\/v2\/media?parent=138613"}],"wp:term":[{"taxonomy":"product_brand","embeddable":true,"href":"https:\/\/districos.standingout.be\/fr\/wp-json\/wp\/v2\/product_brand?post=138613"},{"taxonomy":"product_cat","embeddable":true,"href":"https:\/\/districos.standingout.be\/fr\/wp-json\/wp\/v2\/product_cat?post=138613"},{"taxonomy":"product_tag","embeddable":true,"href":"https:\/\/districos.standingout.be\/fr\/wp-json\/wp\/v2\/product_tag?post=138613"}],"curies":[{"name":"wp","href":"https:\/\/api.w.org\/{rel}","templated":true}]}}