{"id":138623,"date":"2026-04-28T11:41:48","date_gmt":"2026-04-28T09:41:48","guid":{"rendered":"https:\/\/webshopdistricoscom.webhosting.be\/product\/nwt-master-combi-pro-plus-sans-led-ref-8444-17\/"},"modified":"2026-04-28T11:41:56","modified_gmt":"2026-04-28T09:41:56","slug":"nwt-master-combi-pro-plus-sans-led-ref-8444-17","status":"publish","type":"product","link":"https:\/\/districos.standingout.be\/fr\/product\/nwt-master-combi-pro-plus-sans-led-ref-8444-17\/","title":{"rendered":"NWT Master Combi Pro PLUS sans LED"},"content":{"rendered":"<p >\n<\/p>\n<\/p>\n<p><span lang=\"FR\"><b>LE MEILLEUR DES DEUX MONDES<\/b><o:p><\/o:p><\/span><\/p>\n<p><span lang=\"FR\"><b>Combinaison de la technologie au spray et \u00e0 sec avec aspiration<\/b><o:p><\/o:p><\/span><\/p>\n<p><span lang=\"FR\">Le Master Combi Pro offre tout ce que les p\u00e9dicures professionel(le)s et les stylistes ongulaires ont besoin.<o:p><\/o:p><\/span><\/p>\n<p><span lang=\"FR\">La conception r\u00e9volutionnaire du Master Combi Pro a permis de lancer une fraiseuse avec technique au spray et \u00e0 sec avec aspiration. Cet appareil poss\u00e8de les deux technologies de pi\u00e8ce \u00e0 main et est tr\u00e8s avanc\u00e9. En m\u00eame temps, le Master Combi Pro reste compact, \u00e9l\u00e9gant, convivial et peu bruyant. Il est \u00e9quip\u00e9 d&rsquo;un \u00e9cran clair et facile \u00e0 manipuler, qui se nettoie facilement \u00e0 l&rsquo;aide d&rsquo;une lingette d\u00e9sinfectante pour un environnement de travail propre et hygi\u00e9nique. Le sac \u00e0 poussi\u00e8re int\u00e9gr\u00e9 est facilement accessible par l&rsquo;avant de l&rsquo;appareil et facile \u00e0 changer.<o:p><\/o:p><\/span><\/p>\n<p><span lang=\"FR\">La pi\u00e8ce \u00e0 main Pododent PLUS, issue de l&rsquo;exp\u00e9rience acquise dans le domaine de la technologie dentaire, est&nbsp;une pi\u00e8ce \u00e0 main de pr\u00e9cision dot\u00e9e&nbsp;d&rsquo;un couple fort et&nbsp;puissant&nbsp;sur toute la plage de vitesse pour la technique au spray. Le PDV 40 PLUS est la pi\u00e8ce \u00e0 main pour la technique \u00e0 sec avec aspiration. Les deux pi\u00e8ces \u00e0 main sont \u00e9quip\u00e9es&nbsp;d&rsquo;un micromoteur puissant, (pratiquement) silencieux et sans brosse.&nbsp;Le syst\u00e8me de serrage durable, avec une force de serrage accrue de 30 %, simplifie le travail quotidien et permet un plus grand choix de fraises. Gr\u00e2ce \u00e0 une technologie avanc\u00e9e, le syst\u00e8me de serrage int\u00e9gr\u00e9 permet des rotations douces et, par cons\u00e9quent, de faibles vibrations. Ces pi\u00e8ces \u00e0 main parfaitement \u00e9quilibr\u00e9es et l\u00e9g\u00e8res r\u00e9duisent \u00e9galement la fatigue des mains et am\u00e9liore l&rsquo;\u00e9quilibre. Apr\u00e8s utilisation, les pi\u00e8ces \u00e0 main peuvent \u00eatre plac\u00e9es dans les supports pratiques.&nbsp;Gr\u00e2ce \u00e0 une technologie avanc\u00e9e et brevet\u00e9e, les pi\u00e8ces \u00e0 main Pododent PLUS et PDV 40 PLUS peuvent \u00eatre compl\u00e8tement d\u00e9tach\u00e9es du moteur d&rsquo;un simple mouvement. Gr\u00e2ce \u00e0 cette nouvelle technologie, les pi\u00e8ces \u00e0 main peuvent enfin \u00eatre nettoy\u00e9es, d\u00e9sinfect\u00e9es et autoclav\u00e9es de mani\u00e8re optimale, tant \u00e0 l&rsquo;int\u00e9rieur qu&rsquo;\u00e0 l&rsquo;ext\u00e9rieur. Vous b\u00e9n\u00e9ficiez ainsi d&rsquo;une meilleure hygi\u00e8ne pour vous et vos clients.<o:p><\/o:p><\/span><\/p>\n<p><span lang=\"FR\"><b>Sp\u00e9cifications :<\/b><o:p><\/o:p><\/span><\/p>\n<ul type=\"disc\">\n<li><span lang=\"FR\">Dimensions :&nbsp;40,1 x 12,4 x 28,2 cm<o:p><\/o:p><\/span><\/li>\n<li><span lang=\"FR\">Poids : 3,7 kg<o:p><\/o:p><\/span><\/li>\n<li><span lang=\"FR\">Niveau sonore bas : max 48 dB<o:p><\/o:p><\/span><\/li>\n<li><span lang=\"FR\">Puissance : 120 W<o:p><\/o:p><\/span><\/li>\n<li><span lang=\"FR\">Pi\u00e8ce \u00e0 main technique au spray : pi\u00e8ce \u00e0 main autoclavable Pododent PLUS sans \u00e9clairage LED<o:p><\/o:p><\/span><\/li>\n<li><span lang=\"FR\">Pi\u00e8ce \u00e0 main technique \u00e0 sec avec aspiration : pi\u00e8ce \u00e0 main autoclavable PDV 40 PLUS<o:p><\/o:p><\/span><\/li>\n<li><span lang=\"FR\">Plage tr\/min&nbsp;: 5 000 &#8211; 40 000 tr\/min<o:p><\/o:p><\/span><\/li>\n<li><span lang=\"FR\">Moteur sans brosses : oui<o:p><\/o:p><\/span><\/li>\n<li><span lang=\"FR\">LED : non<o:p><\/o:p><\/span><\/li>\n<li><span lang=\"FR\">Forte traction de 3,4 Ncm<o:p><\/o:p><\/span><\/li>\n<li><span lang=\"FR\">Fonction m\u00e9moire : oui, 3 modes pr\u00e9f\u00e9rentiels programmables<o:p><\/o:p><\/span><\/li>\n<li><span lang=\"FR\">R\u00e9cipient de pulv\u00e9risation : amovible, capacit\u00e9 : 110 ml<o:p><\/o:p><\/span><\/li>\n<li><span lang=\"FR\">Fonctionnement : quantit\u00e9 de pulv\u00e9risation et vitesse et capacit\u00e9 d&rsquo;aspiration num\u00e9riquement r\u00e9glable&nbsp;\u00e0 l&rsquo;aide de touches&nbsp;d&rsquo;affichage<o:p><\/o:p><\/span><\/li>\n<\/ul>\n<p><span lang=\"FR\"><b>Options :<\/b><o:p><\/o:p><\/span><\/p>\n<ul type=\"disc\">\n<li><span>Commande au pied : choix d&rsquo;une commande au pied marche\/arr\u00eat (<a href=\"https:\/\/districos.com\/ProductDetail\/8444.92\" target=\"_blank\" rel=\"noopener noreferrer nofollow\"><font color=\"#0004ff\">r\u00e9f. 8444.92<\/font><\/a>) ou d&rsquo;une commande au pied progressive permettant de contr\u00f4ler la vitesse (<a href=\"https:\/\/districos.com\/ProductDetail\/8444.91\" target=\"_blank\" rel=\"noopener noreferrer nofollow\"><font color=\"#0004ff\">r\u00e9f. 8444.91<\/font><\/a>)<\/span><\/li>\n<li><span lang=\"FR\">Eclairage LED 32 000 LUX (voir&nbsp;<o:p><\/o:p><\/span><a href=\"https:\/\/webshop.districos.com\/ProductDetail\/8444.18\"style=\"font-family: Verdana, sans-serif; font-size: 13.3333px;\" target=\"_blank\" rel=\"noopener noreferrer nofollow\"><font color=\"#0004ff\">r\u00e9f. 8444.18<\/font><\/a><span>)<\/span><\/li>\n<li><span lang=\"FR\">NWT Sacs \u00e0 Poussi\u00e8re pour PodiaVac\/Master Combi Pro 5pcs (<a href=\"https:\/\/webshop.districos.com\/ProductDetail\/8444.87\" target=\"_blank\" rel=\"noopener noreferrer nofollow\"><font color=\"#0004ff\">r\u00e9f. 8444.87<\/font><\/a>)<o:p><\/o:p><\/span><\/li>\n<li><span>Sac de transport robuste et pratique pour un d\u00e9placement facile (<a href=\"https:\/\/districos.com\/ProductDetail\/8444.84\" target=\"_blank\" rel=\"noopener noreferrer nofollow\"><font color=\"#0004ff\">r\u00e9f. 8444.84<\/font><\/a>)<\/span><\/li>\n<\/ul>\n<p><span lang=\"FR\"><b>\u00c9galement disponible :<\/b><o:p><\/o:p><\/span><\/p>\n<\/p>\n<ul type=\"disc\">\n<li><span lang=\"FR\">NWT Master Combi Pro PLUS avec pi\u00e8ces \u00e0 main autoclavables avec \u00e9clairage LED&nbsp;(<a href=\"https:\/\/webshop.districos.com\/ProductDetail\/8444.18\" target=\"_blank\" rel=\"noopener noreferrer nofollow\"><font color=\"#0004ff\">r\u00e9f. 8444.18<\/font><\/a>)<\/span><\/li>\n<li><span lang=\"FR\">NWT Master Combi Pro EVO sans \u00e9clairage LED&nbsp;(<a href=\"https:\/\/webshop.districos.com\/ProductDetail\/8444.15\" target=\"_blank\" rel=\"noopener noreferrer nofollow\"><font color=\"#0004ff\">r\u00e9f. 8444.15<\/font><\/a>)<\/span><\/li>\n<li><span lang=\"FR\">NWT Master Combi Pro EVO avec \u00e9clairage LED&nbsp;(<a href=\"https:\/\/webshop.districos.com\/ProductDetail\/8444.16\"style=\"font-size: 13.3333px;\" target=\"_blank\" rel=\"noopener noreferrer nofollow\"><font color=\"#0004ff\">r\u00e9f. 8444.16<\/font><\/a>)<\/span><\/li>\n<\/ul>\n","protected":false},"excerpt":{"rendered":"<p>LE MEILLEUR DES DEUX MONDES Combinaison de la technologie au spray et \u00e0 sec avec aspiration Le Master Combi Pro offre tout ce que les p\u00e9dicures professionel(le)s et les stylistes ongulaires ont besoin. La conception r\u00e9volutionnaire du Master Combi Pro a permis de lancer une fraiseuse avec technique au spray et \u00e0 sec avec aspiration. [&hellip;]<\/p>\n","protected":false},"featured_media":81827,"comment_status":"open","ping_status":"closed","template":"","meta":{"_acf_changed":false},"product_brand":[10498],"product_cat":[9940,10096,10036,10038],"product_tag":[],"class_list":{"0":"post-138623","1":"product","2":"type-product","3":"status-publish","4":"has-post-thumbnail","6":"product_brand-nwt-fr","7":"product_cat-beaute-pedicure-fraiseuses","8":"product_cat-amenagement-equipement-pedicure","9":"product_cat-soins-des-pieds-podologie-fraiseuses-technique-a-sec","10":"product_cat-soins-des-pieds-podologie-fraiseuses-technique-a-spray","12":"first","13":"instock","14":"taxable","15":"shipping-taxable","16":"product-type-simple"},"acf":[],"yoast_head":"<!-- This site is optimized with the Yoast SEO plugin v27.3 - https:\/\/yoast.com\/product\/yoast-seo-wordpress\/ -->\n<title>NWT Master Combi Pro PLUS sans LED - Districos Webshop<\/title>\n<meta name=\"robots\" content=\"noindex, follow, max-snippet:-1, max-image-preview:large, max-video-preview:-1\" \/>\n<meta property=\"og:locale\" content=\"fr_FR\" \/>\n<meta property=\"og:type\" content=\"article\" \/>\n<meta property=\"og:title\" content=\"NWT Master Combi Pro PLUS sans LED - Districos Webshop\" \/>\n<meta property=\"og:description\" content=\"LE MEILLEUR DES DEUX MONDES Combinaison de la technologie au spray et \u00e0 sec avec aspiration Le Master Combi Pro offre tout ce que les p\u00e9dicures professionel(le)s et les stylistes ongulaires ont besoin. La conception r\u00e9volutionnaire du Master Combi Pro a permis de lancer une fraiseuse avec technique au spray et \u00e0 sec avec aspiration. [&hellip;]\" \/>\n<meta property=\"og:url\" content=\"https:\/\/districos.standingout.be\/fr\/product\/nwt-master-combi-pro-plus-sans-led-ref-8444-17\/\" \/>\n<meta property=\"og:site_name\" content=\"Districos Webshop\" \/>\n<meta property=\"article:modified_time\" content=\"2026-04-28T09:41:56+00:00\" \/>\n<meta name=\"twitter:card\" content=\"summary_large_image\" \/>\n<meta name=\"twitter:label1\" content=\"Dur\u00e9e de lecture estim\u00e9e\" \/>\n\t<meta name=\"twitter:data1\" content=\"3 minutes\" \/>\n<script type=\"application\/ld+json\" class=\"yoast-schema-graph\">{\"@context\":\"https:\\\/\\\/schema.org\",\"@graph\":[{\"@type\":\"WebPage\",\"@id\":\"https:\\\/\\\/districos.standingout.be\\\/fr\\\/product\\\/nwt-master-combi-pro-plus-sans-led-ref-8444-17\\\/\",\"url\":\"https:\\\/\\\/districos.standingout.be\\\/fr\\\/product\\\/nwt-master-combi-pro-plus-sans-led-ref-8444-17\\\/\",\"name\":\"NWT Master Combi Pro PLUS sans LED - Districos Webshop\",\"isPartOf\":{\"@id\":\"https:\\\/\\\/districos.standingout.be\\\/fr\\\/#website\"},\"primaryImageOfPage\":{\"@id\":\"https:\\\/\\\/districos.standingout.be\\\/fr\\\/product\\\/nwt-master-combi-pro-plus-sans-led-ref-8444-17\\\/#primaryimage\"},\"image\":{\"@id\":\"https:\\\/\\\/districos.standingout.be\\\/fr\\\/product\\\/nwt-master-combi-pro-plus-sans-led-ref-8444-17\\\/#primaryimage\"},\"thumbnailUrl\":\"https:\\\/\\\/districos.standingout.be\\\/wp-content\\\/uploads\\\/2025\\\/07\\\/8444.17@LowRes_1.png\",\"datePublished\":\"2026-04-28T09:41:48+00:00\",\"dateModified\":\"2026-04-28T09:41:56+00:00\",\"breadcrumb\":{\"@id\":\"https:\\\/\\\/districos.standingout.be\\\/fr\\\/product\\\/nwt-master-combi-pro-plus-sans-led-ref-8444-17\\\/#breadcrumb\"},\"inLanguage\":\"fr-FR\",\"potentialAction\":[{\"@type\":\"ReadAction\",\"target\":[\"https:\\\/\\\/districos.standingout.be\\\/fr\\\/product\\\/nwt-master-combi-pro-plus-sans-led-ref-8444-17\\\/\"]}]},{\"@type\":\"ImageObject\",\"inLanguage\":\"fr-FR\",\"@id\":\"https:\\\/\\\/districos.standingout.be\\\/fr\\\/product\\\/nwt-master-combi-pro-plus-sans-led-ref-8444-17\\\/#primaryimage\",\"url\":\"https:\\\/\\\/districos.standingout.be\\\/wp-content\\\/uploads\\\/2025\\\/07\\\/8444.17@LowRes_1.png\",\"contentUrl\":\"https:\\\/\\\/districos.standingout.be\\\/wp-content\\\/uploads\\\/2025\\\/07\\\/8444.17@LowRes_1.png\",\"width\":600,\"height\":329},{\"@type\":\"BreadcrumbList\",\"@id\":\"https:\\\/\\\/districos.standingout.be\\\/fr\\\/product\\\/nwt-master-combi-pro-plus-sans-led-ref-8444-17\\\/#breadcrumb\",\"itemListElement\":[{\"@type\":\"ListItem\",\"position\":1,\"name\":\"Home\",\"item\":\"https:\\\/\\\/districos.standingout.be\\\/fr\\\/bienvenue-chez-districos\\\/\"},{\"@type\":\"ListItem\",\"position\":2,\"name\":\"Boutique\",\"item\":\"https:\\\/\\\/districos.standingout.be\\\/fr\\\/boutique\\\/\"},{\"@type\":\"ListItem\",\"position\":3,\"name\":\"NWT Master Combi Pro PLUS sans LED\"}]},{\"@type\":\"WebSite\",\"@id\":\"https:\\\/\\\/districos.standingout.be\\\/fr\\\/#website\",\"url\":\"https:\\\/\\\/districos.standingout.be\\\/fr\\\/\",\"name\":\"Districos Webshop\",\"description\":\"\",\"publisher\":{\"@id\":\"https:\\\/\\\/districos.standingout.be\\\/fr\\\/#organization\"},\"potentialAction\":[{\"@type\":\"SearchAction\",\"target\":{\"@type\":\"EntryPoint\",\"urlTemplate\":\"https:\\\/\\\/districos.standingout.be\\\/fr\\\/?s={search_term_string}\"},\"query-input\":{\"@type\":\"PropertyValueSpecification\",\"valueRequired\":true,\"valueName\":\"search_term_string\"}}],\"inLanguage\":\"fr-FR\"},{\"@type\":\"Organization\",\"@id\":\"https:\\\/\\\/districos.standingout.be\\\/fr\\\/#organization\",\"name\":\"Districos Webshop\",\"url\":\"https:\\\/\\\/districos.standingout.be\\\/fr\\\/\",\"logo\":{\"@type\":\"ImageObject\",\"inLanguage\":\"fr-FR\",\"@id\":\"https:\\\/\\\/districos.standingout.be\\\/fr\\\/#\\\/schema\\\/logo\\\/image\\\/\",\"url\":\"https:\\\/\\\/districos.standingout.be\\\/wp-content\\\/uploads\\\/2022\\\/09\\\/Districos_Logo_Webshop.svg\",\"contentUrl\":\"https:\\\/\\\/districos.standingout.be\\\/wp-content\\\/uploads\\\/2022\\\/09\\\/Districos_Logo_Webshop.svg\",\"caption\":\"Districos Webshop\"},\"image\":{\"@id\":\"https:\\\/\\\/districos.standingout.be\\\/fr\\\/#\\\/schema\\\/logo\\\/image\\\/\"}}]}<\/script>\n<!-- \/ Yoast SEO plugin. -->","yoast_head_json":{"title":"NWT Master Combi Pro PLUS sans LED - Districos Webshop","robots":{"index":"noindex","follow":"follow","max-snippet":"max-snippet:-1","max-image-preview":"max-image-preview:large","max-video-preview":"max-video-preview:-1"},"og_locale":"fr_FR","og_type":"article","og_title":"NWT Master Combi Pro PLUS sans LED - Districos Webshop","og_description":"LE MEILLEUR DES DEUX MONDES Combinaison de la technologie au spray et \u00e0 sec avec aspiration Le Master Combi Pro offre tout ce que les p\u00e9dicures professionel(le)s et les stylistes ongulaires ont besoin. La conception r\u00e9volutionnaire du Master Combi Pro a permis de lancer une fraiseuse avec technique au spray et \u00e0 sec avec aspiration. [&hellip;]","og_url":"https:\/\/districos.standingout.be\/fr\/product\/nwt-master-combi-pro-plus-sans-led-ref-8444-17\/","og_site_name":"Districos Webshop","article_modified_time":"2026-04-28T09:41:56+00:00","twitter_card":"summary_large_image","twitter_misc":{"Dur\u00e9e de lecture estim\u00e9e":"3 minutes"},"schema":{"@context":"https:\/\/schema.org","@graph":[{"@type":"WebPage","@id":"https:\/\/districos.standingout.be\/fr\/product\/nwt-master-combi-pro-plus-sans-led-ref-8444-17\/","url":"https:\/\/districos.standingout.be\/fr\/product\/nwt-master-combi-pro-plus-sans-led-ref-8444-17\/","name":"NWT Master Combi Pro PLUS sans LED - Districos Webshop","isPartOf":{"@id":"https:\/\/districos.standingout.be\/fr\/#website"},"primaryImageOfPage":{"@id":"https:\/\/districos.standingout.be\/fr\/product\/nwt-master-combi-pro-plus-sans-led-ref-8444-17\/#primaryimage"},"image":{"@id":"https:\/\/districos.standingout.be\/fr\/product\/nwt-master-combi-pro-plus-sans-led-ref-8444-17\/#primaryimage"},"thumbnailUrl":"https:\/\/districos.standingout.be\/wp-content\/uploads\/2025\/07\/8444.17@LowRes_1.png","datePublished":"2026-04-28T09:41:48+00:00","dateModified":"2026-04-28T09:41:56+00:00","breadcrumb":{"@id":"https:\/\/districos.standingout.be\/fr\/product\/nwt-master-combi-pro-plus-sans-led-ref-8444-17\/#breadcrumb"},"inLanguage":"fr-FR","potentialAction":[{"@type":"ReadAction","target":["https:\/\/districos.standingout.be\/fr\/product\/nwt-master-combi-pro-plus-sans-led-ref-8444-17\/"]}]},{"@type":"ImageObject","inLanguage":"fr-FR","@id":"https:\/\/districos.standingout.be\/fr\/product\/nwt-master-combi-pro-plus-sans-led-ref-8444-17\/#primaryimage","url":"https:\/\/districos.standingout.be\/wp-content\/uploads\/2025\/07\/8444.17@LowRes_1.png","contentUrl":"https:\/\/districos.standingout.be\/wp-content\/uploads\/2025\/07\/8444.17@LowRes_1.png","width":600,"height":329},{"@type":"BreadcrumbList","@id":"https:\/\/districos.standingout.be\/fr\/product\/nwt-master-combi-pro-plus-sans-led-ref-8444-17\/#breadcrumb","itemListElement":[{"@type":"ListItem","position":1,"name":"Home","item":"https:\/\/districos.standingout.be\/fr\/bienvenue-chez-districos\/"},{"@type":"ListItem","position":2,"name":"Boutique","item":"https:\/\/districos.standingout.be\/fr\/boutique\/"},{"@type":"ListItem","position":3,"name":"NWT Master Combi Pro PLUS sans LED"}]},{"@type":"WebSite","@id":"https:\/\/districos.standingout.be\/fr\/#website","url":"https:\/\/districos.standingout.be\/fr\/","name":"Districos Webshop","description":"","publisher":{"@id":"https:\/\/districos.standingout.be\/fr\/#organization"},"potentialAction":[{"@type":"SearchAction","target":{"@type":"EntryPoint","urlTemplate":"https:\/\/districos.standingout.be\/fr\/?s={search_term_string}"},"query-input":{"@type":"PropertyValueSpecification","valueRequired":true,"valueName":"search_term_string"}}],"inLanguage":"fr-FR"},{"@type":"Organization","@id":"https:\/\/districos.standingout.be\/fr\/#organization","name":"Districos Webshop","url":"https:\/\/districos.standingout.be\/fr\/","logo":{"@type":"ImageObject","inLanguage":"fr-FR","@id":"https:\/\/districos.standingout.be\/fr\/#\/schema\/logo\/image\/","url":"https:\/\/districos.standingout.be\/wp-content\/uploads\/2022\/09\/Districos_Logo_Webshop.svg","contentUrl":"https:\/\/districos.standingout.be\/wp-content\/uploads\/2022\/09\/Districos_Logo_Webshop.svg","caption":"Districos Webshop"},"image":{"@id":"https:\/\/districos.standingout.be\/fr\/#\/schema\/logo\/image\/"}}]}},"_links":{"self":[{"href":"https:\/\/districos.standingout.be\/fr\/wp-json\/wp\/v2\/product\/138623","targetHints":{"allow":["GET"]}}],"collection":[{"href":"https:\/\/districos.standingout.be\/fr\/wp-json\/wp\/v2\/product"}],"about":[{"href":"https:\/\/districos.standingout.be\/fr\/wp-json\/wp\/v2\/types\/product"}],"replies":[{"embeddable":true,"href":"https:\/\/districos.standingout.be\/fr\/wp-json\/wp\/v2\/comments?post=138623"}],"wp:featuredmedia":[{"embeddable":true,"href":"https:\/\/districos.standingout.be\/fr\/wp-json\/wp\/v2\/media\/81827"}],"wp:attachment":[{"href":"https:\/\/districos.standingout.be\/fr\/wp-json\/wp\/v2\/media?parent=138623"}],"wp:term":[{"taxonomy":"product_brand","embeddable":true,"href":"https:\/\/districos.standingout.be\/fr\/wp-json\/wp\/v2\/product_brand?post=138623"},{"taxonomy":"product_cat","embeddable":true,"href":"https:\/\/districos.standingout.be\/fr\/wp-json\/wp\/v2\/product_cat?post=138623"},{"taxonomy":"product_tag","embeddable":true,"href":"https:\/\/districos.standingout.be\/fr\/wp-json\/wp\/v2\/product_tag?post=138623"}],"curies":[{"name":"wp","href":"https:\/\/api.w.org\/{rel}","templated":true}]}}