{"id":138629,"date":"2026-04-28T11:42:13","date_gmt":"2026-04-28T09:42:13","guid":{"rendered":"https:\/\/webshopdistricoscom.webhosting.be\/product\/nwt-unit-minipod-cab-evo-avec-led-ref-8444-31\/"},"modified":"2026-04-28T11:42:22","modified_gmt":"2026-04-28T09:42:22","slug":"nwt-unit-minipod-cab-evo-avec-led-ref-8444-31","status":"publish","type":"product","link":"https:\/\/districos.standingout.be\/fr\/product\/nwt-unit-minipod-cab-evo-avec-led-ref-8444-31\/","title":{"rendered":"NWT Unit MiniPod Cab EVO avec LED"},"content":{"rendered":"<p >\n<\/p>\n<p><span lang=\"FR\"><b>SIMPLE, EFFICACE ET FONCTIONNELLE&#8230;<o:p><\/o:p><\/b><\/span><\/p>\n<p><span lang=\"FR\"><b>Combinaison de la technologie au spray, \u00e0 sec avec aspiration et une seringue \u00e0 3 fonctions dans un seul meuble.<\/b><o:p><\/o:p><\/span><\/p>\n<p><span lang=\"FR\">La MiniPod Cab de NWT est \u00e9quip\u00e9e d&rsquo;une pi\u00e8ce \u00e0 main pour la technique au spray (Pododent EVO), d&rsquo;une pi\u00e8ce \u00e0 main pour la technique \u00e0 sec avec aspiration (PDV 40 EVO) et d&rsquo;une seringue \u00e0 3 fonctions. Elle permet aux utilisateurs de choisir la technique de travail en fonction de leurs besoins. L&rsquo;appareil a un compresseur silencieux mais puissant. Le sac \u00e0 poussi\u00e8re et le r\u00e9servoir sont facilement accessibles et faciles \u00e0 changer. Gr\u00e2ce \u00e0 son grand \u00e9cran tactile, la MiniPod Cab est claire et facile \u00e0 utiliser. De plus, l&rsquo;appareil est facile \u00e0 nettoyer \u00e0 l&rsquo;aide d&rsquo;une lingette d\u00e9sinfectante pour un environnement de travail propre et hygi\u00e9nique.<o:p><\/o:p><\/span><\/p>\n<p><span lang=\"FR\">La pi\u00e8ce \u00e0 main Pododent EVO, issue de l&rsquo;exp\u00e9rience acquise dans le domaine de la technologie dentaire, est une pi\u00e8ce \u00e0 main de pr\u00e9cision dot\u00e9e d&rsquo;un couple fort et&nbsp;puissant&nbsp;sur toute la plage de vitesse, pour la technique au spray. La PDV 40 EVO est la pi\u00e8ce \u00e0 main pour la technique \u00e0 sec avec aspiration. Les deux pi\u00e8ces \u00e0 main sont \u00e9quip\u00e9es&nbsp;d&rsquo;un micromoteur puissant, (pratiquement) silencieux et sans brosse.&nbsp;Le syst\u00e8me de serrage durable, avec une force de serrage accrue de +\/- 30 %, simplifie le travail quotidien et permet un plus grand choix de fraises. Gr\u00e2ce \u00e0 une technologie avanc\u00e9e, le syst\u00e8me de serrage int\u00e9gr\u00e9 permet des rotations douces et, par cons\u00e9quent, de faibles vibrations. Ces pi\u00e8ces \u00e0 main parfaitement \u00e9quilibr\u00e9es et l\u00e9g\u00e8res r\u00e9duisent \u00e9galement la fatigue des mains et am\u00e9liore l&rsquo;\u00e9quilibre. Apr\u00e8s utilisation, les pi\u00e8ces \u00e0 main peuvent \u00eatre plac\u00e9es dans les supports pratiques.<o:p><\/o:p><\/span><\/p>\n<p><span lang=\"FR\">En outre, ce meuble tr\u00e8s robuste, fabriqu\u00e9 en m\u00e9tal, dispose d&rsquo;un plan de travail spacieux et de 5 tiroirs pratiques dot\u00e9s d&rsquo;un m\u00e9canisme d&rsquo;ouverture push\/pull. Une niche et une prise int\u00e9gr\u00e9e sont pr\u00e9vues pour la fixation de la lampe loupe. Remarque : la lampe loupe n&rsquo;est pas incluse dans le meuble.<o:p><\/o:p><\/span><\/p>\n<p><span lang=\"FR\"><b>Sp\u00e9cifications :<\/b><o:p><\/o:p><\/span><\/p>\n<ul type=\"disc\">\n<li><span lang=\"FR\">Dimensions :&nbsp;88,5 x 81,5 x 45,5 cm<o:p><\/o:p><\/span><\/li>\n<li><span lang=\"FR\">Mat\u00e9riau :&nbsp;m\u00e9tal<o:p><\/o:p><\/span><\/li>\n<li><span lang=\"FR\">Poids : 85 kg<o:p><\/o:p><\/span><\/li>\n<li><span lang=\"FR\">Niveau sonore bas&nbsp;<o:p><\/o:p><\/span><\/li>\n<li><span lang=\"FR\">Pi\u00e8ce \u00e0 main technique au spray : pi\u00e8ce \u00e0 main non autoclavable Pododent EVO avec \u00e9clairage LED<o:p><\/o:p><\/span><\/li>\n<li><span lang=\"FR\">Pi\u00e8ce \u00e0 main technique \u00e0 sec avec aspiration : pi\u00e8ce \u00e0 main non autoclavable PDV 40 EVO<o:p><\/o:p><\/span><\/li>\n<li><span lang=\"FR\">Plage tr\/min&nbsp;: 5 000 &#8211; 40 000 tr\/min<o:p><\/o:p><\/span><\/li>\n<li><span lang=\"FR\">Moteur sans brosses : oui<o:p><\/o:p><\/span><\/li>\n<li><span lang=\"FR\">LED : oui<o:p><\/o:p><\/span><\/li>\n<li><span lang=\"FR\">Forte traction de 3,4 Ncm<o:p><\/o:p><\/span><\/li>\n<li><span lang=\"FR\">Fonction m\u00e9moire : oui, 3 modes pr\u00e9f\u00e9rentiels programmables<o:p><\/o:p><\/span><\/li>\n<li><span lang=\"FR\">R\u00e9cipient de pulv\u00e9risation : amovible, capacit\u00e9 : 1 l<o:p><\/o:p><\/span><\/li>\n<li><span lang=\"FR\">Fonctionnement : quantit\u00e9 de pulv\u00e9risation et vitesse et capacit\u00e9 d&rsquo;aspiration num\u00e9riquement r\u00e9glable&nbsp;\u00e0 l&rsquo;aide de touches&nbsp;d&rsquo;affichage<o:p><\/o:p><\/span><\/li>\n<li><span lang=\"FR\">Prise encastr\u00e9e (230 V) : oui<o:p><\/o:p><\/span><\/li>\n<li><span lang=\"FR\">Nombre de tiroirs : 5<o:p><\/o:p><\/span><\/li>\n<li><span lang=\"FR\">Roulettes verrouillables : 4 pcs.<o:p><\/o:p><\/span><\/li>\n<\/ul>\n<p><span lang=\"FR\"><b>Options :<\/b><o:p><\/o:p><\/span><\/p>\n<ul type=\"disc\">\n<li><span lang=\"FR\">Commande au pied progressive permettant de contr\u00f4ler la vitesse&nbsp;<o:p><\/o:p><\/span>(<a href=\"https:\/\/districos.com\/ProductDetail\/8444.91\"style=\"font-family: Verdana, sans-serif; font-size: 13.3333px; text-indent: -24px;\" target=\"_blank\" rel=\"noopener noreferrer nofollow\"><font color=\"#0004ff\">r\u00e9f. 8444.91<\/font><\/a><span>)<\/span><\/li>\n<li><span>Lampe Dentaire (ref. 8444.81)<\/span><\/li>\n<\/ul>\n<p><span lang=\"FR\"><b>\u00c9galement disponible :<\/b><o:p><\/o:p><\/span><\/p>\n<ul type=\"disc\">\n<li><span lang=\"FR\">NWT Unit MiniPod Cab EVO sans \u00e9clairage LED&nbsp;(<a href=\"https:\/\/webshop.districos.com\/search?SearchText=8444.30\"style=\"\" target=\"_blank\" rel=\"noopener noreferrer nofollow\"><font color=\"#0004ff\">r\u00e9f. 8444.30<\/font><\/a>)<o:p><\/o:p><\/span><\/li>\n<li><span lang=\"FR\">NWT Unit MiniPod Cab PLUS avec pi\u00e8ces \u00e0 main autoclavables sans \u00e9clairage LED (<a href=\"https:\/\/webshop.districos.com\/ProductDetail\/8444.32\" target=\"_blank\" rel=\"noopener noreferrer nofollow\"><font color=\"#0004ff\">r\u00e9f. 8444.32<\/font><\/a>)<o:p><\/o:p><\/span><\/li>\n<li><span lang=\"FR\">NWT Unit MiniPod Cab PLUS avec pi\u00e8ces \u00e0 main autoclavables avec \u00e9clairage LED&nbsp;(<a href=\"https:\/\/webshop.districos.com\/ProductDetail\/8444.33\" target=\"_blank\" rel=\"noopener noreferrer nofollow\"><font color=\"#0004ff\">r\u00e9f. 8444.33<\/font><\/a>)<\/span><\/li>\n<\/ul>\n","protected":false},"excerpt":{"rendered":"<p>SIMPLE, EFFICACE ET FONCTIONNELLE&#8230; Combinaison de la technologie au spray, \u00e0 sec avec aspiration et une seringue \u00e0 3 fonctions dans un seul meuble. La MiniPod Cab de NWT est \u00e9quip\u00e9e d&rsquo;une pi\u00e8ce \u00e0 main pour la technique au spray (Pododent EVO), d&rsquo;une pi\u00e8ce \u00e0 main pour la technique \u00e0 sec avec aspiration (PDV 40 [&hellip;]<\/p>\n","protected":false},"featured_media":81860,"comment_status":"open","ping_status":"closed","template":"","meta":{"_acf_changed":false},"product_brand":[10498],"product_cat":[9940,10096,10036,10038,10112,10040,10074],"product_tag":[],"class_list":{"0":"post-138629","1":"product","2":"type-product","3":"status-publish","4":"has-post-thumbnail","6":"product_brand-nwt-fr","7":"product_cat-beaute-pedicure-fraiseuses","8":"product_cat-amenagement-equipement-pedicure","9":"product_cat-soins-des-pieds-podologie-fraiseuses-technique-a-sec","10":"product_cat-soins-des-pieds-podologie-fraiseuses-technique-a-spray","11":"product_cat-amenagement-amenagement-unites","12":"product_cat-soins-des-pieds-podologie-fraiseuses-unites","13":"product_cat-soins-des-pieds-podologie-amenagement-du-cabinet-unites","15":"first","16":"outofstock","17":"taxable","18":"shipping-taxable","19":"product-type-simple"},"acf":[],"yoast_head":"<!-- This site is optimized with the Yoast SEO plugin v27.3 - https:\/\/yoast.com\/product\/yoast-seo-wordpress\/ -->\n<title>NWT Unit MiniPod Cab EVO avec LED - Districos Webshop<\/title>\n<meta name=\"robots\" content=\"noindex, follow, max-snippet:-1, max-image-preview:large, max-video-preview:-1\" \/>\n<meta property=\"og:locale\" content=\"fr_FR\" \/>\n<meta property=\"og:type\" content=\"article\" \/>\n<meta property=\"og:title\" content=\"NWT Unit MiniPod Cab EVO avec LED - Districos Webshop\" \/>\n<meta property=\"og:description\" content=\"SIMPLE, EFFICACE ET FONCTIONNELLE&#8230; Combinaison de la technologie au spray, \u00e0 sec avec aspiration et une seringue \u00e0 3 fonctions dans un seul meuble. La MiniPod Cab de NWT est \u00e9quip\u00e9e d&rsquo;une pi\u00e8ce \u00e0 main pour la technique au spray (Pododent EVO), d&rsquo;une pi\u00e8ce \u00e0 main pour la technique \u00e0 sec avec aspiration (PDV 40 [&hellip;]\" \/>\n<meta property=\"og:url\" content=\"https:\/\/districos.standingout.be\/fr\/product\/nwt-unit-minipod-cab-evo-avec-led-ref-8444-31\/\" \/>\n<meta property=\"og:site_name\" content=\"Districos Webshop\" \/>\n<meta property=\"article:modified_time\" content=\"2026-04-28T09:42:22+00:00\" \/>\n<meta name=\"twitter:card\" content=\"summary_large_image\" \/>\n<meta name=\"twitter:label1\" content=\"Dur\u00e9e de lecture estim\u00e9e\" \/>\n\t<meta name=\"twitter:data1\" content=\"3 minutes\" \/>\n<script type=\"application\/ld+json\" class=\"yoast-schema-graph\">{\"@context\":\"https:\\\/\\\/schema.org\",\"@graph\":[{\"@type\":\"WebPage\",\"@id\":\"https:\\\/\\\/districos.standingout.be\\\/fr\\\/product\\\/nwt-unit-minipod-cab-evo-avec-led-ref-8444-31\\\/\",\"url\":\"https:\\\/\\\/districos.standingout.be\\\/fr\\\/product\\\/nwt-unit-minipod-cab-evo-avec-led-ref-8444-31\\\/\",\"name\":\"NWT Unit MiniPod Cab EVO avec LED - Districos Webshop\",\"isPartOf\":{\"@id\":\"https:\\\/\\\/districos.standingout.be\\\/fr\\\/#website\"},\"primaryImageOfPage\":{\"@id\":\"https:\\\/\\\/districos.standingout.be\\\/fr\\\/product\\\/nwt-unit-minipod-cab-evo-avec-led-ref-8444-31\\\/#primaryimage\"},\"image\":{\"@id\":\"https:\\\/\\\/districos.standingout.be\\\/fr\\\/product\\\/nwt-unit-minipod-cab-evo-avec-led-ref-8444-31\\\/#primaryimage\"},\"thumbnailUrl\":\"https:\\\/\\\/districos.standingout.be\\\/wp-content\\\/uploads\\\/2025\\\/07\\\/8444.31@LowRes_3.png\",\"datePublished\":\"2026-04-28T09:42:13+00:00\",\"dateModified\":\"2026-04-28T09:42:22+00:00\",\"breadcrumb\":{\"@id\":\"https:\\\/\\\/districos.standingout.be\\\/fr\\\/product\\\/nwt-unit-minipod-cab-evo-avec-led-ref-8444-31\\\/#breadcrumb\"},\"inLanguage\":\"fr-FR\",\"potentialAction\":[{\"@type\":\"ReadAction\",\"target\":[\"https:\\\/\\\/districos.standingout.be\\\/fr\\\/product\\\/nwt-unit-minipod-cab-evo-avec-led-ref-8444-31\\\/\"]}]},{\"@type\":\"ImageObject\",\"inLanguage\":\"fr-FR\",\"@id\":\"https:\\\/\\\/districos.standingout.be\\\/fr\\\/product\\\/nwt-unit-minipod-cab-evo-avec-led-ref-8444-31\\\/#primaryimage\",\"url\":\"https:\\\/\\\/districos.standingout.be\\\/wp-content\\\/uploads\\\/2025\\\/07\\\/8444.31@LowRes_3.png\",\"contentUrl\":\"https:\\\/\\\/districos.standingout.be\\\/wp-content\\\/uploads\\\/2025\\\/07\\\/8444.31@LowRes_3.png\",\"width\":428,\"height\":600},{\"@type\":\"BreadcrumbList\",\"@id\":\"https:\\\/\\\/districos.standingout.be\\\/fr\\\/product\\\/nwt-unit-minipod-cab-evo-avec-led-ref-8444-31\\\/#breadcrumb\",\"itemListElement\":[{\"@type\":\"ListItem\",\"position\":1,\"name\":\"Home\",\"item\":\"https:\\\/\\\/districos.standingout.be\\\/fr\\\/bienvenue-chez-districos\\\/\"},{\"@type\":\"ListItem\",\"position\":2,\"name\":\"Boutique\",\"item\":\"https:\\\/\\\/districos.standingout.be\\\/fr\\\/boutique\\\/\"},{\"@type\":\"ListItem\",\"position\":3,\"name\":\"NWT Unit MiniPod Cab EVO avec LED\"}]},{\"@type\":\"WebSite\",\"@id\":\"https:\\\/\\\/districos.standingout.be\\\/fr\\\/#website\",\"url\":\"https:\\\/\\\/districos.standingout.be\\\/fr\\\/\",\"name\":\"Districos Webshop\",\"description\":\"\",\"publisher\":{\"@id\":\"https:\\\/\\\/districos.standingout.be\\\/fr\\\/#organization\"},\"potentialAction\":[{\"@type\":\"SearchAction\",\"target\":{\"@type\":\"EntryPoint\",\"urlTemplate\":\"https:\\\/\\\/districos.standingout.be\\\/fr\\\/?s={search_term_string}\"},\"query-input\":{\"@type\":\"PropertyValueSpecification\",\"valueRequired\":true,\"valueName\":\"search_term_string\"}}],\"inLanguage\":\"fr-FR\"},{\"@type\":\"Organization\",\"@id\":\"https:\\\/\\\/districos.standingout.be\\\/fr\\\/#organization\",\"name\":\"Districos Webshop\",\"url\":\"https:\\\/\\\/districos.standingout.be\\\/fr\\\/\",\"logo\":{\"@type\":\"ImageObject\",\"inLanguage\":\"fr-FR\",\"@id\":\"https:\\\/\\\/districos.standingout.be\\\/fr\\\/#\\\/schema\\\/logo\\\/image\\\/\",\"url\":\"https:\\\/\\\/districos.standingout.be\\\/wp-content\\\/uploads\\\/2022\\\/09\\\/Districos_Logo_Webshop.svg\",\"contentUrl\":\"https:\\\/\\\/districos.standingout.be\\\/wp-content\\\/uploads\\\/2022\\\/09\\\/Districos_Logo_Webshop.svg\",\"caption\":\"Districos Webshop\"},\"image\":{\"@id\":\"https:\\\/\\\/districos.standingout.be\\\/fr\\\/#\\\/schema\\\/logo\\\/image\\\/\"}}]}<\/script>\n<!-- \/ Yoast SEO plugin. -->","yoast_head_json":{"title":"NWT Unit MiniPod Cab EVO avec LED - Districos Webshop","robots":{"index":"noindex","follow":"follow","max-snippet":"max-snippet:-1","max-image-preview":"max-image-preview:large","max-video-preview":"max-video-preview:-1"},"og_locale":"fr_FR","og_type":"article","og_title":"NWT Unit MiniPod Cab EVO avec LED - Districos Webshop","og_description":"SIMPLE, EFFICACE ET FONCTIONNELLE&#8230; Combinaison de la technologie au spray, \u00e0 sec avec aspiration et une seringue \u00e0 3 fonctions dans un seul meuble. La MiniPod Cab de NWT est \u00e9quip\u00e9e d&rsquo;une pi\u00e8ce \u00e0 main pour la technique au spray (Pododent EVO), d&rsquo;une pi\u00e8ce \u00e0 main pour la technique \u00e0 sec avec aspiration (PDV 40 [&hellip;]","og_url":"https:\/\/districos.standingout.be\/fr\/product\/nwt-unit-minipod-cab-evo-avec-led-ref-8444-31\/","og_site_name":"Districos Webshop","article_modified_time":"2026-04-28T09:42:22+00:00","twitter_card":"summary_large_image","twitter_misc":{"Dur\u00e9e de lecture estim\u00e9e":"3 minutes"},"schema":{"@context":"https:\/\/schema.org","@graph":[{"@type":"WebPage","@id":"https:\/\/districos.standingout.be\/fr\/product\/nwt-unit-minipod-cab-evo-avec-led-ref-8444-31\/","url":"https:\/\/districos.standingout.be\/fr\/product\/nwt-unit-minipod-cab-evo-avec-led-ref-8444-31\/","name":"NWT Unit MiniPod Cab EVO avec LED - Districos Webshop","isPartOf":{"@id":"https:\/\/districos.standingout.be\/fr\/#website"},"primaryImageOfPage":{"@id":"https:\/\/districos.standingout.be\/fr\/product\/nwt-unit-minipod-cab-evo-avec-led-ref-8444-31\/#primaryimage"},"image":{"@id":"https:\/\/districos.standingout.be\/fr\/product\/nwt-unit-minipod-cab-evo-avec-led-ref-8444-31\/#primaryimage"},"thumbnailUrl":"https:\/\/districos.standingout.be\/wp-content\/uploads\/2025\/07\/8444.31@LowRes_3.png","datePublished":"2026-04-28T09:42:13+00:00","dateModified":"2026-04-28T09:42:22+00:00","breadcrumb":{"@id":"https:\/\/districos.standingout.be\/fr\/product\/nwt-unit-minipod-cab-evo-avec-led-ref-8444-31\/#breadcrumb"},"inLanguage":"fr-FR","potentialAction":[{"@type":"ReadAction","target":["https:\/\/districos.standingout.be\/fr\/product\/nwt-unit-minipod-cab-evo-avec-led-ref-8444-31\/"]}]},{"@type":"ImageObject","inLanguage":"fr-FR","@id":"https:\/\/districos.standingout.be\/fr\/product\/nwt-unit-minipod-cab-evo-avec-led-ref-8444-31\/#primaryimage","url":"https:\/\/districos.standingout.be\/wp-content\/uploads\/2025\/07\/8444.31@LowRes_3.png","contentUrl":"https:\/\/districos.standingout.be\/wp-content\/uploads\/2025\/07\/8444.31@LowRes_3.png","width":428,"height":600},{"@type":"BreadcrumbList","@id":"https:\/\/districos.standingout.be\/fr\/product\/nwt-unit-minipod-cab-evo-avec-led-ref-8444-31\/#breadcrumb","itemListElement":[{"@type":"ListItem","position":1,"name":"Home","item":"https:\/\/districos.standingout.be\/fr\/bienvenue-chez-districos\/"},{"@type":"ListItem","position":2,"name":"Boutique","item":"https:\/\/districos.standingout.be\/fr\/boutique\/"},{"@type":"ListItem","position":3,"name":"NWT Unit MiniPod Cab EVO avec LED"}]},{"@type":"WebSite","@id":"https:\/\/districos.standingout.be\/fr\/#website","url":"https:\/\/districos.standingout.be\/fr\/","name":"Districos Webshop","description":"","publisher":{"@id":"https:\/\/districos.standingout.be\/fr\/#organization"},"potentialAction":[{"@type":"SearchAction","target":{"@type":"EntryPoint","urlTemplate":"https:\/\/districos.standingout.be\/fr\/?s={search_term_string}"},"query-input":{"@type":"PropertyValueSpecification","valueRequired":true,"valueName":"search_term_string"}}],"inLanguage":"fr-FR"},{"@type":"Organization","@id":"https:\/\/districos.standingout.be\/fr\/#organization","name":"Districos Webshop","url":"https:\/\/districos.standingout.be\/fr\/","logo":{"@type":"ImageObject","inLanguage":"fr-FR","@id":"https:\/\/districos.standingout.be\/fr\/#\/schema\/logo\/image\/","url":"https:\/\/districos.standingout.be\/wp-content\/uploads\/2022\/09\/Districos_Logo_Webshop.svg","contentUrl":"https:\/\/districos.standingout.be\/wp-content\/uploads\/2022\/09\/Districos_Logo_Webshop.svg","caption":"Districos Webshop"},"image":{"@id":"https:\/\/districos.standingout.be\/fr\/#\/schema\/logo\/image\/"}}]}},"_links":{"self":[{"href":"https:\/\/districos.standingout.be\/fr\/wp-json\/wp\/v2\/product\/138629","targetHints":{"allow":["GET"]}}],"collection":[{"href":"https:\/\/districos.standingout.be\/fr\/wp-json\/wp\/v2\/product"}],"about":[{"href":"https:\/\/districos.standingout.be\/fr\/wp-json\/wp\/v2\/types\/product"}],"replies":[{"embeddable":true,"href":"https:\/\/districos.standingout.be\/fr\/wp-json\/wp\/v2\/comments?post=138629"}],"wp:featuredmedia":[{"embeddable":true,"href":"https:\/\/districos.standingout.be\/fr\/wp-json\/wp\/v2\/media\/81860"}],"wp:attachment":[{"href":"https:\/\/districos.standingout.be\/fr\/wp-json\/wp\/v2\/media?parent=138629"}],"wp:term":[{"taxonomy":"product_brand","embeddable":true,"href":"https:\/\/districos.standingout.be\/fr\/wp-json\/wp\/v2\/product_brand?post=138629"},{"taxonomy":"product_cat","embeddable":true,"href":"https:\/\/districos.standingout.be\/fr\/wp-json\/wp\/v2\/product_cat?post=138629"},{"taxonomy":"product_tag","embeddable":true,"href":"https:\/\/districos.standingout.be\/fr\/wp-json\/wp\/v2\/product_tag?post=138629"}],"curies":[{"name":"wp","href":"https:\/\/api.w.org\/{rel}","templated":true}]}}