{"id":138653,"date":"2026-04-28T11:44:29","date_gmt":"2026-04-28T09:44:29","guid":{"rendered":"https:\/\/webshopdistricoscom.webhosting.be\/product\/nwt-chariot-de-pedicure-modulaire-sans-tiroir-ref-8444-61\/"},"modified":"2026-04-28T11:44:39","modified_gmt":"2026-04-28T09:44:39","slug":"nwt-chariot-de-pedicure-modulaire-sans-tiroir-ref-8444-61","status":"publish","type":"product","link":"https:\/\/districos.standingout.be\/fr\/product\/nwt-chariot-de-pedicure-modulaire-sans-tiroir-ref-8444-61\/","title":{"rendered":"NWT Chariot de P\u00e9dicure Modulaire sans Tiroir"},"content":{"rendered":"<p >\n<p><span lang=\"FR\">Ce chariot de p\u00e9dicure de la gamme NWT peut \u00eatre adapt\u00e9 de mani\u00e8re modulaire \u00e0 vos besoins.<o:p><\/o:p><\/span><\/p>\n<ul type=\"disc\">\n<li><span lang=\"FR\">Robuste, facile \u00e0 manipuler et enti\u00e8rement adaptable \u00e0 vos besoins<o:p><\/o:p><\/span><\/li>\n<li><span lang=\"FR\">Equip\u00e9 sans tiroir central<o:p><\/o:p><\/span><\/li>\n<li><span lang=\"FR\">Dimensions : 60 x 45,5 x 82 cm (L x l x h)<o:p><\/o:p><\/span><\/li>\n<\/ul>\n<p><span lang=\"FR\"><b>\u00c9galement disponible :<\/b><o:p><\/o:p><\/span><\/p>\n<ul type=\"disc\">\n<li><span lang=\"FR\">NWT Chariot de P\u00e9dicure Modulaire avec Tiroir (<a href=\"https:\/\/webshop.districos.com\/ProductDetail\/8444.60\"style=\"\" target=\"_blank\" rel=\"noopener noreferrer nofollow\"><font color=\"#0004ff\">r\u00e9f. 8444.60<\/font><\/a>)<o:p><\/o:p><\/span><\/li>\n<\/ul>\n<p><span lang=\"FR\"><b>Options modulaires :<\/b><o:p><\/o:p><\/span><\/p>\n<ul type=\"disc\">\n<li><span lang=\"FR\">Tablette centrale suppl\u00e9mentaire 42 x 47,7 cm (<a href=\"https:\/\/webshop.districos.com\/ProductDetail\/8444.63\"style=\"\" target=\"_blank\" rel=\"noopener noreferrer nofollow\"><font color=\"#0004ff\">r\u00e9f. 8444.63<\/font><\/a>)<o:p><\/o:p><\/span><\/li>\n<li><span lang=\"FR\">Petit plateau lat\u00e9ral 30 x 30 cm (<a href=\"https:\/\/webshop.districos.com\/ProductDetail\/8444.64\"style=\"\" target=\"_blank\" rel=\"noopener noreferrer nofollow\"><font color=\"#0004ff\">r\u00e9f. 8444.64<\/font><\/a>)<o:p><\/o:p><\/span><\/li>\n<li><span lang=\"FR\">Grand plateau lat\u00e9ral 40 x 30 cm (<a href=\"https:\/\/webshop.districos.com\/ProductDetail\/8444.65\"style=\"\" target=\"_blank\" rel=\"noopener noreferrer nofollow\"><font color=\"#0004ff\">r\u00e9f. 8444.65<\/font><\/a>)<o:p><\/o:p><\/span><\/li>\n<li><span lang=\"FR\">Support lampe loupe (<a href=\"https:\/\/webshop.districos.com\/ProductDetail\/8444.66\"style=\"\" target=\"_blank\" rel=\"noopener noreferrer nofollow\"><font color=\"#0004ff\">r\u00e9f. 8444.66<\/font><\/a>)<o:p><\/o:p><\/span><\/li>\n<li><span lang=\"FR\">Tiroir suppl\u00e9mentaire 42 x 34,7 x 14,5 cm (<a href=\"https:\/\/webshop.districos.com\/ProductDetail\/8444.62\"style=\"\" target=\"_blank\" rel=\"noopener noreferrer nofollow\"><font color=\"#0004ff\">r\u00e9f. 8444.62<\/font><\/a>)<o:p><\/o:p><\/span><\/li>\n<\/ul>\n","protected":false},"excerpt":{"rendered":"<p>Ce chariot de p\u00e9dicure de la gamme NWT peut \u00eatre adapt\u00e9 de mani\u00e8re modulaire \u00e0 vos besoins. Robuste, facile \u00e0 manipuler et enti\u00e8rement adaptable \u00e0 vos besoins Equip\u00e9 sans tiroir central Dimensions : 60 x 45,5 x 82 cm (L x l x h) \u00c9galement disponible : NWT Chariot de P\u00e9dicure Modulaire avec Tiroir (r\u00e9f. [&hellip;]<\/p>\n","protected":false},"featured_media":82085,"comment_status":"open","ping_status":"closed","template":"","meta":{"_acf_changed":false},"product_brand":[10498],"product_cat":[9960,10110,10233,10072],"product_tag":[],"class_list":{"0":"post-138653","1":"product","2":"type-product","3":"status-publish","4":"has-post-thumbnail","6":"product_brand-nwt-fr","7":"product_cat-beaute-pedicure-amenagement-du-cabinet","8":"product_cat-amenagement-amenagement-gueridons","9":"product_cat-amenagement-fauteuils-de-traitement-pedicure","10":"product_cat-soins-des-pieds-podologie-amenagement-du-cabinet-tables-de-travail","12":"first","13":"outofstock","14":"taxable","15":"shipping-taxable","16":"product-type-simple"},"acf":[],"yoast_head":"<!-- This site is optimized with the Yoast SEO plugin v27.3 - https:\/\/yoast.com\/product\/yoast-seo-wordpress\/ -->\n<title>NWT Chariot de P\u00e9dicure Modulaire sans Tiroir - Districos Webshop<\/title>\n<meta name=\"robots\" content=\"noindex, follow, max-snippet:-1, max-image-preview:large, max-video-preview:-1\" \/>\n<meta property=\"og:locale\" content=\"fr_FR\" \/>\n<meta property=\"og:type\" content=\"article\" \/>\n<meta property=\"og:title\" content=\"NWT Chariot de P\u00e9dicure Modulaire sans Tiroir - Districos Webshop\" \/>\n<meta property=\"og:description\" content=\"Ce chariot de p\u00e9dicure de la gamme NWT peut \u00eatre adapt\u00e9 de mani\u00e8re modulaire \u00e0 vos besoins. Robuste, facile \u00e0 manipuler et enti\u00e8rement adaptable \u00e0 vos besoins Equip\u00e9 sans tiroir central Dimensions : 60 x 45,5 x 82 cm (L x l x h) \u00c9galement disponible : NWT Chariot de P\u00e9dicure Modulaire avec Tiroir (r\u00e9f. [&hellip;]\" \/>\n<meta property=\"og:url\" content=\"https:\/\/districos.standingout.be\/fr\/product\/nwt-chariot-de-pedicure-modulaire-sans-tiroir-ref-8444-61\/\" \/>\n<meta property=\"og:site_name\" content=\"Districos Webshop\" \/>\n<meta property=\"article:modified_time\" content=\"2026-04-28T09:44:39+00:00\" \/>\n<meta name=\"twitter:card\" content=\"summary_large_image\" \/>\n<script type=\"application\/ld+json\" class=\"yoast-schema-graph\">{\"@context\":\"https:\\\/\\\/schema.org\",\"@graph\":[{\"@type\":\"WebPage\",\"@id\":\"https:\\\/\\\/districos.standingout.be\\\/fr\\\/product\\\/nwt-chariot-de-pedicure-modulaire-sans-tiroir-ref-8444-61\\\/\",\"url\":\"https:\\\/\\\/districos.standingout.be\\\/fr\\\/product\\\/nwt-chariot-de-pedicure-modulaire-sans-tiroir-ref-8444-61\\\/\",\"name\":\"NWT Chariot de P\u00e9dicure Modulaire sans Tiroir - Districos Webshop\",\"isPartOf\":{\"@id\":\"https:\\\/\\\/districos.standingout.be\\\/fr\\\/#website\"},\"primaryImageOfPage\":{\"@id\":\"https:\\\/\\\/districos.standingout.be\\\/fr\\\/product\\\/nwt-chariot-de-pedicure-modulaire-sans-tiroir-ref-8444-61\\\/#primaryimage\"},\"image\":{\"@id\":\"https:\\\/\\\/districos.standingout.be\\\/fr\\\/product\\\/nwt-chariot-de-pedicure-modulaire-sans-tiroir-ref-8444-61\\\/#primaryimage\"},\"thumbnailUrl\":\"https:\\\/\\\/districos.standingout.be\\\/wp-content\\\/uploads\\\/2025\\\/07\\\/8444.61@LowRes_1.png\",\"datePublished\":\"2026-04-28T09:44:29+00:00\",\"dateModified\":\"2026-04-28T09:44:39+00:00\",\"breadcrumb\":{\"@id\":\"https:\\\/\\\/districos.standingout.be\\\/fr\\\/product\\\/nwt-chariot-de-pedicure-modulaire-sans-tiroir-ref-8444-61\\\/#breadcrumb\"},\"inLanguage\":\"fr-FR\",\"potentialAction\":[{\"@type\":\"ReadAction\",\"target\":[\"https:\\\/\\\/districos.standingout.be\\\/fr\\\/product\\\/nwt-chariot-de-pedicure-modulaire-sans-tiroir-ref-8444-61\\\/\"]}]},{\"@type\":\"ImageObject\",\"inLanguage\":\"fr-FR\",\"@id\":\"https:\\\/\\\/districos.standingout.be\\\/fr\\\/product\\\/nwt-chariot-de-pedicure-modulaire-sans-tiroir-ref-8444-61\\\/#primaryimage\",\"url\":\"https:\\\/\\\/districos.standingout.be\\\/wp-content\\\/uploads\\\/2025\\\/07\\\/8444.61@LowRes_1.png\",\"contentUrl\":\"https:\\\/\\\/districos.standingout.be\\\/wp-content\\\/uploads\\\/2025\\\/07\\\/8444.61@LowRes_1.png\",\"width\":600,\"height\":581},{\"@type\":\"BreadcrumbList\",\"@id\":\"https:\\\/\\\/districos.standingout.be\\\/fr\\\/product\\\/nwt-chariot-de-pedicure-modulaire-sans-tiroir-ref-8444-61\\\/#breadcrumb\",\"itemListElement\":[{\"@type\":\"ListItem\",\"position\":1,\"name\":\"Home\",\"item\":\"https:\\\/\\\/districos.standingout.be\\\/fr\\\/bienvenue-chez-districos\\\/\"},{\"@type\":\"ListItem\",\"position\":2,\"name\":\"Boutique\",\"item\":\"https:\\\/\\\/districos.standingout.be\\\/fr\\\/boutique\\\/\"},{\"@type\":\"ListItem\",\"position\":3,\"name\":\"NWT Chariot de P\u00e9dicure Modulaire sans Tiroir\"}]},{\"@type\":\"WebSite\",\"@id\":\"https:\\\/\\\/districos.standingout.be\\\/fr\\\/#website\",\"url\":\"https:\\\/\\\/districos.standingout.be\\\/fr\\\/\",\"name\":\"Districos Webshop\",\"description\":\"\",\"publisher\":{\"@id\":\"https:\\\/\\\/districos.standingout.be\\\/fr\\\/#organization\"},\"potentialAction\":[{\"@type\":\"SearchAction\",\"target\":{\"@type\":\"EntryPoint\",\"urlTemplate\":\"https:\\\/\\\/districos.standingout.be\\\/fr\\\/?s={search_term_string}\"},\"query-input\":{\"@type\":\"PropertyValueSpecification\",\"valueRequired\":true,\"valueName\":\"search_term_string\"}}],\"inLanguage\":\"fr-FR\"},{\"@type\":\"Organization\",\"@id\":\"https:\\\/\\\/districos.standingout.be\\\/fr\\\/#organization\",\"name\":\"Districos Webshop\",\"url\":\"https:\\\/\\\/districos.standingout.be\\\/fr\\\/\",\"logo\":{\"@type\":\"ImageObject\",\"inLanguage\":\"fr-FR\",\"@id\":\"https:\\\/\\\/districos.standingout.be\\\/fr\\\/#\\\/schema\\\/logo\\\/image\\\/\",\"url\":\"https:\\\/\\\/districos.standingout.be\\\/wp-content\\\/uploads\\\/2022\\\/09\\\/Districos_Logo_Webshop.svg\",\"contentUrl\":\"https:\\\/\\\/districos.standingout.be\\\/wp-content\\\/uploads\\\/2022\\\/09\\\/Districos_Logo_Webshop.svg\",\"caption\":\"Districos Webshop\"},\"image\":{\"@id\":\"https:\\\/\\\/districos.standingout.be\\\/fr\\\/#\\\/schema\\\/logo\\\/image\\\/\"}}]}<\/script>\n<!-- \/ Yoast SEO plugin. -->","yoast_head_json":{"title":"NWT Chariot de P\u00e9dicure Modulaire sans Tiroir - Districos Webshop","robots":{"index":"noindex","follow":"follow","max-snippet":"max-snippet:-1","max-image-preview":"max-image-preview:large","max-video-preview":"max-video-preview:-1"},"og_locale":"fr_FR","og_type":"article","og_title":"NWT Chariot de P\u00e9dicure Modulaire sans Tiroir - Districos Webshop","og_description":"Ce chariot de p\u00e9dicure de la gamme NWT peut \u00eatre adapt\u00e9 de mani\u00e8re modulaire \u00e0 vos besoins. Robuste, facile \u00e0 manipuler et enti\u00e8rement adaptable \u00e0 vos besoins Equip\u00e9 sans tiroir central Dimensions : 60 x 45,5 x 82 cm (L x l x h) \u00c9galement disponible : NWT Chariot de P\u00e9dicure Modulaire avec Tiroir (r\u00e9f. [&hellip;]","og_url":"https:\/\/districos.standingout.be\/fr\/product\/nwt-chariot-de-pedicure-modulaire-sans-tiroir-ref-8444-61\/","og_site_name":"Districos Webshop","article_modified_time":"2026-04-28T09:44:39+00:00","twitter_card":"summary_large_image","schema":{"@context":"https:\/\/schema.org","@graph":[{"@type":"WebPage","@id":"https:\/\/districos.standingout.be\/fr\/product\/nwt-chariot-de-pedicure-modulaire-sans-tiroir-ref-8444-61\/","url":"https:\/\/districos.standingout.be\/fr\/product\/nwt-chariot-de-pedicure-modulaire-sans-tiroir-ref-8444-61\/","name":"NWT Chariot de P\u00e9dicure Modulaire sans Tiroir - Districos Webshop","isPartOf":{"@id":"https:\/\/districos.standingout.be\/fr\/#website"},"primaryImageOfPage":{"@id":"https:\/\/districos.standingout.be\/fr\/product\/nwt-chariot-de-pedicure-modulaire-sans-tiroir-ref-8444-61\/#primaryimage"},"image":{"@id":"https:\/\/districos.standingout.be\/fr\/product\/nwt-chariot-de-pedicure-modulaire-sans-tiroir-ref-8444-61\/#primaryimage"},"thumbnailUrl":"https:\/\/districos.standingout.be\/wp-content\/uploads\/2025\/07\/8444.61@LowRes_1.png","datePublished":"2026-04-28T09:44:29+00:00","dateModified":"2026-04-28T09:44:39+00:00","breadcrumb":{"@id":"https:\/\/districos.standingout.be\/fr\/product\/nwt-chariot-de-pedicure-modulaire-sans-tiroir-ref-8444-61\/#breadcrumb"},"inLanguage":"fr-FR","potentialAction":[{"@type":"ReadAction","target":["https:\/\/districos.standingout.be\/fr\/product\/nwt-chariot-de-pedicure-modulaire-sans-tiroir-ref-8444-61\/"]}]},{"@type":"ImageObject","inLanguage":"fr-FR","@id":"https:\/\/districos.standingout.be\/fr\/product\/nwt-chariot-de-pedicure-modulaire-sans-tiroir-ref-8444-61\/#primaryimage","url":"https:\/\/districos.standingout.be\/wp-content\/uploads\/2025\/07\/8444.61@LowRes_1.png","contentUrl":"https:\/\/districos.standingout.be\/wp-content\/uploads\/2025\/07\/8444.61@LowRes_1.png","width":600,"height":581},{"@type":"BreadcrumbList","@id":"https:\/\/districos.standingout.be\/fr\/product\/nwt-chariot-de-pedicure-modulaire-sans-tiroir-ref-8444-61\/#breadcrumb","itemListElement":[{"@type":"ListItem","position":1,"name":"Home","item":"https:\/\/districos.standingout.be\/fr\/bienvenue-chez-districos\/"},{"@type":"ListItem","position":2,"name":"Boutique","item":"https:\/\/districos.standingout.be\/fr\/boutique\/"},{"@type":"ListItem","position":3,"name":"NWT Chariot de P\u00e9dicure Modulaire sans Tiroir"}]},{"@type":"WebSite","@id":"https:\/\/districos.standingout.be\/fr\/#website","url":"https:\/\/districos.standingout.be\/fr\/","name":"Districos Webshop","description":"","publisher":{"@id":"https:\/\/districos.standingout.be\/fr\/#organization"},"potentialAction":[{"@type":"SearchAction","target":{"@type":"EntryPoint","urlTemplate":"https:\/\/districos.standingout.be\/fr\/?s={search_term_string}"},"query-input":{"@type":"PropertyValueSpecification","valueRequired":true,"valueName":"search_term_string"}}],"inLanguage":"fr-FR"},{"@type":"Organization","@id":"https:\/\/districos.standingout.be\/fr\/#organization","name":"Districos Webshop","url":"https:\/\/districos.standingout.be\/fr\/","logo":{"@type":"ImageObject","inLanguage":"fr-FR","@id":"https:\/\/districos.standingout.be\/fr\/#\/schema\/logo\/image\/","url":"https:\/\/districos.standingout.be\/wp-content\/uploads\/2022\/09\/Districos_Logo_Webshop.svg","contentUrl":"https:\/\/districos.standingout.be\/wp-content\/uploads\/2022\/09\/Districos_Logo_Webshop.svg","caption":"Districos Webshop"},"image":{"@id":"https:\/\/districos.standingout.be\/fr\/#\/schema\/logo\/image\/"}}]}},"_links":{"self":[{"href":"https:\/\/districos.standingout.be\/fr\/wp-json\/wp\/v2\/product\/138653","targetHints":{"allow":["GET"]}}],"collection":[{"href":"https:\/\/districos.standingout.be\/fr\/wp-json\/wp\/v2\/product"}],"about":[{"href":"https:\/\/districos.standingout.be\/fr\/wp-json\/wp\/v2\/types\/product"}],"replies":[{"embeddable":true,"href":"https:\/\/districos.standingout.be\/fr\/wp-json\/wp\/v2\/comments?post=138653"}],"wp:featuredmedia":[{"embeddable":true,"href":"https:\/\/districos.standingout.be\/fr\/wp-json\/wp\/v2\/media\/82085"}],"wp:attachment":[{"href":"https:\/\/districos.standingout.be\/fr\/wp-json\/wp\/v2\/media?parent=138653"}],"wp:term":[{"taxonomy":"product_brand","embeddable":true,"href":"https:\/\/districos.standingout.be\/fr\/wp-json\/wp\/v2\/product_brand?post=138653"},{"taxonomy":"product_cat","embeddable":true,"href":"https:\/\/districos.standingout.be\/fr\/wp-json\/wp\/v2\/product_cat?post=138653"},{"taxonomy":"product_tag","embeddable":true,"href":"https:\/\/districos.standingout.be\/fr\/wp-json\/wp\/v2\/product_tag?post=138653"}],"curies":[{"name":"wp","href":"https:\/\/api.w.org\/{rel}","templated":true}]}}