{"id":138671,"date":"2026-04-28T11:45:56","date_gmt":"2026-04-28T09:45:56","guid":{"rendered":"https:\/\/webshopdistricoscom.webhosting.be\/product\/omnicut-2-0-rabot-a-callosites-droitier-ref-8444-900r\/"},"modified":"2026-04-28T11:46:01","modified_gmt":"2026-04-28T09:46:01","slug":"omnicut-2-0-rabot-a-callosites-droitier-ref-8444-900r","status":"publish","type":"product","link":"https:\/\/districos.standingout.be\/fr\/product\/omnicut-2-0-rabot-a-callosites-droitier-ref-8444-900r\/","title":{"rendered":"Omnicut 2.0 Rabot \u00e0 Callosit\u00e9s Droitier"},"content":{"rendered":"<p >\n<\/p>\n<\/p>\n<\/p>\n<\/p>\n<\/p>\n<\/p>\n<\/p>\n<\/p>\n<p dir=\"ltr\"><b>Enlevez rapidement et efficacement la corne avec l&rsquo;Omnicut 2.0!<\/b><\/p>\n<p dir=\"ltr\"><span>L&rsquo;Omnicut 2.0 est <\/span><b>une nouvelle version<\/b><span> <\/span><b>enti\u00e8rement autonome<\/b><span>. Cet appareil est \u00e9quip\u00e9 d&rsquo;un moteur int\u00e9gr\u00e9, ce qui \u00e9limine le besoin de le connecter \u00e0 un manche amovible ou \u00e0 une micromoteur.<\/span><\/p>\n<p dir=\"ltr\">Gr\u00e2ce au <b>syst\u00e8me innovant Click&amp;Cut<\/b> de ce mod\u00e8le, les lames sont int\u00e9gr\u00e9es dans un porte-lame en plastique. Ce porte-lame peut \u00eatre facilement remplac\u00e9 apr\u00e8s chaque client d&rsquo;un simple clic, puis st\u00e9rilis\u00e9. Cela permet de <b>gagner un temps pr\u00e9cieux<\/b> pendant les traitements et rend l&rsquo;Omnicut 2.0 plus efficace que jamais !!<\/p>\n<p dir=\"ltr\"><span><b>Qu&rsquo;est-ce qui rend l&rsquo;Omnicut 2.0 encore plus performant?<\/b><\/span><\/p>\n<p dir=\"ltr\"><span>Vous connaissez probablement d\u00e9j\u00e0 les fonctions existantes de l&rsquo;Omnicut. Qu&rsquo;il enl\u00e8ve <\/span><b>rapidement et efficacement<\/b><span> la corne n&rsquo;est plus un secret. Gr\u00e2ce \u00e0 son design ergonomique et son confort, vous <\/span><b>dites adieu \u00e0 la fatigue des mains et des poignets<\/b><span>. De plus, <\/span><b>le bloc-lame st\u00e9rilisable<\/b><span> rend l&rsquo;Omnicut adapt\u00e9 \u00e0 une utilisation r\u00e9p\u00e9t\u00e9e. Toujours pas convaincu ? L&rsquo;Omnicut 2.0 va encore plus loin&#8230;<\/span><\/p>\n<p dir=\"ltr\"><span>En savoir plus ? Lisez-en tout <a href=\"https:\/\/fr.districos.com\/p\/nwt-omnicut-20.html\"style=\"text-decoration-line: underline;\" target=\"_blank\" rel=\"noopener noreferrer nofollow\">ici<\/a>.<\/span><\/p>\n<div>\n<div>\n<div>\n<form type=\"button\" aria-haspopup=\"dialog\" aria-expanded=\"false\" aria-controls=\"radix-:rb8:\" data-state=\"closed\">\n<div>\n<div>\n<div>\n<div>\n<div>\n<div>\n<div translate=\"no\" id=\"prompt-textarea\"><\/div>\n<\/div>\n<\/div>\n<\/div>\n<\/div>\n<\/div>\n<\/div>\n<\/form>\n<\/div>\n<\/div>\n<\/div>\n","protected":false},"excerpt":{"rendered":"<p>Enlevez rapidement et efficacement la corne avec l&rsquo;Omnicut 2.0! L&rsquo;Omnicut 2.0 est une nouvelle version enti\u00e8rement autonome. Cet appareil est \u00e9quip\u00e9 d&rsquo;un moteur int\u00e9gr\u00e9, ce qui \u00e9limine le besoin de le connecter \u00e0 un manche amovible ou \u00e0 une micromoteur. Gr\u00e2ce au syst\u00e8me innovant Click&amp;Cut de ce mod\u00e8le, les lames sont int\u00e9gr\u00e9es dans un porte-lame [&hellip;]<\/p>\n","protected":false},"featured_media":148046,"comment_status":"open","ping_status":"closed","template":"","meta":{"_acf_changed":false},"product_brand":[10498],"product_cat":[9940,10096,10036],"product_tag":[],"class_list":{"0":"post-138671","1":"product","2":"type-product","3":"status-publish","4":"has-post-thumbnail","6":"product_brand-nwt-fr","7":"product_cat-beaute-pedicure-fraiseuses","8":"product_cat-amenagement-equipement-pedicure","9":"product_cat-soins-des-pieds-podologie-fraiseuses-technique-a-sec","11":"first","12":"instock","13":"taxable","14":"shipping-taxable","15":"product-type-simple"},"acf":[],"yoast_head":"<!-- This site is optimized with the Yoast SEO plugin v27.3 - https:\/\/yoast.com\/product\/yoast-seo-wordpress\/ -->\n<title>Omnicut 2.0 Rabot \u00e0 Callosit\u00e9s Droitier - Districos Webshop<\/title>\n<meta name=\"robots\" content=\"noindex, follow, max-snippet:-1, max-image-preview:large, max-video-preview:-1\" \/>\n<meta property=\"og:locale\" content=\"fr_FR\" \/>\n<meta property=\"og:type\" content=\"article\" \/>\n<meta property=\"og:title\" content=\"Omnicut 2.0 Rabot \u00e0 Callosit\u00e9s Droitier - Districos Webshop\" \/>\n<meta property=\"og:description\" content=\"Enlevez rapidement et efficacement la corne avec l&rsquo;Omnicut 2.0! L&rsquo;Omnicut 2.0 est une nouvelle version enti\u00e8rement autonome. Cet appareil est \u00e9quip\u00e9 d&rsquo;un moteur int\u00e9gr\u00e9, ce qui \u00e9limine le besoin de le connecter \u00e0 un manche amovible ou \u00e0 une micromoteur. Gr\u00e2ce au syst\u00e8me innovant Click&amp;Cut de ce mod\u00e8le, les lames sont int\u00e9gr\u00e9es dans un porte-lame [&hellip;]\" \/>\n<meta property=\"og:url\" content=\"https:\/\/districos.standingout.be\/fr\/product\/omnicut-2-0-rabot-a-callosites-droitier-ref-8444-900r\/\" \/>\n<meta property=\"og:site_name\" content=\"Districos Webshop\" \/>\n<meta property=\"article:modified_time\" content=\"2026-04-28T09:46:01+00:00\" \/>\n<meta name=\"twitter:card\" content=\"summary_large_image\" \/>\n<meta name=\"twitter:label1\" content=\"Dur\u00e9e de lecture estim\u00e9e\" \/>\n\t<meta name=\"twitter:data1\" content=\"1 minute\" \/>\n<script type=\"application\/ld+json\" class=\"yoast-schema-graph\">{\"@context\":\"https:\\\/\\\/schema.org\",\"@graph\":[{\"@type\":\"WebPage\",\"@id\":\"https:\\\/\\\/districos.standingout.be\\\/fr\\\/product\\\/omnicut-2-0-rabot-a-callosites-droitier-ref-8444-900r\\\/\",\"url\":\"https:\\\/\\\/districos.standingout.be\\\/fr\\\/product\\\/omnicut-2-0-rabot-a-callosites-droitier-ref-8444-900r\\\/\",\"name\":\"Omnicut 2.0 Rabot \u00e0 Callosit\u00e9s Droitier - Districos Webshop\",\"isPartOf\":{\"@id\":\"https:\\\/\\\/districos.standingout.be\\\/fr\\\/#website\"},\"primaryImageOfPage\":{\"@id\":\"https:\\\/\\\/districos.standingout.be\\\/fr\\\/product\\\/omnicut-2-0-rabot-a-callosites-droitier-ref-8444-900r\\\/#primaryimage\"},\"image\":{\"@id\":\"https:\\\/\\\/districos.standingout.be\\\/fr\\\/product\\\/omnicut-2-0-rabot-a-callosites-droitier-ref-8444-900r\\\/#primaryimage\"},\"thumbnailUrl\":\"https:\\\/\\\/districos.standingout.be\\\/wp-content\\\/uploads\\\/2026\\\/04\\\/8444.900R@Omnicut-Eeltslijper-2.0_1-1.png\",\"datePublished\":\"2026-04-28T09:45:56+00:00\",\"dateModified\":\"2026-04-28T09:46:01+00:00\",\"breadcrumb\":{\"@id\":\"https:\\\/\\\/districos.standingout.be\\\/fr\\\/product\\\/omnicut-2-0-rabot-a-callosites-droitier-ref-8444-900r\\\/#breadcrumb\"},\"inLanguage\":\"fr-FR\",\"potentialAction\":[{\"@type\":\"ReadAction\",\"target\":[\"https:\\\/\\\/districos.standingout.be\\\/fr\\\/product\\\/omnicut-2-0-rabot-a-callosites-droitier-ref-8444-900r\\\/\"]}]},{\"@type\":\"ImageObject\",\"inLanguage\":\"fr-FR\",\"@id\":\"https:\\\/\\\/districos.standingout.be\\\/fr\\\/product\\\/omnicut-2-0-rabot-a-callosites-droitier-ref-8444-900r\\\/#primaryimage\",\"url\":\"https:\\\/\\\/districos.standingout.be\\\/wp-content\\\/uploads\\\/2026\\\/04\\\/8444.900R@Omnicut-Eeltslijper-2.0_1-1.png\",\"contentUrl\":\"https:\\\/\\\/districos.standingout.be\\\/wp-content\\\/uploads\\\/2026\\\/04\\\/8444.900R@Omnicut-Eeltslijper-2.0_1-1.png\",\"width\":600,\"height\":600},{\"@type\":\"BreadcrumbList\",\"@id\":\"https:\\\/\\\/districos.standingout.be\\\/fr\\\/product\\\/omnicut-2-0-rabot-a-callosites-droitier-ref-8444-900r\\\/#breadcrumb\",\"itemListElement\":[{\"@type\":\"ListItem\",\"position\":1,\"name\":\"Home\",\"item\":\"https:\\\/\\\/districos.standingout.be\\\/fr\\\/bienvenue-chez-districos\\\/\"},{\"@type\":\"ListItem\",\"position\":2,\"name\":\"Boutique\",\"item\":\"https:\\\/\\\/districos.standingout.be\\\/fr\\\/boutique\\\/\"},{\"@type\":\"ListItem\",\"position\":3,\"name\":\"Omnicut 2.0 Rabot \u00e0 Callosit\u00e9s Droitier\"}]},{\"@type\":\"WebSite\",\"@id\":\"https:\\\/\\\/districos.standingout.be\\\/fr\\\/#website\",\"url\":\"https:\\\/\\\/districos.standingout.be\\\/fr\\\/\",\"name\":\"Districos Webshop\",\"description\":\"\",\"publisher\":{\"@id\":\"https:\\\/\\\/districos.standingout.be\\\/fr\\\/#organization\"},\"potentialAction\":[{\"@type\":\"SearchAction\",\"target\":{\"@type\":\"EntryPoint\",\"urlTemplate\":\"https:\\\/\\\/districos.standingout.be\\\/fr\\\/?s={search_term_string}\"},\"query-input\":{\"@type\":\"PropertyValueSpecification\",\"valueRequired\":true,\"valueName\":\"search_term_string\"}}],\"inLanguage\":\"fr-FR\"},{\"@type\":\"Organization\",\"@id\":\"https:\\\/\\\/districos.standingout.be\\\/fr\\\/#organization\",\"name\":\"Districos Webshop\",\"url\":\"https:\\\/\\\/districos.standingout.be\\\/fr\\\/\",\"logo\":{\"@type\":\"ImageObject\",\"inLanguage\":\"fr-FR\",\"@id\":\"https:\\\/\\\/districos.standingout.be\\\/fr\\\/#\\\/schema\\\/logo\\\/image\\\/\",\"url\":\"https:\\\/\\\/districos.standingout.be\\\/wp-content\\\/uploads\\\/2022\\\/09\\\/Districos_Logo_Webshop.svg\",\"contentUrl\":\"https:\\\/\\\/districos.standingout.be\\\/wp-content\\\/uploads\\\/2022\\\/09\\\/Districos_Logo_Webshop.svg\",\"caption\":\"Districos Webshop\"},\"image\":{\"@id\":\"https:\\\/\\\/districos.standingout.be\\\/fr\\\/#\\\/schema\\\/logo\\\/image\\\/\"}}]}<\/script>\n<!-- \/ Yoast SEO plugin. -->","yoast_head_json":{"title":"Omnicut 2.0 Rabot \u00e0 Callosit\u00e9s Droitier - Districos Webshop","robots":{"index":"noindex","follow":"follow","max-snippet":"max-snippet:-1","max-image-preview":"max-image-preview:large","max-video-preview":"max-video-preview:-1"},"og_locale":"fr_FR","og_type":"article","og_title":"Omnicut 2.0 Rabot \u00e0 Callosit\u00e9s Droitier - Districos Webshop","og_description":"Enlevez rapidement et efficacement la corne avec l&rsquo;Omnicut 2.0! L&rsquo;Omnicut 2.0 est une nouvelle version enti\u00e8rement autonome. Cet appareil est \u00e9quip\u00e9 d&rsquo;un moteur int\u00e9gr\u00e9, ce qui \u00e9limine le besoin de le connecter \u00e0 un manche amovible ou \u00e0 une micromoteur. Gr\u00e2ce au syst\u00e8me innovant Click&amp;Cut de ce mod\u00e8le, les lames sont int\u00e9gr\u00e9es dans un porte-lame [&hellip;]","og_url":"https:\/\/districos.standingout.be\/fr\/product\/omnicut-2-0-rabot-a-callosites-droitier-ref-8444-900r\/","og_site_name":"Districos Webshop","article_modified_time":"2026-04-28T09:46:01+00:00","twitter_card":"summary_large_image","twitter_misc":{"Dur\u00e9e de lecture estim\u00e9e":"1 minute"},"schema":{"@context":"https:\/\/schema.org","@graph":[{"@type":"WebPage","@id":"https:\/\/districos.standingout.be\/fr\/product\/omnicut-2-0-rabot-a-callosites-droitier-ref-8444-900r\/","url":"https:\/\/districos.standingout.be\/fr\/product\/omnicut-2-0-rabot-a-callosites-droitier-ref-8444-900r\/","name":"Omnicut 2.0 Rabot \u00e0 Callosit\u00e9s Droitier - Districos Webshop","isPartOf":{"@id":"https:\/\/districos.standingout.be\/fr\/#website"},"primaryImageOfPage":{"@id":"https:\/\/districos.standingout.be\/fr\/product\/omnicut-2-0-rabot-a-callosites-droitier-ref-8444-900r\/#primaryimage"},"image":{"@id":"https:\/\/districos.standingout.be\/fr\/product\/omnicut-2-0-rabot-a-callosites-droitier-ref-8444-900r\/#primaryimage"},"thumbnailUrl":"https:\/\/districos.standingout.be\/wp-content\/uploads\/2026\/04\/8444.900R@Omnicut-Eeltslijper-2.0_1-1.png","datePublished":"2026-04-28T09:45:56+00:00","dateModified":"2026-04-28T09:46:01+00:00","breadcrumb":{"@id":"https:\/\/districos.standingout.be\/fr\/product\/omnicut-2-0-rabot-a-callosites-droitier-ref-8444-900r\/#breadcrumb"},"inLanguage":"fr-FR","potentialAction":[{"@type":"ReadAction","target":["https:\/\/districos.standingout.be\/fr\/product\/omnicut-2-0-rabot-a-callosites-droitier-ref-8444-900r\/"]}]},{"@type":"ImageObject","inLanguage":"fr-FR","@id":"https:\/\/districos.standingout.be\/fr\/product\/omnicut-2-0-rabot-a-callosites-droitier-ref-8444-900r\/#primaryimage","url":"https:\/\/districos.standingout.be\/wp-content\/uploads\/2026\/04\/8444.900R@Omnicut-Eeltslijper-2.0_1-1.png","contentUrl":"https:\/\/districos.standingout.be\/wp-content\/uploads\/2026\/04\/8444.900R@Omnicut-Eeltslijper-2.0_1-1.png","width":600,"height":600},{"@type":"BreadcrumbList","@id":"https:\/\/districos.standingout.be\/fr\/product\/omnicut-2-0-rabot-a-callosites-droitier-ref-8444-900r\/#breadcrumb","itemListElement":[{"@type":"ListItem","position":1,"name":"Home","item":"https:\/\/districos.standingout.be\/fr\/bienvenue-chez-districos\/"},{"@type":"ListItem","position":2,"name":"Boutique","item":"https:\/\/districos.standingout.be\/fr\/boutique\/"},{"@type":"ListItem","position":3,"name":"Omnicut 2.0 Rabot \u00e0 Callosit\u00e9s Droitier"}]},{"@type":"WebSite","@id":"https:\/\/districos.standingout.be\/fr\/#website","url":"https:\/\/districos.standingout.be\/fr\/","name":"Districos Webshop","description":"","publisher":{"@id":"https:\/\/districos.standingout.be\/fr\/#organization"},"potentialAction":[{"@type":"SearchAction","target":{"@type":"EntryPoint","urlTemplate":"https:\/\/districos.standingout.be\/fr\/?s={search_term_string}"},"query-input":{"@type":"PropertyValueSpecification","valueRequired":true,"valueName":"search_term_string"}}],"inLanguage":"fr-FR"},{"@type":"Organization","@id":"https:\/\/districos.standingout.be\/fr\/#organization","name":"Districos Webshop","url":"https:\/\/districos.standingout.be\/fr\/","logo":{"@type":"ImageObject","inLanguage":"fr-FR","@id":"https:\/\/districos.standingout.be\/fr\/#\/schema\/logo\/image\/","url":"https:\/\/districos.standingout.be\/wp-content\/uploads\/2022\/09\/Districos_Logo_Webshop.svg","contentUrl":"https:\/\/districos.standingout.be\/wp-content\/uploads\/2022\/09\/Districos_Logo_Webshop.svg","caption":"Districos Webshop"},"image":{"@id":"https:\/\/districos.standingout.be\/fr\/#\/schema\/logo\/image\/"}}]}},"_links":{"self":[{"href":"https:\/\/districos.standingout.be\/fr\/wp-json\/wp\/v2\/product\/138671","targetHints":{"allow":["GET"]}}],"collection":[{"href":"https:\/\/districos.standingout.be\/fr\/wp-json\/wp\/v2\/product"}],"about":[{"href":"https:\/\/districos.standingout.be\/fr\/wp-json\/wp\/v2\/types\/product"}],"replies":[{"embeddable":true,"href":"https:\/\/districos.standingout.be\/fr\/wp-json\/wp\/v2\/comments?post=138671"}],"wp:featuredmedia":[{"embeddable":true,"href":"https:\/\/districos.standingout.be\/fr\/wp-json\/wp\/v2\/media\/148046"}],"wp:attachment":[{"href":"https:\/\/districos.standingout.be\/fr\/wp-json\/wp\/v2\/media?parent=138671"}],"wp:term":[{"taxonomy":"product_brand","embeddable":true,"href":"https:\/\/districos.standingout.be\/fr\/wp-json\/wp\/v2\/product_brand?post=138671"},{"taxonomy":"product_cat","embeddable":true,"href":"https:\/\/districos.standingout.be\/fr\/wp-json\/wp\/v2\/product_cat?post=138671"},{"taxonomy":"product_tag","embeddable":true,"href":"https:\/\/districos.standingout.be\/fr\/wp-json\/wp\/v2\/product_tag?post=138671"}],"curies":[{"name":"wp","href":"https:\/\/api.w.org\/{rel}","templated":true}]}}