{"id":138675,"date":"2026-04-28T11:46:10","date_gmt":"2026-04-28T09:46:10","guid":{"rendered":"https:\/\/webshopdistricoscom.webhosting.be\/product\/omnicut-2-0-lame-de-rechange-droitier-1-pc-ref-8444-901r\/"},"modified":"2026-04-28T11:46:16","modified_gmt":"2026-04-28T09:46:16","slug":"omnicut-2-0-lame-de-rechange-droitier-1-pc-ref-8444-901r","status":"publish","type":"product","link":"https:\/\/districos.standingout.be\/fr\/product\/omnicut-2-0-lame-de-rechange-droitier-1-pc-ref-8444-901r\/","title":{"rendered":"Omnicut 2.0 Lame de Rechange Droitier 1 pc."},"content":{"rendered":"<p >\n<p><font size=\"2\"><font size=\"2\" face=\"Arial\">NOTE : Si vous avez un Omnicut 2.0 droitier, achetez aussi des lames pour droitier !<\/font><\/font><\/p>\n<p><font size=\"2\"><font size=\"2\" face=\"Arial\">Si vous \u00eates gaucher, vous pouvez acheter un bloc de lames&nbsp;<\/font><\/font><span>Omnicut&nbsp;<\/span><span>pour gaucher.<\/span><\/p>\n<p><font size=\"2\"><font size=\"2\" face=\"Arial\"><br \/>Remplacement du bloc de lames (porte-lames avec lames int\u00e9gr\u00e9es) :<\/p>\n<p>&#8211; N&rsquo;effectuez jamais la manipulation lorsque l&rsquo;Omnicut 2.0 est en marche.<br \/>&#8211; Soyez prudent lorsque vous remplacez le bloc de lames, car les lames pr\u00e9sentent un risque accru de blessure.<\/font><\/font><\/p>\n<div><font face=\"Arial\"><br \/><\/font><\/div>\n<div><font face=\"Arial\">Pour changer le bloc de lames, proc\u00e9dez comme suit :<\/font><\/div>\n<div><font face=\"Arial\"><br \/>(0) Eteignez l&rsquo;Omnicut 2.0 avant de changer le bloc de lames.<br \/>(1) Pour retirer le bloc de lames, d\u00e9vissez d&rsquo;abord le capuchon de la vis \u00e0 l&rsquo;avant de l&rsquo;Omnicut 2.0.<br \/>(2) Retirez&nbsp;<\/font><span>le bloc de lames<\/span><span>&nbsp;avec pr\u00e9caution de l&rsquo;arbre du moteur.<\/span><\/div>\n<div><font face=\"Arial\">(3) Pour retirer le bloc de lames, utilisez les \u00ab nervures lat\u00e9rales \u00bb pour le tirer doucement vers l&rsquo;avant.<br \/>(4) V\u00e9rifiez qu&rsquo;il n&rsquo;y a pas de r\u00e9sidus \u00e0 proximit\u00e9 de l&rsquo;arbre moteur. Retirez-les si n\u00e9cessaire.<br \/>(5) Placez maintenant le nouveau bloc de lames sur l&rsquo;arbre du moteur et poussez-le aussi loin que possible vers l&rsquo;arri\u00e8re.<br \/>(5) Revissez le bouchon sur l&rsquo;Omnicut 2.0.<br \/>(6) V\u00e9rifiez que le capuchon est bien serr\u00e9, afin qu&rsquo;il ne se d\u00e9tache pas pendant le traitement.<br \/>L&rsquo;Omnicut 2.0 est \u00e0 nouveau pr\u00eat \u00e0 l&#8217;emploi.&nbsp;<\/font><\/div>\n<div><font face=\"Arial\"><br \/><\/font><\/div>\n<p><font size=\"2\"><font size=\"2\" face=\"Arial\"><\/font><\/font><\/p>\n<p><font size=\"2\" face=\"Arial\"><\/font><\/p>\n<div><font face=\"Arial\">Quantit\u00e9 : 1 pi\u00e8ce<\/p>\n<p>Nettoyage et d\u00e9sinfection : Le bloc de lames peut \u00eatre d\u00e9sinfect\u00e9 dans votre nettoyeur \u00e0 ultrasons. Le nombre de d\u00e9sinfections d\u00e9pend de la fr\u00e9quence d&rsquo;utilisation.<\/font><\/div>\n","protected":false},"excerpt":{"rendered":"<p>NOTE : Si vous avez un Omnicut 2.0 droitier, achetez aussi des lames pour droitier ! Si vous \u00eates gaucher, vous pouvez acheter un bloc de lames&nbsp;Omnicut&nbsp;pour gaucher. Remplacement du bloc de lames (porte-lames avec lames int\u00e9gr\u00e9es) : &#8211; N&rsquo;effectuez jamais la manipulation lorsque l&rsquo;Omnicut 2.0 est en marche.&#8211; Soyez prudent lorsque vous remplacez le [&hellip;]<\/p>\n","protected":false},"featured_media":148062,"comment_status":"open","ping_status":"closed","template":"","meta":{"_acf_changed":false},"product_brand":[10498],"product_cat":[9940,10096,10036],"product_tag":[],"class_list":{"0":"post-138675","1":"product","2":"type-product","3":"status-publish","4":"has-post-thumbnail","6":"product_brand-nwt-fr","7":"product_cat-beaute-pedicure-fraiseuses","8":"product_cat-amenagement-equipement-pedicure","9":"product_cat-soins-des-pieds-podologie-fraiseuses-technique-a-sec","11":"first","12":"instock","13":"taxable","14":"shipping-taxable","15":"product-type-simple"},"acf":[],"yoast_head":"<!-- This site is optimized with the Yoast SEO plugin v27.3 - https:\/\/yoast.com\/product\/yoast-seo-wordpress\/ -->\n<title>Omnicut 2.0 Lame de Rechange Droitier 1 pc. - Districos Webshop<\/title>\n<meta name=\"robots\" content=\"noindex, follow, max-snippet:-1, max-image-preview:large, max-video-preview:-1\" \/>\n<meta property=\"og:locale\" content=\"fr_FR\" \/>\n<meta property=\"og:type\" content=\"article\" \/>\n<meta property=\"og:title\" content=\"Omnicut 2.0 Lame de Rechange Droitier 1 pc. - Districos Webshop\" \/>\n<meta property=\"og:description\" content=\"NOTE : Si vous avez un Omnicut 2.0 droitier, achetez aussi des lames pour droitier ! Si vous \u00eates gaucher, vous pouvez acheter un bloc de lames&nbsp;Omnicut&nbsp;pour gaucher. Remplacement du bloc de lames (porte-lames avec lames int\u00e9gr\u00e9es) : &#8211; N&rsquo;effectuez jamais la manipulation lorsque l&rsquo;Omnicut 2.0 est en marche.&#8211; Soyez prudent lorsque vous remplacez le [&hellip;]\" \/>\n<meta property=\"og:url\" content=\"https:\/\/districos.standingout.be\/fr\/product\/omnicut-2-0-lame-de-rechange-droitier-1-pc-ref-8444-901r\/\" \/>\n<meta property=\"og:site_name\" content=\"Districos Webshop\" \/>\n<meta property=\"article:modified_time\" content=\"2026-04-28T09:46:16+00:00\" \/>\n<meta name=\"twitter:card\" content=\"summary_large_image\" \/>\n<meta name=\"twitter:label1\" content=\"Dur\u00e9e de lecture estim\u00e9e\" \/>\n\t<meta name=\"twitter:data1\" content=\"1 minute\" \/>\n<script type=\"application\/ld+json\" class=\"yoast-schema-graph\">{\"@context\":\"https:\\\/\\\/schema.org\",\"@graph\":[{\"@type\":\"WebPage\",\"@id\":\"https:\\\/\\\/districos.standingout.be\\\/fr\\\/product\\\/omnicut-2-0-lame-de-rechange-droitier-1-pc-ref-8444-901r\\\/\",\"url\":\"https:\\\/\\\/districos.standingout.be\\\/fr\\\/product\\\/omnicut-2-0-lame-de-rechange-droitier-1-pc-ref-8444-901r\\\/\",\"name\":\"Omnicut 2.0 Lame de Rechange Droitier 1 pc. - Districos Webshop\",\"isPartOf\":{\"@id\":\"https:\\\/\\\/districos.standingout.be\\\/fr\\\/#website\"},\"primaryImageOfPage\":{\"@id\":\"https:\\\/\\\/districos.standingout.be\\\/fr\\\/product\\\/omnicut-2-0-lame-de-rechange-droitier-1-pc-ref-8444-901r\\\/#primaryimage\"},\"image\":{\"@id\":\"https:\\\/\\\/districos.standingout.be\\\/fr\\\/product\\\/omnicut-2-0-lame-de-rechange-droitier-1-pc-ref-8444-901r\\\/#primaryimage\"},\"thumbnailUrl\":\"https:\\\/\\\/districos.standingout.be\\\/wp-content\\\/uploads\\\/2026\\\/04\\\/8444.901R@Omnicut-2.0-reserve-mesje-1st_1-1.png\",\"datePublished\":\"2026-04-28T09:46:10+00:00\",\"dateModified\":\"2026-04-28T09:46:16+00:00\",\"breadcrumb\":{\"@id\":\"https:\\\/\\\/districos.standingout.be\\\/fr\\\/product\\\/omnicut-2-0-lame-de-rechange-droitier-1-pc-ref-8444-901r\\\/#breadcrumb\"},\"inLanguage\":\"fr-FR\",\"potentialAction\":[{\"@type\":\"ReadAction\",\"target\":[\"https:\\\/\\\/districos.standingout.be\\\/fr\\\/product\\\/omnicut-2-0-lame-de-rechange-droitier-1-pc-ref-8444-901r\\\/\"]}]},{\"@type\":\"ImageObject\",\"inLanguage\":\"fr-FR\",\"@id\":\"https:\\\/\\\/districos.standingout.be\\\/fr\\\/product\\\/omnicut-2-0-lame-de-rechange-droitier-1-pc-ref-8444-901r\\\/#primaryimage\",\"url\":\"https:\\\/\\\/districos.standingout.be\\\/wp-content\\\/uploads\\\/2026\\\/04\\\/8444.901R@Omnicut-2.0-reserve-mesje-1st_1-1.png\",\"contentUrl\":\"https:\\\/\\\/districos.standingout.be\\\/wp-content\\\/uploads\\\/2026\\\/04\\\/8444.901R@Omnicut-2.0-reserve-mesje-1st_1-1.png\",\"width\":600,\"height\":600},{\"@type\":\"BreadcrumbList\",\"@id\":\"https:\\\/\\\/districos.standingout.be\\\/fr\\\/product\\\/omnicut-2-0-lame-de-rechange-droitier-1-pc-ref-8444-901r\\\/#breadcrumb\",\"itemListElement\":[{\"@type\":\"ListItem\",\"position\":1,\"name\":\"Home\",\"item\":\"https:\\\/\\\/districos.standingout.be\\\/fr\\\/bienvenue-chez-districos\\\/\"},{\"@type\":\"ListItem\",\"position\":2,\"name\":\"Boutique\",\"item\":\"https:\\\/\\\/districos.standingout.be\\\/fr\\\/boutique\\\/\"},{\"@type\":\"ListItem\",\"position\":3,\"name\":\"Omnicut 2.0 Lame de Rechange Droitier 1 pc.\"}]},{\"@type\":\"WebSite\",\"@id\":\"https:\\\/\\\/districos.standingout.be\\\/fr\\\/#website\",\"url\":\"https:\\\/\\\/districos.standingout.be\\\/fr\\\/\",\"name\":\"Districos Webshop\",\"description\":\"\",\"publisher\":{\"@id\":\"https:\\\/\\\/districos.standingout.be\\\/fr\\\/#organization\"},\"potentialAction\":[{\"@type\":\"SearchAction\",\"target\":{\"@type\":\"EntryPoint\",\"urlTemplate\":\"https:\\\/\\\/districos.standingout.be\\\/fr\\\/?s={search_term_string}\"},\"query-input\":{\"@type\":\"PropertyValueSpecification\",\"valueRequired\":true,\"valueName\":\"search_term_string\"}}],\"inLanguage\":\"fr-FR\"},{\"@type\":\"Organization\",\"@id\":\"https:\\\/\\\/districos.standingout.be\\\/fr\\\/#organization\",\"name\":\"Districos Webshop\",\"url\":\"https:\\\/\\\/districos.standingout.be\\\/fr\\\/\",\"logo\":{\"@type\":\"ImageObject\",\"inLanguage\":\"fr-FR\",\"@id\":\"https:\\\/\\\/districos.standingout.be\\\/fr\\\/#\\\/schema\\\/logo\\\/image\\\/\",\"url\":\"https:\\\/\\\/districos.standingout.be\\\/wp-content\\\/uploads\\\/2022\\\/09\\\/Districos_Logo_Webshop.svg\",\"contentUrl\":\"https:\\\/\\\/districos.standingout.be\\\/wp-content\\\/uploads\\\/2022\\\/09\\\/Districos_Logo_Webshop.svg\",\"caption\":\"Districos Webshop\"},\"image\":{\"@id\":\"https:\\\/\\\/districos.standingout.be\\\/fr\\\/#\\\/schema\\\/logo\\\/image\\\/\"}}]}<\/script>\n<!-- \/ Yoast SEO plugin. -->","yoast_head_json":{"title":"Omnicut 2.0 Lame de Rechange Droitier 1 pc. - Districos Webshop","robots":{"index":"noindex","follow":"follow","max-snippet":"max-snippet:-1","max-image-preview":"max-image-preview:large","max-video-preview":"max-video-preview:-1"},"og_locale":"fr_FR","og_type":"article","og_title":"Omnicut 2.0 Lame de Rechange Droitier 1 pc. - Districos Webshop","og_description":"NOTE : Si vous avez un Omnicut 2.0 droitier, achetez aussi des lames pour droitier ! Si vous \u00eates gaucher, vous pouvez acheter un bloc de lames&nbsp;Omnicut&nbsp;pour gaucher. Remplacement du bloc de lames (porte-lames avec lames int\u00e9gr\u00e9es) : &#8211; N&rsquo;effectuez jamais la manipulation lorsque l&rsquo;Omnicut 2.0 est en marche.&#8211; Soyez prudent lorsque vous remplacez le [&hellip;]","og_url":"https:\/\/districos.standingout.be\/fr\/product\/omnicut-2-0-lame-de-rechange-droitier-1-pc-ref-8444-901r\/","og_site_name":"Districos Webshop","article_modified_time":"2026-04-28T09:46:16+00:00","twitter_card":"summary_large_image","twitter_misc":{"Dur\u00e9e de lecture estim\u00e9e":"1 minute"},"schema":{"@context":"https:\/\/schema.org","@graph":[{"@type":"WebPage","@id":"https:\/\/districos.standingout.be\/fr\/product\/omnicut-2-0-lame-de-rechange-droitier-1-pc-ref-8444-901r\/","url":"https:\/\/districos.standingout.be\/fr\/product\/omnicut-2-0-lame-de-rechange-droitier-1-pc-ref-8444-901r\/","name":"Omnicut 2.0 Lame de Rechange Droitier 1 pc. - Districos Webshop","isPartOf":{"@id":"https:\/\/districos.standingout.be\/fr\/#website"},"primaryImageOfPage":{"@id":"https:\/\/districos.standingout.be\/fr\/product\/omnicut-2-0-lame-de-rechange-droitier-1-pc-ref-8444-901r\/#primaryimage"},"image":{"@id":"https:\/\/districos.standingout.be\/fr\/product\/omnicut-2-0-lame-de-rechange-droitier-1-pc-ref-8444-901r\/#primaryimage"},"thumbnailUrl":"https:\/\/districos.standingout.be\/wp-content\/uploads\/2026\/04\/8444.901R@Omnicut-2.0-reserve-mesje-1st_1-1.png","datePublished":"2026-04-28T09:46:10+00:00","dateModified":"2026-04-28T09:46:16+00:00","breadcrumb":{"@id":"https:\/\/districos.standingout.be\/fr\/product\/omnicut-2-0-lame-de-rechange-droitier-1-pc-ref-8444-901r\/#breadcrumb"},"inLanguage":"fr-FR","potentialAction":[{"@type":"ReadAction","target":["https:\/\/districos.standingout.be\/fr\/product\/omnicut-2-0-lame-de-rechange-droitier-1-pc-ref-8444-901r\/"]}]},{"@type":"ImageObject","inLanguage":"fr-FR","@id":"https:\/\/districos.standingout.be\/fr\/product\/omnicut-2-0-lame-de-rechange-droitier-1-pc-ref-8444-901r\/#primaryimage","url":"https:\/\/districos.standingout.be\/wp-content\/uploads\/2026\/04\/8444.901R@Omnicut-2.0-reserve-mesje-1st_1-1.png","contentUrl":"https:\/\/districos.standingout.be\/wp-content\/uploads\/2026\/04\/8444.901R@Omnicut-2.0-reserve-mesje-1st_1-1.png","width":600,"height":600},{"@type":"BreadcrumbList","@id":"https:\/\/districos.standingout.be\/fr\/product\/omnicut-2-0-lame-de-rechange-droitier-1-pc-ref-8444-901r\/#breadcrumb","itemListElement":[{"@type":"ListItem","position":1,"name":"Home","item":"https:\/\/districos.standingout.be\/fr\/bienvenue-chez-districos\/"},{"@type":"ListItem","position":2,"name":"Boutique","item":"https:\/\/districos.standingout.be\/fr\/boutique\/"},{"@type":"ListItem","position":3,"name":"Omnicut 2.0 Lame de Rechange Droitier 1 pc."}]},{"@type":"WebSite","@id":"https:\/\/districos.standingout.be\/fr\/#website","url":"https:\/\/districos.standingout.be\/fr\/","name":"Districos Webshop","description":"","publisher":{"@id":"https:\/\/districos.standingout.be\/fr\/#organization"},"potentialAction":[{"@type":"SearchAction","target":{"@type":"EntryPoint","urlTemplate":"https:\/\/districos.standingout.be\/fr\/?s={search_term_string}"},"query-input":{"@type":"PropertyValueSpecification","valueRequired":true,"valueName":"search_term_string"}}],"inLanguage":"fr-FR"},{"@type":"Organization","@id":"https:\/\/districos.standingout.be\/fr\/#organization","name":"Districos Webshop","url":"https:\/\/districos.standingout.be\/fr\/","logo":{"@type":"ImageObject","inLanguage":"fr-FR","@id":"https:\/\/districos.standingout.be\/fr\/#\/schema\/logo\/image\/","url":"https:\/\/districos.standingout.be\/wp-content\/uploads\/2022\/09\/Districos_Logo_Webshop.svg","contentUrl":"https:\/\/districos.standingout.be\/wp-content\/uploads\/2022\/09\/Districos_Logo_Webshop.svg","caption":"Districos Webshop"},"image":{"@id":"https:\/\/districos.standingout.be\/fr\/#\/schema\/logo\/image\/"}}]}},"_links":{"self":[{"href":"https:\/\/districos.standingout.be\/fr\/wp-json\/wp\/v2\/product\/138675","targetHints":{"allow":["GET"]}}],"collection":[{"href":"https:\/\/districos.standingout.be\/fr\/wp-json\/wp\/v2\/product"}],"about":[{"href":"https:\/\/districos.standingout.be\/fr\/wp-json\/wp\/v2\/types\/product"}],"replies":[{"embeddable":true,"href":"https:\/\/districos.standingout.be\/fr\/wp-json\/wp\/v2\/comments?post=138675"}],"wp:featuredmedia":[{"embeddable":true,"href":"https:\/\/districos.standingout.be\/fr\/wp-json\/wp\/v2\/media\/148062"}],"wp:attachment":[{"href":"https:\/\/districos.standingout.be\/fr\/wp-json\/wp\/v2\/media?parent=138675"}],"wp:term":[{"taxonomy":"product_brand","embeddable":true,"href":"https:\/\/districos.standingout.be\/fr\/wp-json\/wp\/v2\/product_brand?post=138675"},{"taxonomy":"product_cat","embeddable":true,"href":"https:\/\/districos.standingout.be\/fr\/wp-json\/wp\/v2\/product_cat?post=138675"},{"taxonomy":"product_tag","embeddable":true,"href":"https:\/\/districos.standingout.be\/fr\/wp-json\/wp\/v2\/product_tag?post=138675"}],"curies":[{"name":"wp","href":"https:\/\/api.w.org\/{rel}","templated":true}]}}