{"id":138693,"date":"2026-04-28T11:47:42","date_gmt":"2026-04-28T09:47:42","guid":{"rendered":"https:\/\/webshopdistricoscom.webhosting.be\/product\/bentlon-vacuum-bronze-smart-b-ref-8446-01-2\/"},"modified":"2026-04-28T11:47:46","modified_gmt":"2026-04-28T09:47:46","slug":"bentlon-vacuum-bronze-smart-b-ref-8446-01","status":"publish","type":"product","link":"https:\/\/districos.standingout.be\/fr\/product\/bentlon-vacuum-bronze-smart-b-ref-8446-01\/","title":{"rendered":"Bentlon Vacuum Bronze Smart B"},"content":{"rendered":"<p >\n<p dir=ltr><b>Caract\u00e9ristiques g\u00e9n\u00e9rales de la base (comme sur la photo) :<\/b> <\/p>\n<ul> <\/p>\n<li>Base avec poign\u00e9e r\u00e9tractable<\/li>\n<p> <\/p>\n<li>Dimensions : 302 x 225 x 170 mm (L x l x h)<\/li>\n<p> <\/p>\n<li>Puissance : 230 W<\/li>\n<p> <\/p>\n<li>Poids : 3,4 kg<\/li>\n<p> <\/p>\n<li>\u00c9cran : LCD Blue<\/li>\n<p> <\/p>\n<li>R\u00e9servoir : Sac \u00e0 poussi\u00e8res rempla\u00e7able<\/li>\n<p> <\/p>\n<li>Commande : touche \u00e0 effleurement<\/li>\n<p> <\/p>\n<li>Force d\u2019aspiration maximale : 190 l\/min. (tr\u00e8s puissant)<\/li>\n<p> <\/p>\n<li>Param\u00e8tres pr\u00e9f\u00e9rentiels aspiration : 3<\/li>\n<p> <\/p>\n<li>Param\u00e8tres pr\u00e9f\u00e9rentiels vitesse : 3<\/li>\n<p> <\/p>\n<li>Option : p\u00e9dale<\/li>\n<p> <\/ul>\n<p> <b>Pi\u00e8ce \u00e0 main: Bronze Smart B<\/b><\/p>\n<p> Ce mod\u00e8le a un moteur silencieux avec une grande puissance de 5.000 \u00e0 30.000 tpm. Il est possible de varier la vitesse en 14 positions diff\u00e9rentes. <\/p>\n<ul> <\/p>\n<li>Pi\u00e8ce \u00e0 main : Smart B <\/li>\n<p> <\/p>\n<li>Poids pi\u00e8ce \u00e0 main : 112 g <\/li>\n<p> <\/p>\n<li>\u00c9mission sonore : 65 dB <\/li>\n<p> <\/p>\n<li>Moteur sans brosse : oui. <\/li>\n<p> <\/p>\n<li>LED : non <\/li>\n<p> <\/ul><\/p>\n","protected":false},"excerpt":{"rendered":"<p>Caract\u00e9ristiques g\u00e9n\u00e9rales de la base (comme sur la photo) : Base avec poign\u00e9e r\u00e9tractable Dimensions : 302 x 225 x 170 mm (L x l x h) Puissance : 230 W Poids : 3,4 kg \u00c9cran : LCD Blue R\u00e9servoir : Sac \u00e0 poussi\u00e8res rempla\u00e7able Commande : touche \u00e0 effleurement Force d\u2019aspiration maximale : 190 [&hellip;]<\/p>\n","protected":false},"featured_media":111830,"comment_status":"open","ping_status":"closed","template":"","meta":{"_acf_changed":false},"product_brand":[10316],"product_cat":[10271,10092],"product_tag":[],"class_list":{"0":"post-138693","1":"product","2":"type-product","3":"status-publish","4":"has-post-thumbnail","6":"product_brand-bentlon-fr","7":"product_cat-beaute-manucure-ongles-equipement","8":"product_cat-amenagement-equipement-manucure","10":"first","11":"outofstock","12":"taxable","13":"shipping-taxable","14":"product-type-simple"},"acf":[],"yoast_head":"<!-- This site is optimized with the Yoast SEO plugin v27.3 - https:\/\/yoast.com\/product\/yoast-seo-wordpress\/ -->\n<title>Bentlon Vacuum Bronze Smart B - Districos Webshop<\/title>\n<meta name=\"robots\" content=\"noindex, follow, max-snippet:-1, max-image-preview:large, max-video-preview:-1\" \/>\n<meta property=\"og:locale\" content=\"fr_FR\" \/>\n<meta property=\"og:type\" content=\"article\" \/>\n<meta property=\"og:title\" content=\"Bentlon Vacuum Bronze Smart B - Districos Webshop\" \/>\n<meta property=\"og:description\" content=\"Caract\u00e9ristiques g\u00e9n\u00e9rales de la base (comme sur la photo) : Base avec poign\u00e9e r\u00e9tractable Dimensions : 302 x 225 x 170 mm (L x l x h) Puissance : 230 W Poids : 3,4 kg \u00c9cran : LCD Blue R\u00e9servoir : Sac \u00e0 poussi\u00e8res rempla\u00e7able Commande : touche \u00e0 effleurement Force d\u2019aspiration maximale : 190 [&hellip;]\" \/>\n<meta property=\"og:url\" content=\"https:\/\/districos.standingout.be\/fr\/product\/bentlon-vacuum-bronze-smart-b-ref-8446-01\/\" \/>\n<meta property=\"og:site_name\" content=\"Districos Webshop\" \/>\n<meta property=\"article:modified_time\" content=\"2026-04-28T09:47:46+00:00\" \/>\n<meta name=\"twitter:card\" content=\"summary_large_image\" \/>\n<meta name=\"twitter:label1\" content=\"Dur\u00e9e de lecture estim\u00e9e\" \/>\n\t<meta name=\"twitter:data1\" content=\"1 minute\" \/>\n<script type=\"application\/ld+json\" class=\"yoast-schema-graph\">{\"@context\":\"https:\\\/\\\/schema.org\",\"@graph\":[{\"@type\":\"WebPage\",\"@id\":\"https:\\\/\\\/districos.standingout.be\\\/fr\\\/product\\\/bentlon-vacuum-bronze-smart-b-ref-8446-01\\\/\",\"url\":\"https:\\\/\\\/districos.standingout.be\\\/fr\\\/product\\\/bentlon-vacuum-bronze-smart-b-ref-8446-01\\\/\",\"name\":\"Bentlon Vacuum Bronze Smart B - Districos Webshop\",\"isPartOf\":{\"@id\":\"https:\\\/\\\/districos.standingout.be\\\/fr\\\/#website\"},\"primaryImageOfPage\":{\"@id\":\"https:\\\/\\\/districos.standingout.be\\\/fr\\\/product\\\/bentlon-vacuum-bronze-smart-b-ref-8446-01\\\/#primaryimage\"},\"image\":{\"@id\":\"https:\\\/\\\/districos.standingout.be\\\/fr\\\/product\\\/bentlon-vacuum-bronze-smart-b-ref-8446-01\\\/#primaryimage\"},\"thumbnailUrl\":\"https:\\\/\\\/districos.standingout.be\\\/wp-content\\\/uploads\\\/2026\\\/03\\\/8446.01@LowRes_1_0.png\",\"datePublished\":\"2026-04-28T09:47:42+00:00\",\"dateModified\":\"2026-04-28T09:47:46+00:00\",\"breadcrumb\":{\"@id\":\"https:\\\/\\\/districos.standingout.be\\\/fr\\\/product\\\/bentlon-vacuum-bronze-smart-b-ref-8446-01\\\/#breadcrumb\"},\"inLanguage\":\"fr-FR\",\"potentialAction\":[{\"@type\":\"ReadAction\",\"target\":[\"https:\\\/\\\/districos.standingout.be\\\/fr\\\/product\\\/bentlon-vacuum-bronze-smart-b-ref-8446-01\\\/\"]}]},{\"@type\":\"ImageObject\",\"inLanguage\":\"fr-FR\",\"@id\":\"https:\\\/\\\/districos.standingout.be\\\/fr\\\/product\\\/bentlon-vacuum-bronze-smart-b-ref-8446-01\\\/#primaryimage\",\"url\":\"https:\\\/\\\/districos.standingout.be\\\/wp-content\\\/uploads\\\/2026\\\/03\\\/8446.01@LowRes_1_0.png\",\"contentUrl\":\"https:\\\/\\\/districos.standingout.be\\\/wp-content\\\/uploads\\\/2026\\\/03\\\/8446.01@LowRes_1_0.png\",\"width\":600,\"height\":600},{\"@type\":\"BreadcrumbList\",\"@id\":\"https:\\\/\\\/districos.standingout.be\\\/fr\\\/product\\\/bentlon-vacuum-bronze-smart-b-ref-8446-01\\\/#breadcrumb\",\"itemListElement\":[{\"@type\":\"ListItem\",\"position\":1,\"name\":\"Home\",\"item\":\"https:\\\/\\\/districos.standingout.be\\\/fr\\\/bienvenue-chez-districos\\\/\"},{\"@type\":\"ListItem\",\"position\":2,\"name\":\"Boutique\",\"item\":\"https:\\\/\\\/districos.standingout.be\\\/fr\\\/boutique\\\/\"},{\"@type\":\"ListItem\",\"position\":3,\"name\":\"Bentlon Vacuum Bronze Smart B\"}]},{\"@type\":\"WebSite\",\"@id\":\"https:\\\/\\\/districos.standingout.be\\\/fr\\\/#website\",\"url\":\"https:\\\/\\\/districos.standingout.be\\\/fr\\\/\",\"name\":\"Districos Webshop\",\"description\":\"\",\"publisher\":{\"@id\":\"https:\\\/\\\/districos.standingout.be\\\/fr\\\/#organization\"},\"potentialAction\":[{\"@type\":\"SearchAction\",\"target\":{\"@type\":\"EntryPoint\",\"urlTemplate\":\"https:\\\/\\\/districos.standingout.be\\\/fr\\\/?s={search_term_string}\"},\"query-input\":{\"@type\":\"PropertyValueSpecification\",\"valueRequired\":true,\"valueName\":\"search_term_string\"}}],\"inLanguage\":\"fr-FR\"},{\"@type\":\"Organization\",\"@id\":\"https:\\\/\\\/districos.standingout.be\\\/fr\\\/#organization\",\"name\":\"Districos Webshop\",\"url\":\"https:\\\/\\\/districos.standingout.be\\\/fr\\\/\",\"logo\":{\"@type\":\"ImageObject\",\"inLanguage\":\"fr-FR\",\"@id\":\"https:\\\/\\\/districos.standingout.be\\\/fr\\\/#\\\/schema\\\/logo\\\/image\\\/\",\"url\":\"https:\\\/\\\/districos.standingout.be\\\/wp-content\\\/uploads\\\/2022\\\/09\\\/Districos_Logo_Webshop.svg\",\"contentUrl\":\"https:\\\/\\\/districos.standingout.be\\\/wp-content\\\/uploads\\\/2022\\\/09\\\/Districos_Logo_Webshop.svg\",\"caption\":\"Districos Webshop\"},\"image\":{\"@id\":\"https:\\\/\\\/districos.standingout.be\\\/fr\\\/#\\\/schema\\\/logo\\\/image\\\/\"}}]}<\/script>\n<!-- \/ Yoast SEO plugin. -->","yoast_head_json":{"title":"Bentlon Vacuum Bronze Smart B - Districos Webshop","robots":{"index":"noindex","follow":"follow","max-snippet":"max-snippet:-1","max-image-preview":"max-image-preview:large","max-video-preview":"max-video-preview:-1"},"og_locale":"fr_FR","og_type":"article","og_title":"Bentlon Vacuum Bronze Smart B - Districos Webshop","og_description":"Caract\u00e9ristiques g\u00e9n\u00e9rales de la base (comme sur la photo) : Base avec poign\u00e9e r\u00e9tractable Dimensions : 302 x 225 x 170 mm (L x l x h) Puissance : 230 W Poids : 3,4 kg \u00c9cran : LCD Blue R\u00e9servoir : Sac \u00e0 poussi\u00e8res rempla\u00e7able Commande : touche \u00e0 effleurement Force d\u2019aspiration maximale : 190 [&hellip;]","og_url":"https:\/\/districos.standingout.be\/fr\/product\/bentlon-vacuum-bronze-smart-b-ref-8446-01\/","og_site_name":"Districos Webshop","article_modified_time":"2026-04-28T09:47:46+00:00","twitter_card":"summary_large_image","twitter_misc":{"Dur\u00e9e de lecture estim\u00e9e":"1 minute"},"schema":{"@context":"https:\/\/schema.org","@graph":[{"@type":"WebPage","@id":"https:\/\/districos.standingout.be\/fr\/product\/bentlon-vacuum-bronze-smart-b-ref-8446-01\/","url":"https:\/\/districos.standingout.be\/fr\/product\/bentlon-vacuum-bronze-smart-b-ref-8446-01\/","name":"Bentlon Vacuum Bronze Smart B - Districos Webshop","isPartOf":{"@id":"https:\/\/districos.standingout.be\/fr\/#website"},"primaryImageOfPage":{"@id":"https:\/\/districos.standingout.be\/fr\/product\/bentlon-vacuum-bronze-smart-b-ref-8446-01\/#primaryimage"},"image":{"@id":"https:\/\/districos.standingout.be\/fr\/product\/bentlon-vacuum-bronze-smart-b-ref-8446-01\/#primaryimage"},"thumbnailUrl":"https:\/\/districos.standingout.be\/wp-content\/uploads\/2026\/03\/8446.01@LowRes_1_0.png","datePublished":"2026-04-28T09:47:42+00:00","dateModified":"2026-04-28T09:47:46+00:00","breadcrumb":{"@id":"https:\/\/districos.standingout.be\/fr\/product\/bentlon-vacuum-bronze-smart-b-ref-8446-01\/#breadcrumb"},"inLanguage":"fr-FR","potentialAction":[{"@type":"ReadAction","target":["https:\/\/districos.standingout.be\/fr\/product\/bentlon-vacuum-bronze-smart-b-ref-8446-01\/"]}]},{"@type":"ImageObject","inLanguage":"fr-FR","@id":"https:\/\/districos.standingout.be\/fr\/product\/bentlon-vacuum-bronze-smart-b-ref-8446-01\/#primaryimage","url":"https:\/\/districos.standingout.be\/wp-content\/uploads\/2026\/03\/8446.01@LowRes_1_0.png","contentUrl":"https:\/\/districos.standingout.be\/wp-content\/uploads\/2026\/03\/8446.01@LowRes_1_0.png","width":600,"height":600},{"@type":"BreadcrumbList","@id":"https:\/\/districos.standingout.be\/fr\/product\/bentlon-vacuum-bronze-smart-b-ref-8446-01\/#breadcrumb","itemListElement":[{"@type":"ListItem","position":1,"name":"Home","item":"https:\/\/districos.standingout.be\/fr\/bienvenue-chez-districos\/"},{"@type":"ListItem","position":2,"name":"Boutique","item":"https:\/\/districos.standingout.be\/fr\/boutique\/"},{"@type":"ListItem","position":3,"name":"Bentlon Vacuum Bronze Smart B"}]},{"@type":"WebSite","@id":"https:\/\/districos.standingout.be\/fr\/#website","url":"https:\/\/districos.standingout.be\/fr\/","name":"Districos Webshop","description":"","publisher":{"@id":"https:\/\/districos.standingout.be\/fr\/#organization"},"potentialAction":[{"@type":"SearchAction","target":{"@type":"EntryPoint","urlTemplate":"https:\/\/districos.standingout.be\/fr\/?s={search_term_string}"},"query-input":{"@type":"PropertyValueSpecification","valueRequired":true,"valueName":"search_term_string"}}],"inLanguage":"fr-FR"},{"@type":"Organization","@id":"https:\/\/districos.standingout.be\/fr\/#organization","name":"Districos Webshop","url":"https:\/\/districos.standingout.be\/fr\/","logo":{"@type":"ImageObject","inLanguage":"fr-FR","@id":"https:\/\/districos.standingout.be\/fr\/#\/schema\/logo\/image\/","url":"https:\/\/districos.standingout.be\/wp-content\/uploads\/2022\/09\/Districos_Logo_Webshop.svg","contentUrl":"https:\/\/districos.standingout.be\/wp-content\/uploads\/2022\/09\/Districos_Logo_Webshop.svg","caption":"Districos Webshop"},"image":{"@id":"https:\/\/districos.standingout.be\/fr\/#\/schema\/logo\/image\/"}}]}},"_links":{"self":[{"href":"https:\/\/districos.standingout.be\/fr\/wp-json\/wp\/v2\/product\/138693","targetHints":{"allow":["GET"]}}],"collection":[{"href":"https:\/\/districos.standingout.be\/fr\/wp-json\/wp\/v2\/product"}],"about":[{"href":"https:\/\/districos.standingout.be\/fr\/wp-json\/wp\/v2\/types\/product"}],"replies":[{"embeddable":true,"href":"https:\/\/districos.standingout.be\/fr\/wp-json\/wp\/v2\/comments?post=138693"}],"wp:featuredmedia":[{"embeddable":true,"href":"https:\/\/districos.standingout.be\/fr\/wp-json\/wp\/v2\/media\/111830"}],"wp:attachment":[{"href":"https:\/\/districos.standingout.be\/fr\/wp-json\/wp\/v2\/media?parent=138693"}],"wp:term":[{"taxonomy":"product_brand","embeddable":true,"href":"https:\/\/districos.standingout.be\/fr\/wp-json\/wp\/v2\/product_brand?post=138693"},{"taxonomy":"product_cat","embeddable":true,"href":"https:\/\/districos.standingout.be\/fr\/wp-json\/wp\/v2\/product_cat?post=138693"},{"taxonomy":"product_tag","embeddable":true,"href":"https:\/\/districos.standingout.be\/fr\/wp-json\/wp\/v2\/product_tag?post=138693"}],"curies":[{"name":"wp","href":"https:\/\/api.w.org\/{rel}","templated":true}]}}