{"id":138697,"date":"2026-04-28T11:48:58","date_gmt":"2026-04-28T09:48:58","guid":{"rendered":"https:\/\/webshopdistricoscom.webhosting.be\/product\/bentlon-spray-gold-perfect-l-ref-8446-16-2\/"},"modified":"2026-04-28T11:49:03","modified_gmt":"2026-04-28T09:49:03","slug":"bentlon-spray-gold-perfect-l-ref-8446-16","status":"publish","type":"product","link":"https:\/\/districos.standingout.be\/fr\/product\/bentlon-spray-gold-perfect-l-ref-8446-16\/","title":{"rendered":"Bentlon Spray Gold Perfect L"},"content":{"rendered":"<p >\n<p dir=ltr><b>Caract\u00e9ristiques g\u00e9n\u00e9rales de la base (comme sur la photo) :<\/b> <\/p>\n<ul> <\/p>\n<li>Base avec poign\u00e9e r\u00e9tractable<\/li>\n<p> <\/p>\n<li>Dimensions : 302 x 225 x 170 mm (L x l x h)<\/li>\n<p> <\/p>\n<li>Puissance : 120 W<\/li>\n<p> <\/p>\n<li>Poids : 3,4 kg<\/li>\n<p> <\/p>\n<li>Pr\u00e9sentoir : LCD Blue<\/li>\n<p> <\/p>\n<li>R\u00e9servoir spray : amovible, contenu : 245 ml.<\/li>\n<p> <\/p>\n<li>Commande : le spray et la vitesse sont r\u00e9gl\u00e9s avec des touches \u00e0 effleurement (sauf la fraiseuse Silver Perfect, le spray est r\u00e9gl\u00e9 avec bouton rotatif).<\/li>\n<p> <\/p>\n<li>Param\u00e8tres pr\u00e9f\u00e9rentiels spray : 3 (sauf la fraiseuse Silver Perfect)<\/li>\n<p> <\/p>\n<li>Param\u00e8tres pr\u00e9f\u00e9rentiels vitesse : 3<\/li>\n<p> <\/p>\n<li>\u00c9mission sonore : 58 dB<\/li>\n<p> <\/p>\n<li>Option : p\u00e9dale<\/li>\n<p> <\/ul>\n<p> <b>Gold Perfect L<\/b> <\/p>\n<ul> <\/p>\n<li> Moteur silencieux et puissant <\/li>\n<p> <\/p>\n<li> Vitesse : 5.000 \u00e0 40.000 tpm <\/li>\n<p> <\/p>\n<li> Vitesse variable : 19 positions <\/li>\n<p> <\/p>\n<li> Pi\u00e8ce \u00e0 main : Perfect L <\/li>\n<p> <\/p>\n<li> Poids pi\u00e8ce \u00e0 main : 151 g <\/li>\n<p> <\/p>\n<li> Moteur sans brosses : non <\/li>\n<p> <\/p>\n<li> LED : oui <\/li>\n<p> <\/ul><\/p>\n","protected":false},"excerpt":{"rendered":"<p>Caract\u00e9ristiques g\u00e9n\u00e9rales de la base (comme sur la photo) : Base avec poign\u00e9e r\u00e9tractable Dimensions : 302 x 225 x 170 mm (L x l x h) Puissance : 120 W Poids : 3,4 kg Pr\u00e9sentoir : LCD Blue R\u00e9servoir spray : amovible, contenu : 245 ml. Commande : le spray et la vitesse sont [&hellip;]<\/p>\n","protected":false},"featured_media":111836,"comment_status":"open","ping_status":"closed","template":"","meta":{"_acf_changed":false},"product_brand":[10316],"product_cat":[9940,10096,10038],"product_tag":[],"class_list":{"0":"post-138697","1":"product","2":"type-product","3":"status-publish","4":"has-post-thumbnail","6":"product_brand-bentlon-fr","7":"product_cat-beaute-pedicure-fraiseuses","8":"product_cat-amenagement-equipement-pedicure","9":"product_cat-soins-des-pieds-podologie-fraiseuses-technique-a-spray","11":"first","12":"outofstock","13":"taxable","14":"shipping-taxable","15":"product-type-simple"},"acf":[],"yoast_head":"<!-- This site is optimized with the Yoast SEO plugin v27.3 - https:\/\/yoast.com\/product\/yoast-seo-wordpress\/ -->\n<title>Bentlon Spray Gold Perfect L - Districos Webshop<\/title>\n<meta name=\"robots\" content=\"noindex, follow, max-snippet:-1, max-image-preview:large, max-video-preview:-1\" \/>\n<meta property=\"og:locale\" content=\"fr_FR\" \/>\n<meta property=\"og:type\" content=\"article\" \/>\n<meta property=\"og:title\" content=\"Bentlon Spray Gold Perfect L - Districos Webshop\" \/>\n<meta property=\"og:description\" content=\"Caract\u00e9ristiques g\u00e9n\u00e9rales de la base (comme sur la photo) : Base avec poign\u00e9e r\u00e9tractable Dimensions : 302 x 225 x 170 mm (L x l x h) Puissance : 120 W Poids : 3,4 kg Pr\u00e9sentoir : LCD Blue R\u00e9servoir spray : amovible, contenu : 245 ml. Commande : le spray et la vitesse sont [&hellip;]\" \/>\n<meta property=\"og:url\" content=\"https:\/\/districos.standingout.be\/fr\/product\/bentlon-spray-gold-perfect-l-ref-8446-16\/\" \/>\n<meta property=\"og:site_name\" content=\"Districos Webshop\" \/>\n<meta property=\"article:modified_time\" content=\"2026-04-28T09:49:03+00:00\" \/>\n<meta name=\"twitter:card\" content=\"summary_large_image\" \/>\n<meta name=\"twitter:label1\" content=\"Dur\u00e9e de lecture estim\u00e9e\" \/>\n\t<meta name=\"twitter:data1\" content=\"1 minute\" \/>\n<script type=\"application\/ld+json\" class=\"yoast-schema-graph\">{\"@context\":\"https:\\\/\\\/schema.org\",\"@graph\":[{\"@type\":\"WebPage\",\"@id\":\"https:\\\/\\\/districos.standingout.be\\\/fr\\\/product\\\/bentlon-spray-gold-perfect-l-ref-8446-16\\\/\",\"url\":\"https:\\\/\\\/districos.standingout.be\\\/fr\\\/product\\\/bentlon-spray-gold-perfect-l-ref-8446-16\\\/\",\"name\":\"Bentlon Spray Gold Perfect L - Districos Webshop\",\"isPartOf\":{\"@id\":\"https:\\\/\\\/districos.standingout.be\\\/fr\\\/#website\"},\"primaryImageOfPage\":{\"@id\":\"https:\\\/\\\/districos.standingout.be\\\/fr\\\/product\\\/bentlon-spray-gold-perfect-l-ref-8446-16\\\/#primaryimage\"},\"image\":{\"@id\":\"https:\\\/\\\/districos.standingout.be\\\/fr\\\/product\\\/bentlon-spray-gold-perfect-l-ref-8446-16\\\/#primaryimage\"},\"thumbnailUrl\":\"https:\\\/\\\/districos.standingout.be\\\/wp-content\\\/uploads\\\/2026\\\/03\\\/8446.16@LowRes_1_357.png\",\"datePublished\":\"2026-04-28T09:48:58+00:00\",\"dateModified\":\"2026-04-28T09:49:03+00:00\",\"breadcrumb\":{\"@id\":\"https:\\\/\\\/districos.standingout.be\\\/fr\\\/product\\\/bentlon-spray-gold-perfect-l-ref-8446-16\\\/#breadcrumb\"},\"inLanguage\":\"fr-FR\",\"potentialAction\":[{\"@type\":\"ReadAction\",\"target\":[\"https:\\\/\\\/districos.standingout.be\\\/fr\\\/product\\\/bentlon-spray-gold-perfect-l-ref-8446-16\\\/\"]}]},{\"@type\":\"ImageObject\",\"inLanguage\":\"fr-FR\",\"@id\":\"https:\\\/\\\/districos.standingout.be\\\/fr\\\/product\\\/bentlon-spray-gold-perfect-l-ref-8446-16\\\/#primaryimage\",\"url\":\"https:\\\/\\\/districos.standingout.be\\\/wp-content\\\/uploads\\\/2026\\\/03\\\/8446.16@LowRes_1_357.png\",\"contentUrl\":\"https:\\\/\\\/districos.standingout.be\\\/wp-content\\\/uploads\\\/2026\\\/03\\\/8446.16@LowRes_1_357.png\",\"width\":600,\"height\":600},{\"@type\":\"BreadcrumbList\",\"@id\":\"https:\\\/\\\/districos.standingout.be\\\/fr\\\/product\\\/bentlon-spray-gold-perfect-l-ref-8446-16\\\/#breadcrumb\",\"itemListElement\":[{\"@type\":\"ListItem\",\"position\":1,\"name\":\"Home\",\"item\":\"https:\\\/\\\/districos.standingout.be\\\/fr\\\/bienvenue-chez-districos\\\/\"},{\"@type\":\"ListItem\",\"position\":2,\"name\":\"Boutique\",\"item\":\"https:\\\/\\\/districos.standingout.be\\\/fr\\\/boutique\\\/\"},{\"@type\":\"ListItem\",\"position\":3,\"name\":\"Bentlon Spray Gold Perfect L\"}]},{\"@type\":\"WebSite\",\"@id\":\"https:\\\/\\\/districos.standingout.be\\\/fr\\\/#website\",\"url\":\"https:\\\/\\\/districos.standingout.be\\\/fr\\\/\",\"name\":\"Districos Webshop\",\"description\":\"\",\"publisher\":{\"@id\":\"https:\\\/\\\/districos.standingout.be\\\/fr\\\/#organization\"},\"potentialAction\":[{\"@type\":\"SearchAction\",\"target\":{\"@type\":\"EntryPoint\",\"urlTemplate\":\"https:\\\/\\\/districos.standingout.be\\\/fr\\\/?s={search_term_string}\"},\"query-input\":{\"@type\":\"PropertyValueSpecification\",\"valueRequired\":true,\"valueName\":\"search_term_string\"}}],\"inLanguage\":\"fr-FR\"},{\"@type\":\"Organization\",\"@id\":\"https:\\\/\\\/districos.standingout.be\\\/fr\\\/#organization\",\"name\":\"Districos Webshop\",\"url\":\"https:\\\/\\\/districos.standingout.be\\\/fr\\\/\",\"logo\":{\"@type\":\"ImageObject\",\"inLanguage\":\"fr-FR\",\"@id\":\"https:\\\/\\\/districos.standingout.be\\\/fr\\\/#\\\/schema\\\/logo\\\/image\\\/\",\"url\":\"https:\\\/\\\/districos.standingout.be\\\/wp-content\\\/uploads\\\/2022\\\/09\\\/Districos_Logo_Webshop.svg\",\"contentUrl\":\"https:\\\/\\\/districos.standingout.be\\\/wp-content\\\/uploads\\\/2022\\\/09\\\/Districos_Logo_Webshop.svg\",\"caption\":\"Districos Webshop\"},\"image\":{\"@id\":\"https:\\\/\\\/districos.standingout.be\\\/fr\\\/#\\\/schema\\\/logo\\\/image\\\/\"}}]}<\/script>\n<!-- \/ Yoast SEO plugin. -->","yoast_head_json":{"title":"Bentlon Spray Gold Perfect L - Districos Webshop","robots":{"index":"noindex","follow":"follow","max-snippet":"max-snippet:-1","max-image-preview":"max-image-preview:large","max-video-preview":"max-video-preview:-1"},"og_locale":"fr_FR","og_type":"article","og_title":"Bentlon Spray Gold Perfect L - Districos Webshop","og_description":"Caract\u00e9ristiques g\u00e9n\u00e9rales de la base (comme sur la photo) : Base avec poign\u00e9e r\u00e9tractable Dimensions : 302 x 225 x 170 mm (L x l x h) Puissance : 120 W Poids : 3,4 kg Pr\u00e9sentoir : LCD Blue R\u00e9servoir spray : amovible, contenu : 245 ml. Commande : le spray et la vitesse sont [&hellip;]","og_url":"https:\/\/districos.standingout.be\/fr\/product\/bentlon-spray-gold-perfect-l-ref-8446-16\/","og_site_name":"Districos Webshop","article_modified_time":"2026-04-28T09:49:03+00:00","twitter_card":"summary_large_image","twitter_misc":{"Dur\u00e9e de lecture estim\u00e9e":"1 minute"},"schema":{"@context":"https:\/\/schema.org","@graph":[{"@type":"WebPage","@id":"https:\/\/districos.standingout.be\/fr\/product\/bentlon-spray-gold-perfect-l-ref-8446-16\/","url":"https:\/\/districos.standingout.be\/fr\/product\/bentlon-spray-gold-perfect-l-ref-8446-16\/","name":"Bentlon Spray Gold Perfect L - Districos Webshop","isPartOf":{"@id":"https:\/\/districos.standingout.be\/fr\/#website"},"primaryImageOfPage":{"@id":"https:\/\/districos.standingout.be\/fr\/product\/bentlon-spray-gold-perfect-l-ref-8446-16\/#primaryimage"},"image":{"@id":"https:\/\/districos.standingout.be\/fr\/product\/bentlon-spray-gold-perfect-l-ref-8446-16\/#primaryimage"},"thumbnailUrl":"https:\/\/districos.standingout.be\/wp-content\/uploads\/2026\/03\/8446.16@LowRes_1_357.png","datePublished":"2026-04-28T09:48:58+00:00","dateModified":"2026-04-28T09:49:03+00:00","breadcrumb":{"@id":"https:\/\/districos.standingout.be\/fr\/product\/bentlon-spray-gold-perfect-l-ref-8446-16\/#breadcrumb"},"inLanguage":"fr-FR","potentialAction":[{"@type":"ReadAction","target":["https:\/\/districos.standingout.be\/fr\/product\/bentlon-spray-gold-perfect-l-ref-8446-16\/"]}]},{"@type":"ImageObject","inLanguage":"fr-FR","@id":"https:\/\/districos.standingout.be\/fr\/product\/bentlon-spray-gold-perfect-l-ref-8446-16\/#primaryimage","url":"https:\/\/districos.standingout.be\/wp-content\/uploads\/2026\/03\/8446.16@LowRes_1_357.png","contentUrl":"https:\/\/districos.standingout.be\/wp-content\/uploads\/2026\/03\/8446.16@LowRes_1_357.png","width":600,"height":600},{"@type":"BreadcrumbList","@id":"https:\/\/districos.standingout.be\/fr\/product\/bentlon-spray-gold-perfect-l-ref-8446-16\/#breadcrumb","itemListElement":[{"@type":"ListItem","position":1,"name":"Home","item":"https:\/\/districos.standingout.be\/fr\/bienvenue-chez-districos\/"},{"@type":"ListItem","position":2,"name":"Boutique","item":"https:\/\/districos.standingout.be\/fr\/boutique\/"},{"@type":"ListItem","position":3,"name":"Bentlon Spray Gold Perfect L"}]},{"@type":"WebSite","@id":"https:\/\/districos.standingout.be\/fr\/#website","url":"https:\/\/districos.standingout.be\/fr\/","name":"Districos Webshop","description":"","publisher":{"@id":"https:\/\/districos.standingout.be\/fr\/#organization"},"potentialAction":[{"@type":"SearchAction","target":{"@type":"EntryPoint","urlTemplate":"https:\/\/districos.standingout.be\/fr\/?s={search_term_string}"},"query-input":{"@type":"PropertyValueSpecification","valueRequired":true,"valueName":"search_term_string"}}],"inLanguage":"fr-FR"},{"@type":"Organization","@id":"https:\/\/districos.standingout.be\/fr\/#organization","name":"Districos Webshop","url":"https:\/\/districos.standingout.be\/fr\/","logo":{"@type":"ImageObject","inLanguage":"fr-FR","@id":"https:\/\/districos.standingout.be\/fr\/#\/schema\/logo\/image\/","url":"https:\/\/districos.standingout.be\/wp-content\/uploads\/2022\/09\/Districos_Logo_Webshop.svg","contentUrl":"https:\/\/districos.standingout.be\/wp-content\/uploads\/2022\/09\/Districos_Logo_Webshop.svg","caption":"Districos Webshop"},"image":{"@id":"https:\/\/districos.standingout.be\/fr\/#\/schema\/logo\/image\/"}}]}},"_links":{"self":[{"href":"https:\/\/districos.standingout.be\/fr\/wp-json\/wp\/v2\/product\/138697","targetHints":{"allow":["GET"]}}],"collection":[{"href":"https:\/\/districos.standingout.be\/fr\/wp-json\/wp\/v2\/product"}],"about":[{"href":"https:\/\/districos.standingout.be\/fr\/wp-json\/wp\/v2\/types\/product"}],"replies":[{"embeddable":true,"href":"https:\/\/districos.standingout.be\/fr\/wp-json\/wp\/v2\/comments?post=138697"}],"wp:featuredmedia":[{"embeddable":true,"href":"https:\/\/districos.standingout.be\/fr\/wp-json\/wp\/v2\/media\/111836"}],"wp:attachment":[{"href":"https:\/\/districos.standingout.be\/fr\/wp-json\/wp\/v2\/media?parent=138697"}],"wp:term":[{"taxonomy":"product_brand","embeddable":true,"href":"https:\/\/districos.standingout.be\/fr\/wp-json\/wp\/v2\/product_brand?post=138697"},{"taxonomy":"product_cat","embeddable":true,"href":"https:\/\/districos.standingout.be\/fr\/wp-json\/wp\/v2\/product_cat?post=138697"},{"taxonomy":"product_tag","embeddable":true,"href":"https:\/\/districos.standingout.be\/fr\/wp-json\/wp\/v2\/product_tag?post=138697"}],"curies":[{"name":"wp","href":"https:\/\/api.w.org\/{rel}","templated":true}]}}