{"id":138703,"date":"2026-04-28T11:51:21","date_gmt":"2026-04-28T09:51:21","guid":{"rendered":"https:\/\/webshopdistricoscom.webhosting.be\/product\/aqua-tech-elite-led-2-0-ref-8446-62-2\/"},"modified":"2026-04-28T11:51:28","modified_gmt":"2026-04-28T09:51:28","slug":"aqua-tech-elite-led-2-0-ref-8446-62","status":"publish","type":"product","link":"https:\/\/districos.standingout.be\/fr\/product\/aqua-tech-elite-led-2-0-ref-8446-62\/","title":{"rendered":"Aqua Tech Elite LED 2.0"},"content":{"rendered":"<p >\n<\/p>\n<\/p>\n<p dir=\"ltr\"><b>Caract\u00e9ristiques g\u00e9n\u00e9rales de la base :<\/b><\/p>\n<div>\n<div>\n<ul>\n<li><span>Vitesse tpm : 7.000 &#8211; 40.000<\/span><\/li>\n<li><span>Moteur sans brosse : oui<\/span><\/li>\n<li><span>Moteur dental : non<\/span><\/li>\n<li><span>Poids pi\u00e8ce \u00e0 main : 130 g<\/span><\/li>\n<li><span>Technologie du spray : analogue<\/span><\/li>\n<li><span>Tr\u00e8s fine brume<\/span><\/li>\n<li><span>Faible consommation<\/span><\/li>\n<li><span>Param\u00e8tres pr\u00e9f\u00e9rentiels spray : N\/D<\/span><\/li>\n<li><span>Param\u00e8tres pr\u00e9f\u00e9rentiels moteur : 3<\/span><\/li>\n<li><span>R\u00e9servoir du spray (amovible) : 200 ml<\/span><\/li>\n<li><span>Poids : 2,6 kg<\/span><\/li>\n<li><span>Dimensions base : 245 x 192 x 133 mm (L x l x h)<\/span><\/li>\n<\/ul>\n<ul>\n<li><span>Option : p\u00e9dale<\/span><\/li>\n<\/ul>\n<\/div>\n<div><b>Attention !<\/b> Utilisez exclusivement de l\u2019eau d\u00e9min\u00e9ralis\u00e9e sans additifs dans les appareils Aqua Tech.<\/div>\n<div><span><br \/><\/span><\/div>\n<div><span><b>Aqua Tech Elite LED 2.0 : Tout aussi puissant, d\u00e9sormais encore plus l\u00e9ger<\/b><\/span><\/div>\n<div>L\u2019Elite poss\u00e8de un moteur de p\u00e9dicure tr\u00e8s solide pour les p\u00e9dicures les plus exigeant(e)s. Munie d\u2019un compresseur tr\u00e8s puissant, cette fraiseuse est appropri\u00e9e pour un emploi \u00e0 temps plein (10 p\u00e9dicures par jour). Une tr\u00e8s fine brume pour une faible consommation et les trois fonctions de m\u00e9morisation vous permettent de changer facilement de vitesse. Disponible avec et sans LED dans la pi\u00e8ce \u00e0 main.<\/div>\n<div>\n<ul>\n<li><span>Pi\u00e8ce \u00e0 main : Elite<\/span><\/li>\n<li><span>LED dans la pi\u00e8ce \u00e0 main : oui<\/span><\/li>\n<\/ul>\n<\/div>\n<div>Conseill\u00e9e pour max. <b>10 p\u00e9dicures<\/b> par jour<\/div>\n<\/div><\/p>\n","protected":false},"excerpt":{"rendered":"<p>Caract\u00e9ristiques g\u00e9n\u00e9rales de la base : Vitesse tpm : 7.000 &#8211; 40.000 Moteur sans brosse : oui Moteur dental : non Poids pi\u00e8ce \u00e0 main : 130 g Technologie du spray : analogue Tr\u00e8s fine brume Faible consommation Param\u00e8tres pr\u00e9f\u00e9rentiels spray : N\/D Param\u00e8tres pr\u00e9f\u00e9rentiels moteur : 3 R\u00e9servoir du spray (amovible) : 200 ml [&hellip;]<\/p>\n","protected":false},"featured_media":148090,"comment_status":"open","ping_status":"closed","template":"","meta":{"_acf_changed":false},"product_brand":[10282],"product_cat":[9940,10096,10038],"product_tag":[],"class_list":{"0":"post-138703","1":"product","2":"type-product","3":"status-publish","4":"has-post-thumbnail","6":"product_brand-aquatech-fr","7":"product_cat-beaute-pedicure-fraiseuses","8":"product_cat-amenagement-equipement-pedicure","9":"product_cat-soins-des-pieds-podologie-fraiseuses-technique-a-spray","11":"first","12":"instock","13":"taxable","14":"shipping-taxable","15":"product-type-simple"},"acf":[],"yoast_head":"<!-- This site is optimized with the Yoast SEO plugin v27.3 - https:\/\/yoast.com\/product\/yoast-seo-wordpress\/ -->\n<title>Aqua Tech Elite LED 2.0 - Districos Webshop<\/title>\n<meta name=\"robots\" content=\"noindex, follow, max-snippet:-1, max-image-preview:large, max-video-preview:-1\" \/>\n<meta property=\"og:locale\" content=\"fr_FR\" \/>\n<meta property=\"og:type\" content=\"article\" \/>\n<meta property=\"og:title\" content=\"Aqua Tech Elite LED 2.0 - Districos Webshop\" \/>\n<meta property=\"og:description\" content=\"Caract\u00e9ristiques g\u00e9n\u00e9rales de la base : Vitesse tpm : 7.000 &#8211; 40.000 Moteur sans brosse : oui Moteur dental : non Poids pi\u00e8ce \u00e0 main : 130 g Technologie du spray : analogue Tr\u00e8s fine brume Faible consommation Param\u00e8tres pr\u00e9f\u00e9rentiels spray : N\/D Param\u00e8tres pr\u00e9f\u00e9rentiels moteur : 3 R\u00e9servoir du spray (amovible) : 200 ml [&hellip;]\" \/>\n<meta property=\"og:url\" content=\"https:\/\/districos.standingout.be\/fr\/product\/aqua-tech-elite-led-2-0-ref-8446-62\/\" \/>\n<meta property=\"og:site_name\" content=\"Districos Webshop\" \/>\n<meta property=\"article:modified_time\" content=\"2026-04-28T09:51:28+00:00\" \/>\n<meta name=\"twitter:card\" content=\"summary_large_image\" \/>\n<meta name=\"twitter:label1\" content=\"Dur\u00e9e de lecture estim\u00e9e\" \/>\n\t<meta name=\"twitter:data1\" content=\"1 minute\" \/>\n<script type=\"application\/ld+json\" class=\"yoast-schema-graph\">{\"@context\":\"https:\\\/\\\/schema.org\",\"@graph\":[{\"@type\":\"WebPage\",\"@id\":\"https:\\\/\\\/districos.standingout.be\\\/fr\\\/product\\\/aqua-tech-elite-led-2-0-ref-8446-62\\\/\",\"url\":\"https:\\\/\\\/districos.standingout.be\\\/fr\\\/product\\\/aqua-tech-elite-led-2-0-ref-8446-62\\\/\",\"name\":\"Aqua Tech Elite LED 2.0 - Districos Webshop\",\"isPartOf\":{\"@id\":\"https:\\\/\\\/districos.standingout.be\\\/fr\\\/#website\"},\"primaryImageOfPage\":{\"@id\":\"https:\\\/\\\/districos.standingout.be\\\/fr\\\/product\\\/aqua-tech-elite-led-2-0-ref-8446-62\\\/#primaryimage\"},\"image\":{\"@id\":\"https:\\\/\\\/districos.standingout.be\\\/fr\\\/product\\\/aqua-tech-elite-led-2-0-ref-8446-62\\\/#primaryimage\"},\"thumbnailUrl\":\"https:\\\/\\\/districos.standingout.be\\\/wp-content\\\/uploads\\\/2026\\\/04\\\/8446.62@Aqua-Tech-Elite-LED-2.0_1.png\",\"datePublished\":\"2026-04-28T09:51:21+00:00\",\"dateModified\":\"2026-04-28T09:51:28+00:00\",\"breadcrumb\":{\"@id\":\"https:\\\/\\\/districos.standingout.be\\\/fr\\\/product\\\/aqua-tech-elite-led-2-0-ref-8446-62\\\/#breadcrumb\"},\"inLanguage\":\"fr-FR\",\"potentialAction\":[{\"@type\":\"ReadAction\",\"target\":[\"https:\\\/\\\/districos.standingout.be\\\/fr\\\/product\\\/aqua-tech-elite-led-2-0-ref-8446-62\\\/\"]}]},{\"@type\":\"ImageObject\",\"inLanguage\":\"fr-FR\",\"@id\":\"https:\\\/\\\/districos.standingout.be\\\/fr\\\/product\\\/aqua-tech-elite-led-2-0-ref-8446-62\\\/#primaryimage\",\"url\":\"https:\\\/\\\/districos.standingout.be\\\/wp-content\\\/uploads\\\/2026\\\/04\\\/8446.62@Aqua-Tech-Elite-LED-2.0_1.png\",\"contentUrl\":\"https:\\\/\\\/districos.standingout.be\\\/wp-content\\\/uploads\\\/2026\\\/04\\\/8446.62@Aqua-Tech-Elite-LED-2.0_1.png\",\"width\":600,\"height\":600},{\"@type\":\"BreadcrumbList\",\"@id\":\"https:\\\/\\\/districos.standingout.be\\\/fr\\\/product\\\/aqua-tech-elite-led-2-0-ref-8446-62\\\/#breadcrumb\",\"itemListElement\":[{\"@type\":\"ListItem\",\"position\":1,\"name\":\"Home\",\"item\":\"https:\\\/\\\/districos.standingout.be\\\/fr\\\/bienvenue-chez-districos\\\/\"},{\"@type\":\"ListItem\",\"position\":2,\"name\":\"Boutique\",\"item\":\"https:\\\/\\\/districos.standingout.be\\\/fr\\\/boutique\\\/\"},{\"@type\":\"ListItem\",\"position\":3,\"name\":\"Aqua Tech Elite LED 2.0\"}]},{\"@type\":\"WebSite\",\"@id\":\"https:\\\/\\\/districos.standingout.be\\\/fr\\\/#website\",\"url\":\"https:\\\/\\\/districos.standingout.be\\\/fr\\\/\",\"name\":\"Districos Webshop\",\"description\":\"\",\"publisher\":{\"@id\":\"https:\\\/\\\/districos.standingout.be\\\/fr\\\/#organization\"},\"potentialAction\":[{\"@type\":\"SearchAction\",\"target\":{\"@type\":\"EntryPoint\",\"urlTemplate\":\"https:\\\/\\\/districos.standingout.be\\\/fr\\\/?s={search_term_string}\"},\"query-input\":{\"@type\":\"PropertyValueSpecification\",\"valueRequired\":true,\"valueName\":\"search_term_string\"}}],\"inLanguage\":\"fr-FR\"},{\"@type\":\"Organization\",\"@id\":\"https:\\\/\\\/districos.standingout.be\\\/fr\\\/#organization\",\"name\":\"Districos Webshop\",\"url\":\"https:\\\/\\\/districos.standingout.be\\\/fr\\\/\",\"logo\":{\"@type\":\"ImageObject\",\"inLanguage\":\"fr-FR\",\"@id\":\"https:\\\/\\\/districos.standingout.be\\\/fr\\\/#\\\/schema\\\/logo\\\/image\\\/\",\"url\":\"https:\\\/\\\/districos.standingout.be\\\/wp-content\\\/uploads\\\/2022\\\/09\\\/Districos_Logo_Webshop.svg\",\"contentUrl\":\"https:\\\/\\\/districos.standingout.be\\\/wp-content\\\/uploads\\\/2022\\\/09\\\/Districos_Logo_Webshop.svg\",\"caption\":\"Districos Webshop\"},\"image\":{\"@id\":\"https:\\\/\\\/districos.standingout.be\\\/fr\\\/#\\\/schema\\\/logo\\\/image\\\/\"}}]}<\/script>\n<!-- \/ Yoast SEO plugin. -->","yoast_head_json":{"title":"Aqua Tech Elite LED 2.0 - Districos Webshop","robots":{"index":"noindex","follow":"follow","max-snippet":"max-snippet:-1","max-image-preview":"max-image-preview:large","max-video-preview":"max-video-preview:-1"},"og_locale":"fr_FR","og_type":"article","og_title":"Aqua Tech Elite LED 2.0 - Districos Webshop","og_description":"Caract\u00e9ristiques g\u00e9n\u00e9rales de la base : Vitesse tpm : 7.000 &#8211; 40.000 Moteur sans brosse : oui Moteur dental : non Poids pi\u00e8ce \u00e0 main : 130 g Technologie du spray : analogue Tr\u00e8s fine brume Faible consommation Param\u00e8tres pr\u00e9f\u00e9rentiels spray : N\/D Param\u00e8tres pr\u00e9f\u00e9rentiels moteur : 3 R\u00e9servoir du spray (amovible) : 200 ml [&hellip;]","og_url":"https:\/\/districos.standingout.be\/fr\/product\/aqua-tech-elite-led-2-0-ref-8446-62\/","og_site_name":"Districos Webshop","article_modified_time":"2026-04-28T09:51:28+00:00","twitter_card":"summary_large_image","twitter_misc":{"Dur\u00e9e de lecture estim\u00e9e":"1 minute"},"schema":{"@context":"https:\/\/schema.org","@graph":[{"@type":"WebPage","@id":"https:\/\/districos.standingout.be\/fr\/product\/aqua-tech-elite-led-2-0-ref-8446-62\/","url":"https:\/\/districos.standingout.be\/fr\/product\/aqua-tech-elite-led-2-0-ref-8446-62\/","name":"Aqua Tech Elite LED 2.0 - Districos Webshop","isPartOf":{"@id":"https:\/\/districos.standingout.be\/fr\/#website"},"primaryImageOfPage":{"@id":"https:\/\/districos.standingout.be\/fr\/product\/aqua-tech-elite-led-2-0-ref-8446-62\/#primaryimage"},"image":{"@id":"https:\/\/districos.standingout.be\/fr\/product\/aqua-tech-elite-led-2-0-ref-8446-62\/#primaryimage"},"thumbnailUrl":"https:\/\/districos.standingout.be\/wp-content\/uploads\/2026\/04\/8446.62@Aqua-Tech-Elite-LED-2.0_1.png","datePublished":"2026-04-28T09:51:21+00:00","dateModified":"2026-04-28T09:51:28+00:00","breadcrumb":{"@id":"https:\/\/districos.standingout.be\/fr\/product\/aqua-tech-elite-led-2-0-ref-8446-62\/#breadcrumb"},"inLanguage":"fr-FR","potentialAction":[{"@type":"ReadAction","target":["https:\/\/districos.standingout.be\/fr\/product\/aqua-tech-elite-led-2-0-ref-8446-62\/"]}]},{"@type":"ImageObject","inLanguage":"fr-FR","@id":"https:\/\/districos.standingout.be\/fr\/product\/aqua-tech-elite-led-2-0-ref-8446-62\/#primaryimage","url":"https:\/\/districos.standingout.be\/wp-content\/uploads\/2026\/04\/8446.62@Aqua-Tech-Elite-LED-2.0_1.png","contentUrl":"https:\/\/districos.standingout.be\/wp-content\/uploads\/2026\/04\/8446.62@Aqua-Tech-Elite-LED-2.0_1.png","width":600,"height":600},{"@type":"BreadcrumbList","@id":"https:\/\/districos.standingout.be\/fr\/product\/aqua-tech-elite-led-2-0-ref-8446-62\/#breadcrumb","itemListElement":[{"@type":"ListItem","position":1,"name":"Home","item":"https:\/\/districos.standingout.be\/fr\/bienvenue-chez-districos\/"},{"@type":"ListItem","position":2,"name":"Boutique","item":"https:\/\/districos.standingout.be\/fr\/boutique\/"},{"@type":"ListItem","position":3,"name":"Aqua Tech Elite LED 2.0"}]},{"@type":"WebSite","@id":"https:\/\/districos.standingout.be\/fr\/#website","url":"https:\/\/districos.standingout.be\/fr\/","name":"Districos Webshop","description":"","publisher":{"@id":"https:\/\/districos.standingout.be\/fr\/#organization"},"potentialAction":[{"@type":"SearchAction","target":{"@type":"EntryPoint","urlTemplate":"https:\/\/districos.standingout.be\/fr\/?s={search_term_string}"},"query-input":{"@type":"PropertyValueSpecification","valueRequired":true,"valueName":"search_term_string"}}],"inLanguage":"fr-FR"},{"@type":"Organization","@id":"https:\/\/districos.standingout.be\/fr\/#organization","name":"Districos Webshop","url":"https:\/\/districos.standingout.be\/fr\/","logo":{"@type":"ImageObject","inLanguage":"fr-FR","@id":"https:\/\/districos.standingout.be\/fr\/#\/schema\/logo\/image\/","url":"https:\/\/districos.standingout.be\/wp-content\/uploads\/2022\/09\/Districos_Logo_Webshop.svg","contentUrl":"https:\/\/districos.standingout.be\/wp-content\/uploads\/2022\/09\/Districos_Logo_Webshop.svg","caption":"Districos Webshop"},"image":{"@id":"https:\/\/districos.standingout.be\/fr\/#\/schema\/logo\/image\/"}}]}},"_links":{"self":[{"href":"https:\/\/districos.standingout.be\/fr\/wp-json\/wp\/v2\/product\/138703","targetHints":{"allow":["GET"]}}],"collection":[{"href":"https:\/\/districos.standingout.be\/fr\/wp-json\/wp\/v2\/product"}],"about":[{"href":"https:\/\/districos.standingout.be\/fr\/wp-json\/wp\/v2\/types\/product"}],"replies":[{"embeddable":true,"href":"https:\/\/districos.standingout.be\/fr\/wp-json\/wp\/v2\/comments?post=138703"}],"wp:featuredmedia":[{"embeddable":true,"href":"https:\/\/districos.standingout.be\/fr\/wp-json\/wp\/v2\/media\/148090"}],"wp:attachment":[{"href":"https:\/\/districos.standingout.be\/fr\/wp-json\/wp\/v2\/media?parent=138703"}],"wp:term":[{"taxonomy":"product_brand","embeddable":true,"href":"https:\/\/districos.standingout.be\/fr\/wp-json\/wp\/v2\/product_brand?post=138703"},{"taxonomy":"product_cat","embeddable":true,"href":"https:\/\/districos.standingout.be\/fr\/wp-json\/wp\/v2\/product_cat?post=138703"},{"taxonomy":"product_tag","embeddable":true,"href":"https:\/\/districos.standingout.be\/fr\/wp-json\/wp\/v2\/product_tag?post=138703"}],"curies":[{"name":"wp","href":"https:\/\/api.w.org\/{rel}","templated":true}]}}