{"id":138711,"date":"2026-04-28T11:52:29","date_gmt":"2026-04-28T09:52:29","guid":{"rendered":"https:\/\/webshopdistricoscom.webhosting.be\/product\/m-2001-vapozone-ref-8450-13-2\/"},"modified":"2026-04-28T11:52:33","modified_gmt":"2026-04-28T09:52:33","slug":"m-2001-vapozone-ref-8450-13","status":"publish","type":"product","link":"https:\/\/districos.standingout.be\/fr\/product\/m-2001-vapozone-ref-8450-13\/","title":{"rendered":"M-2001 Vapozone"},"content":{"rendered":"<p >\n<\/p>\n<\/p>\n<p><span>Tous nos vapozones ont une t\u00eate \u00e0 vapeur tournante et une lampe ozone int\u00e9gr\u00e9e avec interrupteur marche\/arr\u00eat. Puisqu\u2019ils sont r\u00e9glables en hauteur, les vapozones peuvent \u00eatre employ\u00e9s avec n\u2019importe quel fauteuil ou table de massage.<b><br \/> Caract\u00e9ristiques techniques :<\/b><o:p><\/o:p><\/span><\/p>\n<\/p>\n<ul>\n<li><span>Design rond<\/span><\/li>\n<li><span>T\u00eate de vapeur tournante<\/span><\/li>\n<li><span>Minuterie r\u00e9glable (60 min.) <b>(Attention : produit un l\u00e9ger son de minuterie)<\/b><\/span><\/li>\n<li><span>Lampe ozone int\u00e9gr\u00e9e, qui est manipul\u00e9e par un commutateur marche\/arr\u00eat ind\u00e9pendant<\/span><\/li>\n<li><span>Ajustable en hauteur<\/span><\/li>\n<li><span>Livr\u00e9 sur statif roulant blanc \u00e0 5 roulettes pivotantes<\/span><\/li>\n<li><span>Diam\u00e8tre du pied : 60 cm<\/span><\/li>\n<li><span>Puissance : 797 W<\/span><\/li>\n<\/ul>\n<p><span><b>Attention&nbsp;:<\/b> Utilisez uniquement de l\u2019eau d\u00e9min\u00e9ralis\u00e9e (r\u00e9f. 8825) dans votre vapozone et n\u2019ajoutez pas d\u2019huiles essentielles!<br \/><b> Emploi&nbsp;:<\/b> Rajoutez un peu de sel \u00e0 l\u2019eau d\u00e9min\u00e9ralis\u00e9e pour une conduction \u00e9lectrique optimale.<o:p><\/o:p><\/span><\/p>\n","protected":false},"excerpt":{"rendered":"<p>Tous nos vapozones ont une t\u00eate \u00e0 vapeur tournante et une lampe ozone int\u00e9gr\u00e9e avec interrupteur marche\/arr\u00eat. Puisqu\u2019ils sont r\u00e9glables en hauteur, les vapozones peuvent \u00eatre employ\u00e9s avec n\u2019importe quel fauteuil ou table de massage. Caract\u00e9ristiques techniques : Design rond T\u00eate de vapeur tournante Minuterie r\u00e9glable (60 min.) (Attention : produit un l\u00e9ger son de [&hellip;]<\/p>\n","protected":false},"featured_media":82226,"comment_status":"open","ping_status":"closed","template":"","meta":{"_acf_changed":false},"product_brand":[10612],"product_cat":[9862,10090],"product_tag":[],"class_list":{"0":"post-138711","1":"product","2":"type-product","3":"status-publish","4":"has-post-thumbnail","6":"product_brand-zenna-fr","7":"product_cat-beaute-visage-equipement","8":"product_cat-amenagement-equipement-visage","10":"first","11":"instock","12":"taxable","13":"shipping-taxable","14":"product-type-simple"},"acf":[],"yoast_head":"<!-- This site is optimized with the Yoast SEO plugin v27.3 - https:\/\/yoast.com\/product\/yoast-seo-wordpress\/ -->\n<title>M-2001 Vapozone - Districos Webshop<\/title>\n<meta name=\"robots\" content=\"noindex, follow, max-snippet:-1, max-image-preview:large, max-video-preview:-1\" \/>\n<meta property=\"og:locale\" content=\"fr_FR\" \/>\n<meta property=\"og:type\" content=\"article\" \/>\n<meta property=\"og:title\" content=\"M-2001 Vapozone - Districos Webshop\" \/>\n<meta property=\"og:description\" content=\"Tous nos vapozones ont une t\u00eate \u00e0 vapeur tournante et une lampe ozone int\u00e9gr\u00e9e avec interrupteur marche\/arr\u00eat. Puisqu\u2019ils sont r\u00e9glables en hauteur, les vapozones peuvent \u00eatre employ\u00e9s avec n\u2019importe quel fauteuil ou table de massage. Caract\u00e9ristiques techniques : Design rond T\u00eate de vapeur tournante Minuterie r\u00e9glable (60 min.) (Attention : produit un l\u00e9ger son de [&hellip;]\" \/>\n<meta property=\"og:url\" content=\"https:\/\/districos.standingout.be\/fr\/product\/m-2001-vapozone-ref-8450-13\/\" \/>\n<meta property=\"og:site_name\" content=\"Districos Webshop\" \/>\n<meta property=\"article:modified_time\" content=\"2026-04-28T09:52:33+00:00\" \/>\n<meta name=\"twitter:card\" content=\"summary_large_image\" \/>\n<meta name=\"twitter:label1\" content=\"Dur\u00e9e de lecture estim\u00e9e\" \/>\n\t<meta name=\"twitter:data1\" content=\"1 minute\" \/>\n<script type=\"application\/ld+json\" class=\"yoast-schema-graph\">{\"@context\":\"https:\\\/\\\/schema.org\",\"@graph\":[{\"@type\":\"WebPage\",\"@id\":\"https:\\\/\\\/districos.standingout.be\\\/fr\\\/product\\\/m-2001-vapozone-ref-8450-13\\\/\",\"url\":\"https:\\\/\\\/districos.standingout.be\\\/fr\\\/product\\\/m-2001-vapozone-ref-8450-13\\\/\",\"name\":\"M-2001 Vapozone - Districos Webshop\",\"isPartOf\":{\"@id\":\"https:\\\/\\\/districos.standingout.be\\\/fr\\\/#website\"},\"primaryImageOfPage\":{\"@id\":\"https:\\\/\\\/districos.standingout.be\\\/fr\\\/product\\\/m-2001-vapozone-ref-8450-13\\\/#primaryimage\"},\"image\":{\"@id\":\"https:\\\/\\\/districos.standingout.be\\\/fr\\\/product\\\/m-2001-vapozone-ref-8450-13\\\/#primaryimage\"},\"thumbnailUrl\":\"https:\\\/\\\/districos.standingout.be\\\/wp-content\\\/uploads\\\/2025\\\/07\\\/8450.13@LowRes_1.png\",\"datePublished\":\"2026-04-28T09:52:29+00:00\",\"dateModified\":\"2026-04-28T09:52:33+00:00\",\"breadcrumb\":{\"@id\":\"https:\\\/\\\/districos.standingout.be\\\/fr\\\/product\\\/m-2001-vapozone-ref-8450-13\\\/#breadcrumb\"},\"inLanguage\":\"fr-FR\",\"potentialAction\":[{\"@type\":\"ReadAction\",\"target\":[\"https:\\\/\\\/districos.standingout.be\\\/fr\\\/product\\\/m-2001-vapozone-ref-8450-13\\\/\"]}]},{\"@type\":\"ImageObject\",\"inLanguage\":\"fr-FR\",\"@id\":\"https:\\\/\\\/districos.standingout.be\\\/fr\\\/product\\\/m-2001-vapozone-ref-8450-13\\\/#primaryimage\",\"url\":\"https:\\\/\\\/districos.standingout.be\\\/wp-content\\\/uploads\\\/2025\\\/07\\\/8450.13@LowRes_1.png\",\"contentUrl\":\"https:\\\/\\\/districos.standingout.be\\\/wp-content\\\/uploads\\\/2025\\\/07\\\/8450.13@LowRes_1.png\",\"width\":600,\"height\":600},{\"@type\":\"BreadcrumbList\",\"@id\":\"https:\\\/\\\/districos.standingout.be\\\/fr\\\/product\\\/m-2001-vapozone-ref-8450-13\\\/#breadcrumb\",\"itemListElement\":[{\"@type\":\"ListItem\",\"position\":1,\"name\":\"Home\",\"item\":\"https:\\\/\\\/districos.standingout.be\\\/fr\\\/bienvenue-chez-districos\\\/\"},{\"@type\":\"ListItem\",\"position\":2,\"name\":\"Boutique\",\"item\":\"https:\\\/\\\/districos.standingout.be\\\/fr\\\/boutique\\\/\"},{\"@type\":\"ListItem\",\"position\":3,\"name\":\"M-2001 Vapozone\"}]},{\"@type\":\"WebSite\",\"@id\":\"https:\\\/\\\/districos.standingout.be\\\/fr\\\/#website\",\"url\":\"https:\\\/\\\/districos.standingout.be\\\/fr\\\/\",\"name\":\"Districos Webshop\",\"description\":\"\",\"publisher\":{\"@id\":\"https:\\\/\\\/districos.standingout.be\\\/fr\\\/#organization\"},\"potentialAction\":[{\"@type\":\"SearchAction\",\"target\":{\"@type\":\"EntryPoint\",\"urlTemplate\":\"https:\\\/\\\/districos.standingout.be\\\/fr\\\/?s={search_term_string}\"},\"query-input\":{\"@type\":\"PropertyValueSpecification\",\"valueRequired\":true,\"valueName\":\"search_term_string\"}}],\"inLanguage\":\"fr-FR\"},{\"@type\":\"Organization\",\"@id\":\"https:\\\/\\\/districos.standingout.be\\\/fr\\\/#organization\",\"name\":\"Districos Webshop\",\"url\":\"https:\\\/\\\/districos.standingout.be\\\/fr\\\/\",\"logo\":{\"@type\":\"ImageObject\",\"inLanguage\":\"fr-FR\",\"@id\":\"https:\\\/\\\/districos.standingout.be\\\/fr\\\/#\\\/schema\\\/logo\\\/image\\\/\",\"url\":\"https:\\\/\\\/districos.standingout.be\\\/wp-content\\\/uploads\\\/2022\\\/09\\\/Districos_Logo_Webshop.svg\",\"contentUrl\":\"https:\\\/\\\/districos.standingout.be\\\/wp-content\\\/uploads\\\/2022\\\/09\\\/Districos_Logo_Webshop.svg\",\"caption\":\"Districos Webshop\"},\"image\":{\"@id\":\"https:\\\/\\\/districos.standingout.be\\\/fr\\\/#\\\/schema\\\/logo\\\/image\\\/\"}}]}<\/script>\n<!-- \/ Yoast SEO plugin. -->","yoast_head_json":{"title":"M-2001 Vapozone - Districos Webshop","robots":{"index":"noindex","follow":"follow","max-snippet":"max-snippet:-1","max-image-preview":"max-image-preview:large","max-video-preview":"max-video-preview:-1"},"og_locale":"fr_FR","og_type":"article","og_title":"M-2001 Vapozone - Districos Webshop","og_description":"Tous nos vapozones ont une t\u00eate \u00e0 vapeur tournante et une lampe ozone int\u00e9gr\u00e9e avec interrupteur marche\/arr\u00eat. Puisqu\u2019ils sont r\u00e9glables en hauteur, les vapozones peuvent \u00eatre employ\u00e9s avec n\u2019importe quel fauteuil ou table de massage. Caract\u00e9ristiques techniques : Design rond T\u00eate de vapeur tournante Minuterie r\u00e9glable (60 min.) (Attention : produit un l\u00e9ger son de [&hellip;]","og_url":"https:\/\/districos.standingout.be\/fr\/product\/m-2001-vapozone-ref-8450-13\/","og_site_name":"Districos Webshop","article_modified_time":"2026-04-28T09:52:33+00:00","twitter_card":"summary_large_image","twitter_misc":{"Dur\u00e9e de lecture estim\u00e9e":"1 minute"},"schema":{"@context":"https:\/\/schema.org","@graph":[{"@type":"WebPage","@id":"https:\/\/districos.standingout.be\/fr\/product\/m-2001-vapozone-ref-8450-13\/","url":"https:\/\/districos.standingout.be\/fr\/product\/m-2001-vapozone-ref-8450-13\/","name":"M-2001 Vapozone - Districos Webshop","isPartOf":{"@id":"https:\/\/districos.standingout.be\/fr\/#website"},"primaryImageOfPage":{"@id":"https:\/\/districos.standingout.be\/fr\/product\/m-2001-vapozone-ref-8450-13\/#primaryimage"},"image":{"@id":"https:\/\/districos.standingout.be\/fr\/product\/m-2001-vapozone-ref-8450-13\/#primaryimage"},"thumbnailUrl":"https:\/\/districos.standingout.be\/wp-content\/uploads\/2025\/07\/8450.13@LowRes_1.png","datePublished":"2026-04-28T09:52:29+00:00","dateModified":"2026-04-28T09:52:33+00:00","breadcrumb":{"@id":"https:\/\/districos.standingout.be\/fr\/product\/m-2001-vapozone-ref-8450-13\/#breadcrumb"},"inLanguage":"fr-FR","potentialAction":[{"@type":"ReadAction","target":["https:\/\/districos.standingout.be\/fr\/product\/m-2001-vapozone-ref-8450-13\/"]}]},{"@type":"ImageObject","inLanguage":"fr-FR","@id":"https:\/\/districos.standingout.be\/fr\/product\/m-2001-vapozone-ref-8450-13\/#primaryimage","url":"https:\/\/districos.standingout.be\/wp-content\/uploads\/2025\/07\/8450.13@LowRes_1.png","contentUrl":"https:\/\/districos.standingout.be\/wp-content\/uploads\/2025\/07\/8450.13@LowRes_1.png","width":600,"height":600},{"@type":"BreadcrumbList","@id":"https:\/\/districos.standingout.be\/fr\/product\/m-2001-vapozone-ref-8450-13\/#breadcrumb","itemListElement":[{"@type":"ListItem","position":1,"name":"Home","item":"https:\/\/districos.standingout.be\/fr\/bienvenue-chez-districos\/"},{"@type":"ListItem","position":2,"name":"Boutique","item":"https:\/\/districos.standingout.be\/fr\/boutique\/"},{"@type":"ListItem","position":3,"name":"M-2001 Vapozone"}]},{"@type":"WebSite","@id":"https:\/\/districos.standingout.be\/fr\/#website","url":"https:\/\/districos.standingout.be\/fr\/","name":"Districos Webshop","description":"","publisher":{"@id":"https:\/\/districos.standingout.be\/fr\/#organization"},"potentialAction":[{"@type":"SearchAction","target":{"@type":"EntryPoint","urlTemplate":"https:\/\/districos.standingout.be\/fr\/?s={search_term_string}"},"query-input":{"@type":"PropertyValueSpecification","valueRequired":true,"valueName":"search_term_string"}}],"inLanguage":"fr-FR"},{"@type":"Organization","@id":"https:\/\/districos.standingout.be\/fr\/#organization","name":"Districos Webshop","url":"https:\/\/districos.standingout.be\/fr\/","logo":{"@type":"ImageObject","inLanguage":"fr-FR","@id":"https:\/\/districos.standingout.be\/fr\/#\/schema\/logo\/image\/","url":"https:\/\/districos.standingout.be\/wp-content\/uploads\/2022\/09\/Districos_Logo_Webshop.svg","contentUrl":"https:\/\/districos.standingout.be\/wp-content\/uploads\/2022\/09\/Districos_Logo_Webshop.svg","caption":"Districos Webshop"},"image":{"@id":"https:\/\/districos.standingout.be\/fr\/#\/schema\/logo\/image\/"}}]}},"_links":{"self":[{"href":"https:\/\/districos.standingout.be\/fr\/wp-json\/wp\/v2\/product\/138711","targetHints":{"allow":["GET"]}}],"collection":[{"href":"https:\/\/districos.standingout.be\/fr\/wp-json\/wp\/v2\/product"}],"about":[{"href":"https:\/\/districos.standingout.be\/fr\/wp-json\/wp\/v2\/types\/product"}],"replies":[{"embeddable":true,"href":"https:\/\/districos.standingout.be\/fr\/wp-json\/wp\/v2\/comments?post=138711"}],"wp:featuredmedia":[{"embeddable":true,"href":"https:\/\/districos.standingout.be\/fr\/wp-json\/wp\/v2\/media\/82226"}],"wp:attachment":[{"href":"https:\/\/districos.standingout.be\/fr\/wp-json\/wp\/v2\/media?parent=138711"}],"wp:term":[{"taxonomy":"product_brand","embeddable":true,"href":"https:\/\/districos.standingout.be\/fr\/wp-json\/wp\/v2\/product_brand?post=138711"},{"taxonomy":"product_cat","embeddable":true,"href":"https:\/\/districos.standingout.be\/fr\/wp-json\/wp\/v2\/product_cat?post=138711"},{"taxonomy":"product_tag","embeddable":true,"href":"https:\/\/districos.standingout.be\/fr\/wp-json\/wp\/v2\/product_tag?post=138711"}],"curies":[{"name":"wp","href":"https:\/\/api.w.org\/{rel}","templated":true}]}}