{"id":138717,"date":"2026-04-28T11:52:44","date_gmt":"2026-04-28T09:52:44","guid":{"rendered":"https:\/\/webshopdistricoscom.webhosting.be\/product\/ms-2102b-vapozone-ref-8450-16-2\/"},"modified":"2026-04-28T11:52:48","modified_gmt":"2026-04-28T09:52:48","slug":"ms-2102b-vapozone-ref-8450-16","status":"publish","type":"product","link":"https:\/\/districos.standingout.be\/fr\/product\/ms-2102b-vapozone-ref-8450-16\/","title":{"rendered":"MS-2102B Vapozone"},"content":{"rendered":"<p >\n<p dir=ltr>Vapozone avec \u00e9cran tactile digital, t\u00eate \u00e0 vapeur tournante et lampe ozone int\u00e9gr\u00e9e. L\u2019\u00e9cran \u00e9clair\u00e9 donne de l\u2019information pr\u00e9cise sur le temps et la puissance de vapeur. Puisqu\u2019il est r\u00e9glable en hauteur, le vapozone peut \u00eatre employ\u00e9 avec n\u2019importe quel fauteuil ou table de massage.<\/p>\n<p> Caract\u00e9ristiques techniques : <\/p>\n<ul> <\/p>\n<li>Design moderne avec \u00e9cran tactile<\/li>\n<p> <\/p>\n<li>T\u00eate de vapeur tournante<\/li>\n<p> <\/p>\n<li>R\u00e9glage digital d\u2019aussi bien la puissance de vapeur (10 positions) que de la minuterie (30 min. avec intervalles de 10 sec.)<\/li>\n<p> <\/p>\n<li>Lampe ozone int\u00e9gr\u00e9e, qui est manipul\u00e9e par un commutateur marche\/arr\u00eat ind\u00e9pendant<\/li>\n<p> <\/p>\n<li>Ajustable en hauteur<\/li>\n<p> <\/p>\n<li>Livr\u00e9 sur statif roulant blanc \u00e0 5 roulettes pivotantes<\/li>\n<p> <\/p>\n<li>Diam\u00e8tre du pied : 60 cm<\/li>\n<p> <\/p>\n<li>Puissance : 797 W<\/li>\n<p> <\/p>\n<li>Facile \u00e0 remplir gr\u00e2ce au bouchon \u00e0 vis<\/li>\n<p> <\/ul>\n<p> <b>Attention&nbsp;<\/b>: Utilisez uniquement de l\u2019eau d\u00e9min\u00e9ralis\u00e9e (R\u00e9f. : 8825) dans votre vapozone et n\u2019ajoutez pas d\u2019huiles essentielles!<\/p>\n<p> <b>Emploi&nbsp;<\/b>: Rajoutez un peu de sel \u00e0 l\u2019eau d\u00e9min\u00e9ralis\u00e9e pour une conduction \u00e9lectrique optimale. <\/p>\n<p> Vapo MS-2102 B (Digital), 8450.16<\/p><\/p>\n","protected":false},"excerpt":{"rendered":"<p>Vapozone avec \u00e9cran tactile digital, t\u00eate \u00e0 vapeur tournante et lampe ozone int\u00e9gr\u00e9e. L\u2019\u00e9cran \u00e9clair\u00e9 donne de l\u2019information pr\u00e9cise sur le temps et la puissance de vapeur. Puisqu\u2019il est r\u00e9glable en hauteur, le vapozone peut \u00eatre employ\u00e9 avec n\u2019importe quel fauteuil ou table de massage. Caract\u00e9ristiques techniques : Design moderne avec \u00e9cran tactile T\u00eate de [&hellip;]<\/p>\n","protected":false},"featured_media":82235,"comment_status":"open","ping_status":"closed","template":"","meta":{"_acf_changed":false},"product_brand":[10612],"product_cat":[9862,10090],"product_tag":[],"class_list":{"0":"post-138717","1":"product","2":"type-product","3":"status-publish","4":"has-post-thumbnail","6":"product_brand-zenna-fr","7":"product_cat-beaute-visage-equipement","8":"product_cat-amenagement-equipement-visage","10":"first","11":"instock","12":"taxable","13":"shipping-taxable","14":"product-type-simple"},"acf":[],"yoast_head":"<!-- This site is optimized with the Yoast SEO plugin v27.3 - https:\/\/yoast.com\/product\/yoast-seo-wordpress\/ -->\n<title>MS-2102B Vapozone - Districos Webshop<\/title>\n<meta name=\"robots\" content=\"noindex, follow, max-snippet:-1, max-image-preview:large, max-video-preview:-1\" \/>\n<meta property=\"og:locale\" content=\"fr_FR\" \/>\n<meta property=\"og:type\" content=\"article\" \/>\n<meta property=\"og:title\" content=\"MS-2102B Vapozone - Districos Webshop\" \/>\n<meta property=\"og:description\" content=\"Vapozone avec \u00e9cran tactile digital, t\u00eate \u00e0 vapeur tournante et lampe ozone int\u00e9gr\u00e9e. L\u2019\u00e9cran \u00e9clair\u00e9 donne de l\u2019information pr\u00e9cise sur le temps et la puissance de vapeur. Puisqu\u2019il est r\u00e9glable en hauteur, le vapozone peut \u00eatre employ\u00e9 avec n\u2019importe quel fauteuil ou table de massage. Caract\u00e9ristiques techniques : Design moderne avec \u00e9cran tactile T\u00eate de [&hellip;]\" \/>\n<meta property=\"og:url\" content=\"https:\/\/districos.standingout.be\/fr\/product\/ms-2102b-vapozone-ref-8450-16\/\" \/>\n<meta property=\"og:site_name\" content=\"Districos Webshop\" \/>\n<meta property=\"article:modified_time\" content=\"2026-04-28T09:52:48+00:00\" \/>\n<meta name=\"twitter:card\" content=\"summary_large_image\" \/>\n<meta name=\"twitter:label1\" content=\"Dur\u00e9e de lecture estim\u00e9e\" \/>\n\t<meta name=\"twitter:data1\" content=\"1 minute\" \/>\n<script type=\"application\/ld+json\" class=\"yoast-schema-graph\">{\"@context\":\"https:\\\/\\\/schema.org\",\"@graph\":[{\"@type\":\"WebPage\",\"@id\":\"https:\\\/\\\/districos.standingout.be\\\/fr\\\/product\\\/ms-2102b-vapozone-ref-8450-16\\\/\",\"url\":\"https:\\\/\\\/districos.standingout.be\\\/fr\\\/product\\\/ms-2102b-vapozone-ref-8450-16\\\/\",\"name\":\"MS-2102B Vapozone - Districos Webshop\",\"isPartOf\":{\"@id\":\"https:\\\/\\\/districos.standingout.be\\\/fr\\\/#website\"},\"primaryImageOfPage\":{\"@id\":\"https:\\\/\\\/districos.standingout.be\\\/fr\\\/product\\\/ms-2102b-vapozone-ref-8450-16\\\/#primaryimage\"},\"image\":{\"@id\":\"https:\\\/\\\/districos.standingout.be\\\/fr\\\/product\\\/ms-2102b-vapozone-ref-8450-16\\\/#primaryimage\"},\"thumbnailUrl\":\"https:\\\/\\\/districos.standingout.be\\\/wp-content\\\/uploads\\\/2025\\\/07\\\/8450.16@LowRes_1.png\",\"datePublished\":\"2026-04-28T09:52:44+00:00\",\"dateModified\":\"2026-04-28T09:52:48+00:00\",\"breadcrumb\":{\"@id\":\"https:\\\/\\\/districos.standingout.be\\\/fr\\\/product\\\/ms-2102b-vapozone-ref-8450-16\\\/#breadcrumb\"},\"inLanguage\":\"fr-FR\",\"potentialAction\":[{\"@type\":\"ReadAction\",\"target\":[\"https:\\\/\\\/districos.standingout.be\\\/fr\\\/product\\\/ms-2102b-vapozone-ref-8450-16\\\/\"]}]},{\"@type\":\"ImageObject\",\"inLanguage\":\"fr-FR\",\"@id\":\"https:\\\/\\\/districos.standingout.be\\\/fr\\\/product\\\/ms-2102b-vapozone-ref-8450-16\\\/#primaryimage\",\"url\":\"https:\\\/\\\/districos.standingout.be\\\/wp-content\\\/uploads\\\/2025\\\/07\\\/8450.16@LowRes_1.png\",\"contentUrl\":\"https:\\\/\\\/districos.standingout.be\\\/wp-content\\\/uploads\\\/2025\\\/07\\\/8450.16@LowRes_1.png\",\"width\":600,\"height\":600},{\"@type\":\"BreadcrumbList\",\"@id\":\"https:\\\/\\\/districos.standingout.be\\\/fr\\\/product\\\/ms-2102b-vapozone-ref-8450-16\\\/#breadcrumb\",\"itemListElement\":[{\"@type\":\"ListItem\",\"position\":1,\"name\":\"Home\",\"item\":\"https:\\\/\\\/districos.standingout.be\\\/fr\\\/bienvenue-chez-districos\\\/\"},{\"@type\":\"ListItem\",\"position\":2,\"name\":\"Boutique\",\"item\":\"https:\\\/\\\/districos.standingout.be\\\/fr\\\/boutique\\\/\"},{\"@type\":\"ListItem\",\"position\":3,\"name\":\"MS-2102B Vapozone\"}]},{\"@type\":\"WebSite\",\"@id\":\"https:\\\/\\\/districos.standingout.be\\\/fr\\\/#website\",\"url\":\"https:\\\/\\\/districos.standingout.be\\\/fr\\\/\",\"name\":\"Districos Webshop\",\"description\":\"\",\"publisher\":{\"@id\":\"https:\\\/\\\/districos.standingout.be\\\/fr\\\/#organization\"},\"potentialAction\":[{\"@type\":\"SearchAction\",\"target\":{\"@type\":\"EntryPoint\",\"urlTemplate\":\"https:\\\/\\\/districos.standingout.be\\\/fr\\\/?s={search_term_string}\"},\"query-input\":{\"@type\":\"PropertyValueSpecification\",\"valueRequired\":true,\"valueName\":\"search_term_string\"}}],\"inLanguage\":\"fr-FR\"},{\"@type\":\"Organization\",\"@id\":\"https:\\\/\\\/districos.standingout.be\\\/fr\\\/#organization\",\"name\":\"Districos Webshop\",\"url\":\"https:\\\/\\\/districos.standingout.be\\\/fr\\\/\",\"logo\":{\"@type\":\"ImageObject\",\"inLanguage\":\"fr-FR\",\"@id\":\"https:\\\/\\\/districos.standingout.be\\\/fr\\\/#\\\/schema\\\/logo\\\/image\\\/\",\"url\":\"https:\\\/\\\/districos.standingout.be\\\/wp-content\\\/uploads\\\/2022\\\/09\\\/Districos_Logo_Webshop.svg\",\"contentUrl\":\"https:\\\/\\\/districos.standingout.be\\\/wp-content\\\/uploads\\\/2022\\\/09\\\/Districos_Logo_Webshop.svg\",\"caption\":\"Districos Webshop\"},\"image\":{\"@id\":\"https:\\\/\\\/districos.standingout.be\\\/fr\\\/#\\\/schema\\\/logo\\\/image\\\/\"}}]}<\/script>\n<!-- \/ Yoast SEO plugin. -->","yoast_head_json":{"title":"MS-2102B Vapozone - Districos Webshop","robots":{"index":"noindex","follow":"follow","max-snippet":"max-snippet:-1","max-image-preview":"max-image-preview:large","max-video-preview":"max-video-preview:-1"},"og_locale":"fr_FR","og_type":"article","og_title":"MS-2102B Vapozone - Districos Webshop","og_description":"Vapozone avec \u00e9cran tactile digital, t\u00eate \u00e0 vapeur tournante et lampe ozone int\u00e9gr\u00e9e. L\u2019\u00e9cran \u00e9clair\u00e9 donne de l\u2019information pr\u00e9cise sur le temps et la puissance de vapeur. Puisqu\u2019il est r\u00e9glable en hauteur, le vapozone peut \u00eatre employ\u00e9 avec n\u2019importe quel fauteuil ou table de massage. Caract\u00e9ristiques techniques : Design moderne avec \u00e9cran tactile T\u00eate de [&hellip;]","og_url":"https:\/\/districos.standingout.be\/fr\/product\/ms-2102b-vapozone-ref-8450-16\/","og_site_name":"Districos Webshop","article_modified_time":"2026-04-28T09:52:48+00:00","twitter_card":"summary_large_image","twitter_misc":{"Dur\u00e9e de lecture estim\u00e9e":"1 minute"},"schema":{"@context":"https:\/\/schema.org","@graph":[{"@type":"WebPage","@id":"https:\/\/districos.standingout.be\/fr\/product\/ms-2102b-vapozone-ref-8450-16\/","url":"https:\/\/districos.standingout.be\/fr\/product\/ms-2102b-vapozone-ref-8450-16\/","name":"MS-2102B Vapozone - Districos Webshop","isPartOf":{"@id":"https:\/\/districos.standingout.be\/fr\/#website"},"primaryImageOfPage":{"@id":"https:\/\/districos.standingout.be\/fr\/product\/ms-2102b-vapozone-ref-8450-16\/#primaryimage"},"image":{"@id":"https:\/\/districos.standingout.be\/fr\/product\/ms-2102b-vapozone-ref-8450-16\/#primaryimage"},"thumbnailUrl":"https:\/\/districos.standingout.be\/wp-content\/uploads\/2025\/07\/8450.16@LowRes_1.png","datePublished":"2026-04-28T09:52:44+00:00","dateModified":"2026-04-28T09:52:48+00:00","breadcrumb":{"@id":"https:\/\/districos.standingout.be\/fr\/product\/ms-2102b-vapozone-ref-8450-16\/#breadcrumb"},"inLanguage":"fr-FR","potentialAction":[{"@type":"ReadAction","target":["https:\/\/districos.standingout.be\/fr\/product\/ms-2102b-vapozone-ref-8450-16\/"]}]},{"@type":"ImageObject","inLanguage":"fr-FR","@id":"https:\/\/districos.standingout.be\/fr\/product\/ms-2102b-vapozone-ref-8450-16\/#primaryimage","url":"https:\/\/districos.standingout.be\/wp-content\/uploads\/2025\/07\/8450.16@LowRes_1.png","contentUrl":"https:\/\/districos.standingout.be\/wp-content\/uploads\/2025\/07\/8450.16@LowRes_1.png","width":600,"height":600},{"@type":"BreadcrumbList","@id":"https:\/\/districos.standingout.be\/fr\/product\/ms-2102b-vapozone-ref-8450-16\/#breadcrumb","itemListElement":[{"@type":"ListItem","position":1,"name":"Home","item":"https:\/\/districos.standingout.be\/fr\/bienvenue-chez-districos\/"},{"@type":"ListItem","position":2,"name":"Boutique","item":"https:\/\/districos.standingout.be\/fr\/boutique\/"},{"@type":"ListItem","position":3,"name":"MS-2102B Vapozone"}]},{"@type":"WebSite","@id":"https:\/\/districos.standingout.be\/fr\/#website","url":"https:\/\/districos.standingout.be\/fr\/","name":"Districos Webshop","description":"","publisher":{"@id":"https:\/\/districos.standingout.be\/fr\/#organization"},"potentialAction":[{"@type":"SearchAction","target":{"@type":"EntryPoint","urlTemplate":"https:\/\/districos.standingout.be\/fr\/?s={search_term_string}"},"query-input":{"@type":"PropertyValueSpecification","valueRequired":true,"valueName":"search_term_string"}}],"inLanguage":"fr-FR"},{"@type":"Organization","@id":"https:\/\/districos.standingout.be\/fr\/#organization","name":"Districos Webshop","url":"https:\/\/districos.standingout.be\/fr\/","logo":{"@type":"ImageObject","inLanguage":"fr-FR","@id":"https:\/\/districos.standingout.be\/fr\/#\/schema\/logo\/image\/","url":"https:\/\/districos.standingout.be\/wp-content\/uploads\/2022\/09\/Districos_Logo_Webshop.svg","contentUrl":"https:\/\/districos.standingout.be\/wp-content\/uploads\/2022\/09\/Districos_Logo_Webshop.svg","caption":"Districos Webshop"},"image":{"@id":"https:\/\/districos.standingout.be\/fr\/#\/schema\/logo\/image\/"}}]}},"_links":{"self":[{"href":"https:\/\/districos.standingout.be\/fr\/wp-json\/wp\/v2\/product\/138717","targetHints":{"allow":["GET"]}}],"collection":[{"href":"https:\/\/districos.standingout.be\/fr\/wp-json\/wp\/v2\/product"}],"about":[{"href":"https:\/\/districos.standingout.be\/fr\/wp-json\/wp\/v2\/types\/product"}],"replies":[{"embeddable":true,"href":"https:\/\/districos.standingout.be\/fr\/wp-json\/wp\/v2\/comments?post=138717"}],"wp:featuredmedia":[{"embeddable":true,"href":"https:\/\/districos.standingout.be\/fr\/wp-json\/wp\/v2\/media\/82235"}],"wp:attachment":[{"href":"https:\/\/districos.standingout.be\/fr\/wp-json\/wp\/v2\/media?parent=138717"}],"wp:term":[{"taxonomy":"product_brand","embeddable":true,"href":"https:\/\/districos.standingout.be\/fr\/wp-json\/wp\/v2\/product_brand?post=138717"},{"taxonomy":"product_cat","embeddable":true,"href":"https:\/\/districos.standingout.be\/fr\/wp-json\/wp\/v2\/product_cat?post=138717"},{"taxonomy":"product_tag","embeddable":true,"href":"https:\/\/districos.standingout.be\/fr\/wp-json\/wp\/v2\/product_tag?post=138717"}],"curies":[{"name":"wp","href":"https:\/\/api.w.org\/{rel}","templated":true}]}}