{"id":138725,"date":"2026-04-28T11:53:23","date_gmt":"2026-04-28T09:53:23","guid":{"rendered":"https:\/\/webshopdistricoscom.webhosting.be\/product\/zenna-recipient-blanc-o-26-cm-ref-8451-01\/"},"modified":"2026-04-28T11:53:31","modified_gmt":"2026-04-28T09:53:31","slug":"zenna-recipient-blanc-o-26-cm-ref-8451-01","status":"publish","type":"product","link":"https:\/\/districos.standingout.be\/fr\/product\/zenna-recipient-blanc-o-26-cm-ref-8451-01\/","title":{"rendered":"Zenna R\u00e9cipient Blanc (\u00d8 26 cm)"},"content":{"rendered":"<p >\n<\/p>\n<p><span lang=\"FR\"> R\u00e9cipient universel pratique qui convient pour de nombreux soins.<o:p><\/o:p><\/span><\/p>\n<\/p>\n<ul>\n<li><span lang=\"FR\"> Diam\u00e8tre&nbsp;: 26 cm.<\/span><\/li>\n<li><span lang=\"FR\"> Couleur&nbsp;: blanc.<\/span><\/li>\n<li><span lang=\"FR\"> Emballage&nbsp;: 1 pi\u00e8ce.<\/span><\/li>\n<\/ul>\n<p><span lang=\"FR\">Aussi disponible en noir (<u><a href=\"https:\/\/districos.com\/ProductDetail\/8451.02\" target=\"_blank\" rel=\"noopener noreferrer nofollow\">r\u00e9f. 8451.02<\/a><\/u>).<o:p><\/o:p><\/span><\/p>\n","protected":false},"excerpt":{"rendered":"<p>R\u00e9cipient universel pratique qui convient pour de nombreux soins. Diam\u00e8tre&nbsp;: 26 cm. Couleur&nbsp;: blanc. Emballage&nbsp;: 1 pi\u00e8ce. Aussi disponible en noir (r\u00e9f. 8451.02).<\/p>\n","protected":false},"featured_media":82256,"comment_status":"open","ping_status":"closed","template":"","meta":{"_acf_changed":false},"product_brand":[10612],"product_cat":[9960,10110,10233],"product_tag":[],"class_list":{"0":"post-138725","1":"product","2":"type-product","3":"status-publish","4":"has-post-thumbnail","6":"product_brand-zenna-fr","7":"product_cat-beaute-pedicure-amenagement-du-cabinet","8":"product_cat-amenagement-amenagement-gueridons","9":"product_cat-amenagement-fauteuils-de-traitement-pedicure","11":"first","12":"instock","13":"taxable","14":"shipping-taxable","15":"product-type-simple"},"acf":[],"yoast_head":"<!-- This site is optimized with the Yoast SEO plugin v27.3 - https:\/\/yoast.com\/product\/yoast-seo-wordpress\/ -->\n<title>Zenna R\u00e9cipient Blanc (\u00d8 26 cm) - Districos Webshop<\/title>\n<meta name=\"robots\" content=\"noindex, follow, max-snippet:-1, max-image-preview:large, max-video-preview:-1\" \/>\n<meta property=\"og:locale\" content=\"fr_FR\" \/>\n<meta property=\"og:type\" content=\"article\" \/>\n<meta property=\"og:title\" content=\"Zenna R\u00e9cipient Blanc (\u00d8 26 cm) - Districos Webshop\" \/>\n<meta property=\"og:description\" content=\"R\u00e9cipient universel pratique qui convient pour de nombreux soins. Diam\u00e8tre&nbsp;: 26 cm. Couleur&nbsp;: blanc. Emballage&nbsp;: 1 pi\u00e8ce. Aussi disponible en noir (r\u00e9f. 8451.02).\" \/>\n<meta property=\"og:url\" content=\"https:\/\/districos.standingout.be\/fr\/product\/zenna-recipient-blanc-o-26-cm-ref-8451-01\/\" \/>\n<meta property=\"og:site_name\" content=\"Districos Webshop\" \/>\n<meta property=\"article:modified_time\" content=\"2026-04-28T09:53:31+00:00\" \/>\n<meta name=\"twitter:card\" content=\"summary_large_image\" \/>\n<script type=\"application\/ld+json\" class=\"yoast-schema-graph\">{\"@context\":\"https:\\\/\\\/schema.org\",\"@graph\":[{\"@type\":\"WebPage\",\"@id\":\"https:\\\/\\\/districos.standingout.be\\\/fr\\\/product\\\/zenna-recipient-blanc-o-26-cm-ref-8451-01\\\/\",\"url\":\"https:\\\/\\\/districos.standingout.be\\\/fr\\\/product\\\/zenna-recipient-blanc-o-26-cm-ref-8451-01\\\/\",\"name\":\"Zenna R\u00e9cipient Blanc (\u00d8 26 cm) - Districos Webshop\",\"isPartOf\":{\"@id\":\"https:\\\/\\\/districos.standingout.be\\\/fr\\\/#website\"},\"primaryImageOfPage\":{\"@id\":\"https:\\\/\\\/districos.standingout.be\\\/fr\\\/product\\\/zenna-recipient-blanc-o-26-cm-ref-8451-01\\\/#primaryimage\"},\"image\":{\"@id\":\"https:\\\/\\\/districos.standingout.be\\\/fr\\\/product\\\/zenna-recipient-blanc-o-26-cm-ref-8451-01\\\/#primaryimage\"},\"thumbnailUrl\":\"https:\\\/\\\/districos.standingout.be\\\/wp-content\\\/uploads\\\/2025\\\/07\\\/8451.01@LowRes_1.png\",\"datePublished\":\"2026-04-28T09:53:23+00:00\",\"dateModified\":\"2026-04-28T09:53:31+00:00\",\"breadcrumb\":{\"@id\":\"https:\\\/\\\/districos.standingout.be\\\/fr\\\/product\\\/zenna-recipient-blanc-o-26-cm-ref-8451-01\\\/#breadcrumb\"},\"inLanguage\":\"fr-FR\",\"potentialAction\":[{\"@type\":\"ReadAction\",\"target\":[\"https:\\\/\\\/districos.standingout.be\\\/fr\\\/product\\\/zenna-recipient-blanc-o-26-cm-ref-8451-01\\\/\"]}]},{\"@type\":\"ImageObject\",\"inLanguage\":\"fr-FR\",\"@id\":\"https:\\\/\\\/districos.standingout.be\\\/fr\\\/product\\\/zenna-recipient-blanc-o-26-cm-ref-8451-01\\\/#primaryimage\",\"url\":\"https:\\\/\\\/districos.standingout.be\\\/wp-content\\\/uploads\\\/2025\\\/07\\\/8451.01@LowRes_1.png\",\"contentUrl\":\"https:\\\/\\\/districos.standingout.be\\\/wp-content\\\/uploads\\\/2025\\\/07\\\/8451.01@LowRes_1.png\",\"width\":600,\"height\":600},{\"@type\":\"BreadcrumbList\",\"@id\":\"https:\\\/\\\/districos.standingout.be\\\/fr\\\/product\\\/zenna-recipient-blanc-o-26-cm-ref-8451-01\\\/#breadcrumb\",\"itemListElement\":[{\"@type\":\"ListItem\",\"position\":1,\"name\":\"Home\",\"item\":\"https:\\\/\\\/districos.standingout.be\\\/fr\\\/bienvenue-chez-districos\\\/\"},{\"@type\":\"ListItem\",\"position\":2,\"name\":\"Boutique\",\"item\":\"https:\\\/\\\/districos.standingout.be\\\/fr\\\/boutique\\\/\"},{\"@type\":\"ListItem\",\"position\":3,\"name\":\"Zenna R\u00e9cipient Blanc (\u00d8 26 cm)\"}]},{\"@type\":\"WebSite\",\"@id\":\"https:\\\/\\\/districos.standingout.be\\\/fr\\\/#website\",\"url\":\"https:\\\/\\\/districos.standingout.be\\\/fr\\\/\",\"name\":\"Districos Webshop\",\"description\":\"\",\"publisher\":{\"@id\":\"https:\\\/\\\/districos.standingout.be\\\/fr\\\/#organization\"},\"potentialAction\":[{\"@type\":\"SearchAction\",\"target\":{\"@type\":\"EntryPoint\",\"urlTemplate\":\"https:\\\/\\\/districos.standingout.be\\\/fr\\\/?s={search_term_string}\"},\"query-input\":{\"@type\":\"PropertyValueSpecification\",\"valueRequired\":true,\"valueName\":\"search_term_string\"}}],\"inLanguage\":\"fr-FR\"},{\"@type\":\"Organization\",\"@id\":\"https:\\\/\\\/districos.standingout.be\\\/fr\\\/#organization\",\"name\":\"Districos Webshop\",\"url\":\"https:\\\/\\\/districos.standingout.be\\\/fr\\\/\",\"logo\":{\"@type\":\"ImageObject\",\"inLanguage\":\"fr-FR\",\"@id\":\"https:\\\/\\\/districos.standingout.be\\\/fr\\\/#\\\/schema\\\/logo\\\/image\\\/\",\"url\":\"https:\\\/\\\/districos.standingout.be\\\/wp-content\\\/uploads\\\/2022\\\/09\\\/Districos_Logo_Webshop.svg\",\"contentUrl\":\"https:\\\/\\\/districos.standingout.be\\\/wp-content\\\/uploads\\\/2022\\\/09\\\/Districos_Logo_Webshop.svg\",\"caption\":\"Districos Webshop\"},\"image\":{\"@id\":\"https:\\\/\\\/districos.standingout.be\\\/fr\\\/#\\\/schema\\\/logo\\\/image\\\/\"}}]}<\/script>\n<!-- \/ Yoast SEO plugin. -->","yoast_head_json":{"title":"Zenna R\u00e9cipient Blanc (\u00d8 26 cm) - Districos Webshop","robots":{"index":"noindex","follow":"follow","max-snippet":"max-snippet:-1","max-image-preview":"max-image-preview:large","max-video-preview":"max-video-preview:-1"},"og_locale":"fr_FR","og_type":"article","og_title":"Zenna R\u00e9cipient Blanc (\u00d8 26 cm) - Districos Webshop","og_description":"R\u00e9cipient universel pratique qui convient pour de nombreux soins. Diam\u00e8tre&nbsp;: 26 cm. Couleur&nbsp;: blanc. Emballage&nbsp;: 1 pi\u00e8ce. Aussi disponible en noir (r\u00e9f. 8451.02).","og_url":"https:\/\/districos.standingout.be\/fr\/product\/zenna-recipient-blanc-o-26-cm-ref-8451-01\/","og_site_name":"Districos Webshop","article_modified_time":"2026-04-28T09:53:31+00:00","twitter_card":"summary_large_image","schema":{"@context":"https:\/\/schema.org","@graph":[{"@type":"WebPage","@id":"https:\/\/districos.standingout.be\/fr\/product\/zenna-recipient-blanc-o-26-cm-ref-8451-01\/","url":"https:\/\/districos.standingout.be\/fr\/product\/zenna-recipient-blanc-o-26-cm-ref-8451-01\/","name":"Zenna R\u00e9cipient Blanc (\u00d8 26 cm) - Districos Webshop","isPartOf":{"@id":"https:\/\/districos.standingout.be\/fr\/#website"},"primaryImageOfPage":{"@id":"https:\/\/districos.standingout.be\/fr\/product\/zenna-recipient-blanc-o-26-cm-ref-8451-01\/#primaryimage"},"image":{"@id":"https:\/\/districos.standingout.be\/fr\/product\/zenna-recipient-blanc-o-26-cm-ref-8451-01\/#primaryimage"},"thumbnailUrl":"https:\/\/districos.standingout.be\/wp-content\/uploads\/2025\/07\/8451.01@LowRes_1.png","datePublished":"2026-04-28T09:53:23+00:00","dateModified":"2026-04-28T09:53:31+00:00","breadcrumb":{"@id":"https:\/\/districos.standingout.be\/fr\/product\/zenna-recipient-blanc-o-26-cm-ref-8451-01\/#breadcrumb"},"inLanguage":"fr-FR","potentialAction":[{"@type":"ReadAction","target":["https:\/\/districos.standingout.be\/fr\/product\/zenna-recipient-blanc-o-26-cm-ref-8451-01\/"]}]},{"@type":"ImageObject","inLanguage":"fr-FR","@id":"https:\/\/districos.standingout.be\/fr\/product\/zenna-recipient-blanc-o-26-cm-ref-8451-01\/#primaryimage","url":"https:\/\/districos.standingout.be\/wp-content\/uploads\/2025\/07\/8451.01@LowRes_1.png","contentUrl":"https:\/\/districos.standingout.be\/wp-content\/uploads\/2025\/07\/8451.01@LowRes_1.png","width":600,"height":600},{"@type":"BreadcrumbList","@id":"https:\/\/districos.standingout.be\/fr\/product\/zenna-recipient-blanc-o-26-cm-ref-8451-01\/#breadcrumb","itemListElement":[{"@type":"ListItem","position":1,"name":"Home","item":"https:\/\/districos.standingout.be\/fr\/bienvenue-chez-districos\/"},{"@type":"ListItem","position":2,"name":"Boutique","item":"https:\/\/districos.standingout.be\/fr\/boutique\/"},{"@type":"ListItem","position":3,"name":"Zenna R\u00e9cipient Blanc (\u00d8 26 cm)"}]},{"@type":"WebSite","@id":"https:\/\/districos.standingout.be\/fr\/#website","url":"https:\/\/districos.standingout.be\/fr\/","name":"Districos Webshop","description":"","publisher":{"@id":"https:\/\/districos.standingout.be\/fr\/#organization"},"potentialAction":[{"@type":"SearchAction","target":{"@type":"EntryPoint","urlTemplate":"https:\/\/districos.standingout.be\/fr\/?s={search_term_string}"},"query-input":{"@type":"PropertyValueSpecification","valueRequired":true,"valueName":"search_term_string"}}],"inLanguage":"fr-FR"},{"@type":"Organization","@id":"https:\/\/districos.standingout.be\/fr\/#organization","name":"Districos Webshop","url":"https:\/\/districos.standingout.be\/fr\/","logo":{"@type":"ImageObject","inLanguage":"fr-FR","@id":"https:\/\/districos.standingout.be\/fr\/#\/schema\/logo\/image\/","url":"https:\/\/districos.standingout.be\/wp-content\/uploads\/2022\/09\/Districos_Logo_Webshop.svg","contentUrl":"https:\/\/districos.standingout.be\/wp-content\/uploads\/2022\/09\/Districos_Logo_Webshop.svg","caption":"Districos Webshop"},"image":{"@id":"https:\/\/districos.standingout.be\/fr\/#\/schema\/logo\/image\/"}}]}},"_links":{"self":[{"href":"https:\/\/districos.standingout.be\/fr\/wp-json\/wp\/v2\/product\/138725","targetHints":{"allow":["GET"]}}],"collection":[{"href":"https:\/\/districos.standingout.be\/fr\/wp-json\/wp\/v2\/product"}],"about":[{"href":"https:\/\/districos.standingout.be\/fr\/wp-json\/wp\/v2\/types\/product"}],"replies":[{"embeddable":true,"href":"https:\/\/districos.standingout.be\/fr\/wp-json\/wp\/v2\/comments?post=138725"}],"wp:featuredmedia":[{"embeddable":true,"href":"https:\/\/districos.standingout.be\/fr\/wp-json\/wp\/v2\/media\/82256"}],"wp:attachment":[{"href":"https:\/\/districos.standingout.be\/fr\/wp-json\/wp\/v2\/media?parent=138725"}],"wp:term":[{"taxonomy":"product_brand","embeddable":true,"href":"https:\/\/districos.standingout.be\/fr\/wp-json\/wp\/v2\/product_brand?post=138725"},{"taxonomy":"product_cat","embeddable":true,"href":"https:\/\/districos.standingout.be\/fr\/wp-json\/wp\/v2\/product_cat?post=138725"},{"taxonomy":"product_tag","embeddable":true,"href":"https:\/\/districos.standingout.be\/fr\/wp-json\/wp\/v2\/product_tag?post=138725"}],"curies":[{"name":"wp","href":"https:\/\/api.w.org\/{rel}","templated":true}]}}