{"id":138739,"date":"2026-04-28T11:54:43","date_gmt":"2026-04-28T09:54:43","guid":{"rendered":"https:\/\/webshopdistricoscom.webhosting.be\/product\/zenna-panier-pour-flacons-55-cm-ref-8451-61\/"},"modified":"2026-04-28T11:54:50","modified_gmt":"2026-04-28T09:54:50","slug":"zenna-panier-pour-flacons-55-cm-ref-8451-61","status":"publish","type":"product","link":"https:\/\/districos.standingout.be\/fr\/product\/zenna-panier-pour-flacons-55-cm-ref-8451-61\/","title":{"rendered":"Zenna Panier pour Flacons 55 cm"},"content":{"rendered":"<p >\n<\/p>\n<\/p>\n<\/p>\n<p><font size=\"2\"><span lang=\"FR\">Panier pratique pour accrocher \u00e0 l\u2019arri\u00e8re des chariots Anna.<o:p><\/o:p><\/span><\/font><\/p>\n<p><font size=\"2\"><\/font><\/p>\n<p><font size=\"2\"><\/font><\/p>\n<ul>\n<li><font size=\"2\"><span lang=\"FR\">Id\u00e9al pour ranger des produits de toutes sortes.<\/span><\/font><\/li>\n<li><font size=\"2\"><span lang=\"FR\">Largeur&nbsp;: 55 cm.<\/span><\/font><\/li>\n<\/ul>\n<p dir=\"ltr\"><b>\u00c9galement disponible :<\/b><span>&nbsp;Zenna Panier pour Flacons 44 cm (<a href=\"https:\/\/www.districos.com\/search?SearchText=8451.22\" target=\"_blank\" rel=\"noopener noreferrer nofollow\">r\u00e9f. 8451.22<\/a>).<\/span><\/p><\/p>\n","protected":false},"excerpt":{"rendered":"<p>Panier pratique pour accrocher \u00e0 l\u2019arri\u00e8re des chariots Anna. Id\u00e9al pour ranger des produits de toutes sortes. Largeur&nbsp;: 55 cm. \u00c9galement disponible :&nbsp;Zenna Panier pour Flacons 44 cm (r\u00e9f. 8451.22).<\/p>\n","protected":false},"featured_media":82286,"comment_status":"open","ping_status":"closed","template":"","meta":{"_acf_changed":false},"product_brand":[10612],"product_cat":[9960,10110,10233],"product_tag":[],"class_list":{"0":"post-138739","1":"product","2":"type-product","3":"status-publish","4":"has-post-thumbnail","6":"product_brand-zenna-fr","7":"product_cat-beaute-pedicure-amenagement-du-cabinet","8":"product_cat-amenagement-amenagement-gueridons","9":"product_cat-amenagement-fauteuils-de-traitement-pedicure","11":"first","12":"instock","13":"taxable","14":"shipping-taxable","15":"product-type-simple"},"acf":[],"yoast_head":"<!-- This site is optimized with the Yoast SEO plugin v27.3 - https:\/\/yoast.com\/product\/yoast-seo-wordpress\/ -->\n<title>Zenna Panier pour Flacons 55 cm - Districos Webshop<\/title>\n<meta name=\"robots\" content=\"noindex, follow, max-snippet:-1, max-image-preview:large, max-video-preview:-1\" \/>\n<meta property=\"og:locale\" content=\"fr_FR\" \/>\n<meta property=\"og:type\" content=\"article\" \/>\n<meta property=\"og:title\" content=\"Zenna Panier pour Flacons 55 cm - Districos Webshop\" \/>\n<meta property=\"og:description\" content=\"Panier pratique pour accrocher \u00e0 l\u2019arri\u00e8re des chariots Anna. Id\u00e9al pour ranger des produits de toutes sortes. Largeur&nbsp;: 55 cm. \u00c9galement disponible :&nbsp;Zenna Panier pour Flacons 44 cm (r\u00e9f. 8451.22).\" \/>\n<meta property=\"og:url\" content=\"https:\/\/districos.standingout.be\/fr\/product\/zenna-panier-pour-flacons-55-cm-ref-8451-61\/\" \/>\n<meta property=\"og:site_name\" content=\"Districos Webshop\" \/>\n<meta property=\"article:modified_time\" content=\"2026-04-28T09:54:50+00:00\" \/>\n<meta name=\"twitter:card\" content=\"summary_large_image\" \/>\n<script type=\"application\/ld+json\" class=\"yoast-schema-graph\">{\"@context\":\"https:\\\/\\\/schema.org\",\"@graph\":[{\"@type\":\"WebPage\",\"@id\":\"https:\\\/\\\/districos.standingout.be\\\/fr\\\/product\\\/zenna-panier-pour-flacons-55-cm-ref-8451-61\\\/\",\"url\":\"https:\\\/\\\/districos.standingout.be\\\/fr\\\/product\\\/zenna-panier-pour-flacons-55-cm-ref-8451-61\\\/\",\"name\":\"Zenna Panier pour Flacons 55 cm - Districos Webshop\",\"isPartOf\":{\"@id\":\"https:\\\/\\\/districos.standingout.be\\\/fr\\\/#website\"},\"primaryImageOfPage\":{\"@id\":\"https:\\\/\\\/districos.standingout.be\\\/fr\\\/product\\\/zenna-panier-pour-flacons-55-cm-ref-8451-61\\\/#primaryimage\"},\"image\":{\"@id\":\"https:\\\/\\\/districos.standingout.be\\\/fr\\\/product\\\/zenna-panier-pour-flacons-55-cm-ref-8451-61\\\/#primaryimage\"},\"thumbnailUrl\":\"https:\\\/\\\/districos.standingout.be\\\/wp-content\\\/uploads\\\/2025\\\/07\\\/8451.61@LowRes_1.png\",\"datePublished\":\"2026-04-28T09:54:43+00:00\",\"dateModified\":\"2026-04-28T09:54:50+00:00\",\"breadcrumb\":{\"@id\":\"https:\\\/\\\/districos.standingout.be\\\/fr\\\/product\\\/zenna-panier-pour-flacons-55-cm-ref-8451-61\\\/#breadcrumb\"},\"inLanguage\":\"fr-FR\",\"potentialAction\":[{\"@type\":\"ReadAction\",\"target\":[\"https:\\\/\\\/districos.standingout.be\\\/fr\\\/product\\\/zenna-panier-pour-flacons-55-cm-ref-8451-61\\\/\"]}]},{\"@type\":\"ImageObject\",\"inLanguage\":\"fr-FR\",\"@id\":\"https:\\\/\\\/districos.standingout.be\\\/fr\\\/product\\\/zenna-panier-pour-flacons-55-cm-ref-8451-61\\\/#primaryimage\",\"url\":\"https:\\\/\\\/districos.standingout.be\\\/wp-content\\\/uploads\\\/2025\\\/07\\\/8451.61@LowRes_1.png\",\"contentUrl\":\"https:\\\/\\\/districos.standingout.be\\\/wp-content\\\/uploads\\\/2025\\\/07\\\/8451.61@LowRes_1.png\",\"width\":600,\"height\":600},{\"@type\":\"BreadcrumbList\",\"@id\":\"https:\\\/\\\/districos.standingout.be\\\/fr\\\/product\\\/zenna-panier-pour-flacons-55-cm-ref-8451-61\\\/#breadcrumb\",\"itemListElement\":[{\"@type\":\"ListItem\",\"position\":1,\"name\":\"Home\",\"item\":\"https:\\\/\\\/districos.standingout.be\\\/fr\\\/bienvenue-chez-districos\\\/\"},{\"@type\":\"ListItem\",\"position\":2,\"name\":\"Boutique\",\"item\":\"https:\\\/\\\/districos.standingout.be\\\/fr\\\/boutique\\\/\"},{\"@type\":\"ListItem\",\"position\":3,\"name\":\"Zenna Panier pour Flacons 55 cm\"}]},{\"@type\":\"WebSite\",\"@id\":\"https:\\\/\\\/districos.standingout.be\\\/fr\\\/#website\",\"url\":\"https:\\\/\\\/districos.standingout.be\\\/fr\\\/\",\"name\":\"Districos Webshop\",\"description\":\"\",\"publisher\":{\"@id\":\"https:\\\/\\\/districos.standingout.be\\\/fr\\\/#organization\"},\"potentialAction\":[{\"@type\":\"SearchAction\",\"target\":{\"@type\":\"EntryPoint\",\"urlTemplate\":\"https:\\\/\\\/districos.standingout.be\\\/fr\\\/?s={search_term_string}\"},\"query-input\":{\"@type\":\"PropertyValueSpecification\",\"valueRequired\":true,\"valueName\":\"search_term_string\"}}],\"inLanguage\":\"fr-FR\"},{\"@type\":\"Organization\",\"@id\":\"https:\\\/\\\/districos.standingout.be\\\/fr\\\/#organization\",\"name\":\"Districos Webshop\",\"url\":\"https:\\\/\\\/districos.standingout.be\\\/fr\\\/\",\"logo\":{\"@type\":\"ImageObject\",\"inLanguage\":\"fr-FR\",\"@id\":\"https:\\\/\\\/districos.standingout.be\\\/fr\\\/#\\\/schema\\\/logo\\\/image\\\/\",\"url\":\"https:\\\/\\\/districos.standingout.be\\\/wp-content\\\/uploads\\\/2022\\\/09\\\/Districos_Logo_Webshop.svg\",\"contentUrl\":\"https:\\\/\\\/districos.standingout.be\\\/wp-content\\\/uploads\\\/2022\\\/09\\\/Districos_Logo_Webshop.svg\",\"caption\":\"Districos Webshop\"},\"image\":{\"@id\":\"https:\\\/\\\/districos.standingout.be\\\/fr\\\/#\\\/schema\\\/logo\\\/image\\\/\"}}]}<\/script>\n<!-- \/ Yoast SEO plugin. -->","yoast_head_json":{"title":"Zenna Panier pour Flacons 55 cm - Districos Webshop","robots":{"index":"noindex","follow":"follow","max-snippet":"max-snippet:-1","max-image-preview":"max-image-preview:large","max-video-preview":"max-video-preview:-1"},"og_locale":"fr_FR","og_type":"article","og_title":"Zenna Panier pour Flacons 55 cm - Districos Webshop","og_description":"Panier pratique pour accrocher \u00e0 l\u2019arri\u00e8re des chariots Anna. Id\u00e9al pour ranger des produits de toutes sortes. Largeur&nbsp;: 55 cm. \u00c9galement disponible :&nbsp;Zenna Panier pour Flacons 44 cm (r\u00e9f. 8451.22).","og_url":"https:\/\/districos.standingout.be\/fr\/product\/zenna-panier-pour-flacons-55-cm-ref-8451-61\/","og_site_name":"Districos Webshop","article_modified_time":"2026-04-28T09:54:50+00:00","twitter_card":"summary_large_image","schema":{"@context":"https:\/\/schema.org","@graph":[{"@type":"WebPage","@id":"https:\/\/districos.standingout.be\/fr\/product\/zenna-panier-pour-flacons-55-cm-ref-8451-61\/","url":"https:\/\/districos.standingout.be\/fr\/product\/zenna-panier-pour-flacons-55-cm-ref-8451-61\/","name":"Zenna Panier pour Flacons 55 cm - Districos Webshop","isPartOf":{"@id":"https:\/\/districos.standingout.be\/fr\/#website"},"primaryImageOfPage":{"@id":"https:\/\/districos.standingout.be\/fr\/product\/zenna-panier-pour-flacons-55-cm-ref-8451-61\/#primaryimage"},"image":{"@id":"https:\/\/districos.standingout.be\/fr\/product\/zenna-panier-pour-flacons-55-cm-ref-8451-61\/#primaryimage"},"thumbnailUrl":"https:\/\/districos.standingout.be\/wp-content\/uploads\/2025\/07\/8451.61@LowRes_1.png","datePublished":"2026-04-28T09:54:43+00:00","dateModified":"2026-04-28T09:54:50+00:00","breadcrumb":{"@id":"https:\/\/districos.standingout.be\/fr\/product\/zenna-panier-pour-flacons-55-cm-ref-8451-61\/#breadcrumb"},"inLanguage":"fr-FR","potentialAction":[{"@type":"ReadAction","target":["https:\/\/districos.standingout.be\/fr\/product\/zenna-panier-pour-flacons-55-cm-ref-8451-61\/"]}]},{"@type":"ImageObject","inLanguage":"fr-FR","@id":"https:\/\/districos.standingout.be\/fr\/product\/zenna-panier-pour-flacons-55-cm-ref-8451-61\/#primaryimage","url":"https:\/\/districos.standingout.be\/wp-content\/uploads\/2025\/07\/8451.61@LowRes_1.png","contentUrl":"https:\/\/districos.standingout.be\/wp-content\/uploads\/2025\/07\/8451.61@LowRes_1.png","width":600,"height":600},{"@type":"BreadcrumbList","@id":"https:\/\/districos.standingout.be\/fr\/product\/zenna-panier-pour-flacons-55-cm-ref-8451-61\/#breadcrumb","itemListElement":[{"@type":"ListItem","position":1,"name":"Home","item":"https:\/\/districos.standingout.be\/fr\/bienvenue-chez-districos\/"},{"@type":"ListItem","position":2,"name":"Boutique","item":"https:\/\/districos.standingout.be\/fr\/boutique\/"},{"@type":"ListItem","position":3,"name":"Zenna Panier pour Flacons 55 cm"}]},{"@type":"WebSite","@id":"https:\/\/districos.standingout.be\/fr\/#website","url":"https:\/\/districos.standingout.be\/fr\/","name":"Districos Webshop","description":"","publisher":{"@id":"https:\/\/districos.standingout.be\/fr\/#organization"},"potentialAction":[{"@type":"SearchAction","target":{"@type":"EntryPoint","urlTemplate":"https:\/\/districos.standingout.be\/fr\/?s={search_term_string}"},"query-input":{"@type":"PropertyValueSpecification","valueRequired":true,"valueName":"search_term_string"}}],"inLanguage":"fr-FR"},{"@type":"Organization","@id":"https:\/\/districos.standingout.be\/fr\/#organization","name":"Districos Webshop","url":"https:\/\/districos.standingout.be\/fr\/","logo":{"@type":"ImageObject","inLanguage":"fr-FR","@id":"https:\/\/districos.standingout.be\/fr\/#\/schema\/logo\/image\/","url":"https:\/\/districos.standingout.be\/wp-content\/uploads\/2022\/09\/Districos_Logo_Webshop.svg","contentUrl":"https:\/\/districos.standingout.be\/wp-content\/uploads\/2022\/09\/Districos_Logo_Webshop.svg","caption":"Districos Webshop"},"image":{"@id":"https:\/\/districos.standingout.be\/fr\/#\/schema\/logo\/image\/"}}]}},"_links":{"self":[{"href":"https:\/\/districos.standingout.be\/fr\/wp-json\/wp\/v2\/product\/138739","targetHints":{"allow":["GET"]}}],"collection":[{"href":"https:\/\/districos.standingout.be\/fr\/wp-json\/wp\/v2\/product"}],"about":[{"href":"https:\/\/districos.standingout.be\/fr\/wp-json\/wp\/v2\/types\/product"}],"replies":[{"embeddable":true,"href":"https:\/\/districos.standingout.be\/fr\/wp-json\/wp\/v2\/comments?post=138739"}],"wp:featuredmedia":[{"embeddable":true,"href":"https:\/\/districos.standingout.be\/fr\/wp-json\/wp\/v2\/media\/82286"}],"wp:attachment":[{"href":"https:\/\/districos.standingout.be\/fr\/wp-json\/wp\/v2\/media?parent=138739"}],"wp:term":[{"taxonomy":"product_brand","embeddable":true,"href":"https:\/\/districos.standingout.be\/fr\/wp-json\/wp\/v2\/product_brand?post=138739"},{"taxonomy":"product_cat","embeddable":true,"href":"https:\/\/districos.standingout.be\/fr\/wp-json\/wp\/v2\/product_cat?post=138739"},{"taxonomy":"product_tag","embeddable":true,"href":"https:\/\/districos.standingout.be\/fr\/wp-json\/wp\/v2\/product_tag?post=138739"}],"curies":[{"name":"wp","href":"https:\/\/api.w.org\/{rel}","templated":true}]}}