{"id":138751,"date":"2026-04-28T11:56:06","date_gmt":"2026-04-28T09:56:06","guid":{"rendered":"https:\/\/webshopdistricoscom.webhosting.be\/product\/anna-gueridon-3-niveaux-blanc-base-ref-8454-041\/"},"modified":"2026-04-28T11:56:15","modified_gmt":"2026-04-28T09:56:15","slug":"anna-gueridon-3-niveaux-blanc-base-ref-8454-041","status":"publish","type":"product","link":"https:\/\/districos.standingout.be\/fr\/product\/anna-gueridon-3-niveaux-blanc-base-ref-8454-041\/","title":{"rendered":"Anna Gu\u00e9ridon 3 Niveaux Blanc Base"},"content":{"rendered":"<p >\n<\/p>\n<\/p>\n<\/p>\n<p dir=\"ltr\">\n<div><span>Chariot pratique et compact \u00e0 trois niveaux. Mortaises pour fixation d\u2019une lampe loupe et d\u2019un porte-r\u00e9cipient pour r\u00e9cipient d\u2019eau en plastique de Zenna.<\/span><\/div>\n<div>\n<ul>\n<li>Dimensions : 65 x 38 x 93 cm (L x l x h)<\/li>\n<li>Couleur : blanc<\/li>\n<li>Nombre de tiroirs automatiques : aucun tiroir<\/li>\n<li>Pourvue de base d&rsquo;un porte-spatules et porte-rouleau&nbsp;<\/li>\n<\/ul>\n<p><b>Mat\u00e9riau :<\/b><\/p>\n<ul>\n<li>Cadre : rev\u00eatement en acier thermolaqu\u00e9<\/li>\n<li>Tablettes : panneaux agglom\u00e9r\u00e9s lamin\u00e9s<\/li>\n<li>Roulettes : plastiques avec rev\u00eatement en caoutchouc<\/li>\n<\/ul>\n<div><b>Options :<\/b><\/div>\n<ul>\n<li>Tiroir Automatique Blanc pour Anna Chariot (r\u00e9f. 8453.0421)<\/li>\n<li>Zenna Clip Sac-Poubelle 16 cm (r\u00e9f. 8451.55)<\/li>\n<li>Zenna Sacs-Poubelle 100 pcs.(r\u00e9f. 8323.04)<\/li>\n<li>Zenna Porte-R\u00e9cipient (\u00d8 26 cm) (r\u00e9f. 8451.21)<\/li>\n<li>Zenna R\u00e9cipient Blanc (\u00d8 26 cm) (r\u00e9f. 8451.01)<\/li>\n<li>ClearView LED Lampe Loupe avec Pince de Table (r\u00e9f. 8404.48L)<\/li>\n<li>Zenna Panier pour Flacons 55 cm (r\u00e9f. 8451.61)<\/li>\n<\/ul>\n<div><b>\u00c9galement disponible :<\/b><\/div>\n<ul>\n<li>Anna Chariot 2 Niveaux Blanc Base&nbsp;(r\u00e9f. 8454.011)<\/li>\n<li>Anna Roltafel 2 Niveaux Blanc + 1 Tiroir (r\u00e9f. 8454.0111)<\/li>\n<li>Anna Chariot 2 Niv. Blanc + 2 Tiroirs (r\u00e9f. 8454.0112)<\/li>\n<li>Anna Chariot 2 Niveaux Blanc Complet (r\u00e9f. 8454.001)<\/li>\n<li>Anna Chariot 3 Niveaux Blanc Base (r\u00e9f. 8454.041)<\/li>\n<li>Anna Chariot 3 Niveaux Blanc + 1 Tiroir (r\u00e9f. 8454.0411)<\/li>\n<li>Anna Chariot 3 Niveaux Blanc + 2 Tiroirs (r\u00e9f. 8454.0412)<\/li>\n<li>Anna Chariot 3 Niveaux Blanc + 3 Tiroirs (r\u00e9f. 8454.0413)<\/li>\n<li>Anna Chariot 3 Niveaux Blanc Complet (r\u00e9f. 8454.040)<\/li>\n<\/ul>\n<\/div><\/p>\n","protected":false},"excerpt":{"rendered":"<p>Chariot pratique et compact \u00e0 trois niveaux. Mortaises pour fixation d\u2019une lampe loupe et d\u2019un porte-r\u00e9cipient pour r\u00e9cipient d\u2019eau en plastique de Zenna. Dimensions : 65 x 38 x 93 cm (L x l x h) Couleur : blanc Nombre de tiroirs automatiques : aucun tiroir Pourvue de base d&rsquo;un porte-spatules et porte-rouleau&nbsp; Mat\u00e9riau : [&hellip;]<\/p>\n","protected":false},"featured_media":82337,"comment_status":"open","ping_status":"closed","template":"","meta":{"_acf_changed":false},"product_brand":[10380],"product_cat":[9960,10110,10233],"product_tag":[],"class_list":{"0":"post-138751","1":"product","2":"type-product","3":"status-publish","4":"has-post-thumbnail","6":"product_brand-districos-fr","7":"product_cat-beaute-pedicure-amenagement-du-cabinet","8":"product_cat-amenagement-amenagement-gueridons","9":"product_cat-amenagement-fauteuils-de-traitement-pedicure","11":"first","12":"instock","13":"taxable","14":"shipping-taxable","15":"product-type-simple"},"acf":[],"yoast_head":"<!-- This site is optimized with the Yoast SEO plugin v27.3 - https:\/\/yoast.com\/product\/yoast-seo-wordpress\/ -->\n<title>Anna Gu\u00e9ridon 3 Niveaux Blanc Base - Districos Webshop<\/title>\n<meta name=\"robots\" content=\"noindex, follow, max-snippet:-1, max-image-preview:large, max-video-preview:-1\" \/>\n<meta property=\"og:locale\" content=\"fr_FR\" \/>\n<meta property=\"og:type\" content=\"article\" \/>\n<meta property=\"og:title\" content=\"Anna Gu\u00e9ridon 3 Niveaux Blanc Base - Districos Webshop\" \/>\n<meta property=\"og:description\" content=\"Chariot pratique et compact \u00e0 trois niveaux. Mortaises pour fixation d\u2019une lampe loupe et d\u2019un porte-r\u00e9cipient pour r\u00e9cipient d\u2019eau en plastique de Zenna. Dimensions : 65 x 38 x 93 cm (L x l x h) Couleur : blanc Nombre de tiroirs automatiques : aucun tiroir Pourvue de base d&rsquo;un porte-spatules et porte-rouleau&nbsp; Mat\u00e9riau : [&hellip;]\" \/>\n<meta property=\"og:url\" content=\"https:\/\/districos.standingout.be\/fr\/product\/anna-gueridon-3-niveaux-blanc-base-ref-8454-041\/\" \/>\n<meta property=\"og:site_name\" content=\"Districos Webshop\" \/>\n<meta property=\"article:modified_time\" content=\"2026-04-28T09:56:15+00:00\" \/>\n<meta name=\"twitter:card\" content=\"summary_large_image\" \/>\n<meta name=\"twitter:label1\" content=\"Dur\u00e9e de lecture estim\u00e9e\" \/>\n\t<meta name=\"twitter:data1\" content=\"1 minute\" \/>\n<script type=\"application\/ld+json\" class=\"yoast-schema-graph\">{\"@context\":\"https:\\\/\\\/schema.org\",\"@graph\":[{\"@type\":\"WebPage\",\"@id\":\"https:\\\/\\\/districos.standingout.be\\\/fr\\\/product\\\/anna-gueridon-3-niveaux-blanc-base-ref-8454-041\\\/\",\"url\":\"https:\\\/\\\/districos.standingout.be\\\/fr\\\/product\\\/anna-gueridon-3-niveaux-blanc-base-ref-8454-041\\\/\",\"name\":\"Anna Gu\u00e9ridon 3 Niveaux Blanc Base - Districos Webshop\",\"isPartOf\":{\"@id\":\"https:\\\/\\\/districos.standingout.be\\\/fr\\\/#website\"},\"primaryImageOfPage\":{\"@id\":\"https:\\\/\\\/districos.standingout.be\\\/fr\\\/product\\\/anna-gueridon-3-niveaux-blanc-base-ref-8454-041\\\/#primaryimage\"},\"image\":{\"@id\":\"https:\\\/\\\/districos.standingout.be\\\/fr\\\/product\\\/anna-gueridon-3-niveaux-blanc-base-ref-8454-041\\\/#primaryimage\"},\"thumbnailUrl\":\"https:\\\/\\\/districos.standingout.be\\\/wp-content\\\/uploads\\\/2025\\\/07\\\/8454.041@LowRes_1.png\",\"datePublished\":\"2026-04-28T09:56:06+00:00\",\"dateModified\":\"2026-04-28T09:56:15+00:00\",\"breadcrumb\":{\"@id\":\"https:\\\/\\\/districos.standingout.be\\\/fr\\\/product\\\/anna-gueridon-3-niveaux-blanc-base-ref-8454-041\\\/#breadcrumb\"},\"inLanguage\":\"fr-FR\",\"potentialAction\":[{\"@type\":\"ReadAction\",\"target\":[\"https:\\\/\\\/districos.standingout.be\\\/fr\\\/product\\\/anna-gueridon-3-niveaux-blanc-base-ref-8454-041\\\/\"]}]},{\"@type\":\"ImageObject\",\"inLanguage\":\"fr-FR\",\"@id\":\"https:\\\/\\\/districos.standingout.be\\\/fr\\\/product\\\/anna-gueridon-3-niveaux-blanc-base-ref-8454-041\\\/#primaryimage\",\"url\":\"https:\\\/\\\/districos.standingout.be\\\/wp-content\\\/uploads\\\/2025\\\/07\\\/8454.041@LowRes_1.png\",\"contentUrl\":\"https:\\\/\\\/districos.standingout.be\\\/wp-content\\\/uploads\\\/2025\\\/07\\\/8454.041@LowRes_1.png\",\"width\":600,\"height\":600},{\"@type\":\"BreadcrumbList\",\"@id\":\"https:\\\/\\\/districos.standingout.be\\\/fr\\\/product\\\/anna-gueridon-3-niveaux-blanc-base-ref-8454-041\\\/#breadcrumb\",\"itemListElement\":[{\"@type\":\"ListItem\",\"position\":1,\"name\":\"Home\",\"item\":\"https:\\\/\\\/districos.standingout.be\\\/fr\\\/bienvenue-chez-districos\\\/\"},{\"@type\":\"ListItem\",\"position\":2,\"name\":\"Boutique\",\"item\":\"https:\\\/\\\/districos.standingout.be\\\/fr\\\/boutique\\\/\"},{\"@type\":\"ListItem\",\"position\":3,\"name\":\"Anna Gu\u00e9ridon 3 Niveaux Blanc Base\"}]},{\"@type\":\"WebSite\",\"@id\":\"https:\\\/\\\/districos.standingout.be\\\/fr\\\/#website\",\"url\":\"https:\\\/\\\/districos.standingout.be\\\/fr\\\/\",\"name\":\"Districos Webshop\",\"description\":\"\",\"publisher\":{\"@id\":\"https:\\\/\\\/districos.standingout.be\\\/fr\\\/#organization\"},\"potentialAction\":[{\"@type\":\"SearchAction\",\"target\":{\"@type\":\"EntryPoint\",\"urlTemplate\":\"https:\\\/\\\/districos.standingout.be\\\/fr\\\/?s={search_term_string}\"},\"query-input\":{\"@type\":\"PropertyValueSpecification\",\"valueRequired\":true,\"valueName\":\"search_term_string\"}}],\"inLanguage\":\"fr-FR\"},{\"@type\":\"Organization\",\"@id\":\"https:\\\/\\\/districos.standingout.be\\\/fr\\\/#organization\",\"name\":\"Districos Webshop\",\"url\":\"https:\\\/\\\/districos.standingout.be\\\/fr\\\/\",\"logo\":{\"@type\":\"ImageObject\",\"inLanguage\":\"fr-FR\",\"@id\":\"https:\\\/\\\/districos.standingout.be\\\/fr\\\/#\\\/schema\\\/logo\\\/image\\\/\",\"url\":\"https:\\\/\\\/districos.standingout.be\\\/wp-content\\\/uploads\\\/2022\\\/09\\\/Districos_Logo_Webshop.svg\",\"contentUrl\":\"https:\\\/\\\/districos.standingout.be\\\/wp-content\\\/uploads\\\/2022\\\/09\\\/Districos_Logo_Webshop.svg\",\"caption\":\"Districos Webshop\"},\"image\":{\"@id\":\"https:\\\/\\\/districos.standingout.be\\\/fr\\\/#\\\/schema\\\/logo\\\/image\\\/\"}}]}<\/script>\n<!-- \/ Yoast SEO plugin. -->","yoast_head_json":{"title":"Anna Gu\u00e9ridon 3 Niveaux Blanc Base - Districos Webshop","robots":{"index":"noindex","follow":"follow","max-snippet":"max-snippet:-1","max-image-preview":"max-image-preview:large","max-video-preview":"max-video-preview:-1"},"og_locale":"fr_FR","og_type":"article","og_title":"Anna Gu\u00e9ridon 3 Niveaux Blanc Base - Districos Webshop","og_description":"Chariot pratique et compact \u00e0 trois niveaux. Mortaises pour fixation d\u2019une lampe loupe et d\u2019un porte-r\u00e9cipient pour r\u00e9cipient d\u2019eau en plastique de Zenna. Dimensions : 65 x 38 x 93 cm (L x l x h) Couleur : blanc Nombre de tiroirs automatiques : aucun tiroir Pourvue de base d&rsquo;un porte-spatules et porte-rouleau&nbsp; Mat\u00e9riau : [&hellip;]","og_url":"https:\/\/districos.standingout.be\/fr\/product\/anna-gueridon-3-niveaux-blanc-base-ref-8454-041\/","og_site_name":"Districos Webshop","article_modified_time":"2026-04-28T09:56:15+00:00","twitter_card":"summary_large_image","twitter_misc":{"Dur\u00e9e de lecture estim\u00e9e":"1 minute"},"schema":{"@context":"https:\/\/schema.org","@graph":[{"@type":"WebPage","@id":"https:\/\/districos.standingout.be\/fr\/product\/anna-gueridon-3-niveaux-blanc-base-ref-8454-041\/","url":"https:\/\/districos.standingout.be\/fr\/product\/anna-gueridon-3-niveaux-blanc-base-ref-8454-041\/","name":"Anna Gu\u00e9ridon 3 Niveaux Blanc Base - Districos Webshop","isPartOf":{"@id":"https:\/\/districos.standingout.be\/fr\/#website"},"primaryImageOfPage":{"@id":"https:\/\/districos.standingout.be\/fr\/product\/anna-gueridon-3-niveaux-blanc-base-ref-8454-041\/#primaryimage"},"image":{"@id":"https:\/\/districos.standingout.be\/fr\/product\/anna-gueridon-3-niveaux-blanc-base-ref-8454-041\/#primaryimage"},"thumbnailUrl":"https:\/\/districos.standingout.be\/wp-content\/uploads\/2025\/07\/8454.041@LowRes_1.png","datePublished":"2026-04-28T09:56:06+00:00","dateModified":"2026-04-28T09:56:15+00:00","breadcrumb":{"@id":"https:\/\/districos.standingout.be\/fr\/product\/anna-gueridon-3-niveaux-blanc-base-ref-8454-041\/#breadcrumb"},"inLanguage":"fr-FR","potentialAction":[{"@type":"ReadAction","target":["https:\/\/districos.standingout.be\/fr\/product\/anna-gueridon-3-niveaux-blanc-base-ref-8454-041\/"]}]},{"@type":"ImageObject","inLanguage":"fr-FR","@id":"https:\/\/districos.standingout.be\/fr\/product\/anna-gueridon-3-niveaux-blanc-base-ref-8454-041\/#primaryimage","url":"https:\/\/districos.standingout.be\/wp-content\/uploads\/2025\/07\/8454.041@LowRes_1.png","contentUrl":"https:\/\/districos.standingout.be\/wp-content\/uploads\/2025\/07\/8454.041@LowRes_1.png","width":600,"height":600},{"@type":"BreadcrumbList","@id":"https:\/\/districos.standingout.be\/fr\/product\/anna-gueridon-3-niveaux-blanc-base-ref-8454-041\/#breadcrumb","itemListElement":[{"@type":"ListItem","position":1,"name":"Home","item":"https:\/\/districos.standingout.be\/fr\/bienvenue-chez-districos\/"},{"@type":"ListItem","position":2,"name":"Boutique","item":"https:\/\/districos.standingout.be\/fr\/boutique\/"},{"@type":"ListItem","position":3,"name":"Anna Gu\u00e9ridon 3 Niveaux Blanc Base"}]},{"@type":"WebSite","@id":"https:\/\/districos.standingout.be\/fr\/#website","url":"https:\/\/districos.standingout.be\/fr\/","name":"Districos Webshop","description":"","publisher":{"@id":"https:\/\/districos.standingout.be\/fr\/#organization"},"potentialAction":[{"@type":"SearchAction","target":{"@type":"EntryPoint","urlTemplate":"https:\/\/districos.standingout.be\/fr\/?s={search_term_string}"},"query-input":{"@type":"PropertyValueSpecification","valueRequired":true,"valueName":"search_term_string"}}],"inLanguage":"fr-FR"},{"@type":"Organization","@id":"https:\/\/districos.standingout.be\/fr\/#organization","name":"Districos Webshop","url":"https:\/\/districos.standingout.be\/fr\/","logo":{"@type":"ImageObject","inLanguage":"fr-FR","@id":"https:\/\/districos.standingout.be\/fr\/#\/schema\/logo\/image\/","url":"https:\/\/districos.standingout.be\/wp-content\/uploads\/2022\/09\/Districos_Logo_Webshop.svg","contentUrl":"https:\/\/districos.standingout.be\/wp-content\/uploads\/2022\/09\/Districos_Logo_Webshop.svg","caption":"Districos Webshop"},"image":{"@id":"https:\/\/districos.standingout.be\/fr\/#\/schema\/logo\/image\/"}}]}},"_links":{"self":[{"href":"https:\/\/districos.standingout.be\/fr\/wp-json\/wp\/v2\/product\/138751","targetHints":{"allow":["GET"]}}],"collection":[{"href":"https:\/\/districos.standingout.be\/fr\/wp-json\/wp\/v2\/product"}],"about":[{"href":"https:\/\/districos.standingout.be\/fr\/wp-json\/wp\/v2\/types\/product"}],"replies":[{"embeddable":true,"href":"https:\/\/districos.standingout.be\/fr\/wp-json\/wp\/v2\/comments?post=138751"}],"wp:featuredmedia":[{"embeddable":true,"href":"https:\/\/districos.standingout.be\/fr\/wp-json\/wp\/v2\/media\/82337"}],"wp:attachment":[{"href":"https:\/\/districos.standingout.be\/fr\/wp-json\/wp\/v2\/media?parent=138751"}],"wp:term":[{"taxonomy":"product_brand","embeddable":true,"href":"https:\/\/districos.standingout.be\/fr\/wp-json\/wp\/v2\/product_brand?post=138751"},{"taxonomy":"product_cat","embeddable":true,"href":"https:\/\/districos.standingout.be\/fr\/wp-json\/wp\/v2\/product_cat?post=138751"},{"taxonomy":"product_tag","embeddable":true,"href":"https:\/\/districos.standingout.be\/fr\/wp-json\/wp\/v2\/product_tag?post=138751"}],"curies":[{"name":"wp","href":"https:\/\/api.w.org\/{rel}","templated":true}]}}