{"id":138771,"date":"2026-04-28T11:57:29","date_gmt":"2026-04-28T09:57:29","guid":{"rendered":"https:\/\/webshopdistricoscom.webhosting.be\/product\/daylight-lumi-task-lampe-blanc-ref-8455-17\/"},"modified":"2026-04-28T11:57:33","modified_gmt":"2026-04-28T09:57:33","slug":"daylight-lumi-task-lampe-blanc-ref-8455-17","status":"publish","type":"product","link":"https:\/\/districos.standingout.be\/fr\/product\/daylight-lumi-task-lampe-blanc-ref-8455-17\/","title":{"rendered":"Daylight Lumi Task Lampe Blanc"},"content":{"rendered":"<p >\n<\/p>\n<\/p>\n<\/p>\n<p dir=\"ltr\"><b>Un \u00e9clairage clair d\u2019une surface de travail large. De longue port\u00e9e !<br \/><\/b><span>Lampe de travail professionnelle avec LED puissante de Daylight\u2122 pour un \u00e9clairage clair de la surface de travail. La grande cache peut \u00eatre ajust\u00e9e verticalement, horizontalement et lat\u00e9ralement vers la position d\u00e9sir\u00e9e, afin de pouvoir fixer pr\u00e9cis\u00e9ment la lumi\u00e8re sur l\u2019endroit d\u00e9sir\u00e9.<\/span><br \/><b> Caract\u00e9ristiques :<\/b><\/p>\n<ul>\n<li>Couleur de l&rsquo;armature : blanc<\/li>\n<li>Source lumineuse : LED<\/li>\n<li>Variateur : 2 niveaux d\u2019intensit\u00e9<\/li>\n<li>Avec une large t\u00eate qui peut \u00eatre boug\u00e9e verticalement, horizontalement et en diagonale pour pouvoir \u00eatre plac\u00e9e dans la position d\u00e9sir\u00e9e<\/li>\n<li>Port\u00e9e tr\u00e8s large : max. 100 cm<\/li>\n<li>Livr\u00e9e avec une pince de table solide<\/li>\n<li>Temp\u00e9rature : 6000 K<\/li>\n<li>IRC (Indice de rendu des couleurs) : 95+<\/li>\n<li>Puissance lumineuse : 3800 lux \u00e0 30 cm<\/li>\n<li>Consommation : 15 W<\/li>\n<li>Poids : 2 kg<\/li>\n<\/ul>\n<div><b>\u00c9galement disponible:<\/b><\/div>\n<div>\n<ul>\n<li>Daylight Lumi Taks Lampe Noire&nbsp;<a href=\"https:\/\/webshop.districos.com\/ProductDetail\/8455.19\"style=\"font-family: Arial; font-size: 10pt;\" target=\"_blank\" rel=\"noopener noreferrer nofollow\">(r\u00e9f. 8455.19)<\/a><\/li>\n<\/ul>\n<\/div>\n<div>\n<div><font face=\"Arial\"><br \/><\/font> <\/p>\n<ul> <\/ul>\n<\/p>\n<\/p><\/div>\n<\/div>\n","protected":false},"excerpt":{"rendered":"<p>Un \u00e9clairage clair d\u2019une surface de travail large. De longue port\u00e9e !Lampe de travail professionnelle avec LED puissante de Daylight\u2122 pour un \u00e9clairage clair de la surface de travail. La grande cache peut \u00eatre ajust\u00e9e verticalement, horizontalement et lat\u00e9ralement vers la position d\u00e9sir\u00e9e, afin de pouvoir fixer pr\u00e9cis\u00e9ment la lumi\u00e8re sur l\u2019endroit d\u00e9sir\u00e9. Caract\u00e9ristiques : [&hellip;]<\/p>\n","protected":false},"featured_media":82376,"comment_status":"open","ping_status":"closed","template":"","meta":{"_acf_changed":false},"product_brand":[10366],"product_cat":[9862,10070,10108],"product_tag":[],"class_list":{"0":"post-138771","1":"product","2":"type-product","3":"status-publish","4":"has-post-thumbnail","6":"product_brand-daylight-fr","7":"product_cat-beaute-visage-equipement","8":"product_cat-soins-des-pieds-podologie-amenagement-du-cabinet-lampes","9":"product_cat-amenagement-amenagement-lampes","11":"first","12":"instock","13":"taxable","14":"shipping-taxable","15":"product-type-simple"},"acf":[],"yoast_head":"<!-- This site is optimized with the Yoast SEO plugin v27.3 - https:\/\/yoast.com\/product\/yoast-seo-wordpress\/ -->\n<title>Daylight Lumi Task Lampe Blanc - Districos Webshop<\/title>\n<meta name=\"robots\" content=\"noindex, follow, max-snippet:-1, max-image-preview:large, max-video-preview:-1\" \/>\n<meta property=\"og:locale\" content=\"fr_FR\" \/>\n<meta property=\"og:type\" content=\"article\" \/>\n<meta property=\"og:title\" content=\"Daylight Lumi Task Lampe Blanc - Districos Webshop\" \/>\n<meta property=\"og:description\" content=\"Un \u00e9clairage clair d\u2019une surface de travail large. De longue port\u00e9e !Lampe de travail professionnelle avec LED puissante de Daylight\u2122 pour un \u00e9clairage clair de la surface de travail. La grande cache peut \u00eatre ajust\u00e9e verticalement, horizontalement et lat\u00e9ralement vers la position d\u00e9sir\u00e9e, afin de pouvoir fixer pr\u00e9cis\u00e9ment la lumi\u00e8re sur l\u2019endroit d\u00e9sir\u00e9. Caract\u00e9ristiques : [&hellip;]\" \/>\n<meta property=\"og:url\" content=\"https:\/\/districos.standingout.be\/fr\/product\/daylight-lumi-task-lampe-blanc-ref-8455-17\/\" \/>\n<meta property=\"og:site_name\" content=\"Districos Webshop\" \/>\n<meta property=\"article:modified_time\" content=\"2026-04-28T09:57:33+00:00\" \/>\n<meta name=\"twitter:card\" content=\"summary_large_image\" \/>\n<meta name=\"twitter:label1\" content=\"Dur\u00e9e de lecture estim\u00e9e\" \/>\n\t<meta name=\"twitter:data1\" content=\"1 minute\" \/>\n<script type=\"application\/ld+json\" class=\"yoast-schema-graph\">{\"@context\":\"https:\\\/\\\/schema.org\",\"@graph\":[{\"@type\":\"WebPage\",\"@id\":\"https:\\\/\\\/districos.standingout.be\\\/fr\\\/product\\\/daylight-lumi-task-lampe-blanc-ref-8455-17\\\/\",\"url\":\"https:\\\/\\\/districos.standingout.be\\\/fr\\\/product\\\/daylight-lumi-task-lampe-blanc-ref-8455-17\\\/\",\"name\":\"Daylight Lumi Task Lampe Blanc - Districos Webshop\",\"isPartOf\":{\"@id\":\"https:\\\/\\\/districos.standingout.be\\\/fr\\\/#website\"},\"primaryImageOfPage\":{\"@id\":\"https:\\\/\\\/districos.standingout.be\\\/fr\\\/product\\\/daylight-lumi-task-lampe-blanc-ref-8455-17\\\/#primaryimage\"},\"image\":{\"@id\":\"https:\\\/\\\/districos.standingout.be\\\/fr\\\/product\\\/daylight-lumi-task-lampe-blanc-ref-8455-17\\\/#primaryimage\"},\"thumbnailUrl\":\"https:\\\/\\\/districos.standingout.be\\\/wp-content\\\/uploads\\\/2025\\\/07\\\/8455.17@LowRes_1_0.png\",\"datePublished\":\"2026-04-28T09:57:29+00:00\",\"dateModified\":\"2026-04-28T09:57:33+00:00\",\"breadcrumb\":{\"@id\":\"https:\\\/\\\/districos.standingout.be\\\/fr\\\/product\\\/daylight-lumi-task-lampe-blanc-ref-8455-17\\\/#breadcrumb\"},\"inLanguage\":\"fr-FR\",\"potentialAction\":[{\"@type\":\"ReadAction\",\"target\":[\"https:\\\/\\\/districos.standingout.be\\\/fr\\\/product\\\/daylight-lumi-task-lampe-blanc-ref-8455-17\\\/\"]}]},{\"@type\":\"ImageObject\",\"inLanguage\":\"fr-FR\",\"@id\":\"https:\\\/\\\/districos.standingout.be\\\/fr\\\/product\\\/daylight-lumi-task-lampe-blanc-ref-8455-17\\\/#primaryimage\",\"url\":\"https:\\\/\\\/districos.standingout.be\\\/wp-content\\\/uploads\\\/2025\\\/07\\\/8455.17@LowRes_1_0.png\",\"contentUrl\":\"https:\\\/\\\/districos.standingout.be\\\/wp-content\\\/uploads\\\/2025\\\/07\\\/8455.17@LowRes_1_0.png\",\"width\":600,\"height\":600},{\"@type\":\"BreadcrumbList\",\"@id\":\"https:\\\/\\\/districos.standingout.be\\\/fr\\\/product\\\/daylight-lumi-task-lampe-blanc-ref-8455-17\\\/#breadcrumb\",\"itemListElement\":[{\"@type\":\"ListItem\",\"position\":1,\"name\":\"Home\",\"item\":\"https:\\\/\\\/districos.standingout.be\\\/fr\\\/bienvenue-chez-districos\\\/\"},{\"@type\":\"ListItem\",\"position\":2,\"name\":\"Boutique\",\"item\":\"https:\\\/\\\/districos.standingout.be\\\/fr\\\/boutique\\\/\"},{\"@type\":\"ListItem\",\"position\":3,\"name\":\"Daylight Lumi Task Lampe Blanc\"}]},{\"@type\":\"WebSite\",\"@id\":\"https:\\\/\\\/districos.standingout.be\\\/fr\\\/#website\",\"url\":\"https:\\\/\\\/districos.standingout.be\\\/fr\\\/\",\"name\":\"Districos Webshop\",\"description\":\"\",\"publisher\":{\"@id\":\"https:\\\/\\\/districos.standingout.be\\\/fr\\\/#organization\"},\"potentialAction\":[{\"@type\":\"SearchAction\",\"target\":{\"@type\":\"EntryPoint\",\"urlTemplate\":\"https:\\\/\\\/districos.standingout.be\\\/fr\\\/?s={search_term_string}\"},\"query-input\":{\"@type\":\"PropertyValueSpecification\",\"valueRequired\":true,\"valueName\":\"search_term_string\"}}],\"inLanguage\":\"fr-FR\"},{\"@type\":\"Organization\",\"@id\":\"https:\\\/\\\/districos.standingout.be\\\/fr\\\/#organization\",\"name\":\"Districos Webshop\",\"url\":\"https:\\\/\\\/districos.standingout.be\\\/fr\\\/\",\"logo\":{\"@type\":\"ImageObject\",\"inLanguage\":\"fr-FR\",\"@id\":\"https:\\\/\\\/districos.standingout.be\\\/fr\\\/#\\\/schema\\\/logo\\\/image\\\/\",\"url\":\"https:\\\/\\\/districos.standingout.be\\\/wp-content\\\/uploads\\\/2022\\\/09\\\/Districos_Logo_Webshop.svg\",\"contentUrl\":\"https:\\\/\\\/districos.standingout.be\\\/wp-content\\\/uploads\\\/2022\\\/09\\\/Districos_Logo_Webshop.svg\",\"caption\":\"Districos Webshop\"},\"image\":{\"@id\":\"https:\\\/\\\/districos.standingout.be\\\/fr\\\/#\\\/schema\\\/logo\\\/image\\\/\"}}]}<\/script>\n<!-- \/ Yoast SEO plugin. -->","yoast_head_json":{"title":"Daylight Lumi Task Lampe Blanc - Districos Webshop","robots":{"index":"noindex","follow":"follow","max-snippet":"max-snippet:-1","max-image-preview":"max-image-preview:large","max-video-preview":"max-video-preview:-1"},"og_locale":"fr_FR","og_type":"article","og_title":"Daylight Lumi Task Lampe Blanc - Districos Webshop","og_description":"Un \u00e9clairage clair d\u2019une surface de travail large. De longue port\u00e9e !Lampe de travail professionnelle avec LED puissante de Daylight\u2122 pour un \u00e9clairage clair de la surface de travail. La grande cache peut \u00eatre ajust\u00e9e verticalement, horizontalement et lat\u00e9ralement vers la position d\u00e9sir\u00e9e, afin de pouvoir fixer pr\u00e9cis\u00e9ment la lumi\u00e8re sur l\u2019endroit d\u00e9sir\u00e9. Caract\u00e9ristiques : [&hellip;]","og_url":"https:\/\/districos.standingout.be\/fr\/product\/daylight-lumi-task-lampe-blanc-ref-8455-17\/","og_site_name":"Districos Webshop","article_modified_time":"2026-04-28T09:57:33+00:00","twitter_card":"summary_large_image","twitter_misc":{"Dur\u00e9e de lecture estim\u00e9e":"1 minute"},"schema":{"@context":"https:\/\/schema.org","@graph":[{"@type":"WebPage","@id":"https:\/\/districos.standingout.be\/fr\/product\/daylight-lumi-task-lampe-blanc-ref-8455-17\/","url":"https:\/\/districos.standingout.be\/fr\/product\/daylight-lumi-task-lampe-blanc-ref-8455-17\/","name":"Daylight Lumi Task Lampe Blanc - Districos Webshop","isPartOf":{"@id":"https:\/\/districos.standingout.be\/fr\/#website"},"primaryImageOfPage":{"@id":"https:\/\/districos.standingout.be\/fr\/product\/daylight-lumi-task-lampe-blanc-ref-8455-17\/#primaryimage"},"image":{"@id":"https:\/\/districos.standingout.be\/fr\/product\/daylight-lumi-task-lampe-blanc-ref-8455-17\/#primaryimage"},"thumbnailUrl":"https:\/\/districos.standingout.be\/wp-content\/uploads\/2025\/07\/8455.17@LowRes_1_0.png","datePublished":"2026-04-28T09:57:29+00:00","dateModified":"2026-04-28T09:57:33+00:00","breadcrumb":{"@id":"https:\/\/districos.standingout.be\/fr\/product\/daylight-lumi-task-lampe-blanc-ref-8455-17\/#breadcrumb"},"inLanguage":"fr-FR","potentialAction":[{"@type":"ReadAction","target":["https:\/\/districos.standingout.be\/fr\/product\/daylight-lumi-task-lampe-blanc-ref-8455-17\/"]}]},{"@type":"ImageObject","inLanguage":"fr-FR","@id":"https:\/\/districos.standingout.be\/fr\/product\/daylight-lumi-task-lampe-blanc-ref-8455-17\/#primaryimage","url":"https:\/\/districos.standingout.be\/wp-content\/uploads\/2025\/07\/8455.17@LowRes_1_0.png","contentUrl":"https:\/\/districos.standingout.be\/wp-content\/uploads\/2025\/07\/8455.17@LowRes_1_0.png","width":600,"height":600},{"@type":"BreadcrumbList","@id":"https:\/\/districos.standingout.be\/fr\/product\/daylight-lumi-task-lampe-blanc-ref-8455-17\/#breadcrumb","itemListElement":[{"@type":"ListItem","position":1,"name":"Home","item":"https:\/\/districos.standingout.be\/fr\/bienvenue-chez-districos\/"},{"@type":"ListItem","position":2,"name":"Boutique","item":"https:\/\/districos.standingout.be\/fr\/boutique\/"},{"@type":"ListItem","position":3,"name":"Daylight Lumi Task Lampe Blanc"}]},{"@type":"WebSite","@id":"https:\/\/districos.standingout.be\/fr\/#website","url":"https:\/\/districos.standingout.be\/fr\/","name":"Districos Webshop","description":"","publisher":{"@id":"https:\/\/districos.standingout.be\/fr\/#organization"},"potentialAction":[{"@type":"SearchAction","target":{"@type":"EntryPoint","urlTemplate":"https:\/\/districos.standingout.be\/fr\/?s={search_term_string}"},"query-input":{"@type":"PropertyValueSpecification","valueRequired":true,"valueName":"search_term_string"}}],"inLanguage":"fr-FR"},{"@type":"Organization","@id":"https:\/\/districos.standingout.be\/fr\/#organization","name":"Districos Webshop","url":"https:\/\/districos.standingout.be\/fr\/","logo":{"@type":"ImageObject","inLanguage":"fr-FR","@id":"https:\/\/districos.standingout.be\/fr\/#\/schema\/logo\/image\/","url":"https:\/\/districos.standingout.be\/wp-content\/uploads\/2022\/09\/Districos_Logo_Webshop.svg","contentUrl":"https:\/\/districos.standingout.be\/wp-content\/uploads\/2022\/09\/Districos_Logo_Webshop.svg","caption":"Districos Webshop"},"image":{"@id":"https:\/\/districos.standingout.be\/fr\/#\/schema\/logo\/image\/"}}]}},"_links":{"self":[{"href":"https:\/\/districos.standingout.be\/fr\/wp-json\/wp\/v2\/product\/138771","targetHints":{"allow":["GET"]}}],"collection":[{"href":"https:\/\/districos.standingout.be\/fr\/wp-json\/wp\/v2\/product"}],"about":[{"href":"https:\/\/districos.standingout.be\/fr\/wp-json\/wp\/v2\/types\/product"}],"replies":[{"embeddable":true,"href":"https:\/\/districos.standingout.be\/fr\/wp-json\/wp\/v2\/comments?post=138771"}],"wp:featuredmedia":[{"embeddable":true,"href":"https:\/\/districos.standingout.be\/fr\/wp-json\/wp\/v2\/media\/82376"}],"wp:attachment":[{"href":"https:\/\/districos.standingout.be\/fr\/wp-json\/wp\/v2\/media?parent=138771"}],"wp:term":[{"taxonomy":"product_brand","embeddable":true,"href":"https:\/\/districos.standingout.be\/fr\/wp-json\/wp\/v2\/product_brand?post=138771"},{"taxonomy":"product_cat","embeddable":true,"href":"https:\/\/districos.standingout.be\/fr\/wp-json\/wp\/v2\/product_cat?post=138771"},{"taxonomy":"product_tag","embeddable":true,"href":"https:\/\/districos.standingout.be\/fr\/wp-json\/wp\/v2\/product_tag?post=138771"}],"curies":[{"name":"wp","href":"https:\/\/api.w.org\/{rel}","templated":true}]}}