{"id":138777,"date":"2026-04-28T11:58:10","date_gmt":"2026-04-28T09:58:10","guid":{"rendered":"https:\/\/webshopdistricoscom.webhosting.be\/product\/daylight-halo-go-rechargeable-magnifier-lampe-loupe-ref-8455-60\/"},"modified":"2026-04-28T11:58:16","modified_gmt":"2026-04-28T09:58:16","slug":"daylight-halo-go-rechargeable-magnifier-lampe-loupe-ref-8455-60","status":"publish","type":"product","link":"https:\/\/districos.standingout.be\/fr\/product\/daylight-halo-go-rechargeable-magnifier-lampe-loupe-ref-8455-60\/","title":{"rendered":"Daylight Halo Go Rechargeable Magnifier Lampe Loupe"},"content":{"rendered":"<p >\n<p dir=\"ltr\">Gr\u00e2ce \u00e0 la technologie de DaylightTM vous b\u00e9n\u00e9ficiez d\u2019un spectre naturel de lumi\u00e8re du jour. Ceci vous permet de garder plus longtemps votre concentration, en tout confort sans \u00eatre g\u00ean\u00e9e par la fatigue oculaire. Les lampes loupes de DaylightTM conviennent parfaitement aux soins exigeant une grande pr\u00e9cision.<br \/> Caract\u00e9ristiques :<\/p>\n<ul>\n<li> IRC : 80+ pour un aper\u00e7u pr\u00e9cis<\/li>\n<li>18 lampes LED claires<\/li>\n<li>Variateur : 2 niveaux d&rsquo;intensit\u00e9<\/li>\n<li>Diam\u00e8tre lentille : 9 cm<\/li>\n<li>Avec batterie rechargeable USB, autonomie : Jusqu\u2019\u00e0 8 heures<\/li>\n<li>Temp\u00e9rature : 6000 K<\/li>\n<li>Puissance lumineuse : 4000 (niveau 1) &#8211; 2000 (niveau 2) lux \u00e0 15 cm<\/li>\n<li>Flux lumineux : 315 lumen<\/li>\n<li>Consommation : 5 W<\/li>\n<li>Poids : 0,7 kg<\/li>\n<\/ul>\n<p><i><b>Nettoyage :<\/b>&nbsp;Nettoyes les lampes&nbsp;<span>Daylight\u2122 uniquement avec de l&rsquo;eau, PAS avec de l&rsquo;alcool ou de l&rsquo;ac\u00e9tone !<\/span><\/i><font face=\"Verdana\"><br \/><\/font> <\/p><\/p>\n","protected":false},"excerpt":{"rendered":"<p>Gr\u00e2ce \u00e0 la technologie de DaylightTM vous b\u00e9n\u00e9ficiez d\u2019un spectre naturel de lumi\u00e8re du jour. Ceci vous permet de garder plus longtemps votre concentration, en tout confort sans \u00eatre g\u00ean\u00e9e par la fatigue oculaire. Les lampes loupes de DaylightTM conviennent parfaitement aux soins exigeant une grande pr\u00e9cision. Caract\u00e9ristiques : IRC : 80+ pour un aper\u00e7u [&hellip;]<\/p>\n","protected":false},"featured_media":82382,"comment_status":"open","ping_status":"closed","template":"","meta":{"_acf_changed":false},"product_brand":[10366],"product_cat":[9862,10070,10108],"product_tag":[],"class_list":{"0":"post-138777","1":"product","2":"type-product","3":"status-publish","4":"has-post-thumbnail","6":"product_brand-daylight-fr","7":"product_cat-beaute-visage-equipement","8":"product_cat-soins-des-pieds-podologie-amenagement-du-cabinet-lampes","9":"product_cat-amenagement-amenagement-lampes","11":"first","12":"instock","13":"taxable","14":"shipping-taxable","15":"product-type-simple"},"acf":[],"yoast_head":"<!-- This site is optimized with the Yoast SEO plugin v27.3 - https:\/\/yoast.com\/product\/yoast-seo-wordpress\/ -->\n<title>Daylight Halo Go Rechargeable Magnifier Lampe Loupe - Districos Webshop<\/title>\n<meta name=\"robots\" content=\"noindex, follow, max-snippet:-1, max-image-preview:large, max-video-preview:-1\" \/>\n<meta property=\"og:locale\" content=\"fr_FR\" \/>\n<meta property=\"og:type\" content=\"article\" \/>\n<meta property=\"og:title\" content=\"Daylight Halo Go Rechargeable Magnifier Lampe Loupe - Districos Webshop\" \/>\n<meta property=\"og:description\" content=\"Gr\u00e2ce \u00e0 la technologie de DaylightTM vous b\u00e9n\u00e9ficiez d\u2019un spectre naturel de lumi\u00e8re du jour. Ceci vous permet de garder plus longtemps votre concentration, en tout confort sans \u00eatre g\u00ean\u00e9e par la fatigue oculaire. Les lampes loupes de DaylightTM conviennent parfaitement aux soins exigeant une grande pr\u00e9cision. Caract\u00e9ristiques : IRC : 80+ pour un aper\u00e7u [&hellip;]\" \/>\n<meta property=\"og:url\" content=\"https:\/\/districos.standingout.be\/fr\/product\/daylight-halo-go-rechargeable-magnifier-lampe-loupe-ref-8455-60\/\" \/>\n<meta property=\"og:site_name\" content=\"Districos Webshop\" \/>\n<meta property=\"article:modified_time\" content=\"2026-04-28T09:58:16+00:00\" \/>\n<meta name=\"twitter:card\" content=\"summary_large_image\" \/>\n<meta name=\"twitter:label1\" content=\"Dur\u00e9e de lecture estim\u00e9e\" \/>\n\t<meta name=\"twitter:data1\" content=\"1 minute\" \/>\n<script type=\"application\/ld+json\" class=\"yoast-schema-graph\">{\"@context\":\"https:\\\/\\\/schema.org\",\"@graph\":[{\"@type\":\"WebPage\",\"@id\":\"https:\\\/\\\/districos.standingout.be\\\/fr\\\/product\\\/daylight-halo-go-rechargeable-magnifier-lampe-loupe-ref-8455-60\\\/\",\"url\":\"https:\\\/\\\/districos.standingout.be\\\/fr\\\/product\\\/daylight-halo-go-rechargeable-magnifier-lampe-loupe-ref-8455-60\\\/\",\"name\":\"Daylight Halo Go Rechargeable Magnifier Lampe Loupe - Districos Webshop\",\"isPartOf\":{\"@id\":\"https:\\\/\\\/districos.standingout.be\\\/fr\\\/#website\"},\"primaryImageOfPage\":{\"@id\":\"https:\\\/\\\/districos.standingout.be\\\/fr\\\/product\\\/daylight-halo-go-rechargeable-magnifier-lampe-loupe-ref-8455-60\\\/#primaryimage\"},\"image\":{\"@id\":\"https:\\\/\\\/districos.standingout.be\\\/fr\\\/product\\\/daylight-halo-go-rechargeable-magnifier-lampe-loupe-ref-8455-60\\\/#primaryimage\"},\"thumbnailUrl\":\"https:\\\/\\\/districos.standingout.be\\\/wp-content\\\/uploads\\\/2025\\\/07\\\/8455.60@LowRes_1_0.png\",\"datePublished\":\"2026-04-28T09:58:10+00:00\",\"dateModified\":\"2026-04-28T09:58:16+00:00\",\"breadcrumb\":{\"@id\":\"https:\\\/\\\/districos.standingout.be\\\/fr\\\/product\\\/daylight-halo-go-rechargeable-magnifier-lampe-loupe-ref-8455-60\\\/#breadcrumb\"},\"inLanguage\":\"fr-FR\",\"potentialAction\":[{\"@type\":\"ReadAction\",\"target\":[\"https:\\\/\\\/districos.standingout.be\\\/fr\\\/product\\\/daylight-halo-go-rechargeable-magnifier-lampe-loupe-ref-8455-60\\\/\"]}]},{\"@type\":\"ImageObject\",\"inLanguage\":\"fr-FR\",\"@id\":\"https:\\\/\\\/districos.standingout.be\\\/fr\\\/product\\\/daylight-halo-go-rechargeable-magnifier-lampe-loupe-ref-8455-60\\\/#primaryimage\",\"url\":\"https:\\\/\\\/districos.standingout.be\\\/wp-content\\\/uploads\\\/2025\\\/07\\\/8455.60@LowRes_1_0.png\",\"contentUrl\":\"https:\\\/\\\/districos.standingout.be\\\/wp-content\\\/uploads\\\/2025\\\/07\\\/8455.60@LowRes_1_0.png\",\"width\":600,\"height\":600},{\"@type\":\"BreadcrumbList\",\"@id\":\"https:\\\/\\\/districos.standingout.be\\\/fr\\\/product\\\/daylight-halo-go-rechargeable-magnifier-lampe-loupe-ref-8455-60\\\/#breadcrumb\",\"itemListElement\":[{\"@type\":\"ListItem\",\"position\":1,\"name\":\"Home\",\"item\":\"https:\\\/\\\/districos.standingout.be\\\/fr\\\/bienvenue-chez-districos\\\/\"},{\"@type\":\"ListItem\",\"position\":2,\"name\":\"Boutique\",\"item\":\"https:\\\/\\\/districos.standingout.be\\\/fr\\\/boutique\\\/\"},{\"@type\":\"ListItem\",\"position\":3,\"name\":\"Daylight Halo Go Rechargeable Magnifier Lampe Loupe\"}]},{\"@type\":\"WebSite\",\"@id\":\"https:\\\/\\\/districos.standingout.be\\\/fr\\\/#website\",\"url\":\"https:\\\/\\\/districos.standingout.be\\\/fr\\\/\",\"name\":\"Districos Webshop\",\"description\":\"\",\"publisher\":{\"@id\":\"https:\\\/\\\/districos.standingout.be\\\/fr\\\/#organization\"},\"potentialAction\":[{\"@type\":\"SearchAction\",\"target\":{\"@type\":\"EntryPoint\",\"urlTemplate\":\"https:\\\/\\\/districos.standingout.be\\\/fr\\\/?s={search_term_string}\"},\"query-input\":{\"@type\":\"PropertyValueSpecification\",\"valueRequired\":true,\"valueName\":\"search_term_string\"}}],\"inLanguage\":\"fr-FR\"},{\"@type\":\"Organization\",\"@id\":\"https:\\\/\\\/districos.standingout.be\\\/fr\\\/#organization\",\"name\":\"Districos Webshop\",\"url\":\"https:\\\/\\\/districos.standingout.be\\\/fr\\\/\",\"logo\":{\"@type\":\"ImageObject\",\"inLanguage\":\"fr-FR\",\"@id\":\"https:\\\/\\\/districos.standingout.be\\\/fr\\\/#\\\/schema\\\/logo\\\/image\\\/\",\"url\":\"https:\\\/\\\/districos.standingout.be\\\/wp-content\\\/uploads\\\/2022\\\/09\\\/Districos_Logo_Webshop.svg\",\"contentUrl\":\"https:\\\/\\\/districos.standingout.be\\\/wp-content\\\/uploads\\\/2022\\\/09\\\/Districos_Logo_Webshop.svg\",\"caption\":\"Districos Webshop\"},\"image\":{\"@id\":\"https:\\\/\\\/districos.standingout.be\\\/fr\\\/#\\\/schema\\\/logo\\\/image\\\/\"}}]}<\/script>\n<!-- \/ Yoast SEO plugin. -->","yoast_head_json":{"title":"Daylight Halo Go Rechargeable Magnifier Lampe Loupe - Districos Webshop","robots":{"index":"noindex","follow":"follow","max-snippet":"max-snippet:-1","max-image-preview":"max-image-preview:large","max-video-preview":"max-video-preview:-1"},"og_locale":"fr_FR","og_type":"article","og_title":"Daylight Halo Go Rechargeable Magnifier Lampe Loupe - Districos Webshop","og_description":"Gr\u00e2ce \u00e0 la technologie de DaylightTM vous b\u00e9n\u00e9ficiez d\u2019un spectre naturel de lumi\u00e8re du jour. Ceci vous permet de garder plus longtemps votre concentration, en tout confort sans \u00eatre g\u00ean\u00e9e par la fatigue oculaire. Les lampes loupes de DaylightTM conviennent parfaitement aux soins exigeant une grande pr\u00e9cision. Caract\u00e9ristiques : IRC : 80+ pour un aper\u00e7u [&hellip;]","og_url":"https:\/\/districos.standingout.be\/fr\/product\/daylight-halo-go-rechargeable-magnifier-lampe-loupe-ref-8455-60\/","og_site_name":"Districos Webshop","article_modified_time":"2026-04-28T09:58:16+00:00","twitter_card":"summary_large_image","twitter_misc":{"Dur\u00e9e de lecture estim\u00e9e":"1 minute"},"schema":{"@context":"https:\/\/schema.org","@graph":[{"@type":"WebPage","@id":"https:\/\/districos.standingout.be\/fr\/product\/daylight-halo-go-rechargeable-magnifier-lampe-loupe-ref-8455-60\/","url":"https:\/\/districos.standingout.be\/fr\/product\/daylight-halo-go-rechargeable-magnifier-lampe-loupe-ref-8455-60\/","name":"Daylight Halo Go Rechargeable Magnifier Lampe Loupe - Districos Webshop","isPartOf":{"@id":"https:\/\/districos.standingout.be\/fr\/#website"},"primaryImageOfPage":{"@id":"https:\/\/districos.standingout.be\/fr\/product\/daylight-halo-go-rechargeable-magnifier-lampe-loupe-ref-8455-60\/#primaryimage"},"image":{"@id":"https:\/\/districos.standingout.be\/fr\/product\/daylight-halo-go-rechargeable-magnifier-lampe-loupe-ref-8455-60\/#primaryimage"},"thumbnailUrl":"https:\/\/districos.standingout.be\/wp-content\/uploads\/2025\/07\/8455.60@LowRes_1_0.png","datePublished":"2026-04-28T09:58:10+00:00","dateModified":"2026-04-28T09:58:16+00:00","breadcrumb":{"@id":"https:\/\/districos.standingout.be\/fr\/product\/daylight-halo-go-rechargeable-magnifier-lampe-loupe-ref-8455-60\/#breadcrumb"},"inLanguage":"fr-FR","potentialAction":[{"@type":"ReadAction","target":["https:\/\/districos.standingout.be\/fr\/product\/daylight-halo-go-rechargeable-magnifier-lampe-loupe-ref-8455-60\/"]}]},{"@type":"ImageObject","inLanguage":"fr-FR","@id":"https:\/\/districos.standingout.be\/fr\/product\/daylight-halo-go-rechargeable-magnifier-lampe-loupe-ref-8455-60\/#primaryimage","url":"https:\/\/districos.standingout.be\/wp-content\/uploads\/2025\/07\/8455.60@LowRes_1_0.png","contentUrl":"https:\/\/districos.standingout.be\/wp-content\/uploads\/2025\/07\/8455.60@LowRes_1_0.png","width":600,"height":600},{"@type":"BreadcrumbList","@id":"https:\/\/districos.standingout.be\/fr\/product\/daylight-halo-go-rechargeable-magnifier-lampe-loupe-ref-8455-60\/#breadcrumb","itemListElement":[{"@type":"ListItem","position":1,"name":"Home","item":"https:\/\/districos.standingout.be\/fr\/bienvenue-chez-districos\/"},{"@type":"ListItem","position":2,"name":"Boutique","item":"https:\/\/districos.standingout.be\/fr\/boutique\/"},{"@type":"ListItem","position":3,"name":"Daylight Halo Go Rechargeable Magnifier Lampe Loupe"}]},{"@type":"WebSite","@id":"https:\/\/districos.standingout.be\/fr\/#website","url":"https:\/\/districos.standingout.be\/fr\/","name":"Districos Webshop","description":"","publisher":{"@id":"https:\/\/districos.standingout.be\/fr\/#organization"},"potentialAction":[{"@type":"SearchAction","target":{"@type":"EntryPoint","urlTemplate":"https:\/\/districos.standingout.be\/fr\/?s={search_term_string}"},"query-input":{"@type":"PropertyValueSpecification","valueRequired":true,"valueName":"search_term_string"}}],"inLanguage":"fr-FR"},{"@type":"Organization","@id":"https:\/\/districos.standingout.be\/fr\/#organization","name":"Districos Webshop","url":"https:\/\/districos.standingout.be\/fr\/","logo":{"@type":"ImageObject","inLanguage":"fr-FR","@id":"https:\/\/districos.standingout.be\/fr\/#\/schema\/logo\/image\/","url":"https:\/\/districos.standingout.be\/wp-content\/uploads\/2022\/09\/Districos_Logo_Webshop.svg","contentUrl":"https:\/\/districos.standingout.be\/wp-content\/uploads\/2022\/09\/Districos_Logo_Webshop.svg","caption":"Districos Webshop"},"image":{"@id":"https:\/\/districos.standingout.be\/fr\/#\/schema\/logo\/image\/"}}]}},"_links":{"self":[{"href":"https:\/\/districos.standingout.be\/fr\/wp-json\/wp\/v2\/product\/138777","targetHints":{"allow":["GET"]}}],"collection":[{"href":"https:\/\/districos.standingout.be\/fr\/wp-json\/wp\/v2\/product"}],"about":[{"href":"https:\/\/districos.standingout.be\/fr\/wp-json\/wp\/v2\/types\/product"}],"replies":[{"embeddable":true,"href":"https:\/\/districos.standingout.be\/fr\/wp-json\/wp\/v2\/comments?post=138777"}],"wp:featuredmedia":[{"embeddable":true,"href":"https:\/\/districos.standingout.be\/fr\/wp-json\/wp\/v2\/media\/82382"}],"wp:attachment":[{"href":"https:\/\/districos.standingout.be\/fr\/wp-json\/wp\/v2\/media?parent=138777"}],"wp:term":[{"taxonomy":"product_brand","embeddable":true,"href":"https:\/\/districos.standingout.be\/fr\/wp-json\/wp\/v2\/product_brand?post=138777"},{"taxonomy":"product_cat","embeddable":true,"href":"https:\/\/districos.standingout.be\/fr\/wp-json\/wp\/v2\/product_cat?post=138777"},{"taxonomy":"product_tag","embeddable":true,"href":"https:\/\/districos.standingout.be\/fr\/wp-json\/wp\/v2\/product_tag?post=138777"}],"curies":[{"name":"wp","href":"https:\/\/api.w.org\/{rel}","templated":true}]}}