{"id":138787,"date":"2026-04-28T11:58:33","date_gmt":"2026-04-28T09:58:33","guid":{"rendered":"https:\/\/webshopdistricoscom.webhosting.be\/product\/daylight-slimline-4-lampe-de-manucure-ref-8455-66\/"},"modified":"2026-04-28T11:58:36","modified_gmt":"2026-04-28T09:58:36","slug":"daylight-slimline-4-lampe-de-manucure-ref-8455-66","status":"publish","type":"product","link":"https:\/\/districos.standingout.be\/fr\/product\/daylight-slimline-4-lampe-de-manucure-ref-8455-66\/","title":{"rendered":"Daylight Slimline 4 Lampe de Manucure"},"content":{"rendered":"<p >\n<\/p>\n<\/p>\n<\/p>\n<\/p>\n<p data-start=\"40\" data-end=\"95\"><strong data-start=\"40\" data-end=\"95\">Slimline 4\u2122 \u2013 Le meilleur devient encore meilleur !<\/strong><\/p>\n<p data-start=\"97\" data-end=\"542\">La derni\u00e8re \u00e9volution de notre s\u00e9rie d\u2019\u00e9clairage la plus vendue. S\u2019appuyant sur le succ\u00e8s de la Slimline 3, la Slimline 4 offre une fonctionnalit\u00e9 am\u00e9lior\u00e9e. Id\u00e9ale pour les esth\u00e9ticiennes ongulaires exigeantes et \u00e0 la mode. Cette quatri\u00e8me g\u00e9n\u00e9ration de lampes LED Slimline offre une lumi\u00e8re parfaitement sans ombre et un look \u00e9l\u00e9gant en acier ! De plus, la Slimline 4 dispose d\u2019une port\u00e9e extra longue compar\u00e9e \u00e0 une lampe de bureau classique.<\/p>\n<p dir=\"ltr\">\n<p data-start=\"544\" data-end=\"908\">La lampe pr\u00e9sente d\u00e9sormais un design plus fin et est \u00e9quip\u00e9e d\u2019une technologie LED plus lumineuse avec un IRC de 95+, ce qui lui permet de s\u2019int\u00e9grer parfaitement dans tout espace de travail. Elle est con\u00e7ue avec un diffuseur suppl\u00e9mentaire et des LED suppl\u00e9mentaires, pour un meilleur confort pour vos yeux et une apparence \u00e9l\u00e9gante dans votre espace de travail.<\/p>\n<p dir=\"ltr\"><span>\u00c9videmment, cette lampe vous offre \u00e9galement la technologie Daylight\u2122 : un spectre naturel de la lumi\u00e8re du jour garantissant un confort prolong\u00e9 sans fatiguer vos yeux.<\/span><\/p>\n<p dir=\"ltr\"><b> Caract\u00e9ristiques :<\/b><\/p>\n<ul>\n<li>Source lumineuse : LED<\/li>\n<li>Variateur : 4 niveaux d\u2019intensit\u00e9<\/li>\n<li>Bras flexible pour un d\u00e9placement souple de la lumi\u00e8re<\/li>\n<li>Design en acier \u00e9l\u00e9gant<\/li>\n<li>Port\u00e9e du bras : 60 \u00e0 95 cm<\/li>\n<li>Hauteur de travail : 22 \u00e0 55 cm<\/li>\n<li>Poids : 0,95 kg<\/li>\n<li>Temp\u00e9rature : 6000 K<\/li>\n<li>IRC (Indice de rendu des couleurs) : 95+<\/li>\n<li>Puissance lumineuse : 3000 lux \u00e0 30 cm<\/li>\n<li>Flux lumineux : 1000 lumen<\/li>\n<li>Consommation : 13,6 W<\/li>\n<li>Avec&nbsp;un port USB-C (5V\/2A) pour la recharge rapide des appareils mobiles<\/li>\n<li>Fourni en standard avec une pince de table<\/li>\n<\/ul>\n<p><span><b>Option:&nbsp;<\/b><\/span><\/p>\n<div>\n<ul>\n<li><span>Pied pour Daylight Slimline 3\/4 Lampe de Manucure&nbsp;(<a href=\"https:\/\/webshop.districos.com\/ProductDetail\/8455.631\" target=\"_blank\" rel=\"noopener noreferrer nofollow\">r\u00e9f. 8455.631<\/a>)<\/span><\/li>\n<\/ul>\n<\/p><\/div>\n","protected":false},"excerpt":{"rendered":"<p>Slimline 4\u2122 \u2013 Le meilleur devient encore meilleur ! La derni\u00e8re \u00e9volution de notre s\u00e9rie d\u2019\u00e9clairage la plus vendue. S\u2019appuyant sur le succ\u00e8s de la Slimline 3, la Slimline 4 offre une fonctionnalit\u00e9 am\u00e9lior\u00e9e. Id\u00e9ale pour les esth\u00e9ticiennes ongulaires exigeantes et \u00e0 la mode. Cette quatri\u00e8me g\u00e9n\u00e9ration de lampes LED Slimline offre une lumi\u00e8re parfaitement [&hellip;]<\/p>\n","protected":false},"featured_media":148110,"comment_status":"open","ping_status":"closed","template":"","meta":{"_acf_changed":false},"product_brand":[10366],"product_cat":[9862],"product_tag":[],"class_list":{"0":"post-138787","1":"product","2":"type-product","3":"status-publish","4":"has-post-thumbnail","6":"product_brand-daylight-fr","7":"product_cat-beaute-visage-equipement","9":"first","10":"instock","11":"taxable","12":"shipping-taxable","13":"product-type-simple"},"acf":[],"yoast_head":"<!-- This site is optimized with the Yoast SEO plugin v27.3 - https:\/\/yoast.com\/product\/yoast-seo-wordpress\/ -->\n<title>Daylight Slimline 4 Lampe de Manucure - Districos Webshop<\/title>\n<meta name=\"robots\" content=\"noindex, follow, max-snippet:-1, max-image-preview:large, max-video-preview:-1\" \/>\n<meta property=\"og:locale\" content=\"fr_FR\" \/>\n<meta property=\"og:type\" content=\"article\" \/>\n<meta property=\"og:title\" content=\"Daylight Slimline 4 Lampe de Manucure - Districos Webshop\" \/>\n<meta property=\"og:description\" content=\"Slimline 4\u2122 \u2013 Le meilleur devient encore meilleur ! La derni\u00e8re \u00e9volution de notre s\u00e9rie d\u2019\u00e9clairage la plus vendue. S\u2019appuyant sur le succ\u00e8s de la Slimline 3, la Slimline 4 offre une fonctionnalit\u00e9 am\u00e9lior\u00e9e. Id\u00e9ale pour les esth\u00e9ticiennes ongulaires exigeantes et \u00e0 la mode. Cette quatri\u00e8me g\u00e9n\u00e9ration de lampes LED Slimline offre une lumi\u00e8re parfaitement [&hellip;]\" \/>\n<meta property=\"og:url\" content=\"https:\/\/districos.standingout.be\/fr\/product\/daylight-slimline-4-lampe-de-manucure-ref-8455-66\/\" \/>\n<meta property=\"og:site_name\" content=\"Districos Webshop\" \/>\n<meta property=\"article:modified_time\" content=\"2026-04-28T09:58:36+00:00\" \/>\n<meta name=\"twitter:card\" content=\"summary_large_image\" \/>\n<meta name=\"twitter:label1\" content=\"Dur\u00e9e de lecture estim\u00e9e\" \/>\n\t<meta name=\"twitter:data1\" content=\"1 minute\" \/>\n<script type=\"application\/ld+json\" class=\"yoast-schema-graph\">{\"@context\":\"https:\\\/\\\/schema.org\",\"@graph\":[{\"@type\":\"WebPage\",\"@id\":\"https:\\\/\\\/districos.standingout.be\\\/fr\\\/product\\\/daylight-slimline-4-lampe-de-manucure-ref-8455-66\\\/\",\"url\":\"https:\\\/\\\/districos.standingout.be\\\/fr\\\/product\\\/daylight-slimline-4-lampe-de-manucure-ref-8455-66\\\/\",\"name\":\"Daylight Slimline 4 Lampe de Manucure - Districos Webshop\",\"isPartOf\":{\"@id\":\"https:\\\/\\\/districos.standingout.be\\\/fr\\\/#website\"},\"primaryImageOfPage\":{\"@id\":\"https:\\\/\\\/districos.standingout.be\\\/fr\\\/product\\\/daylight-slimline-4-lampe-de-manucure-ref-8455-66\\\/#primaryimage\"},\"image\":{\"@id\":\"https:\\\/\\\/districos.standingout.be\\\/fr\\\/product\\\/daylight-slimline-4-lampe-de-manucure-ref-8455-66\\\/#primaryimage\"},\"thumbnailUrl\":\"https:\\\/\\\/districos.standingout.be\\\/wp-content\\\/uploads\\\/2026\\\/04\\\/8455.66@Daylight-Slimline-4-Manicurelamp_1-1.png\",\"datePublished\":\"2026-04-28T09:58:33+00:00\",\"dateModified\":\"2026-04-28T09:58:36+00:00\",\"breadcrumb\":{\"@id\":\"https:\\\/\\\/districos.standingout.be\\\/fr\\\/product\\\/daylight-slimline-4-lampe-de-manucure-ref-8455-66\\\/#breadcrumb\"},\"inLanguage\":\"fr-FR\",\"potentialAction\":[{\"@type\":\"ReadAction\",\"target\":[\"https:\\\/\\\/districos.standingout.be\\\/fr\\\/product\\\/daylight-slimline-4-lampe-de-manucure-ref-8455-66\\\/\"]}]},{\"@type\":\"ImageObject\",\"inLanguage\":\"fr-FR\",\"@id\":\"https:\\\/\\\/districos.standingout.be\\\/fr\\\/product\\\/daylight-slimline-4-lampe-de-manucure-ref-8455-66\\\/#primaryimage\",\"url\":\"https:\\\/\\\/districos.standingout.be\\\/wp-content\\\/uploads\\\/2026\\\/04\\\/8455.66@Daylight-Slimline-4-Manicurelamp_1-1.png\",\"contentUrl\":\"https:\\\/\\\/districos.standingout.be\\\/wp-content\\\/uploads\\\/2026\\\/04\\\/8455.66@Daylight-Slimline-4-Manicurelamp_1-1.png\",\"width\":600,\"height\":600},{\"@type\":\"BreadcrumbList\",\"@id\":\"https:\\\/\\\/districos.standingout.be\\\/fr\\\/product\\\/daylight-slimline-4-lampe-de-manucure-ref-8455-66\\\/#breadcrumb\",\"itemListElement\":[{\"@type\":\"ListItem\",\"position\":1,\"name\":\"Home\",\"item\":\"https:\\\/\\\/districos.standingout.be\\\/fr\\\/bienvenue-chez-districos\\\/\"},{\"@type\":\"ListItem\",\"position\":2,\"name\":\"Boutique\",\"item\":\"https:\\\/\\\/districos.standingout.be\\\/fr\\\/boutique\\\/\"},{\"@type\":\"ListItem\",\"position\":3,\"name\":\"Daylight Slimline 4 Lampe de Manucure\"}]},{\"@type\":\"WebSite\",\"@id\":\"https:\\\/\\\/districos.standingout.be\\\/fr\\\/#website\",\"url\":\"https:\\\/\\\/districos.standingout.be\\\/fr\\\/\",\"name\":\"Districos Webshop\",\"description\":\"\",\"publisher\":{\"@id\":\"https:\\\/\\\/districos.standingout.be\\\/fr\\\/#organization\"},\"potentialAction\":[{\"@type\":\"SearchAction\",\"target\":{\"@type\":\"EntryPoint\",\"urlTemplate\":\"https:\\\/\\\/districos.standingout.be\\\/fr\\\/?s={search_term_string}\"},\"query-input\":{\"@type\":\"PropertyValueSpecification\",\"valueRequired\":true,\"valueName\":\"search_term_string\"}}],\"inLanguage\":\"fr-FR\"},{\"@type\":\"Organization\",\"@id\":\"https:\\\/\\\/districos.standingout.be\\\/fr\\\/#organization\",\"name\":\"Districos Webshop\",\"url\":\"https:\\\/\\\/districos.standingout.be\\\/fr\\\/\",\"logo\":{\"@type\":\"ImageObject\",\"inLanguage\":\"fr-FR\",\"@id\":\"https:\\\/\\\/districos.standingout.be\\\/fr\\\/#\\\/schema\\\/logo\\\/image\\\/\",\"url\":\"https:\\\/\\\/districos.standingout.be\\\/wp-content\\\/uploads\\\/2022\\\/09\\\/Districos_Logo_Webshop.svg\",\"contentUrl\":\"https:\\\/\\\/districos.standingout.be\\\/wp-content\\\/uploads\\\/2022\\\/09\\\/Districos_Logo_Webshop.svg\",\"caption\":\"Districos Webshop\"},\"image\":{\"@id\":\"https:\\\/\\\/districos.standingout.be\\\/fr\\\/#\\\/schema\\\/logo\\\/image\\\/\"}}]}<\/script>\n<!-- \/ Yoast SEO plugin. -->","yoast_head_json":{"title":"Daylight Slimline 4 Lampe de Manucure - Districos Webshop","robots":{"index":"noindex","follow":"follow","max-snippet":"max-snippet:-1","max-image-preview":"max-image-preview:large","max-video-preview":"max-video-preview:-1"},"og_locale":"fr_FR","og_type":"article","og_title":"Daylight Slimline 4 Lampe de Manucure - Districos Webshop","og_description":"Slimline 4\u2122 \u2013 Le meilleur devient encore meilleur ! La derni\u00e8re \u00e9volution de notre s\u00e9rie d\u2019\u00e9clairage la plus vendue. S\u2019appuyant sur le succ\u00e8s de la Slimline 3, la Slimline 4 offre une fonctionnalit\u00e9 am\u00e9lior\u00e9e. Id\u00e9ale pour les esth\u00e9ticiennes ongulaires exigeantes et \u00e0 la mode. Cette quatri\u00e8me g\u00e9n\u00e9ration de lampes LED Slimline offre une lumi\u00e8re parfaitement [&hellip;]","og_url":"https:\/\/districos.standingout.be\/fr\/product\/daylight-slimline-4-lampe-de-manucure-ref-8455-66\/","og_site_name":"Districos Webshop","article_modified_time":"2026-04-28T09:58:36+00:00","twitter_card":"summary_large_image","twitter_misc":{"Dur\u00e9e de lecture estim\u00e9e":"1 minute"},"schema":{"@context":"https:\/\/schema.org","@graph":[{"@type":"WebPage","@id":"https:\/\/districos.standingout.be\/fr\/product\/daylight-slimline-4-lampe-de-manucure-ref-8455-66\/","url":"https:\/\/districos.standingout.be\/fr\/product\/daylight-slimline-4-lampe-de-manucure-ref-8455-66\/","name":"Daylight Slimline 4 Lampe de Manucure - Districos Webshop","isPartOf":{"@id":"https:\/\/districos.standingout.be\/fr\/#website"},"primaryImageOfPage":{"@id":"https:\/\/districos.standingout.be\/fr\/product\/daylight-slimline-4-lampe-de-manucure-ref-8455-66\/#primaryimage"},"image":{"@id":"https:\/\/districos.standingout.be\/fr\/product\/daylight-slimline-4-lampe-de-manucure-ref-8455-66\/#primaryimage"},"thumbnailUrl":"https:\/\/districos.standingout.be\/wp-content\/uploads\/2026\/04\/8455.66@Daylight-Slimline-4-Manicurelamp_1-1.png","datePublished":"2026-04-28T09:58:33+00:00","dateModified":"2026-04-28T09:58:36+00:00","breadcrumb":{"@id":"https:\/\/districos.standingout.be\/fr\/product\/daylight-slimline-4-lampe-de-manucure-ref-8455-66\/#breadcrumb"},"inLanguage":"fr-FR","potentialAction":[{"@type":"ReadAction","target":["https:\/\/districos.standingout.be\/fr\/product\/daylight-slimline-4-lampe-de-manucure-ref-8455-66\/"]}]},{"@type":"ImageObject","inLanguage":"fr-FR","@id":"https:\/\/districos.standingout.be\/fr\/product\/daylight-slimline-4-lampe-de-manucure-ref-8455-66\/#primaryimage","url":"https:\/\/districos.standingout.be\/wp-content\/uploads\/2026\/04\/8455.66@Daylight-Slimline-4-Manicurelamp_1-1.png","contentUrl":"https:\/\/districos.standingout.be\/wp-content\/uploads\/2026\/04\/8455.66@Daylight-Slimline-4-Manicurelamp_1-1.png","width":600,"height":600},{"@type":"BreadcrumbList","@id":"https:\/\/districos.standingout.be\/fr\/product\/daylight-slimline-4-lampe-de-manucure-ref-8455-66\/#breadcrumb","itemListElement":[{"@type":"ListItem","position":1,"name":"Home","item":"https:\/\/districos.standingout.be\/fr\/bienvenue-chez-districos\/"},{"@type":"ListItem","position":2,"name":"Boutique","item":"https:\/\/districos.standingout.be\/fr\/boutique\/"},{"@type":"ListItem","position":3,"name":"Daylight Slimline 4 Lampe de Manucure"}]},{"@type":"WebSite","@id":"https:\/\/districos.standingout.be\/fr\/#website","url":"https:\/\/districos.standingout.be\/fr\/","name":"Districos Webshop","description":"","publisher":{"@id":"https:\/\/districos.standingout.be\/fr\/#organization"},"potentialAction":[{"@type":"SearchAction","target":{"@type":"EntryPoint","urlTemplate":"https:\/\/districos.standingout.be\/fr\/?s={search_term_string}"},"query-input":{"@type":"PropertyValueSpecification","valueRequired":true,"valueName":"search_term_string"}}],"inLanguage":"fr-FR"},{"@type":"Organization","@id":"https:\/\/districos.standingout.be\/fr\/#organization","name":"Districos Webshop","url":"https:\/\/districos.standingout.be\/fr\/","logo":{"@type":"ImageObject","inLanguage":"fr-FR","@id":"https:\/\/districos.standingout.be\/fr\/#\/schema\/logo\/image\/","url":"https:\/\/districos.standingout.be\/wp-content\/uploads\/2022\/09\/Districos_Logo_Webshop.svg","contentUrl":"https:\/\/districos.standingout.be\/wp-content\/uploads\/2022\/09\/Districos_Logo_Webshop.svg","caption":"Districos Webshop"},"image":{"@id":"https:\/\/districos.standingout.be\/fr\/#\/schema\/logo\/image\/"}}]}},"_links":{"self":[{"href":"https:\/\/districos.standingout.be\/fr\/wp-json\/wp\/v2\/product\/138787","targetHints":{"allow":["GET"]}}],"collection":[{"href":"https:\/\/districos.standingout.be\/fr\/wp-json\/wp\/v2\/product"}],"about":[{"href":"https:\/\/districos.standingout.be\/fr\/wp-json\/wp\/v2\/types\/product"}],"replies":[{"embeddable":true,"href":"https:\/\/districos.standingout.be\/fr\/wp-json\/wp\/v2\/comments?post=138787"}],"wp:featuredmedia":[{"embeddable":true,"href":"https:\/\/districos.standingout.be\/fr\/wp-json\/wp\/v2\/media\/148110"}],"wp:attachment":[{"href":"https:\/\/districos.standingout.be\/fr\/wp-json\/wp\/v2\/media?parent=138787"}],"wp:term":[{"taxonomy":"product_brand","embeddable":true,"href":"https:\/\/districos.standingout.be\/fr\/wp-json\/wp\/v2\/product_brand?post=138787"},{"taxonomy":"product_cat","embeddable":true,"href":"https:\/\/districos.standingout.be\/fr\/wp-json\/wp\/v2\/product_cat?post=138787"},{"taxonomy":"product_tag","embeddable":true,"href":"https:\/\/districos.standingout.be\/fr\/wp-json\/wp\/v2\/product_tag?post=138787"}],"curies":[{"name":"wp","href":"https:\/\/api.w.org\/{rel}","templated":true}]}}