{"id":138789,"date":"2026-04-28T11:58:36","date_gmt":"2026-04-28T09:58:36","guid":{"rendered":"https:\/\/webshopdistricoscom.webhosting.be\/product\/daylight-foldi-go-lampe-de-table-ref-8455-69\/"},"modified":"2026-04-28T11:58:40","modified_gmt":"2026-04-28T09:58:40","slug":"daylight-foldi-go-lampe-de-table-ref-8455-69","status":"publish","type":"product","link":"https:\/\/districos.standingout.be\/fr\/product\/daylight-foldi-go-lampe-de-table-ref-8455-69\/","title":{"rendered":"Daylight Foldi Go Lampe de Table"},"content":{"rendered":"<p >\n<p dir=\"ltr\">La Foldi Go est une lampe de table rechargeable \u00ab full size \u00bb, livr\u00e9e avec son propre sac de transport. Mettez la lampe exactement l\u00e0 o\u00f9 vous en avez besoin \u00e0 l&rsquo;aide du long bras enti\u00e8rement r\u00e9glable et de la t\u00eate rotative. Apr\u00e8s une charge compl\u00e8te, la lampe offre jusqu&rsquo;\u00e0 8 heures de luminosit\u00e9 continue. Gr\u00e2ce aux t\u00e9moins lumineux pratiques, vous pouvez voir d&rsquo;un coup d&rsquo;oeil la quantit\u00e9 de batterie restante.<\/p>\n<p dir=\"ltr\">\n<ul>\n<li>Bras long r\u00e9glable avec une port\u00e9e maximale de 30 cm.<\/li>\n<li>T\u00eate rotative pour un positionnement pr\u00e9cis.<\/li>\n<li>Variateur avec 4 niveaux.<\/li>\n<li>Lampes LED de qualit\u00e9 sup\u00e9rieure avec IRC de 95+ pour voir les couleurs de fa\u00e7on pr\u00e9cise.<\/li>\n<li>Indicateur de niveau de batterie.<\/li>\n<li>Livr\u00e9e avec un sac de transport.<\/li>\n<li>Adaptateur et c\u00e2ble USB inclus.<\/li>\n<li>Id\u00e9ale pour les soins \u00e0 domicile ou en d\u00e9placement.<\/li>\n<\/ul><\/p>\n","protected":false},"excerpt":{"rendered":"<p>La Foldi Go est une lampe de table rechargeable \u00ab full size \u00bb, livr\u00e9e avec son propre sac de transport. Mettez la lampe exactement l\u00e0 o\u00f9 vous en avez besoin \u00e0 l&rsquo;aide du long bras enti\u00e8rement r\u00e9glable et de la t\u00eate rotative. Apr\u00e8s une charge compl\u00e8te, la lampe offre jusqu&rsquo;\u00e0 8 heures de luminosit\u00e9 continue. [&hellip;]<\/p>\n","protected":false},"featured_media":148116,"comment_status":"open","ping_status":"closed","template":"","meta":{"_acf_changed":false},"product_brand":[10366],"product_cat":[9862],"product_tag":[],"class_list":{"0":"post-138789","1":"product","2":"type-product","3":"status-publish","4":"has-post-thumbnail","6":"product_brand-daylight-fr","7":"product_cat-beaute-visage-equipement","9":"first","10":"instock","11":"taxable","12":"shipping-taxable","13":"product-type-simple"},"acf":[],"yoast_head":"<!-- This site is optimized with the Yoast SEO plugin v27.3 - https:\/\/yoast.com\/product\/yoast-seo-wordpress\/ -->\n<title>Daylight Foldi Go Lampe de Table - Districos Webshop<\/title>\n<meta name=\"robots\" content=\"noindex, follow, max-snippet:-1, max-image-preview:large, max-video-preview:-1\" \/>\n<meta property=\"og:locale\" content=\"fr_FR\" \/>\n<meta property=\"og:type\" content=\"article\" \/>\n<meta property=\"og:title\" content=\"Daylight Foldi Go Lampe de Table - Districos Webshop\" \/>\n<meta property=\"og:description\" content=\"La Foldi Go est une lampe de table rechargeable \u00ab full size \u00bb, livr\u00e9e avec son propre sac de transport. Mettez la lampe exactement l\u00e0 o\u00f9 vous en avez besoin \u00e0 l&rsquo;aide du long bras enti\u00e8rement r\u00e9glable et de la t\u00eate rotative. Apr\u00e8s une charge compl\u00e8te, la lampe offre jusqu&rsquo;\u00e0 8 heures de luminosit\u00e9 continue. [&hellip;]\" \/>\n<meta property=\"og:url\" content=\"https:\/\/districos.standingout.be\/fr\/product\/daylight-foldi-go-lampe-de-table-ref-8455-69\/\" \/>\n<meta property=\"og:site_name\" content=\"Districos Webshop\" \/>\n<meta property=\"article:modified_time\" content=\"2026-04-28T09:58:40+00:00\" \/>\n<meta name=\"twitter:card\" content=\"summary_large_image\" \/>\n<meta name=\"twitter:label1\" content=\"Dur\u00e9e de lecture estim\u00e9e\" \/>\n\t<meta name=\"twitter:data1\" content=\"1 minute\" \/>\n<script type=\"application\/ld+json\" class=\"yoast-schema-graph\">{\"@context\":\"https:\\\/\\\/schema.org\",\"@graph\":[{\"@type\":\"WebPage\",\"@id\":\"https:\\\/\\\/districos.standingout.be\\\/fr\\\/product\\\/daylight-foldi-go-lampe-de-table-ref-8455-69\\\/\",\"url\":\"https:\\\/\\\/districos.standingout.be\\\/fr\\\/product\\\/daylight-foldi-go-lampe-de-table-ref-8455-69\\\/\",\"name\":\"Daylight Foldi Go Lampe de Table - Districos Webshop\",\"isPartOf\":{\"@id\":\"https:\\\/\\\/districos.standingout.be\\\/fr\\\/#website\"},\"primaryImageOfPage\":{\"@id\":\"https:\\\/\\\/districos.standingout.be\\\/fr\\\/product\\\/daylight-foldi-go-lampe-de-table-ref-8455-69\\\/#primaryimage\"},\"image\":{\"@id\":\"https:\\\/\\\/districos.standingout.be\\\/fr\\\/product\\\/daylight-foldi-go-lampe-de-table-ref-8455-69\\\/#primaryimage\"},\"thumbnailUrl\":\"https:\\\/\\\/districos.standingout.be\\\/wp-content\\\/uploads\\\/2026\\\/04\\\/8455.69@Daylight-Foldi-Go-Tafellamp-_1-1.png\",\"datePublished\":\"2026-04-28T09:58:36+00:00\",\"dateModified\":\"2026-04-28T09:58:40+00:00\",\"breadcrumb\":{\"@id\":\"https:\\\/\\\/districos.standingout.be\\\/fr\\\/product\\\/daylight-foldi-go-lampe-de-table-ref-8455-69\\\/#breadcrumb\"},\"inLanguage\":\"fr-FR\",\"potentialAction\":[{\"@type\":\"ReadAction\",\"target\":[\"https:\\\/\\\/districos.standingout.be\\\/fr\\\/product\\\/daylight-foldi-go-lampe-de-table-ref-8455-69\\\/\"]}]},{\"@type\":\"ImageObject\",\"inLanguage\":\"fr-FR\",\"@id\":\"https:\\\/\\\/districos.standingout.be\\\/fr\\\/product\\\/daylight-foldi-go-lampe-de-table-ref-8455-69\\\/#primaryimage\",\"url\":\"https:\\\/\\\/districos.standingout.be\\\/wp-content\\\/uploads\\\/2026\\\/04\\\/8455.69@Daylight-Foldi-Go-Tafellamp-_1-1.png\",\"contentUrl\":\"https:\\\/\\\/districos.standingout.be\\\/wp-content\\\/uploads\\\/2026\\\/04\\\/8455.69@Daylight-Foldi-Go-Tafellamp-_1-1.png\",\"width\":530,\"height\":602},{\"@type\":\"BreadcrumbList\",\"@id\":\"https:\\\/\\\/districos.standingout.be\\\/fr\\\/product\\\/daylight-foldi-go-lampe-de-table-ref-8455-69\\\/#breadcrumb\",\"itemListElement\":[{\"@type\":\"ListItem\",\"position\":1,\"name\":\"Home\",\"item\":\"https:\\\/\\\/districos.standingout.be\\\/fr\\\/bienvenue-chez-districos\\\/\"},{\"@type\":\"ListItem\",\"position\":2,\"name\":\"Boutique\",\"item\":\"https:\\\/\\\/districos.standingout.be\\\/fr\\\/boutique\\\/\"},{\"@type\":\"ListItem\",\"position\":3,\"name\":\"Daylight Foldi Go Lampe de Table\"}]},{\"@type\":\"WebSite\",\"@id\":\"https:\\\/\\\/districos.standingout.be\\\/fr\\\/#website\",\"url\":\"https:\\\/\\\/districos.standingout.be\\\/fr\\\/\",\"name\":\"Districos Webshop\",\"description\":\"\",\"publisher\":{\"@id\":\"https:\\\/\\\/districos.standingout.be\\\/fr\\\/#organization\"},\"potentialAction\":[{\"@type\":\"SearchAction\",\"target\":{\"@type\":\"EntryPoint\",\"urlTemplate\":\"https:\\\/\\\/districos.standingout.be\\\/fr\\\/?s={search_term_string}\"},\"query-input\":{\"@type\":\"PropertyValueSpecification\",\"valueRequired\":true,\"valueName\":\"search_term_string\"}}],\"inLanguage\":\"fr-FR\"},{\"@type\":\"Organization\",\"@id\":\"https:\\\/\\\/districos.standingout.be\\\/fr\\\/#organization\",\"name\":\"Districos Webshop\",\"url\":\"https:\\\/\\\/districos.standingout.be\\\/fr\\\/\",\"logo\":{\"@type\":\"ImageObject\",\"inLanguage\":\"fr-FR\",\"@id\":\"https:\\\/\\\/districos.standingout.be\\\/fr\\\/#\\\/schema\\\/logo\\\/image\\\/\",\"url\":\"https:\\\/\\\/districos.standingout.be\\\/wp-content\\\/uploads\\\/2022\\\/09\\\/Districos_Logo_Webshop.svg\",\"contentUrl\":\"https:\\\/\\\/districos.standingout.be\\\/wp-content\\\/uploads\\\/2022\\\/09\\\/Districos_Logo_Webshop.svg\",\"caption\":\"Districos Webshop\"},\"image\":{\"@id\":\"https:\\\/\\\/districos.standingout.be\\\/fr\\\/#\\\/schema\\\/logo\\\/image\\\/\"}}]}<\/script>\n<!-- \/ Yoast SEO plugin. -->","yoast_head_json":{"title":"Daylight Foldi Go Lampe de Table - Districos Webshop","robots":{"index":"noindex","follow":"follow","max-snippet":"max-snippet:-1","max-image-preview":"max-image-preview:large","max-video-preview":"max-video-preview:-1"},"og_locale":"fr_FR","og_type":"article","og_title":"Daylight Foldi Go Lampe de Table - Districos Webshop","og_description":"La Foldi Go est une lampe de table rechargeable \u00ab full size \u00bb, livr\u00e9e avec son propre sac de transport. Mettez la lampe exactement l\u00e0 o\u00f9 vous en avez besoin \u00e0 l&rsquo;aide du long bras enti\u00e8rement r\u00e9glable et de la t\u00eate rotative. Apr\u00e8s une charge compl\u00e8te, la lampe offre jusqu&rsquo;\u00e0 8 heures de luminosit\u00e9 continue. [&hellip;]","og_url":"https:\/\/districos.standingout.be\/fr\/product\/daylight-foldi-go-lampe-de-table-ref-8455-69\/","og_site_name":"Districos Webshop","article_modified_time":"2026-04-28T09:58:40+00:00","twitter_card":"summary_large_image","twitter_misc":{"Dur\u00e9e de lecture estim\u00e9e":"1 minute"},"schema":{"@context":"https:\/\/schema.org","@graph":[{"@type":"WebPage","@id":"https:\/\/districos.standingout.be\/fr\/product\/daylight-foldi-go-lampe-de-table-ref-8455-69\/","url":"https:\/\/districos.standingout.be\/fr\/product\/daylight-foldi-go-lampe-de-table-ref-8455-69\/","name":"Daylight Foldi Go Lampe de Table - Districos Webshop","isPartOf":{"@id":"https:\/\/districos.standingout.be\/fr\/#website"},"primaryImageOfPage":{"@id":"https:\/\/districos.standingout.be\/fr\/product\/daylight-foldi-go-lampe-de-table-ref-8455-69\/#primaryimage"},"image":{"@id":"https:\/\/districos.standingout.be\/fr\/product\/daylight-foldi-go-lampe-de-table-ref-8455-69\/#primaryimage"},"thumbnailUrl":"https:\/\/districos.standingout.be\/wp-content\/uploads\/2026\/04\/8455.69@Daylight-Foldi-Go-Tafellamp-_1-1.png","datePublished":"2026-04-28T09:58:36+00:00","dateModified":"2026-04-28T09:58:40+00:00","breadcrumb":{"@id":"https:\/\/districos.standingout.be\/fr\/product\/daylight-foldi-go-lampe-de-table-ref-8455-69\/#breadcrumb"},"inLanguage":"fr-FR","potentialAction":[{"@type":"ReadAction","target":["https:\/\/districos.standingout.be\/fr\/product\/daylight-foldi-go-lampe-de-table-ref-8455-69\/"]}]},{"@type":"ImageObject","inLanguage":"fr-FR","@id":"https:\/\/districos.standingout.be\/fr\/product\/daylight-foldi-go-lampe-de-table-ref-8455-69\/#primaryimage","url":"https:\/\/districos.standingout.be\/wp-content\/uploads\/2026\/04\/8455.69@Daylight-Foldi-Go-Tafellamp-_1-1.png","contentUrl":"https:\/\/districos.standingout.be\/wp-content\/uploads\/2026\/04\/8455.69@Daylight-Foldi-Go-Tafellamp-_1-1.png","width":530,"height":602},{"@type":"BreadcrumbList","@id":"https:\/\/districos.standingout.be\/fr\/product\/daylight-foldi-go-lampe-de-table-ref-8455-69\/#breadcrumb","itemListElement":[{"@type":"ListItem","position":1,"name":"Home","item":"https:\/\/districos.standingout.be\/fr\/bienvenue-chez-districos\/"},{"@type":"ListItem","position":2,"name":"Boutique","item":"https:\/\/districos.standingout.be\/fr\/boutique\/"},{"@type":"ListItem","position":3,"name":"Daylight Foldi Go Lampe de Table"}]},{"@type":"WebSite","@id":"https:\/\/districos.standingout.be\/fr\/#website","url":"https:\/\/districos.standingout.be\/fr\/","name":"Districos Webshop","description":"","publisher":{"@id":"https:\/\/districos.standingout.be\/fr\/#organization"},"potentialAction":[{"@type":"SearchAction","target":{"@type":"EntryPoint","urlTemplate":"https:\/\/districos.standingout.be\/fr\/?s={search_term_string}"},"query-input":{"@type":"PropertyValueSpecification","valueRequired":true,"valueName":"search_term_string"}}],"inLanguage":"fr-FR"},{"@type":"Organization","@id":"https:\/\/districos.standingout.be\/fr\/#organization","name":"Districos Webshop","url":"https:\/\/districos.standingout.be\/fr\/","logo":{"@type":"ImageObject","inLanguage":"fr-FR","@id":"https:\/\/districos.standingout.be\/fr\/#\/schema\/logo\/image\/","url":"https:\/\/districos.standingout.be\/wp-content\/uploads\/2022\/09\/Districos_Logo_Webshop.svg","contentUrl":"https:\/\/districos.standingout.be\/wp-content\/uploads\/2022\/09\/Districos_Logo_Webshop.svg","caption":"Districos Webshop"},"image":{"@id":"https:\/\/districos.standingout.be\/fr\/#\/schema\/logo\/image\/"}}]}},"_links":{"self":[{"href":"https:\/\/districos.standingout.be\/fr\/wp-json\/wp\/v2\/product\/138789","targetHints":{"allow":["GET"]}}],"collection":[{"href":"https:\/\/districos.standingout.be\/fr\/wp-json\/wp\/v2\/product"}],"about":[{"href":"https:\/\/districos.standingout.be\/fr\/wp-json\/wp\/v2\/types\/product"}],"replies":[{"embeddable":true,"href":"https:\/\/districos.standingout.be\/fr\/wp-json\/wp\/v2\/comments?post=138789"}],"wp:featuredmedia":[{"embeddable":true,"href":"https:\/\/districos.standingout.be\/fr\/wp-json\/wp\/v2\/media\/148116"}],"wp:attachment":[{"href":"https:\/\/districos.standingout.be\/fr\/wp-json\/wp\/v2\/media?parent=138789"}],"wp:term":[{"taxonomy":"product_brand","embeddable":true,"href":"https:\/\/districos.standingout.be\/fr\/wp-json\/wp\/v2\/product_brand?post=138789"},{"taxonomy":"product_cat","embeddable":true,"href":"https:\/\/districos.standingout.be\/fr\/wp-json\/wp\/v2\/product_cat?post=138789"},{"taxonomy":"product_tag","embeddable":true,"href":"https:\/\/districos.standingout.be\/fr\/wp-json\/wp\/v2\/product_tag?post=138789"}],"curies":[{"name":"wp","href":"https:\/\/api.w.org\/{rel}","templated":true}]}}