{"id":138791,"date":"2026-04-28T11:58:40","date_gmt":"2026-04-28T09:58:40","guid":{"rendered":"https:\/\/webshopdistricoscom.webhosting.be\/product\/daylight-aura-lampe-circulaire-sur-bras-noire-ref-8455-70\/"},"modified":"2026-04-28T11:58:45","modified_gmt":"2026-04-28T09:58:45","slug":"daylight-aura-lampe-circulaire-sur-bras-noire-ref-8455-70","status":"publish","type":"product","link":"https:\/\/districos.standingout.be\/fr\/product\/daylight-aura-lampe-circulaire-sur-bras-noire-ref-8455-70\/","title":{"rendered":"Daylight Aura Lampe Circulaire Sur Bras Noire"},"content":{"rendered":"<p >\n<\/p>\n<\/p>\n<\/p>\n<p><font face=\"Verdana, sans-serif\">Lampe circulaire unique, lumineuse et flexible, dot\u00e9e d&rsquo;un bras extensible super flexible pour un positionnement sans effort. Le variateur continu permet d&rsquo;ajuster les niveaux de luminosit\u00e9 sans interruption. Le joint circulaire rotatif dirige la lumi\u00e8re exactement l\u00e0 o\u00f9 elle est n\u00e9cessaire, et la solide pince murale et de table permet une fixation universelle sur n&rsquo;importe quelle surface plane.<\/font><\/p>\n<p><span lang=\"FR\"><b>Caract\u00e9ristiques :<\/b><\/span><\/p>\n<\/p>\n<ul>\n<li><span lang=\"FR\">Peut \u00eatre mont\u00e9 sur toute surface plane (mur, table)<\/span><\/li>\n<li><span lang=\"FR\">Source lumineuse : LED<\/span><\/li>\n<li><span lang=\"FR\">Flux lumineux : 2100 lumen<\/span><\/li>\n<li><span lang=\"FR\">Puissance lumineuse : 4500 lux \u00e0 30 cm<\/span><\/li>\n<li><span lang=\"FR\">Temp\u00e9rature : 6000 K<\/span><\/li>\n<li><span lang=\"FR\">IRC : 90+<\/span><\/li>\n<li><span lang=\"FR\">Consommation \u00e9nerg\u00e9tique : 23 W<\/span><\/li>\n<li><span lang=\"FR\"><b>Variateur continu (= progressif)<\/b><\/span><\/li>\n<li><span lang=\"FR\"><b>Extra long jusqu&rsquo;\u00e0 144 cm<\/b><\/span><\/li>\n<\/ul>\n<div><font face=\"Verdana, sans-serif\"><b>Attention :<\/b>&nbsp;Cette lampe est livr\u00e9e avec une fixation murale\/de table standard, mais sans pince de table.<\/font><\/div>\n<div><font face=\"Verdana, sans-serif\"><b>\u00c9galement disponible :<\/b><\/font><\/div>\n<div>\n<ul>\n<li><font face=\"Verdana, sans-serif\">Pince de Table Noire (r\u00e9f. 8405.514) pour une fixation simple de la lampe, sans utilisation de vis. Cet article est uniquement disponible par t\u00e9l\u00e9phone ou par e-mail. Veuillez contacter notre service client\u00e8le (015-236683 ou info@districos.com) pour plus d&rsquo;informations.<\/font><\/li>\n<\/ul>\n<\/div>\n<div><font face=\"Verdana, sans-serif\"><br \/><\/font><\/div><\/p>\n","protected":false},"excerpt":{"rendered":"<p>Lampe circulaire unique, lumineuse et flexible, dot\u00e9e d&rsquo;un bras extensible super flexible pour un positionnement sans effort. Le variateur continu permet d&rsquo;ajuster les niveaux de luminosit\u00e9 sans interruption. Le joint circulaire rotatif dirige la lumi\u00e8re exactement l\u00e0 o\u00f9 elle est n\u00e9cessaire, et la solide pince murale et de table permet une fixation universelle sur n&rsquo;importe [&hellip;]<\/p>\n","protected":false},"featured_media":148120,"comment_status":"open","ping_status":"closed","template":"","meta":{"_acf_changed":false},"product_brand":[10366],"product_cat":[9862,10070,10108],"product_tag":[],"class_list":{"0":"post-138791","1":"product","2":"type-product","3":"status-publish","4":"has-post-thumbnail","6":"product_brand-daylight-fr","7":"product_cat-beaute-visage-equipement","8":"product_cat-soins-des-pieds-podologie-amenagement-du-cabinet-lampes","9":"product_cat-amenagement-amenagement-lampes","11":"first","12":"instock","13":"taxable","14":"shipping-taxable","15":"product-type-simple"},"acf":[],"yoast_head":"<!-- This site is optimized with the Yoast SEO plugin v27.3 - https:\/\/yoast.com\/product\/yoast-seo-wordpress\/ -->\n<title>Daylight Aura Lampe Circulaire Sur Bras Noire - Districos Webshop<\/title>\n<meta name=\"robots\" content=\"noindex, follow, max-snippet:-1, max-image-preview:large, max-video-preview:-1\" \/>\n<meta property=\"og:locale\" content=\"fr_FR\" \/>\n<meta property=\"og:type\" content=\"article\" \/>\n<meta property=\"og:title\" content=\"Daylight Aura Lampe Circulaire Sur Bras Noire - Districos Webshop\" \/>\n<meta property=\"og:description\" content=\"Lampe circulaire unique, lumineuse et flexible, dot\u00e9e d&rsquo;un bras extensible super flexible pour un positionnement sans effort. Le variateur continu permet d&rsquo;ajuster les niveaux de luminosit\u00e9 sans interruption. Le joint circulaire rotatif dirige la lumi\u00e8re exactement l\u00e0 o\u00f9 elle est n\u00e9cessaire, et la solide pince murale et de table permet une fixation universelle sur n&rsquo;importe [&hellip;]\" \/>\n<meta property=\"og:url\" content=\"https:\/\/districos.standingout.be\/fr\/product\/daylight-aura-lampe-circulaire-sur-bras-noire-ref-8455-70\/\" \/>\n<meta property=\"og:site_name\" content=\"Districos Webshop\" \/>\n<meta property=\"article:modified_time\" content=\"2026-04-28T09:58:45+00:00\" \/>\n<meta name=\"twitter:card\" content=\"summary_large_image\" \/>\n<meta name=\"twitter:label1\" content=\"Dur\u00e9e de lecture estim\u00e9e\" \/>\n\t<meta name=\"twitter:data1\" content=\"1 minute\" \/>\n<script type=\"application\/ld+json\" class=\"yoast-schema-graph\">{\"@context\":\"https:\\\/\\\/schema.org\",\"@graph\":[{\"@type\":\"WebPage\",\"@id\":\"https:\\\/\\\/districos.standingout.be\\\/fr\\\/product\\\/daylight-aura-lampe-circulaire-sur-bras-noire-ref-8455-70\\\/\",\"url\":\"https:\\\/\\\/districos.standingout.be\\\/fr\\\/product\\\/daylight-aura-lampe-circulaire-sur-bras-noire-ref-8455-70\\\/\",\"name\":\"Daylight Aura Lampe Circulaire Sur Bras Noire - Districos Webshop\",\"isPartOf\":{\"@id\":\"https:\\\/\\\/districos.standingout.be\\\/fr\\\/#website\"},\"primaryImageOfPage\":{\"@id\":\"https:\\\/\\\/districos.standingout.be\\\/fr\\\/product\\\/daylight-aura-lampe-circulaire-sur-bras-noire-ref-8455-70\\\/#primaryimage\"},\"image\":{\"@id\":\"https:\\\/\\\/districos.standingout.be\\\/fr\\\/product\\\/daylight-aura-lampe-circulaire-sur-bras-noire-ref-8455-70\\\/#primaryimage\"},\"thumbnailUrl\":\"https:\\\/\\\/districos.standingout.be\\\/wp-content\\\/uploads\\\/2026\\\/04\\\/8455.70@Daylight-Aura-Ringlamp-On-Arm-Zwart_1-1.png\",\"datePublished\":\"2026-04-28T09:58:40+00:00\",\"dateModified\":\"2026-04-28T09:58:45+00:00\",\"breadcrumb\":{\"@id\":\"https:\\\/\\\/districos.standingout.be\\\/fr\\\/product\\\/daylight-aura-lampe-circulaire-sur-bras-noire-ref-8455-70\\\/#breadcrumb\"},\"inLanguage\":\"fr-FR\",\"potentialAction\":[{\"@type\":\"ReadAction\",\"target\":[\"https:\\\/\\\/districos.standingout.be\\\/fr\\\/product\\\/daylight-aura-lampe-circulaire-sur-bras-noire-ref-8455-70\\\/\"]}]},{\"@type\":\"ImageObject\",\"inLanguage\":\"fr-FR\",\"@id\":\"https:\\\/\\\/districos.standingout.be\\\/fr\\\/product\\\/daylight-aura-lampe-circulaire-sur-bras-noire-ref-8455-70\\\/#primaryimage\",\"url\":\"https:\\\/\\\/districos.standingout.be\\\/wp-content\\\/uploads\\\/2026\\\/04\\\/8455.70@Daylight-Aura-Ringlamp-On-Arm-Zwart_1-1.png\",\"contentUrl\":\"https:\\\/\\\/districos.standingout.be\\\/wp-content\\\/uploads\\\/2026\\\/04\\\/8455.70@Daylight-Aura-Ringlamp-On-Arm-Zwart_1-1.png\",\"width\":600,\"height\":600},{\"@type\":\"BreadcrumbList\",\"@id\":\"https:\\\/\\\/districos.standingout.be\\\/fr\\\/product\\\/daylight-aura-lampe-circulaire-sur-bras-noire-ref-8455-70\\\/#breadcrumb\",\"itemListElement\":[{\"@type\":\"ListItem\",\"position\":1,\"name\":\"Home\",\"item\":\"https:\\\/\\\/districos.standingout.be\\\/fr\\\/bienvenue-chez-districos\\\/\"},{\"@type\":\"ListItem\",\"position\":2,\"name\":\"Boutique\",\"item\":\"https:\\\/\\\/districos.standingout.be\\\/fr\\\/boutique\\\/\"},{\"@type\":\"ListItem\",\"position\":3,\"name\":\"Daylight Aura Lampe Circulaire Sur Bras Noire\"}]},{\"@type\":\"WebSite\",\"@id\":\"https:\\\/\\\/districos.standingout.be\\\/fr\\\/#website\",\"url\":\"https:\\\/\\\/districos.standingout.be\\\/fr\\\/\",\"name\":\"Districos Webshop\",\"description\":\"\",\"publisher\":{\"@id\":\"https:\\\/\\\/districos.standingout.be\\\/fr\\\/#organization\"},\"potentialAction\":[{\"@type\":\"SearchAction\",\"target\":{\"@type\":\"EntryPoint\",\"urlTemplate\":\"https:\\\/\\\/districos.standingout.be\\\/fr\\\/?s={search_term_string}\"},\"query-input\":{\"@type\":\"PropertyValueSpecification\",\"valueRequired\":true,\"valueName\":\"search_term_string\"}}],\"inLanguage\":\"fr-FR\"},{\"@type\":\"Organization\",\"@id\":\"https:\\\/\\\/districos.standingout.be\\\/fr\\\/#organization\",\"name\":\"Districos Webshop\",\"url\":\"https:\\\/\\\/districos.standingout.be\\\/fr\\\/\",\"logo\":{\"@type\":\"ImageObject\",\"inLanguage\":\"fr-FR\",\"@id\":\"https:\\\/\\\/districos.standingout.be\\\/fr\\\/#\\\/schema\\\/logo\\\/image\\\/\",\"url\":\"https:\\\/\\\/districos.standingout.be\\\/wp-content\\\/uploads\\\/2022\\\/09\\\/Districos_Logo_Webshop.svg\",\"contentUrl\":\"https:\\\/\\\/districos.standingout.be\\\/wp-content\\\/uploads\\\/2022\\\/09\\\/Districos_Logo_Webshop.svg\",\"caption\":\"Districos Webshop\"},\"image\":{\"@id\":\"https:\\\/\\\/districos.standingout.be\\\/fr\\\/#\\\/schema\\\/logo\\\/image\\\/\"}}]}<\/script>\n<!-- \/ Yoast SEO plugin. -->","yoast_head_json":{"title":"Daylight Aura Lampe Circulaire Sur Bras Noire - Districos Webshop","robots":{"index":"noindex","follow":"follow","max-snippet":"max-snippet:-1","max-image-preview":"max-image-preview:large","max-video-preview":"max-video-preview:-1"},"og_locale":"fr_FR","og_type":"article","og_title":"Daylight Aura Lampe Circulaire Sur Bras Noire - Districos Webshop","og_description":"Lampe circulaire unique, lumineuse et flexible, dot\u00e9e d&rsquo;un bras extensible super flexible pour un positionnement sans effort. Le variateur continu permet d&rsquo;ajuster les niveaux de luminosit\u00e9 sans interruption. Le joint circulaire rotatif dirige la lumi\u00e8re exactement l\u00e0 o\u00f9 elle est n\u00e9cessaire, et la solide pince murale et de table permet une fixation universelle sur n&rsquo;importe [&hellip;]","og_url":"https:\/\/districos.standingout.be\/fr\/product\/daylight-aura-lampe-circulaire-sur-bras-noire-ref-8455-70\/","og_site_name":"Districos Webshop","article_modified_time":"2026-04-28T09:58:45+00:00","twitter_card":"summary_large_image","twitter_misc":{"Dur\u00e9e de lecture estim\u00e9e":"1 minute"},"schema":{"@context":"https:\/\/schema.org","@graph":[{"@type":"WebPage","@id":"https:\/\/districos.standingout.be\/fr\/product\/daylight-aura-lampe-circulaire-sur-bras-noire-ref-8455-70\/","url":"https:\/\/districos.standingout.be\/fr\/product\/daylight-aura-lampe-circulaire-sur-bras-noire-ref-8455-70\/","name":"Daylight Aura Lampe Circulaire Sur Bras Noire - Districos Webshop","isPartOf":{"@id":"https:\/\/districos.standingout.be\/fr\/#website"},"primaryImageOfPage":{"@id":"https:\/\/districos.standingout.be\/fr\/product\/daylight-aura-lampe-circulaire-sur-bras-noire-ref-8455-70\/#primaryimage"},"image":{"@id":"https:\/\/districos.standingout.be\/fr\/product\/daylight-aura-lampe-circulaire-sur-bras-noire-ref-8455-70\/#primaryimage"},"thumbnailUrl":"https:\/\/districos.standingout.be\/wp-content\/uploads\/2026\/04\/8455.70@Daylight-Aura-Ringlamp-On-Arm-Zwart_1-1.png","datePublished":"2026-04-28T09:58:40+00:00","dateModified":"2026-04-28T09:58:45+00:00","breadcrumb":{"@id":"https:\/\/districos.standingout.be\/fr\/product\/daylight-aura-lampe-circulaire-sur-bras-noire-ref-8455-70\/#breadcrumb"},"inLanguage":"fr-FR","potentialAction":[{"@type":"ReadAction","target":["https:\/\/districos.standingout.be\/fr\/product\/daylight-aura-lampe-circulaire-sur-bras-noire-ref-8455-70\/"]}]},{"@type":"ImageObject","inLanguage":"fr-FR","@id":"https:\/\/districos.standingout.be\/fr\/product\/daylight-aura-lampe-circulaire-sur-bras-noire-ref-8455-70\/#primaryimage","url":"https:\/\/districos.standingout.be\/wp-content\/uploads\/2026\/04\/8455.70@Daylight-Aura-Ringlamp-On-Arm-Zwart_1-1.png","contentUrl":"https:\/\/districos.standingout.be\/wp-content\/uploads\/2026\/04\/8455.70@Daylight-Aura-Ringlamp-On-Arm-Zwart_1-1.png","width":600,"height":600},{"@type":"BreadcrumbList","@id":"https:\/\/districos.standingout.be\/fr\/product\/daylight-aura-lampe-circulaire-sur-bras-noire-ref-8455-70\/#breadcrumb","itemListElement":[{"@type":"ListItem","position":1,"name":"Home","item":"https:\/\/districos.standingout.be\/fr\/bienvenue-chez-districos\/"},{"@type":"ListItem","position":2,"name":"Boutique","item":"https:\/\/districos.standingout.be\/fr\/boutique\/"},{"@type":"ListItem","position":3,"name":"Daylight Aura Lampe Circulaire Sur Bras Noire"}]},{"@type":"WebSite","@id":"https:\/\/districos.standingout.be\/fr\/#website","url":"https:\/\/districos.standingout.be\/fr\/","name":"Districos Webshop","description":"","publisher":{"@id":"https:\/\/districos.standingout.be\/fr\/#organization"},"potentialAction":[{"@type":"SearchAction","target":{"@type":"EntryPoint","urlTemplate":"https:\/\/districos.standingout.be\/fr\/?s={search_term_string}"},"query-input":{"@type":"PropertyValueSpecification","valueRequired":true,"valueName":"search_term_string"}}],"inLanguage":"fr-FR"},{"@type":"Organization","@id":"https:\/\/districos.standingout.be\/fr\/#organization","name":"Districos Webshop","url":"https:\/\/districos.standingout.be\/fr\/","logo":{"@type":"ImageObject","inLanguage":"fr-FR","@id":"https:\/\/districos.standingout.be\/fr\/#\/schema\/logo\/image\/","url":"https:\/\/districos.standingout.be\/wp-content\/uploads\/2022\/09\/Districos_Logo_Webshop.svg","contentUrl":"https:\/\/districos.standingout.be\/wp-content\/uploads\/2022\/09\/Districos_Logo_Webshop.svg","caption":"Districos Webshop"},"image":{"@id":"https:\/\/districos.standingout.be\/fr\/#\/schema\/logo\/image\/"}}]}},"_links":{"self":[{"href":"https:\/\/districos.standingout.be\/fr\/wp-json\/wp\/v2\/product\/138791","targetHints":{"allow":["GET"]}}],"collection":[{"href":"https:\/\/districos.standingout.be\/fr\/wp-json\/wp\/v2\/product"}],"about":[{"href":"https:\/\/districos.standingout.be\/fr\/wp-json\/wp\/v2\/types\/product"}],"replies":[{"embeddable":true,"href":"https:\/\/districos.standingout.be\/fr\/wp-json\/wp\/v2\/comments?post=138791"}],"wp:featuredmedia":[{"embeddable":true,"href":"https:\/\/districos.standingout.be\/fr\/wp-json\/wp\/v2\/media\/148120"}],"wp:attachment":[{"href":"https:\/\/districos.standingout.be\/fr\/wp-json\/wp\/v2\/media?parent=138791"}],"wp:term":[{"taxonomy":"product_brand","embeddable":true,"href":"https:\/\/districos.standingout.be\/fr\/wp-json\/wp\/v2\/product_brand?post=138791"},{"taxonomy":"product_cat","embeddable":true,"href":"https:\/\/districos.standingout.be\/fr\/wp-json\/wp\/v2\/product_cat?post=138791"},{"taxonomy":"product_tag","embeddable":true,"href":"https:\/\/districos.standingout.be\/fr\/wp-json\/wp\/v2\/product_tag?post=138791"}],"curies":[{"name":"wp","href":"https:\/\/api.w.org\/{rel}","templated":true}]}}