{"id":138793,"date":"2026-04-28T11:58:46","date_gmt":"2026-04-28T09:58:46","guid":{"rendered":"https:\/\/webshopdistricoscom.webhosting.be\/product\/daylight-led-uno-pro-lampe-avec-pince-ref-8455-71\/"},"modified":"2026-04-28T11:58:49","modified_gmt":"2026-04-28T09:58:49","slug":"daylight-led-uno-pro-lampe-avec-pince-ref-8455-71","status":"publish","type":"product","link":"https:\/\/districos.standingout.be\/fr\/product\/daylight-led-uno-pro-lampe-avec-pince-ref-8455-71\/","title":{"rendered":"Daylight LED Uno Pro Lampe avec Pince"},"content":{"rendered":"<p >\n<\/p>\n<\/p>\n<\/p>\n<\/p>\n<p dir=\"ltr\"><strong data-start=\"40\" data-end=\"135\">Lampe de travail LED fine et flexible, au design moderne et \u00e0 la finition de haute qualit\u00e9.<\/strong><br data-start=\"135\" data-end=\"138\"> La lampe Uno Pro fournit une lumi\u00e8re puissante et claire, sans \u00e9blouissement gr\u00e2ce \u00e0 son capot anti-\u00e9blouissement.<br data-start=\"251\" data-end=\"254\"> Pour plus de confort d&rsquo;utilisation, elle est \u00e9quip\u00e9e d&rsquo;un variateur avec quatre niveaux de luminosit\u00e9.<br data-start=\"356\" data-end=\"359\"> Une pince est fournie, id\u00e9ale pour une fixation sur un repose-jambes tel que le mod\u00e8le Yne (<a href=\"https:\/\/webshop.districos.com\/ProductDetail\/8870.85\" target=\"_blank\" rel=\"noopener noreferrer nofollow\">r\u00e9f. 8870.85<\/a>).<br \/><b> Caract\u00e9ristiques :<\/b><\/p>\n<ul>\n<li>Source lumineuse : LED<\/li>\n<li>IRC (Indice de rendu des couleurs) : 95+<\/li>\n<li>Variateur : 4 niveaux d\u2019intensit\u00e9<\/li>\n<li>Bras flexible pour un d\u00e9placement souple de la lumi\u00e8re<\/li>\n<li>Port\u00e9e du bras : 22 cm<\/li>\n<li>Poids : 0,4 kg<\/li>\n<li>Temp\u00e9rature : 6000 K<\/li>\n<li>Puissance lumineuse : 1150 lux \u00e0 30 cm<\/li>\n<li>Basse consommation : 6 W<\/li>\n<\/ul><\/p>\n","protected":false},"excerpt":{"rendered":"<p>Lampe de travail LED fine et flexible, au design moderne et \u00e0 la finition de haute qualit\u00e9. La lampe Uno Pro fournit une lumi\u00e8re puissante et claire, sans \u00e9blouissement gr\u00e2ce \u00e0 son capot anti-\u00e9blouissement. Pour plus de confort d&rsquo;utilisation, elle est \u00e9quip\u00e9e d&rsquo;un variateur avec quatre niveaux de luminosit\u00e9. Une pince est fournie, id\u00e9ale pour [&hellip;]<\/p>\n","protected":false},"featured_media":148126,"comment_status":"open","ping_status":"closed","template":"","meta":{"_acf_changed":false},"product_brand":[10366],"product_cat":[9862],"product_tag":[],"class_list":{"0":"post-138793","1":"product","2":"type-product","3":"status-publish","4":"has-post-thumbnail","6":"product_brand-daylight-fr","7":"product_cat-beaute-visage-equipement","9":"first","10":"instock","11":"taxable","12":"shipping-taxable","13":"product-type-simple"},"acf":[],"yoast_head":"<!-- This site is optimized with the Yoast SEO plugin v27.3 - https:\/\/yoast.com\/product\/yoast-seo-wordpress\/ -->\n<title>Daylight LED Uno Pro Lampe avec Pince - Districos Webshop<\/title>\n<meta name=\"robots\" content=\"noindex, follow, max-snippet:-1, max-image-preview:large, max-video-preview:-1\" \/>\n<meta property=\"og:locale\" content=\"fr_FR\" \/>\n<meta property=\"og:type\" content=\"article\" \/>\n<meta property=\"og:title\" content=\"Daylight LED Uno Pro Lampe avec Pince - Districos Webshop\" \/>\n<meta property=\"og:description\" content=\"Lampe de travail LED fine et flexible, au design moderne et \u00e0 la finition de haute qualit\u00e9. La lampe Uno Pro fournit une lumi\u00e8re puissante et claire, sans \u00e9blouissement gr\u00e2ce \u00e0 son capot anti-\u00e9blouissement. Pour plus de confort d&rsquo;utilisation, elle est \u00e9quip\u00e9e d&rsquo;un variateur avec quatre niveaux de luminosit\u00e9. Une pince est fournie, id\u00e9ale pour [&hellip;]\" \/>\n<meta property=\"og:url\" content=\"https:\/\/districos.standingout.be\/fr\/product\/daylight-led-uno-pro-lampe-avec-pince-ref-8455-71\/\" \/>\n<meta property=\"og:site_name\" content=\"Districos Webshop\" \/>\n<meta property=\"article:modified_time\" content=\"2026-04-28T09:58:49+00:00\" \/>\n<meta name=\"twitter:card\" content=\"summary_large_image\" \/>\n<meta name=\"twitter:label1\" content=\"Dur\u00e9e de lecture estim\u00e9e\" \/>\n\t<meta name=\"twitter:data1\" content=\"1 minute\" \/>\n<script type=\"application\/ld+json\" class=\"yoast-schema-graph\">{\"@context\":\"https:\\\/\\\/schema.org\",\"@graph\":[{\"@type\":\"WebPage\",\"@id\":\"https:\\\/\\\/districos.standingout.be\\\/fr\\\/product\\\/daylight-led-uno-pro-lampe-avec-pince-ref-8455-71\\\/\",\"url\":\"https:\\\/\\\/districos.standingout.be\\\/fr\\\/product\\\/daylight-led-uno-pro-lampe-avec-pince-ref-8455-71\\\/\",\"name\":\"Daylight LED Uno Pro Lampe avec Pince - Districos Webshop\",\"isPartOf\":{\"@id\":\"https:\\\/\\\/districos.standingout.be\\\/fr\\\/#website\"},\"primaryImageOfPage\":{\"@id\":\"https:\\\/\\\/districos.standingout.be\\\/fr\\\/product\\\/daylight-led-uno-pro-lampe-avec-pince-ref-8455-71\\\/#primaryimage\"},\"image\":{\"@id\":\"https:\\\/\\\/districos.standingout.be\\\/fr\\\/product\\\/daylight-led-uno-pro-lampe-avec-pince-ref-8455-71\\\/#primaryimage\"},\"thumbnailUrl\":\"https:\\\/\\\/districos.standingout.be\\\/wp-content\\\/uploads\\\/2026\\\/04\\\/8455.71@Daylight-LED-Uno-Pro-Lamp-met-Klem_1-1.png\",\"datePublished\":\"2026-04-28T09:58:46+00:00\",\"dateModified\":\"2026-04-28T09:58:49+00:00\",\"breadcrumb\":{\"@id\":\"https:\\\/\\\/districos.standingout.be\\\/fr\\\/product\\\/daylight-led-uno-pro-lampe-avec-pince-ref-8455-71\\\/#breadcrumb\"},\"inLanguage\":\"fr-FR\",\"potentialAction\":[{\"@type\":\"ReadAction\",\"target\":[\"https:\\\/\\\/districos.standingout.be\\\/fr\\\/product\\\/daylight-led-uno-pro-lampe-avec-pince-ref-8455-71\\\/\"]}]},{\"@type\":\"ImageObject\",\"inLanguage\":\"fr-FR\",\"@id\":\"https:\\\/\\\/districos.standingout.be\\\/fr\\\/product\\\/daylight-led-uno-pro-lampe-avec-pince-ref-8455-71\\\/#primaryimage\",\"url\":\"https:\\\/\\\/districos.standingout.be\\\/wp-content\\\/uploads\\\/2026\\\/04\\\/8455.71@Daylight-LED-Uno-Pro-Lamp-met-Klem_1-1.png\",\"contentUrl\":\"https:\\\/\\\/districos.standingout.be\\\/wp-content\\\/uploads\\\/2026\\\/04\\\/8455.71@Daylight-LED-Uno-Pro-Lamp-met-Klem_1-1.png\",\"width\":600,\"height\":600},{\"@type\":\"BreadcrumbList\",\"@id\":\"https:\\\/\\\/districos.standingout.be\\\/fr\\\/product\\\/daylight-led-uno-pro-lampe-avec-pince-ref-8455-71\\\/#breadcrumb\",\"itemListElement\":[{\"@type\":\"ListItem\",\"position\":1,\"name\":\"Home\",\"item\":\"https:\\\/\\\/districos.standingout.be\\\/fr\\\/bienvenue-chez-districos\\\/\"},{\"@type\":\"ListItem\",\"position\":2,\"name\":\"Boutique\",\"item\":\"https:\\\/\\\/districos.standingout.be\\\/fr\\\/boutique\\\/\"},{\"@type\":\"ListItem\",\"position\":3,\"name\":\"Daylight LED Uno Pro Lampe avec Pince\"}]},{\"@type\":\"WebSite\",\"@id\":\"https:\\\/\\\/districos.standingout.be\\\/fr\\\/#website\",\"url\":\"https:\\\/\\\/districos.standingout.be\\\/fr\\\/\",\"name\":\"Districos Webshop\",\"description\":\"\",\"publisher\":{\"@id\":\"https:\\\/\\\/districos.standingout.be\\\/fr\\\/#organization\"},\"potentialAction\":[{\"@type\":\"SearchAction\",\"target\":{\"@type\":\"EntryPoint\",\"urlTemplate\":\"https:\\\/\\\/districos.standingout.be\\\/fr\\\/?s={search_term_string}\"},\"query-input\":{\"@type\":\"PropertyValueSpecification\",\"valueRequired\":true,\"valueName\":\"search_term_string\"}}],\"inLanguage\":\"fr-FR\"},{\"@type\":\"Organization\",\"@id\":\"https:\\\/\\\/districos.standingout.be\\\/fr\\\/#organization\",\"name\":\"Districos Webshop\",\"url\":\"https:\\\/\\\/districos.standingout.be\\\/fr\\\/\",\"logo\":{\"@type\":\"ImageObject\",\"inLanguage\":\"fr-FR\",\"@id\":\"https:\\\/\\\/districos.standingout.be\\\/fr\\\/#\\\/schema\\\/logo\\\/image\\\/\",\"url\":\"https:\\\/\\\/districos.standingout.be\\\/wp-content\\\/uploads\\\/2022\\\/09\\\/Districos_Logo_Webshop.svg\",\"contentUrl\":\"https:\\\/\\\/districos.standingout.be\\\/wp-content\\\/uploads\\\/2022\\\/09\\\/Districos_Logo_Webshop.svg\",\"caption\":\"Districos Webshop\"},\"image\":{\"@id\":\"https:\\\/\\\/districos.standingout.be\\\/fr\\\/#\\\/schema\\\/logo\\\/image\\\/\"}}]}<\/script>\n<!-- \/ Yoast SEO plugin. -->","yoast_head_json":{"title":"Daylight LED Uno Pro Lampe avec Pince - Districos Webshop","robots":{"index":"noindex","follow":"follow","max-snippet":"max-snippet:-1","max-image-preview":"max-image-preview:large","max-video-preview":"max-video-preview:-1"},"og_locale":"fr_FR","og_type":"article","og_title":"Daylight LED Uno Pro Lampe avec Pince - Districos Webshop","og_description":"Lampe de travail LED fine et flexible, au design moderne et \u00e0 la finition de haute qualit\u00e9. La lampe Uno Pro fournit une lumi\u00e8re puissante et claire, sans \u00e9blouissement gr\u00e2ce \u00e0 son capot anti-\u00e9blouissement. Pour plus de confort d&rsquo;utilisation, elle est \u00e9quip\u00e9e d&rsquo;un variateur avec quatre niveaux de luminosit\u00e9. Une pince est fournie, id\u00e9ale pour [&hellip;]","og_url":"https:\/\/districos.standingout.be\/fr\/product\/daylight-led-uno-pro-lampe-avec-pince-ref-8455-71\/","og_site_name":"Districos Webshop","article_modified_time":"2026-04-28T09:58:49+00:00","twitter_card":"summary_large_image","twitter_misc":{"Dur\u00e9e de lecture estim\u00e9e":"1 minute"},"schema":{"@context":"https:\/\/schema.org","@graph":[{"@type":"WebPage","@id":"https:\/\/districos.standingout.be\/fr\/product\/daylight-led-uno-pro-lampe-avec-pince-ref-8455-71\/","url":"https:\/\/districos.standingout.be\/fr\/product\/daylight-led-uno-pro-lampe-avec-pince-ref-8455-71\/","name":"Daylight LED Uno Pro Lampe avec Pince - Districos Webshop","isPartOf":{"@id":"https:\/\/districos.standingout.be\/fr\/#website"},"primaryImageOfPage":{"@id":"https:\/\/districos.standingout.be\/fr\/product\/daylight-led-uno-pro-lampe-avec-pince-ref-8455-71\/#primaryimage"},"image":{"@id":"https:\/\/districos.standingout.be\/fr\/product\/daylight-led-uno-pro-lampe-avec-pince-ref-8455-71\/#primaryimage"},"thumbnailUrl":"https:\/\/districos.standingout.be\/wp-content\/uploads\/2026\/04\/8455.71@Daylight-LED-Uno-Pro-Lamp-met-Klem_1-1.png","datePublished":"2026-04-28T09:58:46+00:00","dateModified":"2026-04-28T09:58:49+00:00","breadcrumb":{"@id":"https:\/\/districos.standingout.be\/fr\/product\/daylight-led-uno-pro-lampe-avec-pince-ref-8455-71\/#breadcrumb"},"inLanguage":"fr-FR","potentialAction":[{"@type":"ReadAction","target":["https:\/\/districos.standingout.be\/fr\/product\/daylight-led-uno-pro-lampe-avec-pince-ref-8455-71\/"]}]},{"@type":"ImageObject","inLanguage":"fr-FR","@id":"https:\/\/districos.standingout.be\/fr\/product\/daylight-led-uno-pro-lampe-avec-pince-ref-8455-71\/#primaryimage","url":"https:\/\/districos.standingout.be\/wp-content\/uploads\/2026\/04\/8455.71@Daylight-LED-Uno-Pro-Lamp-met-Klem_1-1.png","contentUrl":"https:\/\/districos.standingout.be\/wp-content\/uploads\/2026\/04\/8455.71@Daylight-LED-Uno-Pro-Lamp-met-Klem_1-1.png","width":600,"height":600},{"@type":"BreadcrumbList","@id":"https:\/\/districos.standingout.be\/fr\/product\/daylight-led-uno-pro-lampe-avec-pince-ref-8455-71\/#breadcrumb","itemListElement":[{"@type":"ListItem","position":1,"name":"Home","item":"https:\/\/districos.standingout.be\/fr\/bienvenue-chez-districos\/"},{"@type":"ListItem","position":2,"name":"Boutique","item":"https:\/\/districos.standingout.be\/fr\/boutique\/"},{"@type":"ListItem","position":3,"name":"Daylight LED Uno Pro Lampe avec Pince"}]},{"@type":"WebSite","@id":"https:\/\/districos.standingout.be\/fr\/#website","url":"https:\/\/districos.standingout.be\/fr\/","name":"Districos Webshop","description":"","publisher":{"@id":"https:\/\/districos.standingout.be\/fr\/#organization"},"potentialAction":[{"@type":"SearchAction","target":{"@type":"EntryPoint","urlTemplate":"https:\/\/districos.standingout.be\/fr\/?s={search_term_string}"},"query-input":{"@type":"PropertyValueSpecification","valueRequired":true,"valueName":"search_term_string"}}],"inLanguage":"fr-FR"},{"@type":"Organization","@id":"https:\/\/districos.standingout.be\/fr\/#organization","name":"Districos Webshop","url":"https:\/\/districos.standingout.be\/fr\/","logo":{"@type":"ImageObject","inLanguage":"fr-FR","@id":"https:\/\/districos.standingout.be\/fr\/#\/schema\/logo\/image\/","url":"https:\/\/districos.standingout.be\/wp-content\/uploads\/2022\/09\/Districos_Logo_Webshop.svg","contentUrl":"https:\/\/districos.standingout.be\/wp-content\/uploads\/2022\/09\/Districos_Logo_Webshop.svg","caption":"Districos Webshop"},"image":{"@id":"https:\/\/districos.standingout.be\/fr\/#\/schema\/logo\/image\/"}}]}},"_links":{"self":[{"href":"https:\/\/districos.standingout.be\/fr\/wp-json\/wp\/v2\/product\/138793","targetHints":{"allow":["GET"]}}],"collection":[{"href":"https:\/\/districos.standingout.be\/fr\/wp-json\/wp\/v2\/product"}],"about":[{"href":"https:\/\/districos.standingout.be\/fr\/wp-json\/wp\/v2\/types\/product"}],"replies":[{"embeddable":true,"href":"https:\/\/districos.standingout.be\/fr\/wp-json\/wp\/v2\/comments?post=138793"}],"wp:featuredmedia":[{"embeddable":true,"href":"https:\/\/districos.standingout.be\/fr\/wp-json\/wp\/v2\/media\/148126"}],"wp:attachment":[{"href":"https:\/\/districos.standingout.be\/fr\/wp-json\/wp\/v2\/media?parent=138793"}],"wp:term":[{"taxonomy":"product_brand","embeddable":true,"href":"https:\/\/districos.standingout.be\/fr\/wp-json\/wp\/v2\/product_brand?post=138793"},{"taxonomy":"product_cat","embeddable":true,"href":"https:\/\/districos.standingout.be\/fr\/wp-json\/wp\/v2\/product_cat?post=138793"},{"taxonomy":"product_tag","embeddable":true,"href":"https:\/\/districos.standingout.be\/fr\/wp-json\/wp\/v2\/product_tag?post=138793"}],"curies":[{"name":"wp","href":"https:\/\/api.w.org\/{rel}","templated":true}]}}