{"id":138797,"date":"2026-04-28T11:58:52","date_gmt":"2026-04-28T09:58:52","guid":{"rendered":"https:\/\/webshopdistricoscom.webhosting.be\/product\/hs-3003-appareil-a-ultrasons-avec-spatule-ref-8456-01\/"},"modified":"2026-04-28T11:58:56","modified_gmt":"2026-04-28T09:58:56","slug":"hs-3003-appareil-a-ultrasons-avec-spatule-ref-8456-01","status":"publish","type":"product","link":"https:\/\/districos.standingout.be\/fr\/product\/hs-3003-appareil-a-ultrasons-avec-spatule-ref-8456-01\/","title":{"rendered":"HS-3003 Appareil \u00e0 Ultrasons avec Spatule"},"content":{"rendered":"<p >\n<p dir=ltr>Un appareil multifonctionnel pour divers objectifs !<\/p>\n<p> Les ondes ultrasonores provoquent des vibrations aux actions multiples. Premi\u00e8rement, elles \u00e9liminent les cellules cutan\u00e9es mortes et les impuret\u00e9s et elles nettoient la peau dans la profondeur des pores. Deuxi\u00e8mement, elles stimulent la production de collag\u00e8ne et d\u2019\u00e9lastine afin de combattre l\u2019apparition de rides et de ridules. Troisi\u00e8mement, elles optimisent l\u2019oxyg\u00e9nation des cellules, de fa\u00e7on \u00e0 ce que la circulation sanguine soit encourag\u00e9e et la r\u00e9g\u00e9n\u00e9ration cellulaire acc\u00e9l\u00e9r\u00e9e. Enfin, \u00e0 la suite des ondes ultrasonores, les ingr\u00e9dients actifs de s\u00e9rums, de lotions et de masques p\u00e9n\u00e8trent plus profond\u00e9ment dans la peau. Ces actions r\u00e9sultent en une peau non seulement plus ferme et jeune, mais \u00e9galement plus \u00e9clatante, rafra\u00eechie et saine.<\/p>\n<p> <b> Application (<\/b><b>1 spatule \u00e0 2 fonctions) <\/b><b>:<\/b> <\/p>\n<ul> <\/p>\n<li><b>Nettoyage en profondeur\/ peeling<\/b> : En utilisant la spatule avec la lotion appropri\u00e9e vous pouvez nettoyer votre peau en profondeur sans provoquer des irritations cutan\u00e9es. Les vibrations ultrasoniques d\u00e9tachent les cellules cutan\u00e9es mortes, les com\u00e9dons et les autres impuret\u00e9s des pores.<\/li>\n<p> <\/p>\n<li><b>Raffermissement<\/b>: Les vibrations ultrasoniques assurent non seulement un nettoyage en profondeur, mais aussi une p\u00e9n\u00e9tration en profondeur des ingr\u00e9dients actifs des produits hydrosolubles (s\u00e9rums, masques, etc.) Elles stimulent \u00e9galement la production de collag\u00e8ne et d\u2019\u00e9lastine et permettent une oxyg\u00e9nation optimale des cellules. De cette mani\u00e8re, le renouvellement cellulaire est acc\u00e9l\u00e9r\u00e9 et la production de collag\u00e8ne et d\u2019\u00e9lastine est augment\u00e9e.<\/li>\n<p> <\/ul>\n<p> Pi\u00e8ce \u00e0 main : 1 spatule m\u00e9dium 25 kHz<\/p>\n<p> Ultrasons HS-3003 avec spatule, 8456.01<\/p><\/p>\n","protected":false},"excerpt":{"rendered":"<p>Un appareil multifonctionnel pour divers objectifs ! Les ondes ultrasonores provoquent des vibrations aux actions multiples. Premi\u00e8rement, elles \u00e9liminent les cellules cutan\u00e9es mortes et les impuret\u00e9s et elles nettoient la peau dans la profondeur des pores. Deuxi\u00e8mement, elles stimulent la production de collag\u00e8ne et d\u2019\u00e9lastine afin de combattre l\u2019apparition de rides et de ridules. Troisi\u00e8mement, [&hellip;]<\/p>\n","protected":false},"featured_media":82430,"comment_status":"open","ping_status":"closed","template":"","meta":{"_acf_changed":false},"product_brand":[10380],"product_cat":[9862,10090],"product_tag":[],"class_list":{"0":"post-138797","1":"product","2":"type-product","3":"status-publish","4":"has-post-thumbnail","6":"product_brand-districos-fr","7":"product_cat-beaute-visage-equipement","8":"product_cat-amenagement-equipement-visage","10":"first","11":"instock","12":"taxable","13":"shipping-taxable","14":"product-type-simple"},"acf":[],"yoast_head":"<!-- This site is optimized with the Yoast SEO plugin v27.3 - https:\/\/yoast.com\/product\/yoast-seo-wordpress\/ -->\n<title>HS-3003 Appareil \u00e0 Ultrasons avec Spatule - Districos Webshop<\/title>\n<meta name=\"robots\" content=\"noindex, follow, max-snippet:-1, max-image-preview:large, max-video-preview:-1\" \/>\n<meta property=\"og:locale\" content=\"fr_FR\" \/>\n<meta property=\"og:type\" content=\"article\" \/>\n<meta property=\"og:title\" content=\"HS-3003 Appareil \u00e0 Ultrasons avec Spatule - Districos Webshop\" \/>\n<meta property=\"og:description\" content=\"Un appareil multifonctionnel pour divers objectifs ! Les ondes ultrasonores provoquent des vibrations aux actions multiples. Premi\u00e8rement, elles \u00e9liminent les cellules cutan\u00e9es mortes et les impuret\u00e9s et elles nettoient la peau dans la profondeur des pores. Deuxi\u00e8mement, elles stimulent la production de collag\u00e8ne et d\u2019\u00e9lastine afin de combattre l\u2019apparition de rides et de ridules. Troisi\u00e8mement, [&hellip;]\" \/>\n<meta property=\"og:url\" content=\"https:\/\/districos.standingout.be\/fr\/product\/hs-3003-appareil-a-ultrasons-avec-spatule-ref-8456-01\/\" \/>\n<meta property=\"og:site_name\" content=\"Districos Webshop\" \/>\n<meta property=\"article:modified_time\" content=\"2026-04-28T09:58:56+00:00\" \/>\n<meta name=\"twitter:card\" content=\"summary_large_image\" \/>\n<meta name=\"twitter:label1\" content=\"Dur\u00e9e de lecture estim\u00e9e\" \/>\n\t<meta name=\"twitter:data1\" content=\"1 minute\" \/>\n<script type=\"application\/ld+json\" class=\"yoast-schema-graph\">{\"@context\":\"https:\\\/\\\/schema.org\",\"@graph\":[{\"@type\":\"WebPage\",\"@id\":\"https:\\\/\\\/districos.standingout.be\\\/fr\\\/product\\\/hs-3003-appareil-a-ultrasons-avec-spatule-ref-8456-01\\\/\",\"url\":\"https:\\\/\\\/districos.standingout.be\\\/fr\\\/product\\\/hs-3003-appareil-a-ultrasons-avec-spatule-ref-8456-01\\\/\",\"name\":\"HS-3003 Appareil \u00e0 Ultrasons avec Spatule - Districos Webshop\",\"isPartOf\":{\"@id\":\"https:\\\/\\\/districos.standingout.be\\\/fr\\\/#website\"},\"primaryImageOfPage\":{\"@id\":\"https:\\\/\\\/districos.standingout.be\\\/fr\\\/product\\\/hs-3003-appareil-a-ultrasons-avec-spatule-ref-8456-01\\\/#primaryimage\"},\"image\":{\"@id\":\"https:\\\/\\\/districos.standingout.be\\\/fr\\\/product\\\/hs-3003-appareil-a-ultrasons-avec-spatule-ref-8456-01\\\/#primaryimage\"},\"thumbnailUrl\":\"https:\\\/\\\/districos.standingout.be\\\/wp-content\\\/uploads\\\/2025\\\/07\\\/8456.01@LowRes_1_0.png\",\"datePublished\":\"2026-04-28T09:58:52+00:00\",\"dateModified\":\"2026-04-28T09:58:56+00:00\",\"breadcrumb\":{\"@id\":\"https:\\\/\\\/districos.standingout.be\\\/fr\\\/product\\\/hs-3003-appareil-a-ultrasons-avec-spatule-ref-8456-01\\\/#breadcrumb\"},\"inLanguage\":\"fr-FR\",\"potentialAction\":[{\"@type\":\"ReadAction\",\"target\":[\"https:\\\/\\\/districos.standingout.be\\\/fr\\\/product\\\/hs-3003-appareil-a-ultrasons-avec-spatule-ref-8456-01\\\/\"]}]},{\"@type\":\"ImageObject\",\"inLanguage\":\"fr-FR\",\"@id\":\"https:\\\/\\\/districos.standingout.be\\\/fr\\\/product\\\/hs-3003-appareil-a-ultrasons-avec-spatule-ref-8456-01\\\/#primaryimage\",\"url\":\"https:\\\/\\\/districos.standingout.be\\\/wp-content\\\/uploads\\\/2025\\\/07\\\/8456.01@LowRes_1_0.png\",\"contentUrl\":\"https:\\\/\\\/districos.standingout.be\\\/wp-content\\\/uploads\\\/2025\\\/07\\\/8456.01@LowRes_1_0.png\",\"width\":600,\"height\":600},{\"@type\":\"BreadcrumbList\",\"@id\":\"https:\\\/\\\/districos.standingout.be\\\/fr\\\/product\\\/hs-3003-appareil-a-ultrasons-avec-spatule-ref-8456-01\\\/#breadcrumb\",\"itemListElement\":[{\"@type\":\"ListItem\",\"position\":1,\"name\":\"Home\",\"item\":\"https:\\\/\\\/districos.standingout.be\\\/fr\\\/bienvenue-chez-districos\\\/\"},{\"@type\":\"ListItem\",\"position\":2,\"name\":\"Boutique\",\"item\":\"https:\\\/\\\/districos.standingout.be\\\/fr\\\/boutique\\\/\"},{\"@type\":\"ListItem\",\"position\":3,\"name\":\"HS-3003 Appareil \u00e0 Ultrasons avec Spatule\"}]},{\"@type\":\"WebSite\",\"@id\":\"https:\\\/\\\/districos.standingout.be\\\/fr\\\/#website\",\"url\":\"https:\\\/\\\/districos.standingout.be\\\/fr\\\/\",\"name\":\"Districos Webshop\",\"description\":\"\",\"publisher\":{\"@id\":\"https:\\\/\\\/districos.standingout.be\\\/fr\\\/#organization\"},\"potentialAction\":[{\"@type\":\"SearchAction\",\"target\":{\"@type\":\"EntryPoint\",\"urlTemplate\":\"https:\\\/\\\/districos.standingout.be\\\/fr\\\/?s={search_term_string}\"},\"query-input\":{\"@type\":\"PropertyValueSpecification\",\"valueRequired\":true,\"valueName\":\"search_term_string\"}}],\"inLanguage\":\"fr-FR\"},{\"@type\":\"Organization\",\"@id\":\"https:\\\/\\\/districos.standingout.be\\\/fr\\\/#organization\",\"name\":\"Districos Webshop\",\"url\":\"https:\\\/\\\/districos.standingout.be\\\/fr\\\/\",\"logo\":{\"@type\":\"ImageObject\",\"inLanguage\":\"fr-FR\",\"@id\":\"https:\\\/\\\/districos.standingout.be\\\/fr\\\/#\\\/schema\\\/logo\\\/image\\\/\",\"url\":\"https:\\\/\\\/districos.standingout.be\\\/wp-content\\\/uploads\\\/2022\\\/09\\\/Districos_Logo_Webshop.svg\",\"contentUrl\":\"https:\\\/\\\/districos.standingout.be\\\/wp-content\\\/uploads\\\/2022\\\/09\\\/Districos_Logo_Webshop.svg\",\"caption\":\"Districos Webshop\"},\"image\":{\"@id\":\"https:\\\/\\\/districos.standingout.be\\\/fr\\\/#\\\/schema\\\/logo\\\/image\\\/\"}}]}<\/script>\n<!-- \/ Yoast SEO plugin. -->","yoast_head_json":{"title":"HS-3003 Appareil \u00e0 Ultrasons avec Spatule - Districos Webshop","robots":{"index":"noindex","follow":"follow","max-snippet":"max-snippet:-1","max-image-preview":"max-image-preview:large","max-video-preview":"max-video-preview:-1"},"og_locale":"fr_FR","og_type":"article","og_title":"HS-3003 Appareil \u00e0 Ultrasons avec Spatule - Districos Webshop","og_description":"Un appareil multifonctionnel pour divers objectifs ! Les ondes ultrasonores provoquent des vibrations aux actions multiples. Premi\u00e8rement, elles \u00e9liminent les cellules cutan\u00e9es mortes et les impuret\u00e9s et elles nettoient la peau dans la profondeur des pores. Deuxi\u00e8mement, elles stimulent la production de collag\u00e8ne et d\u2019\u00e9lastine afin de combattre l\u2019apparition de rides et de ridules. Troisi\u00e8mement, [&hellip;]","og_url":"https:\/\/districos.standingout.be\/fr\/product\/hs-3003-appareil-a-ultrasons-avec-spatule-ref-8456-01\/","og_site_name":"Districos Webshop","article_modified_time":"2026-04-28T09:58:56+00:00","twitter_card":"summary_large_image","twitter_misc":{"Dur\u00e9e de lecture estim\u00e9e":"1 minute"},"schema":{"@context":"https:\/\/schema.org","@graph":[{"@type":"WebPage","@id":"https:\/\/districos.standingout.be\/fr\/product\/hs-3003-appareil-a-ultrasons-avec-spatule-ref-8456-01\/","url":"https:\/\/districos.standingout.be\/fr\/product\/hs-3003-appareil-a-ultrasons-avec-spatule-ref-8456-01\/","name":"HS-3003 Appareil \u00e0 Ultrasons avec Spatule - Districos Webshop","isPartOf":{"@id":"https:\/\/districos.standingout.be\/fr\/#website"},"primaryImageOfPage":{"@id":"https:\/\/districos.standingout.be\/fr\/product\/hs-3003-appareil-a-ultrasons-avec-spatule-ref-8456-01\/#primaryimage"},"image":{"@id":"https:\/\/districos.standingout.be\/fr\/product\/hs-3003-appareil-a-ultrasons-avec-spatule-ref-8456-01\/#primaryimage"},"thumbnailUrl":"https:\/\/districos.standingout.be\/wp-content\/uploads\/2025\/07\/8456.01@LowRes_1_0.png","datePublished":"2026-04-28T09:58:52+00:00","dateModified":"2026-04-28T09:58:56+00:00","breadcrumb":{"@id":"https:\/\/districos.standingout.be\/fr\/product\/hs-3003-appareil-a-ultrasons-avec-spatule-ref-8456-01\/#breadcrumb"},"inLanguage":"fr-FR","potentialAction":[{"@type":"ReadAction","target":["https:\/\/districos.standingout.be\/fr\/product\/hs-3003-appareil-a-ultrasons-avec-spatule-ref-8456-01\/"]}]},{"@type":"ImageObject","inLanguage":"fr-FR","@id":"https:\/\/districos.standingout.be\/fr\/product\/hs-3003-appareil-a-ultrasons-avec-spatule-ref-8456-01\/#primaryimage","url":"https:\/\/districos.standingout.be\/wp-content\/uploads\/2025\/07\/8456.01@LowRes_1_0.png","contentUrl":"https:\/\/districos.standingout.be\/wp-content\/uploads\/2025\/07\/8456.01@LowRes_1_0.png","width":600,"height":600},{"@type":"BreadcrumbList","@id":"https:\/\/districos.standingout.be\/fr\/product\/hs-3003-appareil-a-ultrasons-avec-spatule-ref-8456-01\/#breadcrumb","itemListElement":[{"@type":"ListItem","position":1,"name":"Home","item":"https:\/\/districos.standingout.be\/fr\/bienvenue-chez-districos\/"},{"@type":"ListItem","position":2,"name":"Boutique","item":"https:\/\/districos.standingout.be\/fr\/boutique\/"},{"@type":"ListItem","position":3,"name":"HS-3003 Appareil \u00e0 Ultrasons avec Spatule"}]},{"@type":"WebSite","@id":"https:\/\/districos.standingout.be\/fr\/#website","url":"https:\/\/districos.standingout.be\/fr\/","name":"Districos Webshop","description":"","publisher":{"@id":"https:\/\/districos.standingout.be\/fr\/#organization"},"potentialAction":[{"@type":"SearchAction","target":{"@type":"EntryPoint","urlTemplate":"https:\/\/districos.standingout.be\/fr\/?s={search_term_string}"},"query-input":{"@type":"PropertyValueSpecification","valueRequired":true,"valueName":"search_term_string"}}],"inLanguage":"fr-FR"},{"@type":"Organization","@id":"https:\/\/districos.standingout.be\/fr\/#organization","name":"Districos Webshop","url":"https:\/\/districos.standingout.be\/fr\/","logo":{"@type":"ImageObject","inLanguage":"fr-FR","@id":"https:\/\/districos.standingout.be\/fr\/#\/schema\/logo\/image\/","url":"https:\/\/districos.standingout.be\/wp-content\/uploads\/2022\/09\/Districos_Logo_Webshop.svg","contentUrl":"https:\/\/districos.standingout.be\/wp-content\/uploads\/2022\/09\/Districos_Logo_Webshop.svg","caption":"Districos Webshop"},"image":{"@id":"https:\/\/districos.standingout.be\/fr\/#\/schema\/logo\/image\/"}}]}},"_links":{"self":[{"href":"https:\/\/districos.standingout.be\/fr\/wp-json\/wp\/v2\/product\/138797","targetHints":{"allow":["GET"]}}],"collection":[{"href":"https:\/\/districos.standingout.be\/fr\/wp-json\/wp\/v2\/product"}],"about":[{"href":"https:\/\/districos.standingout.be\/fr\/wp-json\/wp\/v2\/types\/product"}],"replies":[{"embeddable":true,"href":"https:\/\/districos.standingout.be\/fr\/wp-json\/wp\/v2\/comments?post=138797"}],"wp:featuredmedia":[{"embeddable":true,"href":"https:\/\/districos.standingout.be\/fr\/wp-json\/wp\/v2\/media\/82430"}],"wp:attachment":[{"href":"https:\/\/districos.standingout.be\/fr\/wp-json\/wp\/v2\/media?parent=138797"}],"wp:term":[{"taxonomy":"product_brand","embeddable":true,"href":"https:\/\/districos.standingout.be\/fr\/wp-json\/wp\/v2\/product_brand?post=138797"},{"taxonomy":"product_cat","embeddable":true,"href":"https:\/\/districos.standingout.be\/fr\/wp-json\/wp\/v2\/product_cat?post=138797"},{"taxonomy":"product_tag","embeddable":true,"href":"https:\/\/districos.standingout.be\/fr\/wp-json\/wp\/v2\/product_tag?post=138797"}],"curies":[{"name":"wp","href":"https:\/\/api.w.org\/{rel}","templated":true}]}}