{"id":138799,"date":"2026-04-28T11:58:56","date_gmt":"2026-04-28T09:58:56","guid":{"rendered":"https:\/\/webshopdistricoscom.webhosting.be\/product\/hs-3003l-appareil-a-ultrasons-avec-spatule-et-electrode-led-ref-8456-02\/"},"modified":"2026-04-28T11:59:01","modified_gmt":"2026-04-28T09:59:01","slug":"hs-3003l-appareil-a-ultrasons-avec-spatule-et-electrode-led-ref-8456-02","status":"publish","type":"product","link":"https:\/\/districos.standingout.be\/fr\/product\/hs-3003l-appareil-a-ultrasons-avec-spatule-et-electrode-led-ref-8456-02\/","title":{"rendered":"HS-3003L Appareil \u00e0 Ultrasons avec Spatule et \u00c9lectrode\/LED"},"content":{"rendered":"<p >\n<p dir=ltr>Un appareil multifonctionnel pour divers objectifs !<\/p>\n<p> Les ondes ultrasonores provoquent des vibrations aux actions multiples. Premi\u00e8rement, elles \u00e9liminent les cellules cutan\u00e9es mortes et les impuret\u00e9s et elles nettoient la peau dans la profondeur des pores. Deuxi\u00e8mement, elles stimulent la production de collag\u00e8ne et d\u2019\u00e9lastine afin de combattre l\u2019apparition de rides et de ridules. Troisi\u00e8mement, elles optimisent l\u2019oxyg\u00e9nation des cellules, de fa\u00e7on \u00e0 ce que la circulation sanguine soit encourag\u00e9e et la r\u00e9g\u00e9n\u00e9ration cellulaire acc\u00e9l\u00e9r\u00e9e. Enfin, \u00e0 la suite des ondes ultrasonores, les ingr\u00e9dients actifs de s\u00e9rums, de lotions et de masques p\u00e9n\u00e8trent plus profond\u00e9ment dans la peau. Ces actions r\u00e9sultent en une peau non seulement plus ferme et jeune, mais \u00e9galement plus \u00e9clatante, rafra\u00eechie et saine.<\/p>\n<p> <b>3 fonctions avec 1 spatule et 1 \u00e9lectrode.<\/b><\/p>\n<p> AVEC LA SPATULE ULTRASONIQUE DE 25 kHz<b><br \/> <\/b><\/p>\n<p> <b>Nettoyage en profondeur\/peeling<\/b> : En utilisant la spatule avec la lotion appropri\u00e9e vous pouvez nettoyer votre peau en profondeur sans provoquer des irritations cutan\u00e9es. Les vibrations ultrasoniques d\u00e9tachent les cellules cutan\u00e9es mortes, les com\u00e9dons et les autres impuret\u00e9s des pores.<\/p>\n<p> <b>Raffermissement<\/b>: Les vibrations ultrasoniques assurent non seulement un nettoyage en profondeur, mais aussi une p\u00e9n\u00e9tration en profondeur des ingr\u00e9dients actifs des produits hydrosolubles (s\u00e9rums, masques, etc.) Elles stimulent \u00e9galement la production de collag\u00e8ne et d\u2019\u00e9lastine et permettent une oxyg\u00e9nation optimale des cellules. De cette mani\u00e8re, le renouvellement cellulaire est acc\u00e9l\u00e9r\u00e9 et la production de collag\u00e8ne et d\u2019\u00e9lastine est augment\u00e9e.<\/p>\n<p> AVEC L&rsquo;\u00c9LECTRODE ULTRASONORE\/ \u00c0 LA LUMI\u00c8RE LED DE 3 mHz<\/p>\n<p> Phototh\u00e9rapie LED fonctionne avec diff\u00e9rentes longueurs d\u2019onde (couleurs de la lumi\u00e8re). Chaque couleur a un effet diff\u00e9rent :<\/p>\n<p> \u2022<b> Rouge<\/b> a une longueur d\u2019onde qui p\u00e9n\u00e8tre plus profond\u00e9ment dans la peau. Elle am\u00e9liore et restaure la peau en stimulant la circulation sanguine. En plus, il encourage la production de collag\u00e8ne et d\u2019\u00e9lastine. Id\u00e9al pour une peau ferme et souple.<\/p>\n<p> \u2022<b> Vert <\/b>apporte une sensation de relaxation et aide \u00e0 traiter et pr\u00e9venir l\u2019hyperpigmentation en inhibant la production exc\u00e9dentaire de m\u00e9lanine.<\/p>\n<p> \u2022<b> Bleu<\/b> fonctionne de mani\u00e8re superficielle et r\u00e9duit efficacement les bact\u00e9ries. Il peut donc \u00eatre utilis\u00e9 pour l&rsquo;acn\u00e9, les rougeurs et les inflammations (l\u00e9g\u00e8res).<\/p>\n<p> L\u2019\u00e9lectrode ultrasonore de 3 mHz permet aux ingr\u00e9dients actifs de votre soin du visage de p\u00e9n\u00e9trer plus profond\u00e9ment dans la peau. Les ondes ultrasonores cr\u00e9ent des petits canaux temporaires, par lesquels les ingr\u00e9dients sont absorb\u00e9s par la peau, ce qui donne de meilleurs r\u00e9sultats.&nbsp; <\/p>\n<ul> <\/ul>\n<p> Ultrasons HS-3303L avec spatule + LED, 8456.02<\/p><\/p>\n","protected":false},"excerpt":{"rendered":"<p>Un appareil multifonctionnel pour divers objectifs ! Les ondes ultrasonores provoquent des vibrations aux actions multiples. Premi\u00e8rement, elles \u00e9liminent les cellules cutan\u00e9es mortes et les impuret\u00e9s et elles nettoient la peau dans la profondeur des pores. Deuxi\u00e8mement, elles stimulent la production de collag\u00e8ne et d\u2019\u00e9lastine afin de combattre l\u2019apparition de rides et de ridules. Troisi\u00e8mement, [&hellip;]<\/p>\n","protected":false},"featured_media":82433,"comment_status":"open","ping_status":"closed","template":"","meta":{"_acf_changed":false},"product_brand":[10380],"product_cat":[9862,10090],"product_tag":[],"class_list":{"0":"post-138799","1":"product","2":"type-product","3":"status-publish","4":"has-post-thumbnail","6":"product_brand-districos-fr","7":"product_cat-beaute-visage-equipement","8":"product_cat-amenagement-equipement-visage","10":"first","11":"instock","12":"taxable","13":"shipping-taxable","14":"product-type-simple"},"acf":[],"yoast_head":"<!-- This site is optimized with the Yoast SEO plugin v27.3 - https:\/\/yoast.com\/product\/yoast-seo-wordpress\/ -->\n<title>HS-3003L Appareil \u00e0 Ultrasons avec Spatule et \u00c9lectrode\/LED - Districos Webshop<\/title>\n<meta name=\"robots\" content=\"noindex, follow, max-snippet:-1, max-image-preview:large, max-video-preview:-1\" \/>\n<meta property=\"og:locale\" content=\"fr_FR\" \/>\n<meta property=\"og:type\" content=\"article\" \/>\n<meta property=\"og:title\" content=\"HS-3003L Appareil \u00e0 Ultrasons avec Spatule et \u00c9lectrode\/LED - Districos Webshop\" \/>\n<meta property=\"og:description\" content=\"Un appareil multifonctionnel pour divers objectifs ! Les ondes ultrasonores provoquent des vibrations aux actions multiples. Premi\u00e8rement, elles \u00e9liminent les cellules cutan\u00e9es mortes et les impuret\u00e9s et elles nettoient la peau dans la profondeur des pores. Deuxi\u00e8mement, elles stimulent la production de collag\u00e8ne et d\u2019\u00e9lastine afin de combattre l\u2019apparition de rides et de ridules. Troisi\u00e8mement, [&hellip;]\" \/>\n<meta property=\"og:url\" content=\"https:\/\/districos.standingout.be\/fr\/product\/hs-3003l-appareil-a-ultrasons-avec-spatule-et-electrode-led-ref-8456-02\/\" \/>\n<meta property=\"og:site_name\" content=\"Districos Webshop\" \/>\n<meta property=\"article:modified_time\" content=\"2026-04-28T09:59:01+00:00\" \/>\n<meta name=\"twitter:card\" content=\"summary_large_image\" \/>\n<meta name=\"twitter:label1\" content=\"Dur\u00e9e de lecture estim\u00e9e\" \/>\n\t<meta name=\"twitter:data1\" content=\"2 minutes\" \/>\n<script type=\"application\/ld+json\" class=\"yoast-schema-graph\">{\"@context\":\"https:\\\/\\\/schema.org\",\"@graph\":[{\"@type\":\"WebPage\",\"@id\":\"https:\\\/\\\/districos.standingout.be\\\/fr\\\/product\\\/hs-3003l-appareil-a-ultrasons-avec-spatule-et-electrode-led-ref-8456-02\\\/\",\"url\":\"https:\\\/\\\/districos.standingout.be\\\/fr\\\/product\\\/hs-3003l-appareil-a-ultrasons-avec-spatule-et-electrode-led-ref-8456-02\\\/\",\"name\":\"HS-3003L Appareil \u00e0 Ultrasons avec Spatule et \u00c9lectrode\\\/LED - Districos Webshop\",\"isPartOf\":{\"@id\":\"https:\\\/\\\/districos.standingout.be\\\/fr\\\/#website\"},\"primaryImageOfPage\":{\"@id\":\"https:\\\/\\\/districos.standingout.be\\\/fr\\\/product\\\/hs-3003l-appareil-a-ultrasons-avec-spatule-et-electrode-led-ref-8456-02\\\/#primaryimage\"},\"image\":{\"@id\":\"https:\\\/\\\/districos.standingout.be\\\/fr\\\/product\\\/hs-3003l-appareil-a-ultrasons-avec-spatule-et-electrode-led-ref-8456-02\\\/#primaryimage\"},\"thumbnailUrl\":\"https:\\\/\\\/districos.standingout.be\\\/wp-content\\\/uploads\\\/2025\\\/07\\\/8456.02@LowRes_1_0.png\",\"datePublished\":\"2026-04-28T09:58:56+00:00\",\"dateModified\":\"2026-04-28T09:59:01+00:00\",\"breadcrumb\":{\"@id\":\"https:\\\/\\\/districos.standingout.be\\\/fr\\\/product\\\/hs-3003l-appareil-a-ultrasons-avec-spatule-et-electrode-led-ref-8456-02\\\/#breadcrumb\"},\"inLanguage\":\"fr-FR\",\"potentialAction\":[{\"@type\":\"ReadAction\",\"target\":[\"https:\\\/\\\/districos.standingout.be\\\/fr\\\/product\\\/hs-3003l-appareil-a-ultrasons-avec-spatule-et-electrode-led-ref-8456-02\\\/\"]}]},{\"@type\":\"ImageObject\",\"inLanguage\":\"fr-FR\",\"@id\":\"https:\\\/\\\/districos.standingout.be\\\/fr\\\/product\\\/hs-3003l-appareil-a-ultrasons-avec-spatule-et-electrode-led-ref-8456-02\\\/#primaryimage\",\"url\":\"https:\\\/\\\/districos.standingout.be\\\/wp-content\\\/uploads\\\/2025\\\/07\\\/8456.02@LowRes_1_0.png\",\"contentUrl\":\"https:\\\/\\\/districos.standingout.be\\\/wp-content\\\/uploads\\\/2025\\\/07\\\/8456.02@LowRes_1_0.png\",\"width\":600,\"height\":600},{\"@type\":\"BreadcrumbList\",\"@id\":\"https:\\\/\\\/districos.standingout.be\\\/fr\\\/product\\\/hs-3003l-appareil-a-ultrasons-avec-spatule-et-electrode-led-ref-8456-02\\\/#breadcrumb\",\"itemListElement\":[{\"@type\":\"ListItem\",\"position\":1,\"name\":\"Home\",\"item\":\"https:\\\/\\\/districos.standingout.be\\\/fr\\\/bienvenue-chez-districos\\\/\"},{\"@type\":\"ListItem\",\"position\":2,\"name\":\"Boutique\",\"item\":\"https:\\\/\\\/districos.standingout.be\\\/fr\\\/boutique\\\/\"},{\"@type\":\"ListItem\",\"position\":3,\"name\":\"HS-3003L Appareil \u00e0 Ultrasons avec Spatule et \u00c9lectrode\\\/LED\"}]},{\"@type\":\"WebSite\",\"@id\":\"https:\\\/\\\/districos.standingout.be\\\/fr\\\/#website\",\"url\":\"https:\\\/\\\/districos.standingout.be\\\/fr\\\/\",\"name\":\"Districos Webshop\",\"description\":\"\",\"publisher\":{\"@id\":\"https:\\\/\\\/districos.standingout.be\\\/fr\\\/#organization\"},\"potentialAction\":[{\"@type\":\"SearchAction\",\"target\":{\"@type\":\"EntryPoint\",\"urlTemplate\":\"https:\\\/\\\/districos.standingout.be\\\/fr\\\/?s={search_term_string}\"},\"query-input\":{\"@type\":\"PropertyValueSpecification\",\"valueRequired\":true,\"valueName\":\"search_term_string\"}}],\"inLanguage\":\"fr-FR\"},{\"@type\":\"Organization\",\"@id\":\"https:\\\/\\\/districos.standingout.be\\\/fr\\\/#organization\",\"name\":\"Districos Webshop\",\"url\":\"https:\\\/\\\/districos.standingout.be\\\/fr\\\/\",\"logo\":{\"@type\":\"ImageObject\",\"inLanguage\":\"fr-FR\",\"@id\":\"https:\\\/\\\/districos.standingout.be\\\/fr\\\/#\\\/schema\\\/logo\\\/image\\\/\",\"url\":\"https:\\\/\\\/districos.standingout.be\\\/wp-content\\\/uploads\\\/2022\\\/09\\\/Districos_Logo_Webshop.svg\",\"contentUrl\":\"https:\\\/\\\/districos.standingout.be\\\/wp-content\\\/uploads\\\/2022\\\/09\\\/Districos_Logo_Webshop.svg\",\"caption\":\"Districos Webshop\"},\"image\":{\"@id\":\"https:\\\/\\\/districos.standingout.be\\\/fr\\\/#\\\/schema\\\/logo\\\/image\\\/\"}}]}<\/script>\n<!-- \/ Yoast SEO plugin. -->","yoast_head_json":{"title":"HS-3003L Appareil \u00e0 Ultrasons avec Spatule et \u00c9lectrode\/LED - Districos Webshop","robots":{"index":"noindex","follow":"follow","max-snippet":"max-snippet:-1","max-image-preview":"max-image-preview:large","max-video-preview":"max-video-preview:-1"},"og_locale":"fr_FR","og_type":"article","og_title":"HS-3003L Appareil \u00e0 Ultrasons avec Spatule et \u00c9lectrode\/LED - Districos Webshop","og_description":"Un appareil multifonctionnel pour divers objectifs ! Les ondes ultrasonores provoquent des vibrations aux actions multiples. Premi\u00e8rement, elles \u00e9liminent les cellules cutan\u00e9es mortes et les impuret\u00e9s et elles nettoient la peau dans la profondeur des pores. Deuxi\u00e8mement, elles stimulent la production de collag\u00e8ne et d\u2019\u00e9lastine afin de combattre l\u2019apparition de rides et de ridules. Troisi\u00e8mement, [&hellip;]","og_url":"https:\/\/districos.standingout.be\/fr\/product\/hs-3003l-appareil-a-ultrasons-avec-spatule-et-electrode-led-ref-8456-02\/","og_site_name":"Districos Webshop","article_modified_time":"2026-04-28T09:59:01+00:00","twitter_card":"summary_large_image","twitter_misc":{"Dur\u00e9e de lecture estim\u00e9e":"2 minutes"},"schema":{"@context":"https:\/\/schema.org","@graph":[{"@type":"WebPage","@id":"https:\/\/districos.standingout.be\/fr\/product\/hs-3003l-appareil-a-ultrasons-avec-spatule-et-electrode-led-ref-8456-02\/","url":"https:\/\/districos.standingout.be\/fr\/product\/hs-3003l-appareil-a-ultrasons-avec-spatule-et-electrode-led-ref-8456-02\/","name":"HS-3003L Appareil \u00e0 Ultrasons avec Spatule et \u00c9lectrode\/LED - Districos Webshop","isPartOf":{"@id":"https:\/\/districos.standingout.be\/fr\/#website"},"primaryImageOfPage":{"@id":"https:\/\/districos.standingout.be\/fr\/product\/hs-3003l-appareil-a-ultrasons-avec-spatule-et-electrode-led-ref-8456-02\/#primaryimage"},"image":{"@id":"https:\/\/districos.standingout.be\/fr\/product\/hs-3003l-appareil-a-ultrasons-avec-spatule-et-electrode-led-ref-8456-02\/#primaryimage"},"thumbnailUrl":"https:\/\/districos.standingout.be\/wp-content\/uploads\/2025\/07\/8456.02@LowRes_1_0.png","datePublished":"2026-04-28T09:58:56+00:00","dateModified":"2026-04-28T09:59:01+00:00","breadcrumb":{"@id":"https:\/\/districos.standingout.be\/fr\/product\/hs-3003l-appareil-a-ultrasons-avec-spatule-et-electrode-led-ref-8456-02\/#breadcrumb"},"inLanguage":"fr-FR","potentialAction":[{"@type":"ReadAction","target":["https:\/\/districos.standingout.be\/fr\/product\/hs-3003l-appareil-a-ultrasons-avec-spatule-et-electrode-led-ref-8456-02\/"]}]},{"@type":"ImageObject","inLanguage":"fr-FR","@id":"https:\/\/districos.standingout.be\/fr\/product\/hs-3003l-appareil-a-ultrasons-avec-spatule-et-electrode-led-ref-8456-02\/#primaryimage","url":"https:\/\/districos.standingout.be\/wp-content\/uploads\/2025\/07\/8456.02@LowRes_1_0.png","contentUrl":"https:\/\/districos.standingout.be\/wp-content\/uploads\/2025\/07\/8456.02@LowRes_1_0.png","width":600,"height":600},{"@type":"BreadcrumbList","@id":"https:\/\/districos.standingout.be\/fr\/product\/hs-3003l-appareil-a-ultrasons-avec-spatule-et-electrode-led-ref-8456-02\/#breadcrumb","itemListElement":[{"@type":"ListItem","position":1,"name":"Home","item":"https:\/\/districos.standingout.be\/fr\/bienvenue-chez-districos\/"},{"@type":"ListItem","position":2,"name":"Boutique","item":"https:\/\/districos.standingout.be\/fr\/boutique\/"},{"@type":"ListItem","position":3,"name":"HS-3003L Appareil \u00e0 Ultrasons avec Spatule et \u00c9lectrode\/LED"}]},{"@type":"WebSite","@id":"https:\/\/districos.standingout.be\/fr\/#website","url":"https:\/\/districos.standingout.be\/fr\/","name":"Districos Webshop","description":"","publisher":{"@id":"https:\/\/districos.standingout.be\/fr\/#organization"},"potentialAction":[{"@type":"SearchAction","target":{"@type":"EntryPoint","urlTemplate":"https:\/\/districos.standingout.be\/fr\/?s={search_term_string}"},"query-input":{"@type":"PropertyValueSpecification","valueRequired":true,"valueName":"search_term_string"}}],"inLanguage":"fr-FR"},{"@type":"Organization","@id":"https:\/\/districos.standingout.be\/fr\/#organization","name":"Districos Webshop","url":"https:\/\/districos.standingout.be\/fr\/","logo":{"@type":"ImageObject","inLanguage":"fr-FR","@id":"https:\/\/districos.standingout.be\/fr\/#\/schema\/logo\/image\/","url":"https:\/\/districos.standingout.be\/wp-content\/uploads\/2022\/09\/Districos_Logo_Webshop.svg","contentUrl":"https:\/\/districos.standingout.be\/wp-content\/uploads\/2022\/09\/Districos_Logo_Webshop.svg","caption":"Districos Webshop"},"image":{"@id":"https:\/\/districos.standingout.be\/fr\/#\/schema\/logo\/image\/"}}]}},"_links":{"self":[{"href":"https:\/\/districos.standingout.be\/fr\/wp-json\/wp\/v2\/product\/138799","targetHints":{"allow":["GET"]}}],"collection":[{"href":"https:\/\/districos.standingout.be\/fr\/wp-json\/wp\/v2\/product"}],"about":[{"href":"https:\/\/districos.standingout.be\/fr\/wp-json\/wp\/v2\/types\/product"}],"replies":[{"embeddable":true,"href":"https:\/\/districos.standingout.be\/fr\/wp-json\/wp\/v2\/comments?post=138799"}],"wp:featuredmedia":[{"embeddable":true,"href":"https:\/\/districos.standingout.be\/fr\/wp-json\/wp\/v2\/media\/82433"}],"wp:attachment":[{"href":"https:\/\/districos.standingout.be\/fr\/wp-json\/wp\/v2\/media?parent=138799"}],"wp:term":[{"taxonomy":"product_brand","embeddable":true,"href":"https:\/\/districos.standingout.be\/fr\/wp-json\/wp\/v2\/product_brand?post=138799"},{"taxonomy":"product_cat","embeddable":true,"href":"https:\/\/districos.standingout.be\/fr\/wp-json\/wp\/v2\/product_cat?post=138799"},{"taxonomy":"product_tag","embeddable":true,"href":"https:\/\/districos.standingout.be\/fr\/wp-json\/wp\/v2\/product_tag?post=138799"}],"curies":[{"name":"wp","href":"https:\/\/api.w.org\/{rel}","templated":true}]}}