{"id":138801,"date":"2026-04-28T11:59:26","date_gmt":"2026-04-28T09:59:26","guid":{"rendered":"https:\/\/webshopdistricoscom.webhosting.be\/product\/sculptura-pro-cav-40k-rf-vacuum-bi-tripolair-ref-8457-01-2\/"},"modified":"2026-04-28T11:59:29","modified_gmt":"2026-04-28T09:59:29","slug":"sculptura-pro-cav-40k-rf-vacuum-bi-tripolair-ref-8457-01","status":"publish","type":"product","link":"https:\/\/districos.standingout.be\/fr\/product\/sculptura-pro-cav-40k-rf-vacuum-bi-tripolair-ref-8457-01\/","title":{"rendered":"Sculptura Pro Cav 40K, RF, Vacuum bi-\/tripolair"},"content":{"rendered":"<p >\n<p>D\u00e9couvrez le Sculptura Pro : L&rsquo;Appareil Ultime pour les Soins du Corps et du Visage dans Votre Cabinet \u00e0 un Prix Imbattable !<\/p>\n<p>Le Sculptura Pro est con\u00e7u pour \u00e9lever les traitements et soins dans votre salon \u00e0 un niveau sup\u00e9rieur. Le Sculptura Pro combine une gamme impressionnante de technologies, y compris la Cavitation 40K, la Radiofr\u00e9quence (RF), la RF Bipolaire avec Vacuum, et la RF Tripolaire, offrant une solution compl\u00e8te pour affiner les contours du corps et du visage, raffermir la peau, r\u00e9duire la cellulite, stimuler la d\u00e9gradation des graisses et rajeunir la peau \u2013 le tout sans chirurgie ni temps de r\u00e9cup\u00e9ration.<\/p>\n<p><b>Principales Caract\u00e9ristiques du Sculptura Pro<\/b><\/p>\n<div>\n<ul>\n<li><b>Cavitation 40K (cavitation \u00e0 40kHz)<\/b><\/li>\n<\/ul>\n<div>\n<div>Quoi : Cavitation ultrasonique \u00e0 40 kHz qui p\u00e9n\u00e8tre profond\u00e9ment dans le tissu graisseux.<br \/>Comment : Les ondes sonores ultrasoniques d\u00e9composent les cellules graisseuses, qui sont ensuite \u00e9limin\u00e9es naturellement par le syst\u00e8me lymphatique.<br \/>Id\u00e9al Pour : R\u00e9duction localis\u00e9e des graisses sur le ventre, les cuisses et les hanches.<\/div>\n<div>\n<ul>\n<li><b>RF (Radiofr\u00e9quence)<\/b><\/li>\n<\/ul>\n<p>Quoi : Ondes radio g\u00e9n\u00e9rant de la chaleur en profondeur dans la peau.<br \/>Comment : La chaleur stimule la production de collag\u00e8ne et d&rsquo;\u00e9lastine, raffermissant la peau et r\u00e9duisant les rides.<br \/>Id\u00e9al Pour : Rajeunissement et raffermissement de la peau sur diverses zones du corps et du visage.<\/p>\n<ul>\n<li><b>RF Bipolaire avec Vacuum<\/b><\/li>\n<\/ul>\n<p>Quoi : Combinaison de la technologie vacuum avec la radiofr\u00e9quence bipolaire.<br \/>Comment : Le vacuum soul\u00e8ve l\u00e9g\u00e8rement la peau, permettant \u00e0 l&rsquo;\u00e9nergie RF de p\u00e9n\u00e9trer plus profond\u00e9ment. La RF bipolaire envoie de la chaleur cibl\u00e9e pour une stimulation plus profonde.<br \/>Id\u00e9al Pour : Raffermissement de la peau, am\u00e9lioration de la circulation sanguine et r\u00e9duction de la cellulite.<\/p>\n<ul>\n<li><b>RF Tripolaire<\/b><\/li>\n<\/ul>\n<p>Quoi : Perfectionnement de la technologie RF bipolaire avec trois p\u00f4les.<br \/>Comment : Les trois p\u00f4les diffusent l&rsquo;\u00e9nergie RF de mani\u00e8re homog\u00e8ne sur une plus grande surface, r\u00e9partissant rapidement et efficacement la chaleur.<br \/>Id\u00e9al Pour : R\u00e9duction des rides, raffermissement de la peau et am\u00e9lioration de la texture de la peau.<\/div>\n<div><b>Applications et Technologie<\/b><\/div>\n<div><span>En fonction de la zone et du probl\u00e8me trait\u00e9, vous pouvez adapter le Sculptura Pro \u00e0 vos besoins sp\u00e9cifiques&nbsp;<\/span><span>:<\/span><\/p>\n<ul>\n<li>Cellulite : Utilisez la RF Multipolaire (t\u00eate avec 6 p\u00f4les) avec des ondes puls\u00e9es rapides pour des r\u00e9sultats optimaux.<\/li>\n<li>Lignes Fines : Appliquez la RF Tripolaire avec des ondes continues ou lentes pour r\u00e9duire les lignes fines.<\/li>\n<li>Am\u00e9lioration des Contours (par exemple, ligne de la m\u00e2choire et cou) : Optez pour la RF Tripolaire pour une am\u00e9lioration des contours.<\/li>\n<li>Rides : Att\u00e9nuez les rides avec la RF Tripolaire et des ondes puls\u00e9es rapides.<\/li>\n<li>Accumulations de Graisse : Traitez les accumulations de graisse efficacement avec la Cavitation 40K et la RF Bipolaire avec vacuum.<\/li>\n<li>Rajeunissement G\u00e9n\u00e9ral de la Peau : Utilisez des ondes RF Continues pour un rajeunissement et une revitalisation g\u00e9n\u00e9rale de la peau<\/li>\n<\/ul>\n<\/div>\n<div>Le Sculptura Pro n&rsquo;est pas seulement un investissement dans une technologie avanc\u00e9e, mais aussi un pas vers des traitements plus efficaces et professionnels. D\u00e9couvrez la puissance de l&rsquo;innovation et les r\u00e9sultats d&rsquo;un soin professionnel avec le Sculptura Pro \u2013 l&rsquo;appareil ultime pour obtenir une peau \u00e9clatante, jeune et raffin\u00e9e sans proc\u00e9dures invasives.<\/p>\n<p>Contactez-nous d\u00e8s aujourd&rsquo;hui pour plus d&rsquo;informations ou pour une d\u00e9monstration du Sculptura Pro et d\u00e9couvrez comment cet appareil innovant peut transformer vos traitements.<\/p><\/div>\n<\/div>\n<\/div>\n<p> <timestamp:19898878:76\/> <\/p>\n","protected":false},"excerpt":{"rendered":"<p>D\u00e9couvrez le Sculptura Pro : L&rsquo;Appareil Ultime pour les Soins du Corps et du Visage dans Votre Cabinet \u00e0 un Prix Imbattable ! Le Sculptura Pro est con\u00e7u pour \u00e9lever les traitements et soins dans votre salon \u00e0 un niveau sup\u00e9rieur. Le Sculptura Pro combine une gamme impressionnante de technologies, y compris la Cavitation 40K, [&hellip;]<\/p>\n","protected":false},"featured_media":148140,"comment_status":"open","ping_status":"closed","template":"","meta":{"_acf_changed":false},"product_brand":[10380],"product_cat":[10094,9878],"product_tag":[],"class_list":{"0":"post-138801","1":"product","2":"type-product","3":"status-publish","4":"has-post-thumbnail","6":"product_brand-districos-fr","7":"product_cat-amenagement-equipement-corps","8":"product_cat-beaute-corps-equipement","10":"first","11":"instock","12":"taxable","13":"shipping-taxable","14":"product-type-simple"},"acf":[],"yoast_head":"<!-- This site is optimized with the Yoast SEO plugin v27.3 - https:\/\/yoast.com\/product\/yoast-seo-wordpress\/ -->\n<title>Sculptura Pro Cav 40K, RF, Vacuum bi-\/tripolair - Districos Webshop<\/title>\n<meta name=\"robots\" content=\"noindex, follow, max-snippet:-1, max-image-preview:large, max-video-preview:-1\" \/>\n<meta property=\"og:locale\" content=\"fr_FR\" \/>\n<meta property=\"og:type\" content=\"article\" \/>\n<meta property=\"og:title\" content=\"Sculptura Pro Cav 40K, RF, Vacuum bi-\/tripolair - Districos Webshop\" \/>\n<meta property=\"og:description\" content=\"D\u00e9couvrez le Sculptura Pro : L&rsquo;Appareil Ultime pour les Soins du Corps et du Visage dans Votre Cabinet \u00e0 un Prix Imbattable ! Le Sculptura Pro est con\u00e7u pour \u00e9lever les traitements et soins dans votre salon \u00e0 un niveau sup\u00e9rieur. Le Sculptura Pro combine une gamme impressionnante de technologies, y compris la Cavitation 40K, [&hellip;]\" \/>\n<meta property=\"og:url\" content=\"https:\/\/districos.standingout.be\/fr\/product\/sculptura-pro-cav-40k-rf-vacuum-bi-tripolair-ref-8457-01\/\" \/>\n<meta property=\"og:site_name\" content=\"Districos Webshop\" \/>\n<meta property=\"article:modified_time\" content=\"2026-04-28T09:59:29+00:00\" \/>\n<meta name=\"twitter:card\" content=\"summary_large_image\" \/>\n<meta name=\"twitter:label1\" content=\"Dur\u00e9e de lecture estim\u00e9e\" \/>\n\t<meta name=\"twitter:data1\" content=\"3 minutes\" \/>\n<script type=\"application\/ld+json\" class=\"yoast-schema-graph\">{\"@context\":\"https:\\\/\\\/schema.org\",\"@graph\":[{\"@type\":\"WebPage\",\"@id\":\"https:\\\/\\\/districos.standingout.be\\\/fr\\\/product\\\/sculptura-pro-cav-40k-rf-vacuum-bi-tripolair-ref-8457-01\\\/\",\"url\":\"https:\\\/\\\/districos.standingout.be\\\/fr\\\/product\\\/sculptura-pro-cav-40k-rf-vacuum-bi-tripolair-ref-8457-01\\\/\",\"name\":\"Sculptura Pro Cav 40K, RF, Vacuum bi-\\\/tripolair - Districos Webshop\",\"isPartOf\":{\"@id\":\"https:\\\/\\\/districos.standingout.be\\\/fr\\\/#website\"},\"primaryImageOfPage\":{\"@id\":\"https:\\\/\\\/districos.standingout.be\\\/fr\\\/product\\\/sculptura-pro-cav-40k-rf-vacuum-bi-tripolair-ref-8457-01\\\/#primaryimage\"},\"image\":{\"@id\":\"https:\\\/\\\/districos.standingout.be\\\/fr\\\/product\\\/sculptura-pro-cav-40k-rf-vacuum-bi-tripolair-ref-8457-01\\\/#primaryimage\"},\"thumbnailUrl\":\"https:\\\/\\\/districos.standingout.be\\\/wp-content\\\/uploads\\\/2026\\\/04\\\/8457.01@Sculptura-Pro-Cav-40K-RF-Vacuum-bi-tripolair_1-1.png\",\"datePublished\":\"2026-04-28T09:59:26+00:00\",\"dateModified\":\"2026-04-28T09:59:29+00:00\",\"breadcrumb\":{\"@id\":\"https:\\\/\\\/districos.standingout.be\\\/fr\\\/product\\\/sculptura-pro-cav-40k-rf-vacuum-bi-tripolair-ref-8457-01\\\/#breadcrumb\"},\"inLanguage\":\"fr-FR\",\"potentialAction\":[{\"@type\":\"ReadAction\",\"target\":[\"https:\\\/\\\/districos.standingout.be\\\/fr\\\/product\\\/sculptura-pro-cav-40k-rf-vacuum-bi-tripolair-ref-8457-01\\\/\"]}]},{\"@type\":\"ImageObject\",\"inLanguage\":\"fr-FR\",\"@id\":\"https:\\\/\\\/districos.standingout.be\\\/fr\\\/product\\\/sculptura-pro-cav-40k-rf-vacuum-bi-tripolair-ref-8457-01\\\/#primaryimage\",\"url\":\"https:\\\/\\\/districos.standingout.be\\\/wp-content\\\/uploads\\\/2026\\\/04\\\/8457.01@Sculptura-Pro-Cav-40K-RF-Vacuum-bi-tripolair_1-1.png\",\"contentUrl\":\"https:\\\/\\\/districos.standingout.be\\\/wp-content\\\/uploads\\\/2026\\\/04\\\/8457.01@Sculptura-Pro-Cav-40K-RF-Vacuum-bi-tripolair_1-1.png\",\"width\":600,\"height\":600},{\"@type\":\"BreadcrumbList\",\"@id\":\"https:\\\/\\\/districos.standingout.be\\\/fr\\\/product\\\/sculptura-pro-cav-40k-rf-vacuum-bi-tripolair-ref-8457-01\\\/#breadcrumb\",\"itemListElement\":[{\"@type\":\"ListItem\",\"position\":1,\"name\":\"Home\",\"item\":\"https:\\\/\\\/districos.standingout.be\\\/fr\\\/bienvenue-chez-districos\\\/\"},{\"@type\":\"ListItem\",\"position\":2,\"name\":\"Boutique\",\"item\":\"https:\\\/\\\/districos.standingout.be\\\/fr\\\/boutique\\\/\"},{\"@type\":\"ListItem\",\"position\":3,\"name\":\"Sculptura Pro Cav 40K, RF, Vacuum bi-\\\/tripolair\"}]},{\"@type\":\"WebSite\",\"@id\":\"https:\\\/\\\/districos.standingout.be\\\/fr\\\/#website\",\"url\":\"https:\\\/\\\/districos.standingout.be\\\/fr\\\/\",\"name\":\"Districos Webshop\",\"description\":\"\",\"publisher\":{\"@id\":\"https:\\\/\\\/districos.standingout.be\\\/fr\\\/#organization\"},\"potentialAction\":[{\"@type\":\"SearchAction\",\"target\":{\"@type\":\"EntryPoint\",\"urlTemplate\":\"https:\\\/\\\/districos.standingout.be\\\/fr\\\/?s={search_term_string}\"},\"query-input\":{\"@type\":\"PropertyValueSpecification\",\"valueRequired\":true,\"valueName\":\"search_term_string\"}}],\"inLanguage\":\"fr-FR\"},{\"@type\":\"Organization\",\"@id\":\"https:\\\/\\\/districos.standingout.be\\\/fr\\\/#organization\",\"name\":\"Districos Webshop\",\"url\":\"https:\\\/\\\/districos.standingout.be\\\/fr\\\/\",\"logo\":{\"@type\":\"ImageObject\",\"inLanguage\":\"fr-FR\",\"@id\":\"https:\\\/\\\/districos.standingout.be\\\/fr\\\/#\\\/schema\\\/logo\\\/image\\\/\",\"url\":\"https:\\\/\\\/districos.standingout.be\\\/wp-content\\\/uploads\\\/2022\\\/09\\\/Districos_Logo_Webshop.svg\",\"contentUrl\":\"https:\\\/\\\/districos.standingout.be\\\/wp-content\\\/uploads\\\/2022\\\/09\\\/Districos_Logo_Webshop.svg\",\"caption\":\"Districos Webshop\"},\"image\":{\"@id\":\"https:\\\/\\\/districos.standingout.be\\\/fr\\\/#\\\/schema\\\/logo\\\/image\\\/\"}}]}<\/script>\n<!-- \/ Yoast SEO plugin. -->","yoast_head_json":{"title":"Sculptura Pro Cav 40K, RF, Vacuum bi-\/tripolair - Districos Webshop","robots":{"index":"noindex","follow":"follow","max-snippet":"max-snippet:-1","max-image-preview":"max-image-preview:large","max-video-preview":"max-video-preview:-1"},"og_locale":"fr_FR","og_type":"article","og_title":"Sculptura Pro Cav 40K, RF, Vacuum bi-\/tripolair - Districos Webshop","og_description":"D\u00e9couvrez le Sculptura Pro : L&rsquo;Appareil Ultime pour les Soins du Corps et du Visage dans Votre Cabinet \u00e0 un Prix Imbattable ! Le Sculptura Pro est con\u00e7u pour \u00e9lever les traitements et soins dans votre salon \u00e0 un niveau sup\u00e9rieur. Le Sculptura Pro combine une gamme impressionnante de technologies, y compris la Cavitation 40K, [&hellip;]","og_url":"https:\/\/districos.standingout.be\/fr\/product\/sculptura-pro-cav-40k-rf-vacuum-bi-tripolair-ref-8457-01\/","og_site_name":"Districos Webshop","article_modified_time":"2026-04-28T09:59:29+00:00","twitter_card":"summary_large_image","twitter_misc":{"Dur\u00e9e de lecture estim\u00e9e":"3 minutes"},"schema":{"@context":"https:\/\/schema.org","@graph":[{"@type":"WebPage","@id":"https:\/\/districos.standingout.be\/fr\/product\/sculptura-pro-cav-40k-rf-vacuum-bi-tripolair-ref-8457-01\/","url":"https:\/\/districos.standingout.be\/fr\/product\/sculptura-pro-cav-40k-rf-vacuum-bi-tripolair-ref-8457-01\/","name":"Sculptura Pro Cav 40K, RF, Vacuum bi-\/tripolair - Districos Webshop","isPartOf":{"@id":"https:\/\/districos.standingout.be\/fr\/#website"},"primaryImageOfPage":{"@id":"https:\/\/districos.standingout.be\/fr\/product\/sculptura-pro-cav-40k-rf-vacuum-bi-tripolair-ref-8457-01\/#primaryimage"},"image":{"@id":"https:\/\/districos.standingout.be\/fr\/product\/sculptura-pro-cav-40k-rf-vacuum-bi-tripolair-ref-8457-01\/#primaryimage"},"thumbnailUrl":"https:\/\/districos.standingout.be\/wp-content\/uploads\/2026\/04\/8457.01@Sculptura-Pro-Cav-40K-RF-Vacuum-bi-tripolair_1-1.png","datePublished":"2026-04-28T09:59:26+00:00","dateModified":"2026-04-28T09:59:29+00:00","breadcrumb":{"@id":"https:\/\/districos.standingout.be\/fr\/product\/sculptura-pro-cav-40k-rf-vacuum-bi-tripolair-ref-8457-01\/#breadcrumb"},"inLanguage":"fr-FR","potentialAction":[{"@type":"ReadAction","target":["https:\/\/districos.standingout.be\/fr\/product\/sculptura-pro-cav-40k-rf-vacuum-bi-tripolair-ref-8457-01\/"]}]},{"@type":"ImageObject","inLanguage":"fr-FR","@id":"https:\/\/districos.standingout.be\/fr\/product\/sculptura-pro-cav-40k-rf-vacuum-bi-tripolair-ref-8457-01\/#primaryimage","url":"https:\/\/districos.standingout.be\/wp-content\/uploads\/2026\/04\/8457.01@Sculptura-Pro-Cav-40K-RF-Vacuum-bi-tripolair_1-1.png","contentUrl":"https:\/\/districos.standingout.be\/wp-content\/uploads\/2026\/04\/8457.01@Sculptura-Pro-Cav-40K-RF-Vacuum-bi-tripolair_1-1.png","width":600,"height":600},{"@type":"BreadcrumbList","@id":"https:\/\/districos.standingout.be\/fr\/product\/sculptura-pro-cav-40k-rf-vacuum-bi-tripolair-ref-8457-01\/#breadcrumb","itemListElement":[{"@type":"ListItem","position":1,"name":"Home","item":"https:\/\/districos.standingout.be\/fr\/bienvenue-chez-districos\/"},{"@type":"ListItem","position":2,"name":"Boutique","item":"https:\/\/districos.standingout.be\/fr\/boutique\/"},{"@type":"ListItem","position":3,"name":"Sculptura Pro Cav 40K, RF, Vacuum bi-\/tripolair"}]},{"@type":"WebSite","@id":"https:\/\/districos.standingout.be\/fr\/#website","url":"https:\/\/districos.standingout.be\/fr\/","name":"Districos Webshop","description":"","publisher":{"@id":"https:\/\/districos.standingout.be\/fr\/#organization"},"potentialAction":[{"@type":"SearchAction","target":{"@type":"EntryPoint","urlTemplate":"https:\/\/districos.standingout.be\/fr\/?s={search_term_string}"},"query-input":{"@type":"PropertyValueSpecification","valueRequired":true,"valueName":"search_term_string"}}],"inLanguage":"fr-FR"},{"@type":"Organization","@id":"https:\/\/districos.standingout.be\/fr\/#organization","name":"Districos Webshop","url":"https:\/\/districos.standingout.be\/fr\/","logo":{"@type":"ImageObject","inLanguage":"fr-FR","@id":"https:\/\/districos.standingout.be\/fr\/#\/schema\/logo\/image\/","url":"https:\/\/districos.standingout.be\/wp-content\/uploads\/2022\/09\/Districos_Logo_Webshop.svg","contentUrl":"https:\/\/districos.standingout.be\/wp-content\/uploads\/2022\/09\/Districos_Logo_Webshop.svg","caption":"Districos Webshop"},"image":{"@id":"https:\/\/districos.standingout.be\/fr\/#\/schema\/logo\/image\/"}}]}},"_links":{"self":[{"href":"https:\/\/districos.standingout.be\/fr\/wp-json\/wp\/v2\/product\/138801","targetHints":{"allow":["GET"]}}],"collection":[{"href":"https:\/\/districos.standingout.be\/fr\/wp-json\/wp\/v2\/product"}],"about":[{"href":"https:\/\/districos.standingout.be\/fr\/wp-json\/wp\/v2\/types\/product"}],"replies":[{"embeddable":true,"href":"https:\/\/districos.standingout.be\/fr\/wp-json\/wp\/v2\/comments?post=138801"}],"wp:featuredmedia":[{"embeddable":true,"href":"https:\/\/districos.standingout.be\/fr\/wp-json\/wp\/v2\/media\/148140"}],"wp:attachment":[{"href":"https:\/\/districos.standingout.be\/fr\/wp-json\/wp\/v2\/media?parent=138801"}],"wp:term":[{"taxonomy":"product_brand","embeddable":true,"href":"https:\/\/districos.standingout.be\/fr\/wp-json\/wp\/v2\/product_brand?post=138801"},{"taxonomy":"product_cat","embeddable":true,"href":"https:\/\/districos.standingout.be\/fr\/wp-json\/wp\/v2\/product_cat?post=138801"},{"taxonomy":"product_tag","embeddable":true,"href":"https:\/\/districos.standingout.be\/fr\/wp-json\/wp\/v2\/product_tag?post=138801"}],"curies":[{"name":"wp","href":"https:\/\/api.w.org\/{rel}","templated":true}]}}