{"id":138819,"date":"2026-04-28T12:01:33","date_gmt":"2026-04-28T10:01:33","guid":{"rendered":"https:\/\/webshopdistricoscom.webhosting.be\/product\/tablier-hydrofuge-et-oleofuge-blanc-80x70cm-ref-8610-016\/"},"modified":"2026-04-28T12:01:40","modified_gmt":"2026-04-28T10:01:40","slug":"tablier-hydrofuge-et-oleofuge-blanc-80x70cm-ref-8610-016","status":"publish","type":"product","link":"https:\/\/districos.standingout.be\/fr\/product\/tablier-hydrofuge-et-oleofuge-blanc-80x70cm-ref-8610-016\/","title":{"rendered":"Tablier Hydrofuge et Ol\u00e9ofuge Blanc 80x70cm"},"content":{"rendered":"<p >\n<\/p>\n<\/p>\n<\/p>\n<p dir=\"ltr\"><span>Ce tablier hydrofuge et ol\u00e9ofuge est un outil essentiel pour chaque p\u00e9dicure, coiffeur, styliste d&rsquo;ongles, etc., souhaitant prot\u00e9ger sa tenue de travail contre la salet\u00e9, l&rsquo;humidit\u00e9 et l&rsquo;huile. Ce tablier \u00e0 nouer est facilement ajustable gr\u00e2ce \u00e0 la sangle de cou et est donc universel en termes de taille. Lavable \u00e0 30\u00b0C avec des couleurs similaires, sans ajout d&rsquo;agents blanchissants. Ne pas mettre au s\u00e8che-linge.&nbsp;<\/span><\/p>\n<p dir=\"ltr\">\n<ul>\n<li>Mat\u00e9riau : 100 % polyur\u00e9thane enduit de polyester&nbsp;<\/li>\n<li>Dimensions : 80 x 70 cm&nbsp;<\/li>\n<li>Couleur: Blanc<\/li>\n<li>Longueur des cordons : 70 cm<\/li>\n<li>Sans poches<\/li>\n<\/ul>\n<p dir=\"ltr\"><\/p>\n<p dir=\"ltr\"><b>Disponible en 2 couleurs (blanc et noir) et en 2 longueurs (normal (hauteur des genoux) et long (hauteur des mollets)) :<\/b><\/p>\n<ul>\n<li><span>Tablier Hydrofuge et Ol\u00e9ofuge Noir 80x70cm&nbsp;(<a href=\"https:\/\/webshop.districos.com\/ProductDetail\/8610.011\" target=\"_blank\" rel=\"noopener noreferrer nofollow\">ref. 8610.011<\/a>)<\/span><\/li>\n<li><span>Tablier Hydrofuge et Ol\u00e9ofuge Noir Longue 100x70cm&nbsp;(<a href=\"https:\/\/webshop.districos.com\/ProductDetail\/8610.012\" target=\"_blank\" rel=\"noopener noreferrer nofollow\">ref. 8610.012<\/a>)<\/span><\/li>\n<li><span>Tablier Hydrofuge et Ol\u00e9ofuge Wit 80x70cm&nbsp;(<a href=\"https:\/\/webshop.districos.com\/ProductDetail\/8610.016\" target=\"_blank\" rel=\"noopener noreferrer nofollow\">ref. 8610.016<\/a>)<\/span><\/li>\n<li><span>Tablier Hydrofuge et Ol\u00e9ofuge Wit Longue 100x70cm&nbsp;(<a href=\"https:\/\/webshop.districos.com\/ProductDetail\/8610.017\" target=\"_blank\" rel=\"noopener noreferrer nofollow\">ref. 8610.017<\/a>)<\/span><\/li>\n<\/ul>\n<p> <b><\/b><\/p><\/p>\n","protected":false},"excerpt":{"rendered":"<p>Ce tablier hydrofuge et ol\u00e9ofuge est un outil essentiel pour chaque p\u00e9dicure, coiffeur, styliste d&rsquo;ongles, etc., souhaitant prot\u00e9ger sa tenue de travail contre la salet\u00e9, l&rsquo;humidit\u00e9 et l&rsquo;huile. Ce tablier \u00e0 nouer est facilement ajustable gr\u00e2ce \u00e0 la sangle de cou et est donc universel en termes de taille. Lavable \u00e0 30\u00b0C avec des couleurs [&hellip;]<\/p>\n","protected":false},"featured_media":148150,"comment_status":"open","ping_status":"closed","template":"","meta":{"_acf_changed":false},"product_brand":[10380],"product_cat":[10136,9964,10142,10212],"product_tag":[],"class_list":{"0":"post-138819","1":"product","2":"type-product","3":"status-publish","4":"has-post-thumbnail","6":"product_brand-districos-fr","7":"product_cat-hygiene-articles-jetables-hygiene-protection-equipements-de-protection-individuelle-epi","8":"product_cat-beaute-materiel-pratique-textile","9":"product_cat-hygiene-articles-jetables-articles-jetables-vetements-de-travail","10":"product_cat-fournitures-pour-cabinet-textile-vetements-de-travail","12":"first","13":"instock","14":"taxable","15":"shipping-taxable","16":"product-type-simple"},"acf":[],"yoast_head":"<!-- This site is optimized with the Yoast SEO plugin v27.3 - https:\/\/yoast.com\/product\/yoast-seo-wordpress\/ -->\n<title>Tablier Hydrofuge et Ol\u00e9ofuge Blanc 80x70cm - Districos Webshop<\/title>\n<meta name=\"robots\" content=\"noindex, follow, max-snippet:-1, max-image-preview:large, max-video-preview:-1\" \/>\n<meta property=\"og:locale\" content=\"fr_FR\" \/>\n<meta property=\"og:type\" content=\"article\" \/>\n<meta property=\"og:title\" content=\"Tablier Hydrofuge et Ol\u00e9ofuge Blanc 80x70cm - Districos Webshop\" \/>\n<meta property=\"og:description\" content=\"Ce tablier hydrofuge et ol\u00e9ofuge est un outil essentiel pour chaque p\u00e9dicure, coiffeur, styliste d&rsquo;ongles, etc., souhaitant prot\u00e9ger sa tenue de travail contre la salet\u00e9, l&rsquo;humidit\u00e9 et l&rsquo;huile. Ce tablier \u00e0 nouer est facilement ajustable gr\u00e2ce \u00e0 la sangle de cou et est donc universel en termes de taille. Lavable \u00e0 30\u00b0C avec des couleurs [&hellip;]\" \/>\n<meta property=\"og:url\" content=\"https:\/\/districos.standingout.be\/fr\/product\/tablier-hydrofuge-et-oleofuge-blanc-80x70cm-ref-8610-016\/\" \/>\n<meta property=\"og:site_name\" content=\"Districos Webshop\" \/>\n<meta property=\"article:modified_time\" content=\"2026-04-28T10:01:40+00:00\" \/>\n<meta name=\"twitter:card\" content=\"summary_large_image\" \/>\n<meta name=\"twitter:label1\" content=\"Dur\u00e9e de lecture estim\u00e9e\" \/>\n\t<meta name=\"twitter:data1\" content=\"1 minute\" \/>\n<script type=\"application\/ld+json\" class=\"yoast-schema-graph\">{\"@context\":\"https:\\\/\\\/schema.org\",\"@graph\":[{\"@type\":\"WebPage\",\"@id\":\"https:\\\/\\\/districos.standingout.be\\\/fr\\\/product\\\/tablier-hydrofuge-et-oleofuge-blanc-80x70cm-ref-8610-016\\\/\",\"url\":\"https:\\\/\\\/districos.standingout.be\\\/fr\\\/product\\\/tablier-hydrofuge-et-oleofuge-blanc-80x70cm-ref-8610-016\\\/\",\"name\":\"Tablier Hydrofuge et Ol\u00e9ofuge Blanc 80x70cm - Districos Webshop\",\"isPartOf\":{\"@id\":\"https:\\\/\\\/districos.standingout.be\\\/fr\\\/#website\"},\"primaryImageOfPage\":{\"@id\":\"https:\\\/\\\/districos.standingout.be\\\/fr\\\/product\\\/tablier-hydrofuge-et-oleofuge-blanc-80x70cm-ref-8610-016\\\/#primaryimage\"},\"image\":{\"@id\":\"https:\\\/\\\/districos.standingout.be\\\/fr\\\/product\\\/tablier-hydrofuge-et-oleofuge-blanc-80x70cm-ref-8610-016\\\/#primaryimage\"},\"thumbnailUrl\":\"https:\\\/\\\/districos.standingout.be\\\/wp-content\\\/uploads\\\/2026\\\/04\\\/8610.016@Water-en-Olie-Afstotende-Schort-Wit-80x70cm_2-1.png\",\"datePublished\":\"2026-04-28T10:01:33+00:00\",\"dateModified\":\"2026-04-28T10:01:40+00:00\",\"breadcrumb\":{\"@id\":\"https:\\\/\\\/districos.standingout.be\\\/fr\\\/product\\\/tablier-hydrofuge-et-oleofuge-blanc-80x70cm-ref-8610-016\\\/#breadcrumb\"},\"inLanguage\":\"fr-FR\",\"potentialAction\":[{\"@type\":\"ReadAction\",\"target\":[\"https:\\\/\\\/districos.standingout.be\\\/fr\\\/product\\\/tablier-hydrofuge-et-oleofuge-blanc-80x70cm-ref-8610-016\\\/\"]}]},{\"@type\":\"ImageObject\",\"inLanguage\":\"fr-FR\",\"@id\":\"https:\\\/\\\/districos.standingout.be\\\/fr\\\/product\\\/tablier-hydrofuge-et-oleofuge-blanc-80x70cm-ref-8610-016\\\/#primaryimage\",\"url\":\"https:\\\/\\\/districos.standingout.be\\\/wp-content\\\/uploads\\\/2026\\\/04\\\/8610.016@Water-en-Olie-Afstotende-Schort-Wit-80x70cm_2-1.png\",\"contentUrl\":\"https:\\\/\\\/districos.standingout.be\\\/wp-content\\\/uploads\\\/2026\\\/04\\\/8610.016@Water-en-Olie-Afstotende-Schort-Wit-80x70cm_2-1.png\",\"width\":600,\"height\":600},{\"@type\":\"BreadcrumbList\",\"@id\":\"https:\\\/\\\/districos.standingout.be\\\/fr\\\/product\\\/tablier-hydrofuge-et-oleofuge-blanc-80x70cm-ref-8610-016\\\/#breadcrumb\",\"itemListElement\":[{\"@type\":\"ListItem\",\"position\":1,\"name\":\"Home\",\"item\":\"https:\\\/\\\/districos.standingout.be\\\/fr\\\/bienvenue-chez-districos\\\/\"},{\"@type\":\"ListItem\",\"position\":2,\"name\":\"Boutique\",\"item\":\"https:\\\/\\\/districos.standingout.be\\\/fr\\\/boutique\\\/\"},{\"@type\":\"ListItem\",\"position\":3,\"name\":\"Tablier Hydrofuge et Ol\u00e9ofuge Blanc 80x70cm\"}]},{\"@type\":\"WebSite\",\"@id\":\"https:\\\/\\\/districos.standingout.be\\\/fr\\\/#website\",\"url\":\"https:\\\/\\\/districos.standingout.be\\\/fr\\\/\",\"name\":\"Districos Webshop\",\"description\":\"\",\"publisher\":{\"@id\":\"https:\\\/\\\/districos.standingout.be\\\/fr\\\/#organization\"},\"potentialAction\":[{\"@type\":\"SearchAction\",\"target\":{\"@type\":\"EntryPoint\",\"urlTemplate\":\"https:\\\/\\\/districos.standingout.be\\\/fr\\\/?s={search_term_string}\"},\"query-input\":{\"@type\":\"PropertyValueSpecification\",\"valueRequired\":true,\"valueName\":\"search_term_string\"}}],\"inLanguage\":\"fr-FR\"},{\"@type\":\"Organization\",\"@id\":\"https:\\\/\\\/districos.standingout.be\\\/fr\\\/#organization\",\"name\":\"Districos Webshop\",\"url\":\"https:\\\/\\\/districos.standingout.be\\\/fr\\\/\",\"logo\":{\"@type\":\"ImageObject\",\"inLanguage\":\"fr-FR\",\"@id\":\"https:\\\/\\\/districos.standingout.be\\\/fr\\\/#\\\/schema\\\/logo\\\/image\\\/\",\"url\":\"https:\\\/\\\/districos.standingout.be\\\/wp-content\\\/uploads\\\/2022\\\/09\\\/Districos_Logo_Webshop.svg\",\"contentUrl\":\"https:\\\/\\\/districos.standingout.be\\\/wp-content\\\/uploads\\\/2022\\\/09\\\/Districos_Logo_Webshop.svg\",\"caption\":\"Districos Webshop\"},\"image\":{\"@id\":\"https:\\\/\\\/districos.standingout.be\\\/fr\\\/#\\\/schema\\\/logo\\\/image\\\/\"}}]}<\/script>\n<!-- \/ Yoast SEO plugin. -->","yoast_head_json":{"title":"Tablier Hydrofuge et Ol\u00e9ofuge Blanc 80x70cm - Districos Webshop","robots":{"index":"noindex","follow":"follow","max-snippet":"max-snippet:-1","max-image-preview":"max-image-preview:large","max-video-preview":"max-video-preview:-1"},"og_locale":"fr_FR","og_type":"article","og_title":"Tablier Hydrofuge et Ol\u00e9ofuge Blanc 80x70cm - Districos Webshop","og_description":"Ce tablier hydrofuge et ol\u00e9ofuge est un outil essentiel pour chaque p\u00e9dicure, coiffeur, styliste d&rsquo;ongles, etc., souhaitant prot\u00e9ger sa tenue de travail contre la salet\u00e9, l&rsquo;humidit\u00e9 et l&rsquo;huile. Ce tablier \u00e0 nouer est facilement ajustable gr\u00e2ce \u00e0 la sangle de cou et est donc universel en termes de taille. Lavable \u00e0 30\u00b0C avec des couleurs [&hellip;]","og_url":"https:\/\/districos.standingout.be\/fr\/product\/tablier-hydrofuge-et-oleofuge-blanc-80x70cm-ref-8610-016\/","og_site_name":"Districos Webshop","article_modified_time":"2026-04-28T10:01:40+00:00","twitter_card":"summary_large_image","twitter_misc":{"Dur\u00e9e de lecture estim\u00e9e":"1 minute"},"schema":{"@context":"https:\/\/schema.org","@graph":[{"@type":"WebPage","@id":"https:\/\/districos.standingout.be\/fr\/product\/tablier-hydrofuge-et-oleofuge-blanc-80x70cm-ref-8610-016\/","url":"https:\/\/districos.standingout.be\/fr\/product\/tablier-hydrofuge-et-oleofuge-blanc-80x70cm-ref-8610-016\/","name":"Tablier Hydrofuge et Ol\u00e9ofuge Blanc 80x70cm - Districos Webshop","isPartOf":{"@id":"https:\/\/districos.standingout.be\/fr\/#website"},"primaryImageOfPage":{"@id":"https:\/\/districos.standingout.be\/fr\/product\/tablier-hydrofuge-et-oleofuge-blanc-80x70cm-ref-8610-016\/#primaryimage"},"image":{"@id":"https:\/\/districos.standingout.be\/fr\/product\/tablier-hydrofuge-et-oleofuge-blanc-80x70cm-ref-8610-016\/#primaryimage"},"thumbnailUrl":"https:\/\/districos.standingout.be\/wp-content\/uploads\/2026\/04\/8610.016@Water-en-Olie-Afstotende-Schort-Wit-80x70cm_2-1.png","datePublished":"2026-04-28T10:01:33+00:00","dateModified":"2026-04-28T10:01:40+00:00","breadcrumb":{"@id":"https:\/\/districos.standingout.be\/fr\/product\/tablier-hydrofuge-et-oleofuge-blanc-80x70cm-ref-8610-016\/#breadcrumb"},"inLanguage":"fr-FR","potentialAction":[{"@type":"ReadAction","target":["https:\/\/districos.standingout.be\/fr\/product\/tablier-hydrofuge-et-oleofuge-blanc-80x70cm-ref-8610-016\/"]}]},{"@type":"ImageObject","inLanguage":"fr-FR","@id":"https:\/\/districos.standingout.be\/fr\/product\/tablier-hydrofuge-et-oleofuge-blanc-80x70cm-ref-8610-016\/#primaryimage","url":"https:\/\/districos.standingout.be\/wp-content\/uploads\/2026\/04\/8610.016@Water-en-Olie-Afstotende-Schort-Wit-80x70cm_2-1.png","contentUrl":"https:\/\/districos.standingout.be\/wp-content\/uploads\/2026\/04\/8610.016@Water-en-Olie-Afstotende-Schort-Wit-80x70cm_2-1.png","width":600,"height":600},{"@type":"BreadcrumbList","@id":"https:\/\/districos.standingout.be\/fr\/product\/tablier-hydrofuge-et-oleofuge-blanc-80x70cm-ref-8610-016\/#breadcrumb","itemListElement":[{"@type":"ListItem","position":1,"name":"Home","item":"https:\/\/districos.standingout.be\/fr\/bienvenue-chez-districos\/"},{"@type":"ListItem","position":2,"name":"Boutique","item":"https:\/\/districos.standingout.be\/fr\/boutique\/"},{"@type":"ListItem","position":3,"name":"Tablier Hydrofuge et Ol\u00e9ofuge Blanc 80x70cm"}]},{"@type":"WebSite","@id":"https:\/\/districos.standingout.be\/fr\/#website","url":"https:\/\/districos.standingout.be\/fr\/","name":"Districos Webshop","description":"","publisher":{"@id":"https:\/\/districos.standingout.be\/fr\/#organization"},"potentialAction":[{"@type":"SearchAction","target":{"@type":"EntryPoint","urlTemplate":"https:\/\/districos.standingout.be\/fr\/?s={search_term_string}"},"query-input":{"@type":"PropertyValueSpecification","valueRequired":true,"valueName":"search_term_string"}}],"inLanguage":"fr-FR"},{"@type":"Organization","@id":"https:\/\/districos.standingout.be\/fr\/#organization","name":"Districos Webshop","url":"https:\/\/districos.standingout.be\/fr\/","logo":{"@type":"ImageObject","inLanguage":"fr-FR","@id":"https:\/\/districos.standingout.be\/fr\/#\/schema\/logo\/image\/","url":"https:\/\/districos.standingout.be\/wp-content\/uploads\/2022\/09\/Districos_Logo_Webshop.svg","contentUrl":"https:\/\/districos.standingout.be\/wp-content\/uploads\/2022\/09\/Districos_Logo_Webshop.svg","caption":"Districos Webshop"},"image":{"@id":"https:\/\/districos.standingout.be\/fr\/#\/schema\/logo\/image\/"}}]}},"_links":{"self":[{"href":"https:\/\/districos.standingout.be\/fr\/wp-json\/wp\/v2\/product\/138819","targetHints":{"allow":["GET"]}}],"collection":[{"href":"https:\/\/districos.standingout.be\/fr\/wp-json\/wp\/v2\/product"}],"about":[{"href":"https:\/\/districos.standingout.be\/fr\/wp-json\/wp\/v2\/types\/product"}],"replies":[{"embeddable":true,"href":"https:\/\/districos.standingout.be\/fr\/wp-json\/wp\/v2\/comments?post=138819"}],"wp:featuredmedia":[{"embeddable":true,"href":"https:\/\/districos.standingout.be\/fr\/wp-json\/wp\/v2\/media\/148150"}],"wp:attachment":[{"href":"https:\/\/districos.standingout.be\/fr\/wp-json\/wp\/v2\/media?parent=138819"}],"wp:term":[{"taxonomy":"product_brand","embeddable":true,"href":"https:\/\/districos.standingout.be\/fr\/wp-json\/wp\/v2\/product_brand?post=138819"},{"taxonomy":"product_cat","embeddable":true,"href":"https:\/\/districos.standingout.be\/fr\/wp-json\/wp\/v2\/product_cat?post=138819"},{"taxonomy":"product_tag","embeddable":true,"href":"https:\/\/districos.standingout.be\/fr\/wp-json\/wp\/v2\/product_tag?post=138819"}],"curies":[{"name":"wp","href":"https:\/\/api.w.org\/{rel}","templated":true}]}}