{"id":138843,"date":"2026-04-28T12:02:56","date_gmt":"2026-04-28T10:02:56","guid":{"rendered":"https:\/\/webshopdistricoscom.webhosting.be\/product\/chemise-a-boutons-noir-l-ref-8610-084\/"},"modified":"2026-04-28T12:02:59","modified_gmt":"2026-04-28T10:02:59","slug":"chemise-a-boutons-noir-l-ref-8610-084","status":"publish","type":"product","link":"https:\/\/districos.standingout.be\/fr\/product\/chemise-a-boutons-noir-l-ref-8610-084\/","title":{"rendered":"Chemise \u00e0 Boutons Noir L"},"content":{"rendered":"<p >\n<p dir=ltr>Tunique confortable \u00e0 boutons, 2 bords \u00e9l\u00e9gants et 2 poches pratiques. Taille facilement ajustable au moyen de la ceinture \u00e0 la taille afin d\u2019accentuer la silhouette.<\/p>\n<p> Taille : large<\/p>\n<p> Couleur : noir<br \/> Mati\u00e8re : 67% polyester, 33% coton<\/p>\n<p> Disponible en 2 couleurs (blanc et noir) et en 3 tailles (S\/M\/L) <\/p>\n<p> Tunique Noire \u00e0 Boutons Large, 8610.084<\/p><\/p>\n","protected":false},"excerpt":{"rendered":"<p>Tunique confortable \u00e0 boutons, 2 bords \u00e9l\u00e9gants et 2 poches pratiques. Taille facilement ajustable au moyen de la ceinture \u00e0 la taille afin d\u2019accentuer la silhouette. Taille : large Couleur : noir Mati\u00e8re : 67% polyester, 33% coton Disponible en 2 couleurs (blanc et noir) et en 3 tailles (S\/M\/L) Tunique Noire \u00e0 Boutons Large, [&hellip;]<\/p>\n","protected":false},"featured_media":82502,"comment_status":"open","ping_status":"closed","template":"","meta":{"_acf_changed":false},"product_brand":[10380],"product_cat":[10136,9964,10142,10212],"product_tag":[],"class_list":{"0":"post-138843","1":"product","2":"type-product","3":"status-publish","4":"has-post-thumbnail","6":"product_brand-districos-fr","7":"product_cat-hygiene-articles-jetables-hygiene-protection-equipements-de-protection-individuelle-epi","8":"product_cat-beaute-materiel-pratique-textile","9":"product_cat-hygiene-articles-jetables-articles-jetables-vetements-de-travail","10":"product_cat-fournitures-pour-cabinet-textile-vetements-de-travail","12":"first","13":"instock","14":"taxable","15":"shipping-taxable","16":"product-type-simple"},"acf":[],"yoast_head":"<!-- This site is optimized with the Yoast SEO plugin v27.3 - https:\/\/yoast.com\/product\/yoast-seo-wordpress\/ -->\n<title>Chemise \u00e0 Boutons Noir L - Districos Webshop<\/title>\n<meta name=\"robots\" content=\"noindex, follow, max-snippet:-1, max-image-preview:large, max-video-preview:-1\" \/>\n<meta property=\"og:locale\" content=\"fr_FR\" \/>\n<meta property=\"og:type\" content=\"article\" \/>\n<meta property=\"og:title\" content=\"Chemise \u00e0 Boutons Noir L - Districos Webshop\" \/>\n<meta property=\"og:description\" content=\"Tunique confortable \u00e0 boutons, 2 bords \u00e9l\u00e9gants et 2 poches pratiques. Taille facilement ajustable au moyen de la ceinture \u00e0 la taille afin d\u2019accentuer la silhouette. Taille : large Couleur : noir Mati\u00e8re : 67% polyester, 33% coton Disponible en 2 couleurs (blanc et noir) et en 3 tailles (S\/M\/L) Tunique Noire \u00e0 Boutons Large, [&hellip;]\" \/>\n<meta property=\"og:url\" content=\"https:\/\/districos.standingout.be\/fr\/product\/chemise-a-boutons-noir-l-ref-8610-084\/\" \/>\n<meta property=\"og:site_name\" content=\"Districos Webshop\" \/>\n<meta property=\"article:modified_time\" content=\"2026-04-28T10:02:59+00:00\" \/>\n<meta name=\"twitter:card\" content=\"summary_large_image\" \/>\n<script type=\"application\/ld+json\" class=\"yoast-schema-graph\">{\"@context\":\"https:\\\/\\\/schema.org\",\"@graph\":[{\"@type\":\"WebPage\",\"@id\":\"https:\\\/\\\/districos.standingout.be\\\/fr\\\/product\\\/chemise-a-boutons-noir-l-ref-8610-084\\\/\",\"url\":\"https:\\\/\\\/districos.standingout.be\\\/fr\\\/product\\\/chemise-a-boutons-noir-l-ref-8610-084\\\/\",\"name\":\"Chemise \u00e0 Boutons Noir L - Districos Webshop\",\"isPartOf\":{\"@id\":\"https:\\\/\\\/districos.standingout.be\\\/fr\\\/#website\"},\"primaryImageOfPage\":{\"@id\":\"https:\\\/\\\/districos.standingout.be\\\/fr\\\/product\\\/chemise-a-boutons-noir-l-ref-8610-084\\\/#primaryimage\"},\"image\":{\"@id\":\"https:\\\/\\\/districos.standingout.be\\\/fr\\\/product\\\/chemise-a-boutons-noir-l-ref-8610-084\\\/#primaryimage\"},\"thumbnailUrl\":\"https:\\\/\\\/districos.standingout.be\\\/wp-content\\\/uploads\\\/2025\\\/07\\\/8610.084@LowRes_1.png\",\"datePublished\":\"2026-04-28T10:02:56+00:00\",\"dateModified\":\"2026-04-28T10:02:59+00:00\",\"breadcrumb\":{\"@id\":\"https:\\\/\\\/districos.standingout.be\\\/fr\\\/product\\\/chemise-a-boutons-noir-l-ref-8610-084\\\/#breadcrumb\"},\"inLanguage\":\"fr-FR\",\"potentialAction\":[{\"@type\":\"ReadAction\",\"target\":[\"https:\\\/\\\/districos.standingout.be\\\/fr\\\/product\\\/chemise-a-boutons-noir-l-ref-8610-084\\\/\"]}]},{\"@type\":\"ImageObject\",\"inLanguage\":\"fr-FR\",\"@id\":\"https:\\\/\\\/districos.standingout.be\\\/fr\\\/product\\\/chemise-a-boutons-noir-l-ref-8610-084\\\/#primaryimage\",\"url\":\"https:\\\/\\\/districos.standingout.be\\\/wp-content\\\/uploads\\\/2025\\\/07\\\/8610.084@LowRes_1.png\",\"contentUrl\":\"https:\\\/\\\/districos.standingout.be\\\/wp-content\\\/uploads\\\/2025\\\/07\\\/8610.084@LowRes_1.png\",\"width\":600,\"height\":600},{\"@type\":\"BreadcrumbList\",\"@id\":\"https:\\\/\\\/districos.standingout.be\\\/fr\\\/product\\\/chemise-a-boutons-noir-l-ref-8610-084\\\/#breadcrumb\",\"itemListElement\":[{\"@type\":\"ListItem\",\"position\":1,\"name\":\"Home\",\"item\":\"https:\\\/\\\/districos.standingout.be\\\/fr\\\/bienvenue-chez-districos\\\/\"},{\"@type\":\"ListItem\",\"position\":2,\"name\":\"Boutique\",\"item\":\"https:\\\/\\\/districos.standingout.be\\\/fr\\\/boutique\\\/\"},{\"@type\":\"ListItem\",\"position\":3,\"name\":\"Chemise \u00e0 Boutons Noir L\"}]},{\"@type\":\"WebSite\",\"@id\":\"https:\\\/\\\/districos.standingout.be\\\/fr\\\/#website\",\"url\":\"https:\\\/\\\/districos.standingout.be\\\/fr\\\/\",\"name\":\"Districos Webshop\",\"description\":\"\",\"publisher\":{\"@id\":\"https:\\\/\\\/districos.standingout.be\\\/fr\\\/#organization\"},\"potentialAction\":[{\"@type\":\"SearchAction\",\"target\":{\"@type\":\"EntryPoint\",\"urlTemplate\":\"https:\\\/\\\/districos.standingout.be\\\/fr\\\/?s={search_term_string}\"},\"query-input\":{\"@type\":\"PropertyValueSpecification\",\"valueRequired\":true,\"valueName\":\"search_term_string\"}}],\"inLanguage\":\"fr-FR\"},{\"@type\":\"Organization\",\"@id\":\"https:\\\/\\\/districos.standingout.be\\\/fr\\\/#organization\",\"name\":\"Districos Webshop\",\"url\":\"https:\\\/\\\/districos.standingout.be\\\/fr\\\/\",\"logo\":{\"@type\":\"ImageObject\",\"inLanguage\":\"fr-FR\",\"@id\":\"https:\\\/\\\/districos.standingout.be\\\/fr\\\/#\\\/schema\\\/logo\\\/image\\\/\",\"url\":\"https:\\\/\\\/districos.standingout.be\\\/wp-content\\\/uploads\\\/2022\\\/09\\\/Districos_Logo_Webshop.svg\",\"contentUrl\":\"https:\\\/\\\/districos.standingout.be\\\/wp-content\\\/uploads\\\/2022\\\/09\\\/Districos_Logo_Webshop.svg\",\"caption\":\"Districos Webshop\"},\"image\":{\"@id\":\"https:\\\/\\\/districos.standingout.be\\\/fr\\\/#\\\/schema\\\/logo\\\/image\\\/\"}}]}<\/script>\n<!-- \/ Yoast SEO plugin. -->","yoast_head_json":{"title":"Chemise \u00e0 Boutons Noir L - Districos Webshop","robots":{"index":"noindex","follow":"follow","max-snippet":"max-snippet:-1","max-image-preview":"max-image-preview:large","max-video-preview":"max-video-preview:-1"},"og_locale":"fr_FR","og_type":"article","og_title":"Chemise \u00e0 Boutons Noir L - Districos Webshop","og_description":"Tunique confortable \u00e0 boutons, 2 bords \u00e9l\u00e9gants et 2 poches pratiques. Taille facilement ajustable au moyen de la ceinture \u00e0 la taille afin d\u2019accentuer la silhouette. Taille : large Couleur : noir Mati\u00e8re : 67% polyester, 33% coton Disponible en 2 couleurs (blanc et noir) et en 3 tailles (S\/M\/L) Tunique Noire \u00e0 Boutons Large, [&hellip;]","og_url":"https:\/\/districos.standingout.be\/fr\/product\/chemise-a-boutons-noir-l-ref-8610-084\/","og_site_name":"Districos Webshop","article_modified_time":"2026-04-28T10:02:59+00:00","twitter_card":"summary_large_image","schema":{"@context":"https:\/\/schema.org","@graph":[{"@type":"WebPage","@id":"https:\/\/districos.standingout.be\/fr\/product\/chemise-a-boutons-noir-l-ref-8610-084\/","url":"https:\/\/districos.standingout.be\/fr\/product\/chemise-a-boutons-noir-l-ref-8610-084\/","name":"Chemise \u00e0 Boutons Noir L - Districos Webshop","isPartOf":{"@id":"https:\/\/districos.standingout.be\/fr\/#website"},"primaryImageOfPage":{"@id":"https:\/\/districos.standingout.be\/fr\/product\/chemise-a-boutons-noir-l-ref-8610-084\/#primaryimage"},"image":{"@id":"https:\/\/districos.standingout.be\/fr\/product\/chemise-a-boutons-noir-l-ref-8610-084\/#primaryimage"},"thumbnailUrl":"https:\/\/districos.standingout.be\/wp-content\/uploads\/2025\/07\/8610.084@LowRes_1.png","datePublished":"2026-04-28T10:02:56+00:00","dateModified":"2026-04-28T10:02:59+00:00","breadcrumb":{"@id":"https:\/\/districos.standingout.be\/fr\/product\/chemise-a-boutons-noir-l-ref-8610-084\/#breadcrumb"},"inLanguage":"fr-FR","potentialAction":[{"@type":"ReadAction","target":["https:\/\/districos.standingout.be\/fr\/product\/chemise-a-boutons-noir-l-ref-8610-084\/"]}]},{"@type":"ImageObject","inLanguage":"fr-FR","@id":"https:\/\/districos.standingout.be\/fr\/product\/chemise-a-boutons-noir-l-ref-8610-084\/#primaryimage","url":"https:\/\/districos.standingout.be\/wp-content\/uploads\/2025\/07\/8610.084@LowRes_1.png","contentUrl":"https:\/\/districos.standingout.be\/wp-content\/uploads\/2025\/07\/8610.084@LowRes_1.png","width":600,"height":600},{"@type":"BreadcrumbList","@id":"https:\/\/districos.standingout.be\/fr\/product\/chemise-a-boutons-noir-l-ref-8610-084\/#breadcrumb","itemListElement":[{"@type":"ListItem","position":1,"name":"Home","item":"https:\/\/districos.standingout.be\/fr\/bienvenue-chez-districos\/"},{"@type":"ListItem","position":2,"name":"Boutique","item":"https:\/\/districos.standingout.be\/fr\/boutique\/"},{"@type":"ListItem","position":3,"name":"Chemise \u00e0 Boutons Noir L"}]},{"@type":"WebSite","@id":"https:\/\/districos.standingout.be\/fr\/#website","url":"https:\/\/districos.standingout.be\/fr\/","name":"Districos Webshop","description":"","publisher":{"@id":"https:\/\/districos.standingout.be\/fr\/#organization"},"potentialAction":[{"@type":"SearchAction","target":{"@type":"EntryPoint","urlTemplate":"https:\/\/districos.standingout.be\/fr\/?s={search_term_string}"},"query-input":{"@type":"PropertyValueSpecification","valueRequired":true,"valueName":"search_term_string"}}],"inLanguage":"fr-FR"},{"@type":"Organization","@id":"https:\/\/districos.standingout.be\/fr\/#organization","name":"Districos Webshop","url":"https:\/\/districos.standingout.be\/fr\/","logo":{"@type":"ImageObject","inLanguage":"fr-FR","@id":"https:\/\/districos.standingout.be\/fr\/#\/schema\/logo\/image\/","url":"https:\/\/districos.standingout.be\/wp-content\/uploads\/2022\/09\/Districos_Logo_Webshop.svg","contentUrl":"https:\/\/districos.standingout.be\/wp-content\/uploads\/2022\/09\/Districos_Logo_Webshop.svg","caption":"Districos Webshop"},"image":{"@id":"https:\/\/districos.standingout.be\/fr\/#\/schema\/logo\/image\/"}}]}},"_links":{"self":[{"href":"https:\/\/districos.standingout.be\/fr\/wp-json\/wp\/v2\/product\/138843","targetHints":{"allow":["GET"]}}],"collection":[{"href":"https:\/\/districos.standingout.be\/fr\/wp-json\/wp\/v2\/product"}],"about":[{"href":"https:\/\/districos.standingout.be\/fr\/wp-json\/wp\/v2\/types\/product"}],"replies":[{"embeddable":true,"href":"https:\/\/districos.standingout.be\/fr\/wp-json\/wp\/v2\/comments?post=138843"}],"wp:featuredmedia":[{"embeddable":true,"href":"https:\/\/districos.standingout.be\/fr\/wp-json\/wp\/v2\/media\/82502"}],"wp:attachment":[{"href":"https:\/\/districos.standingout.be\/fr\/wp-json\/wp\/v2\/media?parent=138843"}],"wp:term":[{"taxonomy":"product_brand","embeddable":true,"href":"https:\/\/districos.standingout.be\/fr\/wp-json\/wp\/v2\/product_brand?post=138843"},{"taxonomy":"product_cat","embeddable":true,"href":"https:\/\/districos.standingout.be\/fr\/wp-json\/wp\/v2\/product_cat?post=138843"},{"taxonomy":"product_tag","embeddable":true,"href":"https:\/\/districos.standingout.be\/fr\/wp-json\/wp\/v2\/product_tag?post=138843"}],"curies":[{"name":"wp","href":"https:\/\/api.w.org\/{rel}","templated":true}]}}