{"id":138853,"date":"2026-04-28T12:03:16","date_gmt":"2026-04-28T10:03:16","guid":{"rendered":"https:\/\/webshopdistricoscom.webhosting.be\/product\/bandeau-synthetique-elastique-noir-69-x-8-cm-3-pcs-ref-8610-523\/"},"modified":"2026-04-28T12:03:20","modified_gmt":"2026-04-28T10:03:20","slug":"bandeau-synthetique-elastique-noir-69-x-8-cm-3-pcs-ref-8610-523","status":"publish","type":"product","link":"https:\/\/districos.standingout.be\/fr\/product\/bandeau-synthetique-elastique-noir-69-x-8-cm-3-pcs-ref-8610-523\/","title":{"rendered":"Bandeau Synth\u00e9tique \u00c9lastique Noir 69 x 8 cm 3 pcs."},"content":{"rendered":"<p >\n<\/p>\n<p><span lang=\"FR\">Bandeau noir qui tient au propre les cheveux de votre client(e) pendant vos soins du visage. La taille est ajust\u00e9e sans aucune peine gr\u00e2ce \u00e0 la fermeture velcro. Fabriqu\u00e9 en mat\u00e9riel \u00e9lastique et synth\u00e9tique. Lavable et r\u00e9utilisable !<o:p><\/o:p><\/span><\/p>\n<\/p>\n<ul>\n<li><span lang=\"FR\"> Dimensions : 69 x 8 cm.<\/span><\/li>\n<li><span lang=\"FR\">Couleur : noir.<\/span><\/li>\n<li><span lang=\"FR\">Mati\u00e8re : synth\u00e9tique, \u00e9lastique.<\/span><\/li>\n<li><span lang=\"FR\"> Emballage : 3 pi\u00e8ces.<\/span><\/li>\n<\/ul>\n<p><span lang=\"FR\"><br \/> Aussi disponible en blanc (par 1 pi\u00e8ce) :&nbsp;Bandeau Synth\u00e9tique \u00c9lastique Blanc 65 x 10,5 cm 1 pc. (r\u00e9f. 8610.51)<\/span><\/p>\n","protected":false},"excerpt":{"rendered":"<p>Bandeau noir qui tient au propre les cheveux de votre client(e) pendant vos soins du visage. La taille est ajust\u00e9e sans aucune peine gr\u00e2ce \u00e0 la fermeture velcro. Fabriqu\u00e9 en mat\u00e9riel \u00e9lastique et synth\u00e9tique. Lavable et r\u00e9utilisable ! Dimensions : 69 x 8 cm. Couleur : noir. Mati\u00e8re : synth\u00e9tique, \u00e9lastique. Emballage : 3 pi\u00e8ces. [&hellip;]<\/p>\n","protected":false},"featured_media":111998,"comment_status":"open","ping_status":"closed","template":"","meta":{"_acf_changed":false},"product_brand":[10380],"product_cat":[10136,9964],"product_tag":[],"class_list":{"0":"post-138853","1":"product","2":"type-product","3":"status-publish","4":"has-post-thumbnail","6":"product_brand-districos-fr","7":"product_cat-hygiene-articles-jetables-hygiene-protection-equipements-de-protection-individuelle-epi","8":"product_cat-beaute-materiel-pratique-textile","10":"first","11":"instock","12":"taxable","13":"shipping-taxable","14":"product-type-simple"},"acf":[],"yoast_head":"<!-- This site is optimized with the Yoast SEO plugin v27.3 - https:\/\/yoast.com\/product\/yoast-seo-wordpress\/ -->\n<title>Bandeau Synth\u00e9tique \u00c9lastique Noir 69 x 8 cm 3 pcs. - Districos Webshop<\/title>\n<meta name=\"robots\" content=\"noindex, follow, max-snippet:-1, max-image-preview:large, max-video-preview:-1\" \/>\n<meta property=\"og:locale\" content=\"fr_FR\" \/>\n<meta property=\"og:type\" content=\"article\" \/>\n<meta property=\"og:title\" content=\"Bandeau Synth\u00e9tique \u00c9lastique Noir 69 x 8 cm 3 pcs. - Districos Webshop\" \/>\n<meta property=\"og:description\" content=\"Bandeau noir qui tient au propre les cheveux de votre client(e) pendant vos soins du visage. La taille est ajust\u00e9e sans aucune peine gr\u00e2ce \u00e0 la fermeture velcro. Fabriqu\u00e9 en mat\u00e9riel \u00e9lastique et synth\u00e9tique. Lavable et r\u00e9utilisable ! Dimensions : 69 x 8 cm. Couleur : noir. Mati\u00e8re : synth\u00e9tique, \u00e9lastique. Emballage : 3 pi\u00e8ces. [&hellip;]\" \/>\n<meta property=\"og:url\" content=\"https:\/\/districos.standingout.be\/fr\/product\/bandeau-synthetique-elastique-noir-69-x-8-cm-3-pcs-ref-8610-523\/\" \/>\n<meta property=\"og:site_name\" content=\"Districos Webshop\" \/>\n<meta property=\"article:modified_time\" content=\"2026-04-28T10:03:20+00:00\" \/>\n<meta name=\"twitter:card\" content=\"summary_large_image\" \/>\n<script type=\"application\/ld+json\" class=\"yoast-schema-graph\">{\"@context\":\"https:\\\/\\\/schema.org\",\"@graph\":[{\"@type\":\"WebPage\",\"@id\":\"https:\\\/\\\/districos.standingout.be\\\/fr\\\/product\\\/bandeau-synthetique-elastique-noir-69-x-8-cm-3-pcs-ref-8610-523\\\/\",\"url\":\"https:\\\/\\\/districos.standingout.be\\\/fr\\\/product\\\/bandeau-synthetique-elastique-noir-69-x-8-cm-3-pcs-ref-8610-523\\\/\",\"name\":\"Bandeau Synth\u00e9tique \u00c9lastique Noir 69 x 8 cm 3 pcs. - Districos Webshop\",\"isPartOf\":{\"@id\":\"https:\\\/\\\/districos.standingout.be\\\/fr\\\/#website\"},\"primaryImageOfPage\":{\"@id\":\"https:\\\/\\\/districos.standingout.be\\\/fr\\\/product\\\/bandeau-synthetique-elastique-noir-69-x-8-cm-3-pcs-ref-8610-523\\\/#primaryimage\"},\"image\":{\"@id\":\"https:\\\/\\\/districos.standingout.be\\\/fr\\\/product\\\/bandeau-synthetique-elastique-noir-69-x-8-cm-3-pcs-ref-8610-523\\\/#primaryimage\"},\"thumbnailUrl\":\"https:\\\/\\\/districos.standingout.be\\\/wp-content\\\/uploads\\\/2026\\\/03\\\/8610.523@LowRes_0_99.png\",\"datePublished\":\"2026-04-28T10:03:16+00:00\",\"dateModified\":\"2026-04-28T10:03:20+00:00\",\"breadcrumb\":{\"@id\":\"https:\\\/\\\/districos.standingout.be\\\/fr\\\/product\\\/bandeau-synthetique-elastique-noir-69-x-8-cm-3-pcs-ref-8610-523\\\/#breadcrumb\"},\"inLanguage\":\"fr-FR\",\"potentialAction\":[{\"@type\":\"ReadAction\",\"target\":[\"https:\\\/\\\/districos.standingout.be\\\/fr\\\/product\\\/bandeau-synthetique-elastique-noir-69-x-8-cm-3-pcs-ref-8610-523\\\/\"]}]},{\"@type\":\"ImageObject\",\"inLanguage\":\"fr-FR\",\"@id\":\"https:\\\/\\\/districos.standingout.be\\\/fr\\\/product\\\/bandeau-synthetique-elastique-noir-69-x-8-cm-3-pcs-ref-8610-523\\\/#primaryimage\",\"url\":\"https:\\\/\\\/districos.standingout.be\\\/wp-content\\\/uploads\\\/2026\\\/03\\\/8610.523@LowRes_0_99.png\",\"contentUrl\":\"https:\\\/\\\/districos.standingout.be\\\/wp-content\\\/uploads\\\/2026\\\/03\\\/8610.523@LowRes_0_99.png\",\"width\":600,\"height\":600},{\"@type\":\"BreadcrumbList\",\"@id\":\"https:\\\/\\\/districos.standingout.be\\\/fr\\\/product\\\/bandeau-synthetique-elastique-noir-69-x-8-cm-3-pcs-ref-8610-523\\\/#breadcrumb\",\"itemListElement\":[{\"@type\":\"ListItem\",\"position\":1,\"name\":\"Home\",\"item\":\"https:\\\/\\\/districos.standingout.be\\\/fr\\\/bienvenue-chez-districos\\\/\"},{\"@type\":\"ListItem\",\"position\":2,\"name\":\"Boutique\",\"item\":\"https:\\\/\\\/districos.standingout.be\\\/fr\\\/boutique\\\/\"},{\"@type\":\"ListItem\",\"position\":3,\"name\":\"Bandeau Synth\u00e9tique \u00c9lastique Noir 69 x 8 cm 3 pcs.\"}]},{\"@type\":\"WebSite\",\"@id\":\"https:\\\/\\\/districos.standingout.be\\\/fr\\\/#website\",\"url\":\"https:\\\/\\\/districos.standingout.be\\\/fr\\\/\",\"name\":\"Districos Webshop\",\"description\":\"\",\"publisher\":{\"@id\":\"https:\\\/\\\/districos.standingout.be\\\/fr\\\/#organization\"},\"potentialAction\":[{\"@type\":\"SearchAction\",\"target\":{\"@type\":\"EntryPoint\",\"urlTemplate\":\"https:\\\/\\\/districos.standingout.be\\\/fr\\\/?s={search_term_string}\"},\"query-input\":{\"@type\":\"PropertyValueSpecification\",\"valueRequired\":true,\"valueName\":\"search_term_string\"}}],\"inLanguage\":\"fr-FR\"},{\"@type\":\"Organization\",\"@id\":\"https:\\\/\\\/districos.standingout.be\\\/fr\\\/#organization\",\"name\":\"Districos Webshop\",\"url\":\"https:\\\/\\\/districos.standingout.be\\\/fr\\\/\",\"logo\":{\"@type\":\"ImageObject\",\"inLanguage\":\"fr-FR\",\"@id\":\"https:\\\/\\\/districos.standingout.be\\\/fr\\\/#\\\/schema\\\/logo\\\/image\\\/\",\"url\":\"https:\\\/\\\/districos.standingout.be\\\/wp-content\\\/uploads\\\/2022\\\/09\\\/Districos_Logo_Webshop.svg\",\"contentUrl\":\"https:\\\/\\\/districos.standingout.be\\\/wp-content\\\/uploads\\\/2022\\\/09\\\/Districos_Logo_Webshop.svg\",\"caption\":\"Districos Webshop\"},\"image\":{\"@id\":\"https:\\\/\\\/districos.standingout.be\\\/fr\\\/#\\\/schema\\\/logo\\\/image\\\/\"}}]}<\/script>\n<!-- \/ Yoast SEO plugin. -->","yoast_head_json":{"title":"Bandeau Synth\u00e9tique \u00c9lastique Noir 69 x 8 cm 3 pcs. - Districos Webshop","robots":{"index":"noindex","follow":"follow","max-snippet":"max-snippet:-1","max-image-preview":"max-image-preview:large","max-video-preview":"max-video-preview:-1"},"og_locale":"fr_FR","og_type":"article","og_title":"Bandeau Synth\u00e9tique \u00c9lastique Noir 69 x 8 cm 3 pcs. - Districos Webshop","og_description":"Bandeau noir qui tient au propre les cheveux de votre client(e) pendant vos soins du visage. La taille est ajust\u00e9e sans aucune peine gr\u00e2ce \u00e0 la fermeture velcro. Fabriqu\u00e9 en mat\u00e9riel \u00e9lastique et synth\u00e9tique. Lavable et r\u00e9utilisable ! Dimensions : 69 x 8 cm. Couleur : noir. Mati\u00e8re : synth\u00e9tique, \u00e9lastique. Emballage : 3 pi\u00e8ces. [&hellip;]","og_url":"https:\/\/districos.standingout.be\/fr\/product\/bandeau-synthetique-elastique-noir-69-x-8-cm-3-pcs-ref-8610-523\/","og_site_name":"Districos Webshop","article_modified_time":"2026-04-28T10:03:20+00:00","twitter_card":"summary_large_image","schema":{"@context":"https:\/\/schema.org","@graph":[{"@type":"WebPage","@id":"https:\/\/districos.standingout.be\/fr\/product\/bandeau-synthetique-elastique-noir-69-x-8-cm-3-pcs-ref-8610-523\/","url":"https:\/\/districos.standingout.be\/fr\/product\/bandeau-synthetique-elastique-noir-69-x-8-cm-3-pcs-ref-8610-523\/","name":"Bandeau Synth\u00e9tique \u00c9lastique Noir 69 x 8 cm 3 pcs. - Districos Webshop","isPartOf":{"@id":"https:\/\/districos.standingout.be\/fr\/#website"},"primaryImageOfPage":{"@id":"https:\/\/districos.standingout.be\/fr\/product\/bandeau-synthetique-elastique-noir-69-x-8-cm-3-pcs-ref-8610-523\/#primaryimage"},"image":{"@id":"https:\/\/districos.standingout.be\/fr\/product\/bandeau-synthetique-elastique-noir-69-x-8-cm-3-pcs-ref-8610-523\/#primaryimage"},"thumbnailUrl":"https:\/\/districos.standingout.be\/wp-content\/uploads\/2026\/03\/8610.523@LowRes_0_99.png","datePublished":"2026-04-28T10:03:16+00:00","dateModified":"2026-04-28T10:03:20+00:00","breadcrumb":{"@id":"https:\/\/districos.standingout.be\/fr\/product\/bandeau-synthetique-elastique-noir-69-x-8-cm-3-pcs-ref-8610-523\/#breadcrumb"},"inLanguage":"fr-FR","potentialAction":[{"@type":"ReadAction","target":["https:\/\/districos.standingout.be\/fr\/product\/bandeau-synthetique-elastique-noir-69-x-8-cm-3-pcs-ref-8610-523\/"]}]},{"@type":"ImageObject","inLanguage":"fr-FR","@id":"https:\/\/districos.standingout.be\/fr\/product\/bandeau-synthetique-elastique-noir-69-x-8-cm-3-pcs-ref-8610-523\/#primaryimage","url":"https:\/\/districos.standingout.be\/wp-content\/uploads\/2026\/03\/8610.523@LowRes_0_99.png","contentUrl":"https:\/\/districos.standingout.be\/wp-content\/uploads\/2026\/03\/8610.523@LowRes_0_99.png","width":600,"height":600},{"@type":"BreadcrumbList","@id":"https:\/\/districos.standingout.be\/fr\/product\/bandeau-synthetique-elastique-noir-69-x-8-cm-3-pcs-ref-8610-523\/#breadcrumb","itemListElement":[{"@type":"ListItem","position":1,"name":"Home","item":"https:\/\/districos.standingout.be\/fr\/bienvenue-chez-districos\/"},{"@type":"ListItem","position":2,"name":"Boutique","item":"https:\/\/districos.standingout.be\/fr\/boutique\/"},{"@type":"ListItem","position":3,"name":"Bandeau Synth\u00e9tique \u00c9lastique Noir 69 x 8 cm 3 pcs."}]},{"@type":"WebSite","@id":"https:\/\/districos.standingout.be\/fr\/#website","url":"https:\/\/districos.standingout.be\/fr\/","name":"Districos Webshop","description":"","publisher":{"@id":"https:\/\/districos.standingout.be\/fr\/#organization"},"potentialAction":[{"@type":"SearchAction","target":{"@type":"EntryPoint","urlTemplate":"https:\/\/districos.standingout.be\/fr\/?s={search_term_string}"},"query-input":{"@type":"PropertyValueSpecification","valueRequired":true,"valueName":"search_term_string"}}],"inLanguage":"fr-FR"},{"@type":"Organization","@id":"https:\/\/districos.standingout.be\/fr\/#organization","name":"Districos Webshop","url":"https:\/\/districos.standingout.be\/fr\/","logo":{"@type":"ImageObject","inLanguage":"fr-FR","@id":"https:\/\/districos.standingout.be\/fr\/#\/schema\/logo\/image\/","url":"https:\/\/districos.standingout.be\/wp-content\/uploads\/2022\/09\/Districos_Logo_Webshop.svg","contentUrl":"https:\/\/districos.standingout.be\/wp-content\/uploads\/2022\/09\/Districos_Logo_Webshop.svg","caption":"Districos Webshop"},"image":{"@id":"https:\/\/districos.standingout.be\/fr\/#\/schema\/logo\/image\/"}}]}},"_links":{"self":[{"href":"https:\/\/districos.standingout.be\/fr\/wp-json\/wp\/v2\/product\/138853","targetHints":{"allow":["GET"]}}],"collection":[{"href":"https:\/\/districos.standingout.be\/fr\/wp-json\/wp\/v2\/product"}],"about":[{"href":"https:\/\/districos.standingout.be\/fr\/wp-json\/wp\/v2\/types\/product"}],"replies":[{"embeddable":true,"href":"https:\/\/districos.standingout.be\/fr\/wp-json\/wp\/v2\/comments?post=138853"}],"wp:featuredmedia":[{"embeddable":true,"href":"https:\/\/districos.standingout.be\/fr\/wp-json\/wp\/v2\/media\/111998"}],"wp:attachment":[{"href":"https:\/\/districos.standingout.be\/fr\/wp-json\/wp\/v2\/media?parent=138853"}],"wp:term":[{"taxonomy":"product_brand","embeddable":true,"href":"https:\/\/districos.standingout.be\/fr\/wp-json\/wp\/v2\/product_brand?post=138853"},{"taxonomy":"product_cat","embeddable":true,"href":"https:\/\/districos.standingout.be\/fr\/wp-json\/wp\/v2\/product_cat?post=138853"},{"taxonomy":"product_tag","embeddable":true,"href":"https:\/\/districos.standingout.be\/fr\/wp-json\/wp\/v2\/product_tag?post=138853"}],"curies":[{"name":"wp","href":"https:\/\/api.w.org\/{rel}","templated":true}]}}