{"id":138867,"date":"2026-04-28T12:04:13","date_gmt":"2026-04-28T10:04:13","guid":{"rendered":"https:\/\/webshopdistricoscom.webhosting.be\/product\/pads-en-bambou-demaquillants-blancs-145-cm-10-pcs-ref-8611-07\/"},"modified":"2026-04-28T12:04:17","modified_gmt":"2026-04-28T10:04:17","slug":"pads-en-bambou-demaquillants-blancs-145-cm-10-pcs-ref-8611-07","status":"publish","type":"product","link":"https:\/\/districos.standingout.be\/fr\/product\/pads-en-bambou-demaquillants-blancs-145-cm-10-pcs-ref-8611-07\/","title":{"rendered":"Pads en Bambou D\u00e9maquillants Blancs 14,5 cm 10 pcs."},"content":{"rendered":"<p >\n<\/p>\n<\/p>\n<\/p>\n<p>Des pads d\u00e9maquillants super doux r\u00e9utilisables en bambou sont la solution \u00e9cologique id\u00e9ale pour nettoyer en douceur la peau, les l\u00e8vres et les yeux, ou pour appliquer, par exemple, du tonique. Lavez les pads apr\u00e8s usage \u00e0 40\u00b0 avec des couleurs similaires, sans agents de blanchiment ni assouplissants, afin de pr\u00e9server leur douceur.<\/p>\n<ul>\n<li>Diam\u00e8tre: 14,5 cm.<\/li>\n<li>Couleur : blanc.<\/li>\n<li>Emballage: 10 pcs.<\/li>\n<\/ul>\n<div><\/div>\n<div>\n<div><b>Diff\u00e9rents pads et compresses disponible:<\/b><\/div>\n<div>\n<ul>\n<li>Pads D\u00e9maquillants Ronds Petits en Bambou 10 pcs. 7,5 cm (<a href=\"https:\/\/webshop.districos.com\/ProductDetail\/8611.06\" target=\"_blank\" rel=\"noopener noreferrer nofollow\">r\u00e9f. 8611.06<\/a>)<\/li>\n<li>Pads D\u00e9maquillants Ronds Grands en Bambou 10 pcs. 14,5 cm (<a href=\"https:\/\/webshop.districos.com\/ProductDetail\/8611.07\" target=\"_blank\" rel=\"noopener noreferrer nofollow\">r\u00e9f. 8611.07<\/a>)<\/li>\n<li>Pads Blanc en Coton 15 x 15 cm 6 pcs. (<a href=\"https:\/\/webshop.districos.com\/ProductDetail\/8611.01\" target=\"_blank\" rel=\"noopener noreferrer nofollow\">r\u00e9f. 8611.01<\/a>)<\/li>\n<li>Compresses en Coton 60 x 25 cm 4 pcs.(<a href=\"https:\/\/webshop.districos.com\/ProductDetail\/8611.02\" target=\"_blank\" rel=\"noopener noreferrer nofollow\">r\u00e9f. 8611.02<\/a>)<\/li>\n<\/ul>\n<\/div>\n<\/div>\n","protected":false},"excerpt":{"rendered":"<p>Des pads d\u00e9maquillants super doux r\u00e9utilisables en bambou sont la solution \u00e9cologique id\u00e9ale pour nettoyer en douceur la peau, les l\u00e8vres et les yeux, ou pour appliquer, par exemple, du tonique. Lavez les pads apr\u00e8s usage \u00e0 40\u00b0 avec des couleurs similaires, sans agents de blanchiment ni assouplissants, afin de pr\u00e9server leur douceur. Diam\u00e8tre: 14,5 [&hellip;]<\/p>\n","protected":false},"featured_media":148168,"comment_status":"open","ping_status":"closed","template":"","meta":{"_acf_changed":false},"product_brand":[10380],"product_cat":[9964],"product_tag":[],"class_list":{"0":"post-138867","1":"product","2":"type-product","3":"status-publish","4":"has-post-thumbnail","6":"product_brand-districos-fr","7":"product_cat-beaute-materiel-pratique-textile","9":"first","10":"instock","11":"taxable","12":"shipping-taxable","13":"product-type-simple"},"acf":[],"yoast_head":"<!-- This site is optimized with the Yoast SEO plugin v27.3 - https:\/\/yoast.com\/product\/yoast-seo-wordpress\/ -->\n<title>Pads en Bambou D\u00e9maquillants Blancs 14,5 cm 10 pcs. - Districos Webshop<\/title>\n<meta name=\"robots\" content=\"noindex, follow, max-snippet:-1, max-image-preview:large, max-video-preview:-1\" \/>\n<meta property=\"og:locale\" content=\"fr_FR\" \/>\n<meta property=\"og:type\" content=\"article\" \/>\n<meta property=\"og:title\" content=\"Pads en Bambou D\u00e9maquillants Blancs 14,5 cm 10 pcs. - Districos Webshop\" \/>\n<meta property=\"og:description\" content=\"Des pads d\u00e9maquillants super doux r\u00e9utilisables en bambou sont la solution \u00e9cologique id\u00e9ale pour nettoyer en douceur la peau, les l\u00e8vres et les yeux, ou pour appliquer, par exemple, du tonique. Lavez les pads apr\u00e8s usage \u00e0 40\u00b0 avec des couleurs similaires, sans agents de blanchiment ni assouplissants, afin de pr\u00e9server leur douceur. Diam\u00e8tre: 14,5 [&hellip;]\" \/>\n<meta property=\"og:url\" content=\"https:\/\/districos.standingout.be\/fr\/product\/pads-en-bambou-demaquillants-blancs-145-cm-10-pcs-ref-8611-07\/\" \/>\n<meta property=\"og:site_name\" content=\"Districos Webshop\" \/>\n<meta property=\"article:modified_time\" content=\"2026-04-28T10:04:17+00:00\" \/>\n<meta name=\"twitter:card\" content=\"summary_large_image\" \/>\n<meta name=\"twitter:label1\" content=\"Dur\u00e9e de lecture estim\u00e9e\" \/>\n\t<meta name=\"twitter:data1\" content=\"1 minute\" \/>\n<script type=\"application\/ld+json\" class=\"yoast-schema-graph\">{\"@context\":\"https:\\\/\\\/schema.org\",\"@graph\":[{\"@type\":\"WebPage\",\"@id\":\"https:\\\/\\\/districos.standingout.be\\\/fr\\\/product\\\/pads-en-bambou-demaquillants-blancs-145-cm-10-pcs-ref-8611-07\\\/\",\"url\":\"https:\\\/\\\/districos.standingout.be\\\/fr\\\/product\\\/pads-en-bambou-demaquillants-blancs-145-cm-10-pcs-ref-8611-07\\\/\",\"name\":\"Pads en Bambou D\u00e9maquillants Blancs 14,5 cm 10 pcs. - Districos Webshop\",\"isPartOf\":{\"@id\":\"https:\\\/\\\/districos.standingout.be\\\/fr\\\/#website\"},\"primaryImageOfPage\":{\"@id\":\"https:\\\/\\\/districos.standingout.be\\\/fr\\\/product\\\/pads-en-bambou-demaquillants-blancs-145-cm-10-pcs-ref-8611-07\\\/#primaryimage\"},\"image\":{\"@id\":\"https:\\\/\\\/districos.standingout.be\\\/fr\\\/product\\\/pads-en-bambou-demaquillants-blancs-145-cm-10-pcs-ref-8611-07\\\/#primaryimage\"},\"thumbnailUrl\":\"https:\\\/\\\/districos.standingout.be\\\/wp-content\\\/uploads\\\/2026\\\/04\\\/8611.07@Witte-Bamboe-Reinigingspads-145-cm-10-st._1-1.png\",\"datePublished\":\"2026-04-28T10:04:13+00:00\",\"dateModified\":\"2026-04-28T10:04:17+00:00\",\"breadcrumb\":{\"@id\":\"https:\\\/\\\/districos.standingout.be\\\/fr\\\/product\\\/pads-en-bambou-demaquillants-blancs-145-cm-10-pcs-ref-8611-07\\\/#breadcrumb\"},\"inLanguage\":\"fr-FR\",\"potentialAction\":[{\"@type\":\"ReadAction\",\"target\":[\"https:\\\/\\\/districos.standingout.be\\\/fr\\\/product\\\/pads-en-bambou-demaquillants-blancs-145-cm-10-pcs-ref-8611-07\\\/\"]}]},{\"@type\":\"ImageObject\",\"inLanguage\":\"fr-FR\",\"@id\":\"https:\\\/\\\/districos.standingout.be\\\/fr\\\/product\\\/pads-en-bambou-demaquillants-blancs-145-cm-10-pcs-ref-8611-07\\\/#primaryimage\",\"url\":\"https:\\\/\\\/districos.standingout.be\\\/wp-content\\\/uploads\\\/2026\\\/04\\\/8611.07@Witte-Bamboe-Reinigingspads-145-cm-10-st._1-1.png\",\"contentUrl\":\"https:\\\/\\\/districos.standingout.be\\\/wp-content\\\/uploads\\\/2026\\\/04\\\/8611.07@Witte-Bamboe-Reinigingspads-145-cm-10-st._1-1.png\",\"width\":600,\"height\":600},{\"@type\":\"BreadcrumbList\",\"@id\":\"https:\\\/\\\/districos.standingout.be\\\/fr\\\/product\\\/pads-en-bambou-demaquillants-blancs-145-cm-10-pcs-ref-8611-07\\\/#breadcrumb\",\"itemListElement\":[{\"@type\":\"ListItem\",\"position\":1,\"name\":\"Home\",\"item\":\"https:\\\/\\\/districos.standingout.be\\\/fr\\\/bienvenue-chez-districos\\\/\"},{\"@type\":\"ListItem\",\"position\":2,\"name\":\"Boutique\",\"item\":\"https:\\\/\\\/districos.standingout.be\\\/fr\\\/boutique\\\/\"},{\"@type\":\"ListItem\",\"position\":3,\"name\":\"Pads en Bambou D\u00e9maquillants Blancs 14,5 cm 10 pcs.\"}]},{\"@type\":\"WebSite\",\"@id\":\"https:\\\/\\\/districos.standingout.be\\\/fr\\\/#website\",\"url\":\"https:\\\/\\\/districos.standingout.be\\\/fr\\\/\",\"name\":\"Districos Webshop\",\"description\":\"\",\"publisher\":{\"@id\":\"https:\\\/\\\/districos.standingout.be\\\/fr\\\/#organization\"},\"potentialAction\":[{\"@type\":\"SearchAction\",\"target\":{\"@type\":\"EntryPoint\",\"urlTemplate\":\"https:\\\/\\\/districos.standingout.be\\\/fr\\\/?s={search_term_string}\"},\"query-input\":{\"@type\":\"PropertyValueSpecification\",\"valueRequired\":true,\"valueName\":\"search_term_string\"}}],\"inLanguage\":\"fr-FR\"},{\"@type\":\"Organization\",\"@id\":\"https:\\\/\\\/districos.standingout.be\\\/fr\\\/#organization\",\"name\":\"Districos Webshop\",\"url\":\"https:\\\/\\\/districos.standingout.be\\\/fr\\\/\",\"logo\":{\"@type\":\"ImageObject\",\"inLanguage\":\"fr-FR\",\"@id\":\"https:\\\/\\\/districos.standingout.be\\\/fr\\\/#\\\/schema\\\/logo\\\/image\\\/\",\"url\":\"https:\\\/\\\/districos.standingout.be\\\/wp-content\\\/uploads\\\/2022\\\/09\\\/Districos_Logo_Webshop.svg\",\"contentUrl\":\"https:\\\/\\\/districos.standingout.be\\\/wp-content\\\/uploads\\\/2022\\\/09\\\/Districos_Logo_Webshop.svg\",\"caption\":\"Districos Webshop\"},\"image\":{\"@id\":\"https:\\\/\\\/districos.standingout.be\\\/fr\\\/#\\\/schema\\\/logo\\\/image\\\/\"}}]}<\/script>\n<!-- \/ Yoast SEO plugin. -->","yoast_head_json":{"title":"Pads en Bambou D\u00e9maquillants Blancs 14,5 cm 10 pcs. - Districos Webshop","robots":{"index":"noindex","follow":"follow","max-snippet":"max-snippet:-1","max-image-preview":"max-image-preview:large","max-video-preview":"max-video-preview:-1"},"og_locale":"fr_FR","og_type":"article","og_title":"Pads en Bambou D\u00e9maquillants Blancs 14,5 cm 10 pcs. - Districos Webshop","og_description":"Des pads d\u00e9maquillants super doux r\u00e9utilisables en bambou sont la solution \u00e9cologique id\u00e9ale pour nettoyer en douceur la peau, les l\u00e8vres et les yeux, ou pour appliquer, par exemple, du tonique. Lavez les pads apr\u00e8s usage \u00e0 40\u00b0 avec des couleurs similaires, sans agents de blanchiment ni assouplissants, afin de pr\u00e9server leur douceur. Diam\u00e8tre: 14,5 [&hellip;]","og_url":"https:\/\/districos.standingout.be\/fr\/product\/pads-en-bambou-demaquillants-blancs-145-cm-10-pcs-ref-8611-07\/","og_site_name":"Districos Webshop","article_modified_time":"2026-04-28T10:04:17+00:00","twitter_card":"summary_large_image","twitter_misc":{"Dur\u00e9e de lecture estim\u00e9e":"1 minute"},"schema":{"@context":"https:\/\/schema.org","@graph":[{"@type":"WebPage","@id":"https:\/\/districos.standingout.be\/fr\/product\/pads-en-bambou-demaquillants-blancs-145-cm-10-pcs-ref-8611-07\/","url":"https:\/\/districos.standingout.be\/fr\/product\/pads-en-bambou-demaquillants-blancs-145-cm-10-pcs-ref-8611-07\/","name":"Pads en Bambou D\u00e9maquillants Blancs 14,5 cm 10 pcs. - Districos Webshop","isPartOf":{"@id":"https:\/\/districos.standingout.be\/fr\/#website"},"primaryImageOfPage":{"@id":"https:\/\/districos.standingout.be\/fr\/product\/pads-en-bambou-demaquillants-blancs-145-cm-10-pcs-ref-8611-07\/#primaryimage"},"image":{"@id":"https:\/\/districos.standingout.be\/fr\/product\/pads-en-bambou-demaquillants-blancs-145-cm-10-pcs-ref-8611-07\/#primaryimage"},"thumbnailUrl":"https:\/\/districos.standingout.be\/wp-content\/uploads\/2026\/04\/8611.07@Witte-Bamboe-Reinigingspads-145-cm-10-st._1-1.png","datePublished":"2026-04-28T10:04:13+00:00","dateModified":"2026-04-28T10:04:17+00:00","breadcrumb":{"@id":"https:\/\/districos.standingout.be\/fr\/product\/pads-en-bambou-demaquillants-blancs-145-cm-10-pcs-ref-8611-07\/#breadcrumb"},"inLanguage":"fr-FR","potentialAction":[{"@type":"ReadAction","target":["https:\/\/districos.standingout.be\/fr\/product\/pads-en-bambou-demaquillants-blancs-145-cm-10-pcs-ref-8611-07\/"]}]},{"@type":"ImageObject","inLanguage":"fr-FR","@id":"https:\/\/districos.standingout.be\/fr\/product\/pads-en-bambou-demaquillants-blancs-145-cm-10-pcs-ref-8611-07\/#primaryimage","url":"https:\/\/districos.standingout.be\/wp-content\/uploads\/2026\/04\/8611.07@Witte-Bamboe-Reinigingspads-145-cm-10-st._1-1.png","contentUrl":"https:\/\/districos.standingout.be\/wp-content\/uploads\/2026\/04\/8611.07@Witte-Bamboe-Reinigingspads-145-cm-10-st._1-1.png","width":600,"height":600},{"@type":"BreadcrumbList","@id":"https:\/\/districos.standingout.be\/fr\/product\/pads-en-bambou-demaquillants-blancs-145-cm-10-pcs-ref-8611-07\/#breadcrumb","itemListElement":[{"@type":"ListItem","position":1,"name":"Home","item":"https:\/\/districos.standingout.be\/fr\/bienvenue-chez-districos\/"},{"@type":"ListItem","position":2,"name":"Boutique","item":"https:\/\/districos.standingout.be\/fr\/boutique\/"},{"@type":"ListItem","position":3,"name":"Pads en Bambou D\u00e9maquillants Blancs 14,5 cm 10 pcs."}]},{"@type":"WebSite","@id":"https:\/\/districos.standingout.be\/fr\/#website","url":"https:\/\/districos.standingout.be\/fr\/","name":"Districos Webshop","description":"","publisher":{"@id":"https:\/\/districos.standingout.be\/fr\/#organization"},"potentialAction":[{"@type":"SearchAction","target":{"@type":"EntryPoint","urlTemplate":"https:\/\/districos.standingout.be\/fr\/?s={search_term_string}"},"query-input":{"@type":"PropertyValueSpecification","valueRequired":true,"valueName":"search_term_string"}}],"inLanguage":"fr-FR"},{"@type":"Organization","@id":"https:\/\/districos.standingout.be\/fr\/#organization","name":"Districos Webshop","url":"https:\/\/districos.standingout.be\/fr\/","logo":{"@type":"ImageObject","inLanguage":"fr-FR","@id":"https:\/\/districos.standingout.be\/fr\/#\/schema\/logo\/image\/","url":"https:\/\/districos.standingout.be\/wp-content\/uploads\/2022\/09\/Districos_Logo_Webshop.svg","contentUrl":"https:\/\/districos.standingout.be\/wp-content\/uploads\/2022\/09\/Districos_Logo_Webshop.svg","caption":"Districos Webshop"},"image":{"@id":"https:\/\/districos.standingout.be\/fr\/#\/schema\/logo\/image\/"}}]}},"_links":{"self":[{"href":"https:\/\/districos.standingout.be\/fr\/wp-json\/wp\/v2\/product\/138867","targetHints":{"allow":["GET"]}}],"collection":[{"href":"https:\/\/districos.standingout.be\/fr\/wp-json\/wp\/v2\/product"}],"about":[{"href":"https:\/\/districos.standingout.be\/fr\/wp-json\/wp\/v2\/types\/product"}],"replies":[{"embeddable":true,"href":"https:\/\/districos.standingout.be\/fr\/wp-json\/wp\/v2\/comments?post=138867"}],"wp:featuredmedia":[{"embeddable":true,"href":"https:\/\/districos.standingout.be\/fr\/wp-json\/wp\/v2\/media\/148168"}],"wp:attachment":[{"href":"https:\/\/districos.standingout.be\/fr\/wp-json\/wp\/v2\/media?parent=138867"}],"wp:term":[{"taxonomy":"product_brand","embeddable":true,"href":"https:\/\/districos.standingout.be\/fr\/wp-json\/wp\/v2\/product_brand?post=138867"},{"taxonomy":"product_cat","embeddable":true,"href":"https:\/\/districos.standingout.be\/fr\/wp-json\/wp\/v2\/product_cat?post=138867"},{"taxonomy":"product_tag","embeddable":true,"href":"https:\/\/districos.standingout.be\/fr\/wp-json\/wp\/v2\/product_tag?post=138867"}],"curies":[{"name":"wp","href":"https:\/\/api.w.org\/{rel}","templated":true}]}}