{"id":138879,"date":"2026-04-28T12:04:35","date_gmt":"2026-04-28T10:04:35","guid":{"rendered":"https:\/\/webshopdistricoscom.webhosting.be\/product\/esmee-tunique-blanc-s-ref-8612-06\/"},"modified":"2026-04-28T12:04:38","modified_gmt":"2026-04-28T10:04:38","slug":"esmee-tunique-blanc-s-ref-8612-06","status":"publish","type":"product","link":"https:\/\/districos.standingout.be\/fr\/product\/esmee-tunique-blanc-s-ref-8612-06\/","title":{"rendered":"Esmee Tunique Blanc S"},"content":{"rendered":"<p >\n<\/p>\n<p dir=\"ltr\">Tunique centr\u00e9e et styl\u00e9e \u00e0 col mandarin et \u00e0 boutons argent\u00e9s.<\/p>\n<ul>\n<li>Taille : small<\/li>\n<li>Couleur : blanc<\/li>\n<li>Mati\u00e8re : 100% polyester<\/li>\n<\/ul>\n<p dir=\"ltr\"><b>Couleurs disponibles :<\/b><\/p>\n<ul>\n<li>Noir<\/li>\n<li>Blanc<\/li>\n<li>Fuchsia<\/li>\n<\/ul>\n<p dir=\"ltr\"><b>Tailles disponibles :<\/b><\/p>\n<ul>\n<li>Small (<a href=\"https:\/\/webshop.districos.com\/ProductDetail\/8612.06\" target=\"_blank\" rel=\"noopener noreferrer nofollow\">r\u00e9f. 8612.06<\/a>)<\/li>\n<li><span>Medium (<a href=\"https:\/\/webshop.districos.com\/ProductDetail\/8612.07\" target=\"_blank\" rel=\"noopener noreferrer nofollow\">r\u00e9f. 8612.07<\/a>)<\/span><\/li>\n<li>Large (<a href=\"https:\/\/webshop.districos.com\/ProductDetail\/8612.08\" target=\"_blank\" rel=\"noopener noreferrer nofollow\">r\u00e9f. 8612.08<\/a>)<\/li>\n<li>Extra Large (<a href=\"https:\/\/webshop.districos.com\/ProductDetail\/8612.09\" target=\"_blank\" rel=\"noopener noreferrer nofollow\">r\u00e9f. 8612.09<\/a>)<\/li>\n<li>Extra Extra Large (<a href=\"https:\/\/webshop.districos.com\/ProductDetail\/8612.10\" target=\"_blank\" rel=\"noopener noreferrer nofollow\">r\u00e9f. 8612.10<\/a>)<\/li>\n<\/ul>\n<p dir=\"ltr\"><b><\/b><\/p>\n<\/p>\n<p dir=\"ltr\"><b><\/b><\/p>\n<div>\n<div><b>Attention ! Vu que les tuniques taillent plus petites que d&rsquo;habitude, nous vous conseillons de choisir une taille plus grande.<\/b><\/div>\n<div><b>En cas de doute, vous pouvez venir l&rsquo;essayer dans notre salle d&rsquo;exposition.<\/b><\/div>\n<\/div>\n","protected":false},"excerpt":{"rendered":"<p>Tunique centr\u00e9e et styl\u00e9e \u00e0 col mandarin et \u00e0 boutons argent\u00e9s. Taille : small Couleur : blanc Mati\u00e8re : 100% polyester Couleurs disponibles : Noir Blanc Fuchsia Tailles disponibles : Small (r\u00e9f. 8612.06) Medium (r\u00e9f. 8612.07) Large (r\u00e9f. 8612.08) Extra Large (r\u00e9f. 8612.09) Extra Extra Large (r\u00e9f. 8612.10) Attention ! Vu que les tuniques taillent [&hellip;]<\/p>\n","protected":false},"featured_media":82565,"comment_status":"open","ping_status":"closed","template":"","meta":{"_acf_changed":false},"product_brand":[10380],"product_cat":[9964,10142,10212],"product_tag":[],"class_list":{"0":"post-138879","1":"product","2":"type-product","3":"status-publish","4":"has-post-thumbnail","6":"product_brand-districos-fr","7":"product_cat-beaute-materiel-pratique-textile","8":"product_cat-hygiene-articles-jetables-articles-jetables-vetements-de-travail","9":"product_cat-fournitures-pour-cabinet-textile-vetements-de-travail","11":"first","12":"instock","13":"taxable","14":"shipping-taxable","15":"product-type-simple"},"acf":[],"yoast_head":"<!-- This site is optimized with the Yoast SEO plugin v27.3 - https:\/\/yoast.com\/product\/yoast-seo-wordpress\/ -->\n<title>Esmee Tunique Blanc S - Districos Webshop<\/title>\n<meta name=\"robots\" content=\"noindex, follow, max-snippet:-1, max-image-preview:large, max-video-preview:-1\" \/>\n<meta property=\"og:locale\" content=\"fr_FR\" \/>\n<meta property=\"og:type\" content=\"article\" \/>\n<meta property=\"og:title\" content=\"Esmee Tunique Blanc S - Districos Webshop\" \/>\n<meta property=\"og:description\" content=\"Tunique centr\u00e9e et styl\u00e9e \u00e0 col mandarin et \u00e0 boutons argent\u00e9s. Taille : small Couleur : blanc Mati\u00e8re : 100% polyester Couleurs disponibles : Noir Blanc Fuchsia Tailles disponibles : Small (r\u00e9f. 8612.06) Medium (r\u00e9f. 8612.07) Large (r\u00e9f. 8612.08) Extra Large (r\u00e9f. 8612.09) Extra Extra Large (r\u00e9f. 8612.10) Attention ! Vu que les tuniques taillent [&hellip;]\" \/>\n<meta property=\"og:url\" content=\"https:\/\/districos.standingout.be\/fr\/product\/esmee-tunique-blanc-s-ref-8612-06\/\" \/>\n<meta property=\"og:site_name\" content=\"Districos Webshop\" \/>\n<meta property=\"article:modified_time\" content=\"2026-04-28T10:04:38+00:00\" \/>\n<meta name=\"twitter:card\" content=\"summary_large_image\" \/>\n<script type=\"application\/ld+json\" class=\"yoast-schema-graph\">{\"@context\":\"https:\\\/\\\/schema.org\",\"@graph\":[{\"@type\":\"WebPage\",\"@id\":\"https:\\\/\\\/districos.standingout.be\\\/fr\\\/product\\\/esmee-tunique-blanc-s-ref-8612-06\\\/\",\"url\":\"https:\\\/\\\/districos.standingout.be\\\/fr\\\/product\\\/esmee-tunique-blanc-s-ref-8612-06\\\/\",\"name\":\"Esmee Tunique Blanc S - Districos Webshop\",\"isPartOf\":{\"@id\":\"https:\\\/\\\/districos.standingout.be\\\/fr\\\/#website\"},\"primaryImageOfPage\":{\"@id\":\"https:\\\/\\\/districos.standingout.be\\\/fr\\\/product\\\/esmee-tunique-blanc-s-ref-8612-06\\\/#primaryimage\"},\"image\":{\"@id\":\"https:\\\/\\\/districos.standingout.be\\\/fr\\\/product\\\/esmee-tunique-blanc-s-ref-8612-06\\\/#primaryimage\"},\"thumbnailUrl\":\"https:\\\/\\\/districos.standingout.be\\\/wp-content\\\/uploads\\\/2025\\\/07\\\/8612.06@HighRes_0_99.png\",\"datePublished\":\"2026-04-28T10:04:35+00:00\",\"dateModified\":\"2026-04-28T10:04:38+00:00\",\"breadcrumb\":{\"@id\":\"https:\\\/\\\/districos.standingout.be\\\/fr\\\/product\\\/esmee-tunique-blanc-s-ref-8612-06\\\/#breadcrumb\"},\"inLanguage\":\"fr-FR\",\"potentialAction\":[{\"@type\":\"ReadAction\",\"target\":[\"https:\\\/\\\/districos.standingout.be\\\/fr\\\/product\\\/esmee-tunique-blanc-s-ref-8612-06\\\/\"]}]},{\"@type\":\"ImageObject\",\"inLanguage\":\"fr-FR\",\"@id\":\"https:\\\/\\\/districos.standingout.be\\\/fr\\\/product\\\/esmee-tunique-blanc-s-ref-8612-06\\\/#primaryimage\",\"url\":\"https:\\\/\\\/districos.standingout.be\\\/wp-content\\\/uploads\\\/2025\\\/07\\\/8612.06@HighRes_0_99.png\",\"contentUrl\":\"https:\\\/\\\/districos.standingout.be\\\/wp-content\\\/uploads\\\/2025\\\/07\\\/8612.06@HighRes_0_99.png\",\"width\":600,\"height\":600},{\"@type\":\"BreadcrumbList\",\"@id\":\"https:\\\/\\\/districos.standingout.be\\\/fr\\\/product\\\/esmee-tunique-blanc-s-ref-8612-06\\\/#breadcrumb\",\"itemListElement\":[{\"@type\":\"ListItem\",\"position\":1,\"name\":\"Home\",\"item\":\"https:\\\/\\\/districos.standingout.be\\\/fr\\\/bienvenue-chez-districos\\\/\"},{\"@type\":\"ListItem\",\"position\":2,\"name\":\"Boutique\",\"item\":\"https:\\\/\\\/districos.standingout.be\\\/fr\\\/boutique\\\/\"},{\"@type\":\"ListItem\",\"position\":3,\"name\":\"Esmee Tunique Blanc S\"}]},{\"@type\":\"WebSite\",\"@id\":\"https:\\\/\\\/districos.standingout.be\\\/fr\\\/#website\",\"url\":\"https:\\\/\\\/districos.standingout.be\\\/fr\\\/\",\"name\":\"Districos Webshop\",\"description\":\"\",\"publisher\":{\"@id\":\"https:\\\/\\\/districos.standingout.be\\\/fr\\\/#organization\"},\"potentialAction\":[{\"@type\":\"SearchAction\",\"target\":{\"@type\":\"EntryPoint\",\"urlTemplate\":\"https:\\\/\\\/districos.standingout.be\\\/fr\\\/?s={search_term_string}\"},\"query-input\":{\"@type\":\"PropertyValueSpecification\",\"valueRequired\":true,\"valueName\":\"search_term_string\"}}],\"inLanguage\":\"fr-FR\"},{\"@type\":\"Organization\",\"@id\":\"https:\\\/\\\/districos.standingout.be\\\/fr\\\/#organization\",\"name\":\"Districos Webshop\",\"url\":\"https:\\\/\\\/districos.standingout.be\\\/fr\\\/\",\"logo\":{\"@type\":\"ImageObject\",\"inLanguage\":\"fr-FR\",\"@id\":\"https:\\\/\\\/districos.standingout.be\\\/fr\\\/#\\\/schema\\\/logo\\\/image\\\/\",\"url\":\"https:\\\/\\\/districos.standingout.be\\\/wp-content\\\/uploads\\\/2022\\\/09\\\/Districos_Logo_Webshop.svg\",\"contentUrl\":\"https:\\\/\\\/districos.standingout.be\\\/wp-content\\\/uploads\\\/2022\\\/09\\\/Districos_Logo_Webshop.svg\",\"caption\":\"Districos Webshop\"},\"image\":{\"@id\":\"https:\\\/\\\/districos.standingout.be\\\/fr\\\/#\\\/schema\\\/logo\\\/image\\\/\"}}]}<\/script>\n<!-- \/ Yoast SEO plugin. -->","yoast_head_json":{"title":"Esmee Tunique Blanc S - Districos Webshop","robots":{"index":"noindex","follow":"follow","max-snippet":"max-snippet:-1","max-image-preview":"max-image-preview:large","max-video-preview":"max-video-preview:-1"},"og_locale":"fr_FR","og_type":"article","og_title":"Esmee Tunique Blanc S - Districos Webshop","og_description":"Tunique centr\u00e9e et styl\u00e9e \u00e0 col mandarin et \u00e0 boutons argent\u00e9s. Taille : small Couleur : blanc Mati\u00e8re : 100% polyester Couleurs disponibles : Noir Blanc Fuchsia Tailles disponibles : Small (r\u00e9f. 8612.06) Medium (r\u00e9f. 8612.07) Large (r\u00e9f. 8612.08) Extra Large (r\u00e9f. 8612.09) Extra Extra Large (r\u00e9f. 8612.10) Attention ! Vu que les tuniques taillent [&hellip;]","og_url":"https:\/\/districos.standingout.be\/fr\/product\/esmee-tunique-blanc-s-ref-8612-06\/","og_site_name":"Districos Webshop","article_modified_time":"2026-04-28T10:04:38+00:00","twitter_card":"summary_large_image","schema":{"@context":"https:\/\/schema.org","@graph":[{"@type":"WebPage","@id":"https:\/\/districos.standingout.be\/fr\/product\/esmee-tunique-blanc-s-ref-8612-06\/","url":"https:\/\/districos.standingout.be\/fr\/product\/esmee-tunique-blanc-s-ref-8612-06\/","name":"Esmee Tunique Blanc S - Districos Webshop","isPartOf":{"@id":"https:\/\/districos.standingout.be\/fr\/#website"},"primaryImageOfPage":{"@id":"https:\/\/districos.standingout.be\/fr\/product\/esmee-tunique-blanc-s-ref-8612-06\/#primaryimage"},"image":{"@id":"https:\/\/districos.standingout.be\/fr\/product\/esmee-tunique-blanc-s-ref-8612-06\/#primaryimage"},"thumbnailUrl":"https:\/\/districos.standingout.be\/wp-content\/uploads\/2025\/07\/8612.06@HighRes_0_99.png","datePublished":"2026-04-28T10:04:35+00:00","dateModified":"2026-04-28T10:04:38+00:00","breadcrumb":{"@id":"https:\/\/districos.standingout.be\/fr\/product\/esmee-tunique-blanc-s-ref-8612-06\/#breadcrumb"},"inLanguage":"fr-FR","potentialAction":[{"@type":"ReadAction","target":["https:\/\/districos.standingout.be\/fr\/product\/esmee-tunique-blanc-s-ref-8612-06\/"]}]},{"@type":"ImageObject","inLanguage":"fr-FR","@id":"https:\/\/districos.standingout.be\/fr\/product\/esmee-tunique-blanc-s-ref-8612-06\/#primaryimage","url":"https:\/\/districos.standingout.be\/wp-content\/uploads\/2025\/07\/8612.06@HighRes_0_99.png","contentUrl":"https:\/\/districos.standingout.be\/wp-content\/uploads\/2025\/07\/8612.06@HighRes_0_99.png","width":600,"height":600},{"@type":"BreadcrumbList","@id":"https:\/\/districos.standingout.be\/fr\/product\/esmee-tunique-blanc-s-ref-8612-06\/#breadcrumb","itemListElement":[{"@type":"ListItem","position":1,"name":"Home","item":"https:\/\/districos.standingout.be\/fr\/bienvenue-chez-districos\/"},{"@type":"ListItem","position":2,"name":"Boutique","item":"https:\/\/districos.standingout.be\/fr\/boutique\/"},{"@type":"ListItem","position":3,"name":"Esmee Tunique Blanc S"}]},{"@type":"WebSite","@id":"https:\/\/districos.standingout.be\/fr\/#website","url":"https:\/\/districos.standingout.be\/fr\/","name":"Districos Webshop","description":"","publisher":{"@id":"https:\/\/districos.standingout.be\/fr\/#organization"},"potentialAction":[{"@type":"SearchAction","target":{"@type":"EntryPoint","urlTemplate":"https:\/\/districos.standingout.be\/fr\/?s={search_term_string}"},"query-input":{"@type":"PropertyValueSpecification","valueRequired":true,"valueName":"search_term_string"}}],"inLanguage":"fr-FR"},{"@type":"Organization","@id":"https:\/\/districos.standingout.be\/fr\/#organization","name":"Districos Webshop","url":"https:\/\/districos.standingout.be\/fr\/","logo":{"@type":"ImageObject","inLanguage":"fr-FR","@id":"https:\/\/districos.standingout.be\/fr\/#\/schema\/logo\/image\/","url":"https:\/\/districos.standingout.be\/wp-content\/uploads\/2022\/09\/Districos_Logo_Webshop.svg","contentUrl":"https:\/\/districos.standingout.be\/wp-content\/uploads\/2022\/09\/Districos_Logo_Webshop.svg","caption":"Districos Webshop"},"image":{"@id":"https:\/\/districos.standingout.be\/fr\/#\/schema\/logo\/image\/"}}]}},"_links":{"self":[{"href":"https:\/\/districos.standingout.be\/fr\/wp-json\/wp\/v2\/product\/138879","targetHints":{"allow":["GET"]}}],"collection":[{"href":"https:\/\/districos.standingout.be\/fr\/wp-json\/wp\/v2\/product"}],"about":[{"href":"https:\/\/districos.standingout.be\/fr\/wp-json\/wp\/v2\/types\/product"}],"replies":[{"embeddable":true,"href":"https:\/\/districos.standingout.be\/fr\/wp-json\/wp\/v2\/comments?post=138879"}],"wp:featuredmedia":[{"embeddable":true,"href":"https:\/\/districos.standingout.be\/fr\/wp-json\/wp\/v2\/media\/82565"}],"wp:attachment":[{"href":"https:\/\/districos.standingout.be\/fr\/wp-json\/wp\/v2\/media?parent=138879"}],"wp:term":[{"taxonomy":"product_brand","embeddable":true,"href":"https:\/\/districos.standingout.be\/fr\/wp-json\/wp\/v2\/product_brand?post=138879"},{"taxonomy":"product_cat","embeddable":true,"href":"https:\/\/districos.standingout.be\/fr\/wp-json\/wp\/v2\/product_cat?post=138879"},{"taxonomy":"product_tag","embeddable":true,"href":"https:\/\/districos.standingout.be\/fr\/wp-json\/wp\/v2\/product_tag?post=138879"}],"curies":[{"name":"wp","href":"https:\/\/api.w.org\/{rel}","templated":true}]}}