{"id":138911,"date":"2026-04-28T12:06:09","date_gmt":"2026-04-28T10:06:09","guid":{"rendered":"https:\/\/webshopdistricoscom.webhosting.be\/product\/diamant-tunique-blanc-m-ref-8612-27\/"},"modified":"2026-04-28T12:06:13","modified_gmt":"2026-04-28T10:06:13","slug":"diamant-tunique-blanc-m-ref-8612-27","status":"publish","type":"product","link":"https:\/\/districos.standingout.be\/fr\/product\/diamant-tunique-blanc-m-ref-8612-27\/","title":{"rendered":"Diamant Tunique Blanc M"},"content":{"rendered":"<p >\n<p>Tunique centr\u00e9e et styl\u00e9e avec fermeture \u00e9clair orn\u00e9e de pierres diamant\u00e9es.<\/p>\n<ul>\n<li>Taille : medium<\/li>\n<li>Couleur : blanc<\/li>\n<li>Mati\u00e8re : 100% polyester (Lycra)<\/li>\n<\/ul>\n<p dir=\"ltr\"><b>Couleurs disponibles :<\/b><\/p>\n<ul>\n<li>Noir<\/li>\n<li>Blanc<\/li>\n<\/ul>\n<p dir=\"ltr\"><b>Tailles disponibles :<\/b><\/p>\n<ul>\n<li>Small (<a href=\"https:\/\/webshop.districos.com\/ProductDetail\/8612.26\" target=\"_blank\" rel=\"noopener noreferrer nofollow\">r\u00e9f. 8612.26<\/a>)<\/li>\n<li><span>Medium (<a href=\"https:\/\/webshop.districos.com\/ProductDetail\/8612.27\" target=\"_blank\" rel=\"noopener noreferrer nofollow\">r\u00e9f. 8612.27<\/a>)<\/span><\/li>\n<li>Large (<a href=\"https:\/\/webshop.districos.com\/ProductDetail\/8612.28\" target=\"_blank\" rel=\"noopener noreferrer nofollow\">r\u00e9f. 8612.28<\/a>)<\/li>\n<li>Extra Large (<a href=\"https:\/\/webshop.districos.com\/ProductDetail\/8612.29\" target=\"_blank\" rel=\"noopener noreferrer nofollow\">r\u00e9f. 8612.29<\/a>)<\/li>\n<li>Extra Extra Large (<a href=\"https:\/\/webshop.districos.com\/ProductDetail\/8612.30\" target=\"_blank\" rel=\"noopener noreferrer nofollow\">r\u00e9f. 8612.30<\/a>)<\/li>\n<\/ul>\n<div><b><br \/><\/b><\/div>\n<p dir=\"ltr\"><b><\/b><\/p>\n<div>\n<div><b>Attention ! Vu que les tuniques taillent plus petites que d&rsquo;habitude, nous vous conseillons de choisir une taille plus grande.<\/b><\/div>\n<div><b>En cas de doute, vous pouvez venir l&rsquo;essayer dans notre salle d&rsquo;exposition.<\/b><\/div>\n<\/div>\n","protected":false},"excerpt":{"rendered":"<p>Tunique centr\u00e9e et styl\u00e9e avec fermeture \u00e9clair orn\u00e9e de pierres diamant\u00e9es. Taille : medium Couleur : blanc Mati\u00e8re : 100% polyester (Lycra) Couleurs disponibles : Noir Blanc Tailles disponibles : Small (r\u00e9f. 8612.26) Medium (r\u00e9f. 8612.27) Large (r\u00e9f. 8612.28) Extra Large (r\u00e9f. 8612.29) Extra Extra Large (r\u00e9f. 8612.30) Attention ! Vu que les tuniques taillent [&hellip;]<\/p>\n","protected":false},"featured_media":148218,"comment_status":"open","ping_status":"closed","template":"","meta":{"_acf_changed":false},"product_brand":[10380],"product_cat":[9964,10142,10212],"product_tag":[],"class_list":{"0":"post-138911","1":"product","2":"type-product","3":"status-publish","4":"has-post-thumbnail","6":"product_brand-districos-fr","7":"product_cat-beaute-materiel-pratique-textile","8":"product_cat-hygiene-articles-jetables-articles-jetables-vetements-de-travail","9":"product_cat-fournitures-pour-cabinet-textile-vetements-de-travail","11":"first","12":"instock","13":"taxable","14":"shipping-taxable","15":"product-type-simple"},"acf":[],"yoast_head":"<!-- This site is optimized with the Yoast SEO plugin v27.3 - https:\/\/yoast.com\/product\/yoast-seo-wordpress\/ -->\n<title>Diamant Tunique Blanc M - Districos Webshop<\/title>\n<meta name=\"robots\" content=\"noindex, follow, max-snippet:-1, max-image-preview:large, max-video-preview:-1\" \/>\n<meta property=\"og:locale\" content=\"fr_FR\" \/>\n<meta property=\"og:type\" content=\"article\" \/>\n<meta property=\"og:title\" content=\"Diamant Tunique Blanc M - Districos Webshop\" \/>\n<meta property=\"og:description\" content=\"Tunique centr\u00e9e et styl\u00e9e avec fermeture \u00e9clair orn\u00e9e de pierres diamant\u00e9es. Taille : medium Couleur : blanc Mati\u00e8re : 100% polyester (Lycra) Couleurs disponibles : Noir Blanc Tailles disponibles : Small (r\u00e9f. 8612.26) Medium (r\u00e9f. 8612.27) Large (r\u00e9f. 8612.28) Extra Large (r\u00e9f. 8612.29) Extra Extra Large (r\u00e9f. 8612.30) Attention ! Vu que les tuniques taillent [&hellip;]\" \/>\n<meta property=\"og:url\" content=\"https:\/\/districos.standingout.be\/fr\/product\/diamant-tunique-blanc-m-ref-8612-27\/\" \/>\n<meta property=\"og:site_name\" content=\"Districos Webshop\" \/>\n<meta property=\"article:modified_time\" content=\"2026-04-28T10:06:13+00:00\" \/>\n<meta name=\"twitter:card\" content=\"summary_large_image\" \/>\n<script type=\"application\/ld+json\" class=\"yoast-schema-graph\">{\"@context\":\"https:\\\/\\\/schema.org\",\"@graph\":[{\"@type\":\"WebPage\",\"@id\":\"https:\\\/\\\/districos.standingout.be\\\/fr\\\/product\\\/diamant-tunique-blanc-m-ref-8612-27\\\/\",\"url\":\"https:\\\/\\\/districos.standingout.be\\\/fr\\\/product\\\/diamant-tunique-blanc-m-ref-8612-27\\\/\",\"name\":\"Diamant Tunique Blanc M - Districos Webshop\",\"isPartOf\":{\"@id\":\"https:\\\/\\\/districos.standingout.be\\\/fr\\\/#website\"},\"primaryImageOfPage\":{\"@id\":\"https:\\\/\\\/districos.standingout.be\\\/fr\\\/product\\\/diamant-tunique-blanc-m-ref-8612-27\\\/#primaryimage\"},\"image\":{\"@id\":\"https:\\\/\\\/districos.standingout.be\\\/fr\\\/product\\\/diamant-tunique-blanc-m-ref-8612-27\\\/#primaryimage\"},\"thumbnailUrl\":\"https:\\\/\\\/districos.standingout.be\\\/wp-content\\\/uploads\\\/2026\\\/04\\\/8612.27@Diamant-Tuniek-Wit-M_1-1.png\",\"datePublished\":\"2026-04-28T10:06:09+00:00\",\"dateModified\":\"2026-04-28T10:06:13+00:00\",\"breadcrumb\":{\"@id\":\"https:\\\/\\\/districos.standingout.be\\\/fr\\\/product\\\/diamant-tunique-blanc-m-ref-8612-27\\\/#breadcrumb\"},\"inLanguage\":\"fr-FR\",\"potentialAction\":[{\"@type\":\"ReadAction\",\"target\":[\"https:\\\/\\\/districos.standingout.be\\\/fr\\\/product\\\/diamant-tunique-blanc-m-ref-8612-27\\\/\"]}]},{\"@type\":\"ImageObject\",\"inLanguage\":\"fr-FR\",\"@id\":\"https:\\\/\\\/districos.standingout.be\\\/fr\\\/product\\\/diamant-tunique-blanc-m-ref-8612-27\\\/#primaryimage\",\"url\":\"https:\\\/\\\/districos.standingout.be\\\/wp-content\\\/uploads\\\/2026\\\/04\\\/8612.27@Diamant-Tuniek-Wit-M_1-1.png\",\"contentUrl\":\"https:\\\/\\\/districos.standingout.be\\\/wp-content\\\/uploads\\\/2026\\\/04\\\/8612.27@Diamant-Tuniek-Wit-M_1-1.png\",\"width\":600,\"height\":600},{\"@type\":\"BreadcrumbList\",\"@id\":\"https:\\\/\\\/districos.standingout.be\\\/fr\\\/product\\\/diamant-tunique-blanc-m-ref-8612-27\\\/#breadcrumb\",\"itemListElement\":[{\"@type\":\"ListItem\",\"position\":1,\"name\":\"Home\",\"item\":\"https:\\\/\\\/districos.standingout.be\\\/fr\\\/bienvenue-chez-districos\\\/\"},{\"@type\":\"ListItem\",\"position\":2,\"name\":\"Boutique\",\"item\":\"https:\\\/\\\/districos.standingout.be\\\/fr\\\/boutique\\\/\"},{\"@type\":\"ListItem\",\"position\":3,\"name\":\"Diamant Tunique Blanc M\"}]},{\"@type\":\"WebSite\",\"@id\":\"https:\\\/\\\/districos.standingout.be\\\/fr\\\/#website\",\"url\":\"https:\\\/\\\/districos.standingout.be\\\/fr\\\/\",\"name\":\"Districos Webshop\",\"description\":\"\",\"publisher\":{\"@id\":\"https:\\\/\\\/districos.standingout.be\\\/fr\\\/#organization\"},\"potentialAction\":[{\"@type\":\"SearchAction\",\"target\":{\"@type\":\"EntryPoint\",\"urlTemplate\":\"https:\\\/\\\/districos.standingout.be\\\/fr\\\/?s={search_term_string}\"},\"query-input\":{\"@type\":\"PropertyValueSpecification\",\"valueRequired\":true,\"valueName\":\"search_term_string\"}}],\"inLanguage\":\"fr-FR\"},{\"@type\":\"Organization\",\"@id\":\"https:\\\/\\\/districos.standingout.be\\\/fr\\\/#organization\",\"name\":\"Districos Webshop\",\"url\":\"https:\\\/\\\/districos.standingout.be\\\/fr\\\/\",\"logo\":{\"@type\":\"ImageObject\",\"inLanguage\":\"fr-FR\",\"@id\":\"https:\\\/\\\/districos.standingout.be\\\/fr\\\/#\\\/schema\\\/logo\\\/image\\\/\",\"url\":\"https:\\\/\\\/districos.standingout.be\\\/wp-content\\\/uploads\\\/2022\\\/09\\\/Districos_Logo_Webshop.svg\",\"contentUrl\":\"https:\\\/\\\/districos.standingout.be\\\/wp-content\\\/uploads\\\/2022\\\/09\\\/Districos_Logo_Webshop.svg\",\"caption\":\"Districos Webshop\"},\"image\":{\"@id\":\"https:\\\/\\\/districos.standingout.be\\\/fr\\\/#\\\/schema\\\/logo\\\/image\\\/\"}}]}<\/script>\n<!-- \/ Yoast SEO plugin. -->","yoast_head_json":{"title":"Diamant Tunique Blanc M - Districos Webshop","robots":{"index":"noindex","follow":"follow","max-snippet":"max-snippet:-1","max-image-preview":"max-image-preview:large","max-video-preview":"max-video-preview:-1"},"og_locale":"fr_FR","og_type":"article","og_title":"Diamant Tunique Blanc M - Districos Webshop","og_description":"Tunique centr\u00e9e et styl\u00e9e avec fermeture \u00e9clair orn\u00e9e de pierres diamant\u00e9es. Taille : medium Couleur : blanc Mati\u00e8re : 100% polyester (Lycra) Couleurs disponibles : Noir Blanc Tailles disponibles : Small (r\u00e9f. 8612.26) Medium (r\u00e9f. 8612.27) Large (r\u00e9f. 8612.28) Extra Large (r\u00e9f. 8612.29) Extra Extra Large (r\u00e9f. 8612.30) Attention ! Vu que les tuniques taillent [&hellip;]","og_url":"https:\/\/districos.standingout.be\/fr\/product\/diamant-tunique-blanc-m-ref-8612-27\/","og_site_name":"Districos Webshop","article_modified_time":"2026-04-28T10:06:13+00:00","twitter_card":"summary_large_image","schema":{"@context":"https:\/\/schema.org","@graph":[{"@type":"WebPage","@id":"https:\/\/districos.standingout.be\/fr\/product\/diamant-tunique-blanc-m-ref-8612-27\/","url":"https:\/\/districos.standingout.be\/fr\/product\/diamant-tunique-blanc-m-ref-8612-27\/","name":"Diamant Tunique Blanc M - Districos Webshop","isPartOf":{"@id":"https:\/\/districos.standingout.be\/fr\/#website"},"primaryImageOfPage":{"@id":"https:\/\/districos.standingout.be\/fr\/product\/diamant-tunique-blanc-m-ref-8612-27\/#primaryimage"},"image":{"@id":"https:\/\/districos.standingout.be\/fr\/product\/diamant-tunique-blanc-m-ref-8612-27\/#primaryimage"},"thumbnailUrl":"https:\/\/districos.standingout.be\/wp-content\/uploads\/2026\/04\/8612.27@Diamant-Tuniek-Wit-M_1-1.png","datePublished":"2026-04-28T10:06:09+00:00","dateModified":"2026-04-28T10:06:13+00:00","breadcrumb":{"@id":"https:\/\/districos.standingout.be\/fr\/product\/diamant-tunique-blanc-m-ref-8612-27\/#breadcrumb"},"inLanguage":"fr-FR","potentialAction":[{"@type":"ReadAction","target":["https:\/\/districos.standingout.be\/fr\/product\/diamant-tunique-blanc-m-ref-8612-27\/"]}]},{"@type":"ImageObject","inLanguage":"fr-FR","@id":"https:\/\/districos.standingout.be\/fr\/product\/diamant-tunique-blanc-m-ref-8612-27\/#primaryimage","url":"https:\/\/districos.standingout.be\/wp-content\/uploads\/2026\/04\/8612.27@Diamant-Tuniek-Wit-M_1-1.png","contentUrl":"https:\/\/districos.standingout.be\/wp-content\/uploads\/2026\/04\/8612.27@Diamant-Tuniek-Wit-M_1-1.png","width":600,"height":600},{"@type":"BreadcrumbList","@id":"https:\/\/districos.standingout.be\/fr\/product\/diamant-tunique-blanc-m-ref-8612-27\/#breadcrumb","itemListElement":[{"@type":"ListItem","position":1,"name":"Home","item":"https:\/\/districos.standingout.be\/fr\/bienvenue-chez-districos\/"},{"@type":"ListItem","position":2,"name":"Boutique","item":"https:\/\/districos.standingout.be\/fr\/boutique\/"},{"@type":"ListItem","position":3,"name":"Diamant Tunique Blanc M"}]},{"@type":"WebSite","@id":"https:\/\/districos.standingout.be\/fr\/#website","url":"https:\/\/districos.standingout.be\/fr\/","name":"Districos Webshop","description":"","publisher":{"@id":"https:\/\/districos.standingout.be\/fr\/#organization"},"potentialAction":[{"@type":"SearchAction","target":{"@type":"EntryPoint","urlTemplate":"https:\/\/districos.standingout.be\/fr\/?s={search_term_string}"},"query-input":{"@type":"PropertyValueSpecification","valueRequired":true,"valueName":"search_term_string"}}],"inLanguage":"fr-FR"},{"@type":"Organization","@id":"https:\/\/districos.standingout.be\/fr\/#organization","name":"Districos Webshop","url":"https:\/\/districos.standingout.be\/fr\/","logo":{"@type":"ImageObject","inLanguage":"fr-FR","@id":"https:\/\/districos.standingout.be\/fr\/#\/schema\/logo\/image\/","url":"https:\/\/districos.standingout.be\/wp-content\/uploads\/2022\/09\/Districos_Logo_Webshop.svg","contentUrl":"https:\/\/districos.standingout.be\/wp-content\/uploads\/2022\/09\/Districos_Logo_Webshop.svg","caption":"Districos Webshop"},"image":{"@id":"https:\/\/districos.standingout.be\/fr\/#\/schema\/logo\/image\/"}}]}},"_links":{"self":[{"href":"https:\/\/districos.standingout.be\/fr\/wp-json\/wp\/v2\/product\/138911","targetHints":{"allow":["GET"]}}],"collection":[{"href":"https:\/\/districos.standingout.be\/fr\/wp-json\/wp\/v2\/product"}],"about":[{"href":"https:\/\/districos.standingout.be\/fr\/wp-json\/wp\/v2\/types\/product"}],"replies":[{"embeddable":true,"href":"https:\/\/districos.standingout.be\/fr\/wp-json\/wp\/v2\/comments?post=138911"}],"wp:featuredmedia":[{"embeddable":true,"href":"https:\/\/districos.standingout.be\/fr\/wp-json\/wp\/v2\/media\/148218"}],"wp:attachment":[{"href":"https:\/\/districos.standingout.be\/fr\/wp-json\/wp\/v2\/media?parent=138911"}],"wp:term":[{"taxonomy":"product_brand","embeddable":true,"href":"https:\/\/districos.standingout.be\/fr\/wp-json\/wp\/v2\/product_brand?post=138911"},{"taxonomy":"product_cat","embeddable":true,"href":"https:\/\/districos.standingout.be\/fr\/wp-json\/wp\/v2\/product_cat?post=138911"},{"taxonomy":"product_tag","embeddable":true,"href":"https:\/\/districos.standingout.be\/fr\/wp-json\/wp\/v2\/product_tag?post=138911"}],"curies":[{"name":"wp","href":"https:\/\/api.w.org\/{rel}","templated":true}]}}