{"id":138946,"date":"2026-04-28T12:06:30","date_gmt":"2026-04-28T10:06:30","guid":{"rendered":"https:\/\/webshopdistricoscom.webhosting.be\/product\/neweco-soft-compresse-blanc-en-microfibre-50x30-cm-4-pcs-ref-8614-01\/"},"modified":"2026-04-28T12:06:34","modified_gmt":"2026-04-28T10:06:34","slug":"neweco-soft-compresse-blanc-en-microfibre-50x30-cm-4-pcs-ref-8614-01","status":"publish","type":"product","link":"https:\/\/districos.standingout.be\/fr\/product\/neweco-soft-compresse-blanc-en-microfibre-50x30-cm-4-pcs-ref-8614-01\/","title":{"rendered":"Neweco Soft Compresse Blanc en Microfibre 50&#215;30 cm 4 pcs."},"content":{"rendered":"<p >\n<\/p>\n<\/p>\n<\/p>\n<p>Compresses en microfibres merveilleusement douces, de couleur blanc vif et durable pour un aspect propre. Elles sont id\u00e9ales pour nettoyer le visage, pour enlever les r\u00e9sidus de produits pendant les soins du visage ou pour terminer un massage des \u00e9paules. Les compresses conviennent \u00e9galement pour s\u00e9cher les mains ou pour reposer la t\u00eate pendant un massage.<\/p>\n<\/p>\n<ul>\n<li>Ultra douces et confortables.<\/li>\n<li>R\u00e9sistantes \u00e0 l&rsquo;huile de massage et aux taches.<\/li>\n<li>Couleur et forme inalt\u00e9rables.<\/li>\n<li>Hypoallerg\u00e9niques et antibact\u00e9riennes : id\u00e9ales pour les peaux sensibles.<\/li>\n<li><span>Dur\u00e9e de vie exceptionnelle.<\/span><\/li>\n<li>Pratique en raison de son temps de s\u00e9chage rapide.<\/li>\n<li>Dimensions : 50 x 30 cm (L x l).<\/li>\n<li>Couleur : blanc.<\/li>\n<li>Mat\u00e9riau : microfibre (100 % polyester).<\/li>\n<li>Densit\u00e9 de masse : 320 g\/m\u00b2.<\/li>\n<li>Emballage : 4 pi\u00e8ces.<\/li>\n<\/ul>\n<div><b>Conseils d&rsquo;utilisation<\/b><\/div>\n<div>\n<ul>\n<li>Peuvent \u00eatre lav\u00e9es en machine jusqu&rsquo;\u00e0 60 \u00b0C.<\/li>\n<li>N&rsquo;utilisez PAS d&rsquo;adoucissant, d&rsquo;agent de blanchiment ou de d\u00e9tergent contenant ces additifs.<\/li>\n<li>Ne lavez PAS avec des textiles pelucheux, sauf dans un filet \u00e0 linge \u00e0 mailles fines.<\/li>\n<li>Dosez le d\u00e9tergent comme indiqu\u00e9 sur l&#8217;emballage de votre marque pr\u00e9f\u00e9r\u00e9e. Cela suffit pour maintenir les microfibres douces des compresses en parfait \u00e9tat et pour les d\u00e9barrasser de tout r\u00e9sidu de produit, de toute salet\u00e9 ou d&rsquo;huile de massage.<\/li>\n<li>Apr\u00e8s le lavage, s\u00e9chez les compresses de pr\u00e9f\u00e9rence en les suspendant. Cela permet de conserver les microfibres en parfait \u00e9tat pendant tr\u00e8s longtemps. M\u00eame apr\u00e8s les avoir lav\u00e9es plusieurs fois, elles restent tr\u00e8s belle et ont l&rsquo;air d&rsquo;\u00eatre neuves.<\/li>\n<li>De pr\u00e9f\u00e9rence, ne s\u00e9chez pas au s\u00e8che-linge, sauf \u00e0 basse temp\u00e9rature et pas plus d&rsquo;une demi-heure. Si vous utilisez quand m\u00eame le s\u00e8che-linge, prenez en compte un raccourcissement significatif de la dur\u00e9e de vie.<\/li>\n<\/ul>\n<\/div>\n","protected":false},"excerpt":{"rendered":"<p>Compresses en microfibres merveilleusement douces, de couleur blanc vif et durable pour un aspect propre. Elles sont id\u00e9ales pour nettoyer le visage, pour enlever les r\u00e9sidus de produits pendant les soins du visage ou pour terminer un massage des \u00e9paules. Les compresses conviennent \u00e9galement pour s\u00e9cher les mains ou pour reposer la t\u00eate pendant un [&hellip;]<\/p>\n","protected":false},"featured_media":82631,"comment_status":"open","ping_status":"closed","template":"","meta":{"_acf_changed":false},"product_brand":[10494],"product_cat":[10210,9964],"product_tag":[],"class_list":{"0":"post-138946","1":"product","2":"type-product","3":"status-publish","4":"has-post-thumbnail","6":"product_brand-neweco-fr","7":"product_cat-fournitures-pour-cabinet-textile-linges-a-main-compresses","8":"product_cat-beaute-materiel-pratique-textile","10":"first","11":"instock","12":"taxable","13":"shipping-taxable","14":"product-type-simple"},"acf":[],"yoast_head":"<!-- This site is optimized with the Yoast SEO plugin v27.3 - https:\/\/yoast.com\/product\/yoast-seo-wordpress\/ -->\n<title>Neweco Soft Compresse Blanc en Microfibre 50x30 cm 4 pcs. - Districos Webshop<\/title>\n<meta name=\"robots\" content=\"noindex, follow, max-snippet:-1, max-image-preview:large, max-video-preview:-1\" \/>\n<meta property=\"og:locale\" content=\"fr_FR\" \/>\n<meta property=\"og:type\" content=\"article\" \/>\n<meta property=\"og:title\" content=\"Neweco Soft Compresse Blanc en Microfibre 50x30 cm 4 pcs. - Districos Webshop\" \/>\n<meta property=\"og:description\" content=\"Compresses en microfibres merveilleusement douces, de couleur blanc vif et durable pour un aspect propre. Elles sont id\u00e9ales pour nettoyer le visage, pour enlever les r\u00e9sidus de produits pendant les soins du visage ou pour terminer un massage des \u00e9paules. Les compresses conviennent \u00e9galement pour s\u00e9cher les mains ou pour reposer la t\u00eate pendant un [&hellip;]\" \/>\n<meta property=\"og:url\" content=\"https:\/\/districos.standingout.be\/fr\/product\/neweco-soft-compresse-blanc-en-microfibre-50x30-cm-4-pcs-ref-8614-01\/\" \/>\n<meta property=\"og:site_name\" content=\"Districos Webshop\" \/>\n<meta property=\"article:modified_time\" content=\"2026-04-28T10:06:34+00:00\" \/>\n<meta name=\"twitter:card\" content=\"summary_large_image\" \/>\n<meta name=\"twitter:label1\" content=\"Dur\u00e9e de lecture estim\u00e9e\" \/>\n\t<meta name=\"twitter:data1\" content=\"1 minute\" \/>\n<script type=\"application\/ld+json\" class=\"yoast-schema-graph\">{\"@context\":\"https:\\\/\\\/schema.org\",\"@graph\":[{\"@type\":\"WebPage\",\"@id\":\"https:\\\/\\\/districos.standingout.be\\\/fr\\\/product\\\/neweco-soft-compresse-blanc-en-microfibre-50x30-cm-4-pcs-ref-8614-01\\\/\",\"url\":\"https:\\\/\\\/districos.standingout.be\\\/fr\\\/product\\\/neweco-soft-compresse-blanc-en-microfibre-50x30-cm-4-pcs-ref-8614-01\\\/\",\"name\":\"Neweco Soft Compresse Blanc en Microfibre 50x30 cm 4 pcs. - Districos Webshop\",\"isPartOf\":{\"@id\":\"https:\\\/\\\/districos.standingout.be\\\/fr\\\/#website\"},\"primaryImageOfPage\":{\"@id\":\"https:\\\/\\\/districos.standingout.be\\\/fr\\\/product\\\/neweco-soft-compresse-blanc-en-microfibre-50x30-cm-4-pcs-ref-8614-01\\\/#primaryimage\"},\"image\":{\"@id\":\"https:\\\/\\\/districos.standingout.be\\\/fr\\\/product\\\/neweco-soft-compresse-blanc-en-microfibre-50x30-cm-4-pcs-ref-8614-01\\\/#primaryimage\"},\"thumbnailUrl\":\"https:\\\/\\\/districos.standingout.be\\\/wp-content\\\/uploads\\\/2025\\\/07\\\/8614.01@LowRes_1.png\",\"datePublished\":\"2026-04-28T10:06:30+00:00\",\"dateModified\":\"2026-04-28T10:06:34+00:00\",\"breadcrumb\":{\"@id\":\"https:\\\/\\\/districos.standingout.be\\\/fr\\\/product\\\/neweco-soft-compresse-blanc-en-microfibre-50x30-cm-4-pcs-ref-8614-01\\\/#breadcrumb\"},\"inLanguage\":\"fr-FR\",\"potentialAction\":[{\"@type\":\"ReadAction\",\"target\":[\"https:\\\/\\\/districos.standingout.be\\\/fr\\\/product\\\/neweco-soft-compresse-blanc-en-microfibre-50x30-cm-4-pcs-ref-8614-01\\\/\"]}]},{\"@type\":\"ImageObject\",\"inLanguage\":\"fr-FR\",\"@id\":\"https:\\\/\\\/districos.standingout.be\\\/fr\\\/product\\\/neweco-soft-compresse-blanc-en-microfibre-50x30-cm-4-pcs-ref-8614-01\\\/#primaryimage\",\"url\":\"https:\\\/\\\/districos.standingout.be\\\/wp-content\\\/uploads\\\/2025\\\/07\\\/8614.01@LowRes_1.png\",\"contentUrl\":\"https:\\\/\\\/districos.standingout.be\\\/wp-content\\\/uploads\\\/2025\\\/07\\\/8614.01@LowRes_1.png\",\"width\":600,\"height\":600},{\"@type\":\"BreadcrumbList\",\"@id\":\"https:\\\/\\\/districos.standingout.be\\\/fr\\\/product\\\/neweco-soft-compresse-blanc-en-microfibre-50x30-cm-4-pcs-ref-8614-01\\\/#breadcrumb\",\"itemListElement\":[{\"@type\":\"ListItem\",\"position\":1,\"name\":\"Home\",\"item\":\"https:\\\/\\\/districos.standingout.be\\\/fr\\\/bienvenue-chez-districos\\\/\"},{\"@type\":\"ListItem\",\"position\":2,\"name\":\"Boutique\",\"item\":\"https:\\\/\\\/districos.standingout.be\\\/fr\\\/boutique\\\/\"},{\"@type\":\"ListItem\",\"position\":3,\"name\":\"Neweco Soft Compresse Blanc en Microfibre 50&#215;30 cm 4 pcs.\"}]},{\"@type\":\"WebSite\",\"@id\":\"https:\\\/\\\/districos.standingout.be\\\/fr\\\/#website\",\"url\":\"https:\\\/\\\/districos.standingout.be\\\/fr\\\/\",\"name\":\"Districos Webshop\",\"description\":\"\",\"publisher\":{\"@id\":\"https:\\\/\\\/districos.standingout.be\\\/fr\\\/#organization\"},\"potentialAction\":[{\"@type\":\"SearchAction\",\"target\":{\"@type\":\"EntryPoint\",\"urlTemplate\":\"https:\\\/\\\/districos.standingout.be\\\/fr\\\/?s={search_term_string}\"},\"query-input\":{\"@type\":\"PropertyValueSpecification\",\"valueRequired\":true,\"valueName\":\"search_term_string\"}}],\"inLanguage\":\"fr-FR\"},{\"@type\":\"Organization\",\"@id\":\"https:\\\/\\\/districos.standingout.be\\\/fr\\\/#organization\",\"name\":\"Districos Webshop\",\"url\":\"https:\\\/\\\/districos.standingout.be\\\/fr\\\/\",\"logo\":{\"@type\":\"ImageObject\",\"inLanguage\":\"fr-FR\",\"@id\":\"https:\\\/\\\/districos.standingout.be\\\/fr\\\/#\\\/schema\\\/logo\\\/image\\\/\",\"url\":\"https:\\\/\\\/districos.standingout.be\\\/wp-content\\\/uploads\\\/2022\\\/09\\\/Districos_Logo_Webshop.svg\",\"contentUrl\":\"https:\\\/\\\/districos.standingout.be\\\/wp-content\\\/uploads\\\/2022\\\/09\\\/Districos_Logo_Webshop.svg\",\"caption\":\"Districos Webshop\"},\"image\":{\"@id\":\"https:\\\/\\\/districos.standingout.be\\\/fr\\\/#\\\/schema\\\/logo\\\/image\\\/\"}}]}<\/script>\n<!-- \/ Yoast SEO plugin. -->","yoast_head_json":{"title":"Neweco Soft Compresse Blanc en Microfibre 50x30 cm 4 pcs. - Districos Webshop","robots":{"index":"noindex","follow":"follow","max-snippet":"max-snippet:-1","max-image-preview":"max-image-preview:large","max-video-preview":"max-video-preview:-1"},"og_locale":"fr_FR","og_type":"article","og_title":"Neweco Soft Compresse Blanc en Microfibre 50x30 cm 4 pcs. - Districos Webshop","og_description":"Compresses en microfibres merveilleusement douces, de couleur blanc vif et durable pour un aspect propre. Elles sont id\u00e9ales pour nettoyer le visage, pour enlever les r\u00e9sidus de produits pendant les soins du visage ou pour terminer un massage des \u00e9paules. Les compresses conviennent \u00e9galement pour s\u00e9cher les mains ou pour reposer la t\u00eate pendant un [&hellip;]","og_url":"https:\/\/districos.standingout.be\/fr\/product\/neweco-soft-compresse-blanc-en-microfibre-50x30-cm-4-pcs-ref-8614-01\/","og_site_name":"Districos Webshop","article_modified_time":"2026-04-28T10:06:34+00:00","twitter_card":"summary_large_image","twitter_misc":{"Dur\u00e9e de lecture estim\u00e9e":"1 minute"},"schema":{"@context":"https:\/\/schema.org","@graph":[{"@type":"WebPage","@id":"https:\/\/districos.standingout.be\/fr\/product\/neweco-soft-compresse-blanc-en-microfibre-50x30-cm-4-pcs-ref-8614-01\/","url":"https:\/\/districos.standingout.be\/fr\/product\/neweco-soft-compresse-blanc-en-microfibre-50x30-cm-4-pcs-ref-8614-01\/","name":"Neweco Soft Compresse Blanc en Microfibre 50x30 cm 4 pcs. - Districos Webshop","isPartOf":{"@id":"https:\/\/districos.standingout.be\/fr\/#website"},"primaryImageOfPage":{"@id":"https:\/\/districos.standingout.be\/fr\/product\/neweco-soft-compresse-blanc-en-microfibre-50x30-cm-4-pcs-ref-8614-01\/#primaryimage"},"image":{"@id":"https:\/\/districos.standingout.be\/fr\/product\/neweco-soft-compresse-blanc-en-microfibre-50x30-cm-4-pcs-ref-8614-01\/#primaryimage"},"thumbnailUrl":"https:\/\/districos.standingout.be\/wp-content\/uploads\/2025\/07\/8614.01@LowRes_1.png","datePublished":"2026-04-28T10:06:30+00:00","dateModified":"2026-04-28T10:06:34+00:00","breadcrumb":{"@id":"https:\/\/districos.standingout.be\/fr\/product\/neweco-soft-compresse-blanc-en-microfibre-50x30-cm-4-pcs-ref-8614-01\/#breadcrumb"},"inLanguage":"fr-FR","potentialAction":[{"@type":"ReadAction","target":["https:\/\/districos.standingout.be\/fr\/product\/neweco-soft-compresse-blanc-en-microfibre-50x30-cm-4-pcs-ref-8614-01\/"]}]},{"@type":"ImageObject","inLanguage":"fr-FR","@id":"https:\/\/districos.standingout.be\/fr\/product\/neweco-soft-compresse-blanc-en-microfibre-50x30-cm-4-pcs-ref-8614-01\/#primaryimage","url":"https:\/\/districos.standingout.be\/wp-content\/uploads\/2025\/07\/8614.01@LowRes_1.png","contentUrl":"https:\/\/districos.standingout.be\/wp-content\/uploads\/2025\/07\/8614.01@LowRes_1.png","width":600,"height":600},{"@type":"BreadcrumbList","@id":"https:\/\/districos.standingout.be\/fr\/product\/neweco-soft-compresse-blanc-en-microfibre-50x30-cm-4-pcs-ref-8614-01\/#breadcrumb","itemListElement":[{"@type":"ListItem","position":1,"name":"Home","item":"https:\/\/districos.standingout.be\/fr\/bienvenue-chez-districos\/"},{"@type":"ListItem","position":2,"name":"Boutique","item":"https:\/\/districos.standingout.be\/fr\/boutique\/"},{"@type":"ListItem","position":3,"name":"Neweco Soft Compresse Blanc en Microfibre 50&#215;30 cm 4 pcs."}]},{"@type":"WebSite","@id":"https:\/\/districos.standingout.be\/fr\/#website","url":"https:\/\/districos.standingout.be\/fr\/","name":"Districos Webshop","description":"","publisher":{"@id":"https:\/\/districos.standingout.be\/fr\/#organization"},"potentialAction":[{"@type":"SearchAction","target":{"@type":"EntryPoint","urlTemplate":"https:\/\/districos.standingout.be\/fr\/?s={search_term_string}"},"query-input":{"@type":"PropertyValueSpecification","valueRequired":true,"valueName":"search_term_string"}}],"inLanguage":"fr-FR"},{"@type":"Organization","@id":"https:\/\/districos.standingout.be\/fr\/#organization","name":"Districos Webshop","url":"https:\/\/districos.standingout.be\/fr\/","logo":{"@type":"ImageObject","inLanguage":"fr-FR","@id":"https:\/\/districos.standingout.be\/fr\/#\/schema\/logo\/image\/","url":"https:\/\/districos.standingout.be\/wp-content\/uploads\/2022\/09\/Districos_Logo_Webshop.svg","contentUrl":"https:\/\/districos.standingout.be\/wp-content\/uploads\/2022\/09\/Districos_Logo_Webshop.svg","caption":"Districos Webshop"},"image":{"@id":"https:\/\/districos.standingout.be\/fr\/#\/schema\/logo\/image\/"}}]}},"_links":{"self":[{"href":"https:\/\/districos.standingout.be\/fr\/wp-json\/wp\/v2\/product\/138946","targetHints":{"allow":["GET"]}}],"collection":[{"href":"https:\/\/districos.standingout.be\/fr\/wp-json\/wp\/v2\/product"}],"about":[{"href":"https:\/\/districos.standingout.be\/fr\/wp-json\/wp\/v2\/types\/product"}],"replies":[{"embeddable":true,"href":"https:\/\/districos.standingout.be\/fr\/wp-json\/wp\/v2\/comments?post=138946"}],"wp:featuredmedia":[{"embeddable":true,"href":"https:\/\/districos.standingout.be\/fr\/wp-json\/wp\/v2\/media\/82631"}],"wp:attachment":[{"href":"https:\/\/districos.standingout.be\/fr\/wp-json\/wp\/v2\/media?parent=138946"}],"wp:term":[{"taxonomy":"product_brand","embeddable":true,"href":"https:\/\/districos.standingout.be\/fr\/wp-json\/wp\/v2\/product_brand?post=138946"},{"taxonomy":"product_cat","embeddable":true,"href":"https:\/\/districos.standingout.be\/fr\/wp-json\/wp\/v2\/product_cat?post=138946"},{"taxonomy":"product_tag","embeddable":true,"href":"https:\/\/districos.standingout.be\/fr\/wp-json\/wp\/v2\/product_tag?post=138946"}],"curies":[{"name":"wp","href":"https:\/\/api.w.org\/{rel}","templated":true}]}}