{"id":138950,"date":"2026-04-28T12:06:41","date_gmt":"2026-04-28T10:06:41","guid":{"rendered":"https:\/\/webshopdistricoscom.webhosting.be\/product\/neweco-soft-serviette-de-massage-anthracite-220-x-100-cm-ref-8614-52\/"},"modified":"2026-04-28T12:06:44","modified_gmt":"2026-04-28T10:06:44","slug":"neweco-soft-serviette-de-massage-anthracite-220-x-100-cm-ref-8614-52","status":"publish","type":"product","link":"https:\/\/districos.standingout.be\/fr\/product\/neweco-soft-serviette-de-massage-anthracite-220-x-100-cm-ref-8614-52\/","title":{"rendered":"Neweco Soft Serviette de Massage Anthracite 220 x 100 cm"},"content":{"rendered":"<p >\n<\/p>\n<\/p>\n<\/p>\n<\/p>\n<\/p>\n<\/p>\n<\/p>\n<\/p>\n<\/p>\n<p><span lang=\"FR-BE\">Grande serviette de massage en microfibres merveilleusement douce, de couleur anthracite vif et durable pour un aspect propre. Cette serviette de massage de taille impressionnante couvre l&rsquo;ensemble de votre table de massage. La serviette est confortable et douce pour la peau gr\u00e2ce \u00e0 sa technologie sp\u00e9ciale MicroPluche. En outre, elle a une longue dur\u00e9e de vie et reste douce et belle, m\u00eame apr\u00e8s de nombreux lavages. Id\u00e9ale pour s&rsquo;allonger et assez grande pour couvrir tout le corps ou pour le garder au chaud. Les odeurs des huiles de massage ne sont pas retenues par les fibres et peuvent donc \u00eatre \u00e9limin\u00e9es rapidement en machine.<o:p><\/o:p><\/span><\/p>\n<ul type=\"disc\">\n<li><span lang=\"FR-BE\">Ultra douce et confortable.<o:p><\/o:p><\/span><\/li>\n<li><span lang=\"FR-BE\">R\u00e9sistante \u00e0 l&rsquo;huile de massage et aux taches.<o:p><\/o:p><\/span><\/li>\n<li><span lang=\"FR-BE\">Couleur et forme inalt\u00e9rables.<o:p><\/o:p><\/span><\/li>\n<li><span lang=\"FR-BE\">Hypoallerg\u00e9nique et antibact\u00e9rienne : id\u00e9ale pour les peaux sensibles.<o:p><\/o:p><\/span><\/li>\n<li><span lang=\"FR-BE\">Dur\u00e9e de vie exceptionnelle.<o:p><\/o:p><\/span><\/li>\n<li><span lang=\"FR-BE\">\u00c9cologique en raison de son temps de s\u00e9chage rapide.<o:p><\/o:p><\/span><\/li>\n<li><span lang=\"FR-BE\">Dimensions : 100 x 220 cm (L x l).<o:p><\/o:p><\/span><\/li>\n<li><span lang=\"FR-BE\">Couleur : anthracite.<o:p><\/o:p><\/span><\/li>\n<li><span lang=\"FR-BE\">Mat\u00e9riau : microfibre (100 % polyester).<o:p><\/o:p><\/span><\/li>\n<li><span lang=\"FR-BE\">Densit\u00e9 de masse :&nbsp;320 g\/m\u00b2.<o:p><\/o:p><\/span><\/li>\n<li><span lang=\"FR-BE\">Emballage : 1 pi\u00e8ce.<o:p><\/o:p><\/span><\/li>\n<\/ul>\n<p><b><span lang=\"FR-BE\">\u00c9galement disponible<o:p><\/o:p><\/span><\/b><\/p>\n<ul type=\"disc\">\n<li><span lang=\"FR-BE\">Neweco Soft Serviette de Massage Blanc 100 x 220 cm (r\u00e9f. <a href=\"https:\/\/webshop.districos.com\/ProductDetail\/8614.51\" target=\"_blank\" rel=\"noopener noreferrer nofollow\"> 8614.51<\/a>)<o:p><\/o:p><\/span><\/li>\n<li><span lang=\"FR-BE\">Neweco Soft Serviette + Cavit\u00e9 Faciale Anthracite 90 x 45 cm (r\u00e9f. <a href=\"https:\/\/webshop.districos.com\/ProductDetail\/8614.72\" target=\"_blank\" rel=\"noopener noreferrer nofollow\"> 8614.72<\/a>)<o:p><\/o:p><\/span><\/li>\n<li><span lang=\"FR-BE\">Neweco Soft Serviette + Cavit\u00e9 Faciale Blanc 90 x 45 cm&nbsp;(r\u00e9f. <a href=\"https:\/\/webshop.districos.com\/ProductDetail\/8614.71\" target=\"_blank\" rel=\"noopener noreferrer nofollow\"> 8614.71<\/a>)<o:p><\/o:p><\/span><\/li>\n<\/ul>\n<p><b><span lang=\"FR-BE\">Conseils d&rsquo;utilisation<o:p><\/o:p><\/span><\/b><\/p>\n<ul type=\"disc\">\n<li><span lang=\"FR-BE\">Peut \u00eatre lav\u00e9e en machine jusqu&rsquo;\u00e0 60 \u00b0C.<o:p><\/o:p><\/span><\/li>\n<li><span lang=\"FR-BE\">N&rsquo;utilisez PAS d&rsquo;adoucissant, d&rsquo;agent de blanchiment ou de d\u00e9tergent contenant ces additifs.<o:p><\/o:p><\/span><\/li>\n<li><span lang=\"FR-BE\">Ne lavez PAS avec des textiles pelucheux, sauf dans un filet \u00e0 linge \u00e0 mailles fines.<o:p><\/o:p><\/span><\/li>\n<li><span lang=\"FR-BE\">Dosez le d\u00e9tergent comme indiqu\u00e9 sur l&#8217;emballage de votre marque pr\u00e9f\u00e9r\u00e9e. Cela suffit pour maintenir les microfibres douces de la serviette en parfait \u00e9tat et pour la d\u00e9barrasser de tout r\u00e9sidu de produit, de toute salet\u00e9 ou d&rsquo;huile de massage.<o:p><\/o:p><\/span><\/li>\n<li><span lang=\"FR-BE\">Apr\u00e8s le lavage, s\u00e9chez la serviette de pr\u00e9f\u00e9rence en la suspendant. Cela permet de conserver les microfibres en parfait \u00e9tat pendant tr\u00e8s longtemps. M\u00eame apr\u00e8s l&rsquo;avoir lav\u00e9e plusieurs fois, la serviette reste tr\u00e8s belle et a l&rsquo;air d&rsquo;\u00eatre neuve.<o:p><\/o:p><\/span><\/li>\n<li><span lang=\"FR-BE\">De pr\u00e9f\u00e9rence, ne s\u00e9chez pas au s\u00e8che-linge, sauf \u00e0 basse temp\u00e9rature et pas plus d&rsquo;une demi-heure. Si vous utilisez quand m\u00eame le s\u00e8che-linge, prenez en compte un raccourcissement significatif de la dur\u00e9e de vie.<o:p><\/o:p><\/span><\/li>\n<\/ul>\n<p><span lang=\"FR-BE\"> &nbsp; <\/span><\/p>\n","protected":false},"excerpt":{"rendered":"<p>Grande serviette de massage en microfibres merveilleusement douce, de couleur anthracite vif et durable pour un aspect propre. Cette serviette de massage de taille impressionnante couvre l&rsquo;ensemble de votre table de massage. La serviette est confortable et douce pour la peau gr\u00e2ce \u00e0 sa technologie sp\u00e9ciale MicroPluche. En outre, elle a une longue dur\u00e9e de [&hellip;]<\/p>\n","protected":false},"featured_media":148236,"comment_status":"open","ping_status":"closed","template":"","meta":{"_acf_changed":false},"product_brand":[10494],"product_cat":[10210,9964],"product_tag":[],"class_list":{"0":"post-138950","1":"product","2":"type-product","3":"status-publish","4":"has-post-thumbnail","6":"product_brand-neweco-fr","7":"product_cat-fournitures-pour-cabinet-textile-linges-a-main-compresses","8":"product_cat-beaute-materiel-pratique-textile","10":"first","11":"instock","12":"taxable","13":"shipping-taxable","14":"product-type-simple"},"acf":[],"yoast_head":"<!-- This site is optimized with the Yoast SEO plugin v27.3 - https:\/\/yoast.com\/product\/yoast-seo-wordpress\/ -->\n<title>Neweco Soft Serviette de Massage Anthracite 220 x 100 cm - Districos Webshop<\/title>\n<meta name=\"robots\" content=\"noindex, follow, max-snippet:-1, max-image-preview:large, max-video-preview:-1\" \/>\n<meta property=\"og:locale\" content=\"fr_FR\" \/>\n<meta property=\"og:type\" content=\"article\" \/>\n<meta property=\"og:title\" content=\"Neweco Soft Serviette de Massage Anthracite 220 x 100 cm - Districos Webshop\" \/>\n<meta property=\"og:description\" content=\"Grande serviette de massage en microfibres merveilleusement douce, de couleur anthracite vif et durable pour un aspect propre. Cette serviette de massage de taille impressionnante couvre l&rsquo;ensemble de votre table de massage. La serviette est confortable et douce pour la peau gr\u00e2ce \u00e0 sa technologie sp\u00e9ciale MicroPluche. En outre, elle a une longue dur\u00e9e de [&hellip;]\" \/>\n<meta property=\"og:url\" content=\"https:\/\/districos.standingout.be\/fr\/product\/neweco-soft-serviette-de-massage-anthracite-220-x-100-cm-ref-8614-52\/\" \/>\n<meta property=\"og:site_name\" content=\"Districos Webshop\" \/>\n<meta property=\"article:modified_time\" content=\"2026-04-28T10:06:44+00:00\" \/>\n<meta name=\"twitter:card\" content=\"summary_large_image\" \/>\n<meta name=\"twitter:label1\" content=\"Dur\u00e9e de lecture estim\u00e9e\" \/>\n\t<meta name=\"twitter:data1\" content=\"2 minutes\" \/>\n<script type=\"application\/ld+json\" class=\"yoast-schema-graph\">{\"@context\":\"https:\\\/\\\/schema.org\",\"@graph\":[{\"@type\":\"WebPage\",\"@id\":\"https:\\\/\\\/districos.standingout.be\\\/fr\\\/product\\\/neweco-soft-serviette-de-massage-anthracite-220-x-100-cm-ref-8614-52\\\/\",\"url\":\"https:\\\/\\\/districos.standingout.be\\\/fr\\\/product\\\/neweco-soft-serviette-de-massage-anthracite-220-x-100-cm-ref-8614-52\\\/\",\"name\":\"Neweco Soft Serviette de Massage Anthracite 220 x 100 cm - Districos Webshop\",\"isPartOf\":{\"@id\":\"https:\\\/\\\/districos.standingout.be\\\/fr\\\/#website\"},\"primaryImageOfPage\":{\"@id\":\"https:\\\/\\\/districos.standingout.be\\\/fr\\\/product\\\/neweco-soft-serviette-de-massage-anthracite-220-x-100-cm-ref-8614-52\\\/#primaryimage\"},\"image\":{\"@id\":\"https:\\\/\\\/districos.standingout.be\\\/fr\\\/product\\\/neweco-soft-serviette-de-massage-anthracite-220-x-100-cm-ref-8614-52\\\/#primaryimage\"},\"thumbnailUrl\":\"https:\\\/\\\/districos.standingout.be\\\/wp-content\\\/uploads\\\/2026\\\/04\\\/8614.52@Neweco-Soft-Massagehanddoek-Antraciet-220-x-100-cm_1-1.png\",\"datePublished\":\"2026-04-28T10:06:41+00:00\",\"dateModified\":\"2026-04-28T10:06:44+00:00\",\"breadcrumb\":{\"@id\":\"https:\\\/\\\/districos.standingout.be\\\/fr\\\/product\\\/neweco-soft-serviette-de-massage-anthracite-220-x-100-cm-ref-8614-52\\\/#breadcrumb\"},\"inLanguage\":\"fr-FR\",\"potentialAction\":[{\"@type\":\"ReadAction\",\"target\":[\"https:\\\/\\\/districos.standingout.be\\\/fr\\\/product\\\/neweco-soft-serviette-de-massage-anthracite-220-x-100-cm-ref-8614-52\\\/\"]}]},{\"@type\":\"ImageObject\",\"inLanguage\":\"fr-FR\",\"@id\":\"https:\\\/\\\/districos.standingout.be\\\/fr\\\/product\\\/neweco-soft-serviette-de-massage-anthracite-220-x-100-cm-ref-8614-52\\\/#primaryimage\",\"url\":\"https:\\\/\\\/districos.standingout.be\\\/wp-content\\\/uploads\\\/2026\\\/04\\\/8614.52@Neweco-Soft-Massagehanddoek-Antraciet-220-x-100-cm_1-1.png\",\"contentUrl\":\"https:\\\/\\\/districos.standingout.be\\\/wp-content\\\/uploads\\\/2026\\\/04\\\/8614.52@Neweco-Soft-Massagehanddoek-Antraciet-220-x-100-cm_1-1.png\",\"width\":600,\"height\":274},{\"@type\":\"BreadcrumbList\",\"@id\":\"https:\\\/\\\/districos.standingout.be\\\/fr\\\/product\\\/neweco-soft-serviette-de-massage-anthracite-220-x-100-cm-ref-8614-52\\\/#breadcrumb\",\"itemListElement\":[{\"@type\":\"ListItem\",\"position\":1,\"name\":\"Home\",\"item\":\"https:\\\/\\\/districos.standingout.be\\\/fr\\\/bienvenue-chez-districos\\\/\"},{\"@type\":\"ListItem\",\"position\":2,\"name\":\"Boutique\",\"item\":\"https:\\\/\\\/districos.standingout.be\\\/fr\\\/boutique\\\/\"},{\"@type\":\"ListItem\",\"position\":3,\"name\":\"Neweco Soft Serviette de Massage Anthracite 220 x 100 cm\"}]},{\"@type\":\"WebSite\",\"@id\":\"https:\\\/\\\/districos.standingout.be\\\/fr\\\/#website\",\"url\":\"https:\\\/\\\/districos.standingout.be\\\/fr\\\/\",\"name\":\"Districos Webshop\",\"description\":\"\",\"publisher\":{\"@id\":\"https:\\\/\\\/districos.standingout.be\\\/fr\\\/#organization\"},\"potentialAction\":[{\"@type\":\"SearchAction\",\"target\":{\"@type\":\"EntryPoint\",\"urlTemplate\":\"https:\\\/\\\/districos.standingout.be\\\/fr\\\/?s={search_term_string}\"},\"query-input\":{\"@type\":\"PropertyValueSpecification\",\"valueRequired\":true,\"valueName\":\"search_term_string\"}}],\"inLanguage\":\"fr-FR\"},{\"@type\":\"Organization\",\"@id\":\"https:\\\/\\\/districos.standingout.be\\\/fr\\\/#organization\",\"name\":\"Districos Webshop\",\"url\":\"https:\\\/\\\/districos.standingout.be\\\/fr\\\/\",\"logo\":{\"@type\":\"ImageObject\",\"inLanguage\":\"fr-FR\",\"@id\":\"https:\\\/\\\/districos.standingout.be\\\/fr\\\/#\\\/schema\\\/logo\\\/image\\\/\",\"url\":\"https:\\\/\\\/districos.standingout.be\\\/wp-content\\\/uploads\\\/2022\\\/09\\\/Districos_Logo_Webshop.svg\",\"contentUrl\":\"https:\\\/\\\/districos.standingout.be\\\/wp-content\\\/uploads\\\/2022\\\/09\\\/Districos_Logo_Webshop.svg\",\"caption\":\"Districos Webshop\"},\"image\":{\"@id\":\"https:\\\/\\\/districos.standingout.be\\\/fr\\\/#\\\/schema\\\/logo\\\/image\\\/\"}}]}<\/script>\n<!-- \/ Yoast SEO plugin. -->","yoast_head_json":{"title":"Neweco Soft Serviette de Massage Anthracite 220 x 100 cm - Districos Webshop","robots":{"index":"noindex","follow":"follow","max-snippet":"max-snippet:-1","max-image-preview":"max-image-preview:large","max-video-preview":"max-video-preview:-1"},"og_locale":"fr_FR","og_type":"article","og_title":"Neweco Soft Serviette de Massage Anthracite 220 x 100 cm - Districos Webshop","og_description":"Grande serviette de massage en microfibres merveilleusement douce, de couleur anthracite vif et durable pour un aspect propre. Cette serviette de massage de taille impressionnante couvre l&rsquo;ensemble de votre table de massage. La serviette est confortable et douce pour la peau gr\u00e2ce \u00e0 sa technologie sp\u00e9ciale MicroPluche. En outre, elle a une longue dur\u00e9e de [&hellip;]","og_url":"https:\/\/districos.standingout.be\/fr\/product\/neweco-soft-serviette-de-massage-anthracite-220-x-100-cm-ref-8614-52\/","og_site_name":"Districos Webshop","article_modified_time":"2026-04-28T10:06:44+00:00","twitter_card":"summary_large_image","twitter_misc":{"Dur\u00e9e de lecture estim\u00e9e":"2 minutes"},"schema":{"@context":"https:\/\/schema.org","@graph":[{"@type":"WebPage","@id":"https:\/\/districos.standingout.be\/fr\/product\/neweco-soft-serviette-de-massage-anthracite-220-x-100-cm-ref-8614-52\/","url":"https:\/\/districos.standingout.be\/fr\/product\/neweco-soft-serviette-de-massage-anthracite-220-x-100-cm-ref-8614-52\/","name":"Neweco Soft Serviette de Massage Anthracite 220 x 100 cm - Districos Webshop","isPartOf":{"@id":"https:\/\/districos.standingout.be\/fr\/#website"},"primaryImageOfPage":{"@id":"https:\/\/districos.standingout.be\/fr\/product\/neweco-soft-serviette-de-massage-anthracite-220-x-100-cm-ref-8614-52\/#primaryimage"},"image":{"@id":"https:\/\/districos.standingout.be\/fr\/product\/neweco-soft-serviette-de-massage-anthracite-220-x-100-cm-ref-8614-52\/#primaryimage"},"thumbnailUrl":"https:\/\/districos.standingout.be\/wp-content\/uploads\/2026\/04\/8614.52@Neweco-Soft-Massagehanddoek-Antraciet-220-x-100-cm_1-1.png","datePublished":"2026-04-28T10:06:41+00:00","dateModified":"2026-04-28T10:06:44+00:00","breadcrumb":{"@id":"https:\/\/districos.standingout.be\/fr\/product\/neweco-soft-serviette-de-massage-anthracite-220-x-100-cm-ref-8614-52\/#breadcrumb"},"inLanguage":"fr-FR","potentialAction":[{"@type":"ReadAction","target":["https:\/\/districos.standingout.be\/fr\/product\/neweco-soft-serviette-de-massage-anthracite-220-x-100-cm-ref-8614-52\/"]}]},{"@type":"ImageObject","inLanguage":"fr-FR","@id":"https:\/\/districos.standingout.be\/fr\/product\/neweco-soft-serviette-de-massage-anthracite-220-x-100-cm-ref-8614-52\/#primaryimage","url":"https:\/\/districos.standingout.be\/wp-content\/uploads\/2026\/04\/8614.52@Neweco-Soft-Massagehanddoek-Antraciet-220-x-100-cm_1-1.png","contentUrl":"https:\/\/districos.standingout.be\/wp-content\/uploads\/2026\/04\/8614.52@Neweco-Soft-Massagehanddoek-Antraciet-220-x-100-cm_1-1.png","width":600,"height":274},{"@type":"BreadcrumbList","@id":"https:\/\/districos.standingout.be\/fr\/product\/neweco-soft-serviette-de-massage-anthracite-220-x-100-cm-ref-8614-52\/#breadcrumb","itemListElement":[{"@type":"ListItem","position":1,"name":"Home","item":"https:\/\/districos.standingout.be\/fr\/bienvenue-chez-districos\/"},{"@type":"ListItem","position":2,"name":"Boutique","item":"https:\/\/districos.standingout.be\/fr\/boutique\/"},{"@type":"ListItem","position":3,"name":"Neweco Soft Serviette de Massage Anthracite 220 x 100 cm"}]},{"@type":"WebSite","@id":"https:\/\/districos.standingout.be\/fr\/#website","url":"https:\/\/districos.standingout.be\/fr\/","name":"Districos Webshop","description":"","publisher":{"@id":"https:\/\/districos.standingout.be\/fr\/#organization"},"potentialAction":[{"@type":"SearchAction","target":{"@type":"EntryPoint","urlTemplate":"https:\/\/districos.standingout.be\/fr\/?s={search_term_string}"},"query-input":{"@type":"PropertyValueSpecification","valueRequired":true,"valueName":"search_term_string"}}],"inLanguage":"fr-FR"},{"@type":"Organization","@id":"https:\/\/districos.standingout.be\/fr\/#organization","name":"Districos Webshop","url":"https:\/\/districos.standingout.be\/fr\/","logo":{"@type":"ImageObject","inLanguage":"fr-FR","@id":"https:\/\/districos.standingout.be\/fr\/#\/schema\/logo\/image\/","url":"https:\/\/districos.standingout.be\/wp-content\/uploads\/2022\/09\/Districos_Logo_Webshop.svg","contentUrl":"https:\/\/districos.standingout.be\/wp-content\/uploads\/2022\/09\/Districos_Logo_Webshop.svg","caption":"Districos Webshop"},"image":{"@id":"https:\/\/districos.standingout.be\/fr\/#\/schema\/logo\/image\/"}}]}},"_links":{"self":[{"href":"https:\/\/districos.standingout.be\/fr\/wp-json\/wp\/v2\/product\/138950","targetHints":{"allow":["GET"]}}],"collection":[{"href":"https:\/\/districos.standingout.be\/fr\/wp-json\/wp\/v2\/product"}],"about":[{"href":"https:\/\/districos.standingout.be\/fr\/wp-json\/wp\/v2\/types\/product"}],"replies":[{"embeddable":true,"href":"https:\/\/districos.standingout.be\/fr\/wp-json\/wp\/v2\/comments?post=138950"}],"wp:featuredmedia":[{"embeddable":true,"href":"https:\/\/districos.standingout.be\/fr\/wp-json\/wp\/v2\/media\/148236"}],"wp:attachment":[{"href":"https:\/\/districos.standingout.be\/fr\/wp-json\/wp\/v2\/media?parent=138950"}],"wp:term":[{"taxonomy":"product_brand","embeddable":true,"href":"https:\/\/districos.standingout.be\/fr\/wp-json\/wp\/v2\/product_brand?post=138950"},{"taxonomy":"product_cat","embeddable":true,"href":"https:\/\/districos.standingout.be\/fr\/wp-json\/wp\/v2\/product_cat?post=138950"},{"taxonomy":"product_tag","embeddable":true,"href":"https:\/\/districos.standingout.be\/fr\/wp-json\/wp\/v2\/product_tag?post=138950"}],"curies":[{"name":"wp","href":"https:\/\/api.w.org\/{rel}","templated":true}]}}