{"id":138954,"date":"2026-04-28T12:06:50","date_gmt":"2026-04-28T10:06:50","guid":{"rendered":"https:\/\/webshopdistricoscom.webhosting.be\/product\/neweco-soft-serviette-cavite-faciale-anthracite-90x45-cm-ref-8614-72\/"},"modified":"2026-04-28T12:06:54","modified_gmt":"2026-04-28T10:06:54","slug":"neweco-soft-serviette-cavite-faciale-anthracite-90x45-cm-ref-8614-72","status":"publish","type":"product","link":"https:\/\/districos.standingout.be\/fr\/product\/neweco-soft-serviette-cavite-faciale-anthracite-90x45-cm-ref-8614-72\/","title":{"rendered":"Neweco Soft Serviette + Cavit\u00e9 Faciale Anthracite 90&#215;45 cm"},"content":{"rendered":"<p >\n<\/p>\n<\/p>\n<p><font size=\"2\" face=\"Verdana\">Serviette en microfibres merveilleusement douces avec une cavit\u00e9 faciale pour prot\u00e9ger votre fauteuil de soins. Ainsi, vous pouvez recouvrir de mani\u00e8re hygi\u00e9nique la cavit\u00e9 ou l&rsquo;appuie-t\u00eate de votre fauteuil de soins de mani\u00e8re tr\u00e8s agr\u00e9able et douce. De couleur anthracite vif et durable pour un aspect propre. La serviette est confortable et douce pour la peau gr\u00e2ce \u00e0 sa technologie sp\u00e9ciale MicroPluche. En outre, elle a une longue dur\u00e9e de vie et reste douce et belle, m\u00eame apr\u00e8s de nombreux lavages. Id\u00e9ale pour prot\u00e9ger l&rsquo;appuie-t\u00eate de votre fauteuil de soins. Les odeurs des huiles de massage ne sont pas retenues par les fibres et peuvent donc \u00eatre \u00e9limin\u00e9es rapidement en machine.<br \/><\/font><\/p>\n<ul>\n<li><font size=\"2\" face=\"Verdana\"><font size=\"2\" face=\"Verdana\">Ultra douce et confortable.<\/font><\/font><\/li>\n<li><font size=\"2\" face=\"Verdana\"><font size=\"2\" face=\"Verdana\">R\u00e9sistante \u00e0 l&rsquo;huile de massage et aux taches.<\/font><\/font><\/li>\n<li><font size=\"2\" face=\"Verdana\"><font size=\"2\" face=\"Verdana\">Couleur et forme inalt\u00e9rables.<\/font><\/font><\/li>\n<li><font size=\"2\" face=\"Verdana\"><font size=\"2\" face=\"Verdana\">Hypoallerg\u00e9nique et antibact\u00e9rienne : id\u00e9ale pour les peaux sensibles.<\/font><\/font><\/li>\n<li><font size=\"2\" face=\"Verdana\"><font size=\"2\" face=\"Verdana\">Dur\u00e9e de vie exceptionnelle.<\/font><\/font><\/li>\n<li><font size=\"2\" face=\"Verdana\"><font size=\"2\" face=\"Verdana\">\u00c9cologique en raison de son temps de s\u00e9chage rapide.<\/font><\/font><\/li>\n<li><font size=\"2\" face=\"Verdana\"><font size=\"2\" face=\"Verdana\">Dimensions : 90 x 45 cm (L x l) avec cavit\u00e9 faciale.<\/font><\/font><\/li>\n<li><font size=\"2\" face=\"Verdana\"><font size=\"2\" face=\"Verdana\">Couleur : anthracite.<\/font><\/font><\/li>\n<li><font size=\"2\" face=\"Verdana\"><font size=\"2\" face=\"Verdana\">Mat\u00e9riau : microfibre (100 % polyester).<\/font><\/font><\/li>\n<li><font size=\"2\" face=\"Verdana\"><font size=\"2\" face=\"Verdana\">Densit\u00e9 de masse : 320 g\/m\u00b2.<\/font><\/font><\/li>\n<li><font size=\"2\" face=\"Verdana\"><font size=\"2\" face=\"Verdana\">Emballage : 1 pi\u00e8ce.<\/font><\/font><\/li>\n<li><span>Cavit\u00e9 faciale: Oui<\/span><\/li>\n<\/ul>\n<div>\n<div><b>\u00c9galement disponible :<\/b><\/div>\n<div>\n<ul>\n<li>Neweco Soft Serviette de Massage Anthracite 220&#215;100 cm (r\u00e9f. <a href=\"https:\/\/webshop.districos.com\/ProductDetail\/8614.52\" target=\"_blank\" rel=\"noopener noreferrer nofollow\"> 8614.52<\/a>)<\/li>\n<li>Neweco Soft Serviette de Massage Blanc 100x220cm (r\u00e9f. <a href=\"https:\/\/webshop.districos.com\/ProductDetail\/8614.51\" target=\"_blank\" rel=\"noopener noreferrer nofollow\"> 8614.51<\/a>)<\/li>\n<li><font size=\"2\">Neweco Soft Serviette + Cavit\u00e9 Faciale Blanc 90&#215;45 cm&nbsp;(r\u00e9f. <a href=\"https:\/\/webshop.districos.com\/ProductDetail\/8614.71\" target=\"_blank\" rel=\"noopener noreferrer nofollow\"> 8614.71<\/a>)<\/font><\/li>\n<\/ul>\n<\/div>\n<\/div>\n<p><font size=\"2\" face=\"Verdana\"><b>Conseils d&rsquo;utilisation<\/b><\/p>\n<ul>\n<li><font size=\"2\" face=\"Verdana\">Peut \u00eatre lav\u00e9e en machine jusqu&rsquo;\u00e0 60 \u00b0C.<\/font><\/li>\n<li><font size=\"2\" face=\"Verdana\">N&rsquo;utilisez PAS d&rsquo;adoucissant, d&rsquo;agent de blanchiment ou de d\u00e9tergent contenant ces additifs.<\/font><\/li>\n<li><font size=\"2\" face=\"Verdana\">Ne lavez PAS avec des textiles pelucheux, sauf dans un filet \u00e0 linge \u00e0 mailles fines.<\/font><\/li>\n<li><font size=\"2\" face=\"Verdana\">Dosez le d\u00e9tergent comme indiqu\u00e9 sur l&#8217;emballage de votre marque pr\u00e9f\u00e9r\u00e9e. Cela suffit pour maintenir les microfibres douces de la serviette en parfait \u00e9tat et pour la d\u00e9barrasser de tout r\u00e9sidu de produit, de toute salet\u00e9 ou d&rsquo;huile de massage.<\/font><\/li>\n<li><font size=\"2\" face=\"Verdana\">Apr\u00e8s le lavage, s\u00e9chez la serviette de pr\u00e9f\u00e9rence en la suspendant. Cela permet de conserver les microfibres en parfait \u00e9tat pendant tr\u00e8s longtemps. M\u00eame apr\u00e8s l&rsquo;avoir lav\u00e9e plusieurs fois, la serviette reste tr\u00e8s belle et a l&rsquo;air d&rsquo;\u00eatre neuve.<\/font><\/li>\n<li><font size=\"2\" face=\"Verdana\">De pr\u00e9f\u00e9rence, ne s\u00e9chez pas au s\u00e8che-linge, sauf \u00e0 basse temp\u00e9rature et pas plus d&rsquo;une demi-heure. Si vous utilisez quand m\u00eame le s\u00e8che-linge, prenez en compte un raccourcissement significatif de la dur\u00e9e de vie.<\/font><\/li>\n<\/ul>\n<p><\/font> <\/p>\n","protected":false},"excerpt":{"rendered":"<p>Serviette en microfibres merveilleusement douces avec une cavit\u00e9 faciale pour prot\u00e9ger votre fauteuil de soins. Ainsi, vous pouvez recouvrir de mani\u00e8re hygi\u00e9nique la cavit\u00e9 ou l&rsquo;appuie-t\u00eate de votre fauteuil de soins de mani\u00e8re tr\u00e8s agr\u00e9able et douce. De couleur anthracite vif et durable pour un aspect propre. La serviette est confortable et douce pour la [&hellip;]<\/p>\n","protected":false},"featured_media":82643,"comment_status":"open","ping_status":"closed","template":"","meta":{"_acf_changed":false},"product_brand":[10494],"product_cat":[10144,10214,10210,9964],"product_tag":[],"class_list":{"0":"post-138954","1":"product","2":"type-product","3":"status-publish","4":"has-post-thumbnail","6":"product_brand-neweco-fr","7":"product_cat-hygiene-articles-jetables-articles-jetables-housses-de-protection","8":"product_cat-fournitures-pour-cabinet-textile-housses-de-protection","9":"product_cat-fournitures-pour-cabinet-textile-linges-a-main-compresses","10":"product_cat-beaute-materiel-pratique-textile","12":"first","13":"instock","14":"taxable","15":"shipping-taxable","16":"product-type-simple"},"acf":[],"yoast_head":"<!-- This site is optimized with the Yoast SEO plugin v27.3 - https:\/\/yoast.com\/product\/yoast-seo-wordpress\/ -->\n<title>Neweco Soft Serviette + Cavit\u00e9 Faciale Anthracite 90x45 cm - Districos Webshop<\/title>\n<meta name=\"robots\" content=\"noindex, follow, max-snippet:-1, max-image-preview:large, max-video-preview:-1\" \/>\n<meta property=\"og:locale\" content=\"fr_FR\" \/>\n<meta property=\"og:type\" content=\"article\" \/>\n<meta property=\"og:title\" content=\"Neweco Soft Serviette + Cavit\u00e9 Faciale Anthracite 90x45 cm - Districos Webshop\" \/>\n<meta property=\"og:description\" content=\"Serviette en microfibres merveilleusement douces avec une cavit\u00e9 faciale pour prot\u00e9ger votre fauteuil de soins. Ainsi, vous pouvez recouvrir de mani\u00e8re hygi\u00e9nique la cavit\u00e9 ou l&rsquo;appuie-t\u00eate de votre fauteuil de soins de mani\u00e8re tr\u00e8s agr\u00e9able et douce. De couleur anthracite vif et durable pour un aspect propre. La serviette est confortable et douce pour la [&hellip;]\" \/>\n<meta property=\"og:url\" content=\"https:\/\/districos.standingout.be\/fr\/product\/neweco-soft-serviette-cavite-faciale-anthracite-90x45-cm-ref-8614-72\/\" \/>\n<meta property=\"og:site_name\" content=\"Districos Webshop\" \/>\n<meta property=\"article:modified_time\" content=\"2026-04-28T10:06:54+00:00\" \/>\n<meta name=\"twitter:card\" content=\"summary_large_image\" \/>\n<meta name=\"twitter:label1\" content=\"Dur\u00e9e de lecture estim\u00e9e\" \/>\n\t<meta name=\"twitter:data1\" content=\"2 minutes\" \/>\n<script type=\"application\/ld+json\" class=\"yoast-schema-graph\">{\"@context\":\"https:\\\/\\\/schema.org\",\"@graph\":[{\"@type\":\"WebPage\",\"@id\":\"https:\\\/\\\/districos.standingout.be\\\/fr\\\/product\\\/neweco-soft-serviette-cavite-faciale-anthracite-90x45-cm-ref-8614-72\\\/\",\"url\":\"https:\\\/\\\/districos.standingout.be\\\/fr\\\/product\\\/neweco-soft-serviette-cavite-faciale-anthracite-90x45-cm-ref-8614-72\\\/\",\"name\":\"Neweco Soft Serviette + Cavit\u00e9 Faciale Anthracite 90x45 cm - Districos Webshop\",\"isPartOf\":{\"@id\":\"https:\\\/\\\/districos.standingout.be\\\/fr\\\/#website\"},\"primaryImageOfPage\":{\"@id\":\"https:\\\/\\\/districos.standingout.be\\\/fr\\\/product\\\/neweco-soft-serviette-cavite-faciale-anthracite-90x45-cm-ref-8614-72\\\/#primaryimage\"},\"image\":{\"@id\":\"https:\\\/\\\/districos.standingout.be\\\/fr\\\/product\\\/neweco-soft-serviette-cavite-faciale-anthracite-90x45-cm-ref-8614-72\\\/#primaryimage\"},\"thumbnailUrl\":\"https:\\\/\\\/districos.standingout.be\\\/wp-content\\\/uploads\\\/2025\\\/07\\\/8614.72@LowRes_1.png\",\"datePublished\":\"2026-04-28T10:06:50+00:00\",\"dateModified\":\"2026-04-28T10:06:54+00:00\",\"breadcrumb\":{\"@id\":\"https:\\\/\\\/districos.standingout.be\\\/fr\\\/product\\\/neweco-soft-serviette-cavite-faciale-anthracite-90x45-cm-ref-8614-72\\\/#breadcrumb\"},\"inLanguage\":\"fr-FR\",\"potentialAction\":[{\"@type\":\"ReadAction\",\"target\":[\"https:\\\/\\\/districos.standingout.be\\\/fr\\\/product\\\/neweco-soft-serviette-cavite-faciale-anthracite-90x45-cm-ref-8614-72\\\/\"]}]},{\"@type\":\"ImageObject\",\"inLanguage\":\"fr-FR\",\"@id\":\"https:\\\/\\\/districos.standingout.be\\\/fr\\\/product\\\/neweco-soft-serviette-cavite-faciale-anthracite-90x45-cm-ref-8614-72\\\/#primaryimage\",\"url\":\"https:\\\/\\\/districos.standingout.be\\\/wp-content\\\/uploads\\\/2025\\\/07\\\/8614.72@LowRes_1.png\",\"contentUrl\":\"https:\\\/\\\/districos.standingout.be\\\/wp-content\\\/uploads\\\/2025\\\/07\\\/8614.72@LowRes_1.png\",\"width\":600,\"height\":600},{\"@type\":\"BreadcrumbList\",\"@id\":\"https:\\\/\\\/districos.standingout.be\\\/fr\\\/product\\\/neweco-soft-serviette-cavite-faciale-anthracite-90x45-cm-ref-8614-72\\\/#breadcrumb\",\"itemListElement\":[{\"@type\":\"ListItem\",\"position\":1,\"name\":\"Home\",\"item\":\"https:\\\/\\\/districos.standingout.be\\\/fr\\\/bienvenue-chez-districos\\\/\"},{\"@type\":\"ListItem\",\"position\":2,\"name\":\"Boutique\",\"item\":\"https:\\\/\\\/districos.standingout.be\\\/fr\\\/boutique\\\/\"},{\"@type\":\"ListItem\",\"position\":3,\"name\":\"Neweco Soft Serviette + Cavit\u00e9 Faciale Anthracite 90&#215;45 cm\"}]},{\"@type\":\"WebSite\",\"@id\":\"https:\\\/\\\/districos.standingout.be\\\/fr\\\/#website\",\"url\":\"https:\\\/\\\/districos.standingout.be\\\/fr\\\/\",\"name\":\"Districos Webshop\",\"description\":\"\",\"publisher\":{\"@id\":\"https:\\\/\\\/districos.standingout.be\\\/fr\\\/#organization\"},\"potentialAction\":[{\"@type\":\"SearchAction\",\"target\":{\"@type\":\"EntryPoint\",\"urlTemplate\":\"https:\\\/\\\/districos.standingout.be\\\/fr\\\/?s={search_term_string}\"},\"query-input\":{\"@type\":\"PropertyValueSpecification\",\"valueRequired\":true,\"valueName\":\"search_term_string\"}}],\"inLanguage\":\"fr-FR\"},{\"@type\":\"Organization\",\"@id\":\"https:\\\/\\\/districos.standingout.be\\\/fr\\\/#organization\",\"name\":\"Districos Webshop\",\"url\":\"https:\\\/\\\/districos.standingout.be\\\/fr\\\/\",\"logo\":{\"@type\":\"ImageObject\",\"inLanguage\":\"fr-FR\",\"@id\":\"https:\\\/\\\/districos.standingout.be\\\/fr\\\/#\\\/schema\\\/logo\\\/image\\\/\",\"url\":\"https:\\\/\\\/districos.standingout.be\\\/wp-content\\\/uploads\\\/2022\\\/09\\\/Districos_Logo_Webshop.svg\",\"contentUrl\":\"https:\\\/\\\/districos.standingout.be\\\/wp-content\\\/uploads\\\/2022\\\/09\\\/Districos_Logo_Webshop.svg\",\"caption\":\"Districos Webshop\"},\"image\":{\"@id\":\"https:\\\/\\\/districos.standingout.be\\\/fr\\\/#\\\/schema\\\/logo\\\/image\\\/\"}}]}<\/script>\n<!-- \/ Yoast SEO plugin. -->","yoast_head_json":{"title":"Neweco Soft Serviette + Cavit\u00e9 Faciale Anthracite 90x45 cm - Districos Webshop","robots":{"index":"noindex","follow":"follow","max-snippet":"max-snippet:-1","max-image-preview":"max-image-preview:large","max-video-preview":"max-video-preview:-1"},"og_locale":"fr_FR","og_type":"article","og_title":"Neweco Soft Serviette + Cavit\u00e9 Faciale Anthracite 90x45 cm - Districos Webshop","og_description":"Serviette en microfibres merveilleusement douces avec une cavit\u00e9 faciale pour prot\u00e9ger votre fauteuil de soins. Ainsi, vous pouvez recouvrir de mani\u00e8re hygi\u00e9nique la cavit\u00e9 ou l&rsquo;appuie-t\u00eate de votre fauteuil de soins de mani\u00e8re tr\u00e8s agr\u00e9able et douce. De couleur anthracite vif et durable pour un aspect propre. La serviette est confortable et douce pour la [&hellip;]","og_url":"https:\/\/districos.standingout.be\/fr\/product\/neweco-soft-serviette-cavite-faciale-anthracite-90x45-cm-ref-8614-72\/","og_site_name":"Districos Webshop","article_modified_time":"2026-04-28T10:06:54+00:00","twitter_card":"summary_large_image","twitter_misc":{"Dur\u00e9e de lecture estim\u00e9e":"2 minutes"},"schema":{"@context":"https:\/\/schema.org","@graph":[{"@type":"WebPage","@id":"https:\/\/districos.standingout.be\/fr\/product\/neweco-soft-serviette-cavite-faciale-anthracite-90x45-cm-ref-8614-72\/","url":"https:\/\/districos.standingout.be\/fr\/product\/neweco-soft-serviette-cavite-faciale-anthracite-90x45-cm-ref-8614-72\/","name":"Neweco Soft Serviette + Cavit\u00e9 Faciale Anthracite 90x45 cm - Districos Webshop","isPartOf":{"@id":"https:\/\/districos.standingout.be\/fr\/#website"},"primaryImageOfPage":{"@id":"https:\/\/districos.standingout.be\/fr\/product\/neweco-soft-serviette-cavite-faciale-anthracite-90x45-cm-ref-8614-72\/#primaryimage"},"image":{"@id":"https:\/\/districos.standingout.be\/fr\/product\/neweco-soft-serviette-cavite-faciale-anthracite-90x45-cm-ref-8614-72\/#primaryimage"},"thumbnailUrl":"https:\/\/districos.standingout.be\/wp-content\/uploads\/2025\/07\/8614.72@LowRes_1.png","datePublished":"2026-04-28T10:06:50+00:00","dateModified":"2026-04-28T10:06:54+00:00","breadcrumb":{"@id":"https:\/\/districos.standingout.be\/fr\/product\/neweco-soft-serviette-cavite-faciale-anthracite-90x45-cm-ref-8614-72\/#breadcrumb"},"inLanguage":"fr-FR","potentialAction":[{"@type":"ReadAction","target":["https:\/\/districos.standingout.be\/fr\/product\/neweco-soft-serviette-cavite-faciale-anthracite-90x45-cm-ref-8614-72\/"]}]},{"@type":"ImageObject","inLanguage":"fr-FR","@id":"https:\/\/districos.standingout.be\/fr\/product\/neweco-soft-serviette-cavite-faciale-anthracite-90x45-cm-ref-8614-72\/#primaryimage","url":"https:\/\/districos.standingout.be\/wp-content\/uploads\/2025\/07\/8614.72@LowRes_1.png","contentUrl":"https:\/\/districos.standingout.be\/wp-content\/uploads\/2025\/07\/8614.72@LowRes_1.png","width":600,"height":600},{"@type":"BreadcrumbList","@id":"https:\/\/districos.standingout.be\/fr\/product\/neweco-soft-serviette-cavite-faciale-anthracite-90x45-cm-ref-8614-72\/#breadcrumb","itemListElement":[{"@type":"ListItem","position":1,"name":"Home","item":"https:\/\/districos.standingout.be\/fr\/bienvenue-chez-districos\/"},{"@type":"ListItem","position":2,"name":"Boutique","item":"https:\/\/districos.standingout.be\/fr\/boutique\/"},{"@type":"ListItem","position":3,"name":"Neweco Soft Serviette + Cavit\u00e9 Faciale Anthracite 90&#215;45 cm"}]},{"@type":"WebSite","@id":"https:\/\/districos.standingout.be\/fr\/#website","url":"https:\/\/districos.standingout.be\/fr\/","name":"Districos Webshop","description":"","publisher":{"@id":"https:\/\/districos.standingout.be\/fr\/#organization"},"potentialAction":[{"@type":"SearchAction","target":{"@type":"EntryPoint","urlTemplate":"https:\/\/districos.standingout.be\/fr\/?s={search_term_string}"},"query-input":{"@type":"PropertyValueSpecification","valueRequired":true,"valueName":"search_term_string"}}],"inLanguage":"fr-FR"},{"@type":"Organization","@id":"https:\/\/districos.standingout.be\/fr\/#organization","name":"Districos Webshop","url":"https:\/\/districos.standingout.be\/fr\/","logo":{"@type":"ImageObject","inLanguage":"fr-FR","@id":"https:\/\/districos.standingout.be\/fr\/#\/schema\/logo\/image\/","url":"https:\/\/districos.standingout.be\/wp-content\/uploads\/2022\/09\/Districos_Logo_Webshop.svg","contentUrl":"https:\/\/districos.standingout.be\/wp-content\/uploads\/2022\/09\/Districos_Logo_Webshop.svg","caption":"Districos Webshop"},"image":{"@id":"https:\/\/districos.standingout.be\/fr\/#\/schema\/logo\/image\/"}}]}},"_links":{"self":[{"href":"https:\/\/districos.standingout.be\/fr\/wp-json\/wp\/v2\/product\/138954","targetHints":{"allow":["GET"]}}],"collection":[{"href":"https:\/\/districos.standingout.be\/fr\/wp-json\/wp\/v2\/product"}],"about":[{"href":"https:\/\/districos.standingout.be\/fr\/wp-json\/wp\/v2\/types\/product"}],"replies":[{"embeddable":true,"href":"https:\/\/districos.standingout.be\/fr\/wp-json\/wp\/v2\/comments?post=138954"}],"wp:featuredmedia":[{"embeddable":true,"href":"https:\/\/districos.standingout.be\/fr\/wp-json\/wp\/v2\/media\/82643"}],"wp:attachment":[{"href":"https:\/\/districos.standingout.be\/fr\/wp-json\/wp\/v2\/media?parent=138954"}],"wp:term":[{"taxonomy":"product_brand","embeddable":true,"href":"https:\/\/districos.standingout.be\/fr\/wp-json\/wp\/v2\/product_brand?post=138954"},{"taxonomy":"product_cat","embeddable":true,"href":"https:\/\/districos.standingout.be\/fr\/wp-json\/wp\/v2\/product_cat?post=138954"},{"taxonomy":"product_tag","embeddable":true,"href":"https:\/\/districos.standingout.be\/fr\/wp-json\/wp\/v2\/product_tag?post=138954"}],"curies":[{"name":"wp","href":"https:\/\/api.w.org\/{rel}","templated":true}]}}