{"id":138964,"date":"2026-04-28T12:07:14","date_gmt":"2026-04-28T10:07:14","guid":{"rendered":"https:\/\/webshopdistricoscom.webhosting.be\/product\/housse-stretch-pour-tabouret-dossier-siege-blanc-ref-8615-13\/"},"modified":"2026-04-28T12:07:20","modified_gmt":"2026-04-28T10:07:20","slug":"housse-stretch-pour-tabouret-dossier-siege-blanc-ref-8615-13","status":"publish","type":"product","link":"https:\/\/districos.standingout.be\/fr\/product\/housse-stretch-pour-tabouret-dossier-siege-blanc-ref-8615-13\/","title":{"rendered":"Housse Stretch pour Tabouret Dossier + Si\u00e8ge Blanc"},"content":{"rendered":"<p >\n<p dir=ltr>Housses en coton stretch extensible (un pour le si\u00e8ge, un pour le dossier du tabouret), de couleur blanche, s\u2019adaptant parfaitement \u00e0 n\u2019importe quelle forme et taille de tabouret. Avec \u00e9lastique.<\/p>\n<p> Diam\u00e8tre : 38 cm (si\u00e8ge) et 35 cm (dossier)<\/p>\n<p> Couleur : blanc<br \/> Mati\u00e8re : 80% coton, 20% polyester<br \/> Emballage : 2 pi\u00e8ces (une housse pour le dossier + une pour le si\u00e8ge)<\/p>\n<p> Disponible en deux couleurs : blanc (R\u00e9f. 8615.13) et vanille (R\u00e9f. 8615.16) <\/p>\n<p> Housse Stretch Tabouret pour Si\u00e8ge &amp; Dossier Blanche, 8615.13<\/p><\/p>\n","protected":false},"excerpt":{"rendered":"<p>Housses en coton stretch extensible (un pour le si\u00e8ge, un pour le dossier du tabouret), de couleur blanche, s\u2019adaptant parfaitement \u00e0 n\u2019importe quelle forme et taille de tabouret. Avec \u00e9lastique. Diam\u00e8tre : 38 cm (si\u00e8ge) et 35 cm (dossier) Couleur : blanc Mati\u00e8re : 80% coton, 20% polyester Emballage : 2 pi\u00e8ces (une housse pour [&hellip;]<\/p>\n","protected":false},"featured_media":82661,"comment_status":"open","ping_status":"closed","template":"","meta":{"_acf_changed":false},"product_brand":[10436],"product_cat":[9960,10214,10144,10134,9964],"product_tag":[],"class_list":{"0":"post-138964","1":"product","2":"type-product","3":"status-publish","4":"has-post-thumbnail","6":"product_brand-hoezen-fr","7":"product_cat-beaute-pedicure-amenagement-du-cabinet","8":"product_cat-fournitures-pour-cabinet-textile-housses-de-protection","9":"product_cat-hygiene-articles-jetables-articles-jetables-housses-de-protection","10":"product_cat-hygiene-articles-jetables-hygiene-protection-protection-de-table","11":"product_cat-beaute-materiel-pratique-textile","13":"first","14":"instock","15":"taxable","16":"shipping-taxable","17":"product-type-simple"},"acf":[],"yoast_head":"<!-- This site is optimized with the Yoast SEO plugin v27.3 - https:\/\/yoast.com\/product\/yoast-seo-wordpress\/ -->\n<title>Housse Stretch pour Tabouret Dossier + Si\u00e8ge Blanc - Districos Webshop<\/title>\n<meta name=\"robots\" content=\"noindex, follow, max-snippet:-1, max-image-preview:large, max-video-preview:-1\" \/>\n<meta property=\"og:locale\" content=\"fr_FR\" \/>\n<meta property=\"og:type\" content=\"article\" \/>\n<meta property=\"og:title\" content=\"Housse Stretch pour Tabouret Dossier + Si\u00e8ge Blanc - Districos Webshop\" \/>\n<meta property=\"og:description\" content=\"Housses en coton stretch extensible (un pour le si\u00e8ge, un pour le dossier du tabouret), de couleur blanche, s\u2019adaptant parfaitement \u00e0 n\u2019importe quelle forme et taille de tabouret. Avec \u00e9lastique. Diam\u00e8tre : 38 cm (si\u00e8ge) et 35 cm (dossier) Couleur : blanc Mati\u00e8re : 80% coton, 20% polyester Emballage : 2 pi\u00e8ces (une housse pour [&hellip;]\" \/>\n<meta property=\"og:url\" content=\"https:\/\/districos.standingout.be\/fr\/product\/housse-stretch-pour-tabouret-dossier-siege-blanc-ref-8615-13\/\" \/>\n<meta property=\"og:site_name\" content=\"Districos Webshop\" \/>\n<meta property=\"article:modified_time\" content=\"2026-04-28T10:07:20+00:00\" \/>\n<meta name=\"twitter:card\" content=\"summary_large_image\" \/>\n<script type=\"application\/ld+json\" class=\"yoast-schema-graph\">{\"@context\":\"https:\\\/\\\/schema.org\",\"@graph\":[{\"@type\":\"WebPage\",\"@id\":\"https:\\\/\\\/districos.standingout.be\\\/fr\\\/product\\\/housse-stretch-pour-tabouret-dossier-siege-blanc-ref-8615-13\\\/\",\"url\":\"https:\\\/\\\/districos.standingout.be\\\/fr\\\/product\\\/housse-stretch-pour-tabouret-dossier-siege-blanc-ref-8615-13\\\/\",\"name\":\"Housse Stretch pour Tabouret Dossier + Si\u00e8ge Blanc - Districos Webshop\",\"isPartOf\":{\"@id\":\"https:\\\/\\\/districos.standingout.be\\\/fr\\\/#website\"},\"primaryImageOfPage\":{\"@id\":\"https:\\\/\\\/districos.standingout.be\\\/fr\\\/product\\\/housse-stretch-pour-tabouret-dossier-siege-blanc-ref-8615-13\\\/#primaryimage\"},\"image\":{\"@id\":\"https:\\\/\\\/districos.standingout.be\\\/fr\\\/product\\\/housse-stretch-pour-tabouret-dossier-siege-blanc-ref-8615-13\\\/#primaryimage\"},\"thumbnailUrl\":\"https:\\\/\\\/districos.standingout.be\\\/wp-content\\\/uploads\\\/2025\\\/07\\\/8615.13@LowRes_1.png\",\"datePublished\":\"2026-04-28T10:07:14+00:00\",\"dateModified\":\"2026-04-28T10:07:20+00:00\",\"breadcrumb\":{\"@id\":\"https:\\\/\\\/districos.standingout.be\\\/fr\\\/product\\\/housse-stretch-pour-tabouret-dossier-siege-blanc-ref-8615-13\\\/#breadcrumb\"},\"inLanguage\":\"fr-FR\",\"potentialAction\":[{\"@type\":\"ReadAction\",\"target\":[\"https:\\\/\\\/districos.standingout.be\\\/fr\\\/product\\\/housse-stretch-pour-tabouret-dossier-siege-blanc-ref-8615-13\\\/\"]}]},{\"@type\":\"ImageObject\",\"inLanguage\":\"fr-FR\",\"@id\":\"https:\\\/\\\/districos.standingout.be\\\/fr\\\/product\\\/housse-stretch-pour-tabouret-dossier-siege-blanc-ref-8615-13\\\/#primaryimage\",\"url\":\"https:\\\/\\\/districos.standingout.be\\\/wp-content\\\/uploads\\\/2025\\\/07\\\/8615.13@LowRes_1.png\",\"contentUrl\":\"https:\\\/\\\/districos.standingout.be\\\/wp-content\\\/uploads\\\/2025\\\/07\\\/8615.13@LowRes_1.png\",\"width\":600,\"height\":600},{\"@type\":\"BreadcrumbList\",\"@id\":\"https:\\\/\\\/districos.standingout.be\\\/fr\\\/product\\\/housse-stretch-pour-tabouret-dossier-siege-blanc-ref-8615-13\\\/#breadcrumb\",\"itemListElement\":[{\"@type\":\"ListItem\",\"position\":1,\"name\":\"Home\",\"item\":\"https:\\\/\\\/districos.standingout.be\\\/fr\\\/bienvenue-chez-districos\\\/\"},{\"@type\":\"ListItem\",\"position\":2,\"name\":\"Boutique\",\"item\":\"https:\\\/\\\/districos.standingout.be\\\/fr\\\/boutique\\\/\"},{\"@type\":\"ListItem\",\"position\":3,\"name\":\"Housse Stretch pour Tabouret Dossier + Si\u00e8ge Blanc\"}]},{\"@type\":\"WebSite\",\"@id\":\"https:\\\/\\\/districos.standingout.be\\\/fr\\\/#website\",\"url\":\"https:\\\/\\\/districos.standingout.be\\\/fr\\\/\",\"name\":\"Districos Webshop\",\"description\":\"\",\"publisher\":{\"@id\":\"https:\\\/\\\/districos.standingout.be\\\/fr\\\/#organization\"},\"potentialAction\":[{\"@type\":\"SearchAction\",\"target\":{\"@type\":\"EntryPoint\",\"urlTemplate\":\"https:\\\/\\\/districos.standingout.be\\\/fr\\\/?s={search_term_string}\"},\"query-input\":{\"@type\":\"PropertyValueSpecification\",\"valueRequired\":true,\"valueName\":\"search_term_string\"}}],\"inLanguage\":\"fr-FR\"},{\"@type\":\"Organization\",\"@id\":\"https:\\\/\\\/districos.standingout.be\\\/fr\\\/#organization\",\"name\":\"Districos Webshop\",\"url\":\"https:\\\/\\\/districos.standingout.be\\\/fr\\\/\",\"logo\":{\"@type\":\"ImageObject\",\"inLanguage\":\"fr-FR\",\"@id\":\"https:\\\/\\\/districos.standingout.be\\\/fr\\\/#\\\/schema\\\/logo\\\/image\\\/\",\"url\":\"https:\\\/\\\/districos.standingout.be\\\/wp-content\\\/uploads\\\/2022\\\/09\\\/Districos_Logo_Webshop.svg\",\"contentUrl\":\"https:\\\/\\\/districos.standingout.be\\\/wp-content\\\/uploads\\\/2022\\\/09\\\/Districos_Logo_Webshop.svg\",\"caption\":\"Districos Webshop\"},\"image\":{\"@id\":\"https:\\\/\\\/districos.standingout.be\\\/fr\\\/#\\\/schema\\\/logo\\\/image\\\/\"}}]}<\/script>\n<!-- \/ Yoast SEO plugin. -->","yoast_head_json":{"title":"Housse Stretch pour Tabouret Dossier + Si\u00e8ge Blanc - Districos Webshop","robots":{"index":"noindex","follow":"follow","max-snippet":"max-snippet:-1","max-image-preview":"max-image-preview:large","max-video-preview":"max-video-preview:-1"},"og_locale":"fr_FR","og_type":"article","og_title":"Housse Stretch pour Tabouret Dossier + Si\u00e8ge Blanc - Districos Webshop","og_description":"Housses en coton stretch extensible (un pour le si\u00e8ge, un pour le dossier du tabouret), de couleur blanche, s\u2019adaptant parfaitement \u00e0 n\u2019importe quelle forme et taille de tabouret. Avec \u00e9lastique. Diam\u00e8tre : 38 cm (si\u00e8ge) et 35 cm (dossier) Couleur : blanc Mati\u00e8re : 80% coton, 20% polyester Emballage : 2 pi\u00e8ces (une housse pour [&hellip;]","og_url":"https:\/\/districos.standingout.be\/fr\/product\/housse-stretch-pour-tabouret-dossier-siege-blanc-ref-8615-13\/","og_site_name":"Districos Webshop","article_modified_time":"2026-04-28T10:07:20+00:00","twitter_card":"summary_large_image","schema":{"@context":"https:\/\/schema.org","@graph":[{"@type":"WebPage","@id":"https:\/\/districos.standingout.be\/fr\/product\/housse-stretch-pour-tabouret-dossier-siege-blanc-ref-8615-13\/","url":"https:\/\/districos.standingout.be\/fr\/product\/housse-stretch-pour-tabouret-dossier-siege-blanc-ref-8615-13\/","name":"Housse Stretch pour Tabouret Dossier + Si\u00e8ge Blanc - Districos Webshop","isPartOf":{"@id":"https:\/\/districos.standingout.be\/fr\/#website"},"primaryImageOfPage":{"@id":"https:\/\/districos.standingout.be\/fr\/product\/housse-stretch-pour-tabouret-dossier-siege-blanc-ref-8615-13\/#primaryimage"},"image":{"@id":"https:\/\/districos.standingout.be\/fr\/product\/housse-stretch-pour-tabouret-dossier-siege-blanc-ref-8615-13\/#primaryimage"},"thumbnailUrl":"https:\/\/districos.standingout.be\/wp-content\/uploads\/2025\/07\/8615.13@LowRes_1.png","datePublished":"2026-04-28T10:07:14+00:00","dateModified":"2026-04-28T10:07:20+00:00","breadcrumb":{"@id":"https:\/\/districos.standingout.be\/fr\/product\/housse-stretch-pour-tabouret-dossier-siege-blanc-ref-8615-13\/#breadcrumb"},"inLanguage":"fr-FR","potentialAction":[{"@type":"ReadAction","target":["https:\/\/districos.standingout.be\/fr\/product\/housse-stretch-pour-tabouret-dossier-siege-blanc-ref-8615-13\/"]}]},{"@type":"ImageObject","inLanguage":"fr-FR","@id":"https:\/\/districos.standingout.be\/fr\/product\/housse-stretch-pour-tabouret-dossier-siege-blanc-ref-8615-13\/#primaryimage","url":"https:\/\/districos.standingout.be\/wp-content\/uploads\/2025\/07\/8615.13@LowRes_1.png","contentUrl":"https:\/\/districos.standingout.be\/wp-content\/uploads\/2025\/07\/8615.13@LowRes_1.png","width":600,"height":600},{"@type":"BreadcrumbList","@id":"https:\/\/districos.standingout.be\/fr\/product\/housse-stretch-pour-tabouret-dossier-siege-blanc-ref-8615-13\/#breadcrumb","itemListElement":[{"@type":"ListItem","position":1,"name":"Home","item":"https:\/\/districos.standingout.be\/fr\/bienvenue-chez-districos\/"},{"@type":"ListItem","position":2,"name":"Boutique","item":"https:\/\/districos.standingout.be\/fr\/boutique\/"},{"@type":"ListItem","position":3,"name":"Housse Stretch pour Tabouret Dossier + Si\u00e8ge Blanc"}]},{"@type":"WebSite","@id":"https:\/\/districos.standingout.be\/fr\/#website","url":"https:\/\/districos.standingout.be\/fr\/","name":"Districos Webshop","description":"","publisher":{"@id":"https:\/\/districos.standingout.be\/fr\/#organization"},"potentialAction":[{"@type":"SearchAction","target":{"@type":"EntryPoint","urlTemplate":"https:\/\/districos.standingout.be\/fr\/?s={search_term_string}"},"query-input":{"@type":"PropertyValueSpecification","valueRequired":true,"valueName":"search_term_string"}}],"inLanguage":"fr-FR"},{"@type":"Organization","@id":"https:\/\/districos.standingout.be\/fr\/#organization","name":"Districos Webshop","url":"https:\/\/districos.standingout.be\/fr\/","logo":{"@type":"ImageObject","inLanguage":"fr-FR","@id":"https:\/\/districos.standingout.be\/fr\/#\/schema\/logo\/image\/","url":"https:\/\/districos.standingout.be\/wp-content\/uploads\/2022\/09\/Districos_Logo_Webshop.svg","contentUrl":"https:\/\/districos.standingout.be\/wp-content\/uploads\/2022\/09\/Districos_Logo_Webshop.svg","caption":"Districos Webshop"},"image":{"@id":"https:\/\/districos.standingout.be\/fr\/#\/schema\/logo\/image\/"}}]}},"_links":{"self":[{"href":"https:\/\/districos.standingout.be\/fr\/wp-json\/wp\/v2\/product\/138964","targetHints":{"allow":["GET"]}}],"collection":[{"href":"https:\/\/districos.standingout.be\/fr\/wp-json\/wp\/v2\/product"}],"about":[{"href":"https:\/\/districos.standingout.be\/fr\/wp-json\/wp\/v2\/types\/product"}],"replies":[{"embeddable":true,"href":"https:\/\/districos.standingout.be\/fr\/wp-json\/wp\/v2\/comments?post=138964"}],"wp:featuredmedia":[{"embeddable":true,"href":"https:\/\/districos.standingout.be\/fr\/wp-json\/wp\/v2\/media\/82661"}],"wp:attachment":[{"href":"https:\/\/districos.standingout.be\/fr\/wp-json\/wp\/v2\/media?parent=138964"}],"wp:term":[{"taxonomy":"product_brand","embeddable":true,"href":"https:\/\/districos.standingout.be\/fr\/wp-json\/wp\/v2\/product_brand?post=138964"},{"taxonomy":"product_cat","embeddable":true,"href":"https:\/\/districos.standingout.be\/fr\/wp-json\/wp\/v2\/product_cat?post=138964"},{"taxonomy":"product_tag","embeddable":true,"href":"https:\/\/districos.standingout.be\/fr\/wp-json\/wp\/v2\/product_tag?post=138964"}],"curies":[{"name":"wp","href":"https:\/\/api.w.org\/{rel}","templated":true}]}}