{"id":139016,"date":"2026-04-28T12:08:34","date_gmt":"2026-04-28T10:08:34","guid":{"rendered":"https:\/\/webshopdistricoscom.webhosting.be\/product\/housse-stretch-pour-rouleau-massage-textile-blanc-ref-8615-32\/"},"modified":"2026-04-28T12:08:37","modified_gmt":"2026-04-28T10:08:37","slug":"housse-stretch-pour-rouleau-massage-textile-blanc-ref-8615-32","status":"publish","type":"product","link":"https:\/\/districos.standingout.be\/fr\/product\/housse-stretch-pour-rouleau-massage-textile-blanc-ref-8615-32\/","title":{"rendered":"Housse Stretch pour Rouleau Massage Textile Blanc"},"content":{"rendered":"<p >\n<p dir=ltr>Housse de protection pour rouleau de massage avec lacets de serrage (R\u00e9f. : 8615.31).<\/p>\n<p> Taille : appropri\u00e9 pour rouleau de massage 50 x 15 cm (R\u00e9f. : 8615.31)<\/p>\n<p> Couleur : blanc<br \/> Mati\u00e8re : 80% coton, 20% polyester<br \/> Emballage : 1 pi\u00e8ce<\/p>\n<p> Disponible en deux couleurs : blanc (R\u00e9f. : 8615.32) et vanille (R\u00e9f. : 8615.33) <\/p>\n<p> Housse Stretch pour Rouleau Massage Textile Blanche, 8615.32<\/p><\/p>\n","protected":false},"excerpt":{"rendered":"<p>Housse de protection pour rouleau de massage avec lacets de serrage (R\u00e9f. : 8615.31). Taille : appropri\u00e9 pour rouleau de massage 50 x 15 cm (R\u00e9f. : 8615.31) Couleur : blanc Mati\u00e8re : 80% coton, 20% polyester Emballage : 1 pi\u00e8ce Disponible en deux couleurs : blanc (R\u00e9f. : 8615.32) et vanille (R\u00e9f. : 8615.33) [&hellip;]<\/p>\n","protected":false},"featured_media":82715,"comment_status":"open","ping_status":"closed","template":"","meta":{"_acf_changed":false},"product_brand":[10380],"product_cat":[10134,9964],"product_tag":[],"class_list":{"0":"post-139016","1":"product","2":"type-product","3":"status-publish","4":"has-post-thumbnail","6":"product_brand-districos-fr","7":"product_cat-hygiene-articles-jetables-hygiene-protection-protection-de-table","8":"product_cat-beaute-materiel-pratique-textile","10":"first","11":"instock","12":"taxable","13":"shipping-taxable","14":"product-type-simple"},"acf":[],"yoast_head":"<!-- This site is optimized with the Yoast SEO plugin v27.3 - https:\/\/yoast.com\/product\/yoast-seo-wordpress\/ -->\n<title>Housse Stretch pour Rouleau Massage Textile Blanc - Districos Webshop<\/title>\n<meta name=\"robots\" content=\"noindex, follow, max-snippet:-1, max-image-preview:large, max-video-preview:-1\" \/>\n<meta property=\"og:locale\" content=\"fr_FR\" \/>\n<meta property=\"og:type\" content=\"article\" \/>\n<meta property=\"og:title\" content=\"Housse Stretch pour Rouleau Massage Textile Blanc - Districos Webshop\" \/>\n<meta property=\"og:description\" content=\"Housse de protection pour rouleau de massage avec lacets de serrage (R\u00e9f. : 8615.31). Taille : appropri\u00e9 pour rouleau de massage 50 x 15 cm (R\u00e9f. : 8615.31) Couleur : blanc Mati\u00e8re : 80% coton, 20% polyester Emballage : 1 pi\u00e8ce Disponible en deux couleurs : blanc (R\u00e9f. : 8615.32) et vanille (R\u00e9f. : 8615.33) [&hellip;]\" \/>\n<meta property=\"og:url\" content=\"https:\/\/districos.standingout.be\/fr\/product\/housse-stretch-pour-rouleau-massage-textile-blanc-ref-8615-32\/\" \/>\n<meta property=\"og:site_name\" content=\"Districos Webshop\" \/>\n<meta property=\"article:modified_time\" content=\"2026-04-28T10:08:37+00:00\" \/>\n<meta name=\"twitter:card\" content=\"summary_large_image\" \/>\n<script type=\"application\/ld+json\" class=\"yoast-schema-graph\">{\"@context\":\"https:\\\/\\\/schema.org\",\"@graph\":[{\"@type\":\"WebPage\",\"@id\":\"https:\\\/\\\/districos.standingout.be\\\/fr\\\/product\\\/housse-stretch-pour-rouleau-massage-textile-blanc-ref-8615-32\\\/\",\"url\":\"https:\\\/\\\/districos.standingout.be\\\/fr\\\/product\\\/housse-stretch-pour-rouleau-massage-textile-blanc-ref-8615-32\\\/\",\"name\":\"Housse Stretch pour Rouleau Massage Textile Blanc - Districos Webshop\",\"isPartOf\":{\"@id\":\"https:\\\/\\\/districos.standingout.be\\\/fr\\\/#website\"},\"primaryImageOfPage\":{\"@id\":\"https:\\\/\\\/districos.standingout.be\\\/fr\\\/product\\\/housse-stretch-pour-rouleau-massage-textile-blanc-ref-8615-32\\\/#primaryimage\"},\"image\":{\"@id\":\"https:\\\/\\\/districos.standingout.be\\\/fr\\\/product\\\/housse-stretch-pour-rouleau-massage-textile-blanc-ref-8615-32\\\/#primaryimage\"},\"thumbnailUrl\":\"https:\\\/\\\/districos.standingout.be\\\/wp-content\\\/uploads\\\/2025\\\/07\\\/8615.32@HighRes_0_99.png\",\"datePublished\":\"2026-04-28T10:08:34+00:00\",\"dateModified\":\"2026-04-28T10:08:37+00:00\",\"breadcrumb\":{\"@id\":\"https:\\\/\\\/districos.standingout.be\\\/fr\\\/product\\\/housse-stretch-pour-rouleau-massage-textile-blanc-ref-8615-32\\\/#breadcrumb\"},\"inLanguage\":\"fr-FR\",\"potentialAction\":[{\"@type\":\"ReadAction\",\"target\":[\"https:\\\/\\\/districos.standingout.be\\\/fr\\\/product\\\/housse-stretch-pour-rouleau-massage-textile-blanc-ref-8615-32\\\/\"]}]},{\"@type\":\"ImageObject\",\"inLanguage\":\"fr-FR\",\"@id\":\"https:\\\/\\\/districos.standingout.be\\\/fr\\\/product\\\/housse-stretch-pour-rouleau-massage-textile-blanc-ref-8615-32\\\/#primaryimage\",\"url\":\"https:\\\/\\\/districos.standingout.be\\\/wp-content\\\/uploads\\\/2025\\\/07\\\/8615.32@HighRes_0_99.png\",\"contentUrl\":\"https:\\\/\\\/districos.standingout.be\\\/wp-content\\\/uploads\\\/2025\\\/07\\\/8615.32@HighRes_0_99.png\",\"width\":600,\"height\":600},{\"@type\":\"BreadcrumbList\",\"@id\":\"https:\\\/\\\/districos.standingout.be\\\/fr\\\/product\\\/housse-stretch-pour-rouleau-massage-textile-blanc-ref-8615-32\\\/#breadcrumb\",\"itemListElement\":[{\"@type\":\"ListItem\",\"position\":1,\"name\":\"Home\",\"item\":\"https:\\\/\\\/districos.standingout.be\\\/fr\\\/bienvenue-chez-districos\\\/\"},{\"@type\":\"ListItem\",\"position\":2,\"name\":\"Boutique\",\"item\":\"https:\\\/\\\/districos.standingout.be\\\/fr\\\/boutique\\\/\"},{\"@type\":\"ListItem\",\"position\":3,\"name\":\"Housse Stretch pour Rouleau Massage Textile Blanc\"}]},{\"@type\":\"WebSite\",\"@id\":\"https:\\\/\\\/districos.standingout.be\\\/fr\\\/#website\",\"url\":\"https:\\\/\\\/districos.standingout.be\\\/fr\\\/\",\"name\":\"Districos Webshop\",\"description\":\"\",\"publisher\":{\"@id\":\"https:\\\/\\\/districos.standingout.be\\\/fr\\\/#organization\"},\"potentialAction\":[{\"@type\":\"SearchAction\",\"target\":{\"@type\":\"EntryPoint\",\"urlTemplate\":\"https:\\\/\\\/districos.standingout.be\\\/fr\\\/?s={search_term_string}\"},\"query-input\":{\"@type\":\"PropertyValueSpecification\",\"valueRequired\":true,\"valueName\":\"search_term_string\"}}],\"inLanguage\":\"fr-FR\"},{\"@type\":\"Organization\",\"@id\":\"https:\\\/\\\/districos.standingout.be\\\/fr\\\/#organization\",\"name\":\"Districos Webshop\",\"url\":\"https:\\\/\\\/districos.standingout.be\\\/fr\\\/\",\"logo\":{\"@type\":\"ImageObject\",\"inLanguage\":\"fr-FR\",\"@id\":\"https:\\\/\\\/districos.standingout.be\\\/fr\\\/#\\\/schema\\\/logo\\\/image\\\/\",\"url\":\"https:\\\/\\\/districos.standingout.be\\\/wp-content\\\/uploads\\\/2022\\\/09\\\/Districos_Logo_Webshop.svg\",\"contentUrl\":\"https:\\\/\\\/districos.standingout.be\\\/wp-content\\\/uploads\\\/2022\\\/09\\\/Districos_Logo_Webshop.svg\",\"caption\":\"Districos Webshop\"},\"image\":{\"@id\":\"https:\\\/\\\/districos.standingout.be\\\/fr\\\/#\\\/schema\\\/logo\\\/image\\\/\"}}]}<\/script>\n<!-- \/ Yoast SEO plugin. -->","yoast_head_json":{"title":"Housse Stretch pour Rouleau Massage Textile Blanc - Districos Webshop","robots":{"index":"noindex","follow":"follow","max-snippet":"max-snippet:-1","max-image-preview":"max-image-preview:large","max-video-preview":"max-video-preview:-1"},"og_locale":"fr_FR","og_type":"article","og_title":"Housse Stretch pour Rouleau Massage Textile Blanc - Districos Webshop","og_description":"Housse de protection pour rouleau de massage avec lacets de serrage (R\u00e9f. : 8615.31). Taille : appropri\u00e9 pour rouleau de massage 50 x 15 cm (R\u00e9f. : 8615.31) Couleur : blanc Mati\u00e8re : 80% coton, 20% polyester Emballage : 1 pi\u00e8ce Disponible en deux couleurs : blanc (R\u00e9f. : 8615.32) et vanille (R\u00e9f. : 8615.33) [&hellip;]","og_url":"https:\/\/districos.standingout.be\/fr\/product\/housse-stretch-pour-rouleau-massage-textile-blanc-ref-8615-32\/","og_site_name":"Districos Webshop","article_modified_time":"2026-04-28T10:08:37+00:00","twitter_card":"summary_large_image","schema":{"@context":"https:\/\/schema.org","@graph":[{"@type":"WebPage","@id":"https:\/\/districos.standingout.be\/fr\/product\/housse-stretch-pour-rouleau-massage-textile-blanc-ref-8615-32\/","url":"https:\/\/districos.standingout.be\/fr\/product\/housse-stretch-pour-rouleau-massage-textile-blanc-ref-8615-32\/","name":"Housse Stretch pour Rouleau Massage Textile Blanc - Districos Webshop","isPartOf":{"@id":"https:\/\/districos.standingout.be\/fr\/#website"},"primaryImageOfPage":{"@id":"https:\/\/districos.standingout.be\/fr\/product\/housse-stretch-pour-rouleau-massage-textile-blanc-ref-8615-32\/#primaryimage"},"image":{"@id":"https:\/\/districos.standingout.be\/fr\/product\/housse-stretch-pour-rouleau-massage-textile-blanc-ref-8615-32\/#primaryimage"},"thumbnailUrl":"https:\/\/districos.standingout.be\/wp-content\/uploads\/2025\/07\/8615.32@HighRes_0_99.png","datePublished":"2026-04-28T10:08:34+00:00","dateModified":"2026-04-28T10:08:37+00:00","breadcrumb":{"@id":"https:\/\/districos.standingout.be\/fr\/product\/housse-stretch-pour-rouleau-massage-textile-blanc-ref-8615-32\/#breadcrumb"},"inLanguage":"fr-FR","potentialAction":[{"@type":"ReadAction","target":["https:\/\/districos.standingout.be\/fr\/product\/housse-stretch-pour-rouleau-massage-textile-blanc-ref-8615-32\/"]}]},{"@type":"ImageObject","inLanguage":"fr-FR","@id":"https:\/\/districos.standingout.be\/fr\/product\/housse-stretch-pour-rouleau-massage-textile-blanc-ref-8615-32\/#primaryimage","url":"https:\/\/districos.standingout.be\/wp-content\/uploads\/2025\/07\/8615.32@HighRes_0_99.png","contentUrl":"https:\/\/districos.standingout.be\/wp-content\/uploads\/2025\/07\/8615.32@HighRes_0_99.png","width":600,"height":600},{"@type":"BreadcrumbList","@id":"https:\/\/districos.standingout.be\/fr\/product\/housse-stretch-pour-rouleau-massage-textile-blanc-ref-8615-32\/#breadcrumb","itemListElement":[{"@type":"ListItem","position":1,"name":"Home","item":"https:\/\/districos.standingout.be\/fr\/bienvenue-chez-districos\/"},{"@type":"ListItem","position":2,"name":"Boutique","item":"https:\/\/districos.standingout.be\/fr\/boutique\/"},{"@type":"ListItem","position":3,"name":"Housse Stretch pour Rouleau Massage Textile Blanc"}]},{"@type":"WebSite","@id":"https:\/\/districos.standingout.be\/fr\/#website","url":"https:\/\/districos.standingout.be\/fr\/","name":"Districos Webshop","description":"","publisher":{"@id":"https:\/\/districos.standingout.be\/fr\/#organization"},"potentialAction":[{"@type":"SearchAction","target":{"@type":"EntryPoint","urlTemplate":"https:\/\/districos.standingout.be\/fr\/?s={search_term_string}"},"query-input":{"@type":"PropertyValueSpecification","valueRequired":true,"valueName":"search_term_string"}}],"inLanguage":"fr-FR"},{"@type":"Organization","@id":"https:\/\/districos.standingout.be\/fr\/#organization","name":"Districos Webshop","url":"https:\/\/districos.standingout.be\/fr\/","logo":{"@type":"ImageObject","inLanguage":"fr-FR","@id":"https:\/\/districos.standingout.be\/fr\/#\/schema\/logo\/image\/","url":"https:\/\/districos.standingout.be\/wp-content\/uploads\/2022\/09\/Districos_Logo_Webshop.svg","contentUrl":"https:\/\/districos.standingout.be\/wp-content\/uploads\/2022\/09\/Districos_Logo_Webshop.svg","caption":"Districos Webshop"},"image":{"@id":"https:\/\/districos.standingout.be\/fr\/#\/schema\/logo\/image\/"}}]}},"_links":{"self":[{"href":"https:\/\/districos.standingout.be\/fr\/wp-json\/wp\/v2\/product\/139016","targetHints":{"allow":["GET"]}}],"collection":[{"href":"https:\/\/districos.standingout.be\/fr\/wp-json\/wp\/v2\/product"}],"about":[{"href":"https:\/\/districos.standingout.be\/fr\/wp-json\/wp\/v2\/types\/product"}],"replies":[{"embeddable":true,"href":"https:\/\/districos.standingout.be\/fr\/wp-json\/wp\/v2\/comments?post=139016"}],"wp:featuredmedia":[{"embeddable":true,"href":"https:\/\/districos.standingout.be\/fr\/wp-json\/wp\/v2\/media\/82715"}],"wp:attachment":[{"href":"https:\/\/districos.standingout.be\/fr\/wp-json\/wp\/v2\/media?parent=139016"}],"wp:term":[{"taxonomy":"product_brand","embeddable":true,"href":"https:\/\/districos.standingout.be\/fr\/wp-json\/wp\/v2\/product_brand?post=139016"},{"taxonomy":"product_cat","embeddable":true,"href":"https:\/\/districos.standingout.be\/fr\/wp-json\/wp\/v2\/product_cat?post=139016"},{"taxonomy":"product_tag","embeddable":true,"href":"https:\/\/districos.standingout.be\/fr\/wp-json\/wp\/v2\/product_tag?post=139016"}],"curies":[{"name":"wp","href":"https:\/\/api.w.org\/{rel}","templated":true}]}}